{"id":189856,"date":"2022-10-08T20:38:02","date_gmt":"2022-10-08T18:38:02","guid":{"rendered":"https:\/\/insektenliebe.com\/shop\/produkt\/ciclocosmia-ricketti\/"},"modified":"2022-10-08T20:38:02","modified_gmt":"2022-10-08T18:38:02","slug":"ciclocosmia-ricketti","status":"publish","type":"product","link":"https:\/\/insektenliebe.com\/it\/shop\/prodotto\/ciclocosmia-ricketti\/","title":{"rendered":"Ciclocosmia ricketti"},"content":{"rendered":"<h3>Media<\/h3>\n<h3>Cina<\/h3>\n<h3>6-8 CM<\/h3>\n<h3>22-28 \u00b0C<\/h3>\n<h3><span style=\"color: #99cc33\">Breve descrizione Ciclocosmia ricketti:<\/span><\/h3>\n<div>La <strong>Cyclocosmia ricketti<\/strong> \u00e8 un ragno botola proveniente dalla Cina. L&#8217;addome tronco con il disegno lo rende un ragno molto speciale. Queste rarit\u00e0 vanno tenute in un terrario con un substrato alto almeno 20 cm. Puoi fare un buco in anticipo con l&#8217;indice e posizionare l&#8217;animale nelle vicinanze. Spesso accetta la tana e continua a decorarla. Ama decorare la sua tana con materiali circostanti come foglie o muschio. In questo modo la sua tana si fonde perfettamente con il paesaggio circostante e si mimetizza bene. In caso di pericolo, chiude la tana con l&#8217;addome, che \u00e8 indurito nella parte superiore e offre una buona protezione.        <\/div>\n<div><\/div>\n<div>La cosa migliore \u00e8 offrirgli un substrato composto da humus forestale e sabbia scavabile in rapporto 4:1. Questa miscela conferisce alla tana la stabilit\u00e0 necessaria e assorbe bene l&#8217;umidit\u00e0. <\/div>\n<div>Il terrario deve avere una superficie di base di almeno 20 \u00d7 30 cm. L&#8217;altezza non \u00e8 importante. Naturalmente deve essere fornita una ciotola per l&#8217;acqua. L&#8217;umidit\u00e0 deve essere compresa tra il 70 e l&#8217;80% per la <strong>Cyclocosmia ricketti<\/strong>.    <\/div>\n<p><strong>Dimensioni attuali:<br \/>\n<\/strong>Femmine adulte<\/p>\n<p><strong style=\"color: #99cc33;font-size: 20.16px\">Prodotti per <\/strong><strong><span style=\"color: #99cc33;font-size: 20.16px\">Ciclocosmia ricketti<\/span><\/strong><strong style=\"color: #99cc33;font-size: 20.16px\">!<\/strong><\/p>\n<p><img decoding=\"async\" src=\"https:\/\/insektenliebe.com\/wp-content\/uploads\/2022\/10\/Cyclocosmia-spec..jpg\" alt=\"Ciclocosmia ricketti\"><\/p>\n<p><img decoding=\"async\" src=\"https:\/\/insektenliebe.com\/wp-content\/uploads\/2022\/10\/Cyclocosmia-spec.-Seitenansicht.jpg\" alt=\"Ciclocosmia ricketti vista laterale\"><\/p>\n","protected":false},"excerpt":{"rendered":"<p>Uno dei pi\u00f9 bizzarri ragni botola con cupole a timbro!<\/p>\n","protected":false},"featured_media":189857,"template":"","meta":{"_acf_changed":false},"product-supplier":[],"product_brand":[],"product_cat":[2999,2809],"product_tag":[],"lce-checkout-addons":[2746],"class_list":{"0":"post-189856","1":"product","2":"type-product","3":"status-publish","4":"has-post-thumbnail","6":"product_cat-altri-ragni","7":"product_cat-ragni","8":"product_shipping_class-spedizione-di-animali","9":"lce-checkout-addons-imballaggio-invernale","11":"first","12":"outofstock","13":"taxable","14":"shipping-taxable","15":"purchasable","16":"product-type-simple"},"acf":[],"yoast_head":"<!-- This site is optimized with the Yoast SEO plugin v27.3 - https:\/\/yoast.com\/product\/yoast-seo-wordpress\/ -->\n<title>Ciclocosmia ricketti - Insektenliebe<\/title>\n<meta name=\"description\" content=\"Acquista a buon mercato Cyclocosmia ricketti direttamente online! Uno dei ragni botola pi\u00f9 bizzarri con addomi pistillati. Rarit\u00e0!\" \/>\n<meta name=\"robots\" content=\"index, follow, max-snippet:-1, max-image-preview:large, max-video-preview:-1\" \/>\n<link rel=\"canonical\" href=\"https:\/\/insektenliebe.com\/it\/shop\/prodotto\/ciclocosmia-ricketti\/\" \/>\n<meta property=\"og:locale\" content=\"it_IT\" \/>\n<meta property=\"og:type\" content=\"article\" \/>\n<meta property=\"og:title\" content=\"Ciclocosmia ricketti - Insektenliebe\" \/>\n<meta property=\"og:description\" content=\"Acquista a buon mercato Cyclocosmia ricketti direttamente online! Uno dei ragni botola pi\u00f9 bizzarri con addomi pistillati. Rarit\u00e0!\" \/>\n<meta property=\"og:url\" content=\"https:\/\/insektenliebe.com\/it\/shop\/prodotto\/ciclocosmia-ricketti\/\" \/>\n<meta property=\"og:site_name\" content=\"Insektenliebe\" \/>\n<meta property=\"og:image\" content=\"https:\/\/insektenliebe.com\/wp-content\/uploads\/2025\/05\/Cyclocosmia-spec.-Hinteransicht-scaled-3.jpg\" \/>\n\t<meta property=\"og:image:width\" content=\"2560\" \/>\n\t<meta property=\"og:image:height\" content=\"2560\" \/>\n\t<meta property=\"og:image:type\" content=\"image\/jpeg\" \/>\n<meta name=\"twitter:card\" content=\"summary_large_image\" \/>\n<meta name=\"twitter:label1\" content=\"Tempo di lettura stimato\" \/>\n\t<meta name=\"twitter:data1\" content=\"1 minuto\" \/>\n<script type=\"application\/ld+json\" class=\"yoast-schema-graph\">{\"@context\":\"https:\\\/\\\/schema.org\",\"@graph\":[{\"@type\":\"WebPage\",\"@id\":\"https:\\\/\\\/insektenliebe.com\\\/it\\\/shop\\\/prodotto\\\/ciclocosmia-ricketti\\\/\",\"url\":\"https:\\\/\\\/insektenliebe.com\\\/it\\\/shop\\\/prodotto\\\/ciclocosmia-ricketti\\\/\",\"name\":\"Ciclocosmia ricketti - Insektenliebe\",\"isPartOf\":{\"@id\":\"https:\\\/\\\/insektenliebe.com\\\/it\\\/#website\"},\"primaryImageOfPage\":{\"@id\":\"https:\\\/\\\/insektenliebe.com\\\/it\\\/shop\\\/prodotto\\\/ciclocosmia-ricketti\\\/#primaryimage\"},\"image\":{\"@id\":\"https:\\\/\\\/insektenliebe.com\\\/it\\\/shop\\\/prodotto\\\/ciclocosmia-ricketti\\\/#primaryimage\"},\"thumbnailUrl\":\"https:\\\/\\\/insektenliebe.com\\\/wp-content\\\/uploads\\\/2025\\\/05\\\/Cyclocosmia-spec.-Hinteransicht-scaled-3.jpg\",\"datePublished\":\"2022-10-08T18:38:02+00:00\",\"description\":\"Acquista a buon mercato Cyclocosmia ricketti direttamente online! Uno dei ragni botola pi\u00f9 bizzarri con addomi pistillati. Rarit\u00e0!\",\"breadcrumb\":{\"@id\":\"https:\\\/\\\/insektenliebe.com\\\/it\\\/shop\\\/prodotto\\\/ciclocosmia-ricketti\\\/#breadcrumb\"},\"inLanguage\":\"it-IT\",\"potentialAction\":[{\"@type\":\"ReadAction\",\"target\":[\"https:\\\/\\\/insektenliebe.com\\\/it\\\/shop\\\/prodotto\\\/ciclocosmia-ricketti\\\/\"]}]},{\"@type\":\"ImageObject\",\"inLanguage\":\"it-IT\",\"@id\":\"https:\\\/\\\/insektenliebe.com\\\/it\\\/shop\\\/prodotto\\\/ciclocosmia-ricketti\\\/#primaryimage\",\"url\":\"https:\\\/\\\/insektenliebe.com\\\/wp-content\\\/uploads\\\/2025\\\/05\\\/Cyclocosmia-spec.-Hinteransicht-scaled-3.jpg\",\"contentUrl\":\"https:\\\/\\\/insektenliebe.com\\\/wp-content\\\/uploads\\\/2025\\\/05\\\/Cyclocosmia-spec.-Hinteransicht-scaled-3.jpg\",\"width\":2560,\"height\":2560,\"caption\":\"Ciclocosmia-spec.-vista posteriore-scala-3.jpg\"},{\"@type\":\"BreadcrumbList\",\"@id\":\"https:\\\/\\\/insektenliebe.com\\\/it\\\/shop\\\/prodotto\\\/ciclocosmia-ricketti\\\/#breadcrumb\",\"itemListElement\":[{\"@type\":\"ListItem\",\"position\":1,\"name\":\"Startseite\",\"item\":\"https:\\\/\\\/insektenliebe.com\\\/it\\\/\"},{\"@type\":\"ListItem\",\"position\":2,\"name\":\"Negozio\",\"item\":\"https:\\\/\\\/insektenliebe.com\\\/it\\\/negozio\\\/\"},{\"@type\":\"ListItem\",\"position\":3,\"name\":\"Ciclocosmia ricketti\"}]},{\"@type\":\"WebSite\",\"@id\":\"https:\\\/\\\/insektenliebe.com\\\/it\\\/#website\",\"url\":\"https:\\\/\\\/insektenliebe.com\\\/it\\\/\",\"name\":\"Insektenliebe\",\"description\":\"Dein Zuhause f\u00fcr die kleinen Lebewesen\",\"publisher\":{\"@id\":\"https:\\\/\\\/insektenliebe.com\\\/it\\\/#organization\"},\"potentialAction\":[{\"@type\":\"SearchAction\",\"target\":{\"@type\":\"EntryPoint\",\"urlTemplate\":\"https:\\\/\\\/insektenliebe.com\\\/it\\\/?s={search_term_string}\"},\"query-input\":{\"@type\":\"PropertyValueSpecification\",\"valueRequired\":true,\"valueName\":\"search_term_string\"}}],\"inLanguage\":\"it-IT\"},{\"@type\":\"Organization\",\"@id\":\"https:\\\/\\\/insektenliebe.com\\\/it\\\/#organization\",\"name\":\"Insektenliebe\",\"url\":\"https:\\\/\\\/insektenliebe.com\\\/it\\\/\",\"logo\":{\"@type\":\"ImageObject\",\"inLanguage\":\"it-IT\",\"@id\":\"https:\\\/\\\/insektenliebe.com\\\/it\\\/#\\\/schema\\\/logo\\\/image\\\/\",\"url\":\"https:\\\/\\\/insektenliebe.com\\\/wp-content\\\/uploads\\\/2025\\\/03\\\/logo-white.png\",\"contentUrl\":\"https:\\\/\\\/insektenliebe.com\\\/wp-content\\\/uploads\\\/2025\\\/03\\\/logo-white.png\",\"width\":288,\"height\":188,\"caption\":\"Insektenliebe\"},\"image\":{\"@id\":\"https:\\\/\\\/insektenliebe.com\\\/it\\\/#\\\/schema\\\/logo\\\/image\\\/\"}}]}<\/script>\n<!-- \/ Yoast SEO plugin. -->","yoast_head_json":{"title":"Ciclocosmia ricketti - Insektenliebe","description":"Acquista a buon mercato Cyclocosmia ricketti direttamente online! Uno dei ragni botola pi\u00f9 bizzarri con addomi pistillati. Rarit\u00e0!","robots":{"index":"index","follow":"follow","max-snippet":"max-snippet:-1","max-image-preview":"max-image-preview:large","max-video-preview":"max-video-preview:-1"},"canonical":"https:\/\/insektenliebe.com\/it\/shop\/prodotto\/ciclocosmia-ricketti\/","og_locale":"it_IT","og_type":"article","og_title":"Ciclocosmia ricketti - Insektenliebe","og_description":"Acquista a buon mercato Cyclocosmia ricketti direttamente online! Uno dei ragni botola pi\u00f9 bizzarri con addomi pistillati. Rarit\u00e0!","og_url":"https:\/\/insektenliebe.com\/it\/shop\/prodotto\/ciclocosmia-ricketti\/","og_site_name":"Insektenliebe","og_image":[{"width":2560,"height":2560,"url":"https:\/\/insektenliebe.com\/wp-content\/uploads\/2025\/05\/Cyclocosmia-spec.-Hinteransicht-scaled-3.jpg","type":"image\/jpeg"}],"twitter_card":"summary_large_image","twitter_misc":{"Tempo di lettura stimato":"1 minuto"},"schema":{"@context":"https:\/\/schema.org","@graph":[{"@type":"WebPage","@id":"https:\/\/insektenliebe.com\/it\/shop\/prodotto\/ciclocosmia-ricketti\/","url":"https:\/\/insektenliebe.com\/it\/shop\/prodotto\/ciclocosmia-ricketti\/","name":"Ciclocosmia ricketti - Insektenliebe","isPartOf":{"@id":"https:\/\/insektenliebe.com\/it\/#website"},"primaryImageOfPage":{"@id":"https:\/\/insektenliebe.com\/it\/shop\/prodotto\/ciclocosmia-ricketti\/#primaryimage"},"image":{"@id":"https:\/\/insektenliebe.com\/it\/shop\/prodotto\/ciclocosmia-ricketti\/#primaryimage"},"thumbnailUrl":"https:\/\/insektenliebe.com\/wp-content\/uploads\/2025\/05\/Cyclocosmia-spec.-Hinteransicht-scaled-3.jpg","datePublished":"2022-10-08T18:38:02+00:00","description":"Acquista a buon mercato Cyclocosmia ricketti direttamente online! Uno dei ragni botola pi\u00f9 bizzarri con addomi pistillati. Rarit\u00e0!","breadcrumb":{"@id":"https:\/\/insektenliebe.com\/it\/shop\/prodotto\/ciclocosmia-ricketti\/#breadcrumb"},"inLanguage":"it-IT","potentialAction":[{"@type":"ReadAction","target":["https:\/\/insektenliebe.com\/it\/shop\/prodotto\/ciclocosmia-ricketti\/"]}]},{"@type":"ImageObject","inLanguage":"it-IT","@id":"https:\/\/insektenliebe.com\/it\/shop\/prodotto\/ciclocosmia-ricketti\/#primaryimage","url":"https:\/\/insektenliebe.com\/wp-content\/uploads\/2025\/05\/Cyclocosmia-spec.-Hinteransicht-scaled-3.jpg","contentUrl":"https:\/\/insektenliebe.com\/wp-content\/uploads\/2025\/05\/Cyclocosmia-spec.-Hinteransicht-scaled-3.jpg","width":2560,"height":2560,"caption":"Ciclocosmia-spec.-vista posteriore-scala-3.jpg"},{"@type":"BreadcrumbList","@id":"https:\/\/insektenliebe.com\/it\/shop\/prodotto\/ciclocosmia-ricketti\/#breadcrumb","itemListElement":[{"@type":"ListItem","position":1,"name":"Startseite","item":"https:\/\/insektenliebe.com\/it\/"},{"@type":"ListItem","position":2,"name":"Negozio","item":"https:\/\/insektenliebe.com\/it\/negozio\/"},{"@type":"ListItem","position":3,"name":"Ciclocosmia ricketti"}]},{"@type":"WebSite","@id":"https:\/\/insektenliebe.com\/it\/#website","url":"https:\/\/insektenliebe.com\/it\/","name":"Insektenliebe","description":"Dein Zuhause f\u00fcr die kleinen Lebewesen","publisher":{"@id":"https:\/\/insektenliebe.com\/it\/#organization"},"potentialAction":[{"@type":"SearchAction","target":{"@type":"EntryPoint","urlTemplate":"https:\/\/insektenliebe.com\/it\/?s={search_term_string}"},"query-input":{"@type":"PropertyValueSpecification","valueRequired":true,"valueName":"search_term_string"}}],"inLanguage":"it-IT"},{"@type":"Organization","@id":"https:\/\/insektenliebe.com\/it\/#organization","name":"Insektenliebe","url":"https:\/\/insektenliebe.com\/it\/","logo":{"@type":"ImageObject","inLanguage":"it-IT","@id":"https:\/\/insektenliebe.com\/it\/#\/schema\/logo\/image\/","url":"https:\/\/insektenliebe.com\/wp-content\/uploads\/2025\/03\/logo-white.png","contentUrl":"https:\/\/insektenliebe.com\/wp-content\/uploads\/2025\/03\/logo-white.png","width":288,"height":188,"caption":"Insektenliebe"},"image":{"@id":"https:\/\/insektenliebe.com\/it\/#\/schema\/logo\/image\/"}}]}},"_links":{"self":[{"href":"https:\/\/insektenliebe.com\/it\/wp-json\/wp\/v2\/product\/189856","targetHints":{"allow":["GET"]}}],"collection":[{"href":"https:\/\/insektenliebe.com\/it\/wp-json\/wp\/v2\/product"}],"about":[{"href":"https:\/\/insektenliebe.com\/it\/wp-json\/wp\/v2\/types\/product"}],"wp:featuredmedia":[{"embeddable":true,"href":"https:\/\/insektenliebe.com\/it\/wp-json\/wp\/v2\/media\/189857"}],"wp:attachment":[{"href":"https:\/\/insektenliebe.com\/it\/wp-json\/wp\/v2\/media?parent=189856"}],"wp:term":[{"taxonomy":"product-supplier","embeddable":true,"href":"https:\/\/insektenliebe.com\/it\/wp-json\/wp\/v2\/product-supplier?post=189856"},{"taxonomy":"product_brand","embeddable":true,"href":"https:\/\/insektenliebe.com\/it\/wp-json\/wp\/v2\/product_brand?post=189856"},{"taxonomy":"product_cat","embeddable":true,"href":"https:\/\/insektenliebe.com\/it\/wp-json\/wp\/v2\/product_cat?post=189856"},{"taxonomy":"product_tag","embeddable":true,"href":"https:\/\/insektenliebe.com\/it\/wp-json\/wp\/v2\/product_tag?post=189856"},{"taxonomy":"lce-checkout-addons","embeddable":true,"href":"https:\/\/insektenliebe.com\/it\/wp-json\/wp\/v2\/lce-checkout-addons?post=189856"}],"curies":[{"name":"wp","href":"https:\/\/api.w.org\/{rel}","templated":true}]}}