{"id":189854,"date":"2025-08-16T11:04:00","date_gmt":"2025-08-16T09:04:00","guid":{"rendered":"https:\/\/insektenliebe.com\/shop\/produkt\/armadillidium-scaberrimum\/"},"modified":"2025-08-16T11:04:00","modified_gmt":"2025-08-16T09:04:00","slug":"armadillidium-scaberrimum","status":"publish","type":"product","link":"https:\/\/insektenliebe.com\/it\/shop\/prodotto\/armadillidium-scaberrimum\/","title":{"rendered":"Armadillidium scaberrimum"},"content":{"rendered":"<h3><span style=\"color: #99cc33\"><strong><span class=\"s1\">Armadillidium scaberrimum - robusta cocciniglia per il tuo terrario<\/span><\/strong><\/span><\/h3>\n<p class=\"p1\"><strong><span class=\"s1\">Armadillidium scaberrimum<\/span><\/strong><span class=\"s2\">  \u00e8 una delle cocciniglie pi\u00f9 robuste che abbiamo. Originaria della regione mediterranea, si \u00e8 affermata come un vero e proprio tuttofare della terraristica. La sua corporatura robusta, la sua caratteristica superficie ruvida del carapace e la sua capacit\u00e0 di raggomitolarsi in una palla alla velocit\u00e0 della luce la rendono una specie affascinante sia dal punto di vista visivo che funzionale.  <\/span><\/p>\n<p class=\"p1\"><span class=\"s2\">Questo isopode \u00e8 estremamente resistente nel terrario. Preferisce un clima semi-asciutto, ma ha sempre bisogno di un angolo umido di ritiro per favorire la muta e l&#8217;allevamento dei piccoli. Come substrato \u00e8 adatta una miscela di terra di bosco, polvere di foraggio e legno bianco marcio, integrata con fonti di calcio come l&#8217;osso di seppia, poich\u00e9 il robusto carapace di questa specie richiede molto calcare. Con una dimensione del corpo fino a 1,5 centimetri <strong><span class=\"s1\">Armadillidium scaberrimum<\/span><\/strong> \u00e8 una delle cocciniglie pi\u00f9 grandi ed \u00e8 quindi molto visibile nel terrario.   <\/span><\/p>\n<p class=\"p1\"><span class=\"s2\">Soprattutto in <\/span><span class=\"s1\">configurazioni bioattive<\/span><span class=\"s2\">  questa specie mostra i suoi punti di forza: Decompone in modo affidabile foglie, legno e residui organici, contribuendo in modo significativo all&#8217;igiene e alla stabilit\u00e0 del clima del terrario. Allo stesso tempo, il suo comportamento la rende interessante da osservare: cerca attivamente il cibo, ma si raggomitola immediatamente quando viene minacciata. Questa interazione tra attivit\u00e0 e comportamento protettivo rende <strong><span class=\"s1\">Armadillidium scaberrimum<\/span><\/strong> un arricchimento unico nel suo genere.  <\/span><\/p>\n<p class=\"p1\"><span class=\"s2\">Se stai cercando un <\/span><span class=\"s1\">un isopode poco impegnativo, utile e di grande impatto visivo<\/span><span class=\"s2\">  \u00e8 <strong><span class=\"s1\">Armadillidium scaberrimum<\/span><\/strong> \u00e8 la scelta giusta. Ti forniamo una prole sana e forte, ideale per i principianti, ma anche per i pi\u00f9 esperti. Sono un fiore all&#8217;occhiello di qualsiasi progetto di terrario e un componente prezioso di un terrario bioattivo funzionante.  <\/span><\/p>\n","protected":false},"excerpt":{"rendered":"<p>Armadillidium scaberrimum - robusta cocciniglia per il tuo terrario Armadillidium scaberrimum \u00e8 una delle cocciniglie pi\u00f9 robuste che abbiamo. Originaria della regione mediterranea, si \u00e8 affermata come un vero e proprio tuttofare della terraristica. La sua corporatura robusta, la sua caratteristica superficie ruvida del carapace e la sua capacit\u00e0 di raggomitolarsi in una palla alla [&hellip;]<\/p>\n","protected":false},"featured_media":189855,"template":"","meta":{"_acf_changed":false},"product-supplier":[],"product_brand":[],"product_cat":[2871,2788],"product_tag":[],"lce-checkout-addons":[2746],"class_list":{"0":"post-189854","1":"product","2":"type-product","3":"status-publish","4":"has-post-thumbnail","6":"product_cat-cocciniglia-armadillidium","7":"product_cat-woodlice","8":"product_shipping_class-spedizione-di-animali","9":"pa_herkunft-croazia","10":"pa_kontinent-europa","11":"lce-checkout-addons-imballaggio-invernale","13":"first","14":"instock","15":"taxable","16":"shipping-taxable","17":"purchasable","18":"product-type-simple"},"acf":[],"yoast_head":"<!-- This site is optimized with the Yoast SEO plugin v27.3 - https:\/\/yoast.com\/product\/yoast-seo-wordpress\/ -->\n<title>Armadillidium scaberrimum - Insektenliebe<\/title>\n<meta name=\"description\" content=\"Acquista Armadillidium scaberrimum - robusta cocciniglia per terrari bioattivi. Facile da curare, utile e affascinante. Prole sana nel negozio di isopodi ora!\" \/>\n<meta name=\"robots\" content=\"index, follow, max-snippet:-1, max-image-preview:large, max-video-preview:-1\" \/>\n<link rel=\"canonical\" href=\"https:\/\/insektenliebe.com\/it\/shop\/prodotto\/armadillidium-scaberrimum\/\" \/>\n<meta property=\"og:locale\" content=\"it_IT\" \/>\n<meta property=\"og:type\" content=\"article\" \/>\n<meta property=\"og:title\" content=\"Armadillidium scaberrimum - Insektenliebe\" \/>\n<meta property=\"og:description\" content=\"Acquista Armadillidium scaberrimum - robusta cocciniglia per terrari bioattivi. Facile da curare, utile e affascinante. Prole sana nel negozio di isopodi ora!\" \/>\n<meta property=\"og:url\" content=\"https:\/\/insektenliebe.com\/it\/shop\/prodotto\/armadillidium-scaberrimum\/\" \/>\n<meta property=\"og:site_name\" content=\"Insektenliebe\" \/>\n<meta property=\"og:image\" content=\"https:\/\/insektenliebe.com\/wp-content\/uploads\/2025\/08\/Armadillidium-scaberrimum.jpg\" \/>\n\t<meta property=\"og:image:width\" content=\"820\" \/>\n\t<meta property=\"og:image:height\" content=\"820\" \/>\n\t<meta property=\"og:image:type\" content=\"image\/jpeg\" \/>\n<meta name=\"twitter:card\" content=\"summary_large_image\" \/>\n<meta name=\"twitter:label1\" content=\"Tempo di lettura stimato\" \/>\n\t<meta name=\"twitter:data1\" content=\"1 minuto\" \/>\n<script type=\"application\/ld+json\" class=\"yoast-schema-graph\">{\"@context\":\"https:\\\/\\\/schema.org\",\"@graph\":[{\"@type\":\"WebPage\",\"@id\":\"https:\\\/\\\/insektenliebe.com\\\/it\\\/shop\\\/prodotto\\\/armadillidium-scaberrimum\\\/\",\"url\":\"https:\\\/\\\/insektenliebe.com\\\/it\\\/shop\\\/prodotto\\\/armadillidium-scaberrimum\\\/\",\"name\":\"Armadillidium scaberrimum - Insektenliebe\",\"isPartOf\":{\"@id\":\"https:\\\/\\\/insektenliebe.com\\\/it\\\/#website\"},\"primaryImageOfPage\":{\"@id\":\"https:\\\/\\\/insektenliebe.com\\\/it\\\/shop\\\/prodotto\\\/armadillidium-scaberrimum\\\/#primaryimage\"},\"image\":{\"@id\":\"https:\\\/\\\/insektenliebe.com\\\/it\\\/shop\\\/prodotto\\\/armadillidium-scaberrimum\\\/#primaryimage\"},\"thumbnailUrl\":\"https:\\\/\\\/insektenliebe.com\\\/wp-content\\\/uploads\\\/2025\\\/08\\\/Armadillidium-scaberrimum.jpg\",\"datePublished\":\"2025-08-16T09:04:00+00:00\",\"description\":\"Acquista Armadillidium scaberrimum - robusta cocciniglia per terrari bioattivi. Facile da curare, utile e affascinante. Prole sana nel negozio di isopodi ora!\",\"breadcrumb\":{\"@id\":\"https:\\\/\\\/insektenliebe.com\\\/it\\\/shop\\\/prodotto\\\/armadillidium-scaberrimum\\\/#breadcrumb\"},\"inLanguage\":\"it-IT\",\"potentialAction\":[{\"@type\":\"ReadAction\",\"target\":[\"https:\\\/\\\/insektenliebe.com\\\/it\\\/shop\\\/prodotto\\\/armadillidium-scaberrimum\\\/\"]}]},{\"@type\":\"ImageObject\",\"inLanguage\":\"it-IT\",\"@id\":\"https:\\\/\\\/insektenliebe.com\\\/it\\\/shop\\\/prodotto\\\/armadillidium-scaberrimum\\\/#primaryimage\",\"url\":\"https:\\\/\\\/insektenliebe.com\\\/wp-content\\\/uploads\\\/2025\\\/08\\\/Armadillidium-scaberrimum.jpg\",\"contentUrl\":\"https:\\\/\\\/insektenliebe.com\\\/wp-content\\\/uploads\\\/2025\\\/08\\\/Armadillidium-scaberrimum.jpg\",\"width\":820,\"height\":820,\"caption\":\"Armadillidium scaberrimum\"},{\"@type\":\"BreadcrumbList\",\"@id\":\"https:\\\/\\\/insektenliebe.com\\\/it\\\/shop\\\/prodotto\\\/armadillidium-scaberrimum\\\/#breadcrumb\",\"itemListElement\":[{\"@type\":\"ListItem\",\"position\":1,\"name\":\"Startseite\",\"item\":\"https:\\\/\\\/insektenliebe.com\\\/it\\\/\"},{\"@type\":\"ListItem\",\"position\":2,\"name\":\"Negozio\",\"item\":\"https:\\\/\\\/insektenliebe.com\\\/it\\\/negozio\\\/\"},{\"@type\":\"ListItem\",\"position\":3,\"name\":\"Armadillidium scaberrimum\"}]},{\"@type\":\"WebSite\",\"@id\":\"https:\\\/\\\/insektenliebe.com\\\/it\\\/#website\",\"url\":\"https:\\\/\\\/insektenliebe.com\\\/it\\\/\",\"name\":\"Insektenliebe\",\"description\":\"Dein Zuhause f\u00fcr die kleinen Lebewesen\",\"publisher\":{\"@id\":\"https:\\\/\\\/insektenliebe.com\\\/it\\\/#organization\"},\"potentialAction\":[{\"@type\":\"SearchAction\",\"target\":{\"@type\":\"EntryPoint\",\"urlTemplate\":\"https:\\\/\\\/insektenliebe.com\\\/it\\\/?s={search_term_string}\"},\"query-input\":{\"@type\":\"PropertyValueSpecification\",\"valueRequired\":true,\"valueName\":\"search_term_string\"}}],\"inLanguage\":\"it-IT\"},{\"@type\":\"Organization\",\"@id\":\"https:\\\/\\\/insektenliebe.com\\\/it\\\/#organization\",\"name\":\"Insektenliebe\",\"url\":\"https:\\\/\\\/insektenliebe.com\\\/it\\\/\",\"logo\":{\"@type\":\"ImageObject\",\"inLanguage\":\"it-IT\",\"@id\":\"https:\\\/\\\/insektenliebe.com\\\/it\\\/#\\\/schema\\\/logo\\\/image\\\/\",\"url\":\"https:\\\/\\\/insektenliebe.com\\\/wp-content\\\/uploads\\\/2025\\\/03\\\/logo-white.png\",\"contentUrl\":\"https:\\\/\\\/insektenliebe.com\\\/wp-content\\\/uploads\\\/2025\\\/03\\\/logo-white.png\",\"width\":288,\"height\":188,\"caption\":\"Insektenliebe\"},\"image\":{\"@id\":\"https:\\\/\\\/insektenliebe.com\\\/it\\\/#\\\/schema\\\/logo\\\/image\\\/\"}}]}<\/script>\n<!-- \/ Yoast SEO plugin. -->","yoast_head_json":{"title":"Armadillidium scaberrimum - Insektenliebe","description":"Acquista Armadillidium scaberrimum - robusta cocciniglia per terrari bioattivi. Facile da curare, utile e affascinante. Prole sana nel negozio di isopodi ora!","robots":{"index":"index","follow":"follow","max-snippet":"max-snippet:-1","max-image-preview":"max-image-preview:large","max-video-preview":"max-video-preview:-1"},"canonical":"https:\/\/insektenliebe.com\/it\/shop\/prodotto\/armadillidium-scaberrimum\/","og_locale":"it_IT","og_type":"article","og_title":"Armadillidium scaberrimum - Insektenliebe","og_description":"Acquista Armadillidium scaberrimum - robusta cocciniglia per terrari bioattivi. Facile da curare, utile e affascinante. Prole sana nel negozio di isopodi ora!","og_url":"https:\/\/insektenliebe.com\/it\/shop\/prodotto\/armadillidium-scaberrimum\/","og_site_name":"Insektenliebe","og_image":[{"width":820,"height":820,"url":"https:\/\/insektenliebe.com\/wp-content\/uploads\/2025\/08\/Armadillidium-scaberrimum.jpg","type":"image\/jpeg"}],"twitter_card":"summary_large_image","twitter_misc":{"Tempo di lettura stimato":"1 minuto"},"schema":{"@context":"https:\/\/schema.org","@graph":[{"@type":"WebPage","@id":"https:\/\/insektenliebe.com\/it\/shop\/prodotto\/armadillidium-scaberrimum\/","url":"https:\/\/insektenliebe.com\/it\/shop\/prodotto\/armadillidium-scaberrimum\/","name":"Armadillidium scaberrimum - Insektenliebe","isPartOf":{"@id":"https:\/\/insektenliebe.com\/it\/#website"},"primaryImageOfPage":{"@id":"https:\/\/insektenliebe.com\/it\/shop\/prodotto\/armadillidium-scaberrimum\/#primaryimage"},"image":{"@id":"https:\/\/insektenliebe.com\/it\/shop\/prodotto\/armadillidium-scaberrimum\/#primaryimage"},"thumbnailUrl":"https:\/\/insektenliebe.com\/wp-content\/uploads\/2025\/08\/Armadillidium-scaberrimum.jpg","datePublished":"2025-08-16T09:04:00+00:00","description":"Acquista Armadillidium scaberrimum - robusta cocciniglia per terrari bioattivi. Facile da curare, utile e affascinante. Prole sana nel negozio di isopodi ora!","breadcrumb":{"@id":"https:\/\/insektenliebe.com\/it\/shop\/prodotto\/armadillidium-scaberrimum\/#breadcrumb"},"inLanguage":"it-IT","potentialAction":[{"@type":"ReadAction","target":["https:\/\/insektenliebe.com\/it\/shop\/prodotto\/armadillidium-scaberrimum\/"]}]},{"@type":"ImageObject","inLanguage":"it-IT","@id":"https:\/\/insektenliebe.com\/it\/shop\/prodotto\/armadillidium-scaberrimum\/#primaryimage","url":"https:\/\/insektenliebe.com\/wp-content\/uploads\/2025\/08\/Armadillidium-scaberrimum.jpg","contentUrl":"https:\/\/insektenliebe.com\/wp-content\/uploads\/2025\/08\/Armadillidium-scaberrimum.jpg","width":820,"height":820,"caption":"Armadillidium scaberrimum"},{"@type":"BreadcrumbList","@id":"https:\/\/insektenliebe.com\/it\/shop\/prodotto\/armadillidium-scaberrimum\/#breadcrumb","itemListElement":[{"@type":"ListItem","position":1,"name":"Startseite","item":"https:\/\/insektenliebe.com\/it\/"},{"@type":"ListItem","position":2,"name":"Negozio","item":"https:\/\/insektenliebe.com\/it\/negozio\/"},{"@type":"ListItem","position":3,"name":"Armadillidium scaberrimum"}]},{"@type":"WebSite","@id":"https:\/\/insektenliebe.com\/it\/#website","url":"https:\/\/insektenliebe.com\/it\/","name":"Insektenliebe","description":"Dein Zuhause f\u00fcr die kleinen Lebewesen","publisher":{"@id":"https:\/\/insektenliebe.com\/it\/#organization"},"potentialAction":[{"@type":"SearchAction","target":{"@type":"EntryPoint","urlTemplate":"https:\/\/insektenliebe.com\/it\/?s={search_term_string}"},"query-input":{"@type":"PropertyValueSpecification","valueRequired":true,"valueName":"search_term_string"}}],"inLanguage":"it-IT"},{"@type":"Organization","@id":"https:\/\/insektenliebe.com\/it\/#organization","name":"Insektenliebe","url":"https:\/\/insektenliebe.com\/it\/","logo":{"@type":"ImageObject","inLanguage":"it-IT","@id":"https:\/\/insektenliebe.com\/it\/#\/schema\/logo\/image\/","url":"https:\/\/insektenliebe.com\/wp-content\/uploads\/2025\/03\/logo-white.png","contentUrl":"https:\/\/insektenliebe.com\/wp-content\/uploads\/2025\/03\/logo-white.png","width":288,"height":188,"caption":"Insektenliebe"},"image":{"@id":"https:\/\/insektenliebe.com\/it\/#\/schema\/logo\/image\/"}}]}},"_links":{"self":[{"href":"https:\/\/insektenliebe.com\/it\/wp-json\/wp\/v2\/product\/189854","targetHints":{"allow":["GET"]}}],"collection":[{"href":"https:\/\/insektenliebe.com\/it\/wp-json\/wp\/v2\/product"}],"about":[{"href":"https:\/\/insektenliebe.com\/it\/wp-json\/wp\/v2\/types\/product"}],"wp:featuredmedia":[{"embeddable":true,"href":"https:\/\/insektenliebe.com\/it\/wp-json\/wp\/v2\/media\/189855"}],"wp:attachment":[{"href":"https:\/\/insektenliebe.com\/it\/wp-json\/wp\/v2\/media?parent=189854"}],"wp:term":[{"taxonomy":"product-supplier","embeddable":true,"href":"https:\/\/insektenliebe.com\/it\/wp-json\/wp\/v2\/product-supplier?post=189854"},{"taxonomy":"product_brand","embeddable":true,"href":"https:\/\/insektenliebe.com\/it\/wp-json\/wp\/v2\/product_brand?post=189854"},{"taxonomy":"product_cat","embeddable":true,"href":"https:\/\/insektenliebe.com\/it\/wp-json\/wp\/v2\/product_cat?post=189854"},{"taxonomy":"product_tag","embeddable":true,"href":"https:\/\/insektenliebe.com\/it\/wp-json\/wp\/v2\/product_tag?post=189854"},{"taxonomy":"lce-checkout-addons","embeddable":true,"href":"https:\/\/insektenliebe.com\/it\/wp-json\/wp\/v2\/lce-checkout-addons?post=189854"}],"curies":[{"name":"wp","href":"https:\/\/api.w.org\/{rel}","templated":true}]}}