{"id":189851,"date":"2019-06-13T15:04:00","date_gmt":"2019-06-13T13:04:00","guid":{"rendered":"https:\/\/insektenliebe.com\/shop\/produkt\/centrobolus-splendidus\/"},"modified":"2019-06-13T15:04:00","modified_gmt":"2019-06-13T13:04:00","slug":"centrobolus-splendidus","status":"publish","type":"product","link":"https:\/\/insektenliebe.com\/it\/shop\/prodotto\/centrobolus-splendidus\/","title":{"rendered":"Centrobolus splendidus"},"content":{"rendered":"<h3 class=\"p1\"><span style=\"color: #99cc33\"><strong><span class=\"s1\">Centrobolus splendidus - Il classico colorato tra i millepiedi<\/span><\/strong><\/span><\/h3>\n<p class=\"p1\"><span class=\"s1\"><strong>Il Centrobolus splendidus<\/strong> \u00e8 una delle specie pi\u00f9 popolari e colorate nell&#8217;hobby del terrario. Con la sua intensa colorazione rosso-arancio e la testa nera, questo millepiedi sudafricano attira immediatamente l&#8217;attenzione di tutti. L&#8217;elegante motivo a strisce e l&#8217;esoscheletro lucido lo rendono un vero gioiello per qualsiasi terrario di invertebrati.  <\/span><\/p>\n<p class=\"p1\"><span class=\"s1\">Questa specie raggiunge una lunghezza di circa 8-9 cm e rimane quindi maneggevole senza perdere la sua presenza nel terrario. <strong>Il Centrobolus splendidus<\/strong> \u00e8 noto per la sua natura calma e pacifica ed \u00e8 ideale per i principianti, ma anche per i detentori esperti che apprezzano una specie visivamente attraente.<\/span><\/p>\n<p class=\"p1\"><span class=\"s1\">Mantenerli \u00e8 semplice: Un terrario di 30 \u00d7 30 \u00d7 30 cm \u00e8 del tutto sufficiente per un piccolo gruppo. Il substrato deve avere una profondit\u00e0 di almeno 10 cm e, idealmente, deve essere costituito da una miscela sciolta di humus di foglie, legno bianco marcio, humus di cocco e alcuni granuli di sughero. Il substrato deve essere sempre leggermente umido, ma mai bagnato. Un angolo umido e una zona asciutta garantiscono un microclima stabile. Una temperatura tra i 22 e i 26 \u00b0C e un&#8217;umidit\u00e0 relativa di circa il 70-80% sono ideali.    <\/span><\/p>\n<p class=\"p1\"><span class=\"s1\">Il <strong>Centrobolus splendidus<\/strong> si nutre principalmente di foglie in decomposizione, legno e altri materiali vegetali. Anche verdure tenere come carote, zucchine o cetrioli vengono accettate volentieri. Anche una piccola quantit\u00e0 di proteine animali, ad esempio sotto forma di cibo per millepiedi, favorisce uno sviluppo sano, soprattutto durante le fasi di crescita.  <\/span><\/p>\n<p class=\"p1\"><span class=\"s1\">Grazie alla sua natura pacifica, il <strong>Centrobolus splendidus<\/strong> \u00e8 un ottimo compagno per gli isopodi o le code a molla, ed \u00e8 ideale per i terrari bioattivi. I suoi movimenti tranquilli, l&#8217;aspetto bellissimo e la cura semplice lo rendono uno dei diplopodi pi\u00f9 popolari in assoluto. <\/span><\/p>\n<div style=\"width: 1920px;\" class=\"wp-video\"><video class=\"wp-video-shortcode\" id=\"video-189851-1\" width=\"1920\" height=\"1080\" preload=\"metadata\" controls=\"controls\"><source type=\"video\/mp4\" src=\"https:\/\/insektenliebe.com\/wp-content\/uploads\/2019\/06\/Centrobolus-splendidus-Produktvideo.mp4?_=1\" \/><a href=\"https:\/\/insektenliebe.com\/wp-content\/uploads\/2019\/06\/Centrobolus-splendidus-Produktvideo.mp4\">https:\/\/insektenliebe.com\/wp-content\/uploads\/2019\/06\/Centrobolus-splendidus-Produktvideo.mp4<\/a><\/video><\/div>\n","protected":false},"excerpt":{"rendered":"<p>Centrobolus splendidus - Il classico colorato tra i millepiedi Il Centrobolus splendidus \u00e8 una delle specie pi\u00f9 popolari e colorate nell&#8217;hobby del terrario. Con la sua intensa colorazione rosso-arancio e la testa nera, questo millepiedi sudafricano attira immediatamente l&#8217;attenzione di tutti. L&#8217;elegante motivo a strisce e l&#8217;esoscheletro lucido lo rendono un vero gioiello per qualsiasi [&hellip;]<\/p>\n","protected":false},"featured_media":189852,"template":"","meta":{"_acf_changed":false},"product-supplier":[],"product_brand":[],"product_cat":[2870],"product_tag":[],"lce-checkout-addons":[2746],"class_list":{"0":"post-189851","1":"product","2":"type-product","3":"status-publish","4":"has-post-thumbnail","6":"product_cat-millipede","7":"product_shipping_class-spedizione-di-animali","8":"pa_herkunft-mozambico","9":"pa_kontinent-africa","10":"lce-checkout-addons-imballaggio-invernale","12":"first","13":"instock","14":"taxable","15":"shipping-taxable","16":"purchasable","17":"product-type-simple"},"acf":[],"yoast_head":"<!-- This site is optimized with the Yoast SEO plugin v27.3 - https:\/\/yoast.com\/product\/yoast-seo-wordpress\/ -->\n<title>Centrobolus splendidus - Insektenliebe<\/title>\n<meta name=\"description\" content=\"Acquista online il Centrobolus splendidus. Un millepiedi rosso brillante che cattura immediatamente l&#039;attenzione. Compra direttamente dall&#039;allevatore!\" \/>\n<meta name=\"robots\" content=\"index, follow, max-snippet:-1, max-image-preview:large, max-video-preview:-1\" \/>\n<link rel=\"canonical\" href=\"https:\/\/insektenliebe.com\/it\/shop\/prodotto\/centrobolus-splendidus\/\" \/>\n<meta property=\"og:locale\" content=\"it_IT\" \/>\n<meta property=\"og:type\" content=\"article\" \/>\n<meta property=\"og:title\" content=\"Centrobolus splendidus - Insektenliebe\" \/>\n<meta property=\"og:description\" content=\"Acquista online il Centrobolus splendidus. Un millepiedi rosso brillante che cattura immediatamente l&#039;attenzione. Compra direttamente dall&#039;allevatore!\" \/>\n<meta property=\"og:url\" content=\"https:\/\/insektenliebe.com\/it\/shop\/prodotto\/centrobolus-splendidus\/\" \/>\n<meta property=\"og:site_name\" content=\"Insektenliebe\" \/>\n<meta property=\"og:image\" content=\"https:\/\/insektenliebe.com\/wp-content\/uploads\/2025\/05\/Centrobolus-splendidus-2.jpg\" \/>\n\t<meta property=\"og:image:width\" content=\"820\" \/>\n\t<meta property=\"og:image:height\" content=\"820\" \/>\n\t<meta property=\"og:image:type\" content=\"image\/jpeg\" \/>\n<meta name=\"twitter:card\" content=\"summary_large_image\" \/>\n<meta name=\"twitter:label1\" content=\"Tempo di lettura stimato\" \/>\n\t<meta name=\"twitter:data1\" content=\"1 minuto\" \/>\n<script type=\"application\/ld+json\" class=\"yoast-schema-graph\">{\"@context\":\"https:\\\/\\\/schema.org\",\"@graph\":[{\"@type\":\"WebPage\",\"@id\":\"https:\\\/\\\/insektenliebe.com\\\/it\\\/shop\\\/prodotto\\\/centrobolus-splendidus\\\/\",\"url\":\"https:\\\/\\\/insektenliebe.com\\\/it\\\/shop\\\/prodotto\\\/centrobolus-splendidus\\\/\",\"name\":\"Centrobolus splendidus - Insektenliebe\",\"isPartOf\":{\"@id\":\"https:\\\/\\\/insektenliebe.com\\\/it\\\/#website\"},\"primaryImageOfPage\":{\"@id\":\"https:\\\/\\\/insektenliebe.com\\\/it\\\/shop\\\/prodotto\\\/centrobolus-splendidus\\\/#primaryimage\"},\"image\":{\"@id\":\"https:\\\/\\\/insektenliebe.com\\\/it\\\/shop\\\/prodotto\\\/centrobolus-splendidus\\\/#primaryimage\"},\"thumbnailUrl\":\"https:\\\/\\\/insektenliebe.com\\\/wp-content\\\/uploads\\\/2025\\\/05\\\/Centrobolus-splendidus-2.jpg\",\"datePublished\":\"2019-06-13T13:04:00+00:00\",\"description\":\"Acquista online il Centrobolus splendidus. Un millepiedi rosso brillante che cattura immediatamente l'attenzione. Compra direttamente dall'allevatore!\",\"breadcrumb\":{\"@id\":\"https:\\\/\\\/insektenliebe.com\\\/it\\\/shop\\\/prodotto\\\/centrobolus-splendidus\\\/#breadcrumb\"},\"inLanguage\":\"it-IT\",\"potentialAction\":[{\"@type\":\"ReadAction\",\"target\":[\"https:\\\/\\\/insektenliebe.com\\\/it\\\/shop\\\/prodotto\\\/centrobolus-splendidus\\\/\"]}]},{\"@type\":\"ImageObject\",\"inLanguage\":\"it-IT\",\"@id\":\"https:\\\/\\\/insektenliebe.com\\\/it\\\/shop\\\/prodotto\\\/centrobolus-splendidus\\\/#primaryimage\",\"url\":\"https:\\\/\\\/insektenliebe.com\\\/wp-content\\\/uploads\\\/2025\\\/05\\\/Centrobolus-splendidus-2.jpg\",\"contentUrl\":\"https:\\\/\\\/insektenliebe.com\\\/wp-content\\\/uploads\\\/2025\\\/05\\\/Centrobolus-splendidus-2.jpg\",\"width\":820,\"height\":820,\"caption\":\"Centrobolus-splendidus-2.jpg\"},{\"@type\":\"BreadcrumbList\",\"@id\":\"https:\\\/\\\/insektenliebe.com\\\/it\\\/shop\\\/prodotto\\\/centrobolus-splendidus\\\/#breadcrumb\",\"itemListElement\":[{\"@type\":\"ListItem\",\"position\":1,\"name\":\"Startseite\",\"item\":\"https:\\\/\\\/insektenliebe.com\\\/it\\\/\"},{\"@type\":\"ListItem\",\"position\":2,\"name\":\"Negozio\",\"item\":\"https:\\\/\\\/insektenliebe.com\\\/it\\\/negozio\\\/\"},{\"@type\":\"ListItem\",\"position\":3,\"name\":\"Centrobolus splendidus\"}]},{\"@type\":\"WebSite\",\"@id\":\"https:\\\/\\\/insektenliebe.com\\\/it\\\/#website\",\"url\":\"https:\\\/\\\/insektenliebe.com\\\/it\\\/\",\"name\":\"Insektenliebe\",\"description\":\"Dein Zuhause f\u00fcr die kleinen Lebewesen\",\"publisher\":{\"@id\":\"https:\\\/\\\/insektenliebe.com\\\/it\\\/#organization\"},\"potentialAction\":[{\"@type\":\"SearchAction\",\"target\":{\"@type\":\"EntryPoint\",\"urlTemplate\":\"https:\\\/\\\/insektenliebe.com\\\/it\\\/?s={search_term_string}\"},\"query-input\":{\"@type\":\"PropertyValueSpecification\",\"valueRequired\":true,\"valueName\":\"search_term_string\"}}],\"inLanguage\":\"it-IT\"},{\"@type\":\"Organization\",\"@id\":\"https:\\\/\\\/insektenliebe.com\\\/it\\\/#organization\",\"name\":\"Insektenliebe\",\"url\":\"https:\\\/\\\/insektenliebe.com\\\/it\\\/\",\"logo\":{\"@type\":\"ImageObject\",\"inLanguage\":\"it-IT\",\"@id\":\"https:\\\/\\\/insektenliebe.com\\\/it\\\/#\\\/schema\\\/logo\\\/image\\\/\",\"url\":\"https:\\\/\\\/insektenliebe.com\\\/wp-content\\\/uploads\\\/2025\\\/03\\\/logo-white.png\",\"contentUrl\":\"https:\\\/\\\/insektenliebe.com\\\/wp-content\\\/uploads\\\/2025\\\/03\\\/logo-white.png\",\"width\":288,\"height\":188,\"caption\":\"Insektenliebe\"},\"image\":{\"@id\":\"https:\\\/\\\/insektenliebe.com\\\/it\\\/#\\\/schema\\\/logo\\\/image\\\/\"}}]}<\/script>\n<!-- \/ Yoast SEO plugin. -->","yoast_head_json":{"title":"Centrobolus splendidus - Insektenliebe","description":"Acquista online il Centrobolus splendidus. Un millepiedi rosso brillante che cattura immediatamente l'attenzione. Compra direttamente dall'allevatore!","robots":{"index":"index","follow":"follow","max-snippet":"max-snippet:-1","max-image-preview":"max-image-preview:large","max-video-preview":"max-video-preview:-1"},"canonical":"https:\/\/insektenliebe.com\/it\/shop\/prodotto\/centrobolus-splendidus\/","og_locale":"it_IT","og_type":"article","og_title":"Centrobolus splendidus - Insektenliebe","og_description":"Acquista online il Centrobolus splendidus. Un millepiedi rosso brillante che cattura immediatamente l'attenzione. Compra direttamente dall'allevatore!","og_url":"https:\/\/insektenliebe.com\/it\/shop\/prodotto\/centrobolus-splendidus\/","og_site_name":"Insektenliebe","og_image":[{"width":820,"height":820,"url":"https:\/\/insektenliebe.com\/wp-content\/uploads\/2025\/05\/Centrobolus-splendidus-2.jpg","type":"image\/jpeg"}],"twitter_card":"summary_large_image","twitter_misc":{"Tempo di lettura stimato":"1 minuto"},"schema":{"@context":"https:\/\/schema.org","@graph":[{"@type":"WebPage","@id":"https:\/\/insektenliebe.com\/it\/shop\/prodotto\/centrobolus-splendidus\/","url":"https:\/\/insektenliebe.com\/it\/shop\/prodotto\/centrobolus-splendidus\/","name":"Centrobolus splendidus - Insektenliebe","isPartOf":{"@id":"https:\/\/insektenliebe.com\/it\/#website"},"primaryImageOfPage":{"@id":"https:\/\/insektenliebe.com\/it\/shop\/prodotto\/centrobolus-splendidus\/#primaryimage"},"image":{"@id":"https:\/\/insektenliebe.com\/it\/shop\/prodotto\/centrobolus-splendidus\/#primaryimage"},"thumbnailUrl":"https:\/\/insektenliebe.com\/wp-content\/uploads\/2025\/05\/Centrobolus-splendidus-2.jpg","datePublished":"2019-06-13T13:04:00+00:00","description":"Acquista online il Centrobolus splendidus. Un millepiedi rosso brillante che cattura immediatamente l'attenzione. Compra direttamente dall'allevatore!","breadcrumb":{"@id":"https:\/\/insektenliebe.com\/it\/shop\/prodotto\/centrobolus-splendidus\/#breadcrumb"},"inLanguage":"it-IT","potentialAction":[{"@type":"ReadAction","target":["https:\/\/insektenliebe.com\/it\/shop\/prodotto\/centrobolus-splendidus\/"]}]},{"@type":"ImageObject","inLanguage":"it-IT","@id":"https:\/\/insektenliebe.com\/it\/shop\/prodotto\/centrobolus-splendidus\/#primaryimage","url":"https:\/\/insektenliebe.com\/wp-content\/uploads\/2025\/05\/Centrobolus-splendidus-2.jpg","contentUrl":"https:\/\/insektenliebe.com\/wp-content\/uploads\/2025\/05\/Centrobolus-splendidus-2.jpg","width":820,"height":820,"caption":"Centrobolus-splendidus-2.jpg"},{"@type":"BreadcrumbList","@id":"https:\/\/insektenliebe.com\/it\/shop\/prodotto\/centrobolus-splendidus\/#breadcrumb","itemListElement":[{"@type":"ListItem","position":1,"name":"Startseite","item":"https:\/\/insektenliebe.com\/it\/"},{"@type":"ListItem","position":2,"name":"Negozio","item":"https:\/\/insektenliebe.com\/it\/negozio\/"},{"@type":"ListItem","position":3,"name":"Centrobolus splendidus"}]},{"@type":"WebSite","@id":"https:\/\/insektenliebe.com\/it\/#website","url":"https:\/\/insektenliebe.com\/it\/","name":"Insektenliebe","description":"Dein Zuhause f\u00fcr die kleinen Lebewesen","publisher":{"@id":"https:\/\/insektenliebe.com\/it\/#organization"},"potentialAction":[{"@type":"SearchAction","target":{"@type":"EntryPoint","urlTemplate":"https:\/\/insektenliebe.com\/it\/?s={search_term_string}"},"query-input":{"@type":"PropertyValueSpecification","valueRequired":true,"valueName":"search_term_string"}}],"inLanguage":"it-IT"},{"@type":"Organization","@id":"https:\/\/insektenliebe.com\/it\/#organization","name":"Insektenliebe","url":"https:\/\/insektenliebe.com\/it\/","logo":{"@type":"ImageObject","inLanguage":"it-IT","@id":"https:\/\/insektenliebe.com\/it\/#\/schema\/logo\/image\/","url":"https:\/\/insektenliebe.com\/wp-content\/uploads\/2025\/03\/logo-white.png","contentUrl":"https:\/\/insektenliebe.com\/wp-content\/uploads\/2025\/03\/logo-white.png","width":288,"height":188,"caption":"Insektenliebe"},"image":{"@id":"https:\/\/insektenliebe.com\/it\/#\/schema\/logo\/image\/"}}]}},"_links":{"self":[{"href":"https:\/\/insektenliebe.com\/it\/wp-json\/wp\/v2\/product\/189851","targetHints":{"allow":["GET"]}}],"collection":[{"href":"https:\/\/insektenliebe.com\/it\/wp-json\/wp\/v2\/product"}],"about":[{"href":"https:\/\/insektenliebe.com\/it\/wp-json\/wp\/v2\/types\/product"}],"wp:featuredmedia":[{"embeddable":true,"href":"https:\/\/insektenliebe.com\/it\/wp-json\/wp\/v2\/media\/189852"}],"wp:attachment":[{"href":"https:\/\/insektenliebe.com\/it\/wp-json\/wp\/v2\/media?parent=189851"}],"wp:term":[{"taxonomy":"product-supplier","embeddable":true,"href":"https:\/\/insektenliebe.com\/it\/wp-json\/wp\/v2\/product-supplier?post=189851"},{"taxonomy":"product_brand","embeddable":true,"href":"https:\/\/insektenliebe.com\/it\/wp-json\/wp\/v2\/product_brand?post=189851"},{"taxonomy":"product_cat","embeddable":true,"href":"https:\/\/insektenliebe.com\/it\/wp-json\/wp\/v2\/product_cat?post=189851"},{"taxonomy":"product_tag","embeddable":true,"href":"https:\/\/insektenliebe.com\/it\/wp-json\/wp\/v2\/product_tag?post=189851"},{"taxonomy":"lce-checkout-addons","embeddable":true,"href":"https:\/\/insektenliebe.com\/it\/wp-json\/wp\/v2\/lce-checkout-addons?post=189851"}],"curies":[{"name":"wp","href":"https:\/\/api.w.org\/{rel}","templated":true}]}}