{"id":189849,"date":"2026-01-21T10:06:08","date_gmt":"2026-01-21T09:06:08","guid":{"rendered":"https:\/\/insektenliebe.com\/shop\/produkt\/eresus-balcanicus\/"},"modified":"2026-01-21T10:06:08","modified_gmt":"2026-01-21T09:06:08","slug":"eresus-balcanicus","status":"publish","type":"product","link":"https:\/\/insektenliebe.com\/it\/shop\/prodotto\/eresus-balcanicus\/","title":{"rendered":"Eresus balcanicus"},"content":{"rendered":"<h3 class=\"p1\"><span style=\"color: #99cc33\"><strong><span class=\"s1\">Femmine arancioni e luminose: Il marchio di fabbrica dell&#8217;Eresus balcanicus<\/span><\/strong><\/span><\/h3>\n<p class=\"p1\"><span class=\"s1\">L<strong>&#8216;Eresus balcanicus<\/strong> \u00e8 probabilmente uno dei membri pi\u00f9 impressionanti degli Eresidae ed \u00e8 originario delle regioni soleggiate e rocciose della Grecia e della Turchia. Qui vive nascosto nelle fessure del terreno, sotto le pietre o tra le radici e costruisce stabili tubi di seta in cui caccia, vive e alleva la sua prole. Questi tubi offrono protezione dai nemici e dalle fluttuazioni di temperatura e rendono il comportamento di questa specie cos\u00ec unico e affascinante.  <\/span><\/p>\n<p class=\"p1\"><span class=\"s1\">L&#8217;aspetto delle femmine \u00e8 particolarmente sorprendente: La loro testa risplende di un caldo colore arancione che contrasta meravigliosamente con il corpo nero intenso. Questa colorazione \u00e8 una caratteristica tipica dell&#8217;<strong>Eresus balcanicus<\/strong> e rende gli animali immediatamente riconoscibili. I maschi, invece, mostrano un motivo nero\/rosso pi\u00f9 contrastante - come di consueto per le specie di Eresus - e sono significativamente pi\u00f9 piccoli, il che rende la specie ancora pi\u00f9 interessante nella sua diversit\u00e0.  <\/span><\/p>\n<p class=\"p1\"><span class=\"s1\">L<strong>&#8216;Eresus balcanicus<\/strong> abita microhabitat naturali come terreni secchi, strutture in pietra riscaldate dal sole e vegetazione pianeggiante che caratterizzano il clima mediterraneo. Questo ambiente modella in modo decisivo il loro stile di vita. Gli animali trascorrono molto tempo nel loro sistema di tubi autosvuotanti e si avventurano in brevi battute di caccia ben ponderate. Sotto la tutela dell&#8217;uomo, mostrano un comportamento calmo e per lo pi\u00f9 osservabile e sono considerati sorprendentemente robusti se vengono rispettate le loro esigenze di base.   <\/span><\/p>\n<p class=\"p1\"><span class=\"s1\">Per tenerle \u00e8 consigliabile un allestimento strutturato con una miscela di humus forestale e sabbia del deserto scavabile, pezzi di sughero, radici e sufficienti possibilit\u00e0 di ritiro. Un&#8217;umidit\u00e0 leggermente maggiore, unita a un&#8217;abbondante secchezza nell&#8217;area superiore, imita bene l&#8217;habitat greco. Una vaschetta d&#8217;acqua e una ventilazione moderata completano il terrario ideale. Le code di primavera nel substrato sono un ottimo modo per favorire l&#8217;igiene.   <\/span><\/p>\n<p class=\"p1\"><span class=\"s1\">L<strong>&#8216;Eresus balcanicus<\/strong> \u00e8 una di quelle specie che non solo vivono nei loro tubi, ma li modellano davvero. Li espandono, li riparano e li compattano a seconda delle necessit\u00e0, il che rende l&#8217;osservazione di questi animali una vera e propria esperienza. Altrettanto emozionante \u00e8 il comportamento sociale dei giovani animali, che vivono insieme nella tana della madre per un po&#8217; di tempo - come \u00e8 tipico per gli Eresidae - prima di diventare indipendenti. La madre si sacrifica per la sua prole.   <\/span><\/p>\n<p class=\"p1\"><span class=\"s1\">Nel complesso, l&#8217;<strong>Eresus balcanicus<\/strong> \u00e8 un affascinante tesoro della regione mediterranea. La sua particolare colorazione, la sua caratteristica vita tubarica e la sua natura tranquilla lo rendono una scelta ideale per chi cerca un ragno insolito ma resistente. Chiunque desideri un animale biologicamente emozionante e visivamente impressionante sar\u00e0 soddisfatto di questa specie.  <\/span><\/p>\n","protected":false},"excerpt":{"rendered":"<p>Femmine arancioni e luminose: Il marchio di fabbrica dell&#8217;Eresus balcanicus L&#8216;Eresus balcanicus \u00e8 probabilmente uno dei membri pi\u00f9 impressionanti degli Eresidae ed \u00e8 originario delle regioni soleggiate e rocciose della Grecia e della Turchia. Qui vive nascosto nelle fessure del terreno, sotto le pietre o tra le radici e costruisce stabili tubi di seta in [&hellip;]<\/p>\n","protected":false},"featured_media":189850,"template":"","meta":{"_acf_changed":false},"product-supplier":[],"product_brand":[],"product_cat":[2999],"product_tag":[],"lce-checkout-addons":[2746],"class_list":{"0":"post-189849","1":"product","2":"type-product","3":"status-publish","4":"has-post-thumbnail","6":"product_cat-altri-ragni","7":"product_shipping_class-spedizione-di-animali","8":"pa_geschlecht-indeterminato","9":"pa_herkunft-grecia","10":"pa_kontinent-europa","11":"lce-checkout-addons-imballaggio-invernale","13":"first","14":"instock","15":"taxable","16":"shipping-taxable","17":"purchasable","18":"product-type-variable"},"acf":[],"yoast_head":"<!-- This site is optimized with the Yoast SEO plugin v27.3 - https:\/\/yoast.com\/product\/yoast-seo-wordpress\/ -->\n<title>Eresus balcanicus - Insektenliebe<\/title>\n<meta name=\"description\" content=\"Eresus balcanicus - una specie di ragno tubolare dai colori intensi proveniente dal Mediterraneo orientale. Robusto, affascinante e perfetto per gli appassionati.\" \/>\n<meta name=\"robots\" content=\"index, follow, max-snippet:-1, max-image-preview:large, max-video-preview:-1\" \/>\n<link rel=\"canonical\" href=\"https:\/\/insektenliebe.com\/it\/shop\/prodotto\/eresus-balcanicus\/\" \/>\n<meta property=\"og:locale\" content=\"it_IT\" \/>\n<meta property=\"og:type\" content=\"article\" \/>\n<meta property=\"og:title\" content=\"Eresus balcanicus - Insektenliebe\" \/>\n<meta property=\"og:description\" content=\"Eresus balcanicus - una specie di ragno tubolare dai colori intensi proveniente dal Mediterraneo orientale. Robusto, affascinante e perfetto per gli appassionati.\" \/>\n<meta property=\"og:url\" content=\"https:\/\/insektenliebe.com\/it\/shop\/prodotto\/eresus-balcanicus\/\" \/>\n<meta property=\"og:site_name\" content=\"Insektenliebe\" \/>\n<meta property=\"og:image\" content=\"https:\/\/insektenliebe.com\/wp-content\/uploads\/2026\/01\/Eresus-balcanicus.jpg\" \/>\n\t<meta property=\"og:image:width\" content=\"820\" \/>\n\t<meta property=\"og:image:height\" content=\"820\" \/>\n\t<meta property=\"og:image:type\" content=\"image\/jpeg\" \/>\n<meta name=\"twitter:card\" content=\"summary_large_image\" \/>\n<meta name=\"twitter:label1\" content=\"Tempo di lettura stimato\" \/>\n\t<meta name=\"twitter:data1\" content=\"2 minuto\" \/>\n<script type=\"application\/ld+json\" class=\"yoast-schema-graph\">{\"@context\":\"https:\\\/\\\/schema.org\",\"@graph\":[{\"@type\":\"WebPage\",\"@id\":\"https:\\\/\\\/insektenliebe.com\\\/it\\\/shop\\\/prodotto\\\/eresus-balcanicus\\\/\",\"url\":\"https:\\\/\\\/insektenliebe.com\\\/it\\\/shop\\\/prodotto\\\/eresus-balcanicus\\\/\",\"name\":\"Eresus balcanicus - Insektenliebe\",\"isPartOf\":{\"@id\":\"https:\\\/\\\/insektenliebe.com\\\/it\\\/#website\"},\"primaryImageOfPage\":{\"@id\":\"https:\\\/\\\/insektenliebe.com\\\/it\\\/shop\\\/prodotto\\\/eresus-balcanicus\\\/#primaryimage\"},\"image\":{\"@id\":\"https:\\\/\\\/insektenliebe.com\\\/it\\\/shop\\\/prodotto\\\/eresus-balcanicus\\\/#primaryimage\"},\"thumbnailUrl\":\"https:\\\/\\\/insektenliebe.com\\\/wp-content\\\/uploads\\\/2026\\\/01\\\/Eresus-balcanicus.jpg\",\"datePublished\":\"2026-01-21T09:06:08+00:00\",\"description\":\"Eresus balcanicus - una specie di ragno tubolare dai colori intensi proveniente dal Mediterraneo orientale. Robusto, affascinante e perfetto per gli appassionati.\",\"breadcrumb\":{\"@id\":\"https:\\\/\\\/insektenliebe.com\\\/it\\\/shop\\\/prodotto\\\/eresus-balcanicus\\\/#breadcrumb\"},\"inLanguage\":\"it-IT\",\"potentialAction\":[{\"@type\":\"ReadAction\",\"target\":[\"https:\\\/\\\/insektenliebe.com\\\/it\\\/shop\\\/prodotto\\\/eresus-balcanicus\\\/\"]}]},{\"@type\":\"ImageObject\",\"inLanguage\":\"it-IT\",\"@id\":\"https:\\\/\\\/insektenliebe.com\\\/it\\\/shop\\\/prodotto\\\/eresus-balcanicus\\\/#primaryimage\",\"url\":\"https:\\\/\\\/insektenliebe.com\\\/wp-content\\\/uploads\\\/2026\\\/01\\\/Eresus-balcanicus.jpg\",\"contentUrl\":\"https:\\\/\\\/insektenliebe.com\\\/wp-content\\\/uploads\\\/2026\\\/01\\\/Eresus-balcanicus.jpg\",\"width\":820,\"height\":820,\"caption\":\"Eresus balcanicus\"},{\"@type\":\"BreadcrumbList\",\"@id\":\"https:\\\/\\\/insektenliebe.com\\\/it\\\/shop\\\/prodotto\\\/eresus-balcanicus\\\/#breadcrumb\",\"itemListElement\":[{\"@type\":\"ListItem\",\"position\":1,\"name\":\"Startseite\",\"item\":\"https:\\\/\\\/insektenliebe.com\\\/it\\\/\"},{\"@type\":\"ListItem\",\"position\":2,\"name\":\"Negozio\",\"item\":\"https:\\\/\\\/insektenliebe.com\\\/it\\\/negozio\\\/\"},{\"@type\":\"ListItem\",\"position\":3,\"name\":\"Eresus balcanicus\"}]},{\"@type\":\"WebSite\",\"@id\":\"https:\\\/\\\/insektenliebe.com\\\/it\\\/#website\",\"url\":\"https:\\\/\\\/insektenliebe.com\\\/it\\\/\",\"name\":\"Insektenliebe\",\"description\":\"Dein Zuhause f\u00fcr die kleinen Lebewesen\",\"publisher\":{\"@id\":\"https:\\\/\\\/insektenliebe.com\\\/it\\\/#organization\"},\"potentialAction\":[{\"@type\":\"SearchAction\",\"target\":{\"@type\":\"EntryPoint\",\"urlTemplate\":\"https:\\\/\\\/insektenliebe.com\\\/it\\\/?s={search_term_string}\"},\"query-input\":{\"@type\":\"PropertyValueSpecification\",\"valueRequired\":true,\"valueName\":\"search_term_string\"}}],\"inLanguage\":\"it-IT\"},{\"@type\":\"Organization\",\"@id\":\"https:\\\/\\\/insektenliebe.com\\\/it\\\/#organization\",\"name\":\"Insektenliebe\",\"url\":\"https:\\\/\\\/insektenliebe.com\\\/it\\\/\",\"logo\":{\"@type\":\"ImageObject\",\"inLanguage\":\"it-IT\",\"@id\":\"https:\\\/\\\/insektenliebe.com\\\/it\\\/#\\\/schema\\\/logo\\\/image\\\/\",\"url\":\"https:\\\/\\\/insektenliebe.com\\\/wp-content\\\/uploads\\\/2025\\\/03\\\/logo-white.png\",\"contentUrl\":\"https:\\\/\\\/insektenliebe.com\\\/wp-content\\\/uploads\\\/2025\\\/03\\\/logo-white.png\",\"width\":288,\"height\":188,\"caption\":\"Insektenliebe\"},\"image\":{\"@id\":\"https:\\\/\\\/insektenliebe.com\\\/it\\\/#\\\/schema\\\/logo\\\/image\\\/\"}}]}<\/script>\n<!-- \/ Yoast SEO plugin. -->","yoast_head_json":{"title":"Eresus balcanicus - Insektenliebe","description":"Eresus balcanicus - una specie di ragno tubolare dai colori intensi proveniente dal Mediterraneo orientale. Robusto, affascinante e perfetto per gli appassionati.","robots":{"index":"index","follow":"follow","max-snippet":"max-snippet:-1","max-image-preview":"max-image-preview:large","max-video-preview":"max-video-preview:-1"},"canonical":"https:\/\/insektenliebe.com\/it\/shop\/prodotto\/eresus-balcanicus\/","og_locale":"it_IT","og_type":"article","og_title":"Eresus balcanicus - Insektenliebe","og_description":"Eresus balcanicus - una specie di ragno tubolare dai colori intensi proveniente dal Mediterraneo orientale. Robusto, affascinante e perfetto per gli appassionati.","og_url":"https:\/\/insektenliebe.com\/it\/shop\/prodotto\/eresus-balcanicus\/","og_site_name":"Insektenliebe","og_image":[{"width":820,"height":820,"url":"https:\/\/insektenliebe.com\/wp-content\/uploads\/2026\/01\/Eresus-balcanicus.jpg","type":"image\/jpeg"}],"twitter_card":"summary_large_image","twitter_misc":{"Tempo di lettura stimato":"2 minuto"},"schema":{"@context":"https:\/\/schema.org","@graph":[{"@type":"WebPage","@id":"https:\/\/insektenliebe.com\/it\/shop\/prodotto\/eresus-balcanicus\/","url":"https:\/\/insektenliebe.com\/it\/shop\/prodotto\/eresus-balcanicus\/","name":"Eresus balcanicus - Insektenliebe","isPartOf":{"@id":"https:\/\/insektenliebe.com\/it\/#website"},"primaryImageOfPage":{"@id":"https:\/\/insektenliebe.com\/it\/shop\/prodotto\/eresus-balcanicus\/#primaryimage"},"image":{"@id":"https:\/\/insektenliebe.com\/it\/shop\/prodotto\/eresus-balcanicus\/#primaryimage"},"thumbnailUrl":"https:\/\/insektenliebe.com\/wp-content\/uploads\/2026\/01\/Eresus-balcanicus.jpg","datePublished":"2026-01-21T09:06:08+00:00","description":"Eresus balcanicus - una specie di ragno tubolare dai colori intensi proveniente dal Mediterraneo orientale. Robusto, affascinante e perfetto per gli appassionati.","breadcrumb":{"@id":"https:\/\/insektenliebe.com\/it\/shop\/prodotto\/eresus-balcanicus\/#breadcrumb"},"inLanguage":"it-IT","potentialAction":[{"@type":"ReadAction","target":["https:\/\/insektenliebe.com\/it\/shop\/prodotto\/eresus-balcanicus\/"]}]},{"@type":"ImageObject","inLanguage":"it-IT","@id":"https:\/\/insektenliebe.com\/it\/shop\/prodotto\/eresus-balcanicus\/#primaryimage","url":"https:\/\/insektenliebe.com\/wp-content\/uploads\/2026\/01\/Eresus-balcanicus.jpg","contentUrl":"https:\/\/insektenliebe.com\/wp-content\/uploads\/2026\/01\/Eresus-balcanicus.jpg","width":820,"height":820,"caption":"Eresus balcanicus"},{"@type":"BreadcrumbList","@id":"https:\/\/insektenliebe.com\/it\/shop\/prodotto\/eresus-balcanicus\/#breadcrumb","itemListElement":[{"@type":"ListItem","position":1,"name":"Startseite","item":"https:\/\/insektenliebe.com\/it\/"},{"@type":"ListItem","position":2,"name":"Negozio","item":"https:\/\/insektenliebe.com\/it\/negozio\/"},{"@type":"ListItem","position":3,"name":"Eresus balcanicus"}]},{"@type":"WebSite","@id":"https:\/\/insektenliebe.com\/it\/#website","url":"https:\/\/insektenliebe.com\/it\/","name":"Insektenliebe","description":"Dein Zuhause f\u00fcr die kleinen Lebewesen","publisher":{"@id":"https:\/\/insektenliebe.com\/it\/#organization"},"potentialAction":[{"@type":"SearchAction","target":{"@type":"EntryPoint","urlTemplate":"https:\/\/insektenliebe.com\/it\/?s={search_term_string}"},"query-input":{"@type":"PropertyValueSpecification","valueRequired":true,"valueName":"search_term_string"}}],"inLanguage":"it-IT"},{"@type":"Organization","@id":"https:\/\/insektenliebe.com\/it\/#organization","name":"Insektenliebe","url":"https:\/\/insektenliebe.com\/it\/","logo":{"@type":"ImageObject","inLanguage":"it-IT","@id":"https:\/\/insektenliebe.com\/it\/#\/schema\/logo\/image\/","url":"https:\/\/insektenliebe.com\/wp-content\/uploads\/2025\/03\/logo-white.png","contentUrl":"https:\/\/insektenliebe.com\/wp-content\/uploads\/2025\/03\/logo-white.png","width":288,"height":188,"caption":"Insektenliebe"},"image":{"@id":"https:\/\/insektenliebe.com\/it\/#\/schema\/logo\/image\/"}}]}},"_links":{"self":[{"href":"https:\/\/insektenliebe.com\/it\/wp-json\/wp\/v2\/product\/189849","targetHints":{"allow":["GET"]}}],"collection":[{"href":"https:\/\/insektenliebe.com\/it\/wp-json\/wp\/v2\/product"}],"about":[{"href":"https:\/\/insektenliebe.com\/it\/wp-json\/wp\/v2\/types\/product"}],"wp:featuredmedia":[{"embeddable":true,"href":"https:\/\/insektenliebe.com\/it\/wp-json\/wp\/v2\/media\/189850"}],"wp:attachment":[{"href":"https:\/\/insektenliebe.com\/it\/wp-json\/wp\/v2\/media?parent=189849"}],"wp:term":[{"taxonomy":"product-supplier","embeddable":true,"href":"https:\/\/insektenliebe.com\/it\/wp-json\/wp\/v2\/product-supplier?post=189849"},{"taxonomy":"product_brand","embeddable":true,"href":"https:\/\/insektenliebe.com\/it\/wp-json\/wp\/v2\/product_brand?post=189849"},{"taxonomy":"product_cat","embeddable":true,"href":"https:\/\/insektenliebe.com\/it\/wp-json\/wp\/v2\/product_cat?post=189849"},{"taxonomy":"product_tag","embeddable":true,"href":"https:\/\/insektenliebe.com\/it\/wp-json\/wp\/v2\/product_tag?post=189849"},{"taxonomy":"lce-checkout-addons","embeddable":true,"href":"https:\/\/insektenliebe.com\/it\/wp-json\/wp\/v2\/lce-checkout-addons?post=189849"}],"curies":[{"name":"wp","href":"https:\/\/api.w.org\/{rel}","templated":true}]}}