{"id":189848,"date":"2019-09-25T07:05:15","date_gmt":"2019-09-25T07:05:15","guid":{"rendered":"https:\/\/insektenliebe.com\/shop\/produkt\/gelatina-di-scarabeo\/"},"modified":"2026-03-09T17:50:08","modified_gmt":"2026-03-09T16:50:08","slug":"gelatina-di-scarabeo","status":"publish","type":"product","link":"https:\/\/insektenliebe.com\/it\/shop\/prodotto\/gelatina-di-scarabeo\/","title":{"rendered":"Gelatina di scarabeo"},"content":{"rendered":"<h3><span class=\"s1\" style=\"color: #99cc33;\">Gelatina di frutta di qualit\u00e0 superiore per scarafaggi, cocciniglie e scarafaggi<\/span><\/h3>\n<p class=\"p1\"><span class=\"s1\">La nostra <\/span><strong><span class=\"s2\">Gelatina di scarabeo<\/span><\/strong><span class=\"s1\">  \u00e8 una gelatina di vitamine e frutta di alta qualit\u00e0 che produciamo con grande cura in Germania. Questo alimento \u00e8 a base di frutta e verdura selezionate. Il risultato \u00e8 un alimento supplementare particolarmente naturale e nutriente per molti animali da terrario.  <\/span><\/p>\n<p class=\"p1\"><span class=\"s1\">Durante la produzione prestiamo attenzione alla qualit\u00e0 e alla naturalezza. Ecco perch\u00e9 la nostra gelatina contiene   <\/span><span class=\"s2\">Senza conservanti, senza coloranti e senza additivi non necessari<\/span><span class=\"s1\">. In questo modo otterrai un mangime puro e sicuro che fornir\u00e0 ai tuoi animali un&#8217;alimentazione ottimale.<\/span><\/p>\n<p class=\"p1\"><span class=\"s1\">La <strong>gelatina di scarabeo<\/strong> \u00e8 adatta a molti abitanti di terrari diversi. In particolare  <\/span><span class=\"s2\">Scarafaggi, gechi, millepiedi, cocciniglia, formiche e scarafaggi<\/span><span class=\"s1\">  amano la gelatina fruttata. Allo stesso tempo, puoi utilizzarla come un eccellente   <\/span><span class=\"s2\">Miglioramento degli insetti da mangiare<\/span><span class=\"s1\">  utilizzo. Quando grilli, grillini o scarafaggi mangiano <strong>la gelatina di scarabeo<\/strong>, assorbono importanti nutrienti e umidit\u00e0. In questo modo migliorano la loro composizione nutritiva, che a sua volta giova agli animali del terrario.  <\/span><\/p>\n<p class=\"p1\"><span class=\"s1\">La gelatina fruttata fornisce preziose <\/span><span class=\"s2\">vitamine, minerali ed energia<\/span><span class=\"s1\">. Favorisce una dieta equilibrata e pu\u00f2 promuovere la vitalit\u00e0 dei tuoi animali. Inoltre, un buon apporto di nutrienti pu\u00f2 migliorare la salute di molte specie.   <\/span><span class=\"s2\">deposizione delle uova e riproduzione<\/span><span class=\"s1\"> hanno un&#8217;influenza positiva.<\/span><\/p>\n<p class=\"p1\"><span class=\"s1\">Un altro vantaggio risiede nell&#8217;applicazione pratica. A differenza della frutta o della verdura fresca, la <strong>gelatina di maggiolini <\/strong>  <\/span><span class=\"s2\">Diminuiscono sensibilmente i moscerini della frutta e i moscerini dei funghi<\/span><span class=\"s1\">  on. In questo modo il terrario rimane pi\u00f9 pulito e igienico, il che \u00e8 particolarmente utile negli spazi abitativi. <\/span><\/p>\n<p class=\"p1\"><span class=\"s1\">Dopo l&#8217;apertura, la <strong>gelatina di coleotteri<\/strong> rimane fresca nel terrario per circa <\/span><span class=\"s2\">una settimana fresca<\/span><span class=\"s1\">. Se lo conservi non aperto e in un luogo fresco, \u00e8 ancora pi\u00f9 efficace.  <\/span><span class=\"s2\">Durata di conservazione fino a sei mesi<\/span><span class=\"s1\">. Cos\u00ec potrai tenerlo sempre a portata di mano.<\/span><\/p>\n<p class=\"p1\"><span class=\"s1\">Con la nostra <\/span><strong><span class=\"s2\">Gelatina di scarabeo<\/span><\/strong><span class=\"s1\"> offrirai ai tuoi abitanti del terrario un integratore alimentare naturale <\/span><span class=\"s2\">naturale, ricco di vitamine e integratore alimentare fruttato che \u00e8<\/span><span class=\"s1\">che \u00e8 anche pratico, pulito e versatile.<\/span><\/p>\n<p style=\"text-align: left;\"><strong>Ingredienti:<br \/>\n<\/strong>Frutta o verdura, zucchero di canna, miele, agar agar<\/p>\n","protected":false},"excerpt":{"rendered":"<p>Gelatina di frutta di qualit\u00e0 superiore per scarafaggi, cocciniglie e scarafaggi La nostra Gelatina di scarabeo \u00e8 una gelatina di vitamine e frutta di alta qualit\u00e0 che produciamo con grande cura in Germania. Questo alimento \u00e8 a base di frutta e verdura selezionate. Il risultato \u00e8 un alimento supplementare particolarmente naturale e nutriente per molti [&hellip;]<\/p>\n","protected":false},"featured_media":185977,"template":"","meta":{"_acf_changed":false},"product-supplier":[],"product_brand":[],"product_cat":[2815],"product_tag":[],"lce-checkout-addons":[],"class_list":{"0":"post-189848","1":"product","2":"type-product","3":"status-publish","4":"has-post-thumbnail","6":"product_cat-cibo-e-calcio","7":"product_shipping_class-equipment-shipping","8":"pa_herkunft-germania","10":"first","11":"instock","12":"sale","13":"taxable","14":"shipping-taxable","15":"purchasable","16":"product-type-variable","17":"has-default-attributes"},"acf":[],"yoast_head":"<!-- This site is optimized with the Yoast SEO plugin v27.3 - https:\/\/yoast.com\/product\/yoast-seo-wordpress\/ -->\n<title>Gelatina di scarabeo - Insektenliebe<\/title>\n<meta name=\"description\" content=\"Beetle Jelly - gelatina vitaminica fruttata per coleotteri, isopodi, gechi e insetti nutrici. Senza additivi, prodotta in Germania.\" \/>\n<meta name=\"robots\" content=\"index, follow, max-snippet:-1, max-image-preview:large, max-video-preview:-1\" \/>\n<link rel=\"canonical\" href=\"https:\/\/insektenliebe.com\/it\/shop\/prodotto\/gelatina-di-scarabeo\/\" \/>\n<meta property=\"og:locale\" content=\"it_IT\" \/>\n<meta property=\"og:type\" content=\"article\" \/>\n<meta property=\"og:title\" content=\"Gelatina di scarabeo - Insektenliebe\" \/>\n<meta property=\"og:description\" content=\"Beetle Jelly - gelatina vitaminica fruttata per coleotteri, isopodi, gechi e insetti nutrici. Senza additivi, prodotta in Germania.\" \/>\n<meta property=\"og:url\" content=\"https:\/\/insektenliebe.com\/it\/shop\/prodotto\/gelatina-di-scarabeo\/\" \/>\n<meta property=\"og:site_name\" content=\"Insektenliebe\" \/>\n<meta property=\"article:modified_time\" content=\"2026-03-09T16:50:08+00:00\" \/>\n<meta property=\"og:image\" content=\"https:\/\/insektenliebe.com\/wp-content\/uploads\/2025\/05\/Beetle-Jelly-Karroten-scaled-3.jpg\" \/>\n\t<meta property=\"og:image:width\" content=\"2560\" \/>\n\t<meta property=\"og:image:height\" content=\"2560\" \/>\n\t<meta property=\"og:image:type\" content=\"image\/jpeg\" \/>\n<meta name=\"twitter:card\" content=\"summary_large_image\" \/>\n<meta name=\"twitter:label1\" content=\"Tempo di lettura stimato\" \/>\n\t<meta name=\"twitter:data1\" content=\"2 minuto\" \/>\n<script type=\"application\/ld+json\" class=\"yoast-schema-graph\">{\"@context\":\"https:\\\/\\\/schema.org\",\"@graph\":[{\"@type\":\"WebPage\",\"@id\":\"https:\\\/\\\/insektenliebe.com\\\/it\\\/shop\\\/prodotto\\\/gelatina-di-scarabeo\\\/\",\"url\":\"https:\\\/\\\/insektenliebe.com\\\/it\\\/shop\\\/prodotto\\\/gelatina-di-scarabeo\\\/\",\"name\":\"Gelatina di scarabeo - Insektenliebe\",\"isPartOf\":{\"@id\":\"https:\\\/\\\/insektenliebe.com\\\/it\\\/#website\"},\"primaryImageOfPage\":{\"@id\":\"https:\\\/\\\/insektenliebe.com\\\/it\\\/shop\\\/prodotto\\\/gelatina-di-scarabeo\\\/#primaryimage\"},\"image\":{\"@id\":\"https:\\\/\\\/insektenliebe.com\\\/it\\\/shop\\\/prodotto\\\/gelatina-di-scarabeo\\\/#primaryimage\"},\"thumbnailUrl\":\"https:\\\/\\\/insektenliebe.com\\\/wp-content\\\/uploads\\\/2025\\\/05\\\/Beetle-Jelly-Karroten-scaled-3.jpg\",\"datePublished\":\"2019-09-25T07:05:15+00:00\",\"dateModified\":\"2026-03-09T16:50:08+00:00\",\"description\":\"Beetle Jelly - gelatina vitaminica fruttata per coleotteri, isopodi, gechi e insetti nutrici. Senza additivi, prodotta in Germania.\",\"breadcrumb\":{\"@id\":\"https:\\\/\\\/insektenliebe.com\\\/it\\\/shop\\\/prodotto\\\/gelatina-di-scarabeo\\\/#breadcrumb\"},\"inLanguage\":\"it-IT\",\"potentialAction\":[{\"@type\":\"ReadAction\",\"target\":[\"https:\\\/\\\/insektenliebe.com\\\/it\\\/shop\\\/prodotto\\\/gelatina-di-scarabeo\\\/\"]}]},{\"@type\":\"ImageObject\",\"inLanguage\":\"it-IT\",\"@id\":\"https:\\\/\\\/insektenliebe.com\\\/it\\\/shop\\\/prodotto\\\/gelatina-di-scarabeo\\\/#primaryimage\",\"url\":\"https:\\\/\\\/insektenliebe.com\\\/wp-content\\\/uploads\\\/2025\\\/05\\\/Beetle-Jelly-Karroten-scaled-3.jpg\",\"contentUrl\":\"https:\\\/\\\/insektenliebe.com\\\/wp-content\\\/uploads\\\/2025\\\/05\\\/Beetle-Jelly-Karroten-scaled-3.jpg\",\"width\":2560,\"height\":2560,\"caption\":\"Scarabeo-Gelatina-Carote-scalate-3.jpg\"},{\"@type\":\"BreadcrumbList\",\"@id\":\"https:\\\/\\\/insektenliebe.com\\\/it\\\/shop\\\/prodotto\\\/gelatina-di-scarabeo\\\/#breadcrumb\",\"itemListElement\":[{\"@type\":\"ListItem\",\"position\":1,\"name\":\"Startseite\",\"item\":\"https:\\\/\\\/insektenliebe.com\\\/it\\\/\"},{\"@type\":\"ListItem\",\"position\":2,\"name\":\"Negozio\",\"item\":\"https:\\\/\\\/insektenliebe.com\\\/it\\\/negozio\\\/\"},{\"@type\":\"ListItem\",\"position\":3,\"name\":\"Gelatina di scarabeo\"}]},{\"@type\":\"WebSite\",\"@id\":\"https:\\\/\\\/insektenliebe.com\\\/it\\\/#website\",\"url\":\"https:\\\/\\\/insektenliebe.com\\\/it\\\/\",\"name\":\"Insektenliebe\",\"description\":\"Dein Zuhause f\u00fcr die kleinen Lebewesen\",\"publisher\":{\"@id\":\"https:\\\/\\\/insektenliebe.com\\\/it\\\/#organization\"},\"potentialAction\":[{\"@type\":\"SearchAction\",\"target\":{\"@type\":\"EntryPoint\",\"urlTemplate\":\"https:\\\/\\\/insektenliebe.com\\\/it\\\/?s={search_term_string}\"},\"query-input\":{\"@type\":\"PropertyValueSpecification\",\"valueRequired\":true,\"valueName\":\"search_term_string\"}}],\"inLanguage\":\"it-IT\"},{\"@type\":\"Organization\",\"@id\":\"https:\\\/\\\/insektenliebe.com\\\/it\\\/#organization\",\"name\":\"Insektenliebe\",\"url\":\"https:\\\/\\\/insektenliebe.com\\\/it\\\/\",\"logo\":{\"@type\":\"ImageObject\",\"inLanguage\":\"it-IT\",\"@id\":\"https:\\\/\\\/insektenliebe.com\\\/it\\\/#\\\/schema\\\/logo\\\/image\\\/\",\"url\":\"https:\\\/\\\/insektenliebe.com\\\/wp-content\\\/uploads\\\/2025\\\/03\\\/logo-white.png\",\"contentUrl\":\"https:\\\/\\\/insektenliebe.com\\\/wp-content\\\/uploads\\\/2025\\\/03\\\/logo-white.png\",\"width\":288,\"height\":188,\"caption\":\"Insektenliebe\"},\"image\":{\"@id\":\"https:\\\/\\\/insektenliebe.com\\\/it\\\/#\\\/schema\\\/logo\\\/image\\\/\"}}]}<\/script>\n<!-- \/ Yoast SEO plugin. -->","yoast_head_json":{"title":"Gelatina di scarabeo - Insektenliebe","description":"Beetle Jelly - gelatina vitaminica fruttata per coleotteri, isopodi, gechi e insetti nutrici. Senza additivi, prodotta in Germania.","robots":{"index":"index","follow":"follow","max-snippet":"max-snippet:-1","max-image-preview":"max-image-preview:large","max-video-preview":"max-video-preview:-1"},"canonical":"https:\/\/insektenliebe.com\/it\/shop\/prodotto\/gelatina-di-scarabeo\/","og_locale":"it_IT","og_type":"article","og_title":"Gelatina di scarabeo - Insektenliebe","og_description":"Beetle Jelly - gelatina vitaminica fruttata per coleotteri, isopodi, gechi e insetti nutrici. Senza additivi, prodotta in Germania.","og_url":"https:\/\/insektenliebe.com\/it\/shop\/prodotto\/gelatina-di-scarabeo\/","og_site_name":"Insektenliebe","article_modified_time":"2026-03-09T16:50:08+00:00","og_image":[{"width":2560,"height":2560,"url":"https:\/\/insektenliebe.com\/wp-content\/uploads\/2025\/05\/Beetle-Jelly-Karroten-scaled-3.jpg","type":"image\/jpeg"}],"twitter_card":"summary_large_image","twitter_misc":{"Tempo di lettura stimato":"2 minuto"},"schema":{"@context":"https:\/\/schema.org","@graph":[{"@type":"WebPage","@id":"https:\/\/insektenliebe.com\/it\/shop\/prodotto\/gelatina-di-scarabeo\/","url":"https:\/\/insektenliebe.com\/it\/shop\/prodotto\/gelatina-di-scarabeo\/","name":"Gelatina di scarabeo - Insektenliebe","isPartOf":{"@id":"https:\/\/insektenliebe.com\/it\/#website"},"primaryImageOfPage":{"@id":"https:\/\/insektenliebe.com\/it\/shop\/prodotto\/gelatina-di-scarabeo\/#primaryimage"},"image":{"@id":"https:\/\/insektenliebe.com\/it\/shop\/prodotto\/gelatina-di-scarabeo\/#primaryimage"},"thumbnailUrl":"https:\/\/insektenliebe.com\/wp-content\/uploads\/2025\/05\/Beetle-Jelly-Karroten-scaled-3.jpg","datePublished":"2019-09-25T07:05:15+00:00","dateModified":"2026-03-09T16:50:08+00:00","description":"Beetle Jelly - gelatina vitaminica fruttata per coleotteri, isopodi, gechi e insetti nutrici. Senza additivi, prodotta in Germania.","breadcrumb":{"@id":"https:\/\/insektenliebe.com\/it\/shop\/prodotto\/gelatina-di-scarabeo\/#breadcrumb"},"inLanguage":"it-IT","potentialAction":[{"@type":"ReadAction","target":["https:\/\/insektenliebe.com\/it\/shop\/prodotto\/gelatina-di-scarabeo\/"]}]},{"@type":"ImageObject","inLanguage":"it-IT","@id":"https:\/\/insektenliebe.com\/it\/shop\/prodotto\/gelatina-di-scarabeo\/#primaryimage","url":"https:\/\/insektenliebe.com\/wp-content\/uploads\/2025\/05\/Beetle-Jelly-Karroten-scaled-3.jpg","contentUrl":"https:\/\/insektenliebe.com\/wp-content\/uploads\/2025\/05\/Beetle-Jelly-Karroten-scaled-3.jpg","width":2560,"height":2560,"caption":"Scarabeo-Gelatina-Carote-scalate-3.jpg"},{"@type":"BreadcrumbList","@id":"https:\/\/insektenliebe.com\/it\/shop\/prodotto\/gelatina-di-scarabeo\/#breadcrumb","itemListElement":[{"@type":"ListItem","position":1,"name":"Startseite","item":"https:\/\/insektenliebe.com\/it\/"},{"@type":"ListItem","position":2,"name":"Negozio","item":"https:\/\/insektenliebe.com\/it\/negozio\/"},{"@type":"ListItem","position":3,"name":"Gelatina di scarabeo"}]},{"@type":"WebSite","@id":"https:\/\/insektenliebe.com\/it\/#website","url":"https:\/\/insektenliebe.com\/it\/","name":"Insektenliebe","description":"Dein Zuhause f\u00fcr die kleinen Lebewesen","publisher":{"@id":"https:\/\/insektenliebe.com\/it\/#organization"},"potentialAction":[{"@type":"SearchAction","target":{"@type":"EntryPoint","urlTemplate":"https:\/\/insektenliebe.com\/it\/?s={search_term_string}"},"query-input":{"@type":"PropertyValueSpecification","valueRequired":true,"valueName":"search_term_string"}}],"inLanguage":"it-IT"},{"@type":"Organization","@id":"https:\/\/insektenliebe.com\/it\/#organization","name":"Insektenliebe","url":"https:\/\/insektenliebe.com\/it\/","logo":{"@type":"ImageObject","inLanguage":"it-IT","@id":"https:\/\/insektenliebe.com\/it\/#\/schema\/logo\/image\/","url":"https:\/\/insektenliebe.com\/wp-content\/uploads\/2025\/03\/logo-white.png","contentUrl":"https:\/\/insektenliebe.com\/wp-content\/uploads\/2025\/03\/logo-white.png","width":288,"height":188,"caption":"Insektenliebe"},"image":{"@id":"https:\/\/insektenliebe.com\/it\/#\/schema\/logo\/image\/"}}]}},"_links":{"self":[{"href":"https:\/\/insektenliebe.com\/it\/wp-json\/wp\/v2\/product\/189848","targetHints":{"allow":["GET"]}}],"collection":[{"href":"https:\/\/insektenliebe.com\/it\/wp-json\/wp\/v2\/product"}],"about":[{"href":"https:\/\/insektenliebe.com\/it\/wp-json\/wp\/v2\/types\/product"}],"wp:featuredmedia":[{"embeddable":true,"href":"https:\/\/insektenliebe.com\/it\/wp-json\/wp\/v2\/media\/185977"}],"wp:attachment":[{"href":"https:\/\/insektenliebe.com\/it\/wp-json\/wp\/v2\/media?parent=189848"}],"wp:term":[{"taxonomy":"product-supplier","embeddable":true,"href":"https:\/\/insektenliebe.com\/it\/wp-json\/wp\/v2\/product-supplier?post=189848"},{"taxonomy":"product_brand","embeddable":true,"href":"https:\/\/insektenliebe.com\/it\/wp-json\/wp\/v2\/product_brand?post=189848"},{"taxonomy":"product_cat","embeddable":true,"href":"https:\/\/insektenliebe.com\/it\/wp-json\/wp\/v2\/product_cat?post=189848"},{"taxonomy":"product_tag","embeddable":true,"href":"https:\/\/insektenliebe.com\/it\/wp-json\/wp\/v2\/product_tag?post=189848"},{"taxonomy":"lce-checkout-addons","embeddable":true,"href":"https:\/\/insektenliebe.com\/it\/wp-json\/wp\/v2\/lce-checkout-addons?post=189848"}],"curies":[{"name":"wp","href":"https:\/\/api.w.org\/{rel}","templated":true}]}}