{"id":189831,"date":"2026-02-24T11:17:44","date_gmt":"2026-02-24T10:17:44","guid":{"rendered":"https:\/\/insektenliebe.com\/shop\/produkt\/insektenliebe-terraleaf-brick\/"},"modified":"2026-04-09T07:03:12","modified_gmt":"2026-04-09T05:03:12","slug":"insektenliebe-terraleaf-brick","status":"publish","type":"product","link":"https:\/\/insektenliebe.com\/it\/shop\/prodotto\/insektenliebe-terraleaf-brick\/","title":{"rendered":"Insektenliebe Terraleaf Brick"},"content":{"rendered":"<h3><span class=\"s1\" style=\"color: #99cc33\">Insektenliebe Terraleaf-Brick - La potenza delle foglie tropicali combinata<\/span><\/h3>\n<p class=\"p1\"><span class=\"s1\">Il <\/span><strong><span class=\"s2\">Mattone a foglia larga Insektenliebe<\/span><\/strong><span class=\"s1\">  \u00e8 una soluzione ben studiata e poco ingombrante per tutti coloro che desiderano progettare il proprio terrario in modo naturale, biologicamente sensato e allo stesso tempo semplice. Questo mattone \u00e8 realizzato con materiali accuratamente pressati   <\/span><span class=\"s2\">foglie tropicali<\/span><span class=\"s1\">  e combina diverse variet\u00e0 di foglie collaudate in un formato compatto. Include foglie di <span class=\"s2\">mandorlo marino, mango, anacardo, guava, guanabana, trincomalee, tek, avocado e jackfruit<\/span>. <\/span><span class=\"s1\">che hanno dato prova di s\u00e9 nella terraristica per anni.<\/span><\/p>\n<p class=\"p1\"><span class=\"s1\">Le foglie che contiene servono come <\/span><span class=\"s2\">fonte di cibo naturale<\/span><span class=\"s1\">  per le cocciniglie, i millepiedi, le code di primavera e altri decompositori. Allo stesso tempo, favoriscono la crescita di microrganismi che a loro volta aiutano a stabilizzare l&#8217;equilibrio biologico. Le foglie di mandorlo marino, in particolare, sono note per le loro propriet\u00e0 positive, in quanto rilasciano tannini e quindi hanno un&#8217;influenza positiva sull&#8217;ambiente del substrato.  <\/span><\/p>\n<p class=\"p1\"><span class=\"s1\">Il <strong><span class=\"s2\">Mattone di Terraleaf Insektenliebe<\/span><\/strong> supporta anche un microclima stabile <\/span><span class=\"s2\">microclima<\/span><span class=\"s1\">. Le foglie immagazzinano l&#8217;umidit\u00e0 e la rilasciano lentamente, creando rifugi umidi senza causare ristagni d&#8217;acqua. Allo stesso tempo, vengono create aree asciutte, permettendo agli animali di scegliere le loro zone preferite. \u00c8 proprio questa diversit\u00e0 che \u00e8 fondamentale per un terrario bioattivo funzionante.  <\/span><\/p>\n<p class=\"p1\"><span class=\"s1\">Il mattone Terraleaf \u00e8 di grande impatto visivo. Le diverse strutture e colori delle foglie garantiscono un aspetto naturale e vivace. Nei terrari per isopodi, nelle vasche per millepiedi o come strato di fogliame nelle foreste pluviali, il mattoncino si integra armoniosamente e non risulta mai artificiale.  <\/span><\/p>\n<p class=\"p1\"><span class=\"s1\">Il <strong><span class=\"s2\">Mattone a foglia larga Insektenliebe<\/span><\/strong><\/span><span class=\"s1\">  \u00e8 adatto sia per allestire nuovi terrari che per integrare regolarmente quelli esistenti. Permette di risparmiare spazio, tempo e fatica e fornisce esattamente ci\u00f2 di cui ha bisogno un substrato sano: Variet\u00e0, struttura e sostanza biologica. Un piccolo prodotto di grande impatto per chi vuole mantenere il proprio terrario veramente naturale.  <\/span><\/p>\n<p data-start=\"1814\" data-end=\"2128\" data-is-last-node=\"\" data-is-only-node=\"\"><strong><span class=\"hiddenSpellError\">Contenuto:<br \/>\n<\/span><\/strong><span class=\"s2\">3 litri (500 g) di mandorle di mare, mango, anacardi, guava, guanabana, trincomalee, tek, avocado e foglie di jackfruit<\/span><\/p>\n<h3>Applicazione:<\/h3>\n<p>Per utilizzare il <span class=\"s1\"><strong><span class=\"s2\">Insektenliebe Terraleaf Brick<\/span><\/strong><\/span> in modo ottimale, utilizza un secchio da 10 litri o un contenitore di dimensioni adeguate. Quindi versa con cura <strong>0,5 litri di acqua tiepida<\/strong> sul mattone e lascialo in ammollo per <strong>circa<\/strong> <strong>30 minuti<\/strong>, mescolando di tanto in tanto. <\/p>\n<p>Il blocco si gonfier\u00e0 gradualmente e si trasformer\u00e0 in un fogliame sciolto e naturale per il tuo terrario. Spremi l&#8217;acqua in eccesso prima di usarla. Innaffia il fogliame di tanto in tanto.  <\/p>\n","protected":false},"excerpt":{"rendered":"<p>Insektenliebe Terraleaf-Brick - La potenza delle foglie tropicali combinata Il Mattone a foglia larga Insektenliebe \u00e8 una soluzione ben studiata e poco ingombrante per tutti coloro che desiderano progettare il proprio terrario in modo naturale, biologicamente sensato e allo stesso tempo semplice. Questo mattone \u00e8 realizzato con materiali accuratamente pressati foglie tropicali e combina diverse [&hellip;]<\/p>\n","protected":false},"featured_media":189833,"template":"","meta":{"_acf_changed":false},"product-supplier":[2688],"product_brand":[2853],"product_cat":[2740,2894],"product_tag":[],"lce-checkout-addons":[],"class_list":{"0":"post-189831","1":"product","2":"type-product","3":"status-publish","4":"has-post-thumbnail","6":"product_brand-insektenliebe","7":"product_cat-arredamento-e-decorazione","8":"product_cat-substrati-e-muschi","9":"product_shipping_class-equipment-shipping","11":"first","12":"instock","13":"taxable","14":"shipping-taxable","15":"purchasable","16":"product-type-simple"},"acf":[],"yoast_head":"<!-- This site is optimized with the Yoast SEO plugin v27.3 - https:\/\/yoast.com\/product\/yoast-seo-wordpress\/ -->\n<title>Insektenliebe Terraleaf Brick - Insektenliebe<\/title>\n<meta name=\"description\" content=\"Insektenliebe Terraleaf-Brick - foglie tropicali pressate di mandorlo marino, mango, anacardi, guava e jackfruit per terrari bioattivi quasi naturali.\" \/>\n<meta name=\"robots\" content=\"index, follow, max-snippet:-1, max-image-preview:large, max-video-preview:-1\" \/>\n<link rel=\"canonical\" href=\"https:\/\/insektenliebe.com\/it\/shop\/prodotto\/insektenliebe-terraleaf-brick\/\" \/>\n<meta property=\"og:locale\" content=\"it_IT\" \/>\n<meta property=\"og:type\" content=\"article\" \/>\n<meta property=\"og:title\" content=\"Insektenliebe Terraleaf Brick - Insektenliebe\" \/>\n<meta property=\"og:description\" content=\"Insektenliebe Terraleaf-Brick - foglie tropicali pressate di mandorlo marino, mango, anacardi, guava e jackfruit per terrari bioattivi quasi naturali.\" \/>\n<meta property=\"og:url\" content=\"https:\/\/insektenliebe.com\/it\/shop\/prodotto\/insektenliebe-terraleaf-brick\/\" \/>\n<meta property=\"og:site_name\" content=\"Insektenliebe\" \/>\n<meta property=\"article:modified_time\" content=\"2026-04-09T05:03:12+00:00\" \/>\n<meta property=\"og:image\" content=\"https:\/\/insektenliebe.com\/wp-content\/uploads\/2026\/02\/Insektenliebe-Terraleaf-Brick.jpg\" \/>\n\t<meta property=\"og:image:width\" content=\"820\" \/>\n\t<meta property=\"og:image:height\" content=\"820\" \/>\n\t<meta property=\"og:image:type\" content=\"image\/jpeg\" \/>\n<meta name=\"twitter:card\" content=\"summary_large_image\" \/>\n<meta name=\"twitter:label1\" content=\"Tempo di lettura stimato\" \/>\n\t<meta name=\"twitter:data1\" content=\"2 minuto\" \/>\n<script type=\"application\/ld+json\" class=\"yoast-schema-graph\">{\"@context\":\"https:\\\/\\\/schema.org\",\"@graph\":[{\"@type\":\"WebPage\",\"@id\":\"https:\\\/\\\/insektenliebe.com\\\/it\\\/shop\\\/prodotto\\\/insektenliebe-terraleaf-brick\\\/\",\"url\":\"https:\\\/\\\/insektenliebe.com\\\/it\\\/shop\\\/prodotto\\\/insektenliebe-terraleaf-brick\\\/\",\"name\":\"Insektenliebe Terraleaf Brick - Insektenliebe\",\"isPartOf\":{\"@id\":\"https:\\\/\\\/insektenliebe.com\\\/it\\\/#website\"},\"primaryImageOfPage\":{\"@id\":\"https:\\\/\\\/insektenliebe.com\\\/it\\\/shop\\\/prodotto\\\/insektenliebe-terraleaf-brick\\\/#primaryimage\"},\"image\":{\"@id\":\"https:\\\/\\\/insektenliebe.com\\\/it\\\/shop\\\/prodotto\\\/insektenliebe-terraleaf-brick\\\/#primaryimage\"},\"thumbnailUrl\":\"https:\\\/\\\/insektenliebe.com\\\/wp-content\\\/uploads\\\/2026\\\/02\\\/Insektenliebe-Terraleaf-Brick.jpg\",\"datePublished\":\"2026-02-24T10:17:44+00:00\",\"dateModified\":\"2026-04-09T05:03:12+00:00\",\"description\":\"Insektenliebe Terraleaf-Brick - foglie tropicali pressate di mandorlo marino, mango, anacardi, guava e jackfruit per terrari bioattivi quasi naturali.\",\"breadcrumb\":{\"@id\":\"https:\\\/\\\/insektenliebe.com\\\/it\\\/shop\\\/prodotto\\\/insektenliebe-terraleaf-brick\\\/#breadcrumb\"},\"inLanguage\":\"it-IT\",\"potentialAction\":[{\"@type\":\"ReadAction\",\"target\":[\"https:\\\/\\\/insektenliebe.com\\\/it\\\/shop\\\/prodotto\\\/insektenliebe-terraleaf-brick\\\/\"]}]},{\"@type\":\"ImageObject\",\"inLanguage\":\"it-IT\",\"@id\":\"https:\\\/\\\/insektenliebe.com\\\/it\\\/shop\\\/prodotto\\\/insektenliebe-terraleaf-brick\\\/#primaryimage\",\"url\":\"https:\\\/\\\/insektenliebe.com\\\/wp-content\\\/uploads\\\/2026\\\/02\\\/Insektenliebe-Terraleaf-Brick.jpg\",\"contentUrl\":\"https:\\\/\\\/insektenliebe.com\\\/wp-content\\\/uploads\\\/2026\\\/02\\\/Insektenliebe-Terraleaf-Brick.jpg\",\"width\":820,\"height\":820,\"caption\":\"Insektenliebe Terraleaf Brick\"},{\"@type\":\"BreadcrumbList\",\"@id\":\"https:\\\/\\\/insektenliebe.com\\\/it\\\/shop\\\/prodotto\\\/insektenliebe-terraleaf-brick\\\/#breadcrumb\",\"itemListElement\":[{\"@type\":\"ListItem\",\"position\":1,\"name\":\"Startseite\",\"item\":\"https:\\\/\\\/insektenliebe.com\\\/it\\\/\"},{\"@type\":\"ListItem\",\"position\":2,\"name\":\"Negozio\",\"item\":\"https:\\\/\\\/insektenliebe.com\\\/it\\\/negozio\\\/\"},{\"@type\":\"ListItem\",\"position\":3,\"name\":\"Insektenliebe Terraleaf Brick\"}]},{\"@type\":\"WebSite\",\"@id\":\"https:\\\/\\\/insektenliebe.com\\\/it\\\/#website\",\"url\":\"https:\\\/\\\/insektenliebe.com\\\/it\\\/\",\"name\":\"Insektenliebe\",\"description\":\"Dein Zuhause f\u00fcr die kleinen Lebewesen\",\"publisher\":{\"@id\":\"https:\\\/\\\/insektenliebe.com\\\/it\\\/#organization\"},\"potentialAction\":[{\"@type\":\"SearchAction\",\"target\":{\"@type\":\"EntryPoint\",\"urlTemplate\":\"https:\\\/\\\/insektenliebe.com\\\/it\\\/?s={search_term_string}\"},\"query-input\":{\"@type\":\"PropertyValueSpecification\",\"valueRequired\":true,\"valueName\":\"search_term_string\"}}],\"inLanguage\":\"it-IT\"},{\"@type\":\"Organization\",\"@id\":\"https:\\\/\\\/insektenliebe.com\\\/it\\\/#organization\",\"name\":\"Insektenliebe\",\"url\":\"https:\\\/\\\/insektenliebe.com\\\/it\\\/\",\"logo\":{\"@type\":\"ImageObject\",\"inLanguage\":\"it-IT\",\"@id\":\"https:\\\/\\\/insektenliebe.com\\\/it\\\/#\\\/schema\\\/logo\\\/image\\\/\",\"url\":\"https:\\\/\\\/insektenliebe.com\\\/wp-content\\\/uploads\\\/2025\\\/03\\\/logo-white.png\",\"contentUrl\":\"https:\\\/\\\/insektenliebe.com\\\/wp-content\\\/uploads\\\/2025\\\/03\\\/logo-white.png\",\"width\":288,\"height\":188,\"caption\":\"Insektenliebe\"},\"image\":{\"@id\":\"https:\\\/\\\/insektenliebe.com\\\/it\\\/#\\\/schema\\\/logo\\\/image\\\/\"}}]}<\/script>\n<!-- \/ Yoast SEO plugin. -->","yoast_head_json":{"title":"Insektenliebe Terraleaf Brick - Insektenliebe","description":"Insektenliebe Terraleaf-Brick - foglie tropicali pressate di mandorlo marino, mango, anacardi, guava e jackfruit per terrari bioattivi quasi naturali.","robots":{"index":"index","follow":"follow","max-snippet":"max-snippet:-1","max-image-preview":"max-image-preview:large","max-video-preview":"max-video-preview:-1"},"canonical":"https:\/\/insektenliebe.com\/it\/shop\/prodotto\/insektenliebe-terraleaf-brick\/","og_locale":"it_IT","og_type":"article","og_title":"Insektenliebe Terraleaf Brick - Insektenliebe","og_description":"Insektenliebe Terraleaf-Brick - foglie tropicali pressate di mandorlo marino, mango, anacardi, guava e jackfruit per terrari bioattivi quasi naturali.","og_url":"https:\/\/insektenliebe.com\/it\/shop\/prodotto\/insektenliebe-terraleaf-brick\/","og_site_name":"Insektenliebe","article_modified_time":"2026-04-09T05:03:12+00:00","og_image":[{"width":820,"height":820,"url":"https:\/\/insektenliebe.com\/wp-content\/uploads\/2026\/02\/Insektenliebe-Terraleaf-Brick.jpg","type":"image\/jpeg"}],"twitter_card":"summary_large_image","twitter_misc":{"Tempo di lettura stimato":"2 minuto"},"schema":{"@context":"https:\/\/schema.org","@graph":[{"@type":"WebPage","@id":"https:\/\/insektenliebe.com\/it\/shop\/prodotto\/insektenliebe-terraleaf-brick\/","url":"https:\/\/insektenliebe.com\/it\/shop\/prodotto\/insektenliebe-terraleaf-brick\/","name":"Insektenliebe Terraleaf Brick - Insektenliebe","isPartOf":{"@id":"https:\/\/insektenliebe.com\/it\/#website"},"primaryImageOfPage":{"@id":"https:\/\/insektenliebe.com\/it\/shop\/prodotto\/insektenliebe-terraleaf-brick\/#primaryimage"},"image":{"@id":"https:\/\/insektenliebe.com\/it\/shop\/prodotto\/insektenliebe-terraleaf-brick\/#primaryimage"},"thumbnailUrl":"https:\/\/insektenliebe.com\/wp-content\/uploads\/2026\/02\/Insektenliebe-Terraleaf-Brick.jpg","datePublished":"2026-02-24T10:17:44+00:00","dateModified":"2026-04-09T05:03:12+00:00","description":"Insektenliebe Terraleaf-Brick - foglie tropicali pressate di mandorlo marino, mango, anacardi, guava e jackfruit per terrari bioattivi quasi naturali.","breadcrumb":{"@id":"https:\/\/insektenliebe.com\/it\/shop\/prodotto\/insektenliebe-terraleaf-brick\/#breadcrumb"},"inLanguage":"it-IT","potentialAction":[{"@type":"ReadAction","target":["https:\/\/insektenliebe.com\/it\/shop\/prodotto\/insektenliebe-terraleaf-brick\/"]}]},{"@type":"ImageObject","inLanguage":"it-IT","@id":"https:\/\/insektenliebe.com\/it\/shop\/prodotto\/insektenliebe-terraleaf-brick\/#primaryimage","url":"https:\/\/insektenliebe.com\/wp-content\/uploads\/2026\/02\/Insektenliebe-Terraleaf-Brick.jpg","contentUrl":"https:\/\/insektenliebe.com\/wp-content\/uploads\/2026\/02\/Insektenliebe-Terraleaf-Brick.jpg","width":820,"height":820,"caption":"Insektenliebe Terraleaf Brick"},{"@type":"BreadcrumbList","@id":"https:\/\/insektenliebe.com\/it\/shop\/prodotto\/insektenliebe-terraleaf-brick\/#breadcrumb","itemListElement":[{"@type":"ListItem","position":1,"name":"Startseite","item":"https:\/\/insektenliebe.com\/it\/"},{"@type":"ListItem","position":2,"name":"Negozio","item":"https:\/\/insektenliebe.com\/it\/negozio\/"},{"@type":"ListItem","position":3,"name":"Insektenliebe Terraleaf Brick"}]},{"@type":"WebSite","@id":"https:\/\/insektenliebe.com\/it\/#website","url":"https:\/\/insektenliebe.com\/it\/","name":"Insektenliebe","description":"Dein Zuhause f\u00fcr die kleinen Lebewesen","publisher":{"@id":"https:\/\/insektenliebe.com\/it\/#organization"},"potentialAction":[{"@type":"SearchAction","target":{"@type":"EntryPoint","urlTemplate":"https:\/\/insektenliebe.com\/it\/?s={search_term_string}"},"query-input":{"@type":"PropertyValueSpecification","valueRequired":true,"valueName":"search_term_string"}}],"inLanguage":"it-IT"},{"@type":"Organization","@id":"https:\/\/insektenliebe.com\/it\/#organization","name":"Insektenliebe","url":"https:\/\/insektenliebe.com\/it\/","logo":{"@type":"ImageObject","inLanguage":"it-IT","@id":"https:\/\/insektenliebe.com\/it\/#\/schema\/logo\/image\/","url":"https:\/\/insektenliebe.com\/wp-content\/uploads\/2025\/03\/logo-white.png","contentUrl":"https:\/\/insektenliebe.com\/wp-content\/uploads\/2025\/03\/logo-white.png","width":288,"height":188,"caption":"Insektenliebe"},"image":{"@id":"https:\/\/insektenliebe.com\/it\/#\/schema\/logo\/image\/"}}]}},"_links":{"self":[{"href":"https:\/\/insektenliebe.com\/it\/wp-json\/wp\/v2\/product\/189831","targetHints":{"allow":["GET"]}}],"collection":[{"href":"https:\/\/insektenliebe.com\/it\/wp-json\/wp\/v2\/product"}],"about":[{"href":"https:\/\/insektenliebe.com\/it\/wp-json\/wp\/v2\/types\/product"}],"wp:featuredmedia":[{"embeddable":true,"href":"https:\/\/insektenliebe.com\/it\/wp-json\/wp\/v2\/media\/189833"}],"wp:attachment":[{"href":"https:\/\/insektenliebe.com\/it\/wp-json\/wp\/v2\/media?parent=189831"}],"wp:term":[{"taxonomy":"product-supplier","embeddable":true,"href":"https:\/\/insektenliebe.com\/it\/wp-json\/wp\/v2\/product-supplier?post=189831"},{"taxonomy":"product_brand","embeddable":true,"href":"https:\/\/insektenliebe.com\/it\/wp-json\/wp\/v2\/product_brand?post=189831"},{"taxonomy":"product_cat","embeddable":true,"href":"https:\/\/insektenliebe.com\/it\/wp-json\/wp\/v2\/product_cat?post=189831"},{"taxonomy":"product_tag","embeddable":true,"href":"https:\/\/insektenliebe.com\/it\/wp-json\/wp\/v2\/product_tag?post=189831"},{"taxonomy":"lce-checkout-addons","embeddable":true,"href":"https:\/\/insektenliebe.com\/it\/wp-json\/wp\/v2\/lce-checkout-addons?post=189831"}],"curies":[{"name":"wp","href":"https:\/\/api.w.org\/{rel}","templated":true}]}}