{"id":189814,"date":"2022-12-15T15:29:00","date_gmt":"2022-12-15T14:29:00","guid":{"rendered":"https:\/\/insektenliebe.com\/shop\/produkt\/la-tarantola-dal-becco-rosso\/"},"modified":"2022-12-15T15:29:00","modified_gmt":"2022-12-15T14:29:00","slug":"la-tarantola-dal-becco-rosso","status":"publish","type":"product","link":"https:\/\/insektenliebe.com\/it\/shop\/prodotto\/la-tarantola-dal-becco-rosso\/","title":{"rendered":"La tarantola dal becco rosso"},"content":{"rendered":"<div id=\"hikashop_product_bottom_part\" class=\"hikashop_product_bottom_part\">\n<div id=\"hikashop_product_description_main\" class=\"hikashop_product_description_main\">\n<h3><em>Brachypelma hamorii<\/em> (precedentemente: <em>Brachypelma smithi<\/em>)<\/h3>\n<p>La tarantola dalle ginocchia rosse non \u00e8 solo la tarantola pi\u00f9 conosciuta, ma anche una delle pi\u00f9 belle. Tuttavia, non \u00e8 solo la sua colorazione attraente e il suo aspetto imponente, ma anche la sua natura calma e la facilit\u00e0 di mantenimento che hanno reso questa specie uno degli animali da terrario pi\u00f9 ricercati. <\/p>\n<p>Boris F. Striffler si occupa da molto tempo di tarantole, sia a livello scientifico che come allevatore di terrari. In questo volume della serie \"Specie per specie\", approfondisce in modo dettagliato e facile da capire tutti gli aspetti dell&#8217;allevamento e della cura delle tarantole dalle ginocchia rosse che vale la pena conoscere. E, naturalmente, ti spiega anche come allevare i tuoi esemplari preferiti e come crescere i piccoli ragni.  <\/p>\n<\/div>\n<\/div>\n<p><span class=\"readonlytext\">Specie per specie, i libri di questa collana ti presentano gli animali da terrario pi\u00f9 popolari. Ogni volume ti offre istruzioni pratiche e dettagliate per la cura e troverai tutte le informazioni necessarie per allevare con successo i tuoi animali. Tutte le domande pi\u00f9 importanti, dalle dimensioni della vasca all&#8217;allestimento del terrario, dall&#8217;attrezzatura tecnica all&#8217;alimentazione adeguata alla specie fino alla prevenzione delle malattie, trovano risposta con numerosi trucchi e consigli. Allevatori esperti e di lunga data ti svelano come incoraggiare gli animali a riprodursi e a crescere i piccoli in modo sano.   <\/span><\/p>\n","protected":false},"excerpt":{"rendered":"<p>Brachypelma hamorii (precedentemente: Brachypelma smithi) La tarantola dalle ginocchia rosse non \u00e8 solo la tarantola pi\u00f9 conosciuta, ma anche una delle pi\u00f9 belle. Tuttavia, non \u00e8 solo la sua colorazione attraente e il suo aspetto imponente, ma anche la sua natura calma e la facilit\u00e0 di mantenimento che hanno reso questa specie uno degli animali [&hellip;]<\/p>\n","protected":false},"featured_media":189816,"template":"","meta":{"_acf_changed":false},"product-supplier":[],"product_brand":[],"product_cat":[2888],"product_tag":[],"lce-checkout-addons":[],"class_list":{"0":"post-189814","1":"product","2":"type-product","3":"status-publish","4":"has-post-thumbnail","6":"product_cat-merchandising-e-letteratura","7":"product_shipping_class-equipment-shipping","9":"first","10":"instock","11":"taxable","12":"shipping-taxable","13":"purchasable","14":"product-type-simple"},"acf":[],"yoast_head":"<!-- This site is optimized with the Yoast SEO plugin v27.3 - https:\/\/yoast.com\/product\/yoast-seo-wordpress\/ -->\n<title>La tarantola dal becco rosso - Insektenliebe<\/title>\n<meta name=\"description\" content=\"Qui puoi acquistare il libro &quot;Die Rotknievogelspinne&quot; direttamente online. Il libro spiega questa specie con foto vivaci.\" \/>\n<meta name=\"robots\" content=\"index, follow, max-snippet:-1, max-image-preview:large, max-video-preview:-1\" \/>\n<link rel=\"canonical\" href=\"https:\/\/insektenliebe.com\/it\/shop\/prodotto\/la-tarantola-dal-becco-rosso\/\" \/>\n<meta property=\"og:locale\" content=\"it_IT\" \/>\n<meta property=\"og:type\" content=\"article\" \/>\n<meta property=\"og:title\" content=\"La tarantola dal becco rosso - Insektenliebe\" \/>\n<meta property=\"og:description\" content=\"Qui puoi acquistare il libro &quot;Die Rotknievogelspinne&quot; direttamente online. Il libro spiega questa specie con foto vivaci.\" \/>\n<meta property=\"og:url\" content=\"https:\/\/insektenliebe.com\/it\/shop\/prodotto\/la-tarantola-dal-becco-rosso\/\" \/>\n<meta property=\"og:site_name\" content=\"Insektenliebe\" \/>\n<meta property=\"og:image\" content=\"https:\/\/insektenliebe.com\/wp-content\/uploads\/2025\/05\/Die-Rotknievogelspinne-2.jpg\" \/>\n\t<meta property=\"og:image:width\" content=\"820\" \/>\n\t<meta property=\"og:image:height\" content=\"820\" \/>\n\t<meta property=\"og:image:type\" content=\"image\/jpeg\" \/>\n<meta name=\"twitter:card\" content=\"summary_large_image\" \/>\n<meta name=\"twitter:label1\" content=\"Tempo di lettura stimato\" \/>\n\t<meta name=\"twitter:data1\" content=\"1 minuto\" \/>\n<script type=\"application\/ld+json\" class=\"yoast-schema-graph\">{\"@context\":\"https:\\\/\\\/schema.org\",\"@graph\":[{\"@type\":\"WebPage\",\"@id\":\"https:\\\/\\\/insektenliebe.com\\\/it\\\/shop\\\/prodotto\\\/la-tarantola-dal-becco-rosso\\\/\",\"url\":\"https:\\\/\\\/insektenliebe.com\\\/it\\\/shop\\\/prodotto\\\/la-tarantola-dal-becco-rosso\\\/\",\"name\":\"La tarantola dal becco rosso - Insektenliebe\",\"isPartOf\":{\"@id\":\"https:\\\/\\\/insektenliebe.com\\\/it\\\/#website\"},\"primaryImageOfPage\":{\"@id\":\"https:\\\/\\\/insektenliebe.com\\\/it\\\/shop\\\/prodotto\\\/la-tarantola-dal-becco-rosso\\\/#primaryimage\"},\"image\":{\"@id\":\"https:\\\/\\\/insektenliebe.com\\\/it\\\/shop\\\/prodotto\\\/la-tarantola-dal-becco-rosso\\\/#primaryimage\"},\"thumbnailUrl\":\"https:\\\/\\\/insektenliebe.com\\\/wp-content\\\/uploads\\\/2025\\\/05\\\/Die-Rotknievogelspinne-2.jpg\",\"datePublished\":\"2022-12-15T14:29:00+00:00\",\"description\":\"Qui puoi acquistare il libro \\\"Die Rotknievogelspinne\\\" direttamente online. Il libro spiega questa specie con foto vivaci.\",\"breadcrumb\":{\"@id\":\"https:\\\/\\\/insektenliebe.com\\\/it\\\/shop\\\/prodotto\\\/la-tarantola-dal-becco-rosso\\\/#breadcrumb\"},\"inLanguage\":\"it-IT\",\"potentialAction\":[{\"@type\":\"ReadAction\",\"target\":[\"https:\\\/\\\/insektenliebe.com\\\/it\\\/shop\\\/prodotto\\\/la-tarantola-dal-becco-rosso\\\/\"]}]},{\"@type\":\"ImageObject\",\"inLanguage\":\"it-IT\",\"@id\":\"https:\\\/\\\/insektenliebe.com\\\/it\\\/shop\\\/prodotto\\\/la-tarantola-dal-becco-rosso\\\/#primaryimage\",\"url\":\"https:\\\/\\\/insektenliebe.com\\\/wp-content\\\/uploads\\\/2025\\\/05\\\/Die-Rotknievogelspinne-2.jpg\",\"contentUrl\":\"https:\\\/\\\/insektenliebe.com\\\/wp-content\\\/uploads\\\/2025\\\/05\\\/Die-Rotknievogelspinne-2.jpg\",\"width\":820,\"height\":820,\"caption\":\"Il-ragno-uccello-rosso-2.jpg\"},{\"@type\":\"BreadcrumbList\",\"@id\":\"https:\\\/\\\/insektenliebe.com\\\/it\\\/shop\\\/prodotto\\\/la-tarantola-dal-becco-rosso\\\/#breadcrumb\",\"itemListElement\":[{\"@type\":\"ListItem\",\"position\":1,\"name\":\"Startseite\",\"item\":\"https:\\\/\\\/insektenliebe.com\\\/it\\\/\"},{\"@type\":\"ListItem\",\"position\":2,\"name\":\"Negozio\",\"item\":\"https:\\\/\\\/insektenliebe.com\\\/it\\\/negozio\\\/\"},{\"@type\":\"ListItem\",\"position\":3,\"name\":\"La tarantola dal becco rosso\"}]},{\"@type\":\"WebSite\",\"@id\":\"https:\\\/\\\/insektenliebe.com\\\/it\\\/#website\",\"url\":\"https:\\\/\\\/insektenliebe.com\\\/it\\\/\",\"name\":\"Insektenliebe\",\"description\":\"Dein Zuhause f\u00fcr die kleinen Lebewesen\",\"publisher\":{\"@id\":\"https:\\\/\\\/insektenliebe.com\\\/it\\\/#organization\"},\"potentialAction\":[{\"@type\":\"SearchAction\",\"target\":{\"@type\":\"EntryPoint\",\"urlTemplate\":\"https:\\\/\\\/insektenliebe.com\\\/it\\\/?s={search_term_string}\"},\"query-input\":{\"@type\":\"PropertyValueSpecification\",\"valueRequired\":true,\"valueName\":\"search_term_string\"}}],\"inLanguage\":\"it-IT\"},{\"@type\":\"Organization\",\"@id\":\"https:\\\/\\\/insektenliebe.com\\\/it\\\/#organization\",\"name\":\"Insektenliebe\",\"url\":\"https:\\\/\\\/insektenliebe.com\\\/it\\\/\",\"logo\":{\"@type\":\"ImageObject\",\"inLanguage\":\"it-IT\",\"@id\":\"https:\\\/\\\/insektenliebe.com\\\/it\\\/#\\\/schema\\\/logo\\\/image\\\/\",\"url\":\"https:\\\/\\\/insektenliebe.com\\\/wp-content\\\/uploads\\\/2025\\\/03\\\/logo-white.png\",\"contentUrl\":\"https:\\\/\\\/insektenliebe.com\\\/wp-content\\\/uploads\\\/2025\\\/03\\\/logo-white.png\",\"width\":288,\"height\":188,\"caption\":\"Insektenliebe\"},\"image\":{\"@id\":\"https:\\\/\\\/insektenliebe.com\\\/it\\\/#\\\/schema\\\/logo\\\/image\\\/\"}}]}<\/script>\n<!-- \/ Yoast SEO plugin. -->","yoast_head_json":{"title":"La tarantola dal becco rosso - Insektenliebe","description":"Qui puoi acquistare il libro \"Die Rotknievogelspinne\" direttamente online. Il libro spiega questa specie con foto vivaci.","robots":{"index":"index","follow":"follow","max-snippet":"max-snippet:-1","max-image-preview":"max-image-preview:large","max-video-preview":"max-video-preview:-1"},"canonical":"https:\/\/insektenliebe.com\/it\/shop\/prodotto\/la-tarantola-dal-becco-rosso\/","og_locale":"it_IT","og_type":"article","og_title":"La tarantola dal becco rosso - Insektenliebe","og_description":"Qui puoi acquistare il libro \"Die Rotknievogelspinne\" direttamente online. Il libro spiega questa specie con foto vivaci.","og_url":"https:\/\/insektenliebe.com\/it\/shop\/prodotto\/la-tarantola-dal-becco-rosso\/","og_site_name":"Insektenliebe","og_image":[{"width":820,"height":820,"url":"https:\/\/insektenliebe.com\/wp-content\/uploads\/2025\/05\/Die-Rotknievogelspinne-2.jpg","type":"image\/jpeg"}],"twitter_card":"summary_large_image","twitter_misc":{"Tempo di lettura stimato":"1 minuto"},"schema":{"@context":"https:\/\/schema.org","@graph":[{"@type":"WebPage","@id":"https:\/\/insektenliebe.com\/it\/shop\/prodotto\/la-tarantola-dal-becco-rosso\/","url":"https:\/\/insektenliebe.com\/it\/shop\/prodotto\/la-tarantola-dal-becco-rosso\/","name":"La tarantola dal becco rosso - Insektenliebe","isPartOf":{"@id":"https:\/\/insektenliebe.com\/it\/#website"},"primaryImageOfPage":{"@id":"https:\/\/insektenliebe.com\/it\/shop\/prodotto\/la-tarantola-dal-becco-rosso\/#primaryimage"},"image":{"@id":"https:\/\/insektenliebe.com\/it\/shop\/prodotto\/la-tarantola-dal-becco-rosso\/#primaryimage"},"thumbnailUrl":"https:\/\/insektenliebe.com\/wp-content\/uploads\/2025\/05\/Die-Rotknievogelspinne-2.jpg","datePublished":"2022-12-15T14:29:00+00:00","description":"Qui puoi acquistare il libro \"Die Rotknievogelspinne\" direttamente online. Il libro spiega questa specie con foto vivaci.","breadcrumb":{"@id":"https:\/\/insektenliebe.com\/it\/shop\/prodotto\/la-tarantola-dal-becco-rosso\/#breadcrumb"},"inLanguage":"it-IT","potentialAction":[{"@type":"ReadAction","target":["https:\/\/insektenliebe.com\/it\/shop\/prodotto\/la-tarantola-dal-becco-rosso\/"]}]},{"@type":"ImageObject","inLanguage":"it-IT","@id":"https:\/\/insektenliebe.com\/it\/shop\/prodotto\/la-tarantola-dal-becco-rosso\/#primaryimage","url":"https:\/\/insektenliebe.com\/wp-content\/uploads\/2025\/05\/Die-Rotknievogelspinne-2.jpg","contentUrl":"https:\/\/insektenliebe.com\/wp-content\/uploads\/2025\/05\/Die-Rotknievogelspinne-2.jpg","width":820,"height":820,"caption":"Il-ragno-uccello-rosso-2.jpg"},{"@type":"BreadcrumbList","@id":"https:\/\/insektenliebe.com\/it\/shop\/prodotto\/la-tarantola-dal-becco-rosso\/#breadcrumb","itemListElement":[{"@type":"ListItem","position":1,"name":"Startseite","item":"https:\/\/insektenliebe.com\/it\/"},{"@type":"ListItem","position":2,"name":"Negozio","item":"https:\/\/insektenliebe.com\/it\/negozio\/"},{"@type":"ListItem","position":3,"name":"La tarantola dal becco rosso"}]},{"@type":"WebSite","@id":"https:\/\/insektenliebe.com\/it\/#website","url":"https:\/\/insektenliebe.com\/it\/","name":"Insektenliebe","description":"Dein Zuhause f\u00fcr die kleinen Lebewesen","publisher":{"@id":"https:\/\/insektenliebe.com\/it\/#organization"},"potentialAction":[{"@type":"SearchAction","target":{"@type":"EntryPoint","urlTemplate":"https:\/\/insektenliebe.com\/it\/?s={search_term_string}"},"query-input":{"@type":"PropertyValueSpecification","valueRequired":true,"valueName":"search_term_string"}}],"inLanguage":"it-IT"},{"@type":"Organization","@id":"https:\/\/insektenliebe.com\/it\/#organization","name":"Insektenliebe","url":"https:\/\/insektenliebe.com\/it\/","logo":{"@type":"ImageObject","inLanguage":"it-IT","@id":"https:\/\/insektenliebe.com\/it\/#\/schema\/logo\/image\/","url":"https:\/\/insektenliebe.com\/wp-content\/uploads\/2025\/03\/logo-white.png","contentUrl":"https:\/\/insektenliebe.com\/wp-content\/uploads\/2025\/03\/logo-white.png","width":288,"height":188,"caption":"Insektenliebe"},"image":{"@id":"https:\/\/insektenliebe.com\/it\/#\/schema\/logo\/image\/"}}]}},"_links":{"self":[{"href":"https:\/\/insektenliebe.com\/it\/wp-json\/wp\/v2\/product\/189814","targetHints":{"allow":["GET"]}}],"collection":[{"href":"https:\/\/insektenliebe.com\/it\/wp-json\/wp\/v2\/product"}],"about":[{"href":"https:\/\/insektenliebe.com\/it\/wp-json\/wp\/v2\/types\/product"}],"wp:featuredmedia":[{"embeddable":true,"href":"https:\/\/insektenliebe.com\/it\/wp-json\/wp\/v2\/media\/189816"}],"wp:attachment":[{"href":"https:\/\/insektenliebe.com\/it\/wp-json\/wp\/v2\/media?parent=189814"}],"wp:term":[{"taxonomy":"product-supplier","embeddable":true,"href":"https:\/\/insektenliebe.com\/it\/wp-json\/wp\/v2\/product-supplier?post=189814"},{"taxonomy":"product_brand","embeddable":true,"href":"https:\/\/insektenliebe.com\/it\/wp-json\/wp\/v2\/product_brand?post=189814"},{"taxonomy":"product_cat","embeddable":true,"href":"https:\/\/insektenliebe.com\/it\/wp-json\/wp\/v2\/product_cat?post=189814"},{"taxonomy":"product_tag","embeddable":true,"href":"https:\/\/insektenliebe.com\/it\/wp-json\/wp\/v2\/product_tag?post=189814"},{"taxonomy":"lce-checkout-addons","embeddable":true,"href":"https:\/\/insektenliebe.com\/it\/wp-json\/wp\/v2\/lce-checkout-addons?post=189814"}],"curies":[{"name":"wp","href":"https:\/\/api.w.org\/{rel}","templated":true}]}}