{"id":189813,"date":"2021-06-02T13:51:49","date_gmt":"2021-06-02T11:51:49","guid":{"rendered":"https:\/\/insektenliebe.com\/shop\/produkt\/pachyiulus-krivolutskyi\/"},"modified":"2021-06-02T13:51:49","modified_gmt":"2021-06-02T11:51:49","slug":"pachyiulus-krivolutskyi","status":"publish","type":"product","link":"https:\/\/insektenliebe.com\/it\/shop\/prodotto\/pachyiulus-krivolutskyi\/","title":{"rendered":"Pachyiulus krivolutskyi"},"content":{"rendered":"<h3><span style=\"color: #99cc33\">Breve descrizione:<\/span><\/h3>\n<p class=\"font_8\">Con i suoi 7 mm di diametro, Pachyiulus krivolutskyi \u00e8 una delle specie di millepiedi pi\u00f9 snelle. Con una dimensione finale di 9 cm, \u00e8 una delle specie di millepiedi pi\u00f9 grandi e forse pi\u00f9 pittoresche del Caucaso. La colorazione di base giallo-avorio degli animali \u00e8 impressionante e suggestiva nel terrario. Presentano una linea assiale nera molto sottile e un motivo nero su entrambi i lati. Le zampe sono di colore giallo-avorio e le antenne sono corte e nere.    <\/p>\n<p>A causa delle dimensioni relativamente ridotte degli adulti, un terrario di 30 x 30 x 30 cm o pi\u00f9 \u00e8 adatto. Tuttavia, bisogna assicurarsi che ci sia spazio sufficiente per un substrato sufficientemente alto. L&#8217;altezza del substrato per questa specie non dovrebbe essere inferiore a 9 cm! Il substrato serve sia come habitat che come cibo per gli animali e viene utilizzato anche per la muta.   <\/p>\n<p>Le temperature diurne di 17-25 \u00b0C si sono dimostrate adatte a mantenere questa specie. La diapausa non \u00e8 assolutamente necessaria, ma pu\u00f2 contribuire alla loro disponibilit\u00e0 all&#8217;accoppiamento. Il substrato deve essere sempre mantenuto mezzo umido. Un&#8217;umidit\u00e0 compresa tra il 70 e l&#8217;85% \u00e8 la pi\u00f9 vicina alle condizioni del loro habitat naturale. Il substrato pu\u00f2 anche essere coperto con foglie, pezzi di corteccia o muschio. Questo aiuta a proteggerlo dall&#8217;essiccazione.     <\/p>\n<p>I Pachyiulus krivolutskyi si trovano sempre nelle foreste della Russia. Qui amano uscire dal terreno quando piove ed esplorare l&#8217;ambiente circostante. Questa specie si distingue da altre specie di millepiedi, tra le altre cose, per il suo odore. L&#8217;odore \u00e8 descritto come un odore di aglio estremamente ripugnante. Per questo motivo, questa specie non \u00e8 adatta al salotto, ma piuttosto a una sala hobby. Anche la socializzazione con altre specie di millepiedi o isopodi non \u00e8 consigliabile.     <\/p>\n","protected":false},"excerpt":{"rendered":"<p>Uno stile bellissimo, ma non per i nasi fini!<\/p>\n","protected":false},"featured_media":189815,"template":"","meta":{"_acf_changed":false},"product-supplier":[],"product_brand":[],"product_cat":[2870],"product_tag":[],"lce-checkout-addons":[2746],"class_list":{"0":"post-189813","1":"product","2":"type-product","3":"status-publish","4":"has-post-thumbnail","6":"product_cat-millipede","7":"product_shipping_class-spedizione-di-animali","8":"pa_herkunft-russia","9":"pa_kontinent-europa","10":"lce-checkout-addons-imballaggio-invernale","12":"first","13":"outofstock","14":"taxable","15":"shipping-taxable","16":"product-type-simple"},"acf":[],"yoast_head":"<!-- This site is optimized with the Yoast SEO plugin v27.3 - https:\/\/yoast.com\/product\/yoast-seo-wordpress\/ -->\n<title>Pachyiulus krivolutskyi - Insektenliebe<\/title>\n<meta name=\"description\" content=\"Acquista online i bellissimi Pachyiulus krivolutskyi. Offriamo la prole di questa grande specie di millepiedi. Acquista direttamente dall&#039;allevatore.\" \/>\n<meta name=\"robots\" content=\"index, follow, max-snippet:-1, max-image-preview:large, max-video-preview:-1\" \/>\n<link rel=\"canonical\" href=\"https:\/\/insektenliebe.com\/it\/shop\/prodotto\/pachyiulus-krivolutskyi\/\" \/>\n<meta property=\"og:locale\" content=\"it_IT\" \/>\n<meta property=\"og:type\" content=\"article\" \/>\n<meta property=\"og:title\" content=\"Pachyiulus krivolutskyi - Insektenliebe\" \/>\n<meta property=\"og:description\" content=\"Acquista online i bellissimi Pachyiulus krivolutskyi. Offriamo la prole di questa grande specie di millepiedi. Acquista direttamente dall&#039;allevatore.\" \/>\n<meta property=\"og:url\" content=\"https:\/\/insektenliebe.com\/it\/shop\/prodotto\/pachyiulus-krivolutskyi\/\" \/>\n<meta property=\"og:site_name\" content=\"Insektenliebe\" \/>\n<meta property=\"og:image\" content=\"https:\/\/insektenliebe.com\/wp-content\/uploads\/2025\/05\/Pachyiulus-krivolutskyi-2.jpg\" \/>\n\t<meta property=\"og:image:width\" content=\"820\" \/>\n\t<meta property=\"og:image:height\" content=\"820\" \/>\n\t<meta property=\"og:image:type\" content=\"image\/jpeg\" \/>\n<meta name=\"twitter:card\" content=\"summary_large_image\" \/>\n<meta name=\"twitter:label1\" content=\"Tempo di lettura stimato\" \/>\n\t<meta name=\"twitter:data1\" content=\"1 minuto\" \/>\n<script type=\"application\/ld+json\" class=\"yoast-schema-graph\">{\"@context\":\"https:\\\/\\\/schema.org\",\"@graph\":[{\"@type\":\"WebPage\",\"@id\":\"https:\\\/\\\/insektenliebe.com\\\/it\\\/shop\\\/prodotto\\\/pachyiulus-krivolutskyi\\\/\",\"url\":\"https:\\\/\\\/insektenliebe.com\\\/it\\\/shop\\\/prodotto\\\/pachyiulus-krivolutskyi\\\/\",\"name\":\"Pachyiulus krivolutskyi - Insektenliebe\",\"isPartOf\":{\"@id\":\"https:\\\/\\\/insektenliebe.com\\\/it\\\/#website\"},\"primaryImageOfPage\":{\"@id\":\"https:\\\/\\\/insektenliebe.com\\\/it\\\/shop\\\/prodotto\\\/pachyiulus-krivolutskyi\\\/#primaryimage\"},\"image\":{\"@id\":\"https:\\\/\\\/insektenliebe.com\\\/it\\\/shop\\\/prodotto\\\/pachyiulus-krivolutskyi\\\/#primaryimage\"},\"thumbnailUrl\":\"https:\\\/\\\/insektenliebe.com\\\/wp-content\\\/uploads\\\/2025\\\/05\\\/Pachyiulus-krivolutskyi-2.jpg\",\"datePublished\":\"2021-06-02T11:51:49+00:00\",\"description\":\"Acquista online i bellissimi Pachyiulus krivolutskyi. Offriamo la prole di questa grande specie di millepiedi. Acquista direttamente dall'allevatore.\",\"breadcrumb\":{\"@id\":\"https:\\\/\\\/insektenliebe.com\\\/it\\\/shop\\\/prodotto\\\/pachyiulus-krivolutskyi\\\/#breadcrumb\"},\"inLanguage\":\"it-IT\",\"potentialAction\":[{\"@type\":\"ReadAction\",\"target\":[\"https:\\\/\\\/insektenliebe.com\\\/it\\\/shop\\\/prodotto\\\/pachyiulus-krivolutskyi\\\/\"]}]},{\"@type\":\"ImageObject\",\"inLanguage\":\"it-IT\",\"@id\":\"https:\\\/\\\/insektenliebe.com\\\/it\\\/shop\\\/prodotto\\\/pachyiulus-krivolutskyi\\\/#primaryimage\",\"url\":\"https:\\\/\\\/insektenliebe.com\\\/wp-content\\\/uploads\\\/2025\\\/05\\\/Pachyiulus-krivolutskyi-2.jpg\",\"contentUrl\":\"https:\\\/\\\/insektenliebe.com\\\/wp-content\\\/uploads\\\/2025\\\/05\\\/Pachyiulus-krivolutskyi-2.jpg\",\"width\":820,\"height\":820,\"caption\":\"Pachyiulus-krivolutskyi-2.jpg\"},{\"@type\":\"BreadcrumbList\",\"@id\":\"https:\\\/\\\/insektenliebe.com\\\/it\\\/shop\\\/prodotto\\\/pachyiulus-krivolutskyi\\\/#breadcrumb\",\"itemListElement\":[{\"@type\":\"ListItem\",\"position\":1,\"name\":\"Startseite\",\"item\":\"https:\\\/\\\/insektenliebe.com\\\/it\\\/\"},{\"@type\":\"ListItem\",\"position\":2,\"name\":\"Negozio\",\"item\":\"https:\\\/\\\/insektenliebe.com\\\/it\\\/negozio\\\/\"},{\"@type\":\"ListItem\",\"position\":3,\"name\":\"Pachyiulus krivolutskyi\"}]},{\"@type\":\"WebSite\",\"@id\":\"https:\\\/\\\/insektenliebe.com\\\/it\\\/#website\",\"url\":\"https:\\\/\\\/insektenliebe.com\\\/it\\\/\",\"name\":\"Insektenliebe\",\"description\":\"Dein Zuhause f\u00fcr die kleinen Lebewesen\",\"publisher\":{\"@id\":\"https:\\\/\\\/insektenliebe.com\\\/it\\\/#organization\"},\"potentialAction\":[{\"@type\":\"SearchAction\",\"target\":{\"@type\":\"EntryPoint\",\"urlTemplate\":\"https:\\\/\\\/insektenliebe.com\\\/it\\\/?s={search_term_string}\"},\"query-input\":{\"@type\":\"PropertyValueSpecification\",\"valueRequired\":true,\"valueName\":\"search_term_string\"}}],\"inLanguage\":\"it-IT\"},{\"@type\":\"Organization\",\"@id\":\"https:\\\/\\\/insektenliebe.com\\\/it\\\/#organization\",\"name\":\"Insektenliebe\",\"url\":\"https:\\\/\\\/insektenliebe.com\\\/it\\\/\",\"logo\":{\"@type\":\"ImageObject\",\"inLanguage\":\"it-IT\",\"@id\":\"https:\\\/\\\/insektenliebe.com\\\/it\\\/#\\\/schema\\\/logo\\\/image\\\/\",\"url\":\"https:\\\/\\\/insektenliebe.com\\\/wp-content\\\/uploads\\\/2025\\\/03\\\/logo-white.png\",\"contentUrl\":\"https:\\\/\\\/insektenliebe.com\\\/wp-content\\\/uploads\\\/2025\\\/03\\\/logo-white.png\",\"width\":288,\"height\":188,\"caption\":\"Insektenliebe\"},\"image\":{\"@id\":\"https:\\\/\\\/insektenliebe.com\\\/it\\\/#\\\/schema\\\/logo\\\/image\\\/\"}}]}<\/script>\n<!-- \/ Yoast SEO plugin. -->","yoast_head_json":{"title":"Pachyiulus krivolutskyi - Insektenliebe","description":"Acquista online i bellissimi Pachyiulus krivolutskyi. Offriamo la prole di questa grande specie di millepiedi. Acquista direttamente dall'allevatore.","robots":{"index":"index","follow":"follow","max-snippet":"max-snippet:-1","max-image-preview":"max-image-preview:large","max-video-preview":"max-video-preview:-1"},"canonical":"https:\/\/insektenliebe.com\/it\/shop\/prodotto\/pachyiulus-krivolutskyi\/","og_locale":"it_IT","og_type":"article","og_title":"Pachyiulus krivolutskyi - Insektenliebe","og_description":"Acquista online i bellissimi Pachyiulus krivolutskyi. Offriamo la prole di questa grande specie di millepiedi. Acquista direttamente dall'allevatore.","og_url":"https:\/\/insektenliebe.com\/it\/shop\/prodotto\/pachyiulus-krivolutskyi\/","og_site_name":"Insektenliebe","og_image":[{"width":820,"height":820,"url":"https:\/\/insektenliebe.com\/wp-content\/uploads\/2025\/05\/Pachyiulus-krivolutskyi-2.jpg","type":"image\/jpeg"}],"twitter_card":"summary_large_image","twitter_misc":{"Tempo di lettura stimato":"1 minuto"},"schema":{"@context":"https:\/\/schema.org","@graph":[{"@type":"WebPage","@id":"https:\/\/insektenliebe.com\/it\/shop\/prodotto\/pachyiulus-krivolutskyi\/","url":"https:\/\/insektenliebe.com\/it\/shop\/prodotto\/pachyiulus-krivolutskyi\/","name":"Pachyiulus krivolutskyi - Insektenliebe","isPartOf":{"@id":"https:\/\/insektenliebe.com\/it\/#website"},"primaryImageOfPage":{"@id":"https:\/\/insektenliebe.com\/it\/shop\/prodotto\/pachyiulus-krivolutskyi\/#primaryimage"},"image":{"@id":"https:\/\/insektenliebe.com\/it\/shop\/prodotto\/pachyiulus-krivolutskyi\/#primaryimage"},"thumbnailUrl":"https:\/\/insektenliebe.com\/wp-content\/uploads\/2025\/05\/Pachyiulus-krivolutskyi-2.jpg","datePublished":"2021-06-02T11:51:49+00:00","description":"Acquista online i bellissimi Pachyiulus krivolutskyi. Offriamo la prole di questa grande specie di millepiedi. Acquista direttamente dall'allevatore.","breadcrumb":{"@id":"https:\/\/insektenliebe.com\/it\/shop\/prodotto\/pachyiulus-krivolutskyi\/#breadcrumb"},"inLanguage":"it-IT","potentialAction":[{"@type":"ReadAction","target":["https:\/\/insektenliebe.com\/it\/shop\/prodotto\/pachyiulus-krivolutskyi\/"]}]},{"@type":"ImageObject","inLanguage":"it-IT","@id":"https:\/\/insektenliebe.com\/it\/shop\/prodotto\/pachyiulus-krivolutskyi\/#primaryimage","url":"https:\/\/insektenliebe.com\/wp-content\/uploads\/2025\/05\/Pachyiulus-krivolutskyi-2.jpg","contentUrl":"https:\/\/insektenliebe.com\/wp-content\/uploads\/2025\/05\/Pachyiulus-krivolutskyi-2.jpg","width":820,"height":820,"caption":"Pachyiulus-krivolutskyi-2.jpg"},{"@type":"BreadcrumbList","@id":"https:\/\/insektenliebe.com\/it\/shop\/prodotto\/pachyiulus-krivolutskyi\/#breadcrumb","itemListElement":[{"@type":"ListItem","position":1,"name":"Startseite","item":"https:\/\/insektenliebe.com\/it\/"},{"@type":"ListItem","position":2,"name":"Negozio","item":"https:\/\/insektenliebe.com\/it\/negozio\/"},{"@type":"ListItem","position":3,"name":"Pachyiulus krivolutskyi"}]},{"@type":"WebSite","@id":"https:\/\/insektenliebe.com\/it\/#website","url":"https:\/\/insektenliebe.com\/it\/","name":"Insektenliebe","description":"Dein Zuhause f\u00fcr die kleinen Lebewesen","publisher":{"@id":"https:\/\/insektenliebe.com\/it\/#organization"},"potentialAction":[{"@type":"SearchAction","target":{"@type":"EntryPoint","urlTemplate":"https:\/\/insektenliebe.com\/it\/?s={search_term_string}"},"query-input":{"@type":"PropertyValueSpecification","valueRequired":true,"valueName":"search_term_string"}}],"inLanguage":"it-IT"},{"@type":"Organization","@id":"https:\/\/insektenliebe.com\/it\/#organization","name":"Insektenliebe","url":"https:\/\/insektenliebe.com\/it\/","logo":{"@type":"ImageObject","inLanguage":"it-IT","@id":"https:\/\/insektenliebe.com\/it\/#\/schema\/logo\/image\/","url":"https:\/\/insektenliebe.com\/wp-content\/uploads\/2025\/03\/logo-white.png","contentUrl":"https:\/\/insektenliebe.com\/wp-content\/uploads\/2025\/03\/logo-white.png","width":288,"height":188,"caption":"Insektenliebe"},"image":{"@id":"https:\/\/insektenliebe.com\/it\/#\/schema\/logo\/image\/"}}]}},"_links":{"self":[{"href":"https:\/\/insektenliebe.com\/it\/wp-json\/wp\/v2\/product\/189813","targetHints":{"allow":["GET"]}}],"collection":[{"href":"https:\/\/insektenliebe.com\/it\/wp-json\/wp\/v2\/product"}],"about":[{"href":"https:\/\/insektenliebe.com\/it\/wp-json\/wp\/v2\/types\/product"}],"wp:featuredmedia":[{"embeddable":true,"href":"https:\/\/insektenliebe.com\/it\/wp-json\/wp\/v2\/media\/189815"}],"wp:attachment":[{"href":"https:\/\/insektenliebe.com\/it\/wp-json\/wp\/v2\/media?parent=189813"}],"wp:term":[{"taxonomy":"product-supplier","embeddable":true,"href":"https:\/\/insektenliebe.com\/it\/wp-json\/wp\/v2\/product-supplier?post=189813"},{"taxonomy":"product_brand","embeddable":true,"href":"https:\/\/insektenliebe.com\/it\/wp-json\/wp\/v2\/product_brand?post=189813"},{"taxonomy":"product_cat","embeddable":true,"href":"https:\/\/insektenliebe.com\/it\/wp-json\/wp\/v2\/product_cat?post=189813"},{"taxonomy":"product_tag","embeddable":true,"href":"https:\/\/insektenliebe.com\/it\/wp-json\/wp\/v2\/product_tag?post=189813"},{"taxonomy":"lce-checkout-addons","embeddable":true,"href":"https:\/\/insektenliebe.com\/it\/wp-json\/wp\/v2\/lce-checkout-addons?post=189813"}],"curies":[{"name":"wp","href":"https:\/\/api.w.org\/{rel}","templated":true}]}}