{"id":189805,"date":"2020-06-11T12:18:34","date_gmt":"2020-06-11T10:18:34","guid":{"rendered":"https:\/\/insektenliebe.com\/shop\/produkt\/heteroscodra-maculata-tarantola-di-marmo\/"},"modified":"2026-03-06T18:45:37","modified_gmt":"2026-03-06T17:45:37","slug":"heteroscodra-maculata-tarantola-di-marmo","status":"publish","type":"product","link":"https:\/\/insektenliebe.com\/it\/shop\/prodotto\/heteroscodra-maculata-tarantola-di-marmo\/","title":{"rendered":"Heteroscodra maculata \"Tarantola di marmo"},"content":{"rendered":"<h3 class=\"p1\"><span style=\"color: #99cc33;\"><strong><span class=\"s1\">Heteroscodra maculata - Una bellezza fulminea proveniente dall&#8217;Africa occidentale<\/span><\/strong><\/span><\/h3>\n<p class=\"p1\">L&#8217;<strong>Heteroscodra maculata<\/strong>, nota anche come tarantola di marmo, \u00e8 uno degli abitanti degli alberi pi\u00f9 affascinanti del mondo delle tarantole. La sua colorazione di base grigio-beige chiaro \u00e8 intervallata da complesse marcature marrone scuro che le conferiscono un aspetto quasi marmoreo. Questa colorazione elegante, unita al suo portamento imponente, la rende un vero e proprio richiamo visivo nel terrario.  <\/p>\n<p class=\"p1\">Questa specie \u00e8 originaria delle regioni calde e umide dell&#8217;Africa occidentale, dove trova rifugio nelle cavit\u00e0 degli alberi, sotto la corteccia sciolta o nelle fessure naturali. Il terrario deve essere allestito di conseguenza: con molto spazio verticale, rami rampicanti stabili e un nascondiglio che garantisca la sicurezza. Un terrario alto e ben ventilato con una temperatura di circa 24-28 \u00b0C e un&#8217;umidit\u00e0 del 65-75% \u00e8 l&#8217;ideale per il suo benessere.  <\/p>\n<p class=\"p1\">L&#8217;<strong>Heteroscodra maculata<\/strong> \u00e8 una specie molto veloce, difensiva e che richiede molta osservazione. A causa della sua velocit\u00e0 e del suo pronunciato comportamento difensivo, non \u00e8 adatta ai principianti. Tuttavia, i detentori pi\u00f9 esperti saranno entusiasti del suo stile di vita entusiasmante e del suo splendido aspetto. Tesse fitte ragnatele che non solo servono come luogo di rifugio ma strutturano anche il suo territorio: uno spettacolo affascinante che pu\u00f2 essere facilmente osservato in un terrario adatto alla specie.  <\/p>\n<p class=\"p1\">\u00c8 sempre attivo e infallibile quando si nutre. Grilli, scarafaggi e altri insetti adatti all&#8217;alimentazione vengono catturati alla velocit\u00e0 della luce. Le sue lunghe zampe e la sua velocit\u00e0 sono utilizzate in modo impressionante.  <\/p>\n<p class=\"p1\">Con il suo mix di bellezza, temperamento e impressionante comportamento di caccia, l&#8217;<strong>Heteroscodra maculata<\/strong> \u00e8 una delle specie di tarantola pi\u00f9 interessanti per i terraristi esperti alla ricerca di qualcosa di speciale. Se le fornisci un habitat sicuro e strutturato, potrai goderti questa straordinaria abitante degli alberi per molto tempo. <\/p>\n","protected":false},"excerpt":{"rendered":"<p>Heteroscodra maculata - Una bellezza fulminea proveniente dall&#8217;Africa occidentale L&#8217;Heteroscodra maculata, nota anche come tarantola di marmo, \u00e8 uno degli abitanti degli alberi pi\u00f9 affascinanti del mondo delle tarantole. La sua colorazione di base grigio-beige chiaro \u00e8 intervallata da complesse marcature marrone scuro che le conferiscono un aspetto quasi marmoreo. Questa colorazione elegante, unita al [&hellip;]<\/p>\n","protected":false},"featured_media":186340,"template":"","meta":{"_acf_changed":false},"product-supplier":[],"product_brand":[],"product_cat":[2809,3004],"product_tag":[],"lce-checkout-addons":[2746],"class_list":{"0":"post-189805","1":"product","2":"type-product","3":"status-publish","4":"has-post-thumbnail","6":"product_cat-ragni","7":"product_cat-tarantole","8":"product_shipping_class-spedizione-di-animali","9":"pa_geschlecht-donna","10":"pa_geschlecht-indeterminato","11":"pa_geschlecht-uomo","12":"pa_herkunft-nigeria","13":"pa_kontinent-africa","14":"lce-checkout-addons-imballaggio-invernale","16":"first","17":"instock","18":"sale","19":"taxable","20":"shipping-taxable","21":"purchasable","22":"product-type-variable"},"acf":[],"yoast_head":"<!-- This site is optimized with the Yoast SEO plugin v27.3 - https:\/\/yoast.com\/product\/yoast-seo-wordpress\/ -->\n<title>Heteroscodra maculata &quot;Tarantola di marmo - Insektenliebe<\/title>\n<meta name=\"description\" content=\"Acquista Heteroscodra maculata a buon mercato direttamente online. Questa tarantola arboricola pu\u00f2 essere acquistata qui direttamente dall&#039;allevatore. Adatta anche ai principianti!\" \/>\n<meta name=\"robots\" content=\"index, follow, max-snippet:-1, max-image-preview:large, max-video-preview:-1\" \/>\n<link rel=\"canonical\" href=\"https:\/\/insektenliebe.com\/it\/shop\/prodotto\/heteroscodra-maculata-tarantola-di-marmo\/\" \/>\n<meta property=\"og:locale\" content=\"it_IT\" \/>\n<meta property=\"og:type\" content=\"article\" \/>\n<meta property=\"og:title\" content=\"Heteroscodra maculata &quot;Tarantola di marmo - Insektenliebe\" \/>\n<meta property=\"og:description\" content=\"Acquista Heteroscodra maculata a buon mercato direttamente online. Questa tarantola arboricola pu\u00f2 essere acquistata qui direttamente dall&#039;allevatore. Adatta anche ai principianti!\" \/>\n<meta property=\"og:url\" content=\"https:\/\/insektenliebe.com\/it\/shop\/prodotto\/heteroscodra-maculata-tarantola-di-marmo\/\" \/>\n<meta property=\"og:site_name\" content=\"Insektenliebe\" \/>\n<meta property=\"article:modified_time\" content=\"2026-03-06T17:45:37+00:00\" \/>\n<meta property=\"og:image\" content=\"https:\/\/insektenliebe.com\/wp-content\/uploads\/2020\/06\/Heteroscodra-maculata-1.jpg\" \/>\n\t<meta property=\"og:image:width\" content=\"820\" \/>\n\t<meta property=\"og:image:height\" content=\"820\" \/>\n\t<meta property=\"og:image:type\" content=\"image\/jpeg\" \/>\n<meta name=\"twitter:card\" content=\"summary_large_image\" \/>\n<meta name=\"twitter:label1\" content=\"Tempo di lettura stimato\" \/>\n\t<meta name=\"twitter:data1\" content=\"1 minuto\" \/>\n<script type=\"application\/ld+json\" class=\"yoast-schema-graph\">{\"@context\":\"https:\\\/\\\/schema.org\",\"@graph\":[{\"@type\":\"WebPage\",\"@id\":\"https:\\\/\\\/insektenliebe.com\\\/it\\\/shop\\\/prodotto\\\/heteroscodra-maculata-tarantola-di-marmo\\\/\",\"url\":\"https:\\\/\\\/insektenliebe.com\\\/it\\\/shop\\\/prodotto\\\/heteroscodra-maculata-tarantola-di-marmo\\\/\",\"name\":\"Heteroscodra maculata \\\"Tarantola di marmo - Insektenliebe\",\"isPartOf\":{\"@id\":\"https:\\\/\\\/insektenliebe.com\\\/it\\\/#website\"},\"primaryImageOfPage\":{\"@id\":\"https:\\\/\\\/insektenliebe.com\\\/it\\\/shop\\\/prodotto\\\/heteroscodra-maculata-tarantola-di-marmo\\\/#primaryimage\"},\"image\":{\"@id\":\"https:\\\/\\\/insektenliebe.com\\\/it\\\/shop\\\/prodotto\\\/heteroscodra-maculata-tarantola-di-marmo\\\/#primaryimage\"},\"thumbnailUrl\":\"https:\\\/\\\/insektenliebe.com\\\/wp-content\\\/uploads\\\/2020\\\/06\\\/Heteroscodra-maculata-1.jpg\",\"datePublished\":\"2020-06-11T10:18:34+00:00\",\"dateModified\":\"2026-03-06T17:45:37+00:00\",\"description\":\"Acquista Heteroscodra maculata a buon mercato direttamente online. Questa tarantola arboricola pu\u00f2 essere acquistata qui direttamente dall'allevatore. Adatta anche ai principianti!\",\"breadcrumb\":{\"@id\":\"https:\\\/\\\/insektenliebe.com\\\/it\\\/shop\\\/prodotto\\\/heteroscodra-maculata-tarantola-di-marmo\\\/#breadcrumb\"},\"inLanguage\":\"it-IT\",\"potentialAction\":[{\"@type\":\"ReadAction\",\"target\":[\"https:\\\/\\\/insektenliebe.com\\\/it\\\/shop\\\/prodotto\\\/heteroscodra-maculata-tarantola-di-marmo\\\/\"]}]},{\"@type\":\"ImageObject\",\"inLanguage\":\"it-IT\",\"@id\":\"https:\\\/\\\/insektenliebe.com\\\/it\\\/shop\\\/prodotto\\\/heteroscodra-maculata-tarantola-di-marmo\\\/#primaryimage\",\"url\":\"https:\\\/\\\/insektenliebe.com\\\/wp-content\\\/uploads\\\/2020\\\/06\\\/Heteroscodra-maculata-1.jpg\",\"contentUrl\":\"https:\\\/\\\/insektenliebe.com\\\/wp-content\\\/uploads\\\/2020\\\/06\\\/Heteroscodra-maculata-1.jpg\",\"width\":820,\"height\":820,\"caption\":\"Heteroscodra maculata\"},{\"@type\":\"BreadcrumbList\",\"@id\":\"https:\\\/\\\/insektenliebe.com\\\/it\\\/shop\\\/prodotto\\\/heteroscodra-maculata-tarantola-di-marmo\\\/#breadcrumb\",\"itemListElement\":[{\"@type\":\"ListItem\",\"position\":1,\"name\":\"Startseite\",\"item\":\"https:\\\/\\\/insektenliebe.com\\\/it\\\/\"},{\"@type\":\"ListItem\",\"position\":2,\"name\":\"Negozio\",\"item\":\"https:\\\/\\\/insektenliebe.com\\\/it\\\/negozio\\\/\"},{\"@type\":\"ListItem\",\"position\":3,\"name\":\"Heteroscodra maculata \\\"Tarantola di marmo\"}]},{\"@type\":\"WebSite\",\"@id\":\"https:\\\/\\\/insektenliebe.com\\\/it\\\/#website\",\"url\":\"https:\\\/\\\/insektenliebe.com\\\/it\\\/\",\"name\":\"Insektenliebe\",\"description\":\"Dein Zuhause f\u00fcr die kleinen Lebewesen\",\"publisher\":{\"@id\":\"https:\\\/\\\/insektenliebe.com\\\/it\\\/#organization\"},\"potentialAction\":[{\"@type\":\"SearchAction\",\"target\":{\"@type\":\"EntryPoint\",\"urlTemplate\":\"https:\\\/\\\/insektenliebe.com\\\/it\\\/?s={search_term_string}\"},\"query-input\":{\"@type\":\"PropertyValueSpecification\",\"valueRequired\":true,\"valueName\":\"search_term_string\"}}],\"inLanguage\":\"it-IT\"},{\"@type\":\"Organization\",\"@id\":\"https:\\\/\\\/insektenliebe.com\\\/it\\\/#organization\",\"name\":\"Insektenliebe\",\"url\":\"https:\\\/\\\/insektenliebe.com\\\/it\\\/\",\"logo\":{\"@type\":\"ImageObject\",\"inLanguage\":\"it-IT\",\"@id\":\"https:\\\/\\\/insektenliebe.com\\\/it\\\/#\\\/schema\\\/logo\\\/image\\\/\",\"url\":\"https:\\\/\\\/insektenliebe.com\\\/wp-content\\\/uploads\\\/2025\\\/03\\\/logo-white.png\",\"contentUrl\":\"https:\\\/\\\/insektenliebe.com\\\/wp-content\\\/uploads\\\/2025\\\/03\\\/logo-white.png\",\"width\":288,\"height\":188,\"caption\":\"Insektenliebe\"},\"image\":{\"@id\":\"https:\\\/\\\/insektenliebe.com\\\/it\\\/#\\\/schema\\\/logo\\\/image\\\/\"}}]}<\/script>\n<!-- \/ Yoast SEO plugin. -->","yoast_head_json":{"title":"Heteroscodra maculata \"Tarantola di marmo - Insektenliebe","description":"Acquista Heteroscodra maculata a buon mercato direttamente online. Questa tarantola arboricola pu\u00f2 essere acquistata qui direttamente dall'allevatore. Adatta anche ai principianti!","robots":{"index":"index","follow":"follow","max-snippet":"max-snippet:-1","max-image-preview":"max-image-preview:large","max-video-preview":"max-video-preview:-1"},"canonical":"https:\/\/insektenliebe.com\/it\/shop\/prodotto\/heteroscodra-maculata-tarantola-di-marmo\/","og_locale":"it_IT","og_type":"article","og_title":"Heteroscodra maculata \"Tarantola di marmo - Insektenliebe","og_description":"Acquista Heteroscodra maculata a buon mercato direttamente online. Questa tarantola arboricola pu\u00f2 essere acquistata qui direttamente dall'allevatore. Adatta anche ai principianti!","og_url":"https:\/\/insektenliebe.com\/it\/shop\/prodotto\/heteroscodra-maculata-tarantola-di-marmo\/","og_site_name":"Insektenliebe","article_modified_time":"2026-03-06T17:45:37+00:00","og_image":[{"width":820,"height":820,"url":"https:\/\/insektenliebe.com\/wp-content\/uploads\/2020\/06\/Heteroscodra-maculata-1.jpg","type":"image\/jpeg"}],"twitter_card":"summary_large_image","twitter_misc":{"Tempo di lettura stimato":"1 minuto"},"schema":{"@context":"https:\/\/schema.org","@graph":[{"@type":"WebPage","@id":"https:\/\/insektenliebe.com\/it\/shop\/prodotto\/heteroscodra-maculata-tarantola-di-marmo\/","url":"https:\/\/insektenliebe.com\/it\/shop\/prodotto\/heteroscodra-maculata-tarantola-di-marmo\/","name":"Heteroscodra maculata \"Tarantola di marmo - Insektenliebe","isPartOf":{"@id":"https:\/\/insektenliebe.com\/it\/#website"},"primaryImageOfPage":{"@id":"https:\/\/insektenliebe.com\/it\/shop\/prodotto\/heteroscodra-maculata-tarantola-di-marmo\/#primaryimage"},"image":{"@id":"https:\/\/insektenliebe.com\/it\/shop\/prodotto\/heteroscodra-maculata-tarantola-di-marmo\/#primaryimage"},"thumbnailUrl":"https:\/\/insektenliebe.com\/wp-content\/uploads\/2020\/06\/Heteroscodra-maculata-1.jpg","datePublished":"2020-06-11T10:18:34+00:00","dateModified":"2026-03-06T17:45:37+00:00","description":"Acquista Heteroscodra maculata a buon mercato direttamente online. Questa tarantola arboricola pu\u00f2 essere acquistata qui direttamente dall'allevatore. Adatta anche ai principianti!","breadcrumb":{"@id":"https:\/\/insektenliebe.com\/it\/shop\/prodotto\/heteroscodra-maculata-tarantola-di-marmo\/#breadcrumb"},"inLanguage":"it-IT","potentialAction":[{"@type":"ReadAction","target":["https:\/\/insektenliebe.com\/it\/shop\/prodotto\/heteroscodra-maculata-tarantola-di-marmo\/"]}]},{"@type":"ImageObject","inLanguage":"it-IT","@id":"https:\/\/insektenliebe.com\/it\/shop\/prodotto\/heteroscodra-maculata-tarantola-di-marmo\/#primaryimage","url":"https:\/\/insektenliebe.com\/wp-content\/uploads\/2020\/06\/Heteroscodra-maculata-1.jpg","contentUrl":"https:\/\/insektenliebe.com\/wp-content\/uploads\/2020\/06\/Heteroscodra-maculata-1.jpg","width":820,"height":820,"caption":"Heteroscodra maculata"},{"@type":"BreadcrumbList","@id":"https:\/\/insektenliebe.com\/it\/shop\/prodotto\/heteroscodra-maculata-tarantola-di-marmo\/#breadcrumb","itemListElement":[{"@type":"ListItem","position":1,"name":"Startseite","item":"https:\/\/insektenliebe.com\/it\/"},{"@type":"ListItem","position":2,"name":"Negozio","item":"https:\/\/insektenliebe.com\/it\/negozio\/"},{"@type":"ListItem","position":3,"name":"Heteroscodra maculata \"Tarantola di marmo"}]},{"@type":"WebSite","@id":"https:\/\/insektenliebe.com\/it\/#website","url":"https:\/\/insektenliebe.com\/it\/","name":"Insektenliebe","description":"Dein Zuhause f\u00fcr die kleinen Lebewesen","publisher":{"@id":"https:\/\/insektenliebe.com\/it\/#organization"},"potentialAction":[{"@type":"SearchAction","target":{"@type":"EntryPoint","urlTemplate":"https:\/\/insektenliebe.com\/it\/?s={search_term_string}"},"query-input":{"@type":"PropertyValueSpecification","valueRequired":true,"valueName":"search_term_string"}}],"inLanguage":"it-IT"},{"@type":"Organization","@id":"https:\/\/insektenliebe.com\/it\/#organization","name":"Insektenliebe","url":"https:\/\/insektenliebe.com\/it\/","logo":{"@type":"ImageObject","inLanguage":"it-IT","@id":"https:\/\/insektenliebe.com\/it\/#\/schema\/logo\/image\/","url":"https:\/\/insektenliebe.com\/wp-content\/uploads\/2025\/03\/logo-white.png","contentUrl":"https:\/\/insektenliebe.com\/wp-content\/uploads\/2025\/03\/logo-white.png","width":288,"height":188,"caption":"Insektenliebe"},"image":{"@id":"https:\/\/insektenliebe.com\/it\/#\/schema\/logo\/image\/"}}]}},"_links":{"self":[{"href":"https:\/\/insektenliebe.com\/it\/wp-json\/wp\/v2\/product\/189805","targetHints":{"allow":["GET"]}}],"collection":[{"href":"https:\/\/insektenliebe.com\/it\/wp-json\/wp\/v2\/product"}],"about":[{"href":"https:\/\/insektenliebe.com\/it\/wp-json\/wp\/v2\/types\/product"}],"wp:featuredmedia":[{"embeddable":true,"href":"https:\/\/insektenliebe.com\/it\/wp-json\/wp\/v2\/media\/186340"}],"wp:attachment":[{"href":"https:\/\/insektenliebe.com\/it\/wp-json\/wp\/v2\/media?parent=189805"}],"wp:term":[{"taxonomy":"product-supplier","embeddable":true,"href":"https:\/\/insektenliebe.com\/it\/wp-json\/wp\/v2\/product-supplier?post=189805"},{"taxonomy":"product_brand","embeddable":true,"href":"https:\/\/insektenliebe.com\/it\/wp-json\/wp\/v2\/product_brand?post=189805"},{"taxonomy":"product_cat","embeddable":true,"href":"https:\/\/insektenliebe.com\/it\/wp-json\/wp\/v2\/product_cat?post=189805"},{"taxonomy":"product_tag","embeddable":true,"href":"https:\/\/insektenliebe.com\/it\/wp-json\/wp\/v2\/product_tag?post=189805"},{"taxonomy":"lce-checkout-addons","embeddable":true,"href":"https:\/\/insektenliebe.com\/it\/wp-json\/wp\/v2\/lce-checkout-addons?post=189805"}],"curies":[{"name":"wp","href":"https:\/\/api.w.org\/{rel}","templated":true}]}}