{"id":189802,"date":"2020-06-14T11:01:04","date_gmt":"2020-06-14T11:01:04","guid":{"rendered":"https:\/\/insektenliebe.com\/shop\/produkt\/tliltocatl-vagans\/"},"modified":"2026-04-11T16:55:49","modified_gmt":"2026-04-11T14:55:49","slug":"tliltocatl-vagans","status":"publish","type":"product","link":"https:\/\/insektenliebe.com\/it\/shop\/prodotto\/tliltocatl-vagans\/","title":{"rendered":"Tliltocatl vagans"},"content":{"rendered":"<h3><span style=\"color: #99cc33\"><strong>Tliltocatl vagans - <span class=\"s1\">Allevamento semplice con grande valore di osservazione<\/span><\/strong><\/span><\/h3>\n<p><strong><span class=\"hiddenSpellError\">Tliltocatl<\/span> <span class=\"hiddenSpellError\">vagans<\/span><\/strong>nota anche come tarantola <span class=\"hiddenSpellError\">nera e rossa<\/span>, o in precedenza Brachypelma <span class=\"hiddenSpellError\">vagans<\/span>, \u00e8 un&#8217;impressionante specie di medie dimensioni che vive al suolo. Il suo aspetto \u00e8 caratterizzato da un bellissimo colore nero di base, completato da vistosi peli rossi sull&#8217;addome. Questa combinazione di colori conferisce alla tarantola un aspetto affascinante e suggestivo. <\/p>\n<p>Rispetto ai loro precedenti conspecifici, i <span class=\"hiddenSpellError\">brachipelmi<\/span>, i <span class=\"hiddenSpellError\">ragnetti<\/span> di <strong><span class=\"hiddenSpellError\">Tliltocatl<\/span> <span class=\"hiddenSpellError\">vagans<\/span><\/strong> mostrano una crescita un po&#8217; pi\u00f9 rapida, anche se pu\u00f2 essere considerata ancora relativamente lenta. \u00c8 interessante osservare come i giovani ragni si sviluppino gradualmente e sviluppino il loro aspetto caratteristico. <\/p>\n<p><strong><span class=\"hiddenSpellError\">Tliltocatl<\/span> <span class=\"hiddenSpellError\">vagans<\/span><\/strong> \u00e8 noto per la sua adattabilit\u00e0 e robustezza. \u00c8 in grado di adattarsi a diverse condizioni di vita e perdona anche i piccoli errori di allevamento. Questo la rende una scelta ideale per i neofiti dell&#8217;hobby delle tarantole. In questo modo \u00e8 possibile acquisire le prime esperienze e allo stesso tempo beneficiare della bellezza e dell&#8217;eleganza di questa specie.   <\/p>\n<p>\u00c8 importante fornire un terrario adatto e accessoriato per il <strong><span class=\"hiddenSpellError\">Tliltocatl<\/span> <span class=\"hiddenSpellError\">vagans<\/span><\/strong> dovrebbe essere allestito. Una femmina adulta pu\u00f2 essere facilmente ospitata in un terrario di circa 30 \u00d7 30 \u00d7 30 cm. \u00c8 consigliabile creare un angolo umido nel terrario per dare alla tarantola la possibilit\u00e0 di scegliere tra un ambiente secco e una zona pi\u00f9 umida. Una ciotola d&#8217;acqua da riempire regolarmente fornisce l&#8217;umidit\u00e0 necessaria e assicura che il ragno possa dissetarsi.   <\/p>\n<p>Grazie alla sua natura scavatrice <strong><span class=\"hiddenSpellError\">Tliltocatl<\/span> <span class=\"hiddenSpellError\">vagans<\/span><\/strong> deve avere a disposizione un substrato sufficiente. In questo modo il ragno pu\u00f2 mettere in atto il suo comportamento naturale e crearsi una casa accogliente. Uno strato di circa 10 cm di materiali adatti, come una miscela 1:1 di humus di bosco e sabbia del deserto, fornisce alla tarantola un ambiente ideale.  <\/p>\n<p>La vita utile di <strong><span class=\"hiddenSpellError\">Tliltocatl<\/span> <span class=\"hiddenSpellError\">vagans<\/span><\/strong> \u00e8 davvero impressionante. Le femmine di questa specie possono vivere fino a 30 anni, il che significa che sviluppano un profondo legame con i loro detentori come compagni a lungo termine. In questo considerevole periodo di tempo, si ha l&#8217;opportunit\u00e0 unica di osservare l&#8217;intero sviluppo della loro vita e di studiare il loro emozionante comportamento. Puoi osservarli nel loro habitat naturale mentre esplorano l&#8217;ambiente circostante, vanno a caccia di cibo e si mettono a loro agio nel terrario. Nel frattempo, potrai conoscere le loro personalit\u00e0 individuali e costruire un rapporto unico con queste affascinanti tarantole.    <\/p>\n<p>Tutto sommato <strong><span class=\"hiddenSpellError\">Tliltocatl<\/span> <span class=\"hiddenSpellError\">vagans<\/span><\/strong> \u00e8 una bellissima tarantola che colpisce per la sua sorprendente colorazione, adattabilit\u00e0 e longevit\u00e0. \u00c8 un&#8217;ottima scelta per chi ama tenere e osservare questa affascinante specie e desidera introdursi nell&#8217;interessante mondo delle tarantole. <\/p>\n<p class=\"p1\"><strong>Nota sull&#8217;obbligo di rendicontazione:<\/strong><b><\/b><\/p>\n<p class=\"p1\">Questa specie di tarantola \u00e8 soggetta a registrazione obbligatoria. La legge richiede una prova di origine per questo animale. Se ordini da noi una specie soggetta a registrazione, riceverai automaticamente un link per scaricare il relativo certificato con la conferma dell&#8217;ordine. In questo modo avrai subito a portata di mano tutti i documenti necessari e potrai conservarli in formato digitale o stampato.   <\/p>\n","protected":false},"excerpt":{"rendered":"<p>Tliltocatl vagans - Allevamento semplice con grande valore di osservazione Tliltocatl vagansnota anche come tarantola nera e rossa, o in precedenza Brachypelma vagans, \u00e8 un&#8217;impressionante specie di medie dimensioni che vive al suolo. Il suo aspetto \u00e8 caratterizzato da un bellissimo colore nero di base, completato da vistosi peli rossi sull&#8217;addome. Questa combinazione di colori [&hellip;]<\/p>\n","protected":false},"featured_media":184783,"template":"","meta":{"_acf_changed":false},"product-supplier":[],"product_brand":[],"product_cat":[2809,3004],"product_tag":[],"lce-checkout-addons":[2746],"class_list":{"0":"post-189802","1":"product","2":"type-product","3":"status-publish","4":"has-post-thumbnail","6":"product_cat-ragni","7":"product_cat-tarantole","8":"product_shipping_class-spedizione-di-animali","9":"pa_geschlecht-donna","10":"pa_geschlecht-indeterminato","11":"pa_geschlecht-uomo","12":"pa_herkunft-messico","13":"pa_kontinent-nord-america","14":"lce-checkout-addons-imballaggio-invernale","16":"first","17":"instock","18":"sale","19":"taxable","20":"shipping-taxable","21":"purchasable","22":"product-type-variable"},"acf":[],"yoast_head":"<!-- This site is optimized with the Yoast SEO plugin v27.3 - https:\/\/yoast.com\/product\/yoast-seo-wordpress\/ -->\n<title>Tliltocatl vagans - Insektenliebe<\/title>\n<meta name=\"description\" content=\"Acquista a buon mercato la Tliltocatl vagans direttamente online. La famosa tarantola pu\u00f2 essere acquistata qui direttamente dall&#039;allevatore. Adatta anche ai principianti!\" \/>\n<meta name=\"robots\" content=\"index, follow, max-snippet:-1, max-image-preview:large, max-video-preview:-1\" \/>\n<link rel=\"canonical\" href=\"https:\/\/insektenliebe.com\/it\/shop\/prodotto\/tliltocatl-vagans\/\" \/>\n<meta property=\"og:locale\" content=\"it_IT\" \/>\n<meta property=\"og:type\" content=\"article\" \/>\n<meta property=\"og:title\" content=\"Tliltocatl vagans - Insektenliebe\" \/>\n<meta property=\"og:description\" content=\"Acquista a buon mercato la Tliltocatl vagans direttamente online. La famosa tarantola pu\u00f2 essere acquistata qui direttamente dall&#039;allevatore. Adatta anche ai principianti!\" \/>\n<meta property=\"og:url\" content=\"https:\/\/insektenliebe.com\/it\/shop\/prodotto\/tliltocatl-vagans\/\" \/>\n<meta property=\"og:site_name\" content=\"Insektenliebe\" \/>\n<meta property=\"article:modified_time\" content=\"2026-04-11T14:55:49+00:00\" \/>\n<meta property=\"og:image\" content=\"https:\/\/insektenliebe.com\/wp-content\/uploads\/2025\/05\/Brachypelma-vagans-2-2.jpg\" \/>\n\t<meta property=\"og:image:width\" content=\"820\" \/>\n\t<meta property=\"og:image:height\" content=\"820\" \/>\n\t<meta property=\"og:image:type\" content=\"image\/jpeg\" \/>\n<meta name=\"twitter:card\" content=\"summary_large_image\" \/>\n<meta name=\"twitter:label1\" content=\"Tempo di lettura stimato\" \/>\n\t<meta name=\"twitter:data1\" content=\"2 minuto\" \/>\n<script type=\"application\/ld+json\" class=\"yoast-schema-graph\">{\"@context\":\"https:\\\/\\\/schema.org\",\"@graph\":[{\"@type\":\"WebPage\",\"@id\":\"https:\\\/\\\/insektenliebe.com\\\/it\\\/shop\\\/prodotto\\\/tliltocatl-vagans\\\/\",\"url\":\"https:\\\/\\\/insektenliebe.com\\\/it\\\/shop\\\/prodotto\\\/tliltocatl-vagans\\\/\",\"name\":\"Tliltocatl vagans - Insektenliebe\",\"isPartOf\":{\"@id\":\"https:\\\/\\\/insektenliebe.com\\\/it\\\/#website\"},\"primaryImageOfPage\":{\"@id\":\"https:\\\/\\\/insektenliebe.com\\\/it\\\/shop\\\/prodotto\\\/tliltocatl-vagans\\\/#primaryimage\"},\"image\":{\"@id\":\"https:\\\/\\\/insektenliebe.com\\\/it\\\/shop\\\/prodotto\\\/tliltocatl-vagans\\\/#primaryimage\"},\"thumbnailUrl\":\"https:\\\/\\\/insektenliebe.com\\\/wp-content\\\/uploads\\\/2025\\\/05\\\/Brachypelma-vagans-2-2.jpg\",\"datePublished\":\"2020-06-14T11:01:04+00:00\",\"dateModified\":\"2026-04-11T14:55:49+00:00\",\"description\":\"Acquista a buon mercato la Tliltocatl vagans direttamente online. La famosa tarantola pu\u00f2 essere acquistata qui direttamente dall'allevatore. Adatta anche ai principianti!\",\"breadcrumb\":{\"@id\":\"https:\\\/\\\/insektenliebe.com\\\/it\\\/shop\\\/prodotto\\\/tliltocatl-vagans\\\/#breadcrumb\"},\"inLanguage\":\"it-IT\",\"potentialAction\":[{\"@type\":\"ReadAction\",\"target\":[\"https:\\\/\\\/insektenliebe.com\\\/it\\\/shop\\\/prodotto\\\/tliltocatl-vagans\\\/\"]}]},{\"@type\":\"ImageObject\",\"inLanguage\":\"it-IT\",\"@id\":\"https:\\\/\\\/insektenliebe.com\\\/it\\\/shop\\\/prodotto\\\/tliltocatl-vagans\\\/#primaryimage\",\"url\":\"https:\\\/\\\/insektenliebe.com\\\/wp-content\\\/uploads\\\/2025\\\/05\\\/Brachypelma-vagans-2-2.jpg\",\"contentUrl\":\"https:\\\/\\\/insektenliebe.com\\\/wp-content\\\/uploads\\\/2025\\\/05\\\/Brachypelma-vagans-2-2.jpg\",\"width\":820,\"height\":820,\"caption\":\"Brachypelma-vagans-2-2.jpg\"},{\"@type\":\"BreadcrumbList\",\"@id\":\"https:\\\/\\\/insektenliebe.com\\\/it\\\/shop\\\/prodotto\\\/tliltocatl-vagans\\\/#breadcrumb\",\"itemListElement\":[{\"@type\":\"ListItem\",\"position\":1,\"name\":\"Startseite\",\"item\":\"https:\\\/\\\/insektenliebe.com\\\/it\\\/\"},{\"@type\":\"ListItem\",\"position\":2,\"name\":\"Negozio\",\"item\":\"https:\\\/\\\/insektenliebe.com\\\/it\\\/negozio\\\/\"},{\"@type\":\"ListItem\",\"position\":3,\"name\":\"Tliltocatl vagans\"}]},{\"@type\":\"WebSite\",\"@id\":\"https:\\\/\\\/insektenliebe.com\\\/it\\\/#website\",\"url\":\"https:\\\/\\\/insektenliebe.com\\\/it\\\/\",\"name\":\"Insektenliebe\",\"description\":\"Dein Zuhause f\u00fcr die kleinen Lebewesen\",\"publisher\":{\"@id\":\"https:\\\/\\\/insektenliebe.com\\\/it\\\/#organization\"},\"potentialAction\":[{\"@type\":\"SearchAction\",\"target\":{\"@type\":\"EntryPoint\",\"urlTemplate\":\"https:\\\/\\\/insektenliebe.com\\\/it\\\/?s={search_term_string}\"},\"query-input\":{\"@type\":\"PropertyValueSpecification\",\"valueRequired\":true,\"valueName\":\"search_term_string\"}}],\"inLanguage\":\"it-IT\"},{\"@type\":\"Organization\",\"@id\":\"https:\\\/\\\/insektenliebe.com\\\/it\\\/#organization\",\"name\":\"Insektenliebe\",\"url\":\"https:\\\/\\\/insektenliebe.com\\\/it\\\/\",\"logo\":{\"@type\":\"ImageObject\",\"inLanguage\":\"it-IT\",\"@id\":\"https:\\\/\\\/insektenliebe.com\\\/it\\\/#\\\/schema\\\/logo\\\/image\\\/\",\"url\":\"https:\\\/\\\/insektenliebe.com\\\/wp-content\\\/uploads\\\/2025\\\/03\\\/logo-white.png\",\"contentUrl\":\"https:\\\/\\\/insektenliebe.com\\\/wp-content\\\/uploads\\\/2025\\\/03\\\/logo-white.png\",\"width\":288,\"height\":188,\"caption\":\"Insektenliebe\"},\"image\":{\"@id\":\"https:\\\/\\\/insektenliebe.com\\\/it\\\/#\\\/schema\\\/logo\\\/image\\\/\"}}]}<\/script>\n<!-- \/ Yoast SEO plugin. -->","yoast_head_json":{"title":"Tliltocatl vagans - Insektenliebe","description":"Acquista a buon mercato la Tliltocatl vagans direttamente online. La famosa tarantola pu\u00f2 essere acquistata qui direttamente dall'allevatore. Adatta anche ai principianti!","robots":{"index":"index","follow":"follow","max-snippet":"max-snippet:-1","max-image-preview":"max-image-preview:large","max-video-preview":"max-video-preview:-1"},"canonical":"https:\/\/insektenliebe.com\/it\/shop\/prodotto\/tliltocatl-vagans\/","og_locale":"it_IT","og_type":"article","og_title":"Tliltocatl vagans - Insektenliebe","og_description":"Acquista a buon mercato la Tliltocatl vagans direttamente online. La famosa tarantola pu\u00f2 essere acquistata qui direttamente dall'allevatore. Adatta anche ai principianti!","og_url":"https:\/\/insektenliebe.com\/it\/shop\/prodotto\/tliltocatl-vagans\/","og_site_name":"Insektenliebe","article_modified_time":"2026-04-11T14:55:49+00:00","og_image":[{"width":820,"height":820,"url":"https:\/\/insektenliebe.com\/wp-content\/uploads\/2025\/05\/Brachypelma-vagans-2-2.jpg","type":"image\/jpeg"}],"twitter_card":"summary_large_image","twitter_misc":{"Tempo di lettura stimato":"2 minuto"},"schema":{"@context":"https:\/\/schema.org","@graph":[{"@type":"WebPage","@id":"https:\/\/insektenliebe.com\/it\/shop\/prodotto\/tliltocatl-vagans\/","url":"https:\/\/insektenliebe.com\/it\/shop\/prodotto\/tliltocatl-vagans\/","name":"Tliltocatl vagans - Insektenliebe","isPartOf":{"@id":"https:\/\/insektenliebe.com\/it\/#website"},"primaryImageOfPage":{"@id":"https:\/\/insektenliebe.com\/it\/shop\/prodotto\/tliltocatl-vagans\/#primaryimage"},"image":{"@id":"https:\/\/insektenliebe.com\/it\/shop\/prodotto\/tliltocatl-vagans\/#primaryimage"},"thumbnailUrl":"https:\/\/insektenliebe.com\/wp-content\/uploads\/2025\/05\/Brachypelma-vagans-2-2.jpg","datePublished":"2020-06-14T11:01:04+00:00","dateModified":"2026-04-11T14:55:49+00:00","description":"Acquista a buon mercato la Tliltocatl vagans direttamente online. La famosa tarantola pu\u00f2 essere acquistata qui direttamente dall'allevatore. Adatta anche ai principianti!","breadcrumb":{"@id":"https:\/\/insektenliebe.com\/it\/shop\/prodotto\/tliltocatl-vagans\/#breadcrumb"},"inLanguage":"it-IT","potentialAction":[{"@type":"ReadAction","target":["https:\/\/insektenliebe.com\/it\/shop\/prodotto\/tliltocatl-vagans\/"]}]},{"@type":"ImageObject","inLanguage":"it-IT","@id":"https:\/\/insektenliebe.com\/it\/shop\/prodotto\/tliltocatl-vagans\/#primaryimage","url":"https:\/\/insektenliebe.com\/wp-content\/uploads\/2025\/05\/Brachypelma-vagans-2-2.jpg","contentUrl":"https:\/\/insektenliebe.com\/wp-content\/uploads\/2025\/05\/Brachypelma-vagans-2-2.jpg","width":820,"height":820,"caption":"Brachypelma-vagans-2-2.jpg"},{"@type":"BreadcrumbList","@id":"https:\/\/insektenliebe.com\/it\/shop\/prodotto\/tliltocatl-vagans\/#breadcrumb","itemListElement":[{"@type":"ListItem","position":1,"name":"Startseite","item":"https:\/\/insektenliebe.com\/it\/"},{"@type":"ListItem","position":2,"name":"Negozio","item":"https:\/\/insektenliebe.com\/it\/negozio\/"},{"@type":"ListItem","position":3,"name":"Tliltocatl vagans"}]},{"@type":"WebSite","@id":"https:\/\/insektenliebe.com\/it\/#website","url":"https:\/\/insektenliebe.com\/it\/","name":"Insektenliebe","description":"Dein Zuhause f\u00fcr die kleinen Lebewesen","publisher":{"@id":"https:\/\/insektenliebe.com\/it\/#organization"},"potentialAction":[{"@type":"SearchAction","target":{"@type":"EntryPoint","urlTemplate":"https:\/\/insektenliebe.com\/it\/?s={search_term_string}"},"query-input":{"@type":"PropertyValueSpecification","valueRequired":true,"valueName":"search_term_string"}}],"inLanguage":"it-IT"},{"@type":"Organization","@id":"https:\/\/insektenliebe.com\/it\/#organization","name":"Insektenliebe","url":"https:\/\/insektenliebe.com\/it\/","logo":{"@type":"ImageObject","inLanguage":"it-IT","@id":"https:\/\/insektenliebe.com\/it\/#\/schema\/logo\/image\/","url":"https:\/\/insektenliebe.com\/wp-content\/uploads\/2025\/03\/logo-white.png","contentUrl":"https:\/\/insektenliebe.com\/wp-content\/uploads\/2025\/03\/logo-white.png","width":288,"height":188,"caption":"Insektenliebe"},"image":{"@id":"https:\/\/insektenliebe.com\/it\/#\/schema\/logo\/image\/"}}]}},"_links":{"self":[{"href":"https:\/\/insektenliebe.com\/it\/wp-json\/wp\/v2\/product\/189802","targetHints":{"allow":["GET"]}}],"collection":[{"href":"https:\/\/insektenliebe.com\/it\/wp-json\/wp\/v2\/product"}],"about":[{"href":"https:\/\/insektenliebe.com\/it\/wp-json\/wp\/v2\/types\/product"}],"wp:featuredmedia":[{"embeddable":true,"href":"https:\/\/insektenliebe.com\/it\/wp-json\/wp\/v2\/media\/184783"}],"wp:attachment":[{"href":"https:\/\/insektenliebe.com\/it\/wp-json\/wp\/v2\/media?parent=189802"}],"wp:term":[{"taxonomy":"product-supplier","embeddable":true,"href":"https:\/\/insektenliebe.com\/it\/wp-json\/wp\/v2\/product-supplier?post=189802"},{"taxonomy":"product_brand","embeddable":true,"href":"https:\/\/insektenliebe.com\/it\/wp-json\/wp\/v2\/product_brand?post=189802"},{"taxonomy":"product_cat","embeddable":true,"href":"https:\/\/insektenliebe.com\/it\/wp-json\/wp\/v2\/product_cat?post=189802"},{"taxonomy":"product_tag","embeddable":true,"href":"https:\/\/insektenliebe.com\/it\/wp-json\/wp\/v2\/product_tag?post=189802"},{"taxonomy":"lce-checkout-addons","embeddable":true,"href":"https:\/\/insektenliebe.com\/it\/wp-json\/wp\/v2\/lce-checkout-addons?post=189802"}],"curies":[{"name":"wp","href":"https:\/\/api.w.org\/{rel}","templated":true}]}}