{"id":189801,"date":"2021-08-19T17:05:23","date_gmt":"2021-08-19T15:05:23","guid":{"rendered":"https:\/\/insektenliebe.com\/shop\/produkt\/hyllus-walckenaeri\/"},"modified":"2026-03-28T09:29:38","modified_gmt":"2026-03-28T08:29:38","slug":"hyllus-walckenaeri","status":"publish","type":"product","link":"https:\/\/insektenliebe.com\/it\/shop\/prodotto\/hyllus-walckenaeri\/","title":{"rendered":"Hyllus walckenaeri"},"content":{"rendered":"<h3><span class=\"s1\" style=\"color: #99cc33;\">Hyllus walckenaeri: la bellezza acrobatica tra i ragni saltatori<\/span><\/h3>\n<p class=\"p1\"><strong><span class=\"s1\">Hyllus walckenaeri<\/span><\/strong><span class=\"s2\">  \u00e8 attualmente il ragno saltatore pi\u00f9 agile e attivo della nostra gamma: un vero spettacolo per tutti gli amanti del terrario. Questa affascinante specie \u00e8 quasi costantemente in movimento. Esplora curiosamente l&#8217;ambiente circostante, mostra una spiccata passione per il salto e pu\u00f2 coprire grandi distanze con balzi impressionanti. Chi ama osservare il comportamento dei ragni saltatori si divertir\u00e0 sicuramente con questa specie.   <\/span><\/p>\n<p class=\"p1\"><span class=\"s2\">Un altro punto a favore: all&#8217;interno di un gruppo <strong><span class=\"s1\">Hyllus walckenaeri<\/span><\/strong><\/span><span class=\"s2\">  sono socialmente pi\u00f9 compatibili di molte altre specie. Fino alla fase subadulta \u00e8 possibile tenerli in gruppo, a patto che ci siano spazio e nascondigli sufficienti. Tuttavia, \u00e8 necessario osservare regolarmente il loro comportamento in modo da poter reagire tempestivamente ai primi segni di stress o di invidia per il cibo.  <\/span><\/p>\n<p class=\"p1\"><span class=\"s2\">Il dimorfismo sessuale \u00e8 particolarmente pronunciato in questa specie: I maschi differiscono notevolmente dalle femmine non solo per il colore, ma anche per la forma del corpo. Le chelicere di grandi dimensioni dei maschi sono una caratteristica tipica e li rendono facilmente riconoscibili. <\/span><\/p>\n<p class=\"p1\"><span class=\"s2\">Nell&#8217;alimentazione c&#8217;\u00e8 <strong><span class=\"s1\">Hyllus walckenaeri<\/span><\/strong><\/span><span class=\"s2\">  Non \u00e8 complicato, a patto che tu faccia attenzione alle dimensioni corrette della preda. Tra le prede adatte ci sono mosche della frutta, mosche domestiche o pesci da forno. Tutto ci\u00f2 che non viene mangiato entro un giorno deve essere rimosso per evitare muffe o stress. Diamo da mangiare e da bere agli animali giovani ogni tre giorni, a quelli adulti circa una volta a settimana.   <\/span><\/p>\n<p class=\"p1\"><span class=\"s2\">Il livello di umidit\u00e0 ottimale \u00e8 di circa il 70%, per cui \u00e8 essenziale una buona ventilazione del terrario. Invece di spruzzare grandi superfici, \u00e8 sufficiente inumidire leggermente un angolo. Gli animali bevono proprio dalle gocce: un&#8217;umidit\u00e0 troppo elevata, invece, pu\u00f2 essere problematica.  <\/span><\/p>\n<p class=\"p1\"><span class=\"s2\">Grazie alla sua natura attiva, alla capacit\u00e0 di saltare e all&#8217;eccitante comportamento sociale, il <strong><span class=\"s1\">Hyllus walckenaeri<\/span><\/strong><\/span><span class=\"s2\"> \u00e8 un&#8217;ottima scelta per chi cerca pi\u00f9 dinamismo e personalit\u00e0 nel terrario.<\/span><\/p>\n<h3><\/h3>\n<p>&nbsp;<\/p>\n<p><iframe loading=\"lazy\" title=\"Salticidae - Hyllus walckenaeri\" width=\"500\" height=\"281\" src=\"https:\/\/www.youtube.com\/embed\/WPlKuc5cLiY?feature=oembed\" frameborder=\"0\" allow=\"accelerometer; autoplay; clipboard-write; encrypted-media; gyroscope; picture-in-picture; web-share\" referrerpolicy=\"strict-origin-when-cross-origin\" allowfullscreen><\/iframe><\/p>\n<p>Video: Salticidae - Hyllus walckenaeri \/\/ Yongi Ng, 18.04.2019. Disponibile su: https:\/\/www.youtube.com\/watch?v=WPlKuc5cLiY <\/p>\n","protected":false},"excerpt":{"rendered":"<p>Hyllus walckenaeri: la bellezza acrobatica tra i ragni saltatori Hyllus walckenaeri \u00e8 attualmente il ragno saltatore pi\u00f9 agile e attivo della nostra gamma: un vero spettacolo per tutti gli amanti del terrario. Questa affascinante specie \u00e8 quasi costantemente in movimento. Esplora curiosamente l&#8217;ambiente circostante, mostra una spiccata passione per il salto e pu\u00f2 coprire grandi [&hellip;]<\/p>\n","protected":false},"featured_media":188073,"template":"","meta":{"_acf_changed":false},"product-supplier":[],"product_brand":[],"product_cat":[2809,2808],"product_tag":[],"lce-checkout-addons":[2746],"class_list":{"0":"post-189801","1":"product","2":"type-product","3":"status-publish","4":"has-post-thumbnail","6":"product_cat-ragni","7":"product_cat-ragni-che-saltano","8":"product_shipping_class-spedizione-di-animali","9":"pa_geschlecht-donna","10":"pa_geschlecht-indeterminato","11":"pa_geschlecht-uomo","12":"pa_herkunft-borneo-sulawesi","13":"pa_kontinent-asia","14":"lce-checkout-addons-imballaggio-invernale","16":"first","17":"instock","18":"sale","19":"featured","20":"taxable","21":"shipping-taxable","22":"purchasable","23":"product-type-variable"},"acf":[],"yoast_head":"<!-- This site is optimized with the Yoast SEO plugin v27.3 - https:\/\/yoast.com\/product\/yoast-seo-wordpress\/ -->\n<title>Hyllus walckenaeri - Insektenliebe<\/title>\n<meta name=\"description\" content=\"Acquista a buon mercato Hyllus walckenaeri direttamente online! Un bellissimo ragno saltatore che puoi acquistare qui direttamente dall&#039;allevatore.\" \/>\n<meta name=\"robots\" content=\"index, follow, max-snippet:-1, max-image-preview:large, max-video-preview:-1\" \/>\n<link rel=\"canonical\" href=\"https:\/\/insektenliebe.com\/it\/shop\/prodotto\/hyllus-walckenaeri\/\" \/>\n<meta property=\"og:locale\" content=\"it_IT\" \/>\n<meta property=\"og:type\" content=\"article\" \/>\n<meta property=\"og:title\" content=\"Hyllus walckenaeri - Insektenliebe\" \/>\n<meta property=\"og:description\" content=\"Acquista a buon mercato Hyllus walckenaeri direttamente online! Un bellissimo ragno saltatore che puoi acquistare qui direttamente dall&#039;allevatore.\" \/>\n<meta property=\"og:url\" content=\"https:\/\/insektenliebe.com\/it\/shop\/prodotto\/hyllus-walckenaeri\/\" \/>\n<meta property=\"og:site_name\" content=\"Insektenliebe\" \/>\n<meta property=\"article:modified_time\" content=\"2026-03-28T08:29:38+00:00\" \/>\n<meta property=\"og:image\" content=\"https:\/\/insektenliebe.com\/wp-content\/uploads\/2025\/05\/Hyllus-walckenaeri-1-2.jpg\" \/>\n\t<meta property=\"og:image:width\" content=\"820\" \/>\n\t<meta property=\"og:image:height\" content=\"820\" \/>\n\t<meta property=\"og:image:type\" content=\"image\/jpeg\" \/>\n<meta name=\"twitter:card\" content=\"summary_large_image\" \/>\n<meta name=\"twitter:label1\" content=\"Tempo di lettura stimato\" \/>\n\t<meta name=\"twitter:data1\" content=\"2 minuto\" \/>\n<script type=\"application\/ld+json\" class=\"yoast-schema-graph\">{\"@context\":\"https:\\\/\\\/schema.org\",\"@graph\":[{\"@type\":\"WebPage\",\"@id\":\"https:\\\/\\\/insektenliebe.com\\\/it\\\/shop\\\/prodotto\\\/hyllus-walckenaeri\\\/\",\"url\":\"https:\\\/\\\/insektenliebe.com\\\/it\\\/shop\\\/prodotto\\\/hyllus-walckenaeri\\\/\",\"name\":\"Hyllus walckenaeri - Insektenliebe\",\"isPartOf\":{\"@id\":\"https:\\\/\\\/insektenliebe.com\\\/it\\\/#website\"},\"primaryImageOfPage\":{\"@id\":\"https:\\\/\\\/insektenliebe.com\\\/it\\\/shop\\\/prodotto\\\/hyllus-walckenaeri\\\/#primaryimage\"},\"image\":{\"@id\":\"https:\\\/\\\/insektenliebe.com\\\/it\\\/shop\\\/prodotto\\\/hyllus-walckenaeri\\\/#primaryimage\"},\"thumbnailUrl\":\"https:\\\/\\\/insektenliebe.com\\\/wp-content\\\/uploads\\\/2025\\\/05\\\/Hyllus-walckenaeri-1-2.jpg\",\"datePublished\":\"2021-08-19T15:05:23+00:00\",\"dateModified\":\"2026-03-28T08:29:38+00:00\",\"description\":\"Acquista a buon mercato Hyllus walckenaeri direttamente online! Un bellissimo ragno saltatore che puoi acquistare qui direttamente dall'allevatore.\",\"breadcrumb\":{\"@id\":\"https:\\\/\\\/insektenliebe.com\\\/it\\\/shop\\\/prodotto\\\/hyllus-walckenaeri\\\/#breadcrumb\"},\"inLanguage\":\"it-IT\",\"potentialAction\":[{\"@type\":\"ReadAction\",\"target\":[\"https:\\\/\\\/insektenliebe.com\\\/it\\\/shop\\\/prodotto\\\/hyllus-walckenaeri\\\/\"]}]},{\"@type\":\"ImageObject\",\"inLanguage\":\"it-IT\",\"@id\":\"https:\\\/\\\/insektenliebe.com\\\/it\\\/shop\\\/prodotto\\\/hyllus-walckenaeri\\\/#primaryimage\",\"url\":\"https:\\\/\\\/insektenliebe.com\\\/wp-content\\\/uploads\\\/2025\\\/05\\\/Hyllus-walckenaeri-1-2.jpg\",\"contentUrl\":\"https:\\\/\\\/insektenliebe.com\\\/wp-content\\\/uploads\\\/2025\\\/05\\\/Hyllus-walckenaeri-1-2.jpg\",\"width\":820,\"height\":820,\"caption\":\"Hyllus-walckenaeri-1-2.jpg\"},{\"@type\":\"BreadcrumbList\",\"@id\":\"https:\\\/\\\/insektenliebe.com\\\/it\\\/shop\\\/prodotto\\\/hyllus-walckenaeri\\\/#breadcrumb\",\"itemListElement\":[{\"@type\":\"ListItem\",\"position\":1,\"name\":\"Startseite\",\"item\":\"https:\\\/\\\/insektenliebe.com\\\/it\\\/\"},{\"@type\":\"ListItem\",\"position\":2,\"name\":\"Negozio\",\"item\":\"https:\\\/\\\/insektenliebe.com\\\/it\\\/negozio\\\/\"},{\"@type\":\"ListItem\",\"position\":3,\"name\":\"Hyllus walckenaeri\"}]},{\"@type\":\"WebSite\",\"@id\":\"https:\\\/\\\/insektenliebe.com\\\/it\\\/#website\",\"url\":\"https:\\\/\\\/insektenliebe.com\\\/it\\\/\",\"name\":\"Insektenliebe\",\"description\":\"Dein Zuhause f\u00fcr die kleinen Lebewesen\",\"publisher\":{\"@id\":\"https:\\\/\\\/insektenliebe.com\\\/it\\\/#organization\"},\"potentialAction\":[{\"@type\":\"SearchAction\",\"target\":{\"@type\":\"EntryPoint\",\"urlTemplate\":\"https:\\\/\\\/insektenliebe.com\\\/it\\\/?s={search_term_string}\"},\"query-input\":{\"@type\":\"PropertyValueSpecification\",\"valueRequired\":true,\"valueName\":\"search_term_string\"}}],\"inLanguage\":\"it-IT\"},{\"@type\":\"Organization\",\"@id\":\"https:\\\/\\\/insektenliebe.com\\\/it\\\/#organization\",\"name\":\"Insektenliebe\",\"url\":\"https:\\\/\\\/insektenliebe.com\\\/it\\\/\",\"logo\":{\"@type\":\"ImageObject\",\"inLanguage\":\"it-IT\",\"@id\":\"https:\\\/\\\/insektenliebe.com\\\/it\\\/#\\\/schema\\\/logo\\\/image\\\/\",\"url\":\"https:\\\/\\\/insektenliebe.com\\\/wp-content\\\/uploads\\\/2025\\\/03\\\/logo-white.png\",\"contentUrl\":\"https:\\\/\\\/insektenliebe.com\\\/wp-content\\\/uploads\\\/2025\\\/03\\\/logo-white.png\",\"width\":288,\"height\":188,\"caption\":\"Insektenliebe\"},\"image\":{\"@id\":\"https:\\\/\\\/insektenliebe.com\\\/it\\\/#\\\/schema\\\/logo\\\/image\\\/\"}}]}<\/script>\n<!-- \/ Yoast SEO plugin. -->","yoast_head_json":{"title":"Hyllus walckenaeri - Insektenliebe","description":"Acquista a buon mercato Hyllus walckenaeri direttamente online! Un bellissimo ragno saltatore che puoi acquistare qui direttamente dall'allevatore.","robots":{"index":"index","follow":"follow","max-snippet":"max-snippet:-1","max-image-preview":"max-image-preview:large","max-video-preview":"max-video-preview:-1"},"canonical":"https:\/\/insektenliebe.com\/it\/shop\/prodotto\/hyllus-walckenaeri\/","og_locale":"it_IT","og_type":"article","og_title":"Hyllus walckenaeri - Insektenliebe","og_description":"Acquista a buon mercato Hyllus walckenaeri direttamente online! Un bellissimo ragno saltatore che puoi acquistare qui direttamente dall'allevatore.","og_url":"https:\/\/insektenliebe.com\/it\/shop\/prodotto\/hyllus-walckenaeri\/","og_site_name":"Insektenliebe","article_modified_time":"2026-03-28T08:29:38+00:00","og_image":[{"width":820,"height":820,"url":"https:\/\/insektenliebe.com\/wp-content\/uploads\/2025\/05\/Hyllus-walckenaeri-1-2.jpg","type":"image\/jpeg"}],"twitter_card":"summary_large_image","twitter_misc":{"Tempo di lettura stimato":"2 minuto"},"schema":{"@context":"https:\/\/schema.org","@graph":[{"@type":"WebPage","@id":"https:\/\/insektenliebe.com\/it\/shop\/prodotto\/hyllus-walckenaeri\/","url":"https:\/\/insektenliebe.com\/it\/shop\/prodotto\/hyllus-walckenaeri\/","name":"Hyllus walckenaeri - Insektenliebe","isPartOf":{"@id":"https:\/\/insektenliebe.com\/it\/#website"},"primaryImageOfPage":{"@id":"https:\/\/insektenliebe.com\/it\/shop\/prodotto\/hyllus-walckenaeri\/#primaryimage"},"image":{"@id":"https:\/\/insektenliebe.com\/it\/shop\/prodotto\/hyllus-walckenaeri\/#primaryimage"},"thumbnailUrl":"https:\/\/insektenliebe.com\/wp-content\/uploads\/2025\/05\/Hyllus-walckenaeri-1-2.jpg","datePublished":"2021-08-19T15:05:23+00:00","dateModified":"2026-03-28T08:29:38+00:00","description":"Acquista a buon mercato Hyllus walckenaeri direttamente online! Un bellissimo ragno saltatore che puoi acquistare qui direttamente dall'allevatore.","breadcrumb":{"@id":"https:\/\/insektenliebe.com\/it\/shop\/prodotto\/hyllus-walckenaeri\/#breadcrumb"},"inLanguage":"it-IT","potentialAction":[{"@type":"ReadAction","target":["https:\/\/insektenliebe.com\/it\/shop\/prodotto\/hyllus-walckenaeri\/"]}]},{"@type":"ImageObject","inLanguage":"it-IT","@id":"https:\/\/insektenliebe.com\/it\/shop\/prodotto\/hyllus-walckenaeri\/#primaryimage","url":"https:\/\/insektenliebe.com\/wp-content\/uploads\/2025\/05\/Hyllus-walckenaeri-1-2.jpg","contentUrl":"https:\/\/insektenliebe.com\/wp-content\/uploads\/2025\/05\/Hyllus-walckenaeri-1-2.jpg","width":820,"height":820,"caption":"Hyllus-walckenaeri-1-2.jpg"},{"@type":"BreadcrumbList","@id":"https:\/\/insektenliebe.com\/it\/shop\/prodotto\/hyllus-walckenaeri\/#breadcrumb","itemListElement":[{"@type":"ListItem","position":1,"name":"Startseite","item":"https:\/\/insektenliebe.com\/it\/"},{"@type":"ListItem","position":2,"name":"Negozio","item":"https:\/\/insektenliebe.com\/it\/negozio\/"},{"@type":"ListItem","position":3,"name":"Hyllus walckenaeri"}]},{"@type":"WebSite","@id":"https:\/\/insektenliebe.com\/it\/#website","url":"https:\/\/insektenliebe.com\/it\/","name":"Insektenliebe","description":"Dein Zuhause f\u00fcr die kleinen Lebewesen","publisher":{"@id":"https:\/\/insektenliebe.com\/it\/#organization"},"potentialAction":[{"@type":"SearchAction","target":{"@type":"EntryPoint","urlTemplate":"https:\/\/insektenliebe.com\/it\/?s={search_term_string}"},"query-input":{"@type":"PropertyValueSpecification","valueRequired":true,"valueName":"search_term_string"}}],"inLanguage":"it-IT"},{"@type":"Organization","@id":"https:\/\/insektenliebe.com\/it\/#organization","name":"Insektenliebe","url":"https:\/\/insektenliebe.com\/it\/","logo":{"@type":"ImageObject","inLanguage":"it-IT","@id":"https:\/\/insektenliebe.com\/it\/#\/schema\/logo\/image\/","url":"https:\/\/insektenliebe.com\/wp-content\/uploads\/2025\/03\/logo-white.png","contentUrl":"https:\/\/insektenliebe.com\/wp-content\/uploads\/2025\/03\/logo-white.png","width":288,"height":188,"caption":"Insektenliebe"},"image":{"@id":"https:\/\/insektenliebe.com\/it\/#\/schema\/logo\/image\/"}}]}},"_links":{"self":[{"href":"https:\/\/insektenliebe.com\/it\/wp-json\/wp\/v2\/product\/189801","targetHints":{"allow":["GET"]}}],"collection":[{"href":"https:\/\/insektenliebe.com\/it\/wp-json\/wp\/v2\/product"}],"about":[{"href":"https:\/\/insektenliebe.com\/it\/wp-json\/wp\/v2\/types\/product"}],"wp:featuredmedia":[{"embeddable":true,"href":"https:\/\/insektenliebe.com\/it\/wp-json\/wp\/v2\/media\/188073"}],"wp:attachment":[{"href":"https:\/\/insektenliebe.com\/it\/wp-json\/wp\/v2\/media?parent=189801"}],"wp:term":[{"taxonomy":"product-supplier","embeddable":true,"href":"https:\/\/insektenliebe.com\/it\/wp-json\/wp\/v2\/product-supplier?post=189801"},{"taxonomy":"product_brand","embeddable":true,"href":"https:\/\/insektenliebe.com\/it\/wp-json\/wp\/v2\/product_brand?post=189801"},{"taxonomy":"product_cat","embeddable":true,"href":"https:\/\/insektenliebe.com\/it\/wp-json\/wp\/v2\/product_cat?post=189801"},{"taxonomy":"product_tag","embeddable":true,"href":"https:\/\/insektenliebe.com\/it\/wp-json\/wp\/v2\/product_tag?post=189801"},{"taxonomy":"lce-checkout-addons","embeddable":true,"href":"https:\/\/insektenliebe.com\/it\/wp-json\/wp\/v2\/lce-checkout-addons?post=189801"}],"curies":[{"name":"wp","href":"https:\/\/api.w.org\/{rel}","templated":true}]}}