{"id":189779,"date":"2021-08-19T16:59:30","date_gmt":"2021-08-19T14:59:30","guid":{"rendered":"https:\/\/insektenliebe.com\/shop\/produkt\/terrario-per-lallevamento-di-insektenbe\/"},"modified":"2021-08-19T16:59:30","modified_gmt":"2021-08-19T14:59:30","slug":"terrario-per-lallevamento-di-insektenbe","status":"publish","type":"product","link":"https:\/\/insektenliebe.com\/it\/shop\/prodotto\/terrario-per-lallevamento-di-insektenbe\/","title":{"rendered":"Terrario per l&#8217;allevamento di Insektenbe"},"content":{"rendered":"<p>Il <strong>terrario di allevamento Insektenliebe<\/strong> \u00e8 perfetto per allevare mantidi, ragni saltatori, tarantole, scorpioni o altri piccoli. \u00c8 perfetto anche per ospitare in modo permanente piccole specie. <\/p>\n<p>I contenitori possono essere facilmente impilati l&#8217;uno sull&#8217;altro e il design trasparente permette di osservare gli animali sia lateralmente che dall&#8217;alto. La chiusura a clip \u00e8 dotata di un labbro in silicone e quindi si chiude in modo assolutamente ermetico ed \u00e8 facile da aprire. Tuttavia, questo non \u00e8 necessario, poich\u00e9 la ventilazione \u00e8 dotata di una filettatura che consente di aprire rapidamente il contenitore per nutrire gli animali.  <\/p>\n<p>Questa tecnica ti permette di impilare il <strong>terrario di allevamento Insektenliebe<\/strong> senza doverlo smontare continuamente. La griglia di ventilazione trasparente \u00e8 resistente alle mosche del lutto e ai moscerini della frutta e quindi tiene lontani tutti i parassiti dal terrario di allevamento. <\/p>\n<p>Il <strong>terrario di allevamento Insektenliebe<\/strong> viene fornito con un barattolo di substrato da 350 ml. Il substrato viene miscelato da noi ed \u00e8 composto per il 70% da humus forestale e per il 30% da muschio di sfagno. Questa miscela trattiene perfettamente l&#8217;umidit\u00e0 e la rilascia lentamente nell&#8217;ambiente. Puoi anche aggiungere facilmente una polizia del suolo a questo substrato. Puoi anche scegliere tra un pezzo di sughero e una radice di fiume. Entrambi i prodotti sono stati lavorati da noi in modo da adattarsi facilmente al terrario di allevamento di Insektenliebe. \u00c8 incluso anche un adesivo con il nome della specie, in modo che tu possa riconoscere a prima vista quale specie si trova nel terrario.      <\/p>\n<p>Se \u00e8 necessaria una fonte di calore sotto forma di lampada, ti consigliamo l&#8217;<strong>Exo Terra Reptile Dome NANO<\/strong> con supporto e l&#8217;<strong>Exo Terra Daylight Basking Spotlight<\/strong>. La temperatura del <strong>terrario di allevamento <\/strong>di <strong>Insektenliebe <\/strong>deve essere misurata in anticipo e regolata in base alle esigenze riducendo o aumentando la distanza. <\/p>\n<p><strong>Specifiche:<\/strong><\/p>\n<div id=\"row-228989990\" class=\"row\">\n<div id=\"col-1740565588\" class=\"col medium-4 small-12 large-4\">\n<div class=\"col-inner\">\n<p>Larghezza: 168 mm<br \/>\nAltezza: 145 mm<\/p>\n<\/div>\n<\/div>\n<div id=\"col-606039414\" class=\"col medium-4 small-12 large-4\">\n<div class=\"col-inner\">\n<p>Lunghezza: 109 mm<br \/>\nVolume: 1,7 litri<\/p>\n<\/div>\n<\/div>\n<div id=\"col-1260555048\" class=\"col medium-4 small-12 large-4\">\n<div class=\"col-inner\">\n<p>Materiale: NAS\/Silicone<\/p>\n<\/div>\n<\/div>\n<\/div>\n","protected":false},"excerpt":{"rendered":"<p>Il terrario di allevamento Insektenliebe \u00e8 perfetto per allevare mantidi, ragni saltatori, tarantole, scorpioni o altri piccoli. \u00c8 perfetto anche per ospitare in modo permanente piccole specie. I contenitori possono essere facilmente impilati l&#8217;uno sull&#8217;altro e il design trasparente permette di osservare gli animali sia lateralmente che dall&#8217;alto. La chiusura a clip \u00e8 dotata di [&hellip;]<\/p>\n","protected":false},"featured_media":189780,"template":"","meta":{"_acf_changed":false},"product-supplier":[],"product_brand":[2853],"product_cat":[2760],"product_tag":[],"lce-checkout-addons":[],"class_list":{"0":"post-189779","1":"product","2":"type-product","3":"status-publish","4":"has-post-thumbnail","6":"product_brand-insektenliebe","7":"product_cat-terrari-e-contenitori","8":"product_shipping_class-equipment-shipping","10":"first","11":"instock","12":"taxable","13":"shipping-taxable","14":"purchasable","15":"product-type-variable"},"acf":[],"yoast_head":"<!-- This site is optimized with the Yoast SEO plugin v27.3 - https:\/\/yoast.com\/product\/yoast-seo-wordpress\/ -->\n<title>Terrario per l&#039;allevamento di Insektenbe - Insektenliebe<\/title>\n<meta name=\"description\" content=\"Acquista direttamente online il terrario per l&#039;allevamento di Insektenliebe. Terrario perfetto per allevare molti invertebrati e piccole esotiche.\" \/>\n<meta name=\"robots\" content=\"index, follow, max-snippet:-1, max-image-preview:large, max-video-preview:-1\" \/>\n<link rel=\"canonical\" href=\"https:\/\/insektenliebe.com\/it\/shop\/prodotto\/terrario-per-lallevamento-di-insektenbe\/\" \/>\n<meta property=\"og:locale\" content=\"it_IT\" \/>\n<meta property=\"og:type\" content=\"article\" \/>\n<meta property=\"og:title\" content=\"Terrario per l&#039;allevamento di Insektenbe - Insektenliebe\" \/>\n<meta property=\"og:description\" content=\"Acquista direttamente online il terrario per l&#039;allevamento di Insektenliebe. Terrario perfetto per allevare molti invertebrati e piccole esotiche.\" \/>\n<meta property=\"og:url\" content=\"https:\/\/insektenliebe.com\/it\/shop\/prodotto\/terrario-per-lallevamento-di-insektenbe\/\" \/>\n<meta property=\"og:site_name\" content=\"Insektenliebe\" \/>\n<meta property=\"og:image\" content=\"https:\/\/insektenliebe.com\/wp-content\/uploads\/2025\/05\/Insektenliebe-Aufzuchtterrarium-mit-Flusswurzel-2.jpg\" \/>\n\t<meta property=\"og:image:width\" content=\"820\" \/>\n\t<meta property=\"og:image:height\" content=\"820\" \/>\n\t<meta property=\"og:image:type\" content=\"image\/jpeg\" \/>\n<meta name=\"twitter:card\" content=\"summary_large_image\" \/>\n<meta name=\"twitter:label1\" content=\"Tempo di lettura stimato\" \/>\n\t<meta name=\"twitter:data1\" content=\"2 minuto\" \/>\n<script type=\"application\/ld+json\" class=\"yoast-schema-graph\">{\"@context\":\"https:\\\/\\\/schema.org\",\"@graph\":[{\"@type\":\"WebPage\",\"@id\":\"https:\\\/\\\/insektenliebe.com\\\/it\\\/shop\\\/prodotto\\\/terrario-per-lallevamento-di-insektenbe\\\/\",\"url\":\"https:\\\/\\\/insektenliebe.com\\\/it\\\/shop\\\/prodotto\\\/terrario-per-lallevamento-di-insektenbe\\\/\",\"name\":\"Terrario per l'allevamento di Insektenbe - Insektenliebe\",\"isPartOf\":{\"@id\":\"https:\\\/\\\/insektenliebe.com\\\/it\\\/#website\"},\"primaryImageOfPage\":{\"@id\":\"https:\\\/\\\/insektenliebe.com\\\/it\\\/shop\\\/prodotto\\\/terrario-per-lallevamento-di-insektenbe\\\/#primaryimage\"},\"image\":{\"@id\":\"https:\\\/\\\/insektenliebe.com\\\/it\\\/shop\\\/prodotto\\\/terrario-per-lallevamento-di-insektenbe\\\/#primaryimage\"},\"thumbnailUrl\":\"https:\\\/\\\/insektenliebe.com\\\/wp-content\\\/uploads\\\/2025\\\/05\\\/Insektenliebe-Aufzuchtterrarium-mit-Flusswurzel-2.jpg\",\"datePublished\":\"2021-08-19T14:59:30+00:00\",\"description\":\"Acquista direttamente online il terrario per l'allevamento di Insektenliebe. Terrario perfetto per allevare molti invertebrati e piccole esotiche.\",\"breadcrumb\":{\"@id\":\"https:\\\/\\\/insektenliebe.com\\\/it\\\/shop\\\/prodotto\\\/terrario-per-lallevamento-di-insektenbe\\\/#breadcrumb\"},\"inLanguage\":\"it-IT\",\"potentialAction\":[{\"@type\":\"ReadAction\",\"target\":[\"https:\\\/\\\/insektenliebe.com\\\/it\\\/shop\\\/prodotto\\\/terrario-per-lallevamento-di-insektenbe\\\/\"]}]},{\"@type\":\"ImageObject\",\"inLanguage\":\"it-IT\",\"@id\":\"https:\\\/\\\/insektenliebe.com\\\/it\\\/shop\\\/prodotto\\\/terrario-per-lallevamento-di-insektenbe\\\/#primaryimage\",\"url\":\"https:\\\/\\\/insektenliebe.com\\\/wp-content\\\/uploads\\\/2025\\\/05\\\/Insektenliebe-Aufzuchtterrarium-mit-Flusswurzel-2.jpg\",\"contentUrl\":\"https:\\\/\\\/insektenliebe.com\\\/wp-content\\\/uploads\\\/2025\\\/05\\\/Insektenliebe-Aufzuchtterrarium-mit-Flusswurzel-2.jpg\",\"width\":820,\"height\":820,\"caption\":\"Insektenliebe-terrario con radice di fiume-2.jpg\"},{\"@type\":\"BreadcrumbList\",\"@id\":\"https:\\\/\\\/insektenliebe.com\\\/it\\\/shop\\\/prodotto\\\/terrario-per-lallevamento-di-insektenbe\\\/#breadcrumb\",\"itemListElement\":[{\"@type\":\"ListItem\",\"position\":1,\"name\":\"Startseite\",\"item\":\"https:\\\/\\\/insektenliebe.com\\\/it\\\/\"},{\"@type\":\"ListItem\",\"position\":2,\"name\":\"Negozio\",\"item\":\"https:\\\/\\\/insektenliebe.com\\\/it\\\/negozio\\\/\"},{\"@type\":\"ListItem\",\"position\":3,\"name\":\"Terrario per l&#8217;allevamento di Insektenbe\"}]},{\"@type\":\"WebSite\",\"@id\":\"https:\\\/\\\/insektenliebe.com\\\/it\\\/#website\",\"url\":\"https:\\\/\\\/insektenliebe.com\\\/it\\\/\",\"name\":\"Insektenliebe\",\"description\":\"Dein Zuhause f\u00fcr die kleinen Lebewesen\",\"publisher\":{\"@id\":\"https:\\\/\\\/insektenliebe.com\\\/it\\\/#organization\"},\"potentialAction\":[{\"@type\":\"SearchAction\",\"target\":{\"@type\":\"EntryPoint\",\"urlTemplate\":\"https:\\\/\\\/insektenliebe.com\\\/it\\\/?s={search_term_string}\"},\"query-input\":{\"@type\":\"PropertyValueSpecification\",\"valueRequired\":true,\"valueName\":\"search_term_string\"}}],\"inLanguage\":\"it-IT\"},{\"@type\":\"Organization\",\"@id\":\"https:\\\/\\\/insektenliebe.com\\\/it\\\/#organization\",\"name\":\"Insektenliebe\",\"url\":\"https:\\\/\\\/insektenliebe.com\\\/it\\\/\",\"logo\":{\"@type\":\"ImageObject\",\"inLanguage\":\"it-IT\",\"@id\":\"https:\\\/\\\/insektenliebe.com\\\/it\\\/#\\\/schema\\\/logo\\\/image\\\/\",\"url\":\"https:\\\/\\\/insektenliebe.com\\\/wp-content\\\/uploads\\\/2025\\\/03\\\/logo-white.png\",\"contentUrl\":\"https:\\\/\\\/insektenliebe.com\\\/wp-content\\\/uploads\\\/2025\\\/03\\\/logo-white.png\",\"width\":288,\"height\":188,\"caption\":\"Insektenliebe\"},\"image\":{\"@id\":\"https:\\\/\\\/insektenliebe.com\\\/it\\\/#\\\/schema\\\/logo\\\/image\\\/\"}}]}<\/script>\n<!-- \/ Yoast SEO plugin. -->","yoast_head_json":{"title":"Terrario per l'allevamento di Insektenbe - Insektenliebe","description":"Acquista direttamente online il terrario per l'allevamento di Insektenliebe. Terrario perfetto per allevare molti invertebrati e piccole esotiche.","robots":{"index":"index","follow":"follow","max-snippet":"max-snippet:-1","max-image-preview":"max-image-preview:large","max-video-preview":"max-video-preview:-1"},"canonical":"https:\/\/insektenliebe.com\/it\/shop\/prodotto\/terrario-per-lallevamento-di-insektenbe\/","og_locale":"it_IT","og_type":"article","og_title":"Terrario per l'allevamento di Insektenbe - Insektenliebe","og_description":"Acquista direttamente online il terrario per l'allevamento di Insektenliebe. Terrario perfetto per allevare molti invertebrati e piccole esotiche.","og_url":"https:\/\/insektenliebe.com\/it\/shop\/prodotto\/terrario-per-lallevamento-di-insektenbe\/","og_site_name":"Insektenliebe","og_image":[{"width":820,"height":820,"url":"https:\/\/insektenliebe.com\/wp-content\/uploads\/2025\/05\/Insektenliebe-Aufzuchtterrarium-mit-Flusswurzel-2.jpg","type":"image\/jpeg"}],"twitter_card":"summary_large_image","twitter_misc":{"Tempo di lettura stimato":"2 minuto"},"schema":{"@context":"https:\/\/schema.org","@graph":[{"@type":"WebPage","@id":"https:\/\/insektenliebe.com\/it\/shop\/prodotto\/terrario-per-lallevamento-di-insektenbe\/","url":"https:\/\/insektenliebe.com\/it\/shop\/prodotto\/terrario-per-lallevamento-di-insektenbe\/","name":"Terrario per l'allevamento di Insektenbe - Insektenliebe","isPartOf":{"@id":"https:\/\/insektenliebe.com\/it\/#website"},"primaryImageOfPage":{"@id":"https:\/\/insektenliebe.com\/it\/shop\/prodotto\/terrario-per-lallevamento-di-insektenbe\/#primaryimage"},"image":{"@id":"https:\/\/insektenliebe.com\/it\/shop\/prodotto\/terrario-per-lallevamento-di-insektenbe\/#primaryimage"},"thumbnailUrl":"https:\/\/insektenliebe.com\/wp-content\/uploads\/2025\/05\/Insektenliebe-Aufzuchtterrarium-mit-Flusswurzel-2.jpg","datePublished":"2021-08-19T14:59:30+00:00","description":"Acquista direttamente online il terrario per l'allevamento di Insektenliebe. Terrario perfetto per allevare molti invertebrati e piccole esotiche.","breadcrumb":{"@id":"https:\/\/insektenliebe.com\/it\/shop\/prodotto\/terrario-per-lallevamento-di-insektenbe\/#breadcrumb"},"inLanguage":"it-IT","potentialAction":[{"@type":"ReadAction","target":["https:\/\/insektenliebe.com\/it\/shop\/prodotto\/terrario-per-lallevamento-di-insektenbe\/"]}]},{"@type":"ImageObject","inLanguage":"it-IT","@id":"https:\/\/insektenliebe.com\/it\/shop\/prodotto\/terrario-per-lallevamento-di-insektenbe\/#primaryimage","url":"https:\/\/insektenliebe.com\/wp-content\/uploads\/2025\/05\/Insektenliebe-Aufzuchtterrarium-mit-Flusswurzel-2.jpg","contentUrl":"https:\/\/insektenliebe.com\/wp-content\/uploads\/2025\/05\/Insektenliebe-Aufzuchtterrarium-mit-Flusswurzel-2.jpg","width":820,"height":820,"caption":"Insektenliebe-terrario con radice di fiume-2.jpg"},{"@type":"BreadcrumbList","@id":"https:\/\/insektenliebe.com\/it\/shop\/prodotto\/terrario-per-lallevamento-di-insektenbe\/#breadcrumb","itemListElement":[{"@type":"ListItem","position":1,"name":"Startseite","item":"https:\/\/insektenliebe.com\/it\/"},{"@type":"ListItem","position":2,"name":"Negozio","item":"https:\/\/insektenliebe.com\/it\/negozio\/"},{"@type":"ListItem","position":3,"name":"Terrario per l&#8217;allevamento di Insektenbe"}]},{"@type":"WebSite","@id":"https:\/\/insektenliebe.com\/it\/#website","url":"https:\/\/insektenliebe.com\/it\/","name":"Insektenliebe","description":"Dein Zuhause f\u00fcr die kleinen Lebewesen","publisher":{"@id":"https:\/\/insektenliebe.com\/it\/#organization"},"potentialAction":[{"@type":"SearchAction","target":{"@type":"EntryPoint","urlTemplate":"https:\/\/insektenliebe.com\/it\/?s={search_term_string}"},"query-input":{"@type":"PropertyValueSpecification","valueRequired":true,"valueName":"search_term_string"}}],"inLanguage":"it-IT"},{"@type":"Organization","@id":"https:\/\/insektenliebe.com\/it\/#organization","name":"Insektenliebe","url":"https:\/\/insektenliebe.com\/it\/","logo":{"@type":"ImageObject","inLanguage":"it-IT","@id":"https:\/\/insektenliebe.com\/it\/#\/schema\/logo\/image\/","url":"https:\/\/insektenliebe.com\/wp-content\/uploads\/2025\/03\/logo-white.png","contentUrl":"https:\/\/insektenliebe.com\/wp-content\/uploads\/2025\/03\/logo-white.png","width":288,"height":188,"caption":"Insektenliebe"},"image":{"@id":"https:\/\/insektenliebe.com\/it\/#\/schema\/logo\/image\/"}}]}},"_links":{"self":[{"href":"https:\/\/insektenliebe.com\/it\/wp-json\/wp\/v2\/product\/189779","targetHints":{"allow":["GET"]}}],"collection":[{"href":"https:\/\/insektenliebe.com\/it\/wp-json\/wp\/v2\/product"}],"about":[{"href":"https:\/\/insektenliebe.com\/it\/wp-json\/wp\/v2\/types\/product"}],"wp:featuredmedia":[{"embeddable":true,"href":"https:\/\/insektenliebe.com\/it\/wp-json\/wp\/v2\/media\/189780"}],"wp:attachment":[{"href":"https:\/\/insektenliebe.com\/it\/wp-json\/wp\/v2\/media?parent=189779"}],"wp:term":[{"taxonomy":"product-supplier","embeddable":true,"href":"https:\/\/insektenliebe.com\/it\/wp-json\/wp\/v2\/product-supplier?post=189779"},{"taxonomy":"product_brand","embeddable":true,"href":"https:\/\/insektenliebe.com\/it\/wp-json\/wp\/v2\/product_brand?post=189779"},{"taxonomy":"product_cat","embeddable":true,"href":"https:\/\/insektenliebe.com\/it\/wp-json\/wp\/v2\/product_cat?post=189779"},{"taxonomy":"product_tag","embeddable":true,"href":"https:\/\/insektenliebe.com\/it\/wp-json\/wp\/v2\/product_tag?post=189779"},{"taxonomy":"lce-checkout-addons","embeddable":true,"href":"https:\/\/insektenliebe.com\/it\/wp-json\/wp\/v2\/lce-checkout-addons?post=189779"}],"curies":[{"name":"wp","href":"https:\/\/api.w.org\/{rel}","templated":true}]}}