{"id":189778,"date":"2020-07-09T13:04:18","date_gmt":"2020-07-09T13:04:18","guid":{"rendered":"https:\/\/insektenliebe.com\/shop\/produkt\/tliltocatl-albopilosus\/"},"modified":"2026-04-18T07:30:46","modified_gmt":"2026-04-18T05:30:46","slug":"tliltocatl-albopilosus","status":"publish","type":"product","link":"https:\/\/insektenliebe.com\/it\/shop\/prodotto\/tliltocatl-albopilosus\/","title":{"rendered":"Tliltocatl albopilosus"},"content":{"rendered":"<h3><span style=\"color: #99cc33;\">Breve descrizione Tliltocatl albopilosus:<\/span><\/h3>\n<div>\n<p><strong>Il Tliltocatl albopilosus<\/strong>, precedentemente noto come Brachypelma albopilosum, \u00e8 originario dell&#8217;America centrale, in particolare di Costa Rica, Honduras, Nicaragua e Panama. \u00c8 noto per il suo temperamento gentile e per la sua colorazione sorprendente, che consiste in un corpo marrone e zampe scure con peli bianco-arancio. <\/p>\n<p>Questa specie \u00e8 conosciuta anche con il nome comune di \"tarantola dai capelli ricci\", che si riferisce alla fitta peluria ondulata del ragno che gli conferisce un aspetto soffice. <strong>La Tliltocatl albopilosus<\/strong> \u00e8 una specie relativamente facile da tenere in terrario ed \u00e8 apprezzata da molti per la sua natura pacifica e la sua attrattiva.<\/p>\n<p>Allestire un terrario per il <strong>Tliltocatl albopilosus<\/strong> \u00e8 relativamente semplice e non richiede molto spazio. Le dimensioni del terrario dipendono dalle dimensioni del ragno, per un animale adulto si dovrebbero scegliere almeno 30x30x30 cm. <\/p>\n<p>Il substrato del terreno deve essere costituito da una miscela di humus forestale e sabbia, con una profondit\u00e0 di circa 5-10 cm. Il substrato deve essere mantenuto sciolto e leggermente umido, ma non troppo per evitare la formazione di muffe. <\/p>\n<\/div>\n<p>Nel terrario dovrebbe essere presente anche una piccola ciotola di acqua fresca per garantire al ragno l&#8217;accesso all&#8217;acqua in ogni momento. In questo modo si aumenta automaticamente l&#8217;umidit\u00e0 nel terrario. <\/p>\n<p>Dato che <strong>il Tliltocatl albopilosus<\/strong> \u00e8 una specie che vive sul terreno, \u00e8 necessario prevedere alcuni nascondigli nel terrario. Un modo semplice per creare dei nascondigli \u00e8 quello di inserire della corteccia di sughero nel terrario e delle piante artificiali interrate nel substrato. <\/p>\n<p>Nel complesso, il <strong>Tliltocatl albopilosus<\/strong> \u00e8 una specie relativamente facile da accudire e con un terrario adatto e le cure del caso pu\u00f2 avere una vita lunga e felice.<\/p>\n<p>Se sei interessato ad allevare <strong>il Tliltocatl albopilosus<\/strong>, ci sono alcune cose importanti da tenere a mente. Prima di procedere all&#8217;accoppiamento, devi assicurarti che la femmina sia ben nutrita e abbia a disposizione abbastanza cibo per favorire lo sviluppo delle uova. <\/p>\n<p>Durante l&#8217;accoppiamento, la femmina deve essere collocata nel terrario del maschio. Il maschio cercher\u00e0 di corteggiare la femmina facendo vibrare le zampe ed emettendo feromoni. Quando la femmina \u00e8 pronta, si avvicina a lui e si posiziona di fronte a lui.  <\/p>\n<p>Dopo l&#8217;accoppiamento, la femmina deve essere riportata in un terrario separato. La femmina inizier\u00e0 a deporre le uova in un bozzolo dopo qualche settimana. <\/p>\n<p>Allevare i piccoli richiede molta pazienza e cura. Devi assicurarti che abbiano cibo e umidit\u00e0 a sufficienza e che vengano sistemati individualmente in tempi relativamente brevi. <\/p>\n<p class=\"p1\"><strong>Nota sull&#8217;obbligo di rendicontazione:<\/strong><b><\/b><\/p>\n<p class=\"p1\">Questa specie di tarantola \u00e8 soggetta a registrazione obbligatoria. La legge richiede una prova di origine per questo animale. Se ordini da noi una specie soggetta a registrazione, riceverai automaticamente un link per scaricare il relativo certificato con la conferma dell&#8217;ordine. In questo modo avrai subito a portata di mano tutti i documenti necessari e potrai conservarli in formato digitale o stampato.   <\/p>\n","protected":false},"excerpt":{"rendered":"<p>Breve descrizione Tliltocatl albopilosus: Il Tliltocatl albopilosus, precedentemente noto come Brachypelma albopilosum, \u00e8 originario dell&#8217;America centrale, in particolare di Costa Rica, Honduras, Nicaragua e Panama. \u00c8 noto per il suo temperamento gentile e per la sua colorazione sorprendente, che consiste in un corpo marrone e zampe scure con peli bianco-arancio. Questa specie \u00e8 conosciuta anche [&hellip;]<\/p>\n","protected":false},"featured_media":189786,"template":"","meta":{"_acf_changed":false},"product-supplier":[],"product_brand":[],"product_cat":[2809,3004],"product_tag":[],"lce-checkout-addons":[2746],"class_list":{"0":"post-189778","1":"product","2":"type-product","3":"status-publish","4":"has-post-thumbnail","6":"product_cat-ragni","7":"product_cat-tarantole","8":"product_shipping_class-spedizione-di-animali","9":"pa_geschlecht-donna","10":"pa_geschlecht-indeterminato","11":"pa_geschlecht-uomo","12":"pa_herkunft-nicaragua","13":"pa_kontinent-nord-america","14":"lce-checkout-addons-imballaggio-invernale","16":"first","17":"instock","18":"sale","19":"taxable","20":"shipping-taxable","21":"purchasable","22":"product-type-variable"},"acf":[],"yoast_head":"<!-- This site is optimized with the Yoast SEO plugin v27.3 - https:\/\/yoast.com\/product\/yoast-seo-wordpress\/ -->\n<title>Tliltocatl albopilosus - Insektenliebe<\/title>\n<meta name=\"description\" content=\"Acquista a buon mercato la Tliltocatl albopilosus direttamente online. La famosa tarantola pu\u00f2 essere acquistata qui direttamente dall&#039;allevatore. Adatta anche ai principianti!\" \/>\n<meta name=\"robots\" content=\"index, follow, max-snippet:-1, max-image-preview:large, max-video-preview:-1\" \/>\n<link rel=\"canonical\" href=\"https:\/\/insektenliebe.com\/it\/shop\/prodotto\/tliltocatl-albopilosus\/\" \/>\n<meta property=\"og:locale\" content=\"it_IT\" \/>\n<meta property=\"og:type\" content=\"article\" \/>\n<meta property=\"og:title\" content=\"Tliltocatl albopilosus - Insektenliebe\" \/>\n<meta property=\"og:description\" content=\"Acquista a buon mercato la Tliltocatl albopilosus direttamente online. La famosa tarantola pu\u00f2 essere acquistata qui direttamente dall&#039;allevatore. Adatta anche ai principianti!\" \/>\n<meta property=\"og:url\" content=\"https:\/\/insektenliebe.com\/it\/shop\/prodotto\/tliltocatl-albopilosus\/\" \/>\n<meta property=\"og:site_name\" content=\"Insektenliebe\" \/>\n<meta property=\"article:modified_time\" content=\"2026-04-18T05:30:46+00:00\" \/>\n<meta property=\"og:image\" content=\"https:\/\/insektenliebe.com\/wp-content\/uploads\/2025\/05\/Tliltocatl-albopilosum-2.jpg\" \/>\n\t<meta property=\"og:image:width\" content=\"820\" \/>\n\t<meta property=\"og:image:height\" content=\"820\" \/>\n\t<meta property=\"og:image:type\" content=\"image\/jpeg\" \/>\n<meta name=\"twitter:card\" content=\"summary_large_image\" \/>\n<meta name=\"twitter:label1\" content=\"Tempo di lettura stimato\" \/>\n\t<meta name=\"twitter:data1\" content=\"2 minuto\" \/>\n<script type=\"application\/ld+json\" class=\"yoast-schema-graph\">{\"@context\":\"https:\\\/\\\/schema.org\",\"@graph\":[{\"@type\":\"WebPage\",\"@id\":\"https:\\\/\\\/insektenliebe.com\\\/it\\\/shop\\\/prodotto\\\/tliltocatl-albopilosus\\\/\",\"url\":\"https:\\\/\\\/insektenliebe.com\\\/it\\\/shop\\\/prodotto\\\/tliltocatl-albopilosus\\\/\",\"name\":\"Tliltocatl albopilosus - Insektenliebe\",\"isPartOf\":{\"@id\":\"https:\\\/\\\/insektenliebe.com\\\/it\\\/#website\"},\"primaryImageOfPage\":{\"@id\":\"https:\\\/\\\/insektenliebe.com\\\/it\\\/shop\\\/prodotto\\\/tliltocatl-albopilosus\\\/#primaryimage\"},\"image\":{\"@id\":\"https:\\\/\\\/insektenliebe.com\\\/it\\\/shop\\\/prodotto\\\/tliltocatl-albopilosus\\\/#primaryimage\"},\"thumbnailUrl\":\"https:\\\/\\\/insektenliebe.com\\\/wp-content\\\/uploads\\\/2025\\\/05\\\/Tliltocatl-albopilosum-2.jpg\",\"datePublished\":\"2020-07-09T13:04:18+00:00\",\"dateModified\":\"2026-04-18T05:30:46+00:00\",\"description\":\"Acquista a buon mercato la Tliltocatl albopilosus direttamente online. La famosa tarantola pu\u00f2 essere acquistata qui direttamente dall'allevatore. Adatta anche ai principianti!\",\"breadcrumb\":{\"@id\":\"https:\\\/\\\/insektenliebe.com\\\/it\\\/shop\\\/prodotto\\\/tliltocatl-albopilosus\\\/#breadcrumb\"},\"inLanguage\":\"it-IT\",\"potentialAction\":[{\"@type\":\"ReadAction\",\"target\":[\"https:\\\/\\\/insektenliebe.com\\\/it\\\/shop\\\/prodotto\\\/tliltocatl-albopilosus\\\/\"]}]},{\"@type\":\"ImageObject\",\"inLanguage\":\"it-IT\",\"@id\":\"https:\\\/\\\/insektenliebe.com\\\/it\\\/shop\\\/prodotto\\\/tliltocatl-albopilosus\\\/#primaryimage\",\"url\":\"https:\\\/\\\/insektenliebe.com\\\/wp-content\\\/uploads\\\/2025\\\/05\\\/Tliltocatl-albopilosum-2.jpg\",\"contentUrl\":\"https:\\\/\\\/insektenliebe.com\\\/wp-content\\\/uploads\\\/2025\\\/05\\\/Tliltocatl-albopilosum-2.jpg\",\"width\":820,\"height\":820,\"caption\":\"Tliltocatl-albopilosum-2.jpg\"},{\"@type\":\"BreadcrumbList\",\"@id\":\"https:\\\/\\\/insektenliebe.com\\\/it\\\/shop\\\/prodotto\\\/tliltocatl-albopilosus\\\/#breadcrumb\",\"itemListElement\":[{\"@type\":\"ListItem\",\"position\":1,\"name\":\"Startseite\",\"item\":\"https:\\\/\\\/insektenliebe.com\\\/it\\\/\"},{\"@type\":\"ListItem\",\"position\":2,\"name\":\"Negozio\",\"item\":\"https:\\\/\\\/insektenliebe.com\\\/it\\\/negozio\\\/\"},{\"@type\":\"ListItem\",\"position\":3,\"name\":\"Tliltocatl albopilosus\"}]},{\"@type\":\"WebSite\",\"@id\":\"https:\\\/\\\/insektenliebe.com\\\/it\\\/#website\",\"url\":\"https:\\\/\\\/insektenliebe.com\\\/it\\\/\",\"name\":\"Insektenliebe\",\"description\":\"Dein Zuhause f\u00fcr die kleinen Lebewesen\",\"publisher\":{\"@id\":\"https:\\\/\\\/insektenliebe.com\\\/it\\\/#organization\"},\"potentialAction\":[{\"@type\":\"SearchAction\",\"target\":{\"@type\":\"EntryPoint\",\"urlTemplate\":\"https:\\\/\\\/insektenliebe.com\\\/it\\\/?s={search_term_string}\"},\"query-input\":{\"@type\":\"PropertyValueSpecification\",\"valueRequired\":true,\"valueName\":\"search_term_string\"}}],\"inLanguage\":\"it-IT\"},{\"@type\":\"Organization\",\"@id\":\"https:\\\/\\\/insektenliebe.com\\\/it\\\/#organization\",\"name\":\"Insektenliebe\",\"url\":\"https:\\\/\\\/insektenliebe.com\\\/it\\\/\",\"logo\":{\"@type\":\"ImageObject\",\"inLanguage\":\"it-IT\",\"@id\":\"https:\\\/\\\/insektenliebe.com\\\/it\\\/#\\\/schema\\\/logo\\\/image\\\/\",\"url\":\"https:\\\/\\\/insektenliebe.com\\\/wp-content\\\/uploads\\\/2025\\\/03\\\/logo-white.png\",\"contentUrl\":\"https:\\\/\\\/insektenliebe.com\\\/wp-content\\\/uploads\\\/2025\\\/03\\\/logo-white.png\",\"width\":288,\"height\":188,\"caption\":\"Insektenliebe\"},\"image\":{\"@id\":\"https:\\\/\\\/insektenliebe.com\\\/it\\\/#\\\/schema\\\/logo\\\/image\\\/\"}}]}<\/script>\n<!-- \/ Yoast SEO plugin. -->","yoast_head_json":{"title":"Tliltocatl albopilosus - Insektenliebe","description":"Acquista a buon mercato la Tliltocatl albopilosus direttamente online. La famosa tarantola pu\u00f2 essere acquistata qui direttamente dall'allevatore. Adatta anche ai principianti!","robots":{"index":"index","follow":"follow","max-snippet":"max-snippet:-1","max-image-preview":"max-image-preview:large","max-video-preview":"max-video-preview:-1"},"canonical":"https:\/\/insektenliebe.com\/it\/shop\/prodotto\/tliltocatl-albopilosus\/","og_locale":"it_IT","og_type":"article","og_title":"Tliltocatl albopilosus - Insektenliebe","og_description":"Acquista a buon mercato la Tliltocatl albopilosus direttamente online. La famosa tarantola pu\u00f2 essere acquistata qui direttamente dall'allevatore. Adatta anche ai principianti!","og_url":"https:\/\/insektenliebe.com\/it\/shop\/prodotto\/tliltocatl-albopilosus\/","og_site_name":"Insektenliebe","article_modified_time":"2026-04-18T05:30:46+00:00","og_image":[{"width":820,"height":820,"url":"https:\/\/insektenliebe.com\/wp-content\/uploads\/2025\/05\/Tliltocatl-albopilosum-2.jpg","type":"image\/jpeg"}],"twitter_card":"summary_large_image","twitter_misc":{"Tempo di lettura stimato":"2 minuto"},"schema":{"@context":"https:\/\/schema.org","@graph":[{"@type":"WebPage","@id":"https:\/\/insektenliebe.com\/it\/shop\/prodotto\/tliltocatl-albopilosus\/","url":"https:\/\/insektenliebe.com\/it\/shop\/prodotto\/tliltocatl-albopilosus\/","name":"Tliltocatl albopilosus - Insektenliebe","isPartOf":{"@id":"https:\/\/insektenliebe.com\/it\/#website"},"primaryImageOfPage":{"@id":"https:\/\/insektenliebe.com\/it\/shop\/prodotto\/tliltocatl-albopilosus\/#primaryimage"},"image":{"@id":"https:\/\/insektenliebe.com\/it\/shop\/prodotto\/tliltocatl-albopilosus\/#primaryimage"},"thumbnailUrl":"https:\/\/insektenliebe.com\/wp-content\/uploads\/2025\/05\/Tliltocatl-albopilosum-2.jpg","datePublished":"2020-07-09T13:04:18+00:00","dateModified":"2026-04-18T05:30:46+00:00","description":"Acquista a buon mercato la Tliltocatl albopilosus direttamente online. La famosa tarantola pu\u00f2 essere acquistata qui direttamente dall'allevatore. Adatta anche ai principianti!","breadcrumb":{"@id":"https:\/\/insektenliebe.com\/it\/shop\/prodotto\/tliltocatl-albopilosus\/#breadcrumb"},"inLanguage":"it-IT","potentialAction":[{"@type":"ReadAction","target":["https:\/\/insektenliebe.com\/it\/shop\/prodotto\/tliltocatl-albopilosus\/"]}]},{"@type":"ImageObject","inLanguage":"it-IT","@id":"https:\/\/insektenliebe.com\/it\/shop\/prodotto\/tliltocatl-albopilosus\/#primaryimage","url":"https:\/\/insektenliebe.com\/wp-content\/uploads\/2025\/05\/Tliltocatl-albopilosum-2.jpg","contentUrl":"https:\/\/insektenliebe.com\/wp-content\/uploads\/2025\/05\/Tliltocatl-albopilosum-2.jpg","width":820,"height":820,"caption":"Tliltocatl-albopilosum-2.jpg"},{"@type":"BreadcrumbList","@id":"https:\/\/insektenliebe.com\/it\/shop\/prodotto\/tliltocatl-albopilosus\/#breadcrumb","itemListElement":[{"@type":"ListItem","position":1,"name":"Startseite","item":"https:\/\/insektenliebe.com\/it\/"},{"@type":"ListItem","position":2,"name":"Negozio","item":"https:\/\/insektenliebe.com\/it\/negozio\/"},{"@type":"ListItem","position":3,"name":"Tliltocatl albopilosus"}]},{"@type":"WebSite","@id":"https:\/\/insektenliebe.com\/it\/#website","url":"https:\/\/insektenliebe.com\/it\/","name":"Insektenliebe","description":"Dein Zuhause f\u00fcr die kleinen Lebewesen","publisher":{"@id":"https:\/\/insektenliebe.com\/it\/#organization"},"potentialAction":[{"@type":"SearchAction","target":{"@type":"EntryPoint","urlTemplate":"https:\/\/insektenliebe.com\/it\/?s={search_term_string}"},"query-input":{"@type":"PropertyValueSpecification","valueRequired":true,"valueName":"search_term_string"}}],"inLanguage":"it-IT"},{"@type":"Organization","@id":"https:\/\/insektenliebe.com\/it\/#organization","name":"Insektenliebe","url":"https:\/\/insektenliebe.com\/it\/","logo":{"@type":"ImageObject","inLanguage":"it-IT","@id":"https:\/\/insektenliebe.com\/it\/#\/schema\/logo\/image\/","url":"https:\/\/insektenliebe.com\/wp-content\/uploads\/2025\/03\/logo-white.png","contentUrl":"https:\/\/insektenliebe.com\/wp-content\/uploads\/2025\/03\/logo-white.png","width":288,"height":188,"caption":"Insektenliebe"},"image":{"@id":"https:\/\/insektenliebe.com\/it\/#\/schema\/logo\/image\/"}}]}},"_links":{"self":[{"href":"https:\/\/insektenliebe.com\/it\/wp-json\/wp\/v2\/product\/189778","targetHints":{"allow":["GET"]}}],"collection":[{"href":"https:\/\/insektenliebe.com\/it\/wp-json\/wp\/v2\/product"}],"about":[{"href":"https:\/\/insektenliebe.com\/it\/wp-json\/wp\/v2\/types\/product"}],"wp:featuredmedia":[{"embeddable":true,"href":"https:\/\/insektenliebe.com\/it\/wp-json\/wp\/v2\/media\/189786"}],"wp:attachment":[{"href":"https:\/\/insektenliebe.com\/it\/wp-json\/wp\/v2\/media?parent=189778"}],"wp:term":[{"taxonomy":"product-supplier","embeddable":true,"href":"https:\/\/insektenliebe.com\/it\/wp-json\/wp\/v2\/product-supplier?post=189778"},{"taxonomy":"product_brand","embeddable":true,"href":"https:\/\/insektenliebe.com\/it\/wp-json\/wp\/v2\/product_brand?post=189778"},{"taxonomy":"product_cat","embeddable":true,"href":"https:\/\/insektenliebe.com\/it\/wp-json\/wp\/v2\/product_cat?post=189778"},{"taxonomy":"product_tag","embeddable":true,"href":"https:\/\/insektenliebe.com\/it\/wp-json\/wp\/v2\/product_tag?post=189778"},{"taxonomy":"lce-checkout-addons","embeddable":true,"href":"https:\/\/insektenliebe.com\/it\/wp-json\/wp\/v2\/lce-checkout-addons?post=189778"}],"curies":[{"name":"wp","href":"https:\/\/api.w.org\/{rel}","templated":true}]}}