{"id":189763,"date":"2020-09-13T12:10:00","date_gmt":"2020-09-13T10:10:00","guid":{"rendered":"https:\/\/insektenliebe.com\/shop\/produkt\/cubaris-spec-caramel\/"},"modified":"2020-09-13T12:10:00","modified_gmt":"2020-09-13T10:10:00","slug":"cubaris-spec-caramel","status":"publish","type":"product","link":"https:\/\/insektenliebe.com\/it\/shop\/prodotto\/cubaris-spec-caramel\/","title":{"rendered":"Cubaris spec. \"Caramel\""},"content":{"rendered":"<h3 class=\"p1\"><span style=\"color: #99cc33\"><strong><span class=\"s1\">Cubaris spec. \"Caramel\" - Dolce eleganza nel terrario <\/span><\/strong><\/span><\/h3>\n<p class=\"p1\"><span class=\"s1\"><strong>Cubaris spec. \"Caramel\" <\/strong>  colpisce per la sua tavolozza di colori caldi e morbidi che ricordano il caramello delicatamente fuso. Le placche della corazza, di colore uniformemente marrone chiaro o beige dorato, conferiscono a questa specie di isopode un aspetto elegante, quasi vellutato, che cattura immediatamente l&#8217;attenzione nel terrario. Il suo aspetto tranquillo e la sua colorazione armoniosa la rendono una scelta eccellente per tutti coloro che apprezzano i toni sottili e naturali.  <\/span><\/p>\n<p class=\"p1\"><span class=\"s1\">Quando viene allevata, questa specie predilige temperature comprese tra i 22 e i 26 \u00b0C e un&#8217;umidit\u00e0 relativa di circa il 70-80%. Come per molte specie di Cubaris, il terrario dovrebbe essere diviso in un&#8217;area pi\u00f9 umida e in una sezione un po&#8217; pi\u00f9 secca, in modo da fornire agli animali le condizioni ottimali per la muta e il ritiro. Le aree di muschio, i tubi di sughero e gli strati di fogliame servono come nascondigli e rifugi, mentre il legno marcio bianco e il fogliame non sono solo un habitat ma anche una fonte di cibo.  <\/span><\/p>\n<p class=\"p1\"><span class=\"s1\">Il substrato deve essere sciolto, ricco di humus e arricchito di calcare. Oltre al cibo naturale del substrato, gli isopodi \"Caramel\" sono felici di mangiare varie verdure, fogliame, cibo proteico e un osso di seppia come fonte di calcio. L&#8217;alimentazione deve essere varia per promuovere la salute e la colorazione.  <\/span><\/p>\n<p class=\"p1\"><span class=\"s1\">Questa specie \u00e8 considerata pacifica e pu\u00f2 essere osservata regolarmente in buone condizioni. I giovani sono inizialmente di colore pi\u00f9 chiaro e sviluppano la ricca tonalit\u00e0 color caramello che d\u00e0 il nome a questa specie solo con la maturit\u00e0. <\/span><\/p>\n<p class=\"p1\"><span class=\"s1\">In configurazioni bioattive miste  <strong>Cubaris spec. \"Caramel\" <\/strong>  Svolgono un prezioso lavoro di polizia del suolo decomponendo i residui di cibo e il materiale vegetale morto. Allo stesso tempo, aggiungono una nota di colore morbida e calda all&#8217;aspetto generale del terrario senza essere invadenti. <\/span><\/p>\n<p class=\"p1\"><span class=\"s1\">Grazie alla loro bellezza discreta, alla facile integrazione in contesti naturali e alla loro utile funzione, le  <strong>Cubaris spec. \"Caramel\" <\/strong>  un arricchimento per ogni terrario, sia per gli amanti delle rare forme cromatiche sia per chi cerca una specie di isopode facile da curare ed estetica.<\/span><\/p>\n<p>&nbsp;<\/p>\n","protected":false},"excerpt":{"rendered":"<p>Il mix di marrone chiaro e accenti scuri sul bordo delle placche dei segmenti conferisce a questa specie di Cubaris un grande contrasto.<\/p>\n","protected":false},"featured_media":189764,"template":"","meta":{"_acf_changed":false},"product-supplier":[],"product_brand":[],"product_cat":[2841,2788],"product_tag":[],"lce-checkout-addons":[2746],"class_list":{"0":"post-189763","1":"product","2":"type-product","3":"status-publish","4":"has-post-thumbnail","6":"product_cat-isopodi-colorati-tropicali-cubaris","7":"product_cat-woodlice","8":"product_shipping_class-spedizione-di-animali","9":"pa_herkunft-thailandia","10":"pa_kontinent-asia","11":"lce-checkout-addons-imballaggio-invernale","13":"first","14":"outofstock","15":"sale","16":"taxable","17":"shipping-taxable","18":"purchasable","19":"product-type-simple"},"acf":[],"yoast_head":"<!-- This site is optimized with the Yoast SEO plugin v27.3 - https:\/\/yoast.com\/product\/yoast-seo-wordpress\/ -->\n<title>Cubaris spec. &quot;Caramel&quot; - Insektenliebe<\/title>\n<meta name=\"description\" content=\"Acquista online il Cubaris spec. &quot;Caramel&quot;. Una delle specie di lucertola terrestre pi\u00f9 belle al mondo che puoi acquistare direttamente dall&#039;allevatore!\" \/>\n<meta name=\"robots\" content=\"index, follow, max-snippet:-1, max-image-preview:large, max-video-preview:-1\" \/>\n<link rel=\"canonical\" href=\"https:\/\/insektenliebe.com\/it\/shop\/prodotto\/cubaris-spec-caramel\/\" \/>\n<meta property=\"og:locale\" content=\"it_IT\" \/>\n<meta property=\"og:type\" content=\"article\" \/>\n<meta property=\"og:title\" content=\"Cubaris spec. &quot;Caramel&quot; - Insektenliebe\" \/>\n<meta property=\"og:description\" content=\"Acquista online il Cubaris spec. &quot;Caramel&quot;. Una delle specie di lucertola terrestre pi\u00f9 belle al mondo che puoi acquistare direttamente dall&#039;allevatore!\" \/>\n<meta property=\"og:url\" content=\"https:\/\/insektenliebe.com\/it\/shop\/prodotto\/cubaris-spec-caramel\/\" \/>\n<meta property=\"og:site_name\" content=\"Insektenliebe\" \/>\n<meta property=\"og:image\" content=\"https:\/\/insektenliebe.com\/wp-content\/uploads\/2025\/05\/Cubaris-spec.-_Caramel_-2.jpg\" \/>\n\t<meta property=\"og:image:width\" content=\"820\" \/>\n\t<meta property=\"og:image:height\" content=\"820\" \/>\n\t<meta property=\"og:image:type\" content=\"image\/jpeg\" \/>\n<meta name=\"twitter:card\" content=\"summary_large_image\" \/>\n<meta name=\"twitter:label1\" content=\"Tempo di lettura stimato\" \/>\n\t<meta name=\"twitter:data1\" content=\"2 minuto\" \/>\n<script type=\"application\/ld+json\" class=\"yoast-schema-graph\">{\"@context\":\"https:\\\/\\\/schema.org\",\"@graph\":[{\"@type\":\"WebPage\",\"@id\":\"https:\\\/\\\/insektenliebe.com\\\/it\\\/shop\\\/prodotto\\\/cubaris-spec-caramel\\\/\",\"url\":\"https:\\\/\\\/insektenliebe.com\\\/it\\\/shop\\\/prodotto\\\/cubaris-spec-caramel\\\/\",\"name\":\"Cubaris spec. \\\"Caramel\\\" - Insektenliebe\",\"isPartOf\":{\"@id\":\"https:\\\/\\\/insektenliebe.com\\\/it\\\/#website\"},\"primaryImageOfPage\":{\"@id\":\"https:\\\/\\\/insektenliebe.com\\\/it\\\/shop\\\/prodotto\\\/cubaris-spec-caramel\\\/#primaryimage\"},\"image\":{\"@id\":\"https:\\\/\\\/insektenliebe.com\\\/it\\\/shop\\\/prodotto\\\/cubaris-spec-caramel\\\/#primaryimage\"},\"thumbnailUrl\":\"https:\\\/\\\/insektenliebe.com\\\/wp-content\\\/uploads\\\/2025\\\/05\\\/Cubaris-spec.-_Caramel_-2.jpg\",\"datePublished\":\"2020-09-13T10:10:00+00:00\",\"description\":\"Acquista online il Cubaris spec. \\\"Caramel\\\". Una delle specie di lucertola terrestre pi\u00f9 belle al mondo che puoi acquistare direttamente dall'allevatore!\",\"breadcrumb\":{\"@id\":\"https:\\\/\\\/insektenliebe.com\\\/it\\\/shop\\\/prodotto\\\/cubaris-spec-caramel\\\/#breadcrumb\"},\"inLanguage\":\"it-IT\",\"potentialAction\":[{\"@type\":\"ReadAction\",\"target\":[\"https:\\\/\\\/insektenliebe.com\\\/it\\\/shop\\\/prodotto\\\/cubaris-spec-caramel\\\/\"]}]},{\"@type\":\"ImageObject\",\"inLanguage\":\"it-IT\",\"@id\":\"https:\\\/\\\/insektenliebe.com\\\/it\\\/shop\\\/prodotto\\\/cubaris-spec-caramel\\\/#primaryimage\",\"url\":\"https:\\\/\\\/insektenliebe.com\\\/wp-content\\\/uploads\\\/2025\\\/05\\\/Cubaris-spec.-_Caramel_-2.jpg\",\"contentUrl\":\"https:\\\/\\\/insektenliebe.com\\\/wp-content\\\/uploads\\\/2025\\\/05\\\/Cubaris-spec.-_Caramel_-2.jpg\",\"width\":820,\"height\":820,\"caption\":\"Cubaris-spec.-_Caramel_-2.jpg\"},{\"@type\":\"BreadcrumbList\",\"@id\":\"https:\\\/\\\/insektenliebe.com\\\/it\\\/shop\\\/prodotto\\\/cubaris-spec-caramel\\\/#breadcrumb\",\"itemListElement\":[{\"@type\":\"ListItem\",\"position\":1,\"name\":\"Startseite\",\"item\":\"https:\\\/\\\/insektenliebe.com\\\/it\\\/\"},{\"@type\":\"ListItem\",\"position\":2,\"name\":\"Negozio\",\"item\":\"https:\\\/\\\/insektenliebe.com\\\/it\\\/negozio\\\/\"},{\"@type\":\"ListItem\",\"position\":3,\"name\":\"Cubaris spec. &#8220;Caramel&#8221;\"}]},{\"@type\":\"WebSite\",\"@id\":\"https:\\\/\\\/insektenliebe.com\\\/it\\\/#website\",\"url\":\"https:\\\/\\\/insektenliebe.com\\\/it\\\/\",\"name\":\"Insektenliebe\",\"description\":\"Dein Zuhause f\u00fcr die kleinen Lebewesen\",\"publisher\":{\"@id\":\"https:\\\/\\\/insektenliebe.com\\\/it\\\/#organization\"},\"potentialAction\":[{\"@type\":\"SearchAction\",\"target\":{\"@type\":\"EntryPoint\",\"urlTemplate\":\"https:\\\/\\\/insektenliebe.com\\\/it\\\/?s={search_term_string}\"},\"query-input\":{\"@type\":\"PropertyValueSpecification\",\"valueRequired\":true,\"valueName\":\"search_term_string\"}}],\"inLanguage\":\"it-IT\"},{\"@type\":\"Organization\",\"@id\":\"https:\\\/\\\/insektenliebe.com\\\/it\\\/#organization\",\"name\":\"Insektenliebe\",\"url\":\"https:\\\/\\\/insektenliebe.com\\\/it\\\/\",\"logo\":{\"@type\":\"ImageObject\",\"inLanguage\":\"it-IT\",\"@id\":\"https:\\\/\\\/insektenliebe.com\\\/it\\\/#\\\/schema\\\/logo\\\/image\\\/\",\"url\":\"https:\\\/\\\/insektenliebe.com\\\/wp-content\\\/uploads\\\/2025\\\/03\\\/logo-white.png\",\"contentUrl\":\"https:\\\/\\\/insektenliebe.com\\\/wp-content\\\/uploads\\\/2025\\\/03\\\/logo-white.png\",\"width\":288,\"height\":188,\"caption\":\"Insektenliebe\"},\"image\":{\"@id\":\"https:\\\/\\\/insektenliebe.com\\\/it\\\/#\\\/schema\\\/logo\\\/image\\\/\"}}]}<\/script>\n<!-- \/ Yoast SEO plugin. -->","yoast_head_json":{"title":"Cubaris spec. \"Caramel\" - Insektenliebe","description":"Acquista online il Cubaris spec. \"Caramel\". Una delle specie di lucertola terrestre pi\u00f9 belle al mondo che puoi acquistare direttamente dall'allevatore!","robots":{"index":"index","follow":"follow","max-snippet":"max-snippet:-1","max-image-preview":"max-image-preview:large","max-video-preview":"max-video-preview:-1"},"canonical":"https:\/\/insektenliebe.com\/it\/shop\/prodotto\/cubaris-spec-caramel\/","og_locale":"it_IT","og_type":"article","og_title":"Cubaris spec. \"Caramel\" - Insektenliebe","og_description":"Acquista online il Cubaris spec. \"Caramel\". Una delle specie di lucertola terrestre pi\u00f9 belle al mondo che puoi acquistare direttamente dall'allevatore!","og_url":"https:\/\/insektenliebe.com\/it\/shop\/prodotto\/cubaris-spec-caramel\/","og_site_name":"Insektenliebe","og_image":[{"width":820,"height":820,"url":"https:\/\/insektenliebe.com\/wp-content\/uploads\/2025\/05\/Cubaris-spec.-_Caramel_-2.jpg","type":"image\/jpeg"}],"twitter_card":"summary_large_image","twitter_misc":{"Tempo di lettura stimato":"2 minuto"},"schema":{"@context":"https:\/\/schema.org","@graph":[{"@type":"WebPage","@id":"https:\/\/insektenliebe.com\/it\/shop\/prodotto\/cubaris-spec-caramel\/","url":"https:\/\/insektenliebe.com\/it\/shop\/prodotto\/cubaris-spec-caramel\/","name":"Cubaris spec. \"Caramel\" - Insektenliebe","isPartOf":{"@id":"https:\/\/insektenliebe.com\/it\/#website"},"primaryImageOfPage":{"@id":"https:\/\/insektenliebe.com\/it\/shop\/prodotto\/cubaris-spec-caramel\/#primaryimage"},"image":{"@id":"https:\/\/insektenliebe.com\/it\/shop\/prodotto\/cubaris-spec-caramel\/#primaryimage"},"thumbnailUrl":"https:\/\/insektenliebe.com\/wp-content\/uploads\/2025\/05\/Cubaris-spec.-_Caramel_-2.jpg","datePublished":"2020-09-13T10:10:00+00:00","description":"Acquista online il Cubaris spec. \"Caramel\". Una delle specie di lucertola terrestre pi\u00f9 belle al mondo che puoi acquistare direttamente dall'allevatore!","breadcrumb":{"@id":"https:\/\/insektenliebe.com\/it\/shop\/prodotto\/cubaris-spec-caramel\/#breadcrumb"},"inLanguage":"it-IT","potentialAction":[{"@type":"ReadAction","target":["https:\/\/insektenliebe.com\/it\/shop\/prodotto\/cubaris-spec-caramel\/"]}]},{"@type":"ImageObject","inLanguage":"it-IT","@id":"https:\/\/insektenliebe.com\/it\/shop\/prodotto\/cubaris-spec-caramel\/#primaryimage","url":"https:\/\/insektenliebe.com\/wp-content\/uploads\/2025\/05\/Cubaris-spec.-_Caramel_-2.jpg","contentUrl":"https:\/\/insektenliebe.com\/wp-content\/uploads\/2025\/05\/Cubaris-spec.-_Caramel_-2.jpg","width":820,"height":820,"caption":"Cubaris-spec.-_Caramel_-2.jpg"},{"@type":"BreadcrumbList","@id":"https:\/\/insektenliebe.com\/it\/shop\/prodotto\/cubaris-spec-caramel\/#breadcrumb","itemListElement":[{"@type":"ListItem","position":1,"name":"Startseite","item":"https:\/\/insektenliebe.com\/it\/"},{"@type":"ListItem","position":2,"name":"Negozio","item":"https:\/\/insektenliebe.com\/it\/negozio\/"},{"@type":"ListItem","position":3,"name":"Cubaris spec. &#8220;Caramel&#8221;"}]},{"@type":"WebSite","@id":"https:\/\/insektenliebe.com\/it\/#website","url":"https:\/\/insektenliebe.com\/it\/","name":"Insektenliebe","description":"Dein Zuhause f\u00fcr die kleinen Lebewesen","publisher":{"@id":"https:\/\/insektenliebe.com\/it\/#organization"},"potentialAction":[{"@type":"SearchAction","target":{"@type":"EntryPoint","urlTemplate":"https:\/\/insektenliebe.com\/it\/?s={search_term_string}"},"query-input":{"@type":"PropertyValueSpecification","valueRequired":true,"valueName":"search_term_string"}}],"inLanguage":"it-IT"},{"@type":"Organization","@id":"https:\/\/insektenliebe.com\/it\/#organization","name":"Insektenliebe","url":"https:\/\/insektenliebe.com\/it\/","logo":{"@type":"ImageObject","inLanguage":"it-IT","@id":"https:\/\/insektenliebe.com\/it\/#\/schema\/logo\/image\/","url":"https:\/\/insektenliebe.com\/wp-content\/uploads\/2025\/03\/logo-white.png","contentUrl":"https:\/\/insektenliebe.com\/wp-content\/uploads\/2025\/03\/logo-white.png","width":288,"height":188,"caption":"Insektenliebe"},"image":{"@id":"https:\/\/insektenliebe.com\/it\/#\/schema\/logo\/image\/"}}]}},"_links":{"self":[{"href":"https:\/\/insektenliebe.com\/it\/wp-json\/wp\/v2\/product\/189763","targetHints":{"allow":["GET"]}}],"collection":[{"href":"https:\/\/insektenliebe.com\/it\/wp-json\/wp\/v2\/product"}],"about":[{"href":"https:\/\/insektenliebe.com\/it\/wp-json\/wp\/v2\/types\/product"}],"wp:featuredmedia":[{"embeddable":true,"href":"https:\/\/insektenliebe.com\/it\/wp-json\/wp\/v2\/media\/189764"}],"wp:attachment":[{"href":"https:\/\/insektenliebe.com\/it\/wp-json\/wp\/v2\/media?parent=189763"}],"wp:term":[{"taxonomy":"product-supplier","embeddable":true,"href":"https:\/\/insektenliebe.com\/it\/wp-json\/wp\/v2\/product-supplier?post=189763"},{"taxonomy":"product_brand","embeddable":true,"href":"https:\/\/insektenliebe.com\/it\/wp-json\/wp\/v2\/product_brand?post=189763"},{"taxonomy":"product_cat","embeddable":true,"href":"https:\/\/insektenliebe.com\/it\/wp-json\/wp\/v2\/product_cat?post=189763"},{"taxonomy":"product_tag","embeddable":true,"href":"https:\/\/insektenliebe.com\/it\/wp-json\/wp\/v2\/product_tag?post=189763"},{"taxonomy":"lce-checkout-addons","embeddable":true,"href":"https:\/\/insektenliebe.com\/it\/wp-json\/wp\/v2\/lce-checkout-addons?post=189763"}],"curies":[{"name":"wp","href":"https:\/\/api.w.org\/{rel}","templated":true}]}}