{"id":189743,"date":"2021-11-01T08:08:00","date_gmt":"2021-11-01T07:08:00","guid":{"rendered":"https:\/\/insektenliebe.com\/shop\/produkt\/merulanella-spec-quadzcolor\/"},"modified":"2021-11-01T08:08:00","modified_gmt":"2021-11-01T07:08:00","slug":"merulanella-spec-quadzcolor","status":"publish","type":"product","link":"https:\/\/insektenliebe.com\/it\/shop\/prodotto\/merulanella-spec-quadzcolor\/","title":{"rendered":"Merulanella spec. \"Quadzcolor\""},"content":{"rendered":"<h3><span style=\"color: #99cc33\">Breve descrizione Merulanella spec. \"Quadzcolor\": <\/span><\/h3>\n<p>Alla specie Merulanella quadricromatica \u00e8 stato dato il nome creativo di Quadzcolor. La percentuale di bianco \u00e8 leggermente superiore a quella di giallo, ma per il resto \u00e8 molto simile alla Merulanella spec. \"Tricolore\". Si tiene allo stesso modo delle altre specie di Merulanella. Utilizza un substrato di calce mescolato con muschio e fogliame sufficiente come strato superiore. L&#8217;acqua deve essere spruzzata tre volte alla settimana. Gli animali preferiscono assorbirla direttamente e amano apparire in superficie quando \"piove\".      <\/p>\n<div><\/div>\n","protected":false},"excerpt":{"rendered":"<p>Specie di isopodi a quattro colori!<\/p>\n","protected":false},"featured_media":187862,"template":"","meta":{"_acf_changed":false},"product-supplier":[],"product_brand":[],"product_cat":[2850,2788],"product_tag":[],"lce-checkout-addons":[2746],"class_list":{"0":"post-189743","1":"product","2":"type-product","3":"status-publish","4":"has-post-thumbnail","6":"product_cat-altri-isopodi-merulanella-ecc","7":"product_cat-woodlice","8":"product_shipping_class-spedizione-di-animali","9":"pa_herkunft-vietnam","10":"pa_kontinent-asia","11":"lce-checkout-addons-imballaggio-invernale","13":"first","14":"outofstock","15":"sale","16":"taxable","17":"shipping-taxable","18":"purchasable","19":"product-type-variable"},"acf":[],"yoast_head":"<!-- This site is optimized with the Yoast SEO Premium plugin v26.8 (Yoast SEO v27.5) - https:\/\/yoast.com\/product\/yoast-seo-premium-wordpress\/ -->\n<title>Merulanella spec. &quot;Quadzcolor&quot; - Insektenliebe<\/title>\n<meta name=\"description\" content=\"Acquista a buon mercato Merulanella spec. &quot;Quadzcolor&quot; direttamente online. Acquista la prole di questa bellissima specie di isopode direttamente dall&#039;allevatore.\" \/>\n<meta name=\"robots\" content=\"index, follow, max-snippet:-1, max-image-preview:large, max-video-preview:-1\" \/>\n<link rel=\"canonical\" href=\"https:\/\/insektenliebe.com\/it\/shop\/prodotto\/merulanella-spec-quadzcolor\/\" \/>\n<meta property=\"og:locale\" content=\"it_IT\" \/>\n<meta property=\"og:type\" content=\"article\" \/>\n<meta property=\"og:title\" content=\"Merulanella spec. &quot;Quadzcolor&quot;\" \/>\n<meta property=\"og:description\" content=\"Acquista a buon mercato Merulanella spec. &quot;Quadzcolor&quot; direttamente online. Acquista la prole di questa bellissima specie di isopode direttamente dall&#039;allevatore.\" \/>\n<meta property=\"og:url\" content=\"https:\/\/insektenliebe.com\/it\/shop\/prodotto\/merulanella-spec-quadzcolor\/\" \/>\n<meta property=\"og:site_name\" content=\"Insektenliebe\" \/>\n<meta property=\"og:image\" content=\"https:\/\/insektenliebe.com\/wp-content\/uploads\/2025\/05\/Merulanella-spec.-22Quadzcolor22-2.jpg\" \/>\n\t<meta property=\"og:image:width\" content=\"820\" \/>\n\t<meta property=\"og:image:height\" content=\"820\" \/>\n\t<meta property=\"og:image:type\" content=\"image\/jpeg\" \/>\n<meta name=\"twitter:card\" content=\"summary_large_image\" \/>\n<meta name=\"twitter:label1\" content=\"Disponibilit\u00e0\" \/>\n\t<meta name=\"twitter:data1\" content=\"Esaurito\" \/>\n<script type=\"application\/ld+json\" class=\"yoast-schema-graph\">{\"@context\":\"https:\\\/\\\/schema.org\",\"@graph\":[{\"@type\":\"WebPage\",\"@id\":\"https:\\\/\\\/insektenliebe.com\\\/it\\\/shop\\\/prodotto\\\/merulanella-spec-quadzcolor\\\/\",\"url\":\"https:\\\/\\\/insektenliebe.com\\\/it\\\/shop\\\/prodotto\\\/merulanella-spec-quadzcolor\\\/\",\"name\":\"Merulanella spec. \\\"Quadzcolor\\\" - Insektenliebe\",\"isPartOf\":{\"@id\":\"https:\\\/\\\/insektenliebe.com\\\/it\\\/#website\"},\"primaryImageOfPage\":{\"@id\":\"https:\\\/\\\/insektenliebe.com\\\/it\\\/shop\\\/prodotto\\\/merulanella-spec-quadzcolor\\\/#primaryimage\"},\"image\":{\"@id\":\"https:\\\/\\\/insektenliebe.com\\\/it\\\/shop\\\/prodotto\\\/merulanella-spec-quadzcolor\\\/#primaryimage\"},\"thumbnailUrl\":\"https:\\\/\\\/insektenliebe.com\\\/wp-content\\\/uploads\\\/2025\\\/05\\\/Merulanella-spec.-22Quadzcolor22-2.jpg\",\"datePublished\":\"2021-11-01T07:08:00+00:00\",\"description\":\"Acquista a buon mercato Merulanella spec. \\\"Quadzcolor\\\" direttamente online. Acquista la prole di questa bellissima specie di isopode direttamente dall'allevatore.\",\"breadcrumb\":{\"@id\":\"https:\\\/\\\/insektenliebe.com\\\/it\\\/shop\\\/prodotto\\\/merulanella-spec-quadzcolor\\\/#breadcrumb\"},\"inLanguage\":\"it-IT\",\"potentialAction\":[{\"@type\":\"ReadAction\",\"target\":[\"https:\\\/\\\/insektenliebe.com\\\/it\\\/shop\\\/prodotto\\\/merulanella-spec-quadzcolor\\\/\"]}]},{\"@type\":\"ImageObject\",\"inLanguage\":\"it-IT\",\"@id\":\"https:\\\/\\\/insektenliebe.com\\\/it\\\/shop\\\/prodotto\\\/merulanella-spec-quadzcolor\\\/#primaryimage\",\"url\":\"https:\\\/\\\/insektenliebe.com\\\/wp-content\\\/uploads\\\/2025\\\/05\\\/Merulanella-spec.-22Quadzcolor22-2.jpg\",\"contentUrl\":\"https:\\\/\\\/insektenliebe.com\\\/wp-content\\\/uploads\\\/2025\\\/05\\\/Merulanella-spec.-22Quadzcolor22-2.jpg\",\"width\":820,\"height\":820,\"caption\":\"Merulanella-spec.-22Quadzcolor22-2.jpg\"},{\"@type\":\"BreadcrumbList\",\"@id\":\"https:\\\/\\\/insektenliebe.com\\\/it\\\/shop\\\/prodotto\\\/merulanella-spec-quadzcolor\\\/#breadcrumb\",\"itemListElement\":[{\"@type\":\"ListItem\",\"position\":1,\"name\":\"Startseite\",\"item\":\"https:\\\/\\\/insektenliebe.com\\\/it\\\/\"},{\"@type\":\"ListItem\",\"position\":2,\"name\":\"Negozio\",\"item\":\"https:\\\/\\\/insektenliebe.com\\\/it\\\/negozio\\\/\"},{\"@type\":\"ListItem\",\"position\":3,\"name\":\"Merulanella spec. &#8220;Quadzcolor&#8221;\"}]},{\"@type\":\"WebSite\",\"@id\":\"https:\\\/\\\/insektenliebe.com\\\/it\\\/#website\",\"url\":\"https:\\\/\\\/insektenliebe.com\\\/it\\\/\",\"name\":\"Insektenliebe\",\"description\":\"Dein Zuhause f\u00fcr die kleinen Lebewesen\",\"publisher\":{\"@id\":\"https:\\\/\\\/insektenliebe.com\\\/it\\\/#organization\"},\"potentialAction\":[{\"@type\":\"SearchAction\",\"target\":{\"@type\":\"EntryPoint\",\"urlTemplate\":\"https:\\\/\\\/insektenliebe.com\\\/it\\\/?s={search_term_string}\"},\"query-input\":{\"@type\":\"PropertyValueSpecification\",\"valueRequired\":true,\"valueName\":\"search_term_string\"}}],\"inLanguage\":\"it-IT\"},{\"@type\":\"Organization\",\"@id\":\"https:\\\/\\\/insektenliebe.com\\\/it\\\/#organization\",\"name\":\"Insektenliebe\",\"url\":\"https:\\\/\\\/insektenliebe.com\\\/it\\\/\",\"logo\":{\"@type\":\"ImageObject\",\"inLanguage\":\"it-IT\",\"@id\":\"https:\\\/\\\/insektenliebe.com\\\/it\\\/#\\\/schema\\\/logo\\\/image\\\/\",\"url\":\"https:\\\/\\\/insektenliebe.com\\\/wp-content\\\/uploads\\\/2025\\\/03\\\/logo-white.png\",\"contentUrl\":\"https:\\\/\\\/insektenliebe.com\\\/wp-content\\\/uploads\\\/2025\\\/03\\\/logo-white.png\",\"width\":288,\"height\":188,\"caption\":\"Insektenliebe\"},\"image\":{\"@id\":\"https:\\\/\\\/insektenliebe.com\\\/it\\\/#\\\/schema\\\/logo\\\/image\\\/\"}}]}<\/script>\n<meta property=\"og:availability\" content=\"out of stock\" \/>\n<meta property=\"product:availability\" content=\"out of stock\" \/>\n<meta property=\"product:retailer_item_id\" content=\"372\" \/>\n<meta property=\"product:condition\" content=\"new\" \/>\n<!-- \/ Yoast SEO Premium plugin. -->","yoast_head_json":{"title":"Merulanella spec. \"Quadzcolor\" - Insektenliebe","description":"Acquista a buon mercato Merulanella spec. \"Quadzcolor\" direttamente online. Acquista la prole di questa bellissima specie di isopode direttamente dall'allevatore.","robots":{"index":"index","follow":"follow","max-snippet":"max-snippet:-1","max-image-preview":"max-image-preview:large","max-video-preview":"max-video-preview:-1"},"canonical":"https:\/\/insektenliebe.com\/it\/shop\/prodotto\/merulanella-spec-quadzcolor\/","og_locale":"it_IT","og_type":"article","og_title":"Merulanella spec. \"Quadzcolor\"","og_description":"Acquista a buon mercato Merulanella spec. \"Quadzcolor\" direttamente online. Acquista la prole di questa bellissima specie di isopode direttamente dall'allevatore.","og_url":"https:\/\/insektenliebe.com\/it\/shop\/prodotto\/merulanella-spec-quadzcolor\/","og_site_name":"Insektenliebe","og_image":[{"width":820,"height":820,"url":"https:\/\/insektenliebe.com\/wp-content\/uploads\/2025\/05\/Merulanella-spec.-22Quadzcolor22-2.jpg","type":"image\/jpeg"}],"twitter_card":"summary_large_image","twitter_misc":{"Disponibilit\u00e0":"Esaurito"},"schema":{"@context":"https:\/\/schema.org","@graph":[{"@type":"WebPage","@id":"https:\/\/insektenliebe.com\/it\/shop\/prodotto\/merulanella-spec-quadzcolor\/","url":"https:\/\/insektenliebe.com\/it\/shop\/prodotto\/merulanella-spec-quadzcolor\/","name":"Merulanella spec. \"Quadzcolor\" - Insektenliebe","isPartOf":{"@id":"https:\/\/insektenliebe.com\/it\/#website"},"primaryImageOfPage":{"@id":"https:\/\/insektenliebe.com\/it\/shop\/prodotto\/merulanella-spec-quadzcolor\/#primaryimage"},"image":{"@id":"https:\/\/insektenliebe.com\/it\/shop\/prodotto\/merulanella-spec-quadzcolor\/#primaryimage"},"thumbnailUrl":"https:\/\/insektenliebe.com\/wp-content\/uploads\/2025\/05\/Merulanella-spec.-22Quadzcolor22-2.jpg","datePublished":"2021-11-01T07:08:00+00:00","description":"Acquista a buon mercato Merulanella spec. \"Quadzcolor\" direttamente online. Acquista la prole di questa bellissima specie di isopode direttamente dall'allevatore.","breadcrumb":{"@id":"https:\/\/insektenliebe.com\/it\/shop\/prodotto\/merulanella-spec-quadzcolor\/#breadcrumb"},"inLanguage":"it-IT","potentialAction":[{"@type":"ReadAction","target":["https:\/\/insektenliebe.com\/it\/shop\/prodotto\/merulanella-spec-quadzcolor\/"]}]},{"@type":"ImageObject","inLanguage":"it-IT","@id":"https:\/\/insektenliebe.com\/it\/shop\/prodotto\/merulanella-spec-quadzcolor\/#primaryimage","url":"https:\/\/insektenliebe.com\/wp-content\/uploads\/2025\/05\/Merulanella-spec.-22Quadzcolor22-2.jpg","contentUrl":"https:\/\/insektenliebe.com\/wp-content\/uploads\/2025\/05\/Merulanella-spec.-22Quadzcolor22-2.jpg","width":820,"height":820,"caption":"Merulanella-spec.-22Quadzcolor22-2.jpg"},{"@type":"BreadcrumbList","@id":"https:\/\/insektenliebe.com\/it\/shop\/prodotto\/merulanella-spec-quadzcolor\/#breadcrumb","itemListElement":[{"@type":"ListItem","position":1,"name":"Startseite","item":"https:\/\/insektenliebe.com\/it\/"},{"@type":"ListItem","position":2,"name":"Negozio","item":"https:\/\/insektenliebe.com\/it\/negozio\/"},{"@type":"ListItem","position":3,"name":"Merulanella spec. &#8220;Quadzcolor&#8221;"}]},{"@type":"WebSite","@id":"https:\/\/insektenliebe.com\/it\/#website","url":"https:\/\/insektenliebe.com\/it\/","name":"Insektenliebe","description":"Dein Zuhause f\u00fcr die kleinen Lebewesen","publisher":{"@id":"https:\/\/insektenliebe.com\/it\/#organization"},"potentialAction":[{"@type":"SearchAction","target":{"@type":"EntryPoint","urlTemplate":"https:\/\/insektenliebe.com\/it\/?s={search_term_string}"},"query-input":{"@type":"PropertyValueSpecification","valueRequired":true,"valueName":"search_term_string"}}],"inLanguage":"it-IT"},{"@type":"Organization","@id":"https:\/\/insektenliebe.com\/it\/#organization","name":"Insektenliebe","url":"https:\/\/insektenliebe.com\/it\/","logo":{"@type":"ImageObject","inLanguage":"it-IT","@id":"https:\/\/insektenliebe.com\/it\/#\/schema\/logo\/image\/","url":"https:\/\/insektenliebe.com\/wp-content\/uploads\/2025\/03\/logo-white.png","contentUrl":"https:\/\/insektenliebe.com\/wp-content\/uploads\/2025\/03\/logo-white.png","width":288,"height":188,"caption":"Insektenliebe"},"image":{"@id":"https:\/\/insektenliebe.com\/it\/#\/schema\/logo\/image\/"}}]},"og_availability":"out of stock","product_availability":"out of stock","product_retailer_item_id":"372","product_condition":"new"},"_links":{"self":[{"href":"https:\/\/insektenliebe.com\/it\/wp-json\/wp\/v2\/product\/189743","targetHints":{"allow":["GET"]}}],"collection":[{"href":"https:\/\/insektenliebe.com\/it\/wp-json\/wp\/v2\/product"}],"about":[{"href":"https:\/\/insektenliebe.com\/it\/wp-json\/wp\/v2\/types\/product"}],"wp:featuredmedia":[{"embeddable":true,"href":"https:\/\/insektenliebe.com\/it\/wp-json\/wp\/v2\/media\/187862"}],"wp:attachment":[{"href":"https:\/\/insektenliebe.com\/it\/wp-json\/wp\/v2\/media?parent=189743"}],"wp:term":[{"taxonomy":"product-supplier","embeddable":true,"href":"https:\/\/insektenliebe.com\/it\/wp-json\/wp\/v2\/product-supplier?post=189743"},{"taxonomy":"product_brand","embeddable":true,"href":"https:\/\/insektenliebe.com\/it\/wp-json\/wp\/v2\/product_brand?post=189743"},{"taxonomy":"product_cat","embeddable":true,"href":"https:\/\/insektenliebe.com\/it\/wp-json\/wp\/v2\/product_cat?post=189743"},{"taxonomy":"product_tag","embeddable":true,"href":"https:\/\/insektenliebe.com\/it\/wp-json\/wp\/v2\/product_tag?post=189743"},{"taxonomy":"lce-checkout-addons","embeddable":true,"href":"https:\/\/insektenliebe.com\/it\/wp-json\/wp\/v2\/lce-checkout-addons?post=189743"}],"curies":[{"name":"wp","href":"https:\/\/api.w.org\/{rel}","templated":true}]}}