{"id":189741,"date":"2021-11-11T15:29:59","date_gmt":"2021-11-11T13:29:59","guid":{"rendered":"https:\/\/insektenliebe.com\/shop\/produkt\/kinshi\/"},"modified":"2026-03-12T08:14:27","modified_gmt":"2026-03-12T07:14:27","slug":"kinshi","status":"publish","type":"product","link":"https:\/\/insektenliebe.com\/it\/shop\/prodotto\/kinshi\/","title":{"rendered":"Kinshi"},"content":{"rendered":"<h3><span class=\"s1\" style=\"color: #99cc33;\">Kinshi - Substrato di funghi ricco di nutrienti per animali da terrario<\/span><\/h3>\n<p class=\"p1\"><strong><span class=\"s1\">Kinshi<\/span><\/strong><span class=\"s2\"> \u00e8 un blocco pressato <\/span><span class=\"s1\">blocco di trucioli di faggio<\/span><span class=\"s2\">che viene originariamente utilizzato come substrato per la coltivazione dei funghi. In questo substrato speciale crescono   <\/span><span class=\"s1\">Funghi Shiitake<\/span><span class=\"s2\">che impregnano il legno con il loro micelio.<\/span><\/p>\n<p class=\"p1\"><span class=\"s2\">Durante la crescita, i miceli fungini scompongono la cellulosa <\/span><span class=\"s1\">cellulosa dei trucioli di faggio<\/span><span class=\"s2\">  da. Questo crea una struttura che ricorda molto da vicino quella del  <\/span><span class=\"s1\">legno marcio bianco<\/span><span class=\"s2\">  ci ricorda. \u00c8 proprio questo materiale che molti animali da terrario amano mangiare. <\/span><\/p>\n<p class=\"p1\"><span class=\"s2\">Dopo la raccolta dei funghi, il cosiddetto <\/span><strong><span class=\"s1\">blocco kinshi<\/span><\/strong><span class=\"s2\">  indietro. \u00c8 l&#8217;ideale come   <\/span><span class=\"s1\">Cibo per isopodi, millepiedi, code a molla e larve di coleottero<\/span><span class=\"s2\">. Gli animali iniziano rapidamente a formare piccoli  <\/span><span class=\"s1\">per farsi strada attraverso il blocco<\/span><span class=\"s2\"> e allo stesso tempo lo usano come cibo e struttura nel terrario.<\/span><\/p>\n<p class=\"p1\"><span class=\"s2\">Grazie alla decomposizione causata dal fungo, il legno \u00e8 gi\u00e0 <\/span><span class=\"s1\">ed \u00e8 particolarmente facile da utilizzare<\/span><span class=\"s2\">. Per questo motivo \u00e8 molto apprezzata da molti abitanti del suolo e favorisce la loro crescita e il loro sviluppo.<\/span><\/p>\n<p class=\"p1\"><span class=\"s2\">Il <strong>kinshi<\/strong> della nostra gamma proviene da un coltivatore di <strong>funghi<\/strong> regionale <\/span><span class=\"s1\">produttore regionale di funghi<\/span><span class=\"s2\">che vi coltiva funghi shiitake. Dopo la raccolta, il substrato viene riutilizzato e riceve cos\u00ec un   <\/span><span class=\"s1\">Uso secondario ecologicamente sensato nel terrario<\/span><span class=\"s2\">.<\/span><\/p>\n<p class=\"p1\"><span class=\"s2\">Soprattutto in <\/span><span class=\"s1\">terrari bioattivi<\/span><span class=\"s2\">  \u00e8 un ottimo integratore. Serve sia come fonte di cibo per la polizia terricola sia come struttura del substrato. <\/span><\/p>\n<p class=\"p1\"><span class=\"s2\">Molti proprietari utilizzano il Kinshi anche come <\/span><span class=\"s1\">alternativa al legno marcio bianco<\/span><span class=\"s2\">poich\u00e9 ha propriet\u00e0 simili ed \u00e8 altrettanto ben accettato da molti organismi decompositori.<\/span><\/p>\n<p class=\"p1\"><span class=\"s2\">Essendo un prodotto <\/span><span class=\"s1\">prodotto naturale<\/span><span class=\"s2\">  la forma, la struttura e le dimensioni dei <strong>blocchi di Kinshi<\/strong> possono variare leggermente. Sono proprio queste differenze naturali a rendere unico ogni pezzo. <\/span><\/p>\n<p class=\"p1\"><span class=\"s2\">Con <\/span><strong><span class=\"s1\">Kinshi<\/span><\/strong><span class=\"s2\"> offri ai tuoi animali da terrario un alimento supplementare particolarmente <\/span><span class=\"s1\">alimento supplementare naturale e ricco di nutrienti<\/span><span class=\"s2\">che favorisce anche l&#8217;equilibrio ecologico del terrario.<\/span><\/p>\n","protected":false},"excerpt":{"rendered":"<p>Un&#8217;alternativa ecologica ai tronchi marci bianchi!<\/p>\n","protected":false},"featured_media":186526,"template":"","meta":{"_acf_changed":false},"product-supplier":[],"product_brand":[],"product_cat":[2815],"product_tag":[],"lce-checkout-addons":[],"class_list":{"0":"post-189741","1":"product","2":"type-product","3":"status-publish","4":"has-post-thumbnail","6":"product_cat-cibo-e-calcio","7":"product_shipping_class-equipment-shipping","9":"first","10":"instock","11":"sale","12":"taxable","13":"shipping-taxable","14":"purchasable","15":"product-type-variable"},"acf":[],"yoast_head":"<!-- This site is optimized with the Yoast SEO plugin v27.3 - https:\/\/yoast.com\/product\/yoast-seo-wordpress\/ -->\n<title>Kinshi - Insektenliebe<\/title>\n<meta name=\"description\" content=\"Kinshi - Substrato per funghi a base di trucioli di faggio. Ideale come alimento per isopodi, millepiedi, code a molla e molte larve di coleotteri.\" \/>\n<meta name=\"robots\" content=\"index, follow, max-snippet:-1, max-image-preview:large, max-video-preview:-1\" \/>\n<link rel=\"canonical\" href=\"https:\/\/insektenliebe.com\/it\/shop\/prodotto\/kinshi\/\" \/>\n<meta property=\"og:locale\" content=\"it_IT\" \/>\n<meta property=\"og:type\" content=\"article\" \/>\n<meta property=\"og:title\" content=\"Kinshi - Insektenliebe\" \/>\n<meta property=\"og:description\" content=\"Kinshi - Substrato per funghi a base di trucioli di faggio. Ideale come alimento per isopodi, millepiedi, code a molla e molte larve di coleotteri.\" \/>\n<meta property=\"og:url\" content=\"https:\/\/insektenliebe.com\/it\/shop\/prodotto\/kinshi\/\" \/>\n<meta property=\"og:site_name\" content=\"Insektenliebe\" \/>\n<meta property=\"article:modified_time\" content=\"2026-03-12T07:14:27+00:00\" \/>\n<meta property=\"og:image\" content=\"https:\/\/insektenliebe.com\/wp-content\/uploads\/2025\/05\/kinshi-L-2.jpg\" \/>\n\t<meta property=\"og:image:width\" content=\"820\" \/>\n\t<meta property=\"og:image:height\" content=\"820\" \/>\n\t<meta property=\"og:image:type\" content=\"image\/jpeg\" \/>\n<meta name=\"twitter:card\" content=\"summary_large_image\" \/>\n<meta name=\"twitter:label1\" content=\"Tempo di lettura stimato\" \/>\n\t<meta name=\"twitter:data1\" content=\"2 minuto\" \/>\n<script type=\"application\/ld+json\" class=\"yoast-schema-graph\">{\"@context\":\"https:\\\/\\\/schema.org\",\"@graph\":[{\"@type\":\"WebPage\",\"@id\":\"https:\\\/\\\/insektenliebe.com\\\/it\\\/shop\\\/prodotto\\\/kinshi\\\/\",\"url\":\"https:\\\/\\\/insektenliebe.com\\\/it\\\/shop\\\/prodotto\\\/kinshi\\\/\",\"name\":\"Kinshi - Insektenliebe\",\"isPartOf\":{\"@id\":\"https:\\\/\\\/insektenliebe.com\\\/it\\\/#website\"},\"primaryImageOfPage\":{\"@id\":\"https:\\\/\\\/insektenliebe.com\\\/it\\\/shop\\\/prodotto\\\/kinshi\\\/#primaryimage\"},\"image\":{\"@id\":\"https:\\\/\\\/insektenliebe.com\\\/it\\\/shop\\\/prodotto\\\/kinshi\\\/#primaryimage\"},\"thumbnailUrl\":\"https:\\\/\\\/insektenliebe.com\\\/wp-content\\\/uploads\\\/2025\\\/05\\\/kinshi-L-2.jpg\",\"datePublished\":\"2021-11-11T13:29:59+00:00\",\"dateModified\":\"2026-03-12T07:14:27+00:00\",\"description\":\"Kinshi - Substrato per funghi a base di trucioli di faggio. Ideale come alimento per isopodi, millepiedi, code a molla e molte larve di coleotteri.\",\"breadcrumb\":{\"@id\":\"https:\\\/\\\/insektenliebe.com\\\/it\\\/shop\\\/prodotto\\\/kinshi\\\/#breadcrumb\"},\"inLanguage\":\"it-IT\",\"potentialAction\":[{\"@type\":\"ReadAction\",\"target\":[\"https:\\\/\\\/insektenliebe.com\\\/it\\\/shop\\\/prodotto\\\/kinshi\\\/\"]}]},{\"@type\":\"ImageObject\",\"inLanguage\":\"it-IT\",\"@id\":\"https:\\\/\\\/insektenliebe.com\\\/it\\\/shop\\\/prodotto\\\/kinshi\\\/#primaryimage\",\"url\":\"https:\\\/\\\/insektenliebe.com\\\/wp-content\\\/uploads\\\/2025\\\/05\\\/kinshi-L-2.jpg\",\"contentUrl\":\"https:\\\/\\\/insektenliebe.com\\\/wp-content\\\/uploads\\\/2025\\\/05\\\/kinshi-L-2.jpg\",\"width\":820,\"height\":820,\"caption\":\"kinshi-L-2.jpg\"},{\"@type\":\"BreadcrumbList\",\"@id\":\"https:\\\/\\\/insektenliebe.com\\\/it\\\/shop\\\/prodotto\\\/kinshi\\\/#breadcrumb\",\"itemListElement\":[{\"@type\":\"ListItem\",\"position\":1,\"name\":\"Startseite\",\"item\":\"https:\\\/\\\/insektenliebe.com\\\/it\\\/\"},{\"@type\":\"ListItem\",\"position\":2,\"name\":\"Negozio\",\"item\":\"https:\\\/\\\/insektenliebe.com\\\/it\\\/negozio\\\/\"},{\"@type\":\"ListItem\",\"position\":3,\"name\":\"Kinshi\"}]},{\"@type\":\"WebSite\",\"@id\":\"https:\\\/\\\/insektenliebe.com\\\/it\\\/#website\",\"url\":\"https:\\\/\\\/insektenliebe.com\\\/it\\\/\",\"name\":\"Insektenliebe\",\"description\":\"Dein Zuhause f\u00fcr die kleinen Lebewesen\",\"publisher\":{\"@id\":\"https:\\\/\\\/insektenliebe.com\\\/it\\\/#organization\"},\"potentialAction\":[{\"@type\":\"SearchAction\",\"target\":{\"@type\":\"EntryPoint\",\"urlTemplate\":\"https:\\\/\\\/insektenliebe.com\\\/it\\\/?s={search_term_string}\"},\"query-input\":{\"@type\":\"PropertyValueSpecification\",\"valueRequired\":true,\"valueName\":\"search_term_string\"}}],\"inLanguage\":\"it-IT\"},{\"@type\":\"Organization\",\"@id\":\"https:\\\/\\\/insektenliebe.com\\\/it\\\/#organization\",\"name\":\"Insektenliebe\",\"url\":\"https:\\\/\\\/insektenliebe.com\\\/it\\\/\",\"logo\":{\"@type\":\"ImageObject\",\"inLanguage\":\"it-IT\",\"@id\":\"https:\\\/\\\/insektenliebe.com\\\/it\\\/#\\\/schema\\\/logo\\\/image\\\/\",\"url\":\"https:\\\/\\\/insektenliebe.com\\\/wp-content\\\/uploads\\\/2025\\\/03\\\/logo-white.png\",\"contentUrl\":\"https:\\\/\\\/insektenliebe.com\\\/wp-content\\\/uploads\\\/2025\\\/03\\\/logo-white.png\",\"width\":288,\"height\":188,\"caption\":\"Insektenliebe\"},\"image\":{\"@id\":\"https:\\\/\\\/insektenliebe.com\\\/it\\\/#\\\/schema\\\/logo\\\/image\\\/\"}}]}<\/script>\n<!-- \/ Yoast SEO plugin. -->","yoast_head_json":{"title":"Kinshi - Insektenliebe","description":"Kinshi - Substrato per funghi a base di trucioli di faggio. Ideale come alimento per isopodi, millepiedi, code a molla e molte larve di coleotteri.","robots":{"index":"index","follow":"follow","max-snippet":"max-snippet:-1","max-image-preview":"max-image-preview:large","max-video-preview":"max-video-preview:-1"},"canonical":"https:\/\/insektenliebe.com\/it\/shop\/prodotto\/kinshi\/","og_locale":"it_IT","og_type":"article","og_title":"Kinshi - Insektenliebe","og_description":"Kinshi - Substrato per funghi a base di trucioli di faggio. Ideale come alimento per isopodi, millepiedi, code a molla e molte larve di coleotteri.","og_url":"https:\/\/insektenliebe.com\/it\/shop\/prodotto\/kinshi\/","og_site_name":"Insektenliebe","article_modified_time":"2026-03-12T07:14:27+00:00","og_image":[{"width":820,"height":820,"url":"https:\/\/insektenliebe.com\/wp-content\/uploads\/2025\/05\/kinshi-L-2.jpg","type":"image\/jpeg"}],"twitter_card":"summary_large_image","twitter_misc":{"Tempo di lettura stimato":"2 minuto"},"schema":{"@context":"https:\/\/schema.org","@graph":[{"@type":"WebPage","@id":"https:\/\/insektenliebe.com\/it\/shop\/prodotto\/kinshi\/","url":"https:\/\/insektenliebe.com\/it\/shop\/prodotto\/kinshi\/","name":"Kinshi - Insektenliebe","isPartOf":{"@id":"https:\/\/insektenliebe.com\/it\/#website"},"primaryImageOfPage":{"@id":"https:\/\/insektenliebe.com\/it\/shop\/prodotto\/kinshi\/#primaryimage"},"image":{"@id":"https:\/\/insektenliebe.com\/it\/shop\/prodotto\/kinshi\/#primaryimage"},"thumbnailUrl":"https:\/\/insektenliebe.com\/wp-content\/uploads\/2025\/05\/kinshi-L-2.jpg","datePublished":"2021-11-11T13:29:59+00:00","dateModified":"2026-03-12T07:14:27+00:00","description":"Kinshi - Substrato per funghi a base di trucioli di faggio. Ideale come alimento per isopodi, millepiedi, code a molla e molte larve di coleotteri.","breadcrumb":{"@id":"https:\/\/insektenliebe.com\/it\/shop\/prodotto\/kinshi\/#breadcrumb"},"inLanguage":"it-IT","potentialAction":[{"@type":"ReadAction","target":["https:\/\/insektenliebe.com\/it\/shop\/prodotto\/kinshi\/"]}]},{"@type":"ImageObject","inLanguage":"it-IT","@id":"https:\/\/insektenliebe.com\/it\/shop\/prodotto\/kinshi\/#primaryimage","url":"https:\/\/insektenliebe.com\/wp-content\/uploads\/2025\/05\/kinshi-L-2.jpg","contentUrl":"https:\/\/insektenliebe.com\/wp-content\/uploads\/2025\/05\/kinshi-L-2.jpg","width":820,"height":820,"caption":"kinshi-L-2.jpg"},{"@type":"BreadcrumbList","@id":"https:\/\/insektenliebe.com\/it\/shop\/prodotto\/kinshi\/#breadcrumb","itemListElement":[{"@type":"ListItem","position":1,"name":"Startseite","item":"https:\/\/insektenliebe.com\/it\/"},{"@type":"ListItem","position":2,"name":"Negozio","item":"https:\/\/insektenliebe.com\/it\/negozio\/"},{"@type":"ListItem","position":3,"name":"Kinshi"}]},{"@type":"WebSite","@id":"https:\/\/insektenliebe.com\/it\/#website","url":"https:\/\/insektenliebe.com\/it\/","name":"Insektenliebe","description":"Dein Zuhause f\u00fcr die kleinen Lebewesen","publisher":{"@id":"https:\/\/insektenliebe.com\/it\/#organization"},"potentialAction":[{"@type":"SearchAction","target":{"@type":"EntryPoint","urlTemplate":"https:\/\/insektenliebe.com\/it\/?s={search_term_string}"},"query-input":{"@type":"PropertyValueSpecification","valueRequired":true,"valueName":"search_term_string"}}],"inLanguage":"it-IT"},{"@type":"Organization","@id":"https:\/\/insektenliebe.com\/it\/#organization","name":"Insektenliebe","url":"https:\/\/insektenliebe.com\/it\/","logo":{"@type":"ImageObject","inLanguage":"it-IT","@id":"https:\/\/insektenliebe.com\/it\/#\/schema\/logo\/image\/","url":"https:\/\/insektenliebe.com\/wp-content\/uploads\/2025\/03\/logo-white.png","contentUrl":"https:\/\/insektenliebe.com\/wp-content\/uploads\/2025\/03\/logo-white.png","width":288,"height":188,"caption":"Insektenliebe"},"image":{"@id":"https:\/\/insektenliebe.com\/it\/#\/schema\/logo\/image\/"}}]}},"_links":{"self":[{"href":"https:\/\/insektenliebe.com\/it\/wp-json\/wp\/v2\/product\/189741","targetHints":{"allow":["GET"]}}],"collection":[{"href":"https:\/\/insektenliebe.com\/it\/wp-json\/wp\/v2\/product"}],"about":[{"href":"https:\/\/insektenliebe.com\/it\/wp-json\/wp\/v2\/types\/product"}],"wp:featuredmedia":[{"embeddable":true,"href":"https:\/\/insektenliebe.com\/it\/wp-json\/wp\/v2\/media\/186526"}],"wp:attachment":[{"href":"https:\/\/insektenliebe.com\/it\/wp-json\/wp\/v2\/media?parent=189741"}],"wp:term":[{"taxonomy":"product-supplier","embeddable":true,"href":"https:\/\/insektenliebe.com\/it\/wp-json\/wp\/v2\/product-supplier?post=189741"},{"taxonomy":"product_brand","embeddable":true,"href":"https:\/\/insektenliebe.com\/it\/wp-json\/wp\/v2\/product_brand?post=189741"},{"taxonomy":"product_cat","embeddable":true,"href":"https:\/\/insektenliebe.com\/it\/wp-json\/wp\/v2\/product_cat?post=189741"},{"taxonomy":"product_tag","embeddable":true,"href":"https:\/\/insektenliebe.com\/it\/wp-json\/wp\/v2\/product_tag?post=189741"},{"taxonomy":"lce-checkout-addons","embeddable":true,"href":"https:\/\/insektenliebe.com\/it\/wp-json\/wp\/v2\/lce-checkout-addons?post=189741"}],"curies":[{"name":"wp","href":"https:\/\/api.w.org\/{rel}","templated":true}]}}