{"id":189730,"date":"2022-06-19T12:17:13","date_gmt":"2022-06-19T10:17:13","guid":{"rendered":"https:\/\/insektenliebe.com\/shop\/produkt\/hobby-dupla-silent-power-pump-ssp-1-200\/"},"modified":"2026-03-03T20:53:20","modified_gmt":"2026-03-03T19:53:20","slug":"hobby-dupla-silent-power-pump-ssp-1-200","status":"publish","type":"product","link":"https:\/\/insektenliebe.com\/it\/shop\/prodotto\/hobby-dupla-silent-power-pump-ssp-1-200\/","title":{"rendered":"Hobby Dupla Silent Power Pump SSP 1.200"},"content":{"rendered":"<h3><span style=\"color: #99cc33;\"><span class=\"s1\">Hobby Dupla Pompa di potenza silenziosa SSP 1.200 - <\/span><span class=\"s1\">Perfetta per cascate e ruscelli<\/span><\/span><\/h3>\n<p>Molti terrari sognano di avere una cascata nel loro paludario. Per inciso, il paludario \u00e8 il punto in cui l&#8217;acquario e il terrario si incontrano, per questo \u00e8 conosciuto anche come acquaterrario. Il nome paludarium deriva dalla parola latina \"palus\", che significa palude. Simile a un vero paesaggio palustre, la versione in miniatura presenta una riva densamente piantumata e una parte che si trova sotto la superficie dell&#8217;acqua. Se l&#8217;attenzione si concentra sull&#8217;area acquatica piuttosto che sulla parte terrestre dell&#8217;acquaterrario, si parla di riparium. L&#8217;obiettivo \u00e8 quello di ricreare la zona della riva dei laghi o dei fiumi, accennando solo alla zona sopra l&#8217;acqua.     <\/p>\n<p>La <strong>Hobby Dupla Silent Power Pump SSP 1.200 <\/strong>\u00e8 perfetta come pompa per una cascata. La quantit\u00e0 d&#8217;acqua da trasportare pu\u00f2 essere regolata con questa pompa, rendendo molto facile ottenere il funzionamento dell&#8217;acqua desiderato. <\/p>\n<p>La <strong>pompa Hobby Dupla Silent Power Pump SSP 1.200<\/strong> pu\u00f2 essere utilizzata in molti modi diversi sia in acquari d&#8217;acqua salata che d&#8217;acqua dolce. I motori sincroni a 6 poli senza spazzole (Brushless Technology) sono caratterizzati da un funzionamento estremamente silenzioso e possono essere adattati in modo ottimale alle esigenze dell&#8217;acquario grazie a diversi livelli di potenza. Se la pompa deve essere utilizzata come pompa di flusso, \u00e8 possibile programmare anche una simulazione delle onde. Tutte le pompe Silent Power hanno una funzione di spegnimento per proteggere le pompe dal funzionamento a secco o dall&#8217;intasamento da parte di corpi estranei. L&#8217;uso di alberi in ceramica aumenta la durata delle pompe e dei motori e previene la formazione di ruggine causata dall&#8217;acqua salata. Le pompe Silent Power sono disponibili in sei diverse dimensioni con una capacit\u00e0 compresa tra 1.200 l\/h e 12.000 l\/h.     <\/p>\n<ul>\n<li>Design della pompa altamente efficiente<\/li>\n<li>Livelli di potenza regolabili<\/li>\n<li>Simulazione di onde programmabili<\/li>\n<li>Asse in ceramica resistente dell&#8217;unit\u00e0 di corsa<\/li>\n<li>Motore sincrono a 6 poli per un funzionamento estremamente fluido<\/li>\n<li>Funzione di spegnimento di 10 minuti per la pausa dell&#8217;alimentazione <\/li>\n<li>Compresi vari attacchi per tubi flessibili<\/li>\n<\/ul>\n<p><strong>Attenzione:<\/strong><br \/>\nLe pompe di alimentazione possono funzionare solo sott&#8217;acqua, ad esempio nella vasca del filtro o nell&#8217;acquario come pompe di flusso. Non \u00e8 possibile collegare le pompe a secco o installarle a secco. <\/p>\n","protected":false},"excerpt":{"rendered":"<p>Hobby Dupla Pompa di potenza silenziosa SSP 1.200 - Perfetta per cascate e ruscelli Molti terrari sognano di avere una cascata nel loro paludario. Per inciso, il paludario \u00e8 il punto in cui l&#8217;acquario e il terrario si incontrano, per questo \u00e8 conosciuto anche come acquaterrario. Il nome paludarium deriva dalla parola latina \"palus\", che [&hellip;]<\/p>\n","protected":false},"featured_media":189732,"template":"","meta":{"_acf_changed":false},"product-supplier":[2555],"product_brand":[2739],"product_cat":[2741],"product_tag":[],"lce-checkout-addons":[],"class_list":{"0":"post-189730","1":"product","2":"type-product","3":"status-publish","4":"has-post-thumbnail","6":"product_brand-hobby-terraristica","7":"product_cat-illuminazione-e-clima","8":"product_shipping_class-equipment-shipping","10":"first","11":"instock","12":"sale","13":"taxable","14":"shipping-taxable","15":"purchasable","16":"product-type-simple"},"acf":[],"yoast_head":"<!-- This site is optimized with the Yoast SEO plugin v27.3 - https:\/\/yoast.com\/product\/yoast-seo-wordpress\/ -->\n<title>Hobby Dupla Silent Power Pump SSP 1.200 - Insektenliebe<\/title>\n<meta name=\"description\" content=\"Acquista a buon mercato la pompa Hobby Dupla Silent Power Pump SSP 1.200 direttamente online. La pompa perfetta con flusso d&#039;acqua regolabile.\" \/>\n<meta name=\"robots\" content=\"index, follow, max-snippet:-1, max-image-preview:large, max-video-preview:-1\" \/>\n<link rel=\"canonical\" href=\"https:\/\/insektenliebe.com\/it\/shop\/prodotto\/hobby-dupla-silent-power-pump-ssp-1-200\/\" \/>\n<meta property=\"og:locale\" content=\"it_IT\" \/>\n<meta property=\"og:type\" content=\"article\" \/>\n<meta property=\"og:title\" content=\"Hobby Dupla Silent Power Pump SSP 1.200 - Insektenliebe\" \/>\n<meta property=\"og:description\" content=\"Acquista a buon mercato la pompa Hobby Dupla Silent Power Pump SSP 1.200 direttamente online. La pompa perfetta con flusso d&#039;acqua regolabile.\" \/>\n<meta property=\"og:url\" content=\"https:\/\/insektenliebe.com\/it\/shop\/prodotto\/hobby-dupla-silent-power-pump-ssp-1-200\/\" \/>\n<meta property=\"og:site_name\" content=\"Insektenliebe\" \/>\n<meta property=\"article:modified_time\" content=\"2026-03-03T19:53:20+00:00\" \/>\n<meta property=\"og:image\" content=\"https:\/\/insektenliebe.com\/wp-content\/uploads\/2025\/05\/Hobby-Dupla-Silent-Power-Pump-SSP-1.200-2.jpg\" \/>\n\t<meta property=\"og:image:width\" content=\"820\" \/>\n\t<meta property=\"og:image:height\" content=\"820\" \/>\n\t<meta property=\"og:image:type\" content=\"image\/jpeg\" \/>\n<meta name=\"twitter:card\" content=\"summary_large_image\" \/>\n<meta name=\"twitter:label1\" content=\"Tempo di lettura stimato\" \/>\n\t<meta name=\"twitter:data1\" content=\"2 minuto\" \/>\n<script type=\"application\/ld+json\" class=\"yoast-schema-graph\">{\"@context\":\"https:\\\/\\\/schema.org\",\"@graph\":[{\"@type\":\"WebPage\",\"@id\":\"https:\\\/\\\/insektenliebe.com\\\/it\\\/shop\\\/prodotto\\\/hobby-dupla-silent-power-pump-ssp-1-200\\\/\",\"url\":\"https:\\\/\\\/insektenliebe.com\\\/it\\\/shop\\\/prodotto\\\/hobby-dupla-silent-power-pump-ssp-1-200\\\/\",\"name\":\"Hobby Dupla Silent Power Pump SSP 1.200 - Insektenliebe\",\"isPartOf\":{\"@id\":\"https:\\\/\\\/insektenliebe.com\\\/it\\\/#website\"},\"primaryImageOfPage\":{\"@id\":\"https:\\\/\\\/insektenliebe.com\\\/it\\\/shop\\\/prodotto\\\/hobby-dupla-silent-power-pump-ssp-1-200\\\/#primaryimage\"},\"image\":{\"@id\":\"https:\\\/\\\/insektenliebe.com\\\/it\\\/shop\\\/prodotto\\\/hobby-dupla-silent-power-pump-ssp-1-200\\\/#primaryimage\"},\"thumbnailUrl\":\"https:\\\/\\\/insektenliebe.com\\\/wp-content\\\/uploads\\\/2025\\\/05\\\/Hobby-Dupla-Silent-Power-Pump-SSP-1.200-2.jpg\",\"datePublished\":\"2022-06-19T10:17:13+00:00\",\"dateModified\":\"2026-03-03T19:53:20+00:00\",\"description\":\"Acquista a buon mercato la pompa Hobby Dupla Silent Power Pump SSP 1.200 direttamente online. La pompa perfetta con flusso d'acqua regolabile.\",\"breadcrumb\":{\"@id\":\"https:\\\/\\\/insektenliebe.com\\\/it\\\/shop\\\/prodotto\\\/hobby-dupla-silent-power-pump-ssp-1-200\\\/#breadcrumb\"},\"inLanguage\":\"it-IT\",\"potentialAction\":[{\"@type\":\"ReadAction\",\"target\":[\"https:\\\/\\\/insektenliebe.com\\\/it\\\/shop\\\/prodotto\\\/hobby-dupla-silent-power-pump-ssp-1-200\\\/\"]}]},{\"@type\":\"ImageObject\",\"inLanguage\":\"it-IT\",\"@id\":\"https:\\\/\\\/insektenliebe.com\\\/it\\\/shop\\\/prodotto\\\/hobby-dupla-silent-power-pump-ssp-1-200\\\/#primaryimage\",\"url\":\"https:\\\/\\\/insektenliebe.com\\\/wp-content\\\/uploads\\\/2025\\\/05\\\/Hobby-Dupla-Silent-Power-Pump-SSP-1.200-2.jpg\",\"contentUrl\":\"https:\\\/\\\/insektenliebe.com\\\/wp-content\\\/uploads\\\/2025\\\/05\\\/Hobby-Dupla-Silent-Power-Pump-SSP-1.200-2.jpg\",\"width\":820,\"height\":820,\"caption\":\"Hobby-Dupla-Silent-Power-Pump-SSP-1.200-2.jpg\"},{\"@type\":\"BreadcrumbList\",\"@id\":\"https:\\\/\\\/insektenliebe.com\\\/it\\\/shop\\\/prodotto\\\/hobby-dupla-silent-power-pump-ssp-1-200\\\/#breadcrumb\",\"itemListElement\":[{\"@type\":\"ListItem\",\"position\":1,\"name\":\"Startseite\",\"item\":\"https:\\\/\\\/insektenliebe.com\\\/it\\\/\"},{\"@type\":\"ListItem\",\"position\":2,\"name\":\"Negozio\",\"item\":\"https:\\\/\\\/insektenliebe.com\\\/it\\\/negozio\\\/\"},{\"@type\":\"ListItem\",\"position\":3,\"name\":\"Hobby Dupla Silent Power Pump SSP 1.200\"}]},{\"@type\":\"WebSite\",\"@id\":\"https:\\\/\\\/insektenliebe.com\\\/it\\\/#website\",\"url\":\"https:\\\/\\\/insektenliebe.com\\\/it\\\/\",\"name\":\"Insektenliebe\",\"description\":\"Dein Zuhause f\u00fcr die kleinen Lebewesen\",\"publisher\":{\"@id\":\"https:\\\/\\\/insektenliebe.com\\\/it\\\/#organization\"},\"potentialAction\":[{\"@type\":\"SearchAction\",\"target\":{\"@type\":\"EntryPoint\",\"urlTemplate\":\"https:\\\/\\\/insektenliebe.com\\\/it\\\/?s={search_term_string}\"},\"query-input\":{\"@type\":\"PropertyValueSpecification\",\"valueRequired\":true,\"valueName\":\"search_term_string\"}}],\"inLanguage\":\"it-IT\"},{\"@type\":\"Organization\",\"@id\":\"https:\\\/\\\/insektenliebe.com\\\/it\\\/#organization\",\"name\":\"Insektenliebe\",\"url\":\"https:\\\/\\\/insektenliebe.com\\\/it\\\/\",\"logo\":{\"@type\":\"ImageObject\",\"inLanguage\":\"it-IT\",\"@id\":\"https:\\\/\\\/insektenliebe.com\\\/it\\\/#\\\/schema\\\/logo\\\/image\\\/\",\"url\":\"https:\\\/\\\/insektenliebe.com\\\/wp-content\\\/uploads\\\/2025\\\/03\\\/logo-white.png\",\"contentUrl\":\"https:\\\/\\\/insektenliebe.com\\\/wp-content\\\/uploads\\\/2025\\\/03\\\/logo-white.png\",\"width\":288,\"height\":188,\"caption\":\"Insektenliebe\"},\"image\":{\"@id\":\"https:\\\/\\\/insektenliebe.com\\\/it\\\/#\\\/schema\\\/logo\\\/image\\\/\"}}]}<\/script>\n<!-- \/ Yoast SEO plugin. -->","yoast_head_json":{"title":"Hobby Dupla Silent Power Pump SSP 1.200 - Insektenliebe","description":"Acquista a buon mercato la pompa Hobby Dupla Silent Power Pump SSP 1.200 direttamente online. La pompa perfetta con flusso d'acqua regolabile.","robots":{"index":"index","follow":"follow","max-snippet":"max-snippet:-1","max-image-preview":"max-image-preview:large","max-video-preview":"max-video-preview:-1"},"canonical":"https:\/\/insektenliebe.com\/it\/shop\/prodotto\/hobby-dupla-silent-power-pump-ssp-1-200\/","og_locale":"it_IT","og_type":"article","og_title":"Hobby Dupla Silent Power Pump SSP 1.200 - Insektenliebe","og_description":"Acquista a buon mercato la pompa Hobby Dupla Silent Power Pump SSP 1.200 direttamente online. La pompa perfetta con flusso d'acqua regolabile.","og_url":"https:\/\/insektenliebe.com\/it\/shop\/prodotto\/hobby-dupla-silent-power-pump-ssp-1-200\/","og_site_name":"Insektenliebe","article_modified_time":"2026-03-03T19:53:20+00:00","og_image":[{"width":820,"height":820,"url":"https:\/\/insektenliebe.com\/wp-content\/uploads\/2025\/05\/Hobby-Dupla-Silent-Power-Pump-SSP-1.200-2.jpg","type":"image\/jpeg"}],"twitter_card":"summary_large_image","twitter_misc":{"Tempo di lettura stimato":"2 minuto"},"schema":{"@context":"https:\/\/schema.org","@graph":[{"@type":"WebPage","@id":"https:\/\/insektenliebe.com\/it\/shop\/prodotto\/hobby-dupla-silent-power-pump-ssp-1-200\/","url":"https:\/\/insektenliebe.com\/it\/shop\/prodotto\/hobby-dupla-silent-power-pump-ssp-1-200\/","name":"Hobby Dupla Silent Power Pump SSP 1.200 - Insektenliebe","isPartOf":{"@id":"https:\/\/insektenliebe.com\/it\/#website"},"primaryImageOfPage":{"@id":"https:\/\/insektenliebe.com\/it\/shop\/prodotto\/hobby-dupla-silent-power-pump-ssp-1-200\/#primaryimage"},"image":{"@id":"https:\/\/insektenliebe.com\/it\/shop\/prodotto\/hobby-dupla-silent-power-pump-ssp-1-200\/#primaryimage"},"thumbnailUrl":"https:\/\/insektenliebe.com\/wp-content\/uploads\/2025\/05\/Hobby-Dupla-Silent-Power-Pump-SSP-1.200-2.jpg","datePublished":"2022-06-19T10:17:13+00:00","dateModified":"2026-03-03T19:53:20+00:00","description":"Acquista a buon mercato la pompa Hobby Dupla Silent Power Pump SSP 1.200 direttamente online. La pompa perfetta con flusso d'acqua regolabile.","breadcrumb":{"@id":"https:\/\/insektenliebe.com\/it\/shop\/prodotto\/hobby-dupla-silent-power-pump-ssp-1-200\/#breadcrumb"},"inLanguage":"it-IT","potentialAction":[{"@type":"ReadAction","target":["https:\/\/insektenliebe.com\/it\/shop\/prodotto\/hobby-dupla-silent-power-pump-ssp-1-200\/"]}]},{"@type":"ImageObject","inLanguage":"it-IT","@id":"https:\/\/insektenliebe.com\/it\/shop\/prodotto\/hobby-dupla-silent-power-pump-ssp-1-200\/#primaryimage","url":"https:\/\/insektenliebe.com\/wp-content\/uploads\/2025\/05\/Hobby-Dupla-Silent-Power-Pump-SSP-1.200-2.jpg","contentUrl":"https:\/\/insektenliebe.com\/wp-content\/uploads\/2025\/05\/Hobby-Dupla-Silent-Power-Pump-SSP-1.200-2.jpg","width":820,"height":820,"caption":"Hobby-Dupla-Silent-Power-Pump-SSP-1.200-2.jpg"},{"@type":"BreadcrumbList","@id":"https:\/\/insektenliebe.com\/it\/shop\/prodotto\/hobby-dupla-silent-power-pump-ssp-1-200\/#breadcrumb","itemListElement":[{"@type":"ListItem","position":1,"name":"Startseite","item":"https:\/\/insektenliebe.com\/it\/"},{"@type":"ListItem","position":2,"name":"Negozio","item":"https:\/\/insektenliebe.com\/it\/negozio\/"},{"@type":"ListItem","position":3,"name":"Hobby Dupla Silent Power Pump SSP 1.200"}]},{"@type":"WebSite","@id":"https:\/\/insektenliebe.com\/it\/#website","url":"https:\/\/insektenliebe.com\/it\/","name":"Insektenliebe","description":"Dein Zuhause f\u00fcr die kleinen Lebewesen","publisher":{"@id":"https:\/\/insektenliebe.com\/it\/#organization"},"potentialAction":[{"@type":"SearchAction","target":{"@type":"EntryPoint","urlTemplate":"https:\/\/insektenliebe.com\/it\/?s={search_term_string}"},"query-input":{"@type":"PropertyValueSpecification","valueRequired":true,"valueName":"search_term_string"}}],"inLanguage":"it-IT"},{"@type":"Organization","@id":"https:\/\/insektenliebe.com\/it\/#organization","name":"Insektenliebe","url":"https:\/\/insektenliebe.com\/it\/","logo":{"@type":"ImageObject","inLanguage":"it-IT","@id":"https:\/\/insektenliebe.com\/it\/#\/schema\/logo\/image\/","url":"https:\/\/insektenliebe.com\/wp-content\/uploads\/2025\/03\/logo-white.png","contentUrl":"https:\/\/insektenliebe.com\/wp-content\/uploads\/2025\/03\/logo-white.png","width":288,"height":188,"caption":"Insektenliebe"},"image":{"@id":"https:\/\/insektenliebe.com\/it\/#\/schema\/logo\/image\/"}}]}},"_links":{"self":[{"href":"https:\/\/insektenliebe.com\/it\/wp-json\/wp\/v2\/product\/189730","targetHints":{"allow":["GET"]}}],"collection":[{"href":"https:\/\/insektenliebe.com\/it\/wp-json\/wp\/v2\/product"}],"about":[{"href":"https:\/\/insektenliebe.com\/it\/wp-json\/wp\/v2\/types\/product"}],"wp:featuredmedia":[{"embeddable":true,"href":"https:\/\/insektenliebe.com\/it\/wp-json\/wp\/v2\/media\/189732"}],"wp:attachment":[{"href":"https:\/\/insektenliebe.com\/it\/wp-json\/wp\/v2\/media?parent=189730"}],"wp:term":[{"taxonomy":"product-supplier","embeddable":true,"href":"https:\/\/insektenliebe.com\/it\/wp-json\/wp\/v2\/product-supplier?post=189730"},{"taxonomy":"product_brand","embeddable":true,"href":"https:\/\/insektenliebe.com\/it\/wp-json\/wp\/v2\/product_brand?post=189730"},{"taxonomy":"product_cat","embeddable":true,"href":"https:\/\/insektenliebe.com\/it\/wp-json\/wp\/v2\/product_cat?post=189730"},{"taxonomy":"product_tag","embeddable":true,"href":"https:\/\/insektenliebe.com\/it\/wp-json\/wp\/v2\/product_tag?post=189730"},{"taxonomy":"lce-checkout-addons","embeddable":true,"href":"https:\/\/insektenliebe.com\/it\/wp-json\/wp\/v2\/lce-checkout-addons?post=189730"}],"curies":[{"name":"wp","href":"https:\/\/api.w.org\/{rel}","templated":true}]}}