{"id":189717,"date":"2022-02-04T16:11:12","date_gmt":"2022-02-04T14:11:12","guid":{"rendered":"https:\/\/insektenliebe.com\/shop\/produkt\/poecilotheria-regalis\/"},"modified":"2026-03-06T18:42:52","modified_gmt":"2026-03-06T17:42:52","slug":"poecilotheria-regalis","status":"publish","type":"product","link":"https:\/\/insektenliebe.com\/it\/shop\/prodotto\/poecilotheria-regalis\/","title":{"rendered":"Poecilotheria regalis"},"content":{"rendered":"<h3 class=\"p1\"><span style=\"color: #99cc33;\"><strong><span class=\"s1\">Poecilotheria regalis - l&#8217;elegante tarantola ornamentale dell&#8217;India<\/span><\/strong><\/span><\/h3>\n<p class=\"p1\"><strong><span class=\"s1\">Poecilotheria regalis<\/span><\/strong><span class=\"s2\">la tarantola ornamentale indiana, \u00e8 una delle specie pi\u00f9 impressionanti che vivono sugli alberi. Il suo disegno nero, bianco e giallo, le sue dimensioni e la sua agilit\u00e0 la rendono un vero e proprio richiamo visivo nel terrario. \u00c8 originaria dell&#8217;India meridionale, dove vive nelle cavit\u00e0 e nelle fessure degli alberi. Per questo \u00e8 importante un terrario alto e strutturato in verticale, con molti nascondigli.   <\/span><\/p>\n<p class=\"p1\"><span class=\"s2\">Il terrario dovrebbe misurare almeno 30 \u00d7 30 \u00d7 45 cm. Le dimensioni maggiori sono ancora migliori. Questa specie ama un&#8217;umidit\u00e0 elevata, intorno al 70-80%, a temperature comprese tra i 24 e i 28 \u00b0C. Un cuscino umido di muschio e irrorazioni regolari aiutano a mantenere questi valori. Allo stesso tempo, una buona ventilazione assicura un microclima stabile.    <\/span><\/p>\n<p class=\"p1\"><span class=\"s1\">Contrariamente all&#8217;opinione popolare, l&#8217;allevamento in gruppo di <strong><span class=\"s2\">Poecilotheria regalis<\/span><\/strong><\/span><span class=\"s1\">  con un arredamento appropriato. Le femmine, in particolare, sono estremamente compatibili dal punto di vista sociale in terrari sufficientemente grandi, con molti spazi per arrampicarsi e nascondersi. \u00c8 importante fornire una struttura naturale con tubi di sughero verticali, luoghi in cui ritirarsi e cibo in abbondanza per evitare che si crei una competizione. Molti allevatori riferiscono di gruppi stabili per mesi e persino anni, senza alcun incidente. Anche i giovani animali possono essere allevati bene in gruppo. Tuttavia, gli animali devono essere osservati regolarmente per tenere sotto controllo il loro comportamento sociale. L&#8217;allevamento in gruppo offre l&#8217;opportunit\u00e0 di sperimentare in modo particolarmente intenso il comportamento naturale di questa impressionante specie.      <\/span><\/p>\n<p class=\"p1\"><span class=\"s2\">La <strong>Poecilotheria regalis<\/strong> \u00e8 veloce e reattiva. Si ritira quando viene disturbata, ma pu\u00f2 anche reagire per difendersi. Il morso \u00e8 raro, ma molto doloroso. Questo ragno \u00e8 quindi pi\u00f9 adatto a chi ha esperienza. Tuttavia, chi lavora con lui con calma e attenzione difficilmente avr\u00e0 problemi. Se tenuto bene, si mostra spesso ed \u00e8 facile da osservare.     <\/span><\/p>\n<p class=\"p1\"><span class=\"s2\">L&#8217;arredamento comprende tubi di sughero, rami stabili e nascondigli. Vengono nutriti con insetti di medie e grandi dimensioni, come cavallette o scarafaggi. Gli animali giovani crescono rapidamente e necessitano di maggiore umidit\u00e0 per effettuare una buona muta. Le femmine vivono fino a 12 anni, i maschi molto meno.   <\/span><\/p>\n<p class=\"p1\"><span class=\"s2\">Questo ragno \u00e8 un vero e proprio fiore all&#8217;occhiello per i detentori esperti. Il suo comportamento, i suoi colori e la sua eleganza lo rendono una specie interessante, a patto di avere rispetto e conoscenza. <\/span><\/p>\n<p class=\"p1\"><strong>Nota sull&#8217;obbligo di rendicontazione:<\/strong><b><\/b><\/p>\n<p class=\"p1\">Questa specie di tarantola \u00e8 soggetta a registrazione obbligatoria. La legge richiede una prova di origine per questo animale. Se ordini da noi una specie soggetta a registrazione, riceverai automaticamente un link per scaricare il relativo certificato con la conferma dell&#8217;ordine. In questo modo avrai subito a portata di mano tutti i documenti necessari e potrai conservarli in formato digitale o stampato.   <\/p>\n","protected":false},"excerpt":{"rendered":"<p>Poecilotheria regalis - l&#8217;elegante tarantola ornamentale dell&#8217;India Poecilotheria regalisla tarantola ornamentale indiana, \u00e8 una delle specie pi\u00f9 impressionanti che vivono sugli alberi. Il suo disegno nero, bianco e giallo, le sue dimensioni e la sua agilit\u00e0 la rendono un vero e proprio richiamo visivo nel terrario. \u00c8 originaria dell&#8217;India meridionale, dove vive nelle cavit\u00e0 e [&hellip;]<\/p>\n","protected":false},"featured_media":188173,"template":"","meta":{"_acf_changed":false},"product-supplier":[],"product_brand":[],"product_cat":[2809,3004],"product_tag":[],"lce-checkout-addons":[2746],"class_list":{"0":"post-189717","1":"product","2":"type-product","3":"status-publish","4":"has-post-thumbnail","6":"product_cat-ragni","7":"product_cat-tarantole","8":"product_shipping_class-spedizione-di-animali","9":"pa_geschlecht-donna","10":"pa_geschlecht-indeterminato","11":"pa_geschlecht-uomo","12":"pa_herkunft-india","13":"pa_kontinent-asia","14":"lce-checkout-addons-imballaggio-invernale","16":"first","17":"instock","18":"sale","19":"taxable","20":"shipping-taxable","21":"purchasable","22":"product-type-variable"},"acf":[],"yoast_head":"<!-- This site is optimized with the Yoast SEO plugin v27.3 - https:\/\/yoast.com\/product\/yoast-seo-wordpress\/ -->\n<title>Poecilotheria regalis - Insektenliebe<\/title>\n<meta name=\"description\" content=\"Acquista la Poecilotheria regalis a basso costo direttamente online! Una delle tarantole pi\u00f9 belle del mondo! Compra direttamente dall&#039;allevatore!\" \/>\n<meta name=\"robots\" content=\"index, follow, max-snippet:-1, max-image-preview:large, max-video-preview:-1\" \/>\n<link rel=\"canonical\" href=\"https:\/\/insektenliebe.com\/it\/shop\/prodotto\/poecilotheria-regalis\/\" \/>\n<meta property=\"og:locale\" content=\"it_IT\" \/>\n<meta property=\"og:type\" content=\"article\" \/>\n<meta property=\"og:title\" content=\"Poecilotheria regalis - Insektenliebe\" \/>\n<meta property=\"og:description\" content=\"Acquista la Poecilotheria regalis a basso costo direttamente online! Una delle tarantole pi\u00f9 belle del mondo! Compra direttamente dall&#039;allevatore!\" \/>\n<meta property=\"og:url\" content=\"https:\/\/insektenliebe.com\/it\/shop\/prodotto\/poecilotheria-regalis\/\" \/>\n<meta property=\"og:site_name\" content=\"Insektenliebe\" \/>\n<meta property=\"article:modified_time\" content=\"2026-03-06T17:42:52+00:00\" \/>\n<meta property=\"og:image\" content=\"https:\/\/insektenliebe.com\/wp-content\/uploads\/2022\/02\/Poecilotheria-regalis-Wurzel.jpg\" \/>\n\t<meta property=\"og:image:width\" content=\"820\" \/>\n\t<meta property=\"og:image:height\" content=\"820\" \/>\n\t<meta property=\"og:image:type\" content=\"image\/jpeg\" \/>\n<meta name=\"twitter:card\" content=\"summary_large_image\" \/>\n<meta name=\"twitter:label1\" content=\"Tempo di lettura stimato\" \/>\n\t<meta name=\"twitter:data1\" content=\"2 minuto\" \/>\n<script type=\"application\/ld+json\" class=\"yoast-schema-graph\">{\"@context\":\"https:\\\/\\\/schema.org\",\"@graph\":[{\"@type\":\"WebPage\",\"@id\":\"https:\\\/\\\/insektenliebe.com\\\/it\\\/shop\\\/prodotto\\\/poecilotheria-regalis\\\/\",\"url\":\"https:\\\/\\\/insektenliebe.com\\\/it\\\/shop\\\/prodotto\\\/poecilotheria-regalis\\\/\",\"name\":\"Poecilotheria regalis - Insektenliebe\",\"isPartOf\":{\"@id\":\"https:\\\/\\\/insektenliebe.com\\\/it\\\/#website\"},\"primaryImageOfPage\":{\"@id\":\"https:\\\/\\\/insektenliebe.com\\\/it\\\/shop\\\/prodotto\\\/poecilotheria-regalis\\\/#primaryimage\"},\"image\":{\"@id\":\"https:\\\/\\\/insektenliebe.com\\\/it\\\/shop\\\/prodotto\\\/poecilotheria-regalis\\\/#primaryimage\"},\"thumbnailUrl\":\"https:\\\/\\\/insektenliebe.com\\\/wp-content\\\/uploads\\\/2022\\\/02\\\/Poecilotheria-regalis-Wurzel.jpg\",\"datePublished\":\"2022-02-04T14:11:12+00:00\",\"dateModified\":\"2026-03-06T17:42:52+00:00\",\"description\":\"Acquista la Poecilotheria regalis a basso costo direttamente online! Una delle tarantole pi\u00f9 belle del mondo! Compra direttamente dall'allevatore!\",\"breadcrumb\":{\"@id\":\"https:\\\/\\\/insektenliebe.com\\\/it\\\/shop\\\/prodotto\\\/poecilotheria-regalis\\\/#breadcrumb\"},\"inLanguage\":\"it-IT\",\"potentialAction\":[{\"@type\":\"ReadAction\",\"target\":[\"https:\\\/\\\/insektenliebe.com\\\/it\\\/shop\\\/prodotto\\\/poecilotheria-regalis\\\/\"]}]},{\"@type\":\"ImageObject\",\"inLanguage\":\"it-IT\",\"@id\":\"https:\\\/\\\/insektenliebe.com\\\/it\\\/shop\\\/prodotto\\\/poecilotheria-regalis\\\/#primaryimage\",\"url\":\"https:\\\/\\\/insektenliebe.com\\\/wp-content\\\/uploads\\\/2022\\\/02\\\/Poecilotheria-regalis-Wurzel.jpg\",\"contentUrl\":\"https:\\\/\\\/insektenliebe.com\\\/wp-content\\\/uploads\\\/2022\\\/02\\\/Poecilotheria-regalis-Wurzel.jpg\",\"width\":820,\"height\":820,\"caption\":\"Radice di Poecilotheria regalis\"},{\"@type\":\"BreadcrumbList\",\"@id\":\"https:\\\/\\\/insektenliebe.com\\\/it\\\/shop\\\/prodotto\\\/poecilotheria-regalis\\\/#breadcrumb\",\"itemListElement\":[{\"@type\":\"ListItem\",\"position\":1,\"name\":\"Startseite\",\"item\":\"https:\\\/\\\/insektenliebe.com\\\/it\\\/\"},{\"@type\":\"ListItem\",\"position\":2,\"name\":\"Negozio\",\"item\":\"https:\\\/\\\/insektenliebe.com\\\/it\\\/negozio\\\/\"},{\"@type\":\"ListItem\",\"position\":3,\"name\":\"Poecilotheria regalis\"}]},{\"@type\":\"WebSite\",\"@id\":\"https:\\\/\\\/insektenliebe.com\\\/it\\\/#website\",\"url\":\"https:\\\/\\\/insektenliebe.com\\\/it\\\/\",\"name\":\"Insektenliebe\",\"description\":\"Dein Zuhause f\u00fcr die kleinen Lebewesen\",\"publisher\":{\"@id\":\"https:\\\/\\\/insektenliebe.com\\\/it\\\/#organization\"},\"potentialAction\":[{\"@type\":\"SearchAction\",\"target\":{\"@type\":\"EntryPoint\",\"urlTemplate\":\"https:\\\/\\\/insektenliebe.com\\\/it\\\/?s={search_term_string}\"},\"query-input\":{\"@type\":\"PropertyValueSpecification\",\"valueRequired\":true,\"valueName\":\"search_term_string\"}}],\"inLanguage\":\"it-IT\"},{\"@type\":\"Organization\",\"@id\":\"https:\\\/\\\/insektenliebe.com\\\/it\\\/#organization\",\"name\":\"Insektenliebe\",\"url\":\"https:\\\/\\\/insektenliebe.com\\\/it\\\/\",\"logo\":{\"@type\":\"ImageObject\",\"inLanguage\":\"it-IT\",\"@id\":\"https:\\\/\\\/insektenliebe.com\\\/it\\\/#\\\/schema\\\/logo\\\/image\\\/\",\"url\":\"https:\\\/\\\/insektenliebe.com\\\/wp-content\\\/uploads\\\/2025\\\/03\\\/logo-white.png\",\"contentUrl\":\"https:\\\/\\\/insektenliebe.com\\\/wp-content\\\/uploads\\\/2025\\\/03\\\/logo-white.png\",\"width\":288,\"height\":188,\"caption\":\"Insektenliebe\"},\"image\":{\"@id\":\"https:\\\/\\\/insektenliebe.com\\\/it\\\/#\\\/schema\\\/logo\\\/image\\\/\"}}]}<\/script>\n<!-- \/ Yoast SEO plugin. -->","yoast_head_json":{"title":"Poecilotheria regalis - Insektenliebe","description":"Acquista la Poecilotheria regalis a basso costo direttamente online! Una delle tarantole pi\u00f9 belle del mondo! Compra direttamente dall'allevatore!","robots":{"index":"index","follow":"follow","max-snippet":"max-snippet:-1","max-image-preview":"max-image-preview:large","max-video-preview":"max-video-preview:-1"},"canonical":"https:\/\/insektenliebe.com\/it\/shop\/prodotto\/poecilotheria-regalis\/","og_locale":"it_IT","og_type":"article","og_title":"Poecilotheria regalis - Insektenliebe","og_description":"Acquista la Poecilotheria regalis a basso costo direttamente online! Una delle tarantole pi\u00f9 belle del mondo! Compra direttamente dall'allevatore!","og_url":"https:\/\/insektenliebe.com\/it\/shop\/prodotto\/poecilotheria-regalis\/","og_site_name":"Insektenliebe","article_modified_time":"2026-03-06T17:42:52+00:00","og_image":[{"width":820,"height":820,"url":"https:\/\/insektenliebe.com\/wp-content\/uploads\/2022\/02\/Poecilotheria-regalis-Wurzel.jpg","type":"image\/jpeg"}],"twitter_card":"summary_large_image","twitter_misc":{"Tempo di lettura stimato":"2 minuto"},"schema":{"@context":"https:\/\/schema.org","@graph":[{"@type":"WebPage","@id":"https:\/\/insektenliebe.com\/it\/shop\/prodotto\/poecilotheria-regalis\/","url":"https:\/\/insektenliebe.com\/it\/shop\/prodotto\/poecilotheria-regalis\/","name":"Poecilotheria regalis - Insektenliebe","isPartOf":{"@id":"https:\/\/insektenliebe.com\/it\/#website"},"primaryImageOfPage":{"@id":"https:\/\/insektenliebe.com\/it\/shop\/prodotto\/poecilotheria-regalis\/#primaryimage"},"image":{"@id":"https:\/\/insektenliebe.com\/it\/shop\/prodotto\/poecilotheria-regalis\/#primaryimage"},"thumbnailUrl":"https:\/\/insektenliebe.com\/wp-content\/uploads\/2022\/02\/Poecilotheria-regalis-Wurzel.jpg","datePublished":"2022-02-04T14:11:12+00:00","dateModified":"2026-03-06T17:42:52+00:00","description":"Acquista la Poecilotheria regalis a basso costo direttamente online! Una delle tarantole pi\u00f9 belle del mondo! Compra direttamente dall'allevatore!","breadcrumb":{"@id":"https:\/\/insektenliebe.com\/it\/shop\/prodotto\/poecilotheria-regalis\/#breadcrumb"},"inLanguage":"it-IT","potentialAction":[{"@type":"ReadAction","target":["https:\/\/insektenliebe.com\/it\/shop\/prodotto\/poecilotheria-regalis\/"]}]},{"@type":"ImageObject","inLanguage":"it-IT","@id":"https:\/\/insektenliebe.com\/it\/shop\/prodotto\/poecilotheria-regalis\/#primaryimage","url":"https:\/\/insektenliebe.com\/wp-content\/uploads\/2022\/02\/Poecilotheria-regalis-Wurzel.jpg","contentUrl":"https:\/\/insektenliebe.com\/wp-content\/uploads\/2022\/02\/Poecilotheria-regalis-Wurzel.jpg","width":820,"height":820,"caption":"Radice di Poecilotheria regalis"},{"@type":"BreadcrumbList","@id":"https:\/\/insektenliebe.com\/it\/shop\/prodotto\/poecilotheria-regalis\/#breadcrumb","itemListElement":[{"@type":"ListItem","position":1,"name":"Startseite","item":"https:\/\/insektenliebe.com\/it\/"},{"@type":"ListItem","position":2,"name":"Negozio","item":"https:\/\/insektenliebe.com\/it\/negozio\/"},{"@type":"ListItem","position":3,"name":"Poecilotheria regalis"}]},{"@type":"WebSite","@id":"https:\/\/insektenliebe.com\/it\/#website","url":"https:\/\/insektenliebe.com\/it\/","name":"Insektenliebe","description":"Dein Zuhause f\u00fcr die kleinen Lebewesen","publisher":{"@id":"https:\/\/insektenliebe.com\/it\/#organization"},"potentialAction":[{"@type":"SearchAction","target":{"@type":"EntryPoint","urlTemplate":"https:\/\/insektenliebe.com\/it\/?s={search_term_string}"},"query-input":{"@type":"PropertyValueSpecification","valueRequired":true,"valueName":"search_term_string"}}],"inLanguage":"it-IT"},{"@type":"Organization","@id":"https:\/\/insektenliebe.com\/it\/#organization","name":"Insektenliebe","url":"https:\/\/insektenliebe.com\/it\/","logo":{"@type":"ImageObject","inLanguage":"it-IT","@id":"https:\/\/insektenliebe.com\/it\/#\/schema\/logo\/image\/","url":"https:\/\/insektenliebe.com\/wp-content\/uploads\/2025\/03\/logo-white.png","contentUrl":"https:\/\/insektenliebe.com\/wp-content\/uploads\/2025\/03\/logo-white.png","width":288,"height":188,"caption":"Insektenliebe"},"image":{"@id":"https:\/\/insektenliebe.com\/it\/#\/schema\/logo\/image\/"}}]}},"_links":{"self":[{"href":"https:\/\/insektenliebe.com\/it\/wp-json\/wp\/v2\/product\/189717","targetHints":{"allow":["GET"]}}],"collection":[{"href":"https:\/\/insektenliebe.com\/it\/wp-json\/wp\/v2\/product"}],"about":[{"href":"https:\/\/insektenliebe.com\/it\/wp-json\/wp\/v2\/types\/product"}],"wp:featuredmedia":[{"embeddable":true,"href":"https:\/\/insektenliebe.com\/it\/wp-json\/wp\/v2\/media\/188173"}],"wp:attachment":[{"href":"https:\/\/insektenliebe.com\/it\/wp-json\/wp\/v2\/media?parent=189717"}],"wp:term":[{"taxonomy":"product-supplier","embeddable":true,"href":"https:\/\/insektenliebe.com\/it\/wp-json\/wp\/v2\/product-supplier?post=189717"},{"taxonomy":"product_brand","embeddable":true,"href":"https:\/\/insektenliebe.com\/it\/wp-json\/wp\/v2\/product_brand?post=189717"},{"taxonomy":"product_cat","embeddable":true,"href":"https:\/\/insektenliebe.com\/it\/wp-json\/wp\/v2\/product_cat?post=189717"},{"taxonomy":"product_tag","embeddable":true,"href":"https:\/\/insektenliebe.com\/it\/wp-json\/wp\/v2\/product_tag?post=189717"},{"taxonomy":"lce-checkout-addons","embeddable":true,"href":"https:\/\/insektenliebe.com\/it\/wp-json\/wp\/v2\/lce-checkout-addons?post=189717"}],"curies":[{"name":"wp","href":"https:\/\/api.w.org\/{rel}","templated":true}]}}