{"id":189716,"date":"2022-07-12T16:15:24","date_gmt":"2022-07-12T14:15:24","guid":{"rendered":"https:\/\/insektenliebe.com\/shop\/produkt\/phidippus-regius-sierra-de-bahoruco\/"},"modified":"2022-07-12T16:15:24","modified_gmt":"2022-07-12T14:15:24","slug":"phidippus-regius-sierra-de-bahoruco","status":"publish","type":"product","link":"https:\/\/insektenliebe.com\/it\/shop\/prodotto\/phidippus-regius-sierra-de-bahoruco\/","title":{"rendered":"Phidippus regius \"Sierra de Bahoruco"},"content":{"rendered":"<h3><span style=\"color: #99cc33\">Breve descrizione:<\/span><\/h3>\n<p><strong><span class=\"hiddenSpellError\">Il Phidippus<\/span> <span class=\"hiddenSpellError\">regius<\/span> <span class=\"hiddenGrammarError\">\"<\/span>Sierra de <span class=\"hiddenSpellError\">Bahoruco<\/span><span class=\"hiddenGrammarError\">\"<\/span><\/strong> \u00e8 il primo ragno saltatore della Repubblica Dominicana a entrare nel nostro hobby. La Repubblica Dominicana \u00e8 un paese caraibico noto per le sue spiagge, i villaggi turistici e i campi da golf. Il paesaggio spazia dalle foreste pluviali e dalle savane agli altipiani con il <span class=\"hiddenSpellError\">Pico<\/span> <span class=\"hiddenSpellError\">Duarte<\/span>, la montagna pi\u00f9 alta dei Caraibi. Il Parco Nazionale della Sierra de <span class=\"hiddenSpellError\">Bahoruco<\/span> presenta una gamma quasi incredibile di diversi tipi di foresta. Dalle foreste secche alla foresta pluviale a 2000 metri di altitudine. Il ragno saltatore si \u00e8 stabilito nella zona climatica tipica dei ragni saltatori. Con una temperatura diurna che pu\u00f2 raggiungere i 28 \u00b0C e un&#8217;umidit\u00e0 relativa che pu\u00f2 arrivare al 70%, non \u00e8 davvero un&#8217;eccezione quando si tratta di tenere dei ragni saltatori.      <\/p>\n<p>Come la maggior parte dei ragni saltatori, il <strong><span class=\"hiddenSpellError\">Phidippus<\/span> <span class=\"hiddenSpellError\">regius<\/span> <span class=\"hiddenGrammarError\">\"<\/span>Sierra de <span class=\"hiddenSpellError\">Bahoruco<\/span><span class=\"hiddenGrammarError\">\"<\/span><\/strong> caccia anche di giorno. Osserva attivamente la preda con i suoi occhi acuti. Poi si avvicina di soppiatto alla preda e si avventa sull&#8217;animale da mangiare. Quando i ragni saltatori saltano, filano una serie di fili per sicurezza. In questo modo, in caso di salto non riuscito, il ragno viene catturato da un filo di sicurezza prima di cadere. I ragni saltatori hanno una vista molto migliore rispetto agli altri ragni e sono sempre alla ricerca di prede e predatori. Questo d\u00e0 l&#8217;impressione, osservando gli animali, che siano molto attenti e che osservino a fondo l&#8217;ambiente circostante.      <\/p>\n<p>Una femmina pu\u00f2 produrre fino a 6 covate di 30-170 uova ciascuna. La dimensione media della covata totale \u00e8 di circa 200 uova per femmina. Le covate successive sono solitamente pi\u00f9 piccole di quelle precedenti. <strong><span class=\"hiddenSpellError\">Il Phidippus<\/span> <span class=\"hiddenSpellError\">regius<\/span> <span class=\"hiddenGrammarError\">\"<\/span>Sierra de <span class=\"hiddenSpellError\">Bahoruco<\/span><span class=\"hiddenGrammarError\">\"<\/span><\/strong> non richiede un&#8217;umidit\u00e0 elevata. Il 60-70% \u00e8 del tutto sufficiente. \u00c8 meglio tenerlo un po&#8217; pi\u00f9 asciutto che troppo umido. \u00c8 sufficiente spruzzare un po&#8217; d&#8217;acqua su una lastra di vetro due volte a settimana. Se necessario, il ragno si avviciner\u00e0 a una goccia d&#8217;acqua per dissetarsi. Non \u00e8 necessaria una ciotola per l&#8217;acqua.       <\/p>\n","protected":false},"excerpt":{"rendered":"<p>Breve descrizione: Il Phidippus regius \"Sierra de Bahoruco\" \u00e8 il primo ragno saltatore della Repubblica Dominicana a entrare nel nostro hobby. La Repubblica Dominicana \u00e8 un paese caraibico noto per le sue spiagge, i villaggi turistici e i campi da golf. Il paesaggio spazia dalle foreste pluviali e dalle savane agli altipiani con il Pico [&hellip;]<\/p>\n","protected":false},"featured_media":186391,"template":"","meta":{"_acf_changed":false},"product-supplier":[],"product_brand":[],"product_cat":[2809,2808],"product_tag":[],"lce-checkout-addons":[2746],"class_list":{"0":"post-189716","1":"product","2":"type-product","3":"status-publish","4":"has-post-thumbnail","6":"product_cat-ragni","7":"product_cat-ragni-che-saltano","8":"product_shipping_class-spedizione-di-animali","9":"pa_geschlecht-donna","10":"pa_geschlecht-indeterminato","11":"pa_geschlecht-uomo","12":"pa_herkunft-repubblica-dominicana","13":"pa_kontinent-nord-america","14":"lce-checkout-addons-imballaggio-invernale","16":"first","17":"instock","18":"sale","19":"taxable","20":"shipping-taxable","21":"purchasable","22":"product-type-variable"},"acf":[],"yoast_head":"<!-- This site is optimized with the Yoast SEO plugin v27.3 - https:\/\/yoast.com\/product\/yoast-seo-wordpress\/ -->\n<title>Phidippus regius &quot;Sierra de Bahoruco - Insektenliebe<\/title>\n<meta name=\"description\" content=\"Acquista a buon mercato Phidippus regius &quot;Sierra de Bahoruco&quot; direttamente online! Bellissimo ragno saltatore che puoi acquistare qui direttamente dall&#039;allevatore.\" \/>\n<meta name=\"robots\" content=\"index, follow, max-snippet:-1, max-image-preview:large, max-video-preview:-1\" \/>\n<link rel=\"canonical\" href=\"https:\/\/insektenliebe.com\/it\/shop\/prodotto\/phidippus-regius-sierra-de-bahoruco\/\" \/>\n<meta property=\"og:locale\" content=\"it_IT\" \/>\n<meta property=\"og:type\" content=\"article\" \/>\n<meta property=\"og:title\" content=\"Phidippus regius &quot;Sierra de Bahoruco - Insektenliebe\" \/>\n<meta property=\"og:description\" content=\"Acquista a buon mercato Phidippus regius &quot;Sierra de Bahoruco&quot; direttamente online! Bellissimo ragno saltatore che puoi acquistare qui direttamente dall&#039;allevatore.\" \/>\n<meta property=\"og:url\" content=\"https:\/\/insektenliebe.com\/it\/shop\/prodotto\/phidippus-regius-sierra-de-bahoruco\/\" \/>\n<meta property=\"og:site_name\" content=\"Insektenliebe\" \/>\n<meta property=\"og:image\" content=\"https:\/\/insektenliebe.com\/wp-content\/uploads\/2025\/05\/Phidippus-regius-22Sierra-de-Barouco22-2.jpg\" \/>\n\t<meta property=\"og:image:width\" content=\"820\" \/>\n\t<meta property=\"og:image:height\" content=\"820\" \/>\n\t<meta property=\"og:image:type\" content=\"image\/jpeg\" \/>\n<meta name=\"twitter:card\" content=\"summary_large_image\" \/>\n<meta name=\"twitter:label1\" content=\"Tempo di lettura stimato\" \/>\n\t<meta name=\"twitter:data1\" content=\"2 minuto\" \/>\n<script type=\"application\/ld+json\" class=\"yoast-schema-graph\">{\"@context\":\"https:\\\/\\\/schema.org\",\"@graph\":[{\"@type\":\"WebPage\",\"@id\":\"https:\\\/\\\/insektenliebe.com\\\/it\\\/shop\\\/prodotto\\\/phidippus-regius-sierra-de-bahoruco\\\/\",\"url\":\"https:\\\/\\\/insektenliebe.com\\\/it\\\/shop\\\/prodotto\\\/phidippus-regius-sierra-de-bahoruco\\\/\",\"name\":\"Phidippus regius \\\"Sierra de Bahoruco - Insektenliebe\",\"isPartOf\":{\"@id\":\"https:\\\/\\\/insektenliebe.com\\\/it\\\/#website\"},\"primaryImageOfPage\":{\"@id\":\"https:\\\/\\\/insektenliebe.com\\\/it\\\/shop\\\/prodotto\\\/phidippus-regius-sierra-de-bahoruco\\\/#primaryimage\"},\"image\":{\"@id\":\"https:\\\/\\\/insektenliebe.com\\\/it\\\/shop\\\/prodotto\\\/phidippus-regius-sierra-de-bahoruco\\\/#primaryimage\"},\"thumbnailUrl\":\"https:\\\/\\\/insektenliebe.com\\\/wp-content\\\/uploads\\\/2025\\\/05\\\/Phidippus-regius-22Sierra-de-Barouco22-2.jpg\",\"datePublished\":\"2022-07-12T14:15:24+00:00\",\"description\":\"Acquista a buon mercato Phidippus regius \\\"Sierra de Bahoruco\\\" direttamente online! Bellissimo ragno saltatore che puoi acquistare qui direttamente dall'allevatore.\",\"breadcrumb\":{\"@id\":\"https:\\\/\\\/insektenliebe.com\\\/it\\\/shop\\\/prodotto\\\/phidippus-regius-sierra-de-bahoruco\\\/#breadcrumb\"},\"inLanguage\":\"it-IT\",\"potentialAction\":[{\"@type\":\"ReadAction\",\"target\":[\"https:\\\/\\\/insektenliebe.com\\\/it\\\/shop\\\/prodotto\\\/phidippus-regius-sierra-de-bahoruco\\\/\"]}]},{\"@type\":\"ImageObject\",\"inLanguage\":\"it-IT\",\"@id\":\"https:\\\/\\\/insektenliebe.com\\\/it\\\/shop\\\/prodotto\\\/phidippus-regius-sierra-de-bahoruco\\\/#primaryimage\",\"url\":\"https:\\\/\\\/insektenliebe.com\\\/wp-content\\\/uploads\\\/2025\\\/05\\\/Phidippus-regius-22Sierra-de-Barouco22-2.jpg\",\"contentUrl\":\"https:\\\/\\\/insektenliebe.com\\\/wp-content\\\/uploads\\\/2025\\\/05\\\/Phidippus-regius-22Sierra-de-Barouco22-2.jpg\",\"width\":820,\"height\":820,\"caption\":\"Phidippus-regius-22Sierra-de-Barouco22-2.jpg\"},{\"@type\":\"BreadcrumbList\",\"@id\":\"https:\\\/\\\/insektenliebe.com\\\/it\\\/shop\\\/prodotto\\\/phidippus-regius-sierra-de-bahoruco\\\/#breadcrumb\",\"itemListElement\":[{\"@type\":\"ListItem\",\"position\":1,\"name\":\"Startseite\",\"item\":\"https:\\\/\\\/insektenliebe.com\\\/it\\\/\"},{\"@type\":\"ListItem\",\"position\":2,\"name\":\"Negozio\",\"item\":\"https:\\\/\\\/insektenliebe.com\\\/it\\\/negozio\\\/\"},{\"@type\":\"ListItem\",\"position\":3,\"name\":\"Phidippus regius &#8220;Sierra de Bahoruco\"}]},{\"@type\":\"WebSite\",\"@id\":\"https:\\\/\\\/insektenliebe.com\\\/it\\\/#website\",\"url\":\"https:\\\/\\\/insektenliebe.com\\\/it\\\/\",\"name\":\"Insektenliebe\",\"description\":\"Dein Zuhause f\u00fcr die kleinen Lebewesen\",\"publisher\":{\"@id\":\"https:\\\/\\\/insektenliebe.com\\\/it\\\/#organization\"},\"potentialAction\":[{\"@type\":\"SearchAction\",\"target\":{\"@type\":\"EntryPoint\",\"urlTemplate\":\"https:\\\/\\\/insektenliebe.com\\\/it\\\/?s={search_term_string}\"},\"query-input\":{\"@type\":\"PropertyValueSpecification\",\"valueRequired\":true,\"valueName\":\"search_term_string\"}}],\"inLanguage\":\"it-IT\"},{\"@type\":\"Organization\",\"@id\":\"https:\\\/\\\/insektenliebe.com\\\/it\\\/#organization\",\"name\":\"Insektenliebe\",\"url\":\"https:\\\/\\\/insektenliebe.com\\\/it\\\/\",\"logo\":{\"@type\":\"ImageObject\",\"inLanguage\":\"it-IT\",\"@id\":\"https:\\\/\\\/insektenliebe.com\\\/it\\\/#\\\/schema\\\/logo\\\/image\\\/\",\"url\":\"https:\\\/\\\/insektenliebe.com\\\/wp-content\\\/uploads\\\/2025\\\/03\\\/logo-white.png\",\"contentUrl\":\"https:\\\/\\\/insektenliebe.com\\\/wp-content\\\/uploads\\\/2025\\\/03\\\/logo-white.png\",\"width\":288,\"height\":188,\"caption\":\"Insektenliebe\"},\"image\":{\"@id\":\"https:\\\/\\\/insektenliebe.com\\\/it\\\/#\\\/schema\\\/logo\\\/image\\\/\"}}]}<\/script>\n<!-- \/ Yoast SEO plugin. -->","yoast_head_json":{"title":"Phidippus regius \"Sierra de Bahoruco - Insektenliebe","description":"Acquista a buon mercato Phidippus regius \"Sierra de Bahoruco\" direttamente online! Bellissimo ragno saltatore che puoi acquistare qui direttamente dall'allevatore.","robots":{"index":"index","follow":"follow","max-snippet":"max-snippet:-1","max-image-preview":"max-image-preview:large","max-video-preview":"max-video-preview:-1"},"canonical":"https:\/\/insektenliebe.com\/it\/shop\/prodotto\/phidippus-regius-sierra-de-bahoruco\/","og_locale":"it_IT","og_type":"article","og_title":"Phidippus regius \"Sierra de Bahoruco - Insektenliebe","og_description":"Acquista a buon mercato Phidippus regius \"Sierra de Bahoruco\" direttamente online! Bellissimo ragno saltatore che puoi acquistare qui direttamente dall'allevatore.","og_url":"https:\/\/insektenliebe.com\/it\/shop\/prodotto\/phidippus-regius-sierra-de-bahoruco\/","og_site_name":"Insektenliebe","og_image":[{"width":820,"height":820,"url":"https:\/\/insektenliebe.com\/wp-content\/uploads\/2025\/05\/Phidippus-regius-22Sierra-de-Barouco22-2.jpg","type":"image\/jpeg"}],"twitter_card":"summary_large_image","twitter_misc":{"Tempo di lettura stimato":"2 minuto"},"schema":{"@context":"https:\/\/schema.org","@graph":[{"@type":"WebPage","@id":"https:\/\/insektenliebe.com\/it\/shop\/prodotto\/phidippus-regius-sierra-de-bahoruco\/","url":"https:\/\/insektenliebe.com\/it\/shop\/prodotto\/phidippus-regius-sierra-de-bahoruco\/","name":"Phidippus regius \"Sierra de Bahoruco - Insektenliebe","isPartOf":{"@id":"https:\/\/insektenliebe.com\/it\/#website"},"primaryImageOfPage":{"@id":"https:\/\/insektenliebe.com\/it\/shop\/prodotto\/phidippus-regius-sierra-de-bahoruco\/#primaryimage"},"image":{"@id":"https:\/\/insektenliebe.com\/it\/shop\/prodotto\/phidippus-regius-sierra-de-bahoruco\/#primaryimage"},"thumbnailUrl":"https:\/\/insektenliebe.com\/wp-content\/uploads\/2025\/05\/Phidippus-regius-22Sierra-de-Barouco22-2.jpg","datePublished":"2022-07-12T14:15:24+00:00","description":"Acquista a buon mercato Phidippus regius \"Sierra de Bahoruco\" direttamente online! Bellissimo ragno saltatore che puoi acquistare qui direttamente dall'allevatore.","breadcrumb":{"@id":"https:\/\/insektenliebe.com\/it\/shop\/prodotto\/phidippus-regius-sierra-de-bahoruco\/#breadcrumb"},"inLanguage":"it-IT","potentialAction":[{"@type":"ReadAction","target":["https:\/\/insektenliebe.com\/it\/shop\/prodotto\/phidippus-regius-sierra-de-bahoruco\/"]}]},{"@type":"ImageObject","inLanguage":"it-IT","@id":"https:\/\/insektenliebe.com\/it\/shop\/prodotto\/phidippus-regius-sierra-de-bahoruco\/#primaryimage","url":"https:\/\/insektenliebe.com\/wp-content\/uploads\/2025\/05\/Phidippus-regius-22Sierra-de-Barouco22-2.jpg","contentUrl":"https:\/\/insektenliebe.com\/wp-content\/uploads\/2025\/05\/Phidippus-regius-22Sierra-de-Barouco22-2.jpg","width":820,"height":820,"caption":"Phidippus-regius-22Sierra-de-Barouco22-2.jpg"},{"@type":"BreadcrumbList","@id":"https:\/\/insektenliebe.com\/it\/shop\/prodotto\/phidippus-regius-sierra-de-bahoruco\/#breadcrumb","itemListElement":[{"@type":"ListItem","position":1,"name":"Startseite","item":"https:\/\/insektenliebe.com\/it\/"},{"@type":"ListItem","position":2,"name":"Negozio","item":"https:\/\/insektenliebe.com\/it\/negozio\/"},{"@type":"ListItem","position":3,"name":"Phidippus regius &#8220;Sierra de Bahoruco"}]},{"@type":"WebSite","@id":"https:\/\/insektenliebe.com\/it\/#website","url":"https:\/\/insektenliebe.com\/it\/","name":"Insektenliebe","description":"Dein Zuhause f\u00fcr die kleinen Lebewesen","publisher":{"@id":"https:\/\/insektenliebe.com\/it\/#organization"},"potentialAction":[{"@type":"SearchAction","target":{"@type":"EntryPoint","urlTemplate":"https:\/\/insektenliebe.com\/it\/?s={search_term_string}"},"query-input":{"@type":"PropertyValueSpecification","valueRequired":true,"valueName":"search_term_string"}}],"inLanguage":"it-IT"},{"@type":"Organization","@id":"https:\/\/insektenliebe.com\/it\/#organization","name":"Insektenliebe","url":"https:\/\/insektenliebe.com\/it\/","logo":{"@type":"ImageObject","inLanguage":"it-IT","@id":"https:\/\/insektenliebe.com\/it\/#\/schema\/logo\/image\/","url":"https:\/\/insektenliebe.com\/wp-content\/uploads\/2025\/03\/logo-white.png","contentUrl":"https:\/\/insektenliebe.com\/wp-content\/uploads\/2025\/03\/logo-white.png","width":288,"height":188,"caption":"Insektenliebe"},"image":{"@id":"https:\/\/insektenliebe.com\/it\/#\/schema\/logo\/image\/"}}]}},"_links":{"self":[{"href":"https:\/\/insektenliebe.com\/it\/wp-json\/wp\/v2\/product\/189716","targetHints":{"allow":["GET"]}}],"collection":[{"href":"https:\/\/insektenliebe.com\/it\/wp-json\/wp\/v2\/product"}],"about":[{"href":"https:\/\/insektenliebe.com\/it\/wp-json\/wp\/v2\/types\/product"}],"wp:featuredmedia":[{"embeddable":true,"href":"https:\/\/insektenliebe.com\/it\/wp-json\/wp\/v2\/media\/186391"}],"wp:attachment":[{"href":"https:\/\/insektenliebe.com\/it\/wp-json\/wp\/v2\/media?parent=189716"}],"wp:term":[{"taxonomy":"product-supplier","embeddable":true,"href":"https:\/\/insektenliebe.com\/it\/wp-json\/wp\/v2\/product-supplier?post=189716"},{"taxonomy":"product_brand","embeddable":true,"href":"https:\/\/insektenliebe.com\/it\/wp-json\/wp\/v2\/product_brand?post=189716"},{"taxonomy":"product_cat","embeddable":true,"href":"https:\/\/insektenliebe.com\/it\/wp-json\/wp\/v2\/product_cat?post=189716"},{"taxonomy":"product_tag","embeddable":true,"href":"https:\/\/insektenliebe.com\/it\/wp-json\/wp\/v2\/product_tag?post=189716"},{"taxonomy":"lce-checkout-addons","embeddable":true,"href":"https:\/\/insektenliebe.com\/it\/wp-json\/wp\/v2\/lce-checkout-addons?post=189716"}],"curies":[{"name":"wp","href":"https:\/\/api.w.org\/{rel}","templated":true}]}}