{"id":189710,"date":"2026-01-22T17:46:43","date_gmt":"2026-01-22T16:46:43","guid":{"rendered":"https:\/\/insektenliebe.com\/shop\/produkt\/set-completo-eresus\/"},"modified":"2026-01-22T17:46:43","modified_gmt":"2026-01-22T16:46:43","slug":"set-completo-eresus","status":"publish","type":"product","link":"https:\/\/insektenliebe.com\/it\/shop\/prodotto\/set-completo-eresus\/","title":{"rendered":"Set completo Eresus"},"content":{"rendered":"<h3><span style=\"color: #99cc33;\"><strong><span class=\"s1\">Set completo Eresus - una casa progettata con cura per il tuo ragno Eresus<\/span><\/strong><\/span><\/h3>\n<p class=\"p1\"><span class=\"s1\">Il <strong>set completo Eresus<\/strong> ti offre un terrario completamente personalizzato, progettato appositamente per soddisfare le esigenze delle specie Eresus. I ragni tubolari neri e rossi o dalla testa gialla sono particolarmente impressionanti in un ambiente naturale e questo set \u00e8 stato sviluppato proprio per questo scopo. Ti fornisce tutto il necessario per allestire immediatamente una casa adatta alla specie, stabile ed estetica per il tuo animale. Il set \u00e8 perfetto per i principianti, ma anche per chi vuole creare un terrario bello e di alta qualit\u00e0 senza grandi sforzi.   <\/span><\/p>\n<p class=\"p1\"><span class=\"s1\">Il pezzo forte \u00e8 il terrario Insektenliebe che misura 20 \u00d7 20 \u00d7 20 cm. \u00c8 compatto, ben ventilato e offre spazio sufficiente per il tipico tubo vivente e per le attivit\u00e0 di tana del tuo ragno Eresus. La parte frontale trasparente ti permette di vedere il tuo animale in ogni momento. Allo stesso tempo, il terrario pu\u00f2 essere mantenuto in modo rapido e sicuro perch\u00e9 \u00e8 facilmente accessibile dall&#8217;alto e offre spazio sufficiente per le decorazioni.   <\/span><\/p>\n<p class=\"p1\"><span class=\"s1\">Come substrato puoi utilizzare sabbia argillosa del deserto e humus forestale sterilizzato. Entrambi i substrati si armonizzano perfettamente perch\u00e9 formano una superficie facilmente compattabile. Le specie di Eresus utilizzano proprio questo tipo di terreno per creare le loro tane. Con un po&#8217; di umidit\u00e0, il substrato rimane stabile mentre la superficie rimane piacevolmente asciutta. In questo modo si crea un habitat naturale che assomiglia molto a quello di questi ragni.    <\/span><\/p>\n<p class=\"p1\"><span class=\"s1\">Per la struttura e il design visivo sono incluse due pietre di drago e tre Fingerwood XS. Le pietre creano superfici ruvide e piccole fessure. I ragni Eresus amano utilizzare queste strutture per esplorare e creare tane. Il Fingerwood, inoltre, introduce nel terrario una raffinata ramificazione. In questo modo l&#8217;allestimento appare subito vivace e allo stesso tempo abbastanza aperto da poter osservare facilmente il tuo animale. Puoi disporre le decorazioni in modo flessibile per creare la combinazione perfetta di possibilit\u00e0 di arrampicarsi e ritirarsi.     <\/span><\/p>\n<p class=\"p1\"><span class=\"s1\">Il set include una ciotola rotonda Insektenliebe con un diametro di 30 mm per fornire al tuo ragno una buona scorta d&#8217;acqua in ogni momento. Si adatta perfettamente a terrari di piccole dimensioni e garantisce un&#8217;offerta d&#8217;acqua pulita e sicura. Il ragno la trova facilmente perch\u00e9 il bordo piatto la rende pi\u00f9 facile da avvicinare.  <\/span><\/p>\n<p class=\"p1\"><span class=\"s1\">Il <strong>set completo Eresus<\/strong> \u00e8 stato realizzato in modo che tu possa iniziare a lavorare senza una lunga preparazione. Tutto si incastra e pu\u00f2 essere utilizzato subito. In questo modo si crea un paesaggio terrario armonioso che non \u00e8 solo funzionale, ma anche di grande impatto estetico. Per il tuo ragno Eresus, questo allestimento significa sicurezza, struttura e un ambiente che soddisfa le sue esigenze naturali. E per te, significa un terrario che \u00e8 una gioia immediata e un invito all&#8217;osservazione.      <\/span><\/p>\n<p class=\"p1\"><span class=\"s1\">A scelta, puoi aggiungere una specie di Tillandsia o illuminare il terrario.  <\/span><\/p>\n","protected":false},"excerpt":{"rendered":"<p>Set completo Eresus - una casa progettata con cura per il tuo ragno Eresus Il set completo Eresus ti offre un terrario completamente personalizzato, progettato appositamente per soddisfare le esigenze delle specie Eresus. I ragni tubolari neri e rossi o dalla testa gialla sono particolarmente impressionanti in un ambiente naturale e questo set \u00e8 stato [&hellip;]<\/p>\n","protected":false},"featured_media":189711,"template":"","meta":{"_acf_changed":false},"product-supplier":[2686],"product_brand":[],"product_cat":[2854],"product_tag":[],"lce-checkout-addons":[],"class_list":{"0":"post-189710","1":"product","2":"type-product","3":"status-publish","4":"has-post-thumbnail","6":"product_cat-set-completo","7":"product_shipping_class-equipment-shipping","9":"first","10":"instock","11":"taxable","12":"shipping-taxable","13":"purchasable","14":"product-type-bundle"},"acf":[],"yoast_head":"<!-- This site is optimized with the Yoast SEO plugin v27.3 - https:\/\/yoast.com\/product\/yoast-seo-wordpress\/ -->\n<title>Set completo Eresus - Insektenliebe<\/title>\n<meta name=\"description\" content=\"Set completo Eresus - terrario perfettamente coordinato per le specie Eresus che include decorazioni, substrato, vaschetta per l&#039;acqua e accessori.\" \/>\n<meta name=\"robots\" content=\"index, follow, max-snippet:-1, max-image-preview:large, max-video-preview:-1\" \/>\n<link rel=\"canonical\" href=\"https:\/\/insektenliebe.com\/it\/shop\/prodotto\/set-completo-eresus\/\" \/>\n<meta property=\"og:locale\" content=\"it_IT\" \/>\n<meta property=\"og:type\" content=\"article\" \/>\n<meta property=\"og:title\" content=\"Set completo Eresus - Insektenliebe\" \/>\n<meta property=\"og:description\" content=\"Set completo Eresus - terrario perfettamente coordinato per le specie Eresus che include decorazioni, substrato, vaschetta per l&#039;acqua e accessori.\" \/>\n<meta property=\"og:url\" content=\"https:\/\/insektenliebe.com\/it\/shop\/prodotto\/set-completo-eresus\/\" \/>\n<meta property=\"og:site_name\" content=\"Insektenliebe\" \/>\n<meta property=\"og:image\" content=\"https:\/\/insektenliebe.com\/wp-content\/uploads\/2026\/01\/Eresus-Komplettset.jpg\" \/>\n\t<meta property=\"og:image:width\" content=\"820\" \/>\n\t<meta property=\"og:image:height\" content=\"820\" \/>\n\t<meta property=\"og:image:type\" content=\"image\/jpeg\" \/>\n<meta name=\"twitter:card\" content=\"summary_large_image\" \/>\n<meta name=\"twitter:label1\" content=\"Tempo di lettura stimato\" \/>\n\t<meta name=\"twitter:data1\" content=\"2 minuto\" \/>\n<script type=\"application\/ld+json\" class=\"yoast-schema-graph\">{\"@context\":\"https:\\\/\\\/schema.org\",\"@graph\":[{\"@type\":\"WebPage\",\"@id\":\"https:\\\/\\\/insektenliebe.com\\\/it\\\/shop\\\/prodotto\\\/set-completo-eresus\\\/\",\"url\":\"https:\\\/\\\/insektenliebe.com\\\/it\\\/shop\\\/prodotto\\\/set-completo-eresus\\\/\",\"name\":\"Set completo Eresus - Insektenliebe\",\"isPartOf\":{\"@id\":\"https:\\\/\\\/insektenliebe.com\\\/it\\\/#website\"},\"primaryImageOfPage\":{\"@id\":\"https:\\\/\\\/insektenliebe.com\\\/it\\\/shop\\\/prodotto\\\/set-completo-eresus\\\/#primaryimage\"},\"image\":{\"@id\":\"https:\\\/\\\/insektenliebe.com\\\/it\\\/shop\\\/prodotto\\\/set-completo-eresus\\\/#primaryimage\"},\"thumbnailUrl\":\"https:\\\/\\\/insektenliebe.com\\\/wp-content\\\/uploads\\\/2026\\\/01\\\/Eresus-Komplettset.jpg\",\"datePublished\":\"2026-01-22T16:46:43+00:00\",\"description\":\"Set completo Eresus - terrario perfettamente coordinato per le specie Eresus che include decorazioni, substrato, vaschetta per l'acqua e accessori.\",\"breadcrumb\":{\"@id\":\"https:\\\/\\\/insektenliebe.com\\\/it\\\/shop\\\/prodotto\\\/set-completo-eresus\\\/#breadcrumb\"},\"inLanguage\":\"it-IT\",\"potentialAction\":[{\"@type\":\"ReadAction\",\"target\":[\"https:\\\/\\\/insektenliebe.com\\\/it\\\/shop\\\/prodotto\\\/set-completo-eresus\\\/\"]}]},{\"@type\":\"ImageObject\",\"inLanguage\":\"it-IT\",\"@id\":\"https:\\\/\\\/insektenliebe.com\\\/it\\\/shop\\\/prodotto\\\/set-completo-eresus\\\/#primaryimage\",\"url\":\"https:\\\/\\\/insektenliebe.com\\\/wp-content\\\/uploads\\\/2026\\\/01\\\/Eresus-Komplettset.jpg\",\"contentUrl\":\"https:\\\/\\\/insektenliebe.com\\\/wp-content\\\/uploads\\\/2026\\\/01\\\/Eresus-Komplettset.jpg\",\"width\":820,\"height\":820,\"caption\":\"Set completo Eresus\"},{\"@type\":\"BreadcrumbList\",\"@id\":\"https:\\\/\\\/insektenliebe.com\\\/it\\\/shop\\\/prodotto\\\/set-completo-eresus\\\/#breadcrumb\",\"itemListElement\":[{\"@type\":\"ListItem\",\"position\":1,\"name\":\"Startseite\",\"item\":\"https:\\\/\\\/insektenliebe.com\\\/it\\\/\"},{\"@type\":\"ListItem\",\"position\":2,\"name\":\"Negozio\",\"item\":\"https:\\\/\\\/insektenliebe.com\\\/it\\\/negozio\\\/\"},{\"@type\":\"ListItem\",\"position\":3,\"name\":\"Set completo Eresus\"}]},{\"@type\":\"WebSite\",\"@id\":\"https:\\\/\\\/insektenliebe.com\\\/it\\\/#website\",\"url\":\"https:\\\/\\\/insektenliebe.com\\\/it\\\/\",\"name\":\"Insektenliebe\",\"description\":\"Dein Zuhause f\u00fcr die kleinen Lebewesen\",\"publisher\":{\"@id\":\"https:\\\/\\\/insektenliebe.com\\\/it\\\/#organization\"},\"potentialAction\":[{\"@type\":\"SearchAction\",\"target\":{\"@type\":\"EntryPoint\",\"urlTemplate\":\"https:\\\/\\\/insektenliebe.com\\\/it\\\/?s={search_term_string}\"},\"query-input\":{\"@type\":\"PropertyValueSpecification\",\"valueRequired\":true,\"valueName\":\"search_term_string\"}}],\"inLanguage\":\"it-IT\"},{\"@type\":\"Organization\",\"@id\":\"https:\\\/\\\/insektenliebe.com\\\/it\\\/#organization\",\"name\":\"Insektenliebe\",\"url\":\"https:\\\/\\\/insektenliebe.com\\\/it\\\/\",\"logo\":{\"@type\":\"ImageObject\",\"inLanguage\":\"it-IT\",\"@id\":\"https:\\\/\\\/insektenliebe.com\\\/it\\\/#\\\/schema\\\/logo\\\/image\\\/\",\"url\":\"https:\\\/\\\/insektenliebe.com\\\/wp-content\\\/uploads\\\/2025\\\/03\\\/logo-white.png\",\"contentUrl\":\"https:\\\/\\\/insektenliebe.com\\\/wp-content\\\/uploads\\\/2025\\\/03\\\/logo-white.png\",\"width\":288,\"height\":188,\"caption\":\"Insektenliebe\"},\"image\":{\"@id\":\"https:\\\/\\\/insektenliebe.com\\\/it\\\/#\\\/schema\\\/logo\\\/image\\\/\"}}]}<\/script>\n<!-- \/ Yoast SEO plugin. -->","yoast_head_json":{"title":"Set completo Eresus - Insektenliebe","description":"Set completo Eresus - terrario perfettamente coordinato per le specie Eresus che include decorazioni, substrato, vaschetta per l'acqua e accessori.","robots":{"index":"index","follow":"follow","max-snippet":"max-snippet:-1","max-image-preview":"max-image-preview:large","max-video-preview":"max-video-preview:-1"},"canonical":"https:\/\/insektenliebe.com\/it\/shop\/prodotto\/set-completo-eresus\/","og_locale":"it_IT","og_type":"article","og_title":"Set completo Eresus - Insektenliebe","og_description":"Set completo Eresus - terrario perfettamente coordinato per le specie Eresus che include decorazioni, substrato, vaschetta per l'acqua e accessori.","og_url":"https:\/\/insektenliebe.com\/it\/shop\/prodotto\/set-completo-eresus\/","og_site_name":"Insektenliebe","og_image":[{"width":820,"height":820,"url":"https:\/\/insektenliebe.com\/wp-content\/uploads\/2026\/01\/Eresus-Komplettset.jpg","type":"image\/jpeg"}],"twitter_card":"summary_large_image","twitter_misc":{"Tempo di lettura stimato":"2 minuto"},"schema":{"@context":"https:\/\/schema.org","@graph":[{"@type":"WebPage","@id":"https:\/\/insektenliebe.com\/it\/shop\/prodotto\/set-completo-eresus\/","url":"https:\/\/insektenliebe.com\/it\/shop\/prodotto\/set-completo-eresus\/","name":"Set completo Eresus - Insektenliebe","isPartOf":{"@id":"https:\/\/insektenliebe.com\/it\/#website"},"primaryImageOfPage":{"@id":"https:\/\/insektenliebe.com\/it\/shop\/prodotto\/set-completo-eresus\/#primaryimage"},"image":{"@id":"https:\/\/insektenliebe.com\/it\/shop\/prodotto\/set-completo-eresus\/#primaryimage"},"thumbnailUrl":"https:\/\/insektenliebe.com\/wp-content\/uploads\/2026\/01\/Eresus-Komplettset.jpg","datePublished":"2026-01-22T16:46:43+00:00","description":"Set completo Eresus - terrario perfettamente coordinato per le specie Eresus che include decorazioni, substrato, vaschetta per l'acqua e accessori.","breadcrumb":{"@id":"https:\/\/insektenliebe.com\/it\/shop\/prodotto\/set-completo-eresus\/#breadcrumb"},"inLanguage":"it-IT","potentialAction":[{"@type":"ReadAction","target":["https:\/\/insektenliebe.com\/it\/shop\/prodotto\/set-completo-eresus\/"]}]},{"@type":"ImageObject","inLanguage":"it-IT","@id":"https:\/\/insektenliebe.com\/it\/shop\/prodotto\/set-completo-eresus\/#primaryimage","url":"https:\/\/insektenliebe.com\/wp-content\/uploads\/2026\/01\/Eresus-Komplettset.jpg","contentUrl":"https:\/\/insektenliebe.com\/wp-content\/uploads\/2026\/01\/Eresus-Komplettset.jpg","width":820,"height":820,"caption":"Set completo Eresus"},{"@type":"BreadcrumbList","@id":"https:\/\/insektenliebe.com\/it\/shop\/prodotto\/set-completo-eresus\/#breadcrumb","itemListElement":[{"@type":"ListItem","position":1,"name":"Startseite","item":"https:\/\/insektenliebe.com\/it\/"},{"@type":"ListItem","position":2,"name":"Negozio","item":"https:\/\/insektenliebe.com\/it\/negozio\/"},{"@type":"ListItem","position":3,"name":"Set completo Eresus"}]},{"@type":"WebSite","@id":"https:\/\/insektenliebe.com\/it\/#website","url":"https:\/\/insektenliebe.com\/it\/","name":"Insektenliebe","description":"Dein Zuhause f\u00fcr die kleinen Lebewesen","publisher":{"@id":"https:\/\/insektenliebe.com\/it\/#organization"},"potentialAction":[{"@type":"SearchAction","target":{"@type":"EntryPoint","urlTemplate":"https:\/\/insektenliebe.com\/it\/?s={search_term_string}"},"query-input":{"@type":"PropertyValueSpecification","valueRequired":true,"valueName":"search_term_string"}}],"inLanguage":"it-IT"},{"@type":"Organization","@id":"https:\/\/insektenliebe.com\/it\/#organization","name":"Insektenliebe","url":"https:\/\/insektenliebe.com\/it\/","logo":{"@type":"ImageObject","inLanguage":"it-IT","@id":"https:\/\/insektenliebe.com\/it\/#\/schema\/logo\/image\/","url":"https:\/\/insektenliebe.com\/wp-content\/uploads\/2025\/03\/logo-white.png","contentUrl":"https:\/\/insektenliebe.com\/wp-content\/uploads\/2025\/03\/logo-white.png","width":288,"height":188,"caption":"Insektenliebe"},"image":{"@id":"https:\/\/insektenliebe.com\/it\/#\/schema\/logo\/image\/"}}]}},"_links":{"self":[{"href":"https:\/\/insektenliebe.com\/it\/wp-json\/wp\/v2\/product\/189710","targetHints":{"allow":["GET"]}}],"collection":[{"href":"https:\/\/insektenliebe.com\/it\/wp-json\/wp\/v2\/product"}],"about":[{"href":"https:\/\/insektenliebe.com\/it\/wp-json\/wp\/v2\/types\/product"}],"wp:featuredmedia":[{"embeddable":true,"href":"https:\/\/insektenliebe.com\/it\/wp-json\/wp\/v2\/media\/189711"}],"wp:attachment":[{"href":"https:\/\/insektenliebe.com\/it\/wp-json\/wp\/v2\/media?parent=189710"}],"wp:term":[{"taxonomy":"product-supplier","embeddable":true,"href":"https:\/\/insektenliebe.com\/it\/wp-json\/wp\/v2\/product-supplier?post=189710"},{"taxonomy":"product_brand","embeddable":true,"href":"https:\/\/insektenliebe.com\/it\/wp-json\/wp\/v2\/product_brand?post=189710"},{"taxonomy":"product_cat","embeddable":true,"href":"https:\/\/insektenliebe.com\/it\/wp-json\/wp\/v2\/product_cat?post=189710"},{"taxonomy":"product_tag","embeddable":true,"href":"https:\/\/insektenliebe.com\/it\/wp-json\/wp\/v2\/product_tag?post=189710"},{"taxonomy":"lce-checkout-addons","embeddable":true,"href":"https:\/\/insektenliebe.com\/it\/wp-json\/wp\/v2\/lce-checkout-addons?post=189710"}],"curies":[{"name":"wp","href":"https:\/\/api.w.org\/{rel}","templated":true}]}}