{"id":189708,"date":"2026-02-17T19:13:48","date_gmt":"2026-02-17T18:13:48","guid":{"rendered":"https:\/\/insektenliebe.com\/shop\/produkt\/harpactira-tigrina\/"},"modified":"2026-04-22T07:38:11","modified_gmt":"2026-04-22T05:38:11","slug":"harpactira-tigrina","status":"publish","type":"product","link":"https:\/\/insektenliebe.com\/it\/shop\/prodotto\/harpactira-tigrina\/","title":{"rendered":"Harpactira tigrina"},"content":{"rendered":"<h3><span style=\"color: #99cc33\"><strong><span class=\"s1\">Harpactira tigrina - Amidea africana con segni della tigre<\/span><\/strong><\/span><\/h3>\n<p class=\"p1\"><strong><span class=\"s1\">Harpactira tigrina<\/span><\/strong><span class=\"s2\">  \u00e8 un&#8217;impressionante tarantola africana che colpisce soprattutto per la sua colorazione ad alto contrasto e per il suo aspetto sicuro. La colorazione scura di base \u00e8 intervallata da motivi pi\u00f9 chiari, a volte tigrati, che conferiscono a ogni animale un aspetto individuale. Questo motivo naturale conferisce alla specie un aspetto ruvido e originale e la rende una presenza immediata nel terrario.  <\/span><\/p>\n<p class=\"p1\"><span class=\"s2\">L<strong>&#8216;Harpactira tigrina<\/strong> \u00e8 originaria delle regioni pi\u00f9 aride dell&#8217;Africa e vive sul fondo. Utilizza attivamente il substrato, scava le proprie tane e amplia continuamente i nascondigli esistenti. Un substrato adatto alla tana \u00e8 quindi essenziale, perch\u00e9 solo cos\u00ec pu\u00f2 esprimere appieno il suo comportamento naturale. Allo stesso tempo, ama ritirarsi, ma \u00e8 facile da osservare in condizioni di calma, soprattutto all&#8217;ingresso della grotta.   <\/span><\/p>\n<p class=\"p1\"><span class=\"s2\">Dal punto di vista caratteriale, l&#8217;<strong>Harpactira tigrina<\/strong> \u00e8 vigile, veloce e piuttosto difensiva. Reagisce in modo sensibile agli urti e ai movimenti, ma rimane controllata. \u00c8 proprio questo mix di controllo e forza di reazione improvvisa che la rende particolarmente eccitante per i proprietari esperti. Non \u00e8 un animale che richiede interventi frequenti, ma impressiona attraverso l&#8217;osservazione a distanza.   <\/span><\/p>\n<p class=\"p1\"><span class=\"s2\">Anche il loro comportamento di tessitura \u00e8 chiaramente evidente. L <strong>&#8216;Harpactira tigrina<\/strong> crea fitte ragnatele intorno all&#8217;ingresso della grotta, che servono come sistema di allarme e delimitano chiaramente il loro territorio. Queste strutture spesso si estendono sul substrato e sulle decorazioni e conferiscono al terrario un aspetto molto naturale.  <\/span><\/p>\n<p class=\"p1\"><span class=\"s2\">Quando viene allevata, preferisce un clima piuttosto secco, anche se non deve mancare una zona leggermente umida. Una buona ventilazione evita i ristagni d&#8217;acqua e garantisce un microclima stabile. Assorbe in modo affidabile l&#8217;acqua da una ciotola, che dovrebbe essere sempre disponibile. A temperature adeguate, questa specie \u00e8 attiva e vigile.   <\/span><\/p>\n<p class=\"p1\"><span class=\"s2\">Quando si nutre, <strong>Harpactira tigrina<\/strong> agisce in modo deciso e rapido. Gli animali da mangiare vengono accettati in modo mirato, il che rende l&#8217;osservazione della caccia particolarmente interessante. Allo stesso tempo, \u00e8 necessario procedere con cautela ed evitare di disturbare inutilmente, poich\u00e9 la specie \u00e8 molto rapida nel reagire.  <\/span><\/p>\n<p class=\"p1\"><span class=\"s2\"><strong>Harpactira tigrina<\/strong> si rivolge chiaramente ai detentori esperti che sono alla ricerca di una tarantola di grande impatto visivo e biologicamente emozionante, con un carattere forte. Combina un aspetto potente, un comportamento emozionante e un tocco di natura selvaggia africana: un animale che lascia il segno. <\/span><\/p>\n","protected":false},"excerpt":{"rendered":"<p>Harpactira tigrina - Amidea africana con segni della tigre Harpactira tigrina \u00e8 un&#8217;impressionante tarantola africana che colpisce soprattutto per la sua colorazione ad alto contrasto e per il suo aspetto sicuro. La colorazione scura di base \u00e8 intervallata da motivi pi\u00f9 chiari, a volte tigrati, che conferiscono a ogni animale un aspetto individuale. Questo motivo [&hellip;]<\/p>\n","protected":false},"featured_media":189709,"template":"","meta":{"_acf_changed":false},"product-supplier":[],"product_brand":[],"product_cat":[3004],"product_tag":[],"lce-checkout-addons":[2746],"class_list":{"0":"post-189708","1":"product","2":"type-product","3":"status-publish","4":"has-post-thumbnail","6":"product_cat-tarantole","7":"product_shipping_class-spedizione-di-animali","8":"pa_geschlecht-donna","9":"pa_geschlecht-indeterminato","10":"pa_geschlecht-uomo","11":"pa_herkunft-sudafrica","12":"pa_kontinent-africa","13":"lce-checkout-addons-imballaggio-invernale","15":"first","16":"instock","17":"taxable","18":"shipping-taxable","19":"purchasable","20":"product-type-variable"},"acf":[],"yoast_head":"<!-- This site is optimized with the Yoast SEO Premium plugin v26.8 (Yoast SEO v27.3) - https:\/\/yoast.com\/product\/yoast-seo-premium-wordpress\/ -->\n<title>Harpactira tigrina - Insektenliebe<\/title>\n<meta name=\"description\" content=\"Harpactira tigrina - tarantola africana ad alto contrasto con marcature sorprendenti, carattere forte e comportamento entusiasmante.\" \/>\n<meta name=\"robots\" content=\"index, follow, max-snippet:-1, max-image-preview:large, max-video-preview:-1\" \/>\n<link rel=\"canonical\" href=\"https:\/\/insektenliebe.com\/it\/shop\/prodotto\/harpactira-tigrina\/\" \/>\n<meta property=\"og:locale\" content=\"it_IT\" \/>\n<meta property=\"og:type\" content=\"article\" \/>\n<meta property=\"og:title\" content=\"Harpactira tigrina\" \/>\n<meta property=\"og:description\" content=\"Harpactira tigrina - tarantola africana ad alto contrasto con marcature sorprendenti, carattere forte e comportamento entusiasmante.\" \/>\n<meta property=\"og:url\" content=\"https:\/\/insektenliebe.com\/it\/shop\/prodotto\/harpactira-tigrina\/\" \/>\n<meta property=\"og:site_name\" content=\"Insektenliebe\" \/>\n<meta property=\"article:modified_time\" content=\"2026-04-22T05:38:11+00:00\" \/>\n<meta property=\"og:image\" content=\"https:\/\/insektenliebe.com\/wp-content\/uploads\/2026\/02\/Harpactira-tigrina.jpg\" \/>\n\t<meta property=\"og:image:width\" content=\"820\" \/>\n\t<meta property=\"og:image:height\" content=\"820\" \/>\n\t<meta property=\"og:image:type\" content=\"image\/jpeg\" \/>\n<meta name=\"twitter:card\" content=\"summary_large_image\" \/>\n<meta name=\"twitter:label1\" content=\"Disponibilit\u00e0\" \/>\n\t<meta name=\"twitter:data1\" content=\"In stock\" \/>\n<script type=\"application\/ld+json\" class=\"yoast-schema-graph\">{\"@context\":\"https:\\\/\\\/schema.org\",\"@graph\":[{\"@type\":\"WebPage\",\"@id\":\"https:\\\/\\\/insektenliebe.com\\\/it\\\/shop\\\/prodotto\\\/harpactira-tigrina\\\/\",\"url\":\"https:\\\/\\\/insektenliebe.com\\\/it\\\/shop\\\/prodotto\\\/harpactira-tigrina\\\/\",\"name\":\"Harpactira tigrina - Insektenliebe\",\"isPartOf\":{\"@id\":\"https:\\\/\\\/insektenliebe.com\\\/it\\\/#website\"},\"primaryImageOfPage\":{\"@id\":\"https:\\\/\\\/insektenliebe.com\\\/it\\\/shop\\\/prodotto\\\/harpactira-tigrina\\\/#primaryimage\"},\"image\":{\"@id\":\"https:\\\/\\\/insektenliebe.com\\\/it\\\/shop\\\/prodotto\\\/harpactira-tigrina\\\/#primaryimage\"},\"thumbnailUrl\":\"https:\\\/\\\/insektenliebe.com\\\/wp-content\\\/uploads\\\/2026\\\/02\\\/Harpactira-tigrina.jpg\",\"datePublished\":\"2026-02-17T18:13:48+00:00\",\"dateModified\":\"2026-04-22T05:38:11+00:00\",\"description\":\"Harpactira tigrina - tarantola africana ad alto contrasto con marcature sorprendenti, carattere forte e comportamento entusiasmante.\",\"breadcrumb\":{\"@id\":\"https:\\\/\\\/insektenliebe.com\\\/it\\\/shop\\\/prodotto\\\/harpactira-tigrina\\\/#breadcrumb\"},\"inLanguage\":\"it-IT\",\"potentialAction\":[{\"@type\":\"ReadAction\",\"target\":[\"https:\\\/\\\/insektenliebe.com\\\/it\\\/shop\\\/prodotto\\\/harpactira-tigrina\\\/\"]}]},{\"@type\":\"ImageObject\",\"inLanguage\":\"it-IT\",\"@id\":\"https:\\\/\\\/insektenliebe.com\\\/it\\\/shop\\\/prodotto\\\/harpactira-tigrina\\\/#primaryimage\",\"url\":\"https:\\\/\\\/insektenliebe.com\\\/wp-content\\\/uploads\\\/2026\\\/02\\\/Harpactira-tigrina.jpg\",\"contentUrl\":\"https:\\\/\\\/insektenliebe.com\\\/wp-content\\\/uploads\\\/2026\\\/02\\\/Harpactira-tigrina.jpg\",\"width\":820,\"height\":820,\"caption\":\"Harpactira tigrina\"},{\"@type\":\"BreadcrumbList\",\"@id\":\"https:\\\/\\\/insektenliebe.com\\\/it\\\/shop\\\/prodotto\\\/harpactira-tigrina\\\/#breadcrumb\",\"itemListElement\":[{\"@type\":\"ListItem\",\"position\":1,\"name\":\"Startseite\",\"item\":\"https:\\\/\\\/insektenliebe.com\\\/it\\\/\"},{\"@type\":\"ListItem\",\"position\":2,\"name\":\"Negozio\",\"item\":\"https:\\\/\\\/insektenliebe.com\\\/it\\\/negozio\\\/\"},{\"@type\":\"ListItem\",\"position\":3,\"name\":\"Harpactira tigrina\"}]},{\"@type\":\"WebSite\",\"@id\":\"https:\\\/\\\/insektenliebe.com\\\/it\\\/#website\",\"url\":\"https:\\\/\\\/insektenliebe.com\\\/it\\\/\",\"name\":\"Insektenliebe\",\"description\":\"Dein Zuhause f\u00fcr die kleinen Lebewesen\",\"publisher\":{\"@id\":\"https:\\\/\\\/insektenliebe.com\\\/it\\\/#organization\"},\"potentialAction\":[{\"@type\":\"SearchAction\",\"target\":{\"@type\":\"EntryPoint\",\"urlTemplate\":\"https:\\\/\\\/insektenliebe.com\\\/it\\\/?s={search_term_string}\"},\"query-input\":{\"@type\":\"PropertyValueSpecification\",\"valueRequired\":true,\"valueName\":\"search_term_string\"}}],\"inLanguage\":\"it-IT\"},{\"@type\":\"Organization\",\"@id\":\"https:\\\/\\\/insektenliebe.com\\\/it\\\/#organization\",\"name\":\"Insektenliebe\",\"url\":\"https:\\\/\\\/insektenliebe.com\\\/it\\\/\",\"logo\":{\"@type\":\"ImageObject\",\"inLanguage\":\"it-IT\",\"@id\":\"https:\\\/\\\/insektenliebe.com\\\/it\\\/#\\\/schema\\\/logo\\\/image\\\/\",\"url\":\"https:\\\/\\\/insektenliebe.com\\\/wp-content\\\/uploads\\\/2025\\\/03\\\/logo-white.png\",\"contentUrl\":\"https:\\\/\\\/insektenliebe.com\\\/wp-content\\\/uploads\\\/2025\\\/03\\\/logo-white.png\",\"width\":288,\"height\":188,\"caption\":\"Insektenliebe\"},\"image\":{\"@id\":\"https:\\\/\\\/insektenliebe.com\\\/it\\\/#\\\/schema\\\/logo\\\/image\\\/\"}}]}<\/script>\n<meta property=\"og:availability\" content=\"instock\" \/>\n<meta property=\"product:availability\" content=\"instock\" \/>\n<meta property=\"product:retailer_item_id\" content=\"812\" \/>\n<meta property=\"product:condition\" content=\"new\" \/>\n<!-- \/ Yoast SEO Premium plugin. -->","yoast_head_json":{"title":"Harpactira tigrina - Insektenliebe","description":"Harpactira tigrina - tarantola africana ad alto contrasto con marcature sorprendenti, carattere forte e comportamento entusiasmante.","robots":{"index":"index","follow":"follow","max-snippet":"max-snippet:-1","max-image-preview":"max-image-preview:large","max-video-preview":"max-video-preview:-1"},"canonical":"https:\/\/insektenliebe.com\/it\/shop\/prodotto\/harpactira-tigrina\/","og_locale":"it_IT","og_type":"article","og_title":"Harpactira tigrina","og_description":"Harpactira tigrina - tarantola africana ad alto contrasto con marcature sorprendenti, carattere forte e comportamento entusiasmante.","og_url":"https:\/\/insektenliebe.com\/it\/shop\/prodotto\/harpactira-tigrina\/","og_site_name":"Insektenliebe","article_modified_time":"2026-04-22T05:38:11+00:00","og_image":[{"width":820,"height":820,"url":"https:\/\/insektenliebe.com\/wp-content\/uploads\/2026\/02\/Harpactira-tigrina.jpg","type":"image\/jpeg"}],"twitter_card":"summary_large_image","twitter_misc":{"Disponibilit\u00e0":"In stock"},"schema":{"@context":"https:\/\/schema.org","@graph":[{"@type":"WebPage","@id":"https:\/\/insektenliebe.com\/it\/shop\/prodotto\/harpactira-tigrina\/","url":"https:\/\/insektenliebe.com\/it\/shop\/prodotto\/harpactira-tigrina\/","name":"Harpactira tigrina - Insektenliebe","isPartOf":{"@id":"https:\/\/insektenliebe.com\/it\/#website"},"primaryImageOfPage":{"@id":"https:\/\/insektenliebe.com\/it\/shop\/prodotto\/harpactira-tigrina\/#primaryimage"},"image":{"@id":"https:\/\/insektenliebe.com\/it\/shop\/prodotto\/harpactira-tigrina\/#primaryimage"},"thumbnailUrl":"https:\/\/insektenliebe.com\/wp-content\/uploads\/2026\/02\/Harpactira-tigrina.jpg","datePublished":"2026-02-17T18:13:48+00:00","dateModified":"2026-04-22T05:38:11+00:00","description":"Harpactira tigrina - tarantola africana ad alto contrasto con marcature sorprendenti, carattere forte e comportamento entusiasmante.","breadcrumb":{"@id":"https:\/\/insektenliebe.com\/it\/shop\/prodotto\/harpactira-tigrina\/#breadcrumb"},"inLanguage":"it-IT","potentialAction":[{"@type":"ReadAction","target":["https:\/\/insektenliebe.com\/it\/shop\/prodotto\/harpactira-tigrina\/"]}]},{"@type":"ImageObject","inLanguage":"it-IT","@id":"https:\/\/insektenliebe.com\/it\/shop\/prodotto\/harpactira-tigrina\/#primaryimage","url":"https:\/\/insektenliebe.com\/wp-content\/uploads\/2026\/02\/Harpactira-tigrina.jpg","contentUrl":"https:\/\/insektenliebe.com\/wp-content\/uploads\/2026\/02\/Harpactira-tigrina.jpg","width":820,"height":820,"caption":"Harpactira tigrina"},{"@type":"BreadcrumbList","@id":"https:\/\/insektenliebe.com\/it\/shop\/prodotto\/harpactira-tigrina\/#breadcrumb","itemListElement":[{"@type":"ListItem","position":1,"name":"Startseite","item":"https:\/\/insektenliebe.com\/it\/"},{"@type":"ListItem","position":2,"name":"Negozio","item":"https:\/\/insektenliebe.com\/it\/negozio\/"},{"@type":"ListItem","position":3,"name":"Harpactira tigrina"}]},{"@type":"WebSite","@id":"https:\/\/insektenliebe.com\/it\/#website","url":"https:\/\/insektenliebe.com\/it\/","name":"Insektenliebe","description":"Dein Zuhause f\u00fcr die kleinen Lebewesen","publisher":{"@id":"https:\/\/insektenliebe.com\/it\/#organization"},"potentialAction":[{"@type":"SearchAction","target":{"@type":"EntryPoint","urlTemplate":"https:\/\/insektenliebe.com\/it\/?s={search_term_string}"},"query-input":{"@type":"PropertyValueSpecification","valueRequired":true,"valueName":"search_term_string"}}],"inLanguage":"it-IT"},{"@type":"Organization","@id":"https:\/\/insektenliebe.com\/it\/#organization","name":"Insektenliebe","url":"https:\/\/insektenliebe.com\/it\/","logo":{"@type":"ImageObject","inLanguage":"it-IT","@id":"https:\/\/insektenliebe.com\/it\/#\/schema\/logo\/image\/","url":"https:\/\/insektenliebe.com\/wp-content\/uploads\/2025\/03\/logo-white.png","contentUrl":"https:\/\/insektenliebe.com\/wp-content\/uploads\/2025\/03\/logo-white.png","width":288,"height":188,"caption":"Insektenliebe"},"image":{"@id":"https:\/\/insektenliebe.com\/it\/#\/schema\/logo\/image\/"}}]},"og_availability":"instock","product_availability":"instock","product_retailer_item_id":"812","product_condition":"new"},"_links":{"self":[{"href":"https:\/\/insektenliebe.com\/it\/wp-json\/wp\/v2\/product\/189708","targetHints":{"allow":["GET"]}}],"collection":[{"href":"https:\/\/insektenliebe.com\/it\/wp-json\/wp\/v2\/product"}],"about":[{"href":"https:\/\/insektenliebe.com\/it\/wp-json\/wp\/v2\/types\/product"}],"wp:featuredmedia":[{"embeddable":true,"href":"https:\/\/insektenliebe.com\/it\/wp-json\/wp\/v2\/media\/189709"}],"wp:attachment":[{"href":"https:\/\/insektenliebe.com\/it\/wp-json\/wp\/v2\/media?parent=189708"}],"wp:term":[{"taxonomy":"product-supplier","embeddable":true,"href":"https:\/\/insektenliebe.com\/it\/wp-json\/wp\/v2\/product-supplier?post=189708"},{"taxonomy":"product_brand","embeddable":true,"href":"https:\/\/insektenliebe.com\/it\/wp-json\/wp\/v2\/product_brand?post=189708"},{"taxonomy":"product_cat","embeddable":true,"href":"https:\/\/insektenliebe.com\/it\/wp-json\/wp\/v2\/product_cat?post=189708"},{"taxonomy":"product_tag","embeddable":true,"href":"https:\/\/insektenliebe.com\/it\/wp-json\/wp\/v2\/product_tag?post=189708"},{"taxonomy":"lce-checkout-addons","embeddable":true,"href":"https:\/\/insektenliebe.com\/it\/wp-json\/wp\/v2\/lce-checkout-addons?post=189708"}],"curies":[{"name":"wp","href":"https:\/\/api.w.org\/{rel}","templated":true}]}}