{"id":189706,"date":"2021-06-25T10:46:00","date_gmt":"2021-06-25T08:46:00","guid":{"rendered":"https:\/\/insektenliebe.com\/shop\/produkt\/armadillidium-maculatum-champagne\/"},"modified":"2026-03-05T10:35:50","modified_gmt":"2026-03-05T09:35:50","slug":"armadillidium-maculatum-champagne","status":"publish","type":"product","link":"https:\/\/insektenliebe.com\/it\/shop\/prodotto\/armadillidium-maculatum-champagne\/","title":{"rendered":"Armadillidium maculatum \"Champagne"},"content":{"rendered":"<h3><span class=\"s1\" style=\"color: #99cc33;\">Motivo marrone-beige invece del classico nero<\/span><\/h3>\n<p class=\"p1\"><strong><span class=\"s1\">Armadillidium maculatum \"Champagne<\/span><\/strong><span class=\"s2\">  \u00e8 una mutazione cromatica particolarmente attraente della nota cocciniglia zebrata. Mentre la forma selvatica si distingue per il suo colore di base nero con strisce chiare, questa forma coltivata presenta una   <\/span><span class=\"s1\">colorazione di base dal marrone al beige<\/span><span class=\"s2\">. In questo modo gli animali appaiono molto pi\u00f9 luminosi e colorati.<\/span><\/p>\n<p class=\"p1\"><span class=\"s2\">Gli animali che offriamo sono stati selezionati <\/span><span class=\"s1\">selezionati da noi stessi<\/span><span class=\"s2\">In questo modo si ottiene un&#8217;interessante variet\u00e0 di colori all&#8217;interno del gruppo. \u00c8 proprio questa variazione che rende la loro detenzione particolarmente interessante. Alcuni animali appaiono pi\u00f9 beige, mentre altri mostrano forti sfumature di marrone.  <\/span><\/p>\n<p class=\"p1\"><span class=\"s2\">I piccoli schiudono inizialmente <\/span><span class=\"s1\">marrone scuro<\/span><span class=\"s2\">. Durante la fase di crescita, tuttavia, il loro colore si schiarisce notevolmente. Questo cambia l&#8217;effetto cromatico nel corso dello sviluppo. Nel nostro programma di allevamento, occasionalmente    <\/span><span class=\"s1\">Armadillidium maculatum \"Paradox Champagne<\/span><span class=\"s2\">  su. Attualmente stiamo ancora selezionando questi animali dalla linea. <\/span><\/p>\n<p class=\"p1\"><span class=\"s2\">A parte il colore, la postura corrisponde completamente alla <\/span><span class=\"s1\">classica cocciniglia zebrata<\/span><span class=\"s2\">.<\/span><\/p>\n<p class=\"p1\"><span class=\"s2\">L&#8217;Armadillidium maculatum proviene originariamente dal <\/span><span class=\"s1\">regione mediterranea e della Francia meridionale<\/span><span class=\"s2\">. Questi animali vivono principalmente nello strato di lettiera delle foreste decidue. Raggiungono una dimensione di circa   <\/span><span class=\"s1\">1,8 cm<\/span><span class=\"s2\"> e quindi appartengono alle cocciniglie di medie dimensioni.<\/span><\/p>\n<p class=\"p1\"><span class=\"s2\">Lo sviluppo da giovane ad adulto richiede circa sei mesi. <\/span><span class=\"s1\">sei mesi<\/span><span class=\"s2\">. La specie \u00e8 considerata robusta e si riproduce in modo affidabile. Una femmina pu\u00f2 riprodursi all&#8217;anno   <\/span><span class=\"s1\">fino a quattro cucciolate<\/span><span class=\"s2\"> ognuna con un massimo di <\/span><span class=\"s1\">300 gattini<\/span><span class=\"s2\">  producono. Di conseguenza, una colonia cresce in modo relativamente veloce in buone condizioni. <\/span><\/p>\n<p class=\"p1\"><span class=\"s2\">Un altro vantaggio di questa specie \u00e8 la sua <\/span><span class=\"s1\">disponibilit\u00e0 a puntare<\/span><span class=\"s2\">. Rispetto a molti altri isopodi, le cocciniglie zebrate si vedono spesso. Nei terrari pi\u00f9 grandi, tuttavia, \u00e8 consigliabile avere un numero di esemplari di partenza un po&#8217; pi\u00f9 grande, in modo da poter osservare gli animali con regolarit\u00e0. <\/span><\/p>\n<p class=\"p1\"><span class=\"s2\">Come tutte le cocciniglie <\/span><strong><span class=\"s1\">Armadillidium maculatum \"Champagne\"<\/span><\/strong><span class=\"s2\"> ha la tipica strategia di difesa: in caso di pericolo, gli animali si arrotolano in una palla chiusa.<\/span><\/p>\n<p class=\"p1\"><span class=\"s2\">Mantenerle \u00e8 semplice. Un gruppo pu\u00f2 essere tenuto in contenitori da circa   <\/span><span class=\"s1\">5 litri di volume<\/span><span class=\"s2\">  essere mantenuti. Tuttavia, lo spazio sufficiente \u00e8 importante. Se non c&#8217;\u00e8 abbastanza spazio, gli animali spesso smettono di riprodursi.  <\/span><\/p>\n<p class=\"p1\"><span class=\"s2\">Per l&#8217;allevamento naturalistico, si consiglia un substrato <\/span><span class=\"s1\">substrato alto circa 10 cm<\/span><span class=\"s2\">  di humus di foresta decidua, foglie e componenti bianchi di legno marcio. Sopra vengono sparsi muschio, pezzi di corteccia e altro fogliame. Questi materiali servono anche come nascondiglio, cibo e riserva di umidit\u00e0.  <\/span><\/p>\n<p class=\"p1\"><span class=\"s2\">Il terrario deve essere <\/span><span class=\"s1\">uniformemente umido<\/span><span class=\"s2\">ma mai bagnato. I ristagni d&#8217;acqua devono essere evitati a tutti i costi. Un&#8217;umidit\u00e0 di circa    <\/span><span class=\"s1\">60-80 %<\/span><span class=\"s2\">  di solito si imposta automaticamente con l&#8217;irrorazione regolare. Idealmente, la temperatura dovrebbe essere compresa tra   <\/span><span class=\"s1\">22 e 26 \u00b0C<\/span><span class=\"s2\"> bugia.<\/span><\/p>\n<p class=\"p1\"><span class=\"s2\">Per costruire il loro carapace, gli animali hanno bisogno di <\/span><span class=\"s1\">calcio<\/span><span class=\"s2\">. Questo pu\u00f2 essere fornito da osso di seppia, gusci d&#8217;uovo schiacciati o fonti simili.<\/span><\/p>\n<p class=\"p1\"><span class=\"s2\">L&#8217;alimento principale \u00e8 il fogliame contenuto nel substrato <\/span><span class=\"s1\">foglie e legno bianco marcio<\/span><span class=\"s2\">. Gli animali amano anche mangiare verdura, frutta, fiori o uno speciale cibo per isopodi.<\/span><\/p>\n<p class=\"p1\"><span class=\"s2\">Grazie alla sua mutazione cromatica brillante, alla coltivazione robusta e al buon tasso di riproduzione <\/span><strong><span class=\"s1\">l&#8217;Armadillidium maculatum \"Champagne\"<\/span><\/strong><span class=\"s2\"> \u00e8 una specie di isopode particolarmente interessante, sia per i principianti che per gli allevatori esperti.<\/span><\/p>\n","protected":false},"excerpt":{"rendered":"<p>Motivo marrone-beige invece del classico nero Armadillidium maculatum \"Champagne \u00e8 una mutazione cromatica particolarmente attraente della nota cocciniglia zebrata. Mentre la forma selvatica si distingue per il suo colore di base nero con strisce chiare, questa forma coltivata presenta una colorazione di base dal marrone al beige. In questo modo gli animali appaiono molto pi\u00f9 [&hellip;]<\/p>\n","protected":false},"featured_media":189707,"template":"","meta":{"_acf_changed":false},"product-supplier":[],"product_brand":[],"product_cat":[2871,2788],"product_tag":[],"lce-checkout-addons":[2746],"class_list":{"0":"post-189706","1":"product","2":"type-product","3":"status-publish","4":"has-post-thumbnail","6":"product_cat-cocciniglia-armadillidium","7":"product_cat-woodlice","8":"product_shipping_class-spedizione-di-animali","9":"pa_herkunft-francia","10":"pa_kontinent-europa","11":"lce-checkout-addons-imballaggio-invernale","13":"first","14":"instock","15":"taxable","16":"shipping-taxable","17":"purchasable","18":"product-type-simple"},"acf":[],"yoast_head":"<!-- This site is optimized with the Yoast SEO plugin v27.3 - https:\/\/yoast.com\/product\/yoast-seo-wordpress\/ -->\n<title>Armadillidium maculatum &quot;Champagne - Insektenliebe<\/title>\n<meta name=\"description\" content=\"Armadillidium maculatum &quot;Champagne&quot; - rara cocciniglia zebrata con mutazione cromatica brillante, robusta, attiva e facile da propagare.\" \/>\n<meta name=\"robots\" content=\"index, follow, max-snippet:-1, max-image-preview:large, max-video-preview:-1\" \/>\n<link rel=\"canonical\" href=\"https:\/\/insektenliebe.com\/it\/shop\/prodotto\/armadillidium-maculatum-champagne\/\" \/>\n<meta property=\"og:locale\" content=\"it_IT\" \/>\n<meta property=\"og:type\" content=\"article\" \/>\n<meta property=\"og:title\" content=\"Armadillidium maculatum &quot;Champagne - Insektenliebe\" \/>\n<meta property=\"og:description\" content=\"Armadillidium maculatum &quot;Champagne&quot; - rara cocciniglia zebrata con mutazione cromatica brillante, robusta, attiva e facile da propagare.\" \/>\n<meta property=\"og:url\" content=\"https:\/\/insektenliebe.com\/it\/shop\/prodotto\/armadillidium-maculatum-champagne\/\" \/>\n<meta property=\"og:site_name\" content=\"Insektenliebe\" \/>\n<meta property=\"article:modified_time\" content=\"2026-03-05T09:35:50+00:00\" \/>\n<meta property=\"og:image\" content=\"https:\/\/insektenliebe.com\/wp-content\/uploads\/2025\/05\/Armadillidium-maculatum-_Champagne_-2.jpg\" \/>\n\t<meta property=\"og:image:width\" content=\"820\" \/>\n\t<meta property=\"og:image:height\" content=\"820\" \/>\n\t<meta property=\"og:image:type\" content=\"image\/jpeg\" \/>\n<meta name=\"twitter:card\" content=\"summary_large_image\" \/>\n<meta name=\"twitter:label1\" content=\"Tempo di lettura stimato\" \/>\n\t<meta name=\"twitter:data1\" content=\"3 minuto\" \/>\n<script type=\"application\/ld+json\" class=\"yoast-schema-graph\">{\"@context\":\"https:\\\/\\\/schema.org\",\"@graph\":[{\"@type\":\"WebPage\",\"@id\":\"https:\\\/\\\/insektenliebe.com\\\/it\\\/shop\\\/prodotto\\\/armadillidium-maculatum-champagne\\\/\",\"url\":\"https:\\\/\\\/insektenliebe.com\\\/it\\\/shop\\\/prodotto\\\/armadillidium-maculatum-champagne\\\/\",\"name\":\"Armadillidium maculatum \\\"Champagne - Insektenliebe\",\"isPartOf\":{\"@id\":\"https:\\\/\\\/insektenliebe.com\\\/it\\\/#website\"},\"primaryImageOfPage\":{\"@id\":\"https:\\\/\\\/insektenliebe.com\\\/it\\\/shop\\\/prodotto\\\/armadillidium-maculatum-champagne\\\/#primaryimage\"},\"image\":{\"@id\":\"https:\\\/\\\/insektenliebe.com\\\/it\\\/shop\\\/prodotto\\\/armadillidium-maculatum-champagne\\\/#primaryimage\"},\"thumbnailUrl\":\"https:\\\/\\\/insektenliebe.com\\\/wp-content\\\/uploads\\\/2025\\\/05\\\/Armadillidium-maculatum-_Champagne_-2.jpg\",\"datePublished\":\"2021-06-25T08:46:00+00:00\",\"dateModified\":\"2026-03-05T09:35:50+00:00\",\"description\":\"Armadillidium maculatum \\\"Champagne\\\" - rara cocciniglia zebrata con mutazione cromatica brillante, robusta, attiva e facile da propagare.\",\"breadcrumb\":{\"@id\":\"https:\\\/\\\/insektenliebe.com\\\/it\\\/shop\\\/prodotto\\\/armadillidium-maculatum-champagne\\\/#breadcrumb\"},\"inLanguage\":\"it-IT\",\"potentialAction\":[{\"@type\":\"ReadAction\",\"target\":[\"https:\\\/\\\/insektenliebe.com\\\/it\\\/shop\\\/prodotto\\\/armadillidium-maculatum-champagne\\\/\"]}]},{\"@type\":\"ImageObject\",\"inLanguage\":\"it-IT\",\"@id\":\"https:\\\/\\\/insektenliebe.com\\\/it\\\/shop\\\/prodotto\\\/armadillidium-maculatum-champagne\\\/#primaryimage\",\"url\":\"https:\\\/\\\/insektenliebe.com\\\/wp-content\\\/uploads\\\/2025\\\/05\\\/Armadillidium-maculatum-_Champagne_-2.jpg\",\"contentUrl\":\"https:\\\/\\\/insektenliebe.com\\\/wp-content\\\/uploads\\\/2025\\\/05\\\/Armadillidium-maculatum-_Champagne_-2.jpg\",\"width\":820,\"height\":820,\"caption\":\"Armadillidium-maculatum-_Champagne_-2.jpg\"},{\"@type\":\"BreadcrumbList\",\"@id\":\"https:\\\/\\\/insektenliebe.com\\\/it\\\/shop\\\/prodotto\\\/armadillidium-maculatum-champagne\\\/#breadcrumb\",\"itemListElement\":[{\"@type\":\"ListItem\",\"position\":1,\"name\":\"Startseite\",\"item\":\"https:\\\/\\\/insektenliebe.com\\\/it\\\/\"},{\"@type\":\"ListItem\",\"position\":2,\"name\":\"Negozio\",\"item\":\"https:\\\/\\\/insektenliebe.com\\\/it\\\/negozio\\\/\"},{\"@type\":\"ListItem\",\"position\":3,\"name\":\"Armadillidium maculatum \\\"Champagne\"}]},{\"@type\":\"WebSite\",\"@id\":\"https:\\\/\\\/insektenliebe.com\\\/it\\\/#website\",\"url\":\"https:\\\/\\\/insektenliebe.com\\\/it\\\/\",\"name\":\"Insektenliebe\",\"description\":\"Dein Zuhause f\u00fcr die kleinen Lebewesen\",\"publisher\":{\"@id\":\"https:\\\/\\\/insektenliebe.com\\\/it\\\/#organization\"},\"potentialAction\":[{\"@type\":\"SearchAction\",\"target\":{\"@type\":\"EntryPoint\",\"urlTemplate\":\"https:\\\/\\\/insektenliebe.com\\\/it\\\/?s={search_term_string}\"},\"query-input\":{\"@type\":\"PropertyValueSpecification\",\"valueRequired\":true,\"valueName\":\"search_term_string\"}}],\"inLanguage\":\"it-IT\"},{\"@type\":\"Organization\",\"@id\":\"https:\\\/\\\/insektenliebe.com\\\/it\\\/#organization\",\"name\":\"Insektenliebe\",\"url\":\"https:\\\/\\\/insektenliebe.com\\\/it\\\/\",\"logo\":{\"@type\":\"ImageObject\",\"inLanguage\":\"it-IT\",\"@id\":\"https:\\\/\\\/insektenliebe.com\\\/it\\\/#\\\/schema\\\/logo\\\/image\\\/\",\"url\":\"https:\\\/\\\/insektenliebe.com\\\/wp-content\\\/uploads\\\/2025\\\/03\\\/logo-white.png\",\"contentUrl\":\"https:\\\/\\\/insektenliebe.com\\\/wp-content\\\/uploads\\\/2025\\\/03\\\/logo-white.png\",\"width\":288,\"height\":188,\"caption\":\"Insektenliebe\"},\"image\":{\"@id\":\"https:\\\/\\\/insektenliebe.com\\\/it\\\/#\\\/schema\\\/logo\\\/image\\\/\"}}]}<\/script>\n<!-- \/ Yoast SEO plugin. -->","yoast_head_json":{"title":"Armadillidium maculatum \"Champagne - Insektenliebe","description":"Armadillidium maculatum \"Champagne\" - rara cocciniglia zebrata con mutazione cromatica brillante, robusta, attiva e facile da propagare.","robots":{"index":"index","follow":"follow","max-snippet":"max-snippet:-1","max-image-preview":"max-image-preview:large","max-video-preview":"max-video-preview:-1"},"canonical":"https:\/\/insektenliebe.com\/it\/shop\/prodotto\/armadillidium-maculatum-champagne\/","og_locale":"it_IT","og_type":"article","og_title":"Armadillidium maculatum \"Champagne - Insektenliebe","og_description":"Armadillidium maculatum \"Champagne\" - rara cocciniglia zebrata con mutazione cromatica brillante, robusta, attiva e facile da propagare.","og_url":"https:\/\/insektenliebe.com\/it\/shop\/prodotto\/armadillidium-maculatum-champagne\/","og_site_name":"Insektenliebe","article_modified_time":"2026-03-05T09:35:50+00:00","og_image":[{"width":820,"height":820,"url":"https:\/\/insektenliebe.com\/wp-content\/uploads\/2025\/05\/Armadillidium-maculatum-_Champagne_-2.jpg","type":"image\/jpeg"}],"twitter_card":"summary_large_image","twitter_misc":{"Tempo di lettura stimato":"3 minuto"},"schema":{"@context":"https:\/\/schema.org","@graph":[{"@type":"WebPage","@id":"https:\/\/insektenliebe.com\/it\/shop\/prodotto\/armadillidium-maculatum-champagne\/","url":"https:\/\/insektenliebe.com\/it\/shop\/prodotto\/armadillidium-maculatum-champagne\/","name":"Armadillidium maculatum \"Champagne - Insektenliebe","isPartOf":{"@id":"https:\/\/insektenliebe.com\/it\/#website"},"primaryImageOfPage":{"@id":"https:\/\/insektenliebe.com\/it\/shop\/prodotto\/armadillidium-maculatum-champagne\/#primaryimage"},"image":{"@id":"https:\/\/insektenliebe.com\/it\/shop\/prodotto\/armadillidium-maculatum-champagne\/#primaryimage"},"thumbnailUrl":"https:\/\/insektenliebe.com\/wp-content\/uploads\/2025\/05\/Armadillidium-maculatum-_Champagne_-2.jpg","datePublished":"2021-06-25T08:46:00+00:00","dateModified":"2026-03-05T09:35:50+00:00","description":"Armadillidium maculatum \"Champagne\" - rara cocciniglia zebrata con mutazione cromatica brillante, robusta, attiva e facile da propagare.","breadcrumb":{"@id":"https:\/\/insektenliebe.com\/it\/shop\/prodotto\/armadillidium-maculatum-champagne\/#breadcrumb"},"inLanguage":"it-IT","potentialAction":[{"@type":"ReadAction","target":["https:\/\/insektenliebe.com\/it\/shop\/prodotto\/armadillidium-maculatum-champagne\/"]}]},{"@type":"ImageObject","inLanguage":"it-IT","@id":"https:\/\/insektenliebe.com\/it\/shop\/prodotto\/armadillidium-maculatum-champagne\/#primaryimage","url":"https:\/\/insektenliebe.com\/wp-content\/uploads\/2025\/05\/Armadillidium-maculatum-_Champagne_-2.jpg","contentUrl":"https:\/\/insektenliebe.com\/wp-content\/uploads\/2025\/05\/Armadillidium-maculatum-_Champagne_-2.jpg","width":820,"height":820,"caption":"Armadillidium-maculatum-_Champagne_-2.jpg"},{"@type":"BreadcrumbList","@id":"https:\/\/insektenliebe.com\/it\/shop\/prodotto\/armadillidium-maculatum-champagne\/#breadcrumb","itemListElement":[{"@type":"ListItem","position":1,"name":"Startseite","item":"https:\/\/insektenliebe.com\/it\/"},{"@type":"ListItem","position":2,"name":"Negozio","item":"https:\/\/insektenliebe.com\/it\/negozio\/"},{"@type":"ListItem","position":3,"name":"Armadillidium maculatum \"Champagne"}]},{"@type":"WebSite","@id":"https:\/\/insektenliebe.com\/it\/#website","url":"https:\/\/insektenliebe.com\/it\/","name":"Insektenliebe","description":"Dein Zuhause f\u00fcr die kleinen Lebewesen","publisher":{"@id":"https:\/\/insektenliebe.com\/it\/#organization"},"potentialAction":[{"@type":"SearchAction","target":{"@type":"EntryPoint","urlTemplate":"https:\/\/insektenliebe.com\/it\/?s={search_term_string}"},"query-input":{"@type":"PropertyValueSpecification","valueRequired":true,"valueName":"search_term_string"}}],"inLanguage":"it-IT"},{"@type":"Organization","@id":"https:\/\/insektenliebe.com\/it\/#organization","name":"Insektenliebe","url":"https:\/\/insektenliebe.com\/it\/","logo":{"@type":"ImageObject","inLanguage":"it-IT","@id":"https:\/\/insektenliebe.com\/it\/#\/schema\/logo\/image\/","url":"https:\/\/insektenliebe.com\/wp-content\/uploads\/2025\/03\/logo-white.png","contentUrl":"https:\/\/insektenliebe.com\/wp-content\/uploads\/2025\/03\/logo-white.png","width":288,"height":188,"caption":"Insektenliebe"},"image":{"@id":"https:\/\/insektenliebe.com\/it\/#\/schema\/logo\/image\/"}}]}},"_links":{"self":[{"href":"https:\/\/insektenliebe.com\/it\/wp-json\/wp\/v2\/product\/189706","targetHints":{"allow":["GET"]}}],"collection":[{"href":"https:\/\/insektenliebe.com\/it\/wp-json\/wp\/v2\/product"}],"about":[{"href":"https:\/\/insektenliebe.com\/it\/wp-json\/wp\/v2\/types\/product"}],"wp:featuredmedia":[{"embeddable":true,"href":"https:\/\/insektenliebe.com\/it\/wp-json\/wp\/v2\/media\/189707"}],"wp:attachment":[{"href":"https:\/\/insektenliebe.com\/it\/wp-json\/wp\/v2\/media?parent=189706"}],"wp:term":[{"taxonomy":"product-supplier","embeddable":true,"href":"https:\/\/insektenliebe.com\/it\/wp-json\/wp\/v2\/product-supplier?post=189706"},{"taxonomy":"product_brand","embeddable":true,"href":"https:\/\/insektenliebe.com\/it\/wp-json\/wp\/v2\/product_brand?post=189706"},{"taxonomy":"product_cat","embeddable":true,"href":"https:\/\/insektenliebe.com\/it\/wp-json\/wp\/v2\/product_cat?post=189706"},{"taxonomy":"product_tag","embeddable":true,"href":"https:\/\/insektenliebe.com\/it\/wp-json\/wp\/v2\/product_tag?post=189706"},{"taxonomy":"lce-checkout-addons","embeddable":true,"href":"https:\/\/insektenliebe.com\/it\/wp-json\/wp\/v2\/lce-checkout-addons?post=189706"}],"curies":[{"name":"wp","href":"https:\/\/api.w.org\/{rel}","templated":true}]}}