{"id":189685,"date":"2023-05-09T16:14:21","date_gmt":"2023-05-09T14:14:21","guid":{"rendered":"https:\/\/insektenliebe.com\/shop\/produkt\/brachypelma-boehmei\/"},"modified":"2026-04-14T07:23:19","modified_gmt":"2026-04-14T05:23:19","slug":"brachypelma-boehmei","status":"publish","type":"product","link":"https:\/\/insektenliebe.com\/it\/shop\/prodotto\/brachypelma-boehmei\/","title":{"rendered":"Brachypelma boehmei"},"content":{"rendered":"<h3 class=\"p1\"><span style=\"color: #99cc33;\"><strong><span class=\"s1\">Facile da curare, duratura e bella - Brachypelma boehmei<\/span><\/strong><\/span><\/h3>\n<p class=\"p1\"><strong><span class=\"s1\">Brachypelma boehmei<\/span><\/strong><span class=\"s2\">la tarantola messicana dalle gambe rosse \u00e8 una delle specie pi\u00f9 appariscenti del genere. Il suo carapace arancione brillante e le zampe dai colori vivaci sono in netto contrasto con l&#8217;addome nero vellutato: un vero e proprio richiamo visivo nel terrario. Questa colorazione serve come segnale di avvertimento in natura: tieni le distanze.  <\/span><\/p>\n<p class=\"p1\"><span class=\"s2\">Questa specie, originaria del Messico, vive a terra, ama scavare e pu\u00f2 essere avvistata frequentemente se tenuta in un ambiente adatto alla specie. Gli adulti possono essere avvistati regolarmente anche durante il giorno. Questo li rende particolarmente interessanti per chi ama osservarli. L&#8217;allevamento \u00e8 semplice. Un terrario con una base di almeno 30 x 30 cm offre uno spazio sufficiente. Come substrato \u00e8 adatta una miscela di humus limoso, ad esempio una miscela di humus di bosco e sabbia del deserto. \u00c8 importante che il substrato sia scavabile e che si alzi leggermente verso la parte posteriore. Mezzo tubo di sughero come nascondiglio, un po&#8217; di muschio e una ciotola d&#8217;acqua sempre piena fanno parte dell&#8217;attrezzatura di base. In questo modo si crea un microclima stabile con un&#8217;umidit\u00e0 leggermente maggiore, che si avvicina all&#8217;habitat naturale di questa specie.        <\/span><\/p>\n<p class=\"p1\"><span class=\"s2\">La <strong>Brachypelma boehmei<\/strong> ama il caldo. In estate, le temperature ideali sono di 25-30 \u00b0C, con un&#8217;umidit\u00e0 del 50-65%. In inverno, le temperature possono scendere fino a 15 \u00b0C, in linea con il ritmo di vita naturale degli animali. Durante questa fase, di solito si ritirano, ma rimangono sani e attivi finch\u00e9 hanno un luogo adatto in cui ritirarsi.   <\/span><\/p>\n<p class=\"p1\"><span class=\"s2\">Allevare i ragnetti \u00e8 facile. Richiedono le stesse condizioni degli adulti. Inizialmente sono pallidi e traslucidi, ma diventano pi\u00f9 intensamente colorati a ogni muta. La crescita \u00e8 lenta. Le femmine raggiungono la loro dimensione completa dopo 6-9 anni e possono vivere fino a 30 anni. Le dimensioni del corpo si aggirano intorno ai 6-7 cm. I maschi rimangono pi\u00f9 piccoli e non vivono altrettanto a lungo.      <\/span><\/p>\n<p class=\"p1\"><span class=\"s2\">Nonostante il suo aspetto possente, il <strong>Brachypelma boehmei<\/strong> \u00e8 noto per il suo comportamento tranquillo. \u00c8 una delle specie che raramente si libera dei suoi peli urticanti e non mostra quasi alcuna aggressivit\u00e0 se tenuta bene. La sua tecnica di caccia \u00e8 efficace e accetta il cibo in modo affidabile: l&#8217;ideale per i proprietari con poca esperienza.  <\/span><\/p>\n<p class=\"p1\"><span class=\"s2\">Se cerchi una tarantola robusta, longeva e particolarmente bella, la <strong>Brachypelma boehmei<\/strong> \u00e8 la scelta giusta. Il loro aspetto colorato, il temperamento equilibrato e la facilit\u00e0 di mantenimento ne fanno un vero e proprio classico tra gli abitanti dei terrari. <\/span><\/p>\n<p class=\"p1\"><strong>Nota sull&#8217;obbligo di rendicontazione:<\/strong><b><\/b><\/p>\n<p class=\"p1\">Questa specie di tarantola \u00e8 soggetta a registrazione obbligatoria. La legge richiede una prova di origine per questo animale. Se ordini da noi una specie soggetta a registrazione, riceverai automaticamente un link per scaricare il relativo certificato con la conferma dell&#8217;ordine. In questo modo avrai subito a portata di mano tutti i documenti necessari e potrai conservarli in formato digitale o stampato.   <\/p>\n","protected":false},"excerpt":{"rendered":"<p>Facile da curare, duratura e bella - Brachypelma boehmei Brachypelma boehmeila tarantola messicana dalle gambe rosse \u00e8 una delle specie pi\u00f9 appariscenti del genere. Il suo carapace arancione brillante e le zampe dai colori vivaci sono in netto contrasto con l&#8217;addome nero vellutato: un vero e proprio richiamo visivo nel terrario. Questa colorazione serve come [&hellip;]<\/p>\n","protected":false},"featured_media":186745,"template":"","meta":{"_acf_changed":false},"product-supplier":[],"product_brand":[],"product_cat":[2809,3004],"product_tag":[],"lce-checkout-addons":[2746],"class_list":{"0":"post-189685","1":"product","2":"type-product","3":"status-publish","4":"has-post-thumbnail","6":"product_cat-ragni","7":"product_cat-tarantole","8":"product_shipping_class-spedizione-di-animali","9":"pa_geschlecht-donna","10":"pa_geschlecht-indeterminato","11":"pa_geschlecht-uomo","12":"pa_herkunft-messico","13":"pa_kontinent-nord-america","14":"lce-checkout-addons-imballaggio-invernale","16":"first","17":"instock","18":"taxable","19":"shipping-taxable","20":"purchasable","21":"product-type-variable"},"acf":[],"yoast_head":"<!-- This site is optimized with the Yoast SEO plugin v27.3 - https:\/\/yoast.com\/product\/yoast-seo-wordpress\/ -->\n<title>Brachypelma boehmei - Insektenliebe<\/title>\n<meta name=\"description\" content=\"Acquista la Brachypelma boehmei a basso costo direttamente online! La Brachypelma boehmei \u00e8 una specie affascinante che far\u00e0 la gioia di tutti gli amanti delle tarantole.\" \/>\n<meta name=\"robots\" content=\"index, follow, max-snippet:-1, max-image-preview:large, max-video-preview:-1\" \/>\n<link rel=\"canonical\" href=\"https:\/\/insektenliebe.com\/it\/shop\/prodotto\/brachypelma-boehmei\/\" \/>\n<meta property=\"og:locale\" content=\"it_IT\" \/>\n<meta property=\"og:type\" content=\"article\" \/>\n<meta property=\"og:title\" content=\"Brachypelma boehmei - Insektenliebe\" \/>\n<meta property=\"og:description\" content=\"Acquista la Brachypelma boehmei a basso costo direttamente online! La Brachypelma boehmei \u00e8 una specie affascinante che far\u00e0 la gioia di tutti gli amanti delle tarantole.\" \/>\n<meta property=\"og:url\" content=\"https:\/\/insektenliebe.com\/it\/shop\/prodotto\/brachypelma-boehmei\/\" \/>\n<meta property=\"og:site_name\" content=\"Insektenliebe\" \/>\n<meta property=\"article:modified_time\" content=\"2026-04-14T05:23:19+00:00\" \/>\n<meta property=\"og:image\" content=\"https:\/\/insektenliebe.com\/wp-content\/uploads\/2025\/05\/Brachypelma-boehmei-2.jpg\" \/>\n\t<meta property=\"og:image:width\" content=\"820\" \/>\n\t<meta property=\"og:image:height\" content=\"820\" \/>\n\t<meta property=\"og:image:type\" content=\"image\/jpeg\" \/>\n<meta name=\"twitter:card\" content=\"summary_large_image\" \/>\n<meta name=\"twitter:label1\" content=\"Tempo di lettura stimato\" \/>\n\t<meta name=\"twitter:data1\" content=\"2 minuto\" \/>\n<script type=\"application\/ld+json\" class=\"yoast-schema-graph\">{\"@context\":\"https:\\\/\\\/schema.org\",\"@graph\":[{\"@type\":\"WebPage\",\"@id\":\"https:\\\/\\\/insektenliebe.com\\\/it\\\/shop\\\/prodotto\\\/brachypelma-boehmei\\\/\",\"url\":\"https:\\\/\\\/insektenliebe.com\\\/it\\\/shop\\\/prodotto\\\/brachypelma-boehmei\\\/\",\"name\":\"Brachypelma boehmei - Insektenliebe\",\"isPartOf\":{\"@id\":\"https:\\\/\\\/insektenliebe.com\\\/it\\\/#website\"},\"primaryImageOfPage\":{\"@id\":\"https:\\\/\\\/insektenliebe.com\\\/it\\\/shop\\\/prodotto\\\/brachypelma-boehmei\\\/#primaryimage\"},\"image\":{\"@id\":\"https:\\\/\\\/insektenliebe.com\\\/it\\\/shop\\\/prodotto\\\/brachypelma-boehmei\\\/#primaryimage\"},\"thumbnailUrl\":\"https:\\\/\\\/insektenliebe.com\\\/wp-content\\\/uploads\\\/2025\\\/05\\\/Brachypelma-boehmei-2.jpg\",\"datePublished\":\"2023-05-09T14:14:21+00:00\",\"dateModified\":\"2026-04-14T05:23:19+00:00\",\"description\":\"Acquista la Brachypelma boehmei a basso costo direttamente online! La Brachypelma boehmei \u00e8 una specie affascinante che far\u00e0 la gioia di tutti gli amanti delle tarantole.\",\"breadcrumb\":{\"@id\":\"https:\\\/\\\/insektenliebe.com\\\/it\\\/shop\\\/prodotto\\\/brachypelma-boehmei\\\/#breadcrumb\"},\"inLanguage\":\"it-IT\",\"potentialAction\":[{\"@type\":\"ReadAction\",\"target\":[\"https:\\\/\\\/insektenliebe.com\\\/it\\\/shop\\\/prodotto\\\/brachypelma-boehmei\\\/\"]}]},{\"@type\":\"ImageObject\",\"inLanguage\":\"it-IT\",\"@id\":\"https:\\\/\\\/insektenliebe.com\\\/it\\\/shop\\\/prodotto\\\/brachypelma-boehmei\\\/#primaryimage\",\"url\":\"https:\\\/\\\/insektenliebe.com\\\/wp-content\\\/uploads\\\/2025\\\/05\\\/Brachypelma-boehmei-2.jpg\",\"contentUrl\":\"https:\\\/\\\/insektenliebe.com\\\/wp-content\\\/uploads\\\/2025\\\/05\\\/Brachypelma-boehmei-2.jpg\",\"width\":820,\"height\":820,\"caption\":\"Brachypelma-boehmei-2.jpg\"},{\"@type\":\"BreadcrumbList\",\"@id\":\"https:\\\/\\\/insektenliebe.com\\\/it\\\/shop\\\/prodotto\\\/brachypelma-boehmei\\\/#breadcrumb\",\"itemListElement\":[{\"@type\":\"ListItem\",\"position\":1,\"name\":\"Startseite\",\"item\":\"https:\\\/\\\/insektenliebe.com\\\/it\\\/\"},{\"@type\":\"ListItem\",\"position\":2,\"name\":\"Negozio\",\"item\":\"https:\\\/\\\/insektenliebe.com\\\/it\\\/negozio\\\/\"},{\"@type\":\"ListItem\",\"position\":3,\"name\":\"Brachypelma boehmei\"}]},{\"@type\":\"WebSite\",\"@id\":\"https:\\\/\\\/insektenliebe.com\\\/it\\\/#website\",\"url\":\"https:\\\/\\\/insektenliebe.com\\\/it\\\/\",\"name\":\"Insektenliebe\",\"description\":\"Dein Zuhause f\u00fcr die kleinen Lebewesen\",\"publisher\":{\"@id\":\"https:\\\/\\\/insektenliebe.com\\\/it\\\/#organization\"},\"potentialAction\":[{\"@type\":\"SearchAction\",\"target\":{\"@type\":\"EntryPoint\",\"urlTemplate\":\"https:\\\/\\\/insektenliebe.com\\\/it\\\/?s={search_term_string}\"},\"query-input\":{\"@type\":\"PropertyValueSpecification\",\"valueRequired\":true,\"valueName\":\"search_term_string\"}}],\"inLanguage\":\"it-IT\"},{\"@type\":\"Organization\",\"@id\":\"https:\\\/\\\/insektenliebe.com\\\/it\\\/#organization\",\"name\":\"Insektenliebe\",\"url\":\"https:\\\/\\\/insektenliebe.com\\\/it\\\/\",\"logo\":{\"@type\":\"ImageObject\",\"inLanguage\":\"it-IT\",\"@id\":\"https:\\\/\\\/insektenliebe.com\\\/it\\\/#\\\/schema\\\/logo\\\/image\\\/\",\"url\":\"https:\\\/\\\/insektenliebe.com\\\/wp-content\\\/uploads\\\/2025\\\/03\\\/logo-white.png\",\"contentUrl\":\"https:\\\/\\\/insektenliebe.com\\\/wp-content\\\/uploads\\\/2025\\\/03\\\/logo-white.png\",\"width\":288,\"height\":188,\"caption\":\"Insektenliebe\"},\"image\":{\"@id\":\"https:\\\/\\\/insektenliebe.com\\\/it\\\/#\\\/schema\\\/logo\\\/image\\\/\"}}]}<\/script>\n<!-- \/ Yoast SEO plugin. -->","yoast_head_json":{"title":"Brachypelma boehmei - Insektenliebe","description":"Acquista la Brachypelma boehmei a basso costo direttamente online! La Brachypelma boehmei \u00e8 una specie affascinante che far\u00e0 la gioia di tutti gli amanti delle tarantole.","robots":{"index":"index","follow":"follow","max-snippet":"max-snippet:-1","max-image-preview":"max-image-preview:large","max-video-preview":"max-video-preview:-1"},"canonical":"https:\/\/insektenliebe.com\/it\/shop\/prodotto\/brachypelma-boehmei\/","og_locale":"it_IT","og_type":"article","og_title":"Brachypelma boehmei - Insektenliebe","og_description":"Acquista la Brachypelma boehmei a basso costo direttamente online! La Brachypelma boehmei \u00e8 una specie affascinante che far\u00e0 la gioia di tutti gli amanti delle tarantole.","og_url":"https:\/\/insektenliebe.com\/it\/shop\/prodotto\/brachypelma-boehmei\/","og_site_name":"Insektenliebe","article_modified_time":"2026-04-14T05:23:19+00:00","og_image":[{"width":820,"height":820,"url":"https:\/\/insektenliebe.com\/wp-content\/uploads\/2025\/05\/Brachypelma-boehmei-2.jpg","type":"image\/jpeg"}],"twitter_card":"summary_large_image","twitter_misc":{"Tempo di lettura stimato":"2 minuto"},"schema":{"@context":"https:\/\/schema.org","@graph":[{"@type":"WebPage","@id":"https:\/\/insektenliebe.com\/it\/shop\/prodotto\/brachypelma-boehmei\/","url":"https:\/\/insektenliebe.com\/it\/shop\/prodotto\/brachypelma-boehmei\/","name":"Brachypelma boehmei - Insektenliebe","isPartOf":{"@id":"https:\/\/insektenliebe.com\/it\/#website"},"primaryImageOfPage":{"@id":"https:\/\/insektenliebe.com\/it\/shop\/prodotto\/brachypelma-boehmei\/#primaryimage"},"image":{"@id":"https:\/\/insektenliebe.com\/it\/shop\/prodotto\/brachypelma-boehmei\/#primaryimage"},"thumbnailUrl":"https:\/\/insektenliebe.com\/wp-content\/uploads\/2025\/05\/Brachypelma-boehmei-2.jpg","datePublished":"2023-05-09T14:14:21+00:00","dateModified":"2026-04-14T05:23:19+00:00","description":"Acquista la Brachypelma boehmei a basso costo direttamente online! La Brachypelma boehmei \u00e8 una specie affascinante che far\u00e0 la gioia di tutti gli amanti delle tarantole.","breadcrumb":{"@id":"https:\/\/insektenliebe.com\/it\/shop\/prodotto\/brachypelma-boehmei\/#breadcrumb"},"inLanguage":"it-IT","potentialAction":[{"@type":"ReadAction","target":["https:\/\/insektenliebe.com\/it\/shop\/prodotto\/brachypelma-boehmei\/"]}]},{"@type":"ImageObject","inLanguage":"it-IT","@id":"https:\/\/insektenliebe.com\/it\/shop\/prodotto\/brachypelma-boehmei\/#primaryimage","url":"https:\/\/insektenliebe.com\/wp-content\/uploads\/2025\/05\/Brachypelma-boehmei-2.jpg","contentUrl":"https:\/\/insektenliebe.com\/wp-content\/uploads\/2025\/05\/Brachypelma-boehmei-2.jpg","width":820,"height":820,"caption":"Brachypelma-boehmei-2.jpg"},{"@type":"BreadcrumbList","@id":"https:\/\/insektenliebe.com\/it\/shop\/prodotto\/brachypelma-boehmei\/#breadcrumb","itemListElement":[{"@type":"ListItem","position":1,"name":"Startseite","item":"https:\/\/insektenliebe.com\/it\/"},{"@type":"ListItem","position":2,"name":"Negozio","item":"https:\/\/insektenliebe.com\/it\/negozio\/"},{"@type":"ListItem","position":3,"name":"Brachypelma boehmei"}]},{"@type":"WebSite","@id":"https:\/\/insektenliebe.com\/it\/#website","url":"https:\/\/insektenliebe.com\/it\/","name":"Insektenliebe","description":"Dein Zuhause f\u00fcr die kleinen Lebewesen","publisher":{"@id":"https:\/\/insektenliebe.com\/it\/#organization"},"potentialAction":[{"@type":"SearchAction","target":{"@type":"EntryPoint","urlTemplate":"https:\/\/insektenliebe.com\/it\/?s={search_term_string}"},"query-input":{"@type":"PropertyValueSpecification","valueRequired":true,"valueName":"search_term_string"}}],"inLanguage":"it-IT"},{"@type":"Organization","@id":"https:\/\/insektenliebe.com\/it\/#organization","name":"Insektenliebe","url":"https:\/\/insektenliebe.com\/it\/","logo":{"@type":"ImageObject","inLanguage":"it-IT","@id":"https:\/\/insektenliebe.com\/it\/#\/schema\/logo\/image\/","url":"https:\/\/insektenliebe.com\/wp-content\/uploads\/2025\/03\/logo-white.png","contentUrl":"https:\/\/insektenliebe.com\/wp-content\/uploads\/2025\/03\/logo-white.png","width":288,"height":188,"caption":"Insektenliebe"},"image":{"@id":"https:\/\/insektenliebe.com\/it\/#\/schema\/logo\/image\/"}}]}},"_links":{"self":[{"href":"https:\/\/insektenliebe.com\/it\/wp-json\/wp\/v2\/product\/189685","targetHints":{"allow":["GET"]}}],"collection":[{"href":"https:\/\/insektenliebe.com\/it\/wp-json\/wp\/v2\/product"}],"about":[{"href":"https:\/\/insektenliebe.com\/it\/wp-json\/wp\/v2\/types\/product"}],"wp:featuredmedia":[{"embeddable":true,"href":"https:\/\/insektenliebe.com\/it\/wp-json\/wp\/v2\/media\/186745"}],"wp:attachment":[{"href":"https:\/\/insektenliebe.com\/it\/wp-json\/wp\/v2\/media?parent=189685"}],"wp:term":[{"taxonomy":"product-supplier","embeddable":true,"href":"https:\/\/insektenliebe.com\/it\/wp-json\/wp\/v2\/product-supplier?post=189685"},{"taxonomy":"product_brand","embeddable":true,"href":"https:\/\/insektenliebe.com\/it\/wp-json\/wp\/v2\/product_brand?post=189685"},{"taxonomy":"product_cat","embeddable":true,"href":"https:\/\/insektenliebe.com\/it\/wp-json\/wp\/v2\/product_cat?post=189685"},{"taxonomy":"product_tag","embeddable":true,"href":"https:\/\/insektenliebe.com\/it\/wp-json\/wp\/v2\/product_tag?post=189685"},{"taxonomy":"lce-checkout-addons","embeddable":true,"href":"https:\/\/insektenliebe.com\/it\/wp-json\/wp\/v2\/lce-checkout-addons?post=189685"}],"curies":[{"name":"wp","href":"https:\/\/api.w.org\/{rel}","templated":true}]}}