{"id":189665,"date":"2025-12-26T17:35:26","date_gmt":"2025-12-26T16:35:26","guid":{"rendered":"https:\/\/insektenliebe.com\/shop\/produkt\/heterothele-gabonensis\/"},"modified":"2026-04-05T07:00:27","modified_gmt":"2026-04-05T05:00:27","slug":"heterothele-gabonensis","status":"publish","type":"product","link":"https:\/\/insektenliebe.com\/it\/shop\/prodotto\/heterothele-gabonensis\/","title":{"rendered":"Heterothele gabonensis"},"content":{"rendered":"<h3><span style=\"color: #99cc33;\"><strong><span class=\"s1\">Heterothele gabonensis - La mini tarantola dorata e scintillante del Gabon<\/span><\/strong><\/span><\/h3>\n<p class=\"p1\"><strong><span class=\"s1\">Heterothele gabonensis<\/span><\/strong><span class=\"s2\">  \u00e8 una delle tarantole pi\u00f9 belle dell&#8217;Africa. Il suo luccichio dorato, i raffinati disegni sul carapace e la sua natura calma e curiosa la rendono una specie davvero speciale. Sebbene sia molto pi\u00f9 piccola di molte altre specie, ha una presenza enorme e mostra un comportamento entusiasmante che puoi osservare in modo eccellente nel terrario.  <\/span><\/p>\n<p class=\"p1\"><span class=\"s2\">Questa specie \u00e8 originaria delle regioni tropicali del Gabon, dove vive in tane e piccole strutture. Anche nel terrario mostra esattamente questo comportamento. Ama costruire tubi, ma utilizza anche strutture esistenti come sughero e radici. Particolarmente interessante \u00e8 il modo in cui <strong><span class=\"s1\">Heterothele gabonensis<\/span><\/strong>   <\/span><span class=\"s2\">  La pianta \u00e8 finemente rivestita di ragnatele, creando una rete dall&#8217;aspetto naturale. In questo modo, anche un piccolo terrario diventa rapidamente un piccolo \"mini biotopo\". <\/span><\/p>\n<p class=\"p1\"><span class=\"s2\">Un terrario di almeno 20 \u00d7 20 \u00d7 20 cm \u00e8 sufficiente per un animale adulto, a patto che ci sia un substrato sufficiente. Si consigliano 8-10 cm di humus forestale in modo che il ragno si senta a suo agio nello scavare. Un tubo di sughero o un piccolo pezzo di legno di radice fornisce una struttura aggiuntiva. Il clima deve essere caldo e leggermente umido. Le temperature ideali sono 24-27 \u00b0C di giorno e 20-22 \u00b0C di notte. Puoi raggiungere facilmente un&#8217;umidit\u00e0 di circa il 70% spruzzando leggermente in un angolo. Allo stesso tempo, una buona ventilazione assicura che non si formi la muffa.      <\/span><\/p>\n<p class=\"p1\"><span class=\"s2\"><strong><span class=\"s1\">Heterothele gabonensis<\/span><\/strong> mangia in modo affidabile e ama prendere le prede direttamente dalla sua tela. Grilli, piccoli scarafaggi, grilli o mosche funzionano molto bene. Nonostante le sue piccole dimensioni, mostra molta energia quando mangia e afferra le prede con determinazione. Allo stesso tempo, il suo comportamento \u00e8 piuttosto riservato e preferisce ritirarsi nel suo tubo se si sente disturbato.   <\/span><\/p>\n<p class=\"p1\"><span class=\"s2\">Il comportamento sociale di questa specie \u00e8 particolarmente interessante.  <strong><span class=\"s1\">Heterothele gabonensis<\/span><\/strong><\/span><span class=\"s2\">  possono essere tenuti in gruppo in buone condizioni. Con pi\u00f9 animali, si crea una bellissima rete di ragnatele che utilizzano tutti insieme. Tuttavia, \u00e8 importante fornire una buona scorta di cibo, molti nascondigli e tenere sotto controllo il comportamento. Quando tutto \u00e8 a posto, questa specie mostra una coesistenza incredibilmente armoniosa che raramente si vede nelle tarantole.   <\/span><\/p>\n<p class=\"p1\"><span class=\"s2\">Chiunque sia alla ricerca di una tarantola piccola, affascinante e facile da tenere, ma con un comportamento insolito, rimarr\u00e0 soddisfatto da <strong><span class=\"s1\">Heterothele gabonensis<\/span><\/strong><\/span><span class=\"s2\">  molto felice. Combina colori bellissimi con una struttura sociale: una vera specialit\u00e0 dell&#8217;hobby. <\/span><\/p>\n","protected":false},"excerpt":{"rendered":"<p>Heterothele gabonensis - La mini tarantola dorata e scintillante del Gabon Heterothele gabonensis \u00e8 una delle tarantole pi\u00f9 belle dell&#8217;Africa. Il suo luccichio dorato, i raffinati disegni sul carapace e la sua natura calma e curiosa la rendono una specie davvero speciale. Sebbene sia molto pi\u00f9 piccola di molte altre specie, ha una presenza enorme [&hellip;]<\/p>\n","protected":false},"featured_media":189682,"template":"","meta":{"_acf_changed":false},"product-supplier":[],"product_brand":[],"product_cat":[3004],"product_tag":[],"lce-checkout-addons":[2746],"class_list":{"0":"post-189665","1":"product","2":"type-product","3":"status-publish","4":"has-post-thumbnail","6":"product_cat-tarantole","7":"product_shipping_class-spedizione-di-animali","8":"pa_geschlecht-donna","9":"pa_geschlecht-indeterminato","10":"pa_geschlecht-uomo","11":"pa_herkunft-gabon","12":"pa_kontinent-africa","13":"lce-checkout-addons-imballaggio-invernale","15":"first","16":"instock","17":"taxable","18":"shipping-taxable","19":"purchasable","20":"product-type-variable"},"acf":[],"yoast_head":"<!-- This site is optimized with the Yoast SEO plugin v27.3 - https:\/\/yoast.com\/product\/yoast-seo-wordpress\/ -->\n<title>Heterothele gabonensis - Insektenliebe<\/title>\n<meta name=\"description\" content=\"Heterothele gabonensis - piccola e scintillante tarantola dorata del Gabon. Socievole, decorativa e ideale per emozionanti osservazioni di gruppo nel terrario.\" \/>\n<meta name=\"robots\" content=\"index, follow, max-snippet:-1, max-image-preview:large, max-video-preview:-1\" \/>\n<link rel=\"canonical\" href=\"https:\/\/insektenliebe.com\/it\/shop\/prodotto\/heterothele-gabonensis\/\" \/>\n<meta property=\"og:locale\" content=\"it_IT\" \/>\n<meta property=\"og:type\" content=\"article\" \/>\n<meta property=\"og:title\" content=\"Heterothele gabonensis - Insektenliebe\" \/>\n<meta property=\"og:description\" content=\"Heterothele gabonensis - piccola e scintillante tarantola dorata del Gabon. Socievole, decorativa e ideale per emozionanti osservazioni di gruppo nel terrario.\" \/>\n<meta property=\"og:url\" content=\"https:\/\/insektenliebe.com\/it\/shop\/prodotto\/heterothele-gabonensis\/\" \/>\n<meta property=\"og:site_name\" content=\"Insektenliebe\" \/>\n<meta property=\"article:modified_time\" content=\"2026-04-05T05:00:27+00:00\" \/>\n<meta property=\"og:image\" content=\"https:\/\/insektenliebe.com\/wp-content\/uploads\/2025\/12\/Heterothele-gabonensis-Lavastein.jpg\" \/>\n\t<meta property=\"og:image:width\" content=\"820\" \/>\n\t<meta property=\"og:image:height\" content=\"820\" \/>\n\t<meta property=\"og:image:type\" content=\"image\/jpeg\" \/>\n<meta name=\"twitter:card\" content=\"summary_large_image\" \/>\n<meta name=\"twitter:label1\" content=\"Tempo di lettura stimato\" \/>\n\t<meta name=\"twitter:data1\" content=\"2 minuto\" \/>\n<script type=\"application\/ld+json\" class=\"yoast-schema-graph\">{\"@context\":\"https:\\\/\\\/schema.org\",\"@graph\":[{\"@type\":\"WebPage\",\"@id\":\"https:\\\/\\\/insektenliebe.com\\\/it\\\/shop\\\/prodotto\\\/heterothele-gabonensis\\\/\",\"url\":\"https:\\\/\\\/insektenliebe.com\\\/it\\\/shop\\\/prodotto\\\/heterothele-gabonensis\\\/\",\"name\":\"Heterothele gabonensis - Insektenliebe\",\"isPartOf\":{\"@id\":\"https:\\\/\\\/insektenliebe.com\\\/it\\\/#website\"},\"primaryImageOfPage\":{\"@id\":\"https:\\\/\\\/insektenliebe.com\\\/it\\\/shop\\\/prodotto\\\/heterothele-gabonensis\\\/#primaryimage\"},\"image\":{\"@id\":\"https:\\\/\\\/insektenliebe.com\\\/it\\\/shop\\\/prodotto\\\/heterothele-gabonensis\\\/#primaryimage\"},\"thumbnailUrl\":\"https:\\\/\\\/insektenliebe.com\\\/wp-content\\\/uploads\\\/2025\\\/12\\\/Heterothele-gabonensis-Lavastein.jpg\",\"datePublished\":\"2025-12-26T16:35:26+00:00\",\"dateModified\":\"2026-04-05T05:00:27+00:00\",\"description\":\"Heterothele gabonensis - piccola e scintillante tarantola dorata del Gabon. Socievole, decorativa e ideale per emozionanti osservazioni di gruppo nel terrario.\",\"breadcrumb\":{\"@id\":\"https:\\\/\\\/insektenliebe.com\\\/it\\\/shop\\\/prodotto\\\/heterothele-gabonensis\\\/#breadcrumb\"},\"inLanguage\":\"it-IT\",\"potentialAction\":[{\"@type\":\"ReadAction\",\"target\":[\"https:\\\/\\\/insektenliebe.com\\\/it\\\/shop\\\/prodotto\\\/heterothele-gabonensis\\\/\"]}]},{\"@type\":\"ImageObject\",\"inLanguage\":\"it-IT\",\"@id\":\"https:\\\/\\\/insektenliebe.com\\\/it\\\/shop\\\/prodotto\\\/heterothele-gabonensis\\\/#primaryimage\",\"url\":\"https:\\\/\\\/insektenliebe.com\\\/wp-content\\\/uploads\\\/2025\\\/12\\\/Heterothele-gabonensis-Lavastein.jpg\",\"contentUrl\":\"https:\\\/\\\/insektenliebe.com\\\/wp-content\\\/uploads\\\/2025\\\/12\\\/Heterothele-gabonensis-Lavastein.jpg\",\"width\":820,\"height\":820,\"caption\":\"Heterothele gabonensis- Pietra lavica\"},{\"@type\":\"BreadcrumbList\",\"@id\":\"https:\\\/\\\/insektenliebe.com\\\/it\\\/shop\\\/prodotto\\\/heterothele-gabonensis\\\/#breadcrumb\",\"itemListElement\":[{\"@type\":\"ListItem\",\"position\":1,\"name\":\"Startseite\",\"item\":\"https:\\\/\\\/insektenliebe.com\\\/it\\\/\"},{\"@type\":\"ListItem\",\"position\":2,\"name\":\"Negozio\",\"item\":\"https:\\\/\\\/insektenliebe.com\\\/it\\\/negozio\\\/\"},{\"@type\":\"ListItem\",\"position\":3,\"name\":\"Heterothele gabonensis\"}]},{\"@type\":\"WebSite\",\"@id\":\"https:\\\/\\\/insektenliebe.com\\\/it\\\/#website\",\"url\":\"https:\\\/\\\/insektenliebe.com\\\/it\\\/\",\"name\":\"Insektenliebe\",\"description\":\"Dein Zuhause f\u00fcr die kleinen Lebewesen\",\"publisher\":{\"@id\":\"https:\\\/\\\/insektenliebe.com\\\/it\\\/#organization\"},\"potentialAction\":[{\"@type\":\"SearchAction\",\"target\":{\"@type\":\"EntryPoint\",\"urlTemplate\":\"https:\\\/\\\/insektenliebe.com\\\/it\\\/?s={search_term_string}\"},\"query-input\":{\"@type\":\"PropertyValueSpecification\",\"valueRequired\":true,\"valueName\":\"search_term_string\"}}],\"inLanguage\":\"it-IT\"},{\"@type\":\"Organization\",\"@id\":\"https:\\\/\\\/insektenliebe.com\\\/it\\\/#organization\",\"name\":\"Insektenliebe\",\"url\":\"https:\\\/\\\/insektenliebe.com\\\/it\\\/\",\"logo\":{\"@type\":\"ImageObject\",\"inLanguage\":\"it-IT\",\"@id\":\"https:\\\/\\\/insektenliebe.com\\\/it\\\/#\\\/schema\\\/logo\\\/image\\\/\",\"url\":\"https:\\\/\\\/insektenliebe.com\\\/wp-content\\\/uploads\\\/2025\\\/03\\\/logo-white.png\",\"contentUrl\":\"https:\\\/\\\/insektenliebe.com\\\/wp-content\\\/uploads\\\/2025\\\/03\\\/logo-white.png\",\"width\":288,\"height\":188,\"caption\":\"Insektenliebe\"},\"image\":{\"@id\":\"https:\\\/\\\/insektenliebe.com\\\/it\\\/#\\\/schema\\\/logo\\\/image\\\/\"}}]}<\/script>\n<!-- \/ Yoast SEO plugin. -->","yoast_head_json":{"title":"Heterothele gabonensis - Insektenliebe","description":"Heterothele gabonensis - piccola e scintillante tarantola dorata del Gabon. Socievole, decorativa e ideale per emozionanti osservazioni di gruppo nel terrario.","robots":{"index":"index","follow":"follow","max-snippet":"max-snippet:-1","max-image-preview":"max-image-preview:large","max-video-preview":"max-video-preview:-1"},"canonical":"https:\/\/insektenliebe.com\/it\/shop\/prodotto\/heterothele-gabonensis\/","og_locale":"it_IT","og_type":"article","og_title":"Heterothele gabonensis - Insektenliebe","og_description":"Heterothele gabonensis - piccola e scintillante tarantola dorata del Gabon. Socievole, decorativa e ideale per emozionanti osservazioni di gruppo nel terrario.","og_url":"https:\/\/insektenliebe.com\/it\/shop\/prodotto\/heterothele-gabonensis\/","og_site_name":"Insektenliebe","article_modified_time":"2026-04-05T05:00:27+00:00","og_image":[{"width":820,"height":820,"url":"https:\/\/insektenliebe.com\/wp-content\/uploads\/2025\/12\/Heterothele-gabonensis-Lavastein.jpg","type":"image\/jpeg"}],"twitter_card":"summary_large_image","twitter_misc":{"Tempo di lettura stimato":"2 minuto"},"schema":{"@context":"https:\/\/schema.org","@graph":[{"@type":"WebPage","@id":"https:\/\/insektenliebe.com\/it\/shop\/prodotto\/heterothele-gabonensis\/","url":"https:\/\/insektenliebe.com\/it\/shop\/prodotto\/heterothele-gabonensis\/","name":"Heterothele gabonensis - Insektenliebe","isPartOf":{"@id":"https:\/\/insektenliebe.com\/it\/#website"},"primaryImageOfPage":{"@id":"https:\/\/insektenliebe.com\/it\/shop\/prodotto\/heterothele-gabonensis\/#primaryimage"},"image":{"@id":"https:\/\/insektenliebe.com\/it\/shop\/prodotto\/heterothele-gabonensis\/#primaryimage"},"thumbnailUrl":"https:\/\/insektenliebe.com\/wp-content\/uploads\/2025\/12\/Heterothele-gabonensis-Lavastein.jpg","datePublished":"2025-12-26T16:35:26+00:00","dateModified":"2026-04-05T05:00:27+00:00","description":"Heterothele gabonensis - piccola e scintillante tarantola dorata del Gabon. Socievole, decorativa e ideale per emozionanti osservazioni di gruppo nel terrario.","breadcrumb":{"@id":"https:\/\/insektenliebe.com\/it\/shop\/prodotto\/heterothele-gabonensis\/#breadcrumb"},"inLanguage":"it-IT","potentialAction":[{"@type":"ReadAction","target":["https:\/\/insektenliebe.com\/it\/shop\/prodotto\/heterothele-gabonensis\/"]}]},{"@type":"ImageObject","inLanguage":"it-IT","@id":"https:\/\/insektenliebe.com\/it\/shop\/prodotto\/heterothele-gabonensis\/#primaryimage","url":"https:\/\/insektenliebe.com\/wp-content\/uploads\/2025\/12\/Heterothele-gabonensis-Lavastein.jpg","contentUrl":"https:\/\/insektenliebe.com\/wp-content\/uploads\/2025\/12\/Heterothele-gabonensis-Lavastein.jpg","width":820,"height":820,"caption":"Heterothele gabonensis- Pietra lavica"},{"@type":"BreadcrumbList","@id":"https:\/\/insektenliebe.com\/it\/shop\/prodotto\/heterothele-gabonensis\/#breadcrumb","itemListElement":[{"@type":"ListItem","position":1,"name":"Startseite","item":"https:\/\/insektenliebe.com\/it\/"},{"@type":"ListItem","position":2,"name":"Negozio","item":"https:\/\/insektenliebe.com\/it\/negozio\/"},{"@type":"ListItem","position":3,"name":"Heterothele gabonensis"}]},{"@type":"WebSite","@id":"https:\/\/insektenliebe.com\/it\/#website","url":"https:\/\/insektenliebe.com\/it\/","name":"Insektenliebe","description":"Dein Zuhause f\u00fcr die kleinen Lebewesen","publisher":{"@id":"https:\/\/insektenliebe.com\/it\/#organization"},"potentialAction":[{"@type":"SearchAction","target":{"@type":"EntryPoint","urlTemplate":"https:\/\/insektenliebe.com\/it\/?s={search_term_string}"},"query-input":{"@type":"PropertyValueSpecification","valueRequired":true,"valueName":"search_term_string"}}],"inLanguage":"it-IT"},{"@type":"Organization","@id":"https:\/\/insektenliebe.com\/it\/#organization","name":"Insektenliebe","url":"https:\/\/insektenliebe.com\/it\/","logo":{"@type":"ImageObject","inLanguage":"it-IT","@id":"https:\/\/insektenliebe.com\/it\/#\/schema\/logo\/image\/","url":"https:\/\/insektenliebe.com\/wp-content\/uploads\/2025\/03\/logo-white.png","contentUrl":"https:\/\/insektenliebe.com\/wp-content\/uploads\/2025\/03\/logo-white.png","width":288,"height":188,"caption":"Insektenliebe"},"image":{"@id":"https:\/\/insektenliebe.com\/it\/#\/schema\/logo\/image\/"}}]}},"_links":{"self":[{"href":"https:\/\/insektenliebe.com\/it\/wp-json\/wp\/v2\/product\/189665","targetHints":{"allow":["GET"]}}],"collection":[{"href":"https:\/\/insektenliebe.com\/it\/wp-json\/wp\/v2\/product"}],"about":[{"href":"https:\/\/insektenliebe.com\/it\/wp-json\/wp\/v2\/types\/product"}],"wp:featuredmedia":[{"embeddable":true,"href":"https:\/\/insektenliebe.com\/it\/wp-json\/wp\/v2\/media\/189682"}],"wp:attachment":[{"href":"https:\/\/insektenliebe.com\/it\/wp-json\/wp\/v2\/media?parent=189665"}],"wp:term":[{"taxonomy":"product-supplier","embeddable":true,"href":"https:\/\/insektenliebe.com\/it\/wp-json\/wp\/v2\/product-supplier?post=189665"},{"taxonomy":"product_brand","embeddable":true,"href":"https:\/\/insektenliebe.com\/it\/wp-json\/wp\/v2\/product_brand?post=189665"},{"taxonomy":"product_cat","embeddable":true,"href":"https:\/\/insektenliebe.com\/it\/wp-json\/wp\/v2\/product_cat?post=189665"},{"taxonomy":"product_tag","embeddable":true,"href":"https:\/\/insektenliebe.com\/it\/wp-json\/wp\/v2\/product_tag?post=189665"},{"taxonomy":"lce-checkout-addons","embeddable":true,"href":"https:\/\/insektenliebe.com\/it\/wp-json\/wp\/v2\/lce-checkout-addons?post=189665"}],"curies":[{"name":"wp","href":"https:\/\/api.w.org\/{rel}","templated":true}]}}