{"id":189653,"date":"2024-11-08T17:00:28","date_gmt":"2024-11-08T16:00:28","guid":{"rendered":"https:\/\/insektenliebe.com\/shop\/produkt\/lo-scorpione-a-cinque-strisce\/"},"modified":"2024-11-08T17:00:28","modified_gmt":"2024-11-08T16:00:28","slug":"lo-scorpione-a-cinque-strisce","status":"publish","type":"product","link":"https:\/\/insektenliebe.com\/it\/shop\/prodotto\/lo-scorpione-a-cinque-strisce\/","title":{"rendered":"Lo scorpione a cinque strisce"},"content":{"rendered":"<h1><span id=\"hikashop_product_name_main\" class=\"hikashop_product_name_main\">Lo scorpione a cinque strisce<\/span><\/h1>\n<div id=\"hikashop_product_contact_main\" class=\"hikashop_product_contact_main\"><\/div>\n<div id=\"hikashop_product_bottom_part\" class=\"hikashop_product_bottom_part\">\n<div id=\"hikashop_product_description_main\" class=\"hikashop_product_description_main\">\n<h2>Guida all&#8217;allevamento dello scorpione a cinque strisce in un terrario<\/h2>\n<h3><em>Leiurus quinquestriatus<\/em><\/h3>\n<p>Lo scorpione a cinque strisce (noto anche come scorpione giallo mediterraneo o scorpione giallo a cinque strisce) \u00e8 uno degli scorpioni pi\u00f9 velenosi al mondo. \u00c8 quindi fondamentale ottenere informazioni complete se stai pensando di tenere questo animale da terrario. In questo volume della serie \"Specie per specie\", <strong>Alexander Tietz<\/strong> e <strong>Alexander St\u00fcrtz<\/strong> ti spiegano esattamente ci\u00f2 che devi sapere per tenere questi affascinanti animali in modo sicuro, appropriato e con successo. <\/p>\n<p><span class=\"readonlytext\">Specie per specie, i libri di questa collana ti presentano gli animali da terrario pi\u00f9 popolari. Ogni volume ti offre istruzioni pratiche e dettagliate per la cura e troverai tutte le informazioni necessarie per allevare con successo i tuoi animali. Tutte le domande pi\u00f9 importanti, dalle dimensioni della vasca all&#8217;allestimento del terrario, dall&#8217;attrezzatura tecnica all&#8217;alimentazione adeguata alla specie fino alla prevenzione delle malattie, trovano risposta con numerosi trucchi e consigli. Allevatori esperti e di lunga data ti svelano come incoraggiare gli animali a riprodursi e a crescere i piccoli in modo sano.   <\/span><\/p>\n<p>Il tutto a colori, generosamente illustrato e progettato in modo attraente per i tuoi animali da terrario, specie per specie!<\/p>\n<\/div>\n<\/div>\n<ul class=\"unstyled\">\n<li><b>Autore<\/b> Alexander Tietz &amp; Alexander St\u00fcrtz<\/li>\n<li><b>Ambito di applicazione<\/b> 64 pagine<\/li>\n<li><b>Formato<\/b> 14,8 x 21 cm<\/li>\n<li><b>Copertina morbida<\/b> <\/li>\n<li><b>Illustrazioni<\/b> numerose illustrazioni<\/li>\n<li><b>ISBN<\/b> 978-3-86659-070-0<\/li>\n<\/ul>\n","protected":false},"excerpt":{"rendered":"<p>Lo scorpione a cinque strisce Guida all&#8217;allevamento dello scorpione a cinque strisce in un terrario Leiurus quinquestriatus Lo scorpione a cinque strisce (noto anche come scorpione giallo mediterraneo o scorpione giallo a cinque strisce) \u00e8 uno degli scorpioni pi\u00f9 velenosi al mondo. \u00c8 quindi fondamentale ottenere informazioni complete se stai pensando di tenere questo animale [&hellip;]<\/p>\n","protected":false},"featured_media":189654,"template":"","meta":{"_acf_changed":false},"product-supplier":[],"product_brand":[],"product_cat":[2888],"product_tag":[],"lce-checkout-addons":[],"class_list":{"0":"post-189653","1":"product","2":"type-product","3":"status-publish","4":"has-post-thumbnail","6":"product_cat-merchandising-e-letteratura","7":"product_shipping_class-equipment-shipping","9":"first","10":"instock","11":"taxable","12":"shipping-taxable","13":"purchasable","14":"product-type-simple"},"acf":[],"yoast_head":"<!-- This site is optimized with the Yoast SEO plugin v27.3 - https:\/\/yoast.com\/product\/yoast-seo-wordpress\/ -->\n<title>Lo scorpione a cinque strisce - Insektenliebe<\/title>\n<meta name=\"description\" content=\"Lo scorpione a cinque strisce (noto anche come scorpione giallo mediterraneo o scorpione giallo a cinque strisce) \u00e8 uno degli scorpioni pi\u00f9 velenosi al mondo.\" \/>\n<meta name=\"robots\" content=\"index, follow, max-snippet:-1, max-image-preview:large, max-video-preview:-1\" \/>\n<link rel=\"canonical\" href=\"https:\/\/insektenliebe.com\/it\/shop\/prodotto\/lo-scorpione-a-cinque-strisce\/\" \/>\n<meta property=\"og:locale\" content=\"it_IT\" \/>\n<meta property=\"og:type\" content=\"article\" \/>\n<meta property=\"og:title\" content=\"Lo scorpione a cinque strisce - Insektenliebe\" \/>\n<meta property=\"og:description\" content=\"Lo scorpione a cinque strisce (noto anche come scorpione giallo mediterraneo o scorpione giallo a cinque strisce) \u00e8 uno degli scorpioni pi\u00f9 velenosi al mondo.\" \/>\n<meta property=\"og:url\" content=\"https:\/\/insektenliebe.com\/it\/shop\/prodotto\/lo-scorpione-a-cinque-strisce\/\" \/>\n<meta property=\"og:site_name\" content=\"Insektenliebe\" \/>\n<meta property=\"og:image\" content=\"https:\/\/insektenliebe.com\/wp-content\/uploads\/2025\/11\/Der-Fuenfstreifen-Skorpion.jpg\" \/>\n\t<meta property=\"og:image:width\" content=\"820\" \/>\n\t<meta property=\"og:image:height\" content=\"820\" \/>\n\t<meta property=\"og:image:type\" content=\"image\/jpeg\" \/>\n<meta name=\"twitter:card\" content=\"summary_large_image\" \/>\n<meta name=\"twitter:label1\" content=\"Tempo di lettura stimato\" \/>\n\t<meta name=\"twitter:data1\" content=\"1 minuto\" \/>\n<script type=\"application\/ld+json\" class=\"yoast-schema-graph\">{\"@context\":\"https:\\\/\\\/schema.org\",\"@graph\":[{\"@type\":\"WebPage\",\"@id\":\"https:\\\/\\\/insektenliebe.com\\\/it\\\/shop\\\/prodotto\\\/lo-scorpione-a-cinque-strisce\\\/\",\"url\":\"https:\\\/\\\/insektenliebe.com\\\/it\\\/shop\\\/prodotto\\\/lo-scorpione-a-cinque-strisce\\\/\",\"name\":\"Lo scorpione a cinque strisce - Insektenliebe\",\"isPartOf\":{\"@id\":\"https:\\\/\\\/insektenliebe.com\\\/it\\\/#website\"},\"primaryImageOfPage\":{\"@id\":\"https:\\\/\\\/insektenliebe.com\\\/it\\\/shop\\\/prodotto\\\/lo-scorpione-a-cinque-strisce\\\/#primaryimage\"},\"image\":{\"@id\":\"https:\\\/\\\/insektenliebe.com\\\/it\\\/shop\\\/prodotto\\\/lo-scorpione-a-cinque-strisce\\\/#primaryimage\"},\"thumbnailUrl\":\"https:\\\/\\\/insektenliebe.com\\\/wp-content\\\/uploads\\\/2025\\\/11\\\/Der-Fuenfstreifen-Skorpion.jpg\",\"datePublished\":\"2024-11-08T16:00:28+00:00\",\"description\":\"Lo scorpione a cinque strisce (noto anche come scorpione giallo mediterraneo o scorpione giallo a cinque strisce) \u00e8 uno degli scorpioni pi\u00f9 velenosi al mondo.\",\"breadcrumb\":{\"@id\":\"https:\\\/\\\/insektenliebe.com\\\/it\\\/shop\\\/prodotto\\\/lo-scorpione-a-cinque-strisce\\\/#breadcrumb\"},\"inLanguage\":\"it-IT\",\"potentialAction\":[{\"@type\":\"ReadAction\",\"target\":[\"https:\\\/\\\/insektenliebe.com\\\/it\\\/shop\\\/prodotto\\\/lo-scorpione-a-cinque-strisce\\\/\"]}]},{\"@type\":\"ImageObject\",\"inLanguage\":\"it-IT\",\"@id\":\"https:\\\/\\\/insektenliebe.com\\\/it\\\/shop\\\/prodotto\\\/lo-scorpione-a-cinque-strisce\\\/#primaryimage\",\"url\":\"https:\\\/\\\/insektenliebe.com\\\/wp-content\\\/uploads\\\/2025\\\/11\\\/Der-Fuenfstreifen-Skorpion.jpg\",\"contentUrl\":\"https:\\\/\\\/insektenliebe.com\\\/wp-content\\\/uploads\\\/2025\\\/11\\\/Der-Fuenfstreifen-Skorpion.jpg\",\"width\":820,\"height\":820,\"caption\":\"Lo scorpione a cinque strisce\"},{\"@type\":\"BreadcrumbList\",\"@id\":\"https:\\\/\\\/insektenliebe.com\\\/it\\\/shop\\\/prodotto\\\/lo-scorpione-a-cinque-strisce\\\/#breadcrumb\",\"itemListElement\":[{\"@type\":\"ListItem\",\"position\":1,\"name\":\"Startseite\",\"item\":\"https:\\\/\\\/insektenliebe.com\\\/it\\\/\"},{\"@type\":\"ListItem\",\"position\":2,\"name\":\"Negozio\",\"item\":\"https:\\\/\\\/insektenliebe.com\\\/it\\\/negozio\\\/\"},{\"@type\":\"ListItem\",\"position\":3,\"name\":\"Lo scorpione a cinque strisce\"}]},{\"@type\":\"WebSite\",\"@id\":\"https:\\\/\\\/insektenliebe.com\\\/it\\\/#website\",\"url\":\"https:\\\/\\\/insektenliebe.com\\\/it\\\/\",\"name\":\"Insektenliebe\",\"description\":\"Dein Zuhause f\u00fcr die kleinen Lebewesen\",\"publisher\":{\"@id\":\"https:\\\/\\\/insektenliebe.com\\\/it\\\/#organization\"},\"potentialAction\":[{\"@type\":\"SearchAction\",\"target\":{\"@type\":\"EntryPoint\",\"urlTemplate\":\"https:\\\/\\\/insektenliebe.com\\\/it\\\/?s={search_term_string}\"},\"query-input\":{\"@type\":\"PropertyValueSpecification\",\"valueRequired\":true,\"valueName\":\"search_term_string\"}}],\"inLanguage\":\"it-IT\"},{\"@type\":\"Organization\",\"@id\":\"https:\\\/\\\/insektenliebe.com\\\/it\\\/#organization\",\"name\":\"Insektenliebe\",\"url\":\"https:\\\/\\\/insektenliebe.com\\\/it\\\/\",\"logo\":{\"@type\":\"ImageObject\",\"inLanguage\":\"it-IT\",\"@id\":\"https:\\\/\\\/insektenliebe.com\\\/it\\\/#\\\/schema\\\/logo\\\/image\\\/\",\"url\":\"https:\\\/\\\/insektenliebe.com\\\/wp-content\\\/uploads\\\/2025\\\/03\\\/logo-white.png\",\"contentUrl\":\"https:\\\/\\\/insektenliebe.com\\\/wp-content\\\/uploads\\\/2025\\\/03\\\/logo-white.png\",\"width\":288,\"height\":188,\"caption\":\"Insektenliebe\"},\"image\":{\"@id\":\"https:\\\/\\\/insektenliebe.com\\\/it\\\/#\\\/schema\\\/logo\\\/image\\\/\"}}]}<\/script>\n<!-- \/ Yoast SEO plugin. -->","yoast_head_json":{"title":"Lo scorpione a cinque strisce - Insektenliebe","description":"Lo scorpione a cinque strisce (noto anche come scorpione giallo mediterraneo o scorpione giallo a cinque strisce) \u00e8 uno degli scorpioni pi\u00f9 velenosi al mondo.","robots":{"index":"index","follow":"follow","max-snippet":"max-snippet:-1","max-image-preview":"max-image-preview:large","max-video-preview":"max-video-preview:-1"},"canonical":"https:\/\/insektenliebe.com\/it\/shop\/prodotto\/lo-scorpione-a-cinque-strisce\/","og_locale":"it_IT","og_type":"article","og_title":"Lo scorpione a cinque strisce - Insektenliebe","og_description":"Lo scorpione a cinque strisce (noto anche come scorpione giallo mediterraneo o scorpione giallo a cinque strisce) \u00e8 uno degli scorpioni pi\u00f9 velenosi al mondo.","og_url":"https:\/\/insektenliebe.com\/it\/shop\/prodotto\/lo-scorpione-a-cinque-strisce\/","og_site_name":"Insektenliebe","og_image":[{"width":820,"height":820,"url":"https:\/\/insektenliebe.com\/wp-content\/uploads\/2025\/11\/Der-Fuenfstreifen-Skorpion.jpg","type":"image\/jpeg"}],"twitter_card":"summary_large_image","twitter_misc":{"Tempo di lettura stimato":"1 minuto"},"schema":{"@context":"https:\/\/schema.org","@graph":[{"@type":"WebPage","@id":"https:\/\/insektenliebe.com\/it\/shop\/prodotto\/lo-scorpione-a-cinque-strisce\/","url":"https:\/\/insektenliebe.com\/it\/shop\/prodotto\/lo-scorpione-a-cinque-strisce\/","name":"Lo scorpione a cinque strisce - Insektenliebe","isPartOf":{"@id":"https:\/\/insektenliebe.com\/it\/#website"},"primaryImageOfPage":{"@id":"https:\/\/insektenliebe.com\/it\/shop\/prodotto\/lo-scorpione-a-cinque-strisce\/#primaryimage"},"image":{"@id":"https:\/\/insektenliebe.com\/it\/shop\/prodotto\/lo-scorpione-a-cinque-strisce\/#primaryimage"},"thumbnailUrl":"https:\/\/insektenliebe.com\/wp-content\/uploads\/2025\/11\/Der-Fuenfstreifen-Skorpion.jpg","datePublished":"2024-11-08T16:00:28+00:00","description":"Lo scorpione a cinque strisce (noto anche come scorpione giallo mediterraneo o scorpione giallo a cinque strisce) \u00e8 uno degli scorpioni pi\u00f9 velenosi al mondo.","breadcrumb":{"@id":"https:\/\/insektenliebe.com\/it\/shop\/prodotto\/lo-scorpione-a-cinque-strisce\/#breadcrumb"},"inLanguage":"it-IT","potentialAction":[{"@type":"ReadAction","target":["https:\/\/insektenliebe.com\/it\/shop\/prodotto\/lo-scorpione-a-cinque-strisce\/"]}]},{"@type":"ImageObject","inLanguage":"it-IT","@id":"https:\/\/insektenliebe.com\/it\/shop\/prodotto\/lo-scorpione-a-cinque-strisce\/#primaryimage","url":"https:\/\/insektenliebe.com\/wp-content\/uploads\/2025\/11\/Der-Fuenfstreifen-Skorpion.jpg","contentUrl":"https:\/\/insektenliebe.com\/wp-content\/uploads\/2025\/11\/Der-Fuenfstreifen-Skorpion.jpg","width":820,"height":820,"caption":"Lo scorpione a cinque strisce"},{"@type":"BreadcrumbList","@id":"https:\/\/insektenliebe.com\/it\/shop\/prodotto\/lo-scorpione-a-cinque-strisce\/#breadcrumb","itemListElement":[{"@type":"ListItem","position":1,"name":"Startseite","item":"https:\/\/insektenliebe.com\/it\/"},{"@type":"ListItem","position":2,"name":"Negozio","item":"https:\/\/insektenliebe.com\/it\/negozio\/"},{"@type":"ListItem","position":3,"name":"Lo scorpione a cinque strisce"}]},{"@type":"WebSite","@id":"https:\/\/insektenliebe.com\/it\/#website","url":"https:\/\/insektenliebe.com\/it\/","name":"Insektenliebe","description":"Dein Zuhause f\u00fcr die kleinen Lebewesen","publisher":{"@id":"https:\/\/insektenliebe.com\/it\/#organization"},"potentialAction":[{"@type":"SearchAction","target":{"@type":"EntryPoint","urlTemplate":"https:\/\/insektenliebe.com\/it\/?s={search_term_string}"},"query-input":{"@type":"PropertyValueSpecification","valueRequired":true,"valueName":"search_term_string"}}],"inLanguage":"it-IT"},{"@type":"Organization","@id":"https:\/\/insektenliebe.com\/it\/#organization","name":"Insektenliebe","url":"https:\/\/insektenliebe.com\/it\/","logo":{"@type":"ImageObject","inLanguage":"it-IT","@id":"https:\/\/insektenliebe.com\/it\/#\/schema\/logo\/image\/","url":"https:\/\/insektenliebe.com\/wp-content\/uploads\/2025\/03\/logo-white.png","contentUrl":"https:\/\/insektenliebe.com\/wp-content\/uploads\/2025\/03\/logo-white.png","width":288,"height":188,"caption":"Insektenliebe"},"image":{"@id":"https:\/\/insektenliebe.com\/it\/#\/schema\/logo\/image\/"}}]}},"_links":{"self":[{"href":"https:\/\/insektenliebe.com\/it\/wp-json\/wp\/v2\/product\/189653","targetHints":{"allow":["GET"]}}],"collection":[{"href":"https:\/\/insektenliebe.com\/it\/wp-json\/wp\/v2\/product"}],"about":[{"href":"https:\/\/insektenliebe.com\/it\/wp-json\/wp\/v2\/types\/product"}],"wp:featuredmedia":[{"embeddable":true,"href":"https:\/\/insektenliebe.com\/it\/wp-json\/wp\/v2\/media\/189654"}],"wp:attachment":[{"href":"https:\/\/insektenliebe.com\/it\/wp-json\/wp\/v2\/media?parent=189653"}],"wp:term":[{"taxonomy":"product-supplier","embeddable":true,"href":"https:\/\/insektenliebe.com\/it\/wp-json\/wp\/v2\/product-supplier?post=189653"},{"taxonomy":"product_brand","embeddable":true,"href":"https:\/\/insektenliebe.com\/it\/wp-json\/wp\/v2\/product_brand?post=189653"},{"taxonomy":"product_cat","embeddable":true,"href":"https:\/\/insektenliebe.com\/it\/wp-json\/wp\/v2\/product_cat?post=189653"},{"taxonomy":"product_tag","embeddable":true,"href":"https:\/\/insektenliebe.com\/it\/wp-json\/wp\/v2\/product_tag?post=189653"},{"taxonomy":"lce-checkout-addons","embeddable":true,"href":"https:\/\/insektenliebe.com\/it\/wp-json\/wp\/v2\/lce-checkout-addons?post=189653"}],"curies":[{"name":"wp","href":"https:\/\/api.w.org\/{rel}","templated":true}]}}