{"id":189650,"date":"2025-12-27T16:25:39","date_gmt":"2025-12-27T15:25:39","guid":{"rendered":"https:\/\/insektenliebe.com\/shop\/produkt\/tappeto-riscaldante-stampato-al-carbonio-habistat\/"},"modified":"2025-12-27T16:25:39","modified_gmt":"2025-12-27T15:25:39","slug":"tappeto-riscaldante-stampato-al-carbonio-habistat","status":"publish","type":"product","link":"https:\/\/insektenliebe.com\/it\/shop\/prodotto\/tappeto-riscaldante-stampato-al-carbonio-habistat\/","title":{"rendered":"Tappeto riscaldante stampato al carbonio HabiStat"},"content":{"rendered":"<h3 class=\"p1\"><span style=\"color: #99cc33\"><strong><span class=\"s1\">Tappeto riscaldante HabiStat con stampa al carbonio - calore esattamente dove gli animali ne hanno bisogno<\/span><\/strong><\/span><\/h3>\n<p class=\"p1\"><span class=\"s1\">Il <\/span><strong><span class=\"s2\">Tappeto riscaldante stampato al carbonio HabiStat<\/span><\/strong><span class=\"s1\">  \u00e8 una delle soluzioni di riscaldamento pi\u00f9 moderne e affidabili nel settore dei terrari. \u00c8 stata sviluppata per generare un calore stabile, naturale e distribuito in modo uniforme, proprio come molti animali del terrario sanno fare nel loro habitat. La pellicola riscaldante in carbonio distribuisce il calore in modo particolarmente omogeneo, in modo che non si creino pericolosi punti caldi e che i tuoi animali possano regolare in modo sicuro la quantit\u00e0 di calore che vogliono assorbire in ogni momento.  <\/span><\/p>\n<p class=\"p1\"><span class=\"s1\">Un vantaggio decisivo di questa tecnologia \u00e8 il tipo di irradiazione del calore.  <\/span><span class=\"s2\">I tappeti riscaldanti HabiStat generano calore a infrarossi a onde ultra-lunghe, la cui lunghezza d&#8217;onda rimane invisibile all&#8217;occhio umano. Questa radiazione non riscalda l&#8217;aria, ma le superfici che colpisce, proprio come il sole naturale. <\/span><span class=\"s1\">  Questo crea un&#8217;impressione di calore estremamente piacevole e naturale, che rettili, ragni e scorpioni possono sfruttare perfettamente. Gli animali assorbono il calore direttamente attraverso il loro corpo, mentre l&#8217;aria nel terrario rimane significativamente pi\u00f9 fredda. \u00c8 proprio questo principio che li aiuta nella digestione, nell&#8217;attivit\u00e0 e nella termoregolazione.  <\/span><\/p>\n<p class=\"p1\"><span class=\"s1\">Il tappetino termico pu\u00f2 essere fissato in modo flessibile sotto o ai lati del terrario. In questo modo il substrato rimane completamente utilizzabile e l&#8217;animale pu\u00f2 decidere da solo se preferire la zona calda o un luogo pi\u00f9 fresco. Grazie al suo design piatto, il tappetino non d\u00e0 nell&#8217;occhio e si adatta perfettamente agli allestimenti in vetro, plastica e Faunabox. Allo stesso tempo, \u00e8 estremamente efficiente dal punto di vista energetico e permette di mantenere una temperatura di base costante, il che \u00e8 particolarmente vantaggioso per le specie notturne.   <\/span><\/p>\n<p class=\"p1\"><span class=\"s1\">Per la massima sicurezza, dovresti sempre far funzionare il tappetino con un termostato. Questo ti permette di controllare il calore ed evitare il surriscaldamento. Inoltre, un termometro ti aiuta a tenere sempre sotto controllo i valori. La combinazione della tecnologia al carbonio, del calore naturale a infrarossi e dell&#8217;emissione uniforme di calore crea un clima che i tuoi animali utilizzano attivamente: per digerire, riposare o riscaldarsi nelle prime ore del mattino.   <\/span><\/p>\n<p class=\"p1\"><span class=\"s1\">Il <strong><span class=\"s2\">tappetino riscaldante HabiStat Carbon Printed<\/span><\/strong><\/span><span class=\"s1\"> combina efficienza, sicurezza e naturalezza e diventer\u00e0 rapidamente un elemento indispensabile del tuo terrario.<\/span><\/p>\n","protected":false},"excerpt":{"rendered":"<p>Tappeto riscaldante HabiStat con stampa al carbonio - calore esattamente dove gli animali ne hanno bisogno Il Tappeto riscaldante stampato al carbonio HabiStat \u00e8 una delle soluzioni di riscaldamento pi\u00f9 moderne e affidabili nel settore dei terrari. \u00c8 stata sviluppata per generare un calore stabile, naturale e distribuito in modo uniforme, proprio come molti animali [&hellip;]<\/p>\n","protected":false},"featured_media":186629,"template":"","meta":{"_acf_changed":false},"product-supplier":[2685],"product_brand":[],"product_cat":[2741],"product_tag":[],"lce-checkout-addons":[],"class_list":{"0":"post-189650","1":"product","2":"type-product","3":"status-publish","4":"has-post-thumbnail","6":"product_cat-illuminazione-e-clima","7":"product_shipping_class-equipment-shipping","9":"first","10":"instock","11":"taxable","12":"shipping-taxable","13":"purchasable","14":"product-type-variable"},"acf":[],"yoast_head":"<!-- This site is optimized with the Yoast SEO plugin v27.3 - https:\/\/yoast.com\/product\/yoast-seo-wordpress\/ -->\n<title>Tappeto riscaldante stampato al carbonio HabiStat - Insektenliebe<\/title>\n<meta name=\"description\" content=\"Tappeto riscaldante HabiStat Carbon Printed - calore naturale a infrarossi come quello del sole. Sicuro, uniforme e ideale per rettili, ragni e invertebrati.\" \/>\n<meta name=\"robots\" content=\"index, follow, max-snippet:-1, max-image-preview:large, max-video-preview:-1\" \/>\n<link rel=\"canonical\" href=\"https:\/\/insektenliebe.com\/it\/shop\/prodotto\/tappeto-riscaldante-stampato-al-carbonio-habistat\/\" \/>\n<meta property=\"og:locale\" content=\"it_IT\" \/>\n<meta property=\"og:type\" content=\"article\" \/>\n<meta property=\"og:title\" content=\"Tappeto riscaldante stampato al carbonio HabiStat - Insektenliebe\" \/>\n<meta property=\"og:description\" content=\"Tappeto riscaldante HabiStat Carbon Printed - calore naturale a infrarossi come quello del sole. Sicuro, uniforme e ideale per rettili, ragni e invertebrati.\" \/>\n<meta property=\"og:url\" content=\"https:\/\/insektenliebe.com\/it\/shop\/prodotto\/tappeto-riscaldante-stampato-al-carbonio-habistat\/\" \/>\n<meta property=\"og:site_name\" content=\"Insektenliebe\" \/>\n<meta property=\"og:image\" content=\"https:\/\/insektenliebe.com\/wp-content\/uploads\/2025\/12\/Habistat-Heat-Mat-Produktbild.jpg\" \/>\n\t<meta property=\"og:image:width\" content=\"820\" \/>\n\t<meta property=\"og:image:height\" content=\"820\" \/>\n\t<meta property=\"og:image:type\" content=\"image\/jpeg\" \/>\n<meta name=\"twitter:card\" content=\"summary_large_image\" \/>\n<meta name=\"twitter:label1\" content=\"Tempo di lettura stimato\" \/>\n\t<meta name=\"twitter:data1\" content=\"2 minuto\" \/>\n<script type=\"application\/ld+json\" class=\"yoast-schema-graph\">{\"@context\":\"https:\\\/\\\/schema.org\",\"@graph\":[{\"@type\":\"WebPage\",\"@id\":\"https:\\\/\\\/insektenliebe.com\\\/it\\\/shop\\\/prodotto\\\/tappeto-riscaldante-stampato-al-carbonio-habistat\\\/\",\"url\":\"https:\\\/\\\/insektenliebe.com\\\/it\\\/shop\\\/prodotto\\\/tappeto-riscaldante-stampato-al-carbonio-habistat\\\/\",\"name\":\"Tappeto riscaldante stampato al carbonio HabiStat - Insektenliebe\",\"isPartOf\":{\"@id\":\"https:\\\/\\\/insektenliebe.com\\\/it\\\/#website\"},\"primaryImageOfPage\":{\"@id\":\"https:\\\/\\\/insektenliebe.com\\\/it\\\/shop\\\/prodotto\\\/tappeto-riscaldante-stampato-al-carbonio-habistat\\\/#primaryimage\"},\"image\":{\"@id\":\"https:\\\/\\\/insektenliebe.com\\\/it\\\/shop\\\/prodotto\\\/tappeto-riscaldante-stampato-al-carbonio-habistat\\\/#primaryimage\"},\"thumbnailUrl\":\"https:\\\/\\\/insektenliebe.com\\\/wp-content\\\/uploads\\\/2025\\\/12\\\/Habistat-Heat-Mat-Produktbild.jpg\",\"datePublished\":\"2025-12-27T15:25:39+00:00\",\"description\":\"Tappeto riscaldante HabiStat Carbon Printed - calore naturale a infrarossi come quello del sole. Sicuro, uniforme e ideale per rettili, ragni e invertebrati.\",\"breadcrumb\":{\"@id\":\"https:\\\/\\\/insektenliebe.com\\\/it\\\/shop\\\/prodotto\\\/tappeto-riscaldante-stampato-al-carbonio-habistat\\\/#breadcrumb\"},\"inLanguage\":\"it-IT\",\"potentialAction\":[{\"@type\":\"ReadAction\",\"target\":[\"https:\\\/\\\/insektenliebe.com\\\/it\\\/shop\\\/prodotto\\\/tappeto-riscaldante-stampato-al-carbonio-habistat\\\/\"]}]},{\"@type\":\"ImageObject\",\"inLanguage\":\"it-IT\",\"@id\":\"https:\\\/\\\/insektenliebe.com\\\/it\\\/shop\\\/prodotto\\\/tappeto-riscaldante-stampato-al-carbonio-habistat\\\/#primaryimage\",\"url\":\"https:\\\/\\\/insektenliebe.com\\\/wp-content\\\/uploads\\\/2025\\\/12\\\/Habistat-Heat-Mat-Produktbild.jpg\",\"contentUrl\":\"https:\\\/\\\/insektenliebe.com\\\/wp-content\\\/uploads\\\/2025\\\/12\\\/Habistat-Heat-Mat-Produktbild.jpg\",\"width\":820,\"height\":820,\"caption\":\"Tappetino termico Habistat - Immagine del prodotto\"},{\"@type\":\"BreadcrumbList\",\"@id\":\"https:\\\/\\\/insektenliebe.com\\\/it\\\/shop\\\/prodotto\\\/tappeto-riscaldante-stampato-al-carbonio-habistat\\\/#breadcrumb\",\"itemListElement\":[{\"@type\":\"ListItem\",\"position\":1,\"name\":\"Startseite\",\"item\":\"https:\\\/\\\/insektenliebe.com\\\/it\\\/\"},{\"@type\":\"ListItem\",\"position\":2,\"name\":\"Negozio\",\"item\":\"https:\\\/\\\/insektenliebe.com\\\/it\\\/negozio\\\/\"},{\"@type\":\"ListItem\",\"position\":3,\"name\":\"Tappeto riscaldante stampato al carbonio HabiStat\"}]},{\"@type\":\"WebSite\",\"@id\":\"https:\\\/\\\/insektenliebe.com\\\/it\\\/#website\",\"url\":\"https:\\\/\\\/insektenliebe.com\\\/it\\\/\",\"name\":\"Insektenliebe\",\"description\":\"Dein Zuhause f\u00fcr die kleinen Lebewesen\",\"publisher\":{\"@id\":\"https:\\\/\\\/insektenliebe.com\\\/it\\\/#organization\"},\"potentialAction\":[{\"@type\":\"SearchAction\",\"target\":{\"@type\":\"EntryPoint\",\"urlTemplate\":\"https:\\\/\\\/insektenliebe.com\\\/it\\\/?s={search_term_string}\"},\"query-input\":{\"@type\":\"PropertyValueSpecification\",\"valueRequired\":true,\"valueName\":\"search_term_string\"}}],\"inLanguage\":\"it-IT\"},{\"@type\":\"Organization\",\"@id\":\"https:\\\/\\\/insektenliebe.com\\\/it\\\/#organization\",\"name\":\"Insektenliebe\",\"url\":\"https:\\\/\\\/insektenliebe.com\\\/it\\\/\",\"logo\":{\"@type\":\"ImageObject\",\"inLanguage\":\"it-IT\",\"@id\":\"https:\\\/\\\/insektenliebe.com\\\/it\\\/#\\\/schema\\\/logo\\\/image\\\/\",\"url\":\"https:\\\/\\\/insektenliebe.com\\\/wp-content\\\/uploads\\\/2025\\\/03\\\/logo-white.png\",\"contentUrl\":\"https:\\\/\\\/insektenliebe.com\\\/wp-content\\\/uploads\\\/2025\\\/03\\\/logo-white.png\",\"width\":288,\"height\":188,\"caption\":\"Insektenliebe\"},\"image\":{\"@id\":\"https:\\\/\\\/insektenliebe.com\\\/it\\\/#\\\/schema\\\/logo\\\/image\\\/\"}}]}<\/script>\n<!-- \/ Yoast SEO plugin. -->","yoast_head_json":{"title":"Tappeto riscaldante stampato al carbonio HabiStat - Insektenliebe","description":"Tappeto riscaldante HabiStat Carbon Printed - calore naturale a infrarossi come quello del sole. Sicuro, uniforme e ideale per rettili, ragni e invertebrati.","robots":{"index":"index","follow":"follow","max-snippet":"max-snippet:-1","max-image-preview":"max-image-preview:large","max-video-preview":"max-video-preview:-1"},"canonical":"https:\/\/insektenliebe.com\/it\/shop\/prodotto\/tappeto-riscaldante-stampato-al-carbonio-habistat\/","og_locale":"it_IT","og_type":"article","og_title":"Tappeto riscaldante stampato al carbonio HabiStat - Insektenliebe","og_description":"Tappeto riscaldante HabiStat Carbon Printed - calore naturale a infrarossi come quello del sole. Sicuro, uniforme e ideale per rettili, ragni e invertebrati.","og_url":"https:\/\/insektenliebe.com\/it\/shop\/prodotto\/tappeto-riscaldante-stampato-al-carbonio-habistat\/","og_site_name":"Insektenliebe","og_image":[{"width":820,"height":820,"url":"https:\/\/insektenliebe.com\/wp-content\/uploads\/2025\/12\/Habistat-Heat-Mat-Produktbild.jpg","type":"image\/jpeg"}],"twitter_card":"summary_large_image","twitter_misc":{"Tempo di lettura stimato":"2 minuto"},"schema":{"@context":"https:\/\/schema.org","@graph":[{"@type":"WebPage","@id":"https:\/\/insektenliebe.com\/it\/shop\/prodotto\/tappeto-riscaldante-stampato-al-carbonio-habistat\/","url":"https:\/\/insektenliebe.com\/it\/shop\/prodotto\/tappeto-riscaldante-stampato-al-carbonio-habistat\/","name":"Tappeto riscaldante stampato al carbonio HabiStat - Insektenliebe","isPartOf":{"@id":"https:\/\/insektenliebe.com\/it\/#website"},"primaryImageOfPage":{"@id":"https:\/\/insektenliebe.com\/it\/shop\/prodotto\/tappeto-riscaldante-stampato-al-carbonio-habistat\/#primaryimage"},"image":{"@id":"https:\/\/insektenliebe.com\/it\/shop\/prodotto\/tappeto-riscaldante-stampato-al-carbonio-habistat\/#primaryimage"},"thumbnailUrl":"https:\/\/insektenliebe.com\/wp-content\/uploads\/2025\/12\/Habistat-Heat-Mat-Produktbild.jpg","datePublished":"2025-12-27T15:25:39+00:00","description":"Tappeto riscaldante HabiStat Carbon Printed - calore naturale a infrarossi come quello del sole. Sicuro, uniforme e ideale per rettili, ragni e invertebrati.","breadcrumb":{"@id":"https:\/\/insektenliebe.com\/it\/shop\/prodotto\/tappeto-riscaldante-stampato-al-carbonio-habistat\/#breadcrumb"},"inLanguage":"it-IT","potentialAction":[{"@type":"ReadAction","target":["https:\/\/insektenliebe.com\/it\/shop\/prodotto\/tappeto-riscaldante-stampato-al-carbonio-habistat\/"]}]},{"@type":"ImageObject","inLanguage":"it-IT","@id":"https:\/\/insektenliebe.com\/it\/shop\/prodotto\/tappeto-riscaldante-stampato-al-carbonio-habistat\/#primaryimage","url":"https:\/\/insektenliebe.com\/wp-content\/uploads\/2025\/12\/Habistat-Heat-Mat-Produktbild.jpg","contentUrl":"https:\/\/insektenliebe.com\/wp-content\/uploads\/2025\/12\/Habistat-Heat-Mat-Produktbild.jpg","width":820,"height":820,"caption":"Tappetino termico Habistat - Immagine del prodotto"},{"@type":"BreadcrumbList","@id":"https:\/\/insektenliebe.com\/it\/shop\/prodotto\/tappeto-riscaldante-stampato-al-carbonio-habistat\/#breadcrumb","itemListElement":[{"@type":"ListItem","position":1,"name":"Startseite","item":"https:\/\/insektenliebe.com\/it\/"},{"@type":"ListItem","position":2,"name":"Negozio","item":"https:\/\/insektenliebe.com\/it\/negozio\/"},{"@type":"ListItem","position":3,"name":"Tappeto riscaldante stampato al carbonio HabiStat"}]},{"@type":"WebSite","@id":"https:\/\/insektenliebe.com\/it\/#website","url":"https:\/\/insektenliebe.com\/it\/","name":"Insektenliebe","description":"Dein Zuhause f\u00fcr die kleinen Lebewesen","publisher":{"@id":"https:\/\/insektenliebe.com\/it\/#organization"},"potentialAction":[{"@type":"SearchAction","target":{"@type":"EntryPoint","urlTemplate":"https:\/\/insektenliebe.com\/it\/?s={search_term_string}"},"query-input":{"@type":"PropertyValueSpecification","valueRequired":true,"valueName":"search_term_string"}}],"inLanguage":"it-IT"},{"@type":"Organization","@id":"https:\/\/insektenliebe.com\/it\/#organization","name":"Insektenliebe","url":"https:\/\/insektenliebe.com\/it\/","logo":{"@type":"ImageObject","inLanguage":"it-IT","@id":"https:\/\/insektenliebe.com\/it\/#\/schema\/logo\/image\/","url":"https:\/\/insektenliebe.com\/wp-content\/uploads\/2025\/03\/logo-white.png","contentUrl":"https:\/\/insektenliebe.com\/wp-content\/uploads\/2025\/03\/logo-white.png","width":288,"height":188,"caption":"Insektenliebe"},"image":{"@id":"https:\/\/insektenliebe.com\/it\/#\/schema\/logo\/image\/"}}]}},"_links":{"self":[{"href":"https:\/\/insektenliebe.com\/it\/wp-json\/wp\/v2\/product\/189650","targetHints":{"allow":["GET"]}}],"collection":[{"href":"https:\/\/insektenliebe.com\/it\/wp-json\/wp\/v2\/product"}],"about":[{"href":"https:\/\/insektenliebe.com\/it\/wp-json\/wp\/v2\/types\/product"}],"wp:featuredmedia":[{"embeddable":true,"href":"https:\/\/insektenliebe.com\/it\/wp-json\/wp\/v2\/media\/186629"}],"wp:attachment":[{"href":"https:\/\/insektenliebe.com\/it\/wp-json\/wp\/v2\/media?parent=189650"}],"wp:term":[{"taxonomy":"product-supplier","embeddable":true,"href":"https:\/\/insektenliebe.com\/it\/wp-json\/wp\/v2\/product-supplier?post=189650"},{"taxonomy":"product_brand","embeddable":true,"href":"https:\/\/insektenliebe.com\/it\/wp-json\/wp\/v2\/product_brand?post=189650"},{"taxonomy":"product_cat","embeddable":true,"href":"https:\/\/insektenliebe.com\/it\/wp-json\/wp\/v2\/product_cat?post=189650"},{"taxonomy":"product_tag","embeddable":true,"href":"https:\/\/insektenliebe.com\/it\/wp-json\/wp\/v2\/product_tag?post=189650"},{"taxonomy":"lce-checkout-addons","embeddable":true,"href":"https:\/\/insektenliebe.com\/it\/wp-json\/wp\/v2\/lce-checkout-addons?post=189650"}],"curies":[{"name":"wp","href":"https:\/\/api.w.org\/{rel}","templated":true}]}}