{"id":189634,"date":"2025-12-15T20:50:42","date_gmt":"2025-12-15T19:50:42","guid":{"rendered":"https:\/\/insektenliebe.com\/shop\/produkt\/xenesthis-immanis\/"},"modified":"2026-04-05T07:00:27","modified_gmt":"2026-04-05T05:00:27","slug":"xenesthis-immanis","status":"publish","type":"product","link":"https:\/\/insektenliebe.com\/it\/shop\/prodotto\/xenesthis-immanis\/","title":{"rendered":"Xenesthis immanis"},"content":{"rendered":"<h3><span style=\"color: #99cc33;\"><strong><span class=\"s1\">Xenesthis immanis - la magnifica tarantola gigante del Sud America<\/span><\/strong><\/span><\/h3>\n<p class=\"p1\"><strong><span class=\"s1\">Xenesthis immanis<\/span><\/strong><span class=\"s2\">la tarantola gigante colombiana, \u00e8 una delle specie pi\u00f9 grandi e impressionanti in assoluto. Con una lunghezza del corpo fino a 9 cm e un&#8217;apertura delle zampe di oltre 20 cm, le sue sole dimensioni la rendono molto imponente. Il suo corpo scuro spesso brilla di viola o bronzo: un vero e proprio richiamo visivo nel terrario.  <\/span><\/p>\n<p class=\"p1\"><span class=\"s2\">Questa specie \u00e8 originaria delle foreste pluviali umide della Colombia. Qui vive a terra e scava tane profonde. Per questo motivo ha bisogno di un substrato sufficiente per le tane nel terrario. L&#8217;humus di bosco mescolato con un po&#8217; di argilla \u00e8 particolarmente adatto. Un&#8217;altezza del substrato di almeno 15 cm \u00e8 l&#8217;ideale, dato che gli piace creare dei rifugi.    <\/span><\/p>\n<p class=\"p1\"><span class=\"s2\">Il terrario deve avere una dimensione minima di <\/span><span class=\"s3\">40 \u00d7 30 cm<\/span><span class=\"s2\">  hanno. Pi\u00f9 grande \u00e8 meglio, perch\u00e9 <strong><span class=\"s1\">Xenesthis immanis<\/span><\/strong> <\/span><span class=\"s2\">  ama muoversi. Durante il giorno rimane spesso nella sua tana, ma di notte o quando \u00e8 ben arredata si fa vedere spesso. <\/span><\/p>\n<p class=\"p1\"><span class=\"s2\">Un clima tropicale \u00e8 fondamentale per il loro mantenimento. Le temperature ideali sono comprese tra i 24 e i 28 \u00b0C, mentre di notte possono scendere fino a circa 20-22 \u00b0C. L&#8217;umidit\u00e0 deve essere costante a    <\/span><span class=\"s3\">70-80 %<\/span><span class=\"s2\">  bugia. Muschio, pezzi stabili di sughero e spruzzi occasionali aiutano a regolare l&#8217;umidit\u00e0. Anche una ciotola per l&#8217;acqua fa parte dell&#8217;attrezzatura di base.  <\/span><\/p>\n<p class=\"p1\"><span class=\"s2\">Anche se <strong><span class=\"s1\">Xenesthis immanis<\/span><\/strong><\/span><span class=\"s2\">  Sebbene sembri abbastanza tranquillo, pu\u00f2 muoversi alla velocit\u00e0 della luce quando viene disturbato. Quando viene minacciato, utilizza principalmente i suoi peli urticanti per difendersi. Per questo motivo non \u00e8 adatto ai principianti: \u00e8 pi\u00f9 indicato per i proprietari con una certa esperienza.  <\/span><\/p>\n<p class=\"p1\"><span class=\"s2\">Questa specie \u00e8 molto attiva quando si nutre. Accetta senza problemi grilli, scarafaggi e cavallette. Il loro appetito \u00e8 grande e la loro reazione alle prede \u00e8 impressionante. In questi momenti gli animali appaiono particolarmente vivaci e potenti.   <\/span><\/p>\n<p class=\"p1\"><span class=\"s2\">Uno dei punti salienti \u00e8 il suo esoscheletro fluorescente: sotto la luce nera si illumina di verde, uno spettacolo affascinante. Questo comportamento si osserva meglio in una stanza buia. <\/span><\/p>\n<p class=\"p1\"><span class=\"s2\">Si consiglia di tenerli da soli, poich\u00e9 questa specie \u00e8 territoriale. Altri animali nello stesso terrario potrebbero causare stress o addirittura ferirsi. <\/span><\/p>\n<p class=\"p1\"><span class=\"s2\">Chiunque sia alla ricerca di un animale grande e imponente con un tocco di giungla amer\u00e0 <strong><span class=\"s1\">Xenesthis immanis<\/span><\/strong><\/span><span class=\"s2\">  si divertono molto. \u00c8 maestosa, potente e bellissima: un vero punto di forza per qualsiasi terrario. <\/span><\/p>\n","protected":false},"excerpt":{"rendered":"<p>Xenesthis immanis - la magnifica tarantola gigante del Sud America Xenesthis immanisla tarantola gigante colombiana, \u00e8 una delle specie pi\u00f9 grandi e impressionanti in assoluto. Con una lunghezza del corpo fino a 9 cm e un&#8217;apertura delle zampe di oltre 20 cm, le sue sole dimensioni la rendono molto imponente. Il suo corpo scuro spesso [&hellip;]<\/p>\n","protected":false},"featured_media":189635,"template":"","meta":{"_acf_changed":false},"product-supplier":[],"product_brand":[],"product_cat":[3004],"product_tag":[],"lce-checkout-addons":[2746],"class_list":{"0":"post-189634","1":"product","2":"type-product","3":"status-publish","4":"has-post-thumbnail","6":"product_cat-tarantole","7":"product_shipping_class-spedizione-di-animali","8":"pa_geschlecht-donna","9":"pa_geschlecht-indeterminato","10":"pa_geschlecht-uomo","11":"pa_herkunft-colombia","12":"pa_kontinent-sud-america","13":"lce-checkout-addons-imballaggio-invernale","15":"first","16":"instock","17":"taxable","18":"shipping-taxable","19":"purchasable","20":"product-type-variable"},"acf":[],"yoast_head":"<!-- This site is optimized with the Yoast SEO plugin v27.3 - https:\/\/yoast.com\/product\/yoast-seo-wordpress\/ -->\n<title>Xenesthis immanis - Insektenliebe<\/title>\n<meta name=\"description\" content=\"La Xenesthis immanis \u00e8 un&#039;impressionante tarantola gigante proveniente dalla Colombia, perfetta per i detentori esperti con un debole per le specie tropicali di grandi dimensioni.\" \/>\n<meta name=\"robots\" content=\"index, follow, max-snippet:-1, max-image-preview:large, max-video-preview:-1\" \/>\n<link rel=\"canonical\" href=\"https:\/\/insektenliebe.com\/it\/shop\/prodotto\/xenesthis-immanis\/\" \/>\n<meta property=\"og:locale\" content=\"it_IT\" \/>\n<meta property=\"og:type\" content=\"article\" \/>\n<meta property=\"og:title\" content=\"Xenesthis immanis - Insektenliebe\" \/>\n<meta property=\"og:description\" content=\"La Xenesthis immanis \u00e8 un&#039;impressionante tarantola gigante proveniente dalla Colombia, perfetta per i detentori esperti con un debole per le specie tropicali di grandi dimensioni.\" \/>\n<meta property=\"og:url\" content=\"https:\/\/insektenliebe.com\/it\/shop\/prodotto\/xenesthis-immanis\/\" \/>\n<meta property=\"og:site_name\" content=\"Insektenliebe\" \/>\n<meta property=\"article:modified_time\" content=\"2026-04-05T05:00:27+00:00\" \/>\n<meta property=\"og:image\" content=\"https:\/\/insektenliebe.com\/wp-content\/uploads\/2025\/12\/Xenesthis-immanis.jpg\" \/>\n\t<meta property=\"og:image:width\" content=\"820\" \/>\n\t<meta property=\"og:image:height\" content=\"820\" \/>\n\t<meta property=\"og:image:type\" content=\"image\/jpeg\" \/>\n<meta name=\"twitter:card\" content=\"summary_large_image\" \/>\n<meta name=\"twitter:label1\" content=\"Tempo di lettura stimato\" \/>\n\t<meta name=\"twitter:data1\" content=\"2 minuto\" \/>\n<script type=\"application\/ld+json\" class=\"yoast-schema-graph\">{\"@context\":\"https:\\\/\\\/schema.org\",\"@graph\":[{\"@type\":\"WebPage\",\"@id\":\"https:\\\/\\\/insektenliebe.com\\\/it\\\/shop\\\/prodotto\\\/xenesthis-immanis\\\/\",\"url\":\"https:\\\/\\\/insektenliebe.com\\\/it\\\/shop\\\/prodotto\\\/xenesthis-immanis\\\/\",\"name\":\"Xenesthis immanis - Insektenliebe\",\"isPartOf\":{\"@id\":\"https:\\\/\\\/insektenliebe.com\\\/it\\\/#website\"},\"primaryImageOfPage\":{\"@id\":\"https:\\\/\\\/insektenliebe.com\\\/it\\\/shop\\\/prodotto\\\/xenesthis-immanis\\\/#primaryimage\"},\"image\":{\"@id\":\"https:\\\/\\\/insektenliebe.com\\\/it\\\/shop\\\/prodotto\\\/xenesthis-immanis\\\/#primaryimage\"},\"thumbnailUrl\":\"https:\\\/\\\/insektenliebe.com\\\/wp-content\\\/uploads\\\/2025\\\/12\\\/Xenesthis-immanis.jpg\",\"datePublished\":\"2025-12-15T19:50:42+00:00\",\"dateModified\":\"2026-04-05T05:00:27+00:00\",\"description\":\"La Xenesthis immanis \u00e8 un'impressionante tarantola gigante proveniente dalla Colombia, perfetta per i detentori esperti con un debole per le specie tropicali di grandi dimensioni.\",\"breadcrumb\":{\"@id\":\"https:\\\/\\\/insektenliebe.com\\\/it\\\/shop\\\/prodotto\\\/xenesthis-immanis\\\/#breadcrumb\"},\"inLanguage\":\"it-IT\",\"potentialAction\":[{\"@type\":\"ReadAction\",\"target\":[\"https:\\\/\\\/insektenliebe.com\\\/it\\\/shop\\\/prodotto\\\/xenesthis-immanis\\\/\"]}]},{\"@type\":\"ImageObject\",\"inLanguage\":\"it-IT\",\"@id\":\"https:\\\/\\\/insektenliebe.com\\\/it\\\/shop\\\/prodotto\\\/xenesthis-immanis\\\/#primaryimage\",\"url\":\"https:\\\/\\\/insektenliebe.com\\\/wp-content\\\/uploads\\\/2025\\\/12\\\/Xenesthis-immanis.jpg\",\"contentUrl\":\"https:\\\/\\\/insektenliebe.com\\\/wp-content\\\/uploads\\\/2025\\\/12\\\/Xenesthis-immanis.jpg\",\"width\":820,\"height\":820,\"caption\":\"Xenesthis immanis\"},{\"@type\":\"BreadcrumbList\",\"@id\":\"https:\\\/\\\/insektenliebe.com\\\/it\\\/shop\\\/prodotto\\\/xenesthis-immanis\\\/#breadcrumb\",\"itemListElement\":[{\"@type\":\"ListItem\",\"position\":1,\"name\":\"Startseite\",\"item\":\"https:\\\/\\\/insektenliebe.com\\\/it\\\/\"},{\"@type\":\"ListItem\",\"position\":2,\"name\":\"Negozio\",\"item\":\"https:\\\/\\\/insektenliebe.com\\\/it\\\/negozio\\\/\"},{\"@type\":\"ListItem\",\"position\":3,\"name\":\"Xenesthis immanis\"}]},{\"@type\":\"WebSite\",\"@id\":\"https:\\\/\\\/insektenliebe.com\\\/it\\\/#website\",\"url\":\"https:\\\/\\\/insektenliebe.com\\\/it\\\/\",\"name\":\"Insektenliebe\",\"description\":\"Dein Zuhause f\u00fcr die kleinen Lebewesen\",\"publisher\":{\"@id\":\"https:\\\/\\\/insektenliebe.com\\\/it\\\/#organization\"},\"potentialAction\":[{\"@type\":\"SearchAction\",\"target\":{\"@type\":\"EntryPoint\",\"urlTemplate\":\"https:\\\/\\\/insektenliebe.com\\\/it\\\/?s={search_term_string}\"},\"query-input\":{\"@type\":\"PropertyValueSpecification\",\"valueRequired\":true,\"valueName\":\"search_term_string\"}}],\"inLanguage\":\"it-IT\"},{\"@type\":\"Organization\",\"@id\":\"https:\\\/\\\/insektenliebe.com\\\/it\\\/#organization\",\"name\":\"Insektenliebe\",\"url\":\"https:\\\/\\\/insektenliebe.com\\\/it\\\/\",\"logo\":{\"@type\":\"ImageObject\",\"inLanguage\":\"it-IT\",\"@id\":\"https:\\\/\\\/insektenliebe.com\\\/it\\\/#\\\/schema\\\/logo\\\/image\\\/\",\"url\":\"https:\\\/\\\/insektenliebe.com\\\/wp-content\\\/uploads\\\/2025\\\/03\\\/logo-white.png\",\"contentUrl\":\"https:\\\/\\\/insektenliebe.com\\\/wp-content\\\/uploads\\\/2025\\\/03\\\/logo-white.png\",\"width\":288,\"height\":188,\"caption\":\"Insektenliebe\"},\"image\":{\"@id\":\"https:\\\/\\\/insektenliebe.com\\\/it\\\/#\\\/schema\\\/logo\\\/image\\\/\"}}]}<\/script>\n<!-- \/ Yoast SEO plugin. -->","yoast_head_json":{"title":"Xenesthis immanis - Insektenliebe","description":"La Xenesthis immanis \u00e8 un'impressionante tarantola gigante proveniente dalla Colombia, perfetta per i detentori esperti con un debole per le specie tropicali di grandi dimensioni.","robots":{"index":"index","follow":"follow","max-snippet":"max-snippet:-1","max-image-preview":"max-image-preview:large","max-video-preview":"max-video-preview:-1"},"canonical":"https:\/\/insektenliebe.com\/it\/shop\/prodotto\/xenesthis-immanis\/","og_locale":"it_IT","og_type":"article","og_title":"Xenesthis immanis - Insektenliebe","og_description":"La Xenesthis immanis \u00e8 un'impressionante tarantola gigante proveniente dalla Colombia, perfetta per i detentori esperti con un debole per le specie tropicali di grandi dimensioni.","og_url":"https:\/\/insektenliebe.com\/it\/shop\/prodotto\/xenesthis-immanis\/","og_site_name":"Insektenliebe","article_modified_time":"2026-04-05T05:00:27+00:00","og_image":[{"width":820,"height":820,"url":"https:\/\/insektenliebe.com\/wp-content\/uploads\/2025\/12\/Xenesthis-immanis.jpg","type":"image\/jpeg"}],"twitter_card":"summary_large_image","twitter_misc":{"Tempo di lettura stimato":"2 minuto"},"schema":{"@context":"https:\/\/schema.org","@graph":[{"@type":"WebPage","@id":"https:\/\/insektenliebe.com\/it\/shop\/prodotto\/xenesthis-immanis\/","url":"https:\/\/insektenliebe.com\/it\/shop\/prodotto\/xenesthis-immanis\/","name":"Xenesthis immanis - Insektenliebe","isPartOf":{"@id":"https:\/\/insektenliebe.com\/it\/#website"},"primaryImageOfPage":{"@id":"https:\/\/insektenliebe.com\/it\/shop\/prodotto\/xenesthis-immanis\/#primaryimage"},"image":{"@id":"https:\/\/insektenliebe.com\/it\/shop\/prodotto\/xenesthis-immanis\/#primaryimage"},"thumbnailUrl":"https:\/\/insektenliebe.com\/wp-content\/uploads\/2025\/12\/Xenesthis-immanis.jpg","datePublished":"2025-12-15T19:50:42+00:00","dateModified":"2026-04-05T05:00:27+00:00","description":"La Xenesthis immanis \u00e8 un'impressionante tarantola gigante proveniente dalla Colombia, perfetta per i detentori esperti con un debole per le specie tropicali di grandi dimensioni.","breadcrumb":{"@id":"https:\/\/insektenliebe.com\/it\/shop\/prodotto\/xenesthis-immanis\/#breadcrumb"},"inLanguage":"it-IT","potentialAction":[{"@type":"ReadAction","target":["https:\/\/insektenliebe.com\/it\/shop\/prodotto\/xenesthis-immanis\/"]}]},{"@type":"ImageObject","inLanguage":"it-IT","@id":"https:\/\/insektenliebe.com\/it\/shop\/prodotto\/xenesthis-immanis\/#primaryimage","url":"https:\/\/insektenliebe.com\/wp-content\/uploads\/2025\/12\/Xenesthis-immanis.jpg","contentUrl":"https:\/\/insektenliebe.com\/wp-content\/uploads\/2025\/12\/Xenesthis-immanis.jpg","width":820,"height":820,"caption":"Xenesthis immanis"},{"@type":"BreadcrumbList","@id":"https:\/\/insektenliebe.com\/it\/shop\/prodotto\/xenesthis-immanis\/#breadcrumb","itemListElement":[{"@type":"ListItem","position":1,"name":"Startseite","item":"https:\/\/insektenliebe.com\/it\/"},{"@type":"ListItem","position":2,"name":"Negozio","item":"https:\/\/insektenliebe.com\/it\/negozio\/"},{"@type":"ListItem","position":3,"name":"Xenesthis immanis"}]},{"@type":"WebSite","@id":"https:\/\/insektenliebe.com\/it\/#website","url":"https:\/\/insektenliebe.com\/it\/","name":"Insektenliebe","description":"Dein Zuhause f\u00fcr die kleinen Lebewesen","publisher":{"@id":"https:\/\/insektenliebe.com\/it\/#organization"},"potentialAction":[{"@type":"SearchAction","target":{"@type":"EntryPoint","urlTemplate":"https:\/\/insektenliebe.com\/it\/?s={search_term_string}"},"query-input":{"@type":"PropertyValueSpecification","valueRequired":true,"valueName":"search_term_string"}}],"inLanguage":"it-IT"},{"@type":"Organization","@id":"https:\/\/insektenliebe.com\/it\/#organization","name":"Insektenliebe","url":"https:\/\/insektenliebe.com\/it\/","logo":{"@type":"ImageObject","inLanguage":"it-IT","@id":"https:\/\/insektenliebe.com\/it\/#\/schema\/logo\/image\/","url":"https:\/\/insektenliebe.com\/wp-content\/uploads\/2025\/03\/logo-white.png","contentUrl":"https:\/\/insektenliebe.com\/wp-content\/uploads\/2025\/03\/logo-white.png","width":288,"height":188,"caption":"Insektenliebe"},"image":{"@id":"https:\/\/insektenliebe.com\/it\/#\/schema\/logo\/image\/"}}]}},"_links":{"self":[{"href":"https:\/\/insektenliebe.com\/it\/wp-json\/wp\/v2\/product\/189634","targetHints":{"allow":["GET"]}}],"collection":[{"href":"https:\/\/insektenliebe.com\/it\/wp-json\/wp\/v2\/product"}],"about":[{"href":"https:\/\/insektenliebe.com\/it\/wp-json\/wp\/v2\/types\/product"}],"wp:featuredmedia":[{"embeddable":true,"href":"https:\/\/insektenliebe.com\/it\/wp-json\/wp\/v2\/media\/189635"}],"wp:attachment":[{"href":"https:\/\/insektenliebe.com\/it\/wp-json\/wp\/v2\/media?parent=189634"}],"wp:term":[{"taxonomy":"product-supplier","embeddable":true,"href":"https:\/\/insektenliebe.com\/it\/wp-json\/wp\/v2\/product-supplier?post=189634"},{"taxonomy":"product_brand","embeddable":true,"href":"https:\/\/insektenliebe.com\/it\/wp-json\/wp\/v2\/product_brand?post=189634"},{"taxonomy":"product_cat","embeddable":true,"href":"https:\/\/insektenliebe.com\/it\/wp-json\/wp\/v2\/product_cat?post=189634"},{"taxonomy":"product_tag","embeddable":true,"href":"https:\/\/insektenliebe.com\/it\/wp-json\/wp\/v2\/product_tag?post=189634"},{"taxonomy":"lce-checkout-addons","embeddable":true,"href":"https:\/\/insektenliebe.com\/it\/wp-json\/wp\/v2\/lce-checkout-addons?post=189634"}],"curies":[{"name":"wp","href":"https:\/\/api.w.org\/{rel}","templated":true}]}}