{"id":189607,"date":"2025-11-13T17:25:39","date_gmt":"2025-11-13T16:25:39","guid":{"rendered":"https:\/\/insektenliebe.com\/shop\/produkt\/repto-flat-led\/"},"modified":"2025-11-13T17:25:39","modified_gmt":"2025-11-13T16:25:39","slug":"repto-flat-led","status":"publish","type":"product","link":"https:\/\/insektenliebe.com\/it\/shop\/prodotto\/repto-flat-led\/","title":{"rendered":"Repto Flat LED"},"content":{"rendered":"<h3 class=\"p1\"><span style=\"color: #99cc33;\"><strong><span class=\"s1\">Repto Flat LED - illuminazione per terrari dal design sottile<\/span><\/strong><\/span><\/h3>\n<p class=\"p1\"><span class=\"s1\">Il <strong>Repto Flat LED<\/strong> \u00e8 la soluzione perfetta per i terrari di piccole dimensioni che necessitano di un&#8217;illuminazione elegante e a risparmio energetico. Grazie al suo design piatto, si adatta perfettamente ad allestimenti compatti o a coperture strette. Produce una luce chiara e brillante con un effetto simile alla luce del giorno, ideale per animali e piante. Grazie alla temperatura di colore neutra, tutto appare naturale e vivace. I tuoi animali beneficiano di una struttura giorno\/notte stabile e tu puoi godere di colori brillanti nel terrario.    <\/span><\/p>\n<p class=\"p1\"><span class=\"s1\">Con un consumo di soli 11 watt, la <strong>Repto Flat LED<\/strong> offre un&#8217;emissione luminosa incredibilmente potente. Allo stesso tempo, rimane fredda ed efficiente. L&#8217;installazione \u00e8 estremamente semplice: basta posizionare la lampada sulla garza o sul vetro e il gioco \u00e8 fatto. Un punto di forza \u00e8 il pratico interruttore sul cavo. Puoi regolare facilmente l&#8217;emissione luminosa. Basta premere un pulsante per passare dalla massima luminosit\u00e0 a circa il 50% dei LED. Ideale per simulare l&#8217;alba, il tramonto o il comportamento delle specie crepuscolari. In questo modo, la luce si adatta ancora meglio alle esigenze naturali dei tuoi animali e risparmi anche energia.       <\/span><\/p>\n<p class=\"p1\"><span class=\"s1\">Il <strong>Repto Flat LED<\/strong> pu\u00f2 anche essere abbinato al Terra Fix Timer di Hobby. Questo ti fornisce automaticamente un timer integrato. Non hai bisogno di dispositivi aggiuntivi, ma puoi controllare facilmente le fasi della luce. Questa combinazione garantisce processi affidabili e un microclima stabile nel terrario.   <\/span><\/p>\n<p class=\"p1\"><span class=\"s1\">Il LED \u00e8 particolarmente indicato per terrari in acrilico, cassette di riproduzione, piccoli terrari nano piantumati, ragni saltatori, mantidi o altri abitanti. La lampada non solo fornisce la luce giusta, ma crea anche un aspetto moderno e ordinato, quasi da studio di design. <\/span><\/p>\n","protected":false},"excerpt":{"rendered":"<p>Repto Flat LED - illuminazione per terrari dal design sottile Il Repto Flat LED \u00e8 la soluzione perfetta per i terrari di piccole dimensioni che necessitano di un&#8217;illuminazione elegante e a risparmio energetico. Grazie al suo design piatto, si adatta perfettamente ad allestimenti compatti o a coperture strette. Produce una luce chiara e brillante con [&hellip;]<\/p>\n","protected":false},"featured_media":189612,"template":"","meta":{"_acf_changed":false},"product-supplier":[2685],"product_brand":[],"product_cat":[2741],"product_tag":[],"lce-checkout-addons":[],"class_list":{"0":"post-189607","1":"product","2":"type-product","3":"status-publish","4":"has-post-thumbnail","6":"product_cat-illuminazione-e-clima","7":"product_shipping_class-equipment-shipping","9":"first","10":"outofstock","11":"sale","12":"taxable","13":"shipping-taxable","14":"purchasable","15":"product-type-simple"},"acf":[],"yoast_head":"<!-- This site is optimized with the Yoast SEO plugin v27.3 - https:\/\/yoast.com\/product\/yoast-seo-wordpress\/ -->\n<title>Repto Flat LED - Insektenliebe<\/title>\n<meta name=\"description\" content=\"Lampada LED piatta per terrari con connessione USB - Repto Flat LED per piccole vasche, piante e ragni. A risparmio energetico, elegante e potente.\" \/>\n<meta name=\"robots\" content=\"index, follow, max-snippet:-1, max-image-preview:large, max-video-preview:-1\" \/>\n<link rel=\"canonical\" href=\"https:\/\/insektenliebe.com\/it\/shop\/prodotto\/repto-flat-led\/\" \/>\n<meta property=\"og:locale\" content=\"it_IT\" \/>\n<meta property=\"og:type\" content=\"article\" \/>\n<meta property=\"og:title\" content=\"Repto Flat LED - Insektenliebe\" \/>\n<meta property=\"og:description\" content=\"Lampada LED piatta per terrari con connessione USB - Repto Flat LED per piccole vasche, piante e ragni. A risparmio energetico, elegante e potente.\" \/>\n<meta property=\"og:url\" content=\"https:\/\/insektenliebe.com\/it\/shop\/prodotto\/repto-flat-led\/\" \/>\n<meta property=\"og:site_name\" content=\"Insektenliebe\" \/>\n<meta property=\"og:image\" content=\"https:\/\/insektenliebe.com\/wp-content\/uploads\/2025\/11\/Repto-Flat-LED-LEDs.jpg\" \/>\n\t<meta property=\"og:image:width\" content=\"820\" \/>\n\t<meta property=\"og:image:height\" content=\"820\" \/>\n\t<meta property=\"og:image:type\" content=\"image\/jpeg\" \/>\n<meta name=\"twitter:card\" content=\"summary_large_image\" \/>\n<meta name=\"twitter:label1\" content=\"Tempo di lettura stimato\" \/>\n\t<meta name=\"twitter:data1\" content=\"1 minuto\" \/>\n<script type=\"application\/ld+json\" class=\"yoast-schema-graph\">{\"@context\":\"https:\\\/\\\/schema.org\",\"@graph\":[{\"@type\":\"WebPage\",\"@id\":\"https:\\\/\\\/insektenliebe.com\\\/it\\\/shop\\\/prodotto\\\/repto-flat-led\\\/\",\"url\":\"https:\\\/\\\/insektenliebe.com\\\/it\\\/shop\\\/prodotto\\\/repto-flat-led\\\/\",\"name\":\"Repto Flat LED - Insektenliebe\",\"isPartOf\":{\"@id\":\"https:\\\/\\\/insektenliebe.com\\\/it\\\/#website\"},\"primaryImageOfPage\":{\"@id\":\"https:\\\/\\\/insektenliebe.com\\\/it\\\/shop\\\/prodotto\\\/repto-flat-led\\\/#primaryimage\"},\"image\":{\"@id\":\"https:\\\/\\\/insektenliebe.com\\\/it\\\/shop\\\/prodotto\\\/repto-flat-led\\\/#primaryimage\"},\"thumbnailUrl\":\"https:\\\/\\\/insektenliebe.com\\\/wp-content\\\/uploads\\\/2025\\\/11\\\/Repto-Flat-LED-LEDs.jpg\",\"datePublished\":\"2025-11-13T16:25:39+00:00\",\"description\":\"Lampada LED piatta per terrari con connessione USB - Repto Flat LED per piccole vasche, piante e ragni. A risparmio energetico, elegante e potente.\",\"breadcrumb\":{\"@id\":\"https:\\\/\\\/insektenliebe.com\\\/it\\\/shop\\\/prodotto\\\/repto-flat-led\\\/#breadcrumb\"},\"inLanguage\":\"it-IT\",\"potentialAction\":[{\"@type\":\"ReadAction\",\"target\":[\"https:\\\/\\\/insektenliebe.com\\\/it\\\/shop\\\/prodotto\\\/repto-flat-led\\\/\"]}]},{\"@type\":\"ImageObject\",\"inLanguage\":\"it-IT\",\"@id\":\"https:\\\/\\\/insektenliebe.com\\\/it\\\/shop\\\/prodotto\\\/repto-flat-led\\\/#primaryimage\",\"url\":\"https:\\\/\\\/insektenliebe.com\\\/wp-content\\\/uploads\\\/2025\\\/11\\\/Repto-Flat-LED-LEDs.jpg\",\"contentUrl\":\"https:\\\/\\\/insektenliebe.com\\\/wp-content\\\/uploads\\\/2025\\\/11\\\/Repto-Flat-LED-LEDs.jpg\",\"width\":820,\"height\":820,\"caption\":\"Repto Flat LED- LED\"},{\"@type\":\"BreadcrumbList\",\"@id\":\"https:\\\/\\\/insektenliebe.com\\\/it\\\/shop\\\/prodotto\\\/repto-flat-led\\\/#breadcrumb\",\"itemListElement\":[{\"@type\":\"ListItem\",\"position\":1,\"name\":\"Startseite\",\"item\":\"https:\\\/\\\/insektenliebe.com\\\/it\\\/\"},{\"@type\":\"ListItem\",\"position\":2,\"name\":\"Negozio\",\"item\":\"https:\\\/\\\/insektenliebe.com\\\/it\\\/negozio\\\/\"},{\"@type\":\"ListItem\",\"position\":3,\"name\":\"Repto Flat LED\"}]},{\"@type\":\"WebSite\",\"@id\":\"https:\\\/\\\/insektenliebe.com\\\/it\\\/#website\",\"url\":\"https:\\\/\\\/insektenliebe.com\\\/it\\\/\",\"name\":\"Insektenliebe\",\"description\":\"Dein Zuhause f\u00fcr die kleinen Lebewesen\",\"publisher\":{\"@id\":\"https:\\\/\\\/insektenliebe.com\\\/it\\\/#organization\"},\"potentialAction\":[{\"@type\":\"SearchAction\",\"target\":{\"@type\":\"EntryPoint\",\"urlTemplate\":\"https:\\\/\\\/insektenliebe.com\\\/it\\\/?s={search_term_string}\"},\"query-input\":{\"@type\":\"PropertyValueSpecification\",\"valueRequired\":true,\"valueName\":\"search_term_string\"}}],\"inLanguage\":\"it-IT\"},{\"@type\":\"Organization\",\"@id\":\"https:\\\/\\\/insektenliebe.com\\\/it\\\/#organization\",\"name\":\"Insektenliebe\",\"url\":\"https:\\\/\\\/insektenliebe.com\\\/it\\\/\",\"logo\":{\"@type\":\"ImageObject\",\"inLanguage\":\"it-IT\",\"@id\":\"https:\\\/\\\/insektenliebe.com\\\/it\\\/#\\\/schema\\\/logo\\\/image\\\/\",\"url\":\"https:\\\/\\\/insektenliebe.com\\\/wp-content\\\/uploads\\\/2025\\\/03\\\/logo-white.png\",\"contentUrl\":\"https:\\\/\\\/insektenliebe.com\\\/wp-content\\\/uploads\\\/2025\\\/03\\\/logo-white.png\",\"width\":288,\"height\":188,\"caption\":\"Insektenliebe\"},\"image\":{\"@id\":\"https:\\\/\\\/insektenliebe.com\\\/it\\\/#\\\/schema\\\/logo\\\/image\\\/\"}}]}<\/script>\n<!-- \/ Yoast SEO plugin. -->","yoast_head_json":{"title":"Repto Flat LED - Insektenliebe","description":"Lampada LED piatta per terrari con connessione USB - Repto Flat LED per piccole vasche, piante e ragni. A risparmio energetico, elegante e potente.","robots":{"index":"index","follow":"follow","max-snippet":"max-snippet:-1","max-image-preview":"max-image-preview:large","max-video-preview":"max-video-preview:-1"},"canonical":"https:\/\/insektenliebe.com\/it\/shop\/prodotto\/repto-flat-led\/","og_locale":"it_IT","og_type":"article","og_title":"Repto Flat LED - Insektenliebe","og_description":"Lampada LED piatta per terrari con connessione USB - Repto Flat LED per piccole vasche, piante e ragni. A risparmio energetico, elegante e potente.","og_url":"https:\/\/insektenliebe.com\/it\/shop\/prodotto\/repto-flat-led\/","og_site_name":"Insektenliebe","og_image":[{"width":820,"height":820,"url":"https:\/\/insektenliebe.com\/wp-content\/uploads\/2025\/11\/Repto-Flat-LED-LEDs.jpg","type":"image\/jpeg"}],"twitter_card":"summary_large_image","twitter_misc":{"Tempo di lettura stimato":"1 minuto"},"schema":{"@context":"https:\/\/schema.org","@graph":[{"@type":"WebPage","@id":"https:\/\/insektenliebe.com\/it\/shop\/prodotto\/repto-flat-led\/","url":"https:\/\/insektenliebe.com\/it\/shop\/prodotto\/repto-flat-led\/","name":"Repto Flat LED - Insektenliebe","isPartOf":{"@id":"https:\/\/insektenliebe.com\/it\/#website"},"primaryImageOfPage":{"@id":"https:\/\/insektenliebe.com\/it\/shop\/prodotto\/repto-flat-led\/#primaryimage"},"image":{"@id":"https:\/\/insektenliebe.com\/it\/shop\/prodotto\/repto-flat-led\/#primaryimage"},"thumbnailUrl":"https:\/\/insektenliebe.com\/wp-content\/uploads\/2025\/11\/Repto-Flat-LED-LEDs.jpg","datePublished":"2025-11-13T16:25:39+00:00","description":"Lampada LED piatta per terrari con connessione USB - Repto Flat LED per piccole vasche, piante e ragni. A risparmio energetico, elegante e potente.","breadcrumb":{"@id":"https:\/\/insektenliebe.com\/it\/shop\/prodotto\/repto-flat-led\/#breadcrumb"},"inLanguage":"it-IT","potentialAction":[{"@type":"ReadAction","target":["https:\/\/insektenliebe.com\/it\/shop\/prodotto\/repto-flat-led\/"]}]},{"@type":"ImageObject","inLanguage":"it-IT","@id":"https:\/\/insektenliebe.com\/it\/shop\/prodotto\/repto-flat-led\/#primaryimage","url":"https:\/\/insektenliebe.com\/wp-content\/uploads\/2025\/11\/Repto-Flat-LED-LEDs.jpg","contentUrl":"https:\/\/insektenliebe.com\/wp-content\/uploads\/2025\/11\/Repto-Flat-LED-LEDs.jpg","width":820,"height":820,"caption":"Repto Flat LED- LED"},{"@type":"BreadcrumbList","@id":"https:\/\/insektenliebe.com\/it\/shop\/prodotto\/repto-flat-led\/#breadcrumb","itemListElement":[{"@type":"ListItem","position":1,"name":"Startseite","item":"https:\/\/insektenliebe.com\/it\/"},{"@type":"ListItem","position":2,"name":"Negozio","item":"https:\/\/insektenliebe.com\/it\/negozio\/"},{"@type":"ListItem","position":3,"name":"Repto Flat LED"}]},{"@type":"WebSite","@id":"https:\/\/insektenliebe.com\/it\/#website","url":"https:\/\/insektenliebe.com\/it\/","name":"Insektenliebe","description":"Dein Zuhause f\u00fcr die kleinen Lebewesen","publisher":{"@id":"https:\/\/insektenliebe.com\/it\/#organization"},"potentialAction":[{"@type":"SearchAction","target":{"@type":"EntryPoint","urlTemplate":"https:\/\/insektenliebe.com\/it\/?s={search_term_string}"},"query-input":{"@type":"PropertyValueSpecification","valueRequired":true,"valueName":"search_term_string"}}],"inLanguage":"it-IT"},{"@type":"Organization","@id":"https:\/\/insektenliebe.com\/it\/#organization","name":"Insektenliebe","url":"https:\/\/insektenliebe.com\/it\/","logo":{"@type":"ImageObject","inLanguage":"it-IT","@id":"https:\/\/insektenliebe.com\/it\/#\/schema\/logo\/image\/","url":"https:\/\/insektenliebe.com\/wp-content\/uploads\/2025\/03\/logo-white.png","contentUrl":"https:\/\/insektenliebe.com\/wp-content\/uploads\/2025\/03\/logo-white.png","width":288,"height":188,"caption":"Insektenliebe"},"image":{"@id":"https:\/\/insektenliebe.com\/it\/#\/schema\/logo\/image\/"}}]}},"_links":{"self":[{"href":"https:\/\/insektenliebe.com\/it\/wp-json\/wp\/v2\/product\/189607","targetHints":{"allow":["GET"]}}],"collection":[{"href":"https:\/\/insektenliebe.com\/it\/wp-json\/wp\/v2\/product"}],"about":[{"href":"https:\/\/insektenliebe.com\/it\/wp-json\/wp\/v2\/types\/product"}],"wp:featuredmedia":[{"embeddable":true,"href":"https:\/\/insektenliebe.com\/it\/wp-json\/wp\/v2\/media\/189612"}],"wp:attachment":[{"href":"https:\/\/insektenliebe.com\/it\/wp-json\/wp\/v2\/media?parent=189607"}],"wp:term":[{"taxonomy":"product-supplier","embeddable":true,"href":"https:\/\/insektenliebe.com\/it\/wp-json\/wp\/v2\/product-supplier?post=189607"},{"taxonomy":"product_brand","embeddable":true,"href":"https:\/\/insektenliebe.com\/it\/wp-json\/wp\/v2\/product_brand?post=189607"},{"taxonomy":"product_cat","embeddable":true,"href":"https:\/\/insektenliebe.com\/it\/wp-json\/wp\/v2\/product_cat?post=189607"},{"taxonomy":"product_tag","embeddable":true,"href":"https:\/\/insektenliebe.com\/it\/wp-json\/wp\/v2\/product_tag?post=189607"},{"taxonomy":"lce-checkout-addons","embeddable":true,"href":"https:\/\/insektenliebe.com\/it\/wp-json\/wp\/v2\/lce-checkout-addons?post=189607"}],"curies":[{"name":"wp","href":"https:\/\/api.w.org\/{rel}","templated":true}]}}