{"id":189603,"date":"2025-12-27T18:01:29","date_gmt":"2025-12-27T17:01:29","guid":{"rendered":"https:\/\/insektenliebe.com\/shop\/produkt\/psalmopoeus-irminia-serie-completa-mini\/"},"modified":"2025-12-27T18:01:29","modified_gmt":"2025-12-27T17:01:29","slug":"psalmopoeus-irminia-serie-completa-mini","status":"publish","type":"product","link":"https:\/\/insektenliebe.com\/it\/shop\/prodotto\/psalmopoeus-irminia-serie-completa-mini\/","title":{"rendered":"Psalmopoeus irminia serie completa MINI"},"content":{"rendered":"<h3 class=\"p1\"><span style=\"color: #99cc33;\"><strong><span class=\"s1\">Set completo pronto per l&#8217;uso di Psalmopoeus irminia MINI<\/span><\/strong><\/span><\/h3>\n<p class=\"p1\"><span class=\"s1\">Il <strong>set completo Psalmopoeus irminia MINI<\/strong> offre una soluzione completa e pronta all&#8217;uso per allevare un giovane Psalmopoeus irminia Slings. Questo set \u00e8 ideale se vuoi allevare un giovane animale attivo in modo sicuro e con il minimo stress. Il terrario misura 12x10x17 cm e offre quindi spazio sufficiente per il comportamento di una specie arboricola. Le dimensioni sono volutamente compatte in modo che il ragnetto non si perda e possa sfruttare al meglio il suo ambiente. L&#8217;acrilico trasparente permette di vedere chiaramente il ragno senza disturbare l&#8217;animale.   <\/span><\/p>\n<p class=\"p1\"><span class=\"s1\">Il vassoio in fibra di cocco offre un substrato naturale. Immagazzina bene l&#8217;umidit\u00e0, pur rimanendo sciolta. Questo crea un microclima piacevole e stabile. Il piccolo pezzo di sughero funge da rifugio. Il Psalmopoeus irminia ama utilizzare fessure strette, quindi questo elemento si adatta perfettamente alla specie. La Fittonia aggiunge un tocco di colore fresco al terrario. Rimane piccola, \u00e8 facile da curare e favorisce l&#8217;umidit\u00e0. Il colore pu\u00f2 variare, ma rimane sempre adatto all&#8217;allestimento.      <\/span><\/p>\n<p class=\"p1\"><span class=\"s1\">Abbiamo tagliato a met\u00e0 la liana vera in anticipo in modo che entrambe si adattino perfettamente al terrario. Il gocciolatoio rende il terrario impermeabile in modo affidabile. Ci\u00f2 significa che puoi spruzzare senza problemi e senza che l&#8217;acqua fuoriesca. La guarnizione abbinata impedisce agli animali da cibo di uscire. Inoltre, stabilizza l&#8217;umidit\u00e0 nel terrario, un aspetto molto importante per questa specie.    <\/span><\/p>\n<p class=\"p1\"><span class=\"s1\">Il set include anche un animale da mangiare adatto. In questo modo potrai nutrire il piccolo animale subito dopo averlo introdotto. Questa aggiunta rende il set particolarmente pratico, in quanto non \u00e8 necessario effettuare un ordine aggiuntivo. Il ragnetto incluso \u00e8 sano, attivo e pronto a trasferirsi nel suo nuovo habitat.   <\/span><\/p>\n<p class=\"p1\"><span class=\"s1\">Il set completo MINI \u00e8 adatto per circa 18 mesi. Il Psalmopoeus irminia crescer\u00e0 in modo affidabile durante questo periodo. Solo allora sar\u00e0 necessario un terrario pi\u00f9 grande. Questo set rappresenta una soluzione semplice, sicura e ben studiata per l&#8217;intera fase di sviluppo iniziale. Qui trovi tutto ci\u00f2 di cui un giovane animale ha bisogno per crescere in modo stabile e svilupparsi bene.    <\/span><\/p>\n","protected":false},"excerpt":{"rendered":"<p>Set completo pronto per l&#8217;uso di Psalmopoeus irminia MINI Il set completo Psalmopoeus irminia MINI offre una soluzione completa e pronta all&#8217;uso per allevare un giovane Psalmopoeus irminia Slings. Questo set \u00e8 ideale se vuoi allevare un giovane animale attivo in modo sicuro e con il minimo stress. Il terrario misura 12x10x17 cm e offre [&hellip;]<\/p>\n","protected":false},"featured_media":189605,"template":"","meta":{"_acf_changed":false},"product-supplier":[2686],"product_brand":[],"product_cat":[2854,3004],"product_tag":[],"lce-checkout-addons":[2746],"class_list":{"0":"post-189603","1":"product","2":"type-product","3":"status-publish","4":"has-post-thumbnail","6":"product_cat-set-completo","7":"product_cat-tarantole","8":"product_shipping_class-spedizione-di-animali","9":"lce-checkout-addons-imballaggio-invernale","11":"first","12":"instock","13":"taxable","14":"shipping-taxable","15":"purchasable","16":"product-type-bundle"},"acf":[],"yoast_head":"<!-- This site is optimized with the Yoast SEO plugin v27.3 - https:\/\/yoast.com\/product\/yoast-seo-wordpress\/ -->\n<title>Psalmopoeus irminia serie completa MINI - Insektenliebe<\/title>\n<meta name=\"description\" content=\"Set completo MINI di Psalmopoeus irminia con terrario, mobili, cibo per animali e Psalmopoeus irminia. Ideale per un allevamento di circa 18 mesi.\" \/>\n<meta name=\"robots\" content=\"index, follow, max-snippet:-1, max-image-preview:large, max-video-preview:-1\" \/>\n<link rel=\"canonical\" href=\"https:\/\/insektenliebe.com\/it\/shop\/prodotto\/psalmopoeus-irminia-serie-completa-mini\/\" \/>\n<meta property=\"og:locale\" content=\"it_IT\" \/>\n<meta property=\"og:type\" content=\"article\" \/>\n<meta property=\"og:title\" content=\"Psalmopoeus irminia serie completa MINI - Insektenliebe\" \/>\n<meta property=\"og:description\" content=\"Set completo MINI di Psalmopoeus irminia con terrario, mobili, cibo per animali e Psalmopoeus irminia. Ideale per un allevamento di circa 18 mesi.\" \/>\n<meta property=\"og:url\" content=\"https:\/\/insektenliebe.com\/it\/shop\/prodotto\/psalmopoeus-irminia-serie-completa-mini\/\" \/>\n<meta property=\"og:site_name\" content=\"Insektenliebe\" \/>\n<meta property=\"og:image\" content=\"https:\/\/insektenliebe.com\/wp-content\/uploads\/2025\/11\/Psalmopoeus-irminia-Komplettset-MINI.jpg\" \/>\n\t<meta property=\"og:image:width\" content=\"820\" \/>\n\t<meta property=\"og:image:height\" content=\"820\" \/>\n\t<meta property=\"og:image:type\" content=\"image\/jpeg\" \/>\n<meta name=\"twitter:card\" content=\"summary_large_image\" \/>\n<meta name=\"twitter:label1\" content=\"Tempo di lettura stimato\" \/>\n\t<meta name=\"twitter:data1\" content=\"2 minuto\" \/>\n<script type=\"application\/ld+json\" class=\"yoast-schema-graph\">{\"@context\":\"https:\\\/\\\/schema.org\",\"@graph\":[{\"@type\":\"WebPage\",\"@id\":\"https:\\\/\\\/insektenliebe.com\\\/it\\\/shop\\\/prodotto\\\/psalmopoeus-irminia-serie-completa-mini\\\/\",\"url\":\"https:\\\/\\\/insektenliebe.com\\\/it\\\/shop\\\/prodotto\\\/psalmopoeus-irminia-serie-completa-mini\\\/\",\"name\":\"Psalmopoeus irminia serie completa MINI - Insektenliebe\",\"isPartOf\":{\"@id\":\"https:\\\/\\\/insektenliebe.com\\\/it\\\/#website\"},\"primaryImageOfPage\":{\"@id\":\"https:\\\/\\\/insektenliebe.com\\\/it\\\/shop\\\/prodotto\\\/psalmopoeus-irminia-serie-completa-mini\\\/#primaryimage\"},\"image\":{\"@id\":\"https:\\\/\\\/insektenliebe.com\\\/it\\\/shop\\\/prodotto\\\/psalmopoeus-irminia-serie-completa-mini\\\/#primaryimage\"},\"thumbnailUrl\":\"https:\\\/\\\/insektenliebe.com\\\/wp-content\\\/uploads\\\/2025\\\/11\\\/Psalmopoeus-irminia-Komplettset-MINI.jpg\",\"datePublished\":\"2025-12-27T17:01:29+00:00\",\"description\":\"Set completo MINI di Psalmopoeus irminia con terrario, mobili, cibo per animali e Psalmopoeus irminia. Ideale per un allevamento di circa 18 mesi.\",\"breadcrumb\":{\"@id\":\"https:\\\/\\\/insektenliebe.com\\\/it\\\/shop\\\/prodotto\\\/psalmopoeus-irminia-serie-completa-mini\\\/#breadcrumb\"},\"inLanguage\":\"it-IT\",\"potentialAction\":[{\"@type\":\"ReadAction\",\"target\":[\"https:\\\/\\\/insektenliebe.com\\\/it\\\/shop\\\/prodotto\\\/psalmopoeus-irminia-serie-completa-mini\\\/\"]}]},{\"@type\":\"ImageObject\",\"inLanguage\":\"it-IT\",\"@id\":\"https:\\\/\\\/insektenliebe.com\\\/it\\\/shop\\\/prodotto\\\/psalmopoeus-irminia-serie-completa-mini\\\/#primaryimage\",\"url\":\"https:\\\/\\\/insektenliebe.com\\\/wp-content\\\/uploads\\\/2025\\\/11\\\/Psalmopoeus-irminia-Komplettset-MINI.jpg\",\"contentUrl\":\"https:\\\/\\\/insektenliebe.com\\\/wp-content\\\/uploads\\\/2025\\\/11\\\/Psalmopoeus-irminia-Komplettset-MINI.jpg\",\"width\":820,\"height\":820,\"caption\":\"Psalmopoeus irminia serie completa MINI\"},{\"@type\":\"BreadcrumbList\",\"@id\":\"https:\\\/\\\/insektenliebe.com\\\/it\\\/shop\\\/prodotto\\\/psalmopoeus-irminia-serie-completa-mini\\\/#breadcrumb\",\"itemListElement\":[{\"@type\":\"ListItem\",\"position\":1,\"name\":\"Startseite\",\"item\":\"https:\\\/\\\/insektenliebe.com\\\/it\\\/\"},{\"@type\":\"ListItem\",\"position\":2,\"name\":\"Negozio\",\"item\":\"https:\\\/\\\/insektenliebe.com\\\/it\\\/negozio\\\/\"},{\"@type\":\"ListItem\",\"position\":3,\"name\":\"Psalmopoeus irminia serie completa MINI\"}]},{\"@type\":\"WebSite\",\"@id\":\"https:\\\/\\\/insektenliebe.com\\\/it\\\/#website\",\"url\":\"https:\\\/\\\/insektenliebe.com\\\/it\\\/\",\"name\":\"Insektenliebe\",\"description\":\"Dein Zuhause f\u00fcr die kleinen Lebewesen\",\"publisher\":{\"@id\":\"https:\\\/\\\/insektenliebe.com\\\/it\\\/#organization\"},\"potentialAction\":[{\"@type\":\"SearchAction\",\"target\":{\"@type\":\"EntryPoint\",\"urlTemplate\":\"https:\\\/\\\/insektenliebe.com\\\/it\\\/?s={search_term_string}\"},\"query-input\":{\"@type\":\"PropertyValueSpecification\",\"valueRequired\":true,\"valueName\":\"search_term_string\"}}],\"inLanguage\":\"it-IT\"},{\"@type\":\"Organization\",\"@id\":\"https:\\\/\\\/insektenliebe.com\\\/it\\\/#organization\",\"name\":\"Insektenliebe\",\"url\":\"https:\\\/\\\/insektenliebe.com\\\/it\\\/\",\"logo\":{\"@type\":\"ImageObject\",\"inLanguage\":\"it-IT\",\"@id\":\"https:\\\/\\\/insektenliebe.com\\\/it\\\/#\\\/schema\\\/logo\\\/image\\\/\",\"url\":\"https:\\\/\\\/insektenliebe.com\\\/wp-content\\\/uploads\\\/2025\\\/03\\\/logo-white.png\",\"contentUrl\":\"https:\\\/\\\/insektenliebe.com\\\/wp-content\\\/uploads\\\/2025\\\/03\\\/logo-white.png\",\"width\":288,\"height\":188,\"caption\":\"Insektenliebe\"},\"image\":{\"@id\":\"https:\\\/\\\/insektenliebe.com\\\/it\\\/#\\\/schema\\\/logo\\\/image\\\/\"}}]}<\/script>\n<!-- \/ Yoast SEO plugin. -->","yoast_head_json":{"title":"Psalmopoeus irminia serie completa MINI - Insektenliebe","description":"Set completo MINI di Psalmopoeus irminia con terrario, mobili, cibo per animali e Psalmopoeus irminia. Ideale per un allevamento di circa 18 mesi.","robots":{"index":"index","follow":"follow","max-snippet":"max-snippet:-1","max-image-preview":"max-image-preview:large","max-video-preview":"max-video-preview:-1"},"canonical":"https:\/\/insektenliebe.com\/it\/shop\/prodotto\/psalmopoeus-irminia-serie-completa-mini\/","og_locale":"it_IT","og_type":"article","og_title":"Psalmopoeus irminia serie completa MINI - Insektenliebe","og_description":"Set completo MINI di Psalmopoeus irminia con terrario, mobili, cibo per animali e Psalmopoeus irminia. Ideale per un allevamento di circa 18 mesi.","og_url":"https:\/\/insektenliebe.com\/it\/shop\/prodotto\/psalmopoeus-irminia-serie-completa-mini\/","og_site_name":"Insektenliebe","og_image":[{"width":820,"height":820,"url":"https:\/\/insektenliebe.com\/wp-content\/uploads\/2025\/11\/Psalmopoeus-irminia-Komplettset-MINI.jpg","type":"image\/jpeg"}],"twitter_card":"summary_large_image","twitter_misc":{"Tempo di lettura stimato":"2 minuto"},"schema":{"@context":"https:\/\/schema.org","@graph":[{"@type":"WebPage","@id":"https:\/\/insektenliebe.com\/it\/shop\/prodotto\/psalmopoeus-irminia-serie-completa-mini\/","url":"https:\/\/insektenliebe.com\/it\/shop\/prodotto\/psalmopoeus-irminia-serie-completa-mini\/","name":"Psalmopoeus irminia serie completa MINI - Insektenliebe","isPartOf":{"@id":"https:\/\/insektenliebe.com\/it\/#website"},"primaryImageOfPage":{"@id":"https:\/\/insektenliebe.com\/it\/shop\/prodotto\/psalmopoeus-irminia-serie-completa-mini\/#primaryimage"},"image":{"@id":"https:\/\/insektenliebe.com\/it\/shop\/prodotto\/psalmopoeus-irminia-serie-completa-mini\/#primaryimage"},"thumbnailUrl":"https:\/\/insektenliebe.com\/wp-content\/uploads\/2025\/11\/Psalmopoeus-irminia-Komplettset-MINI.jpg","datePublished":"2025-12-27T17:01:29+00:00","description":"Set completo MINI di Psalmopoeus irminia con terrario, mobili, cibo per animali e Psalmopoeus irminia. Ideale per un allevamento di circa 18 mesi.","breadcrumb":{"@id":"https:\/\/insektenliebe.com\/it\/shop\/prodotto\/psalmopoeus-irminia-serie-completa-mini\/#breadcrumb"},"inLanguage":"it-IT","potentialAction":[{"@type":"ReadAction","target":["https:\/\/insektenliebe.com\/it\/shop\/prodotto\/psalmopoeus-irminia-serie-completa-mini\/"]}]},{"@type":"ImageObject","inLanguage":"it-IT","@id":"https:\/\/insektenliebe.com\/it\/shop\/prodotto\/psalmopoeus-irminia-serie-completa-mini\/#primaryimage","url":"https:\/\/insektenliebe.com\/wp-content\/uploads\/2025\/11\/Psalmopoeus-irminia-Komplettset-MINI.jpg","contentUrl":"https:\/\/insektenliebe.com\/wp-content\/uploads\/2025\/11\/Psalmopoeus-irminia-Komplettset-MINI.jpg","width":820,"height":820,"caption":"Psalmopoeus irminia serie completa MINI"},{"@type":"BreadcrumbList","@id":"https:\/\/insektenliebe.com\/it\/shop\/prodotto\/psalmopoeus-irminia-serie-completa-mini\/#breadcrumb","itemListElement":[{"@type":"ListItem","position":1,"name":"Startseite","item":"https:\/\/insektenliebe.com\/it\/"},{"@type":"ListItem","position":2,"name":"Negozio","item":"https:\/\/insektenliebe.com\/it\/negozio\/"},{"@type":"ListItem","position":3,"name":"Psalmopoeus irminia serie completa MINI"}]},{"@type":"WebSite","@id":"https:\/\/insektenliebe.com\/it\/#website","url":"https:\/\/insektenliebe.com\/it\/","name":"Insektenliebe","description":"Dein Zuhause f\u00fcr die kleinen Lebewesen","publisher":{"@id":"https:\/\/insektenliebe.com\/it\/#organization"},"potentialAction":[{"@type":"SearchAction","target":{"@type":"EntryPoint","urlTemplate":"https:\/\/insektenliebe.com\/it\/?s={search_term_string}"},"query-input":{"@type":"PropertyValueSpecification","valueRequired":true,"valueName":"search_term_string"}}],"inLanguage":"it-IT"},{"@type":"Organization","@id":"https:\/\/insektenliebe.com\/it\/#organization","name":"Insektenliebe","url":"https:\/\/insektenliebe.com\/it\/","logo":{"@type":"ImageObject","inLanguage":"it-IT","@id":"https:\/\/insektenliebe.com\/it\/#\/schema\/logo\/image\/","url":"https:\/\/insektenliebe.com\/wp-content\/uploads\/2025\/03\/logo-white.png","contentUrl":"https:\/\/insektenliebe.com\/wp-content\/uploads\/2025\/03\/logo-white.png","width":288,"height":188,"caption":"Insektenliebe"},"image":{"@id":"https:\/\/insektenliebe.com\/it\/#\/schema\/logo\/image\/"}}]}},"_links":{"self":[{"href":"https:\/\/insektenliebe.com\/it\/wp-json\/wp\/v2\/product\/189603","targetHints":{"allow":["GET"]}}],"collection":[{"href":"https:\/\/insektenliebe.com\/it\/wp-json\/wp\/v2\/product"}],"about":[{"href":"https:\/\/insektenliebe.com\/it\/wp-json\/wp\/v2\/types\/product"}],"wp:featuredmedia":[{"embeddable":true,"href":"https:\/\/insektenliebe.com\/it\/wp-json\/wp\/v2\/media\/189605"}],"wp:attachment":[{"href":"https:\/\/insektenliebe.com\/it\/wp-json\/wp\/v2\/media?parent=189603"}],"wp:term":[{"taxonomy":"product-supplier","embeddable":true,"href":"https:\/\/insektenliebe.com\/it\/wp-json\/wp\/v2\/product-supplier?post=189603"},{"taxonomy":"product_brand","embeddable":true,"href":"https:\/\/insektenliebe.com\/it\/wp-json\/wp\/v2\/product_brand?post=189603"},{"taxonomy":"product_cat","embeddable":true,"href":"https:\/\/insektenliebe.com\/it\/wp-json\/wp\/v2\/product_cat?post=189603"},{"taxonomy":"product_tag","embeddable":true,"href":"https:\/\/insektenliebe.com\/it\/wp-json\/wp\/v2\/product_tag?post=189603"},{"taxonomy":"lce-checkout-addons","embeddable":true,"href":"https:\/\/insektenliebe.com\/it\/wp-json\/wp\/v2\/lce-checkout-addons?post=189603"}],"curies":[{"name":"wp","href":"https:\/\/api.w.org\/{rel}","templated":true}]}}