{"id":189580,"date":"2025-11-23T14:31:36","date_gmt":"2025-11-23T13:31:36","guid":{"rendered":"https:\/\/insektenliebe.com\/shop\/produkt\/hadrurus-arizonensis\/"},"modified":"2025-11-23T14:31:36","modified_gmt":"2025-11-23T13:31:36","slug":"hadrurus-arizonensis","status":"publish","type":"product","link":"https:\/\/insektenliebe.com\/it\/shop\/prodotto\/hadrurus-arizonensis\/","title":{"rendered":"Hadrurus arizonensis"},"content":{"rendered":"<h3 class=\"p1\"><span style=\"color: #99cc33\"><strong><span class=\"s1\">Hadrurus arizonensis: il pi\u00f9 grande scorpione del Nord America<\/span><\/strong><\/span><\/h3>\n<p class=\"p1\">L<strong>&#8216;Hadrurus arizonensis<\/strong>, noto anche come \"scorpione peloso del deserto\", \u00e8 il pi\u00f9 grande scorpione del Nord America. Con una lunghezza fino a 15 cm e il suo esoscheletro straordinariamente peloso, \u00e8 un vero e proprio richiamo visivo nel terrario. I peli sottili non sono solo decorativi: servono come organi sensoriali altamente sensibili e lo aiutano a percepire le vibrazioni pi\u00f9 sottili del terreno. Questo lo rende il cacciatore perfetto nelle regioni aride del deserto di Sonoran.   <\/p>\n<p class=\"p1\">Ma non sono solo le sue dimensioni a rendere questo scorpione cos\u00ec affascinante. Il suo adattamento ad habitat estremi \u00e8 particolarmente impressionante. Lo si pu\u00f2 trovare in natura nei deserti dell&#8217;Arizona, della California e del Nevada. Qui riesce a sopportare bene il caldo elevato durante il giorno e le notti pi\u00f9 fresche. Il suo esoscheletro color sabbia riflette la luce del sole e allo stesso tempo lo protegge dai predatori con una mimetizzazione perfetta.    <\/p>\n<p class=\"p1\">Tipico della famiglia dei Caraboctonidi, scava tane profonde, alcune delle quali raggiungono oltre un metro di profondit\u00e0. Queste tane auto-create servono come rifugio durante il giorno. Di notte, esce per catturare le prede, preferibilmente insetti pi\u00f9 piccoli o altri invertebrati. Nonostante il suo aspetto imponente, il suo veleno \u00e8 innocuo per gli esseri umani. \u00c8 quindi adatto anche a proprietari esperti che cercano un animale sicuro ma emozionante.    <\/p>\n<p class=\"p1\">Nel terrario, l&#8217;<strong>Hadrurus arizonensis<\/strong> ha bisogno di un habitat asciutto e generosamente arredato. La vasca dovrebbe avere una dimensione minima di 30 \u00d7 30 \u00d7 30 cm. Come substrato \u00e8 adatta una miscela di sabbia e argilla che favorisca lo scavo. Sugheri, rocce laviche o mini alberi forniscono ulteriori nascondigli. Durante il giorno richiede temperature fino a 35 \u00b0C, mentre di notte sono sufficienti 22-24 \u00b0C. Anche se proviene da regioni estremamente secche, una piccola ciotola d&#8217;acqua dovrebbe essere sempre disponibile: aiuta a coprire il suo fabbisogno di liquidi.     <\/p>\n<p class=\"p1\">Un vero e proprio fiore all&#8217;occhiello: l&#8217;<strong>Hadrurus arizonensis<\/strong> si illumina di un affascinante colore blu-verde sotto la luce nera. Questo bagliore naturale rende ogni osservazione sotto la luce UV un&#8217;esperienza speciale e sottolinea la sua unicit\u00e0. <\/p>\n<p class=\"p1\">Importante: questa specie \u00e8 molto territoriale. Tenerli in gruppo di solito provoca stress o combattimenti. Ti consigliamo quindi di tenerli singolarmente per garantire loro un ambiente tranquillo e sicuro.  <\/p>\n<p class=\"p1\">L&#8217;<strong>Hadrurus arizonensis<\/strong> \u00e8 robusto, facile da curare e pieno di carattere. Chiunque sia alla ricerca di un animale insolito del deserto lo trover\u00e0 un compagno affascinante e dalla forte presenza. <b><\/b><\/p>\n","protected":false},"excerpt":{"rendered":"<p>Hadrurus arizonensis: il pi\u00f9 grande scorpione del Nord America L&#8216;Hadrurus arizonensis, noto anche come \"scorpione peloso del deserto\", \u00e8 il pi\u00f9 grande scorpione del Nord America. Con una lunghezza fino a 15 cm e il suo esoscheletro straordinariamente peloso, \u00e8 un vero e proprio richiamo visivo nel terrario. I peli sottili non sono solo decorativi: [&hellip;]<\/p>\n","protected":false},"featured_media":189594,"template":"","meta":{"_acf_changed":false},"product-supplier":[],"product_brand":[],"product_cat":[3116],"product_tag":[],"lce-checkout-addons":[2746],"class_list":{"0":"post-189580","1":"product","2":"type-product","3":"status-publish","4":"has-post-thumbnail","6":"product_cat-scorpioni","7":"product_shipping_class-spedizione-di-animali","8":"pa_geschlecht-donna","9":"pa_geschlecht-indeterminato","10":"pa_geschlecht-uomo","11":"pa_herkunft-usa","12":"pa_kontinent-nord-america","13":"lce-checkout-addons-imballaggio-invernale","15":"first","16":"instock","17":"taxable","18":"shipping-taxable","19":"purchasable","20":"product-type-variable"},"acf":[],"yoast_head":"<!-- This site is optimized with the Yoast SEO plugin v27.3 - https:\/\/yoast.com\/product\/yoast-seo-wordpress\/ -->\n<title>Hadrurus arizonensis - Insektenliebe<\/title>\n<meta name=\"description\" content=\"Hadrurus arizonensis - un impressionante scorpione del deserto da allevare individualmente. Acquista subito online e conserva correttamente il tuo esemplare, con consigli sull&#039;allestimento e la cura.\" \/>\n<meta name=\"robots\" content=\"index, follow, max-snippet:-1, max-image-preview:large, max-video-preview:-1\" \/>\n<link rel=\"canonical\" href=\"https:\/\/insektenliebe.com\/it\/shop\/prodotto\/hadrurus-arizonensis\/\" \/>\n<meta property=\"og:locale\" content=\"it_IT\" \/>\n<meta property=\"og:type\" content=\"article\" \/>\n<meta property=\"og:title\" content=\"Hadrurus arizonensis - Insektenliebe\" \/>\n<meta property=\"og:description\" content=\"Hadrurus arizonensis - un impressionante scorpione del deserto da allevare individualmente. Acquista subito online e conserva correttamente il tuo esemplare, con consigli sull&#039;allestimento e la cura.\" \/>\n<meta property=\"og:url\" content=\"https:\/\/insektenliebe.com\/it\/shop\/prodotto\/hadrurus-arizonensis\/\" \/>\n<meta property=\"og:site_name\" content=\"Insektenliebe\" \/>\n<meta property=\"og:image\" content=\"https:\/\/insektenliebe.com\/wp-content\/uploads\/2025\/11\/Hadrurus-arizonensis.jpg\" \/>\n\t<meta property=\"og:image:width\" content=\"820\" \/>\n\t<meta property=\"og:image:height\" content=\"820\" \/>\n\t<meta property=\"og:image:type\" content=\"image\/jpeg\" \/>\n<meta name=\"twitter:card\" content=\"summary_large_image\" \/>\n<meta name=\"twitter:label1\" content=\"Tempo di lettura stimato\" \/>\n\t<meta name=\"twitter:data1\" content=\"2 minuto\" \/>\n<script type=\"application\/ld+json\" class=\"yoast-schema-graph\">{\"@context\":\"https:\\\/\\\/schema.org\",\"@graph\":[{\"@type\":\"WebPage\",\"@id\":\"https:\\\/\\\/insektenliebe.com\\\/it\\\/shop\\\/prodotto\\\/hadrurus-arizonensis\\\/\",\"url\":\"https:\\\/\\\/insektenliebe.com\\\/it\\\/shop\\\/prodotto\\\/hadrurus-arizonensis\\\/\",\"name\":\"Hadrurus arizonensis - Insektenliebe\",\"isPartOf\":{\"@id\":\"https:\\\/\\\/insektenliebe.com\\\/it\\\/#website\"},\"primaryImageOfPage\":{\"@id\":\"https:\\\/\\\/insektenliebe.com\\\/it\\\/shop\\\/prodotto\\\/hadrurus-arizonensis\\\/#primaryimage\"},\"image\":{\"@id\":\"https:\\\/\\\/insektenliebe.com\\\/it\\\/shop\\\/prodotto\\\/hadrurus-arizonensis\\\/#primaryimage\"},\"thumbnailUrl\":\"https:\\\/\\\/insektenliebe.com\\\/wp-content\\\/uploads\\\/2025\\\/11\\\/Hadrurus-arizonensis.jpg\",\"datePublished\":\"2025-11-23T13:31:36+00:00\",\"description\":\"Hadrurus arizonensis - un impressionante scorpione del deserto da allevare individualmente. Acquista subito online e conserva correttamente il tuo esemplare, con consigli sull'allestimento e la cura.\",\"breadcrumb\":{\"@id\":\"https:\\\/\\\/insektenliebe.com\\\/it\\\/shop\\\/prodotto\\\/hadrurus-arizonensis\\\/#breadcrumb\"},\"inLanguage\":\"it-IT\",\"potentialAction\":[{\"@type\":\"ReadAction\",\"target\":[\"https:\\\/\\\/insektenliebe.com\\\/it\\\/shop\\\/prodotto\\\/hadrurus-arizonensis\\\/\"]}]},{\"@type\":\"ImageObject\",\"inLanguage\":\"it-IT\",\"@id\":\"https:\\\/\\\/insektenliebe.com\\\/it\\\/shop\\\/prodotto\\\/hadrurus-arizonensis\\\/#primaryimage\",\"url\":\"https:\\\/\\\/insektenliebe.com\\\/wp-content\\\/uploads\\\/2025\\\/11\\\/Hadrurus-arizonensis.jpg\",\"contentUrl\":\"https:\\\/\\\/insektenliebe.com\\\/wp-content\\\/uploads\\\/2025\\\/11\\\/Hadrurus-arizonensis.jpg\",\"width\":820,\"height\":820,\"caption\":\"Hadrurus arizonensis\"},{\"@type\":\"BreadcrumbList\",\"@id\":\"https:\\\/\\\/insektenliebe.com\\\/it\\\/shop\\\/prodotto\\\/hadrurus-arizonensis\\\/#breadcrumb\",\"itemListElement\":[{\"@type\":\"ListItem\",\"position\":1,\"name\":\"Startseite\",\"item\":\"https:\\\/\\\/insektenliebe.com\\\/it\\\/\"},{\"@type\":\"ListItem\",\"position\":2,\"name\":\"Negozio\",\"item\":\"https:\\\/\\\/insektenliebe.com\\\/it\\\/negozio\\\/\"},{\"@type\":\"ListItem\",\"position\":3,\"name\":\"Hadrurus arizonensis\"}]},{\"@type\":\"WebSite\",\"@id\":\"https:\\\/\\\/insektenliebe.com\\\/it\\\/#website\",\"url\":\"https:\\\/\\\/insektenliebe.com\\\/it\\\/\",\"name\":\"Insektenliebe\",\"description\":\"Dein Zuhause f\u00fcr die kleinen Lebewesen\",\"publisher\":{\"@id\":\"https:\\\/\\\/insektenliebe.com\\\/it\\\/#organization\"},\"potentialAction\":[{\"@type\":\"SearchAction\",\"target\":{\"@type\":\"EntryPoint\",\"urlTemplate\":\"https:\\\/\\\/insektenliebe.com\\\/it\\\/?s={search_term_string}\"},\"query-input\":{\"@type\":\"PropertyValueSpecification\",\"valueRequired\":true,\"valueName\":\"search_term_string\"}}],\"inLanguage\":\"it-IT\"},{\"@type\":\"Organization\",\"@id\":\"https:\\\/\\\/insektenliebe.com\\\/it\\\/#organization\",\"name\":\"Insektenliebe\",\"url\":\"https:\\\/\\\/insektenliebe.com\\\/it\\\/\",\"logo\":{\"@type\":\"ImageObject\",\"inLanguage\":\"it-IT\",\"@id\":\"https:\\\/\\\/insektenliebe.com\\\/it\\\/#\\\/schema\\\/logo\\\/image\\\/\",\"url\":\"https:\\\/\\\/insektenliebe.com\\\/wp-content\\\/uploads\\\/2025\\\/03\\\/logo-white.png\",\"contentUrl\":\"https:\\\/\\\/insektenliebe.com\\\/wp-content\\\/uploads\\\/2025\\\/03\\\/logo-white.png\",\"width\":288,\"height\":188,\"caption\":\"Insektenliebe\"},\"image\":{\"@id\":\"https:\\\/\\\/insektenliebe.com\\\/it\\\/#\\\/schema\\\/logo\\\/image\\\/\"}}]}<\/script>\n<!-- \/ Yoast SEO plugin. -->","yoast_head_json":{"title":"Hadrurus arizonensis - Insektenliebe","description":"Hadrurus arizonensis - un impressionante scorpione del deserto da allevare individualmente. Acquista subito online e conserva correttamente il tuo esemplare, con consigli sull'allestimento e la cura.","robots":{"index":"index","follow":"follow","max-snippet":"max-snippet:-1","max-image-preview":"max-image-preview:large","max-video-preview":"max-video-preview:-1"},"canonical":"https:\/\/insektenliebe.com\/it\/shop\/prodotto\/hadrurus-arizonensis\/","og_locale":"it_IT","og_type":"article","og_title":"Hadrurus arizonensis - Insektenliebe","og_description":"Hadrurus arizonensis - un impressionante scorpione del deserto da allevare individualmente. Acquista subito online e conserva correttamente il tuo esemplare, con consigli sull'allestimento e la cura.","og_url":"https:\/\/insektenliebe.com\/it\/shop\/prodotto\/hadrurus-arizonensis\/","og_site_name":"Insektenliebe","og_image":[{"width":820,"height":820,"url":"https:\/\/insektenliebe.com\/wp-content\/uploads\/2025\/11\/Hadrurus-arizonensis.jpg","type":"image\/jpeg"}],"twitter_card":"summary_large_image","twitter_misc":{"Tempo di lettura stimato":"2 minuto"},"schema":{"@context":"https:\/\/schema.org","@graph":[{"@type":"WebPage","@id":"https:\/\/insektenliebe.com\/it\/shop\/prodotto\/hadrurus-arizonensis\/","url":"https:\/\/insektenliebe.com\/it\/shop\/prodotto\/hadrurus-arizonensis\/","name":"Hadrurus arizonensis - Insektenliebe","isPartOf":{"@id":"https:\/\/insektenliebe.com\/it\/#website"},"primaryImageOfPage":{"@id":"https:\/\/insektenliebe.com\/it\/shop\/prodotto\/hadrurus-arizonensis\/#primaryimage"},"image":{"@id":"https:\/\/insektenliebe.com\/it\/shop\/prodotto\/hadrurus-arizonensis\/#primaryimage"},"thumbnailUrl":"https:\/\/insektenliebe.com\/wp-content\/uploads\/2025\/11\/Hadrurus-arizonensis.jpg","datePublished":"2025-11-23T13:31:36+00:00","description":"Hadrurus arizonensis - un impressionante scorpione del deserto da allevare individualmente. Acquista subito online e conserva correttamente il tuo esemplare, con consigli sull'allestimento e la cura.","breadcrumb":{"@id":"https:\/\/insektenliebe.com\/it\/shop\/prodotto\/hadrurus-arizonensis\/#breadcrumb"},"inLanguage":"it-IT","potentialAction":[{"@type":"ReadAction","target":["https:\/\/insektenliebe.com\/it\/shop\/prodotto\/hadrurus-arizonensis\/"]}]},{"@type":"ImageObject","inLanguage":"it-IT","@id":"https:\/\/insektenliebe.com\/it\/shop\/prodotto\/hadrurus-arizonensis\/#primaryimage","url":"https:\/\/insektenliebe.com\/wp-content\/uploads\/2025\/11\/Hadrurus-arizonensis.jpg","contentUrl":"https:\/\/insektenliebe.com\/wp-content\/uploads\/2025\/11\/Hadrurus-arizonensis.jpg","width":820,"height":820,"caption":"Hadrurus arizonensis"},{"@type":"BreadcrumbList","@id":"https:\/\/insektenliebe.com\/it\/shop\/prodotto\/hadrurus-arizonensis\/#breadcrumb","itemListElement":[{"@type":"ListItem","position":1,"name":"Startseite","item":"https:\/\/insektenliebe.com\/it\/"},{"@type":"ListItem","position":2,"name":"Negozio","item":"https:\/\/insektenliebe.com\/it\/negozio\/"},{"@type":"ListItem","position":3,"name":"Hadrurus arizonensis"}]},{"@type":"WebSite","@id":"https:\/\/insektenliebe.com\/it\/#website","url":"https:\/\/insektenliebe.com\/it\/","name":"Insektenliebe","description":"Dein Zuhause f\u00fcr die kleinen Lebewesen","publisher":{"@id":"https:\/\/insektenliebe.com\/it\/#organization"},"potentialAction":[{"@type":"SearchAction","target":{"@type":"EntryPoint","urlTemplate":"https:\/\/insektenliebe.com\/it\/?s={search_term_string}"},"query-input":{"@type":"PropertyValueSpecification","valueRequired":true,"valueName":"search_term_string"}}],"inLanguage":"it-IT"},{"@type":"Organization","@id":"https:\/\/insektenliebe.com\/it\/#organization","name":"Insektenliebe","url":"https:\/\/insektenliebe.com\/it\/","logo":{"@type":"ImageObject","inLanguage":"it-IT","@id":"https:\/\/insektenliebe.com\/it\/#\/schema\/logo\/image\/","url":"https:\/\/insektenliebe.com\/wp-content\/uploads\/2025\/03\/logo-white.png","contentUrl":"https:\/\/insektenliebe.com\/wp-content\/uploads\/2025\/03\/logo-white.png","width":288,"height":188,"caption":"Insektenliebe"},"image":{"@id":"https:\/\/insektenliebe.com\/it\/#\/schema\/logo\/image\/"}}]}},"_links":{"self":[{"href":"https:\/\/insektenliebe.com\/it\/wp-json\/wp\/v2\/product\/189580","targetHints":{"allow":["GET"]}}],"collection":[{"href":"https:\/\/insektenliebe.com\/it\/wp-json\/wp\/v2\/product"}],"about":[{"href":"https:\/\/insektenliebe.com\/it\/wp-json\/wp\/v2\/types\/product"}],"wp:featuredmedia":[{"embeddable":true,"href":"https:\/\/insektenliebe.com\/it\/wp-json\/wp\/v2\/media\/189594"}],"wp:attachment":[{"href":"https:\/\/insektenliebe.com\/it\/wp-json\/wp\/v2\/media?parent=189580"}],"wp:term":[{"taxonomy":"product-supplier","embeddable":true,"href":"https:\/\/insektenliebe.com\/it\/wp-json\/wp\/v2\/product-supplier?post=189580"},{"taxonomy":"product_brand","embeddable":true,"href":"https:\/\/insektenliebe.com\/it\/wp-json\/wp\/v2\/product_brand?post=189580"},{"taxonomy":"product_cat","embeddable":true,"href":"https:\/\/insektenliebe.com\/it\/wp-json\/wp\/v2\/product_cat?post=189580"},{"taxonomy":"product_tag","embeddable":true,"href":"https:\/\/insektenliebe.com\/it\/wp-json\/wp\/v2\/product_tag?post=189580"},{"taxonomy":"lce-checkout-addons","embeddable":true,"href":"https:\/\/insektenliebe.com\/it\/wp-json\/wp\/v2\/lce-checkout-addons?post=189580"}],"curies":[{"name":"wp","href":"https:\/\/api.w.org\/{rel}","templated":true}]}}