{"id":189574,"date":"2025-11-29T15:20:55","date_gmt":"2025-11-29T14:20:55","guid":{"rendered":"https:\/\/insektenliebe.com\/shop\/produkt\/prosopocoilus-savagei-scarafaggio-dalle-corna-savagei\/"},"modified":"2025-11-29T15:20:55","modified_gmt":"2025-11-29T14:20:55","slug":"prosopocoilus-savagei-scarafaggio-dalle-corna-savagei","status":"publish","type":"product","link":"https:\/\/insektenliebe.com\/it\/shop\/prodotto\/prosopocoilus-savagei-scarafaggio-dalle-corna-savagei\/","title":{"rendered":"Prosopocoilus savagei \"Scarafaggio dalle corna savagei\""},"content":{"rendered":"<h3 class=\"p1\"><span style=\"color: #99cc33\"><strong><span class=\"s1\">Carapace, lucentezza e corna: l&#8217;affascinante Prosopocoilus savagei<\/span><\/strong><\/span><\/h3>\n<p class=\"p1\"><strong><span class=\"s1\">Prosopocoilus savagei<\/span><\/strong><span class=\"s2\">conosciuto come scarabeo corno Savagei, \u00e8 uno dei pi\u00f9 belli e affascinanti scarabei corno tenuti in terrario. Questa specie \u00e8 originaria dell&#8217;Africa centrale, in particolare delle regioni del Camerun e del Gabon, dove vive nelle foreste umide. La caratteristica pi\u00f9 evidente dei maschi sono le lunghe mandibole, enormi \"corna\" che usano per difendersi e per imporsi. Le femmine sono pi\u00f9 piccole e tozze, ma altrettanto belle.   <\/span><\/p>\n<p class=\"p1\"><span class=\"s2\">I colori dello scarabeo corno savagei vanno dal nero-marrone lucido ai toni rossastri, spesso con una lucentezza metallica. Il suo aspetto imponente, unito alla sua natura pacifica, lo rende un insetto da esposizione molto apprezzato non solo dai collezionisti, ma anche dagli amanti della natura che amano osservare gli animali esotici. <\/span><\/p>\n<p class=\"p1\"><span class=\"s2\">Si consiglia di allestire un terrario ben ventilato con dimensioni minime di 30 \u00d7 30 \u00d7 30 cm. Il substrato dovrebbe essere costituito da un fondo sciolto e scavabile: l&#8217;ideale \u00e8 una miscela di humus di foglie, terriccio in scaglie e legno bianco marcio. Da quando    <\/span><span class=\"s1\">P. savagei<\/span><span class=\"s2\">  Poich\u00e9 la larva trascorre gran parte del suo sviluppo sottoterra, un substrato profondo \u00e8 particolarmente importante per la riproduzione. Tuttavia, i coleotteri adulti necessitano solo di un substrato poco profondo e di sufficienti superfici per arrampicarsi, come pezzi di corteccia e rami di sughero. <\/span><\/p>\n<p class=\"p1\"><span class=\"s2\">Gli animali preferiscono una temperatura compresa tra 22 e 26 \u00b0C e un&#8217;umidit\u00e0 relativa del 70-80%. Una ciotola di gelatina per scarafaggi o di frutta troppo matura, come banane o mango, soddisfa in modo affidabile le loro esigenze alimentari. I coleotteri sono attivi soprattutto al crepuscolo e di notte, ma con un po&#8217; di fortuna potrai vederli nutrirsi o arrampicarsi anche di giorno.  <\/span><\/p>\n<p class=\"p1\"><span class=\"s2\">Il <strong>Prosopocoilus savagei \"scarabeo delle corna savagei\"<\/strong> pu\u00f2 essere facilmente allevato in buone condizioni. Le femmine amano deporre le uova nel legno marcio o nell&#8217;humus fogliare fortemente decomposto. Dopo l&#8217;impupamento, si schiudono imponenti coleotteri che possono deliziarti con la loro presenza per diversi mesi.  <\/span><\/p>\n<p class=\"p1\"><span class=\"s1\">Il tempo di sviluppo di <\/span><strong><span class=\"s2\">Prosopocoilus savagei<\/span><\/strong><span class=\"s1\">  A seconda della temperatura e dell&#8217;alimentazione, le larve si sviluppano in un periodo che va dai 6 ai 10 mesi. Dopo aver deposto le uova, le larve si sviluppano in diverse fasi nel substrato ricco di nutrienti, preferibilmente in terriccio in scaglie o foglie fermentate. Questa fase pu\u00f2 durare diversi mesi prima che le larve si impupino e vadano in dormienza pupale. I coleotteri finiti si induriscono nella loro camera autocostruita per alcune settimane dopo la schiusa prima di diventare attivi. Una temperatura costante di circa 24-26 \u00b0C e un buon apporto di materiale organico nel substrato possono accelerare notevolmente lo sviluppo.    <\/span><\/p>\n<p class=\"p1\"><span class=\"s2\">Grazie alla sua natura robusta, alla facilit\u00e0 di mantenimento e all&#8217;aspetto affascinante, questa specie \u00e8 adatta anche ai principianti convinti che vogliono fare la loro prima esperienza con i coleotteri. La cura \u00e8 semplice: chiunque ami l&#8217;osservazione e il disegno prender\u00e0 subito a cuore questo coleottero con le corna. <\/span><\/p>\n","protected":false},"excerpt":{"rendered":"<p>Carapace, lucentezza e corna: l&#8217;affascinante Prosopocoilus savagei Prosopocoilus savageiconosciuto come scarabeo corno Savagei, \u00e8 uno dei pi\u00f9 belli e affascinanti scarabei corno tenuti in terrario. Questa specie \u00e8 originaria dell&#8217;Africa centrale, in particolare delle regioni del Camerun e del Gabon, dove vive nelle foreste umide. La caratteristica pi\u00f9 evidente dei maschi sono le lunghe mandibole, [&hellip;]<\/p>\n","protected":false},"featured_media":188186,"template":"","meta":{"_acf_changed":false},"product-supplier":[],"product_brand":[],"product_cat":[2829],"product_tag":[],"lce-checkout-addons":[2746],"class_list":{"0":"post-189574","1":"product","2":"type-product","3":"status-publish","4":"has-post-thumbnail","6":"product_cat-altri-invertebrati","7":"product_shipping_class-spedizione-di-animali","8":"pa_geschlecht-maggiolino-1-0","9":"pa_geschlecht-scarabeo-0-1","10":"pa_herkunft-camerun","11":"pa_kontinent-africa","12":"lce-checkout-addons-imballaggio-invernale","14":"first","15":"outofstock","16":"taxable","17":"shipping-taxable","18":"purchasable","19":"product-type-variable"},"acf":[],"yoast_head":"<!-- This site is optimized with the Yoast SEO plugin v27.3 - https:\/\/yoast.com\/product\/yoast-seo-wordpress\/ -->\n<title>Prosopocoilus savagei &quot;Scarafaggio dalle corna savagei&quot; - Insektenliebe<\/title>\n<meta name=\"description\" content=\"L&#039;affascinante scarabeo delle corna proveniente dall&#039;Africa - Prosopocoilus savagei si distingue per il suo aspetto spettacolare, la facilit\u00e0 di conservazione e l&#039;elevata osservabilit\u00e0.\" \/>\n<meta name=\"robots\" content=\"index, follow, max-snippet:-1, max-image-preview:large, max-video-preview:-1\" \/>\n<link rel=\"canonical\" href=\"https:\/\/insektenliebe.com\/it\/shop\/prodotto\/prosopocoilus-savagei-scarafaggio-dalle-corna-savagei\/\" \/>\n<meta property=\"og:locale\" content=\"it_IT\" \/>\n<meta property=\"og:type\" content=\"article\" \/>\n<meta property=\"og:title\" content=\"Prosopocoilus savagei &quot;Scarafaggio dalle corna savagei&quot; - Insektenliebe\" \/>\n<meta property=\"og:description\" content=\"L&#039;affascinante scarabeo delle corna proveniente dall&#039;Africa - Prosopocoilus savagei si distingue per il suo aspetto spettacolare, la facilit\u00e0 di conservazione e l&#039;elevata osservabilit\u00e0.\" \/>\n<meta property=\"og:url\" content=\"https:\/\/insektenliebe.com\/it\/shop\/prodotto\/prosopocoilus-savagei-scarafaggio-dalle-corna-savagei\/\" \/>\n<meta property=\"og:site_name\" content=\"Insektenliebe\" \/>\n<meta property=\"og:image\" content=\"https:\/\/insektenliebe.com\/wp-content\/uploads\/2025\/11\/Prosopocoilus-savagei-22Savagei-Geweihkaefer22-Maennchen.jpg\" \/>\n\t<meta property=\"og:image:width\" content=\"820\" \/>\n\t<meta property=\"og:image:height\" content=\"820\" \/>\n\t<meta property=\"og:image:type\" content=\"image\/jpeg\" \/>\n<meta name=\"twitter:card\" content=\"summary_large_image\" \/>\n<meta name=\"twitter:label1\" content=\"Tempo di lettura stimato\" \/>\n\t<meta name=\"twitter:data1\" content=\"2 minuto\" \/>\n<script type=\"application\/ld+json\" class=\"yoast-schema-graph\">{\"@context\":\"https:\\\/\\\/schema.org\",\"@graph\":[{\"@type\":\"WebPage\",\"@id\":\"https:\\\/\\\/insektenliebe.com\\\/it\\\/shop\\\/prodotto\\\/prosopocoilus-savagei-scarafaggio-dalle-corna-savagei\\\/\",\"url\":\"https:\\\/\\\/insektenliebe.com\\\/it\\\/shop\\\/prodotto\\\/prosopocoilus-savagei-scarafaggio-dalle-corna-savagei\\\/\",\"name\":\"Prosopocoilus savagei \\\"Scarafaggio dalle corna savagei\\\" - Insektenliebe\",\"isPartOf\":{\"@id\":\"https:\\\/\\\/insektenliebe.com\\\/it\\\/#website\"},\"primaryImageOfPage\":{\"@id\":\"https:\\\/\\\/insektenliebe.com\\\/it\\\/shop\\\/prodotto\\\/prosopocoilus-savagei-scarafaggio-dalle-corna-savagei\\\/#primaryimage\"},\"image\":{\"@id\":\"https:\\\/\\\/insektenliebe.com\\\/it\\\/shop\\\/prodotto\\\/prosopocoilus-savagei-scarafaggio-dalle-corna-savagei\\\/#primaryimage\"},\"thumbnailUrl\":\"https:\\\/\\\/insektenliebe.com\\\/wp-content\\\/uploads\\\/2025\\\/11\\\/Prosopocoilus-savagei-22Savagei-Geweihkaefer22-Maennchen.jpg\",\"datePublished\":\"2025-11-29T14:20:55+00:00\",\"description\":\"L'affascinante scarabeo delle corna proveniente dall'Africa - Prosopocoilus savagei si distingue per il suo aspetto spettacolare, la facilit\u00e0 di conservazione e l'elevata osservabilit\u00e0.\",\"breadcrumb\":{\"@id\":\"https:\\\/\\\/insektenliebe.com\\\/it\\\/shop\\\/prodotto\\\/prosopocoilus-savagei-scarafaggio-dalle-corna-savagei\\\/#breadcrumb\"},\"inLanguage\":\"it-IT\",\"potentialAction\":[{\"@type\":\"ReadAction\",\"target\":[\"https:\\\/\\\/insektenliebe.com\\\/it\\\/shop\\\/prodotto\\\/prosopocoilus-savagei-scarafaggio-dalle-corna-savagei\\\/\"]}]},{\"@type\":\"ImageObject\",\"inLanguage\":\"it-IT\",\"@id\":\"https:\\\/\\\/insektenliebe.com\\\/it\\\/shop\\\/prodotto\\\/prosopocoilus-savagei-scarafaggio-dalle-corna-savagei\\\/#primaryimage\",\"url\":\"https:\\\/\\\/insektenliebe.com\\\/wp-content\\\/uploads\\\/2025\\\/11\\\/Prosopocoilus-savagei-22Savagei-Geweihkaefer22-Maennchen.jpg\",\"contentUrl\":\"https:\\\/\\\/insektenliebe.com\\\/wp-content\\\/uploads\\\/2025\\\/11\\\/Prosopocoilus-savagei-22Savagei-Geweihkaefer22-Maennchen.jpg\",\"width\":820,\"height\":820,\"caption\":\"Prosopocoilus savagei Maschio di antilope savagei\"},{\"@type\":\"BreadcrumbList\",\"@id\":\"https:\\\/\\\/insektenliebe.com\\\/it\\\/shop\\\/prodotto\\\/prosopocoilus-savagei-scarafaggio-dalle-corna-savagei\\\/#breadcrumb\",\"itemListElement\":[{\"@type\":\"ListItem\",\"position\":1,\"name\":\"Startseite\",\"item\":\"https:\\\/\\\/insektenliebe.com\\\/it\\\/\"},{\"@type\":\"ListItem\",\"position\":2,\"name\":\"Negozio\",\"item\":\"https:\\\/\\\/insektenliebe.com\\\/it\\\/negozio\\\/\"},{\"@type\":\"ListItem\",\"position\":3,\"name\":\"Prosopocoilus savagei &#8220;Scarafaggio dalle corna savagei&#8221;\"}]},{\"@type\":\"WebSite\",\"@id\":\"https:\\\/\\\/insektenliebe.com\\\/it\\\/#website\",\"url\":\"https:\\\/\\\/insektenliebe.com\\\/it\\\/\",\"name\":\"Insektenliebe\",\"description\":\"Dein Zuhause f\u00fcr die kleinen Lebewesen\",\"publisher\":{\"@id\":\"https:\\\/\\\/insektenliebe.com\\\/it\\\/#organization\"},\"potentialAction\":[{\"@type\":\"SearchAction\",\"target\":{\"@type\":\"EntryPoint\",\"urlTemplate\":\"https:\\\/\\\/insektenliebe.com\\\/it\\\/?s={search_term_string}\"},\"query-input\":{\"@type\":\"PropertyValueSpecification\",\"valueRequired\":true,\"valueName\":\"search_term_string\"}}],\"inLanguage\":\"it-IT\"},{\"@type\":\"Organization\",\"@id\":\"https:\\\/\\\/insektenliebe.com\\\/it\\\/#organization\",\"name\":\"Insektenliebe\",\"url\":\"https:\\\/\\\/insektenliebe.com\\\/it\\\/\",\"logo\":{\"@type\":\"ImageObject\",\"inLanguage\":\"it-IT\",\"@id\":\"https:\\\/\\\/insektenliebe.com\\\/it\\\/#\\\/schema\\\/logo\\\/image\\\/\",\"url\":\"https:\\\/\\\/insektenliebe.com\\\/wp-content\\\/uploads\\\/2025\\\/03\\\/logo-white.png\",\"contentUrl\":\"https:\\\/\\\/insektenliebe.com\\\/wp-content\\\/uploads\\\/2025\\\/03\\\/logo-white.png\",\"width\":288,\"height\":188,\"caption\":\"Insektenliebe\"},\"image\":{\"@id\":\"https:\\\/\\\/insektenliebe.com\\\/it\\\/#\\\/schema\\\/logo\\\/image\\\/\"}}]}<\/script>\n<!-- \/ Yoast SEO plugin. -->","yoast_head_json":{"title":"Prosopocoilus savagei \"Scarafaggio dalle corna savagei\" - Insektenliebe","description":"L'affascinante scarabeo delle corna proveniente dall'Africa - Prosopocoilus savagei si distingue per il suo aspetto spettacolare, la facilit\u00e0 di conservazione e l'elevata osservabilit\u00e0.","robots":{"index":"index","follow":"follow","max-snippet":"max-snippet:-1","max-image-preview":"max-image-preview:large","max-video-preview":"max-video-preview:-1"},"canonical":"https:\/\/insektenliebe.com\/it\/shop\/prodotto\/prosopocoilus-savagei-scarafaggio-dalle-corna-savagei\/","og_locale":"it_IT","og_type":"article","og_title":"Prosopocoilus savagei \"Scarafaggio dalle corna savagei\" - Insektenliebe","og_description":"L'affascinante scarabeo delle corna proveniente dall'Africa - Prosopocoilus savagei si distingue per il suo aspetto spettacolare, la facilit\u00e0 di conservazione e l'elevata osservabilit\u00e0.","og_url":"https:\/\/insektenliebe.com\/it\/shop\/prodotto\/prosopocoilus-savagei-scarafaggio-dalle-corna-savagei\/","og_site_name":"Insektenliebe","og_image":[{"width":820,"height":820,"url":"https:\/\/insektenliebe.com\/wp-content\/uploads\/2025\/11\/Prosopocoilus-savagei-22Savagei-Geweihkaefer22-Maennchen.jpg","type":"image\/jpeg"}],"twitter_card":"summary_large_image","twitter_misc":{"Tempo di lettura stimato":"2 minuto"},"schema":{"@context":"https:\/\/schema.org","@graph":[{"@type":"WebPage","@id":"https:\/\/insektenliebe.com\/it\/shop\/prodotto\/prosopocoilus-savagei-scarafaggio-dalle-corna-savagei\/","url":"https:\/\/insektenliebe.com\/it\/shop\/prodotto\/prosopocoilus-savagei-scarafaggio-dalle-corna-savagei\/","name":"Prosopocoilus savagei \"Scarafaggio dalle corna savagei\" - Insektenliebe","isPartOf":{"@id":"https:\/\/insektenliebe.com\/it\/#website"},"primaryImageOfPage":{"@id":"https:\/\/insektenliebe.com\/it\/shop\/prodotto\/prosopocoilus-savagei-scarafaggio-dalle-corna-savagei\/#primaryimage"},"image":{"@id":"https:\/\/insektenliebe.com\/it\/shop\/prodotto\/prosopocoilus-savagei-scarafaggio-dalle-corna-savagei\/#primaryimage"},"thumbnailUrl":"https:\/\/insektenliebe.com\/wp-content\/uploads\/2025\/11\/Prosopocoilus-savagei-22Savagei-Geweihkaefer22-Maennchen.jpg","datePublished":"2025-11-29T14:20:55+00:00","description":"L'affascinante scarabeo delle corna proveniente dall'Africa - Prosopocoilus savagei si distingue per il suo aspetto spettacolare, la facilit\u00e0 di conservazione e l'elevata osservabilit\u00e0.","breadcrumb":{"@id":"https:\/\/insektenliebe.com\/it\/shop\/prodotto\/prosopocoilus-savagei-scarafaggio-dalle-corna-savagei\/#breadcrumb"},"inLanguage":"it-IT","potentialAction":[{"@type":"ReadAction","target":["https:\/\/insektenliebe.com\/it\/shop\/prodotto\/prosopocoilus-savagei-scarafaggio-dalle-corna-savagei\/"]}]},{"@type":"ImageObject","inLanguage":"it-IT","@id":"https:\/\/insektenliebe.com\/it\/shop\/prodotto\/prosopocoilus-savagei-scarafaggio-dalle-corna-savagei\/#primaryimage","url":"https:\/\/insektenliebe.com\/wp-content\/uploads\/2025\/11\/Prosopocoilus-savagei-22Savagei-Geweihkaefer22-Maennchen.jpg","contentUrl":"https:\/\/insektenliebe.com\/wp-content\/uploads\/2025\/11\/Prosopocoilus-savagei-22Savagei-Geweihkaefer22-Maennchen.jpg","width":820,"height":820,"caption":"Prosopocoilus savagei Maschio di antilope savagei"},{"@type":"BreadcrumbList","@id":"https:\/\/insektenliebe.com\/it\/shop\/prodotto\/prosopocoilus-savagei-scarafaggio-dalle-corna-savagei\/#breadcrumb","itemListElement":[{"@type":"ListItem","position":1,"name":"Startseite","item":"https:\/\/insektenliebe.com\/it\/"},{"@type":"ListItem","position":2,"name":"Negozio","item":"https:\/\/insektenliebe.com\/it\/negozio\/"},{"@type":"ListItem","position":3,"name":"Prosopocoilus savagei &#8220;Scarafaggio dalle corna savagei&#8221;"}]},{"@type":"WebSite","@id":"https:\/\/insektenliebe.com\/it\/#website","url":"https:\/\/insektenliebe.com\/it\/","name":"Insektenliebe","description":"Dein Zuhause f\u00fcr die kleinen Lebewesen","publisher":{"@id":"https:\/\/insektenliebe.com\/it\/#organization"},"potentialAction":[{"@type":"SearchAction","target":{"@type":"EntryPoint","urlTemplate":"https:\/\/insektenliebe.com\/it\/?s={search_term_string}"},"query-input":{"@type":"PropertyValueSpecification","valueRequired":true,"valueName":"search_term_string"}}],"inLanguage":"it-IT"},{"@type":"Organization","@id":"https:\/\/insektenliebe.com\/it\/#organization","name":"Insektenliebe","url":"https:\/\/insektenliebe.com\/it\/","logo":{"@type":"ImageObject","inLanguage":"it-IT","@id":"https:\/\/insektenliebe.com\/it\/#\/schema\/logo\/image\/","url":"https:\/\/insektenliebe.com\/wp-content\/uploads\/2025\/03\/logo-white.png","contentUrl":"https:\/\/insektenliebe.com\/wp-content\/uploads\/2025\/03\/logo-white.png","width":288,"height":188,"caption":"Insektenliebe"},"image":{"@id":"https:\/\/insektenliebe.com\/it\/#\/schema\/logo\/image\/"}}]}},"_links":{"self":[{"href":"https:\/\/insektenliebe.com\/it\/wp-json\/wp\/v2\/product\/189574","targetHints":{"allow":["GET"]}}],"collection":[{"href":"https:\/\/insektenliebe.com\/it\/wp-json\/wp\/v2\/product"}],"about":[{"href":"https:\/\/insektenliebe.com\/it\/wp-json\/wp\/v2\/types\/product"}],"wp:featuredmedia":[{"embeddable":true,"href":"https:\/\/insektenliebe.com\/it\/wp-json\/wp\/v2\/media\/188186"}],"wp:attachment":[{"href":"https:\/\/insektenliebe.com\/it\/wp-json\/wp\/v2\/media?parent=189574"}],"wp:term":[{"taxonomy":"product-supplier","embeddable":true,"href":"https:\/\/insektenliebe.com\/it\/wp-json\/wp\/v2\/product-supplier?post=189574"},{"taxonomy":"product_brand","embeddable":true,"href":"https:\/\/insektenliebe.com\/it\/wp-json\/wp\/v2\/product_brand?post=189574"},{"taxonomy":"product_cat","embeddable":true,"href":"https:\/\/insektenliebe.com\/it\/wp-json\/wp\/v2\/product_cat?post=189574"},{"taxonomy":"product_tag","embeddable":true,"href":"https:\/\/insektenliebe.com\/it\/wp-json\/wp\/v2\/product_tag?post=189574"},{"taxonomy":"lce-checkout-addons","embeddable":true,"href":"https:\/\/insektenliebe.com\/it\/wp-json\/wp\/v2\/lce-checkout-addons?post=189574"}],"curies":[{"name":"wp","href":"https:\/\/api.w.org\/{rel}","templated":true}]}}