{"id":189573,"date":"2023-07-21T13:11:40","date_gmt":"2023-07-21T11:11:40","guid":{"rendered":"https:\/\/insektenliebe.com\/shop\/produkt\/phidippus-bidentatus-maya\/"},"modified":"2023-07-21T13:11:40","modified_gmt":"2023-07-21T11:11:40","slug":"phidippus-bidentatus-maya","status":"publish","type":"product","link":"https:\/\/insektenliebe.com\/it\/shop\/prodotto\/phidippus-bidentatus-maya\/","title":{"rendered":"Phidippus bidentatus \"Maya"},"content":{"rendered":"<h3><span style=\"color: #99cc33\">Breve descrizione Phidippus bidentatus \"Maya\":<\/span><\/h3>\n<p><strong><span class=\"hiddenSpellError\">Phidippus<\/span> <span class=\"hiddenSpellError\">bidentatus<\/span> <span class=\"hiddenGrammarError\">\"Maya\"<\/span> <\/strong>\u00e8 una rarit\u00e0 assoluta tra i ragni saltatori e gode di grande popolarit\u00e0 nel mondo degli <span class=\"hiddenSpellError\">amanti degli aracnidi<\/span>. I loro colori vivaci ci fanno sorridere, soprattutto quando sono illuminati da una luce soffusa. <\/p>\n<p>Questi incantevoli <strong><span class=\"hiddenSpellError\">Phidippus<\/span> <span class=\"hiddenSpellError\">bidentatus<\/span> <span class=\"hiddenGrammarError\">\"Maya\"<\/span> <\/strong> sono originari delle profondit\u00e0 del Messico e rivelano un&#8217;affascinante variet\u00e0 di colori. I loro colori di base vanno dalle delicate <span class=\"hiddenSpellError\">sfumature del marrone chiaro<\/span> al nero profondo, spesso accompagnati da un verde scintillante. Inoltre, decorano il loro corpo con marcature ornamentali di colore rosso, viola o addirittura blu.  <\/p>\n<p>I loro occhi grandi e attenti e il loro sguardo ammaliante affascinano anche i pi\u00f9 <span class=\"hiddenSpellError\">aracnofobici<\/span>. Una vista che ci fa soffermare e incantare. <\/p>\n<p><span class=\"hiddenSpellError\">La crescita di<\/span><strong><span class=\"hiddenSpellError\"> Phidippus<\/span> <span class=\"hiddenSpellError\">bidentatus<\/span> <span class=\"hiddenGrammarError\">\"Maya\"<\/span><\/strong> \u00e8 inizialmente lenta e solo a partire da FH5\/6 aumenta di dimensioni. In FH3 hanno le dimensioni di <span class=\"hiddenSpellError\">Phidippus<\/span> <span class=\"hiddenSpellError\">regius<\/span> <span class=\"hiddenGrammarError\">\"North Florida\"<\/span> o <span class=\"hiddenSpellError\">Phidippus<\/span> cf. <span class=\"hiddenSpellError\">regius<\/span> <span class=\"hiddenGrammarError\">\"<\/span><span class=\"hiddenSpellError\">Apalachicola<\/span><span class=\"hiddenGrammarError\">\" in FH2<\/span>. Questi saltatori attivi e attenti sono estremamente curiosi e agili. Con l&#8217;avanzare dell&#8217;et\u00e0, tuttavia, diventano molto calmi e rilassati. Un&#8217;evoluzione affascinante che cambia la loro personalit\u00e0 e il loro comportamento nel tempo.    <\/p>\n<p>Oltre ai loro occhi impressionanti, siamo incantati da <strong><span class=\"hiddenSpellError\">Phidippus<\/span> <span class=\"hiddenSpellError\">bidentatus<\/span> <span class=\"hiddenGrammarError\">\"Maya\"<\/span> <\/strong> con le loro <span class=\"hiddenSpellError\">chelicere<\/span> iridescenti. I maschi presentano con orgoglio sfumature di verde, blu o viola, mentre le femmine spesso brillano di rosso, arancione o verde-viola. Sull&#8217;addome sono presenti marcature vistose e ornamentali. I maschi sono di solito di colore pi\u00f9 scuro, ma molti di loro presentano comunque un sottile motivo scintillante. Le femmine, invece, ci sorprendono con un&#8217;ampia gamma di variazioni di colore, dal beige-marrone chiaro al grigio intenso. Cosa c&#8217;\u00e8 di speciale nel <strong><span class=\"hiddenSpellError\">Phidippus<\/span> <span class=\"hiddenSpellError\">bidentatus<\/span> <span class=\"hiddenGrammarError\">\"Maya\"<\/span> <\/strong> sono i colori cangianti delle loro marcature. Che siano verdi, blu, rossi o viola, sia i maschi che le femmine ci deliziano con i loro colori mozzafiato, anche se i maschi sono spesso un po&#8217; pi\u00f9 riservati.      <\/p>\n<p>Questi delicati saltatori raggiungono una dimensione media di circa 1,6 cm e possono raggiungere un&#8217;et\u00e0 rispettabile di circa 1,5 anni.<\/p>\n<p><strong><span class=\"hiddenSpellError\">Phidippus<\/span> <span class=\"hiddenSpellError\">bidentatus<\/span> <span class=\"hiddenGrammarError\">\"Maya\"<\/span> <\/strong>sono ragni saltatori attivi che dipendono da luce e calore sufficienti. A differenza di altre specie di ragni, non tessono ragnatele per catturare le loro prede. Al contrario, cacciano attivamente e quindi hanno bisogno di un ambiente ben illuminato per catturare con successo il loro cibo.  <\/p>\n<p>Affinch\u00e9 questi affascinanti ragni saltatori possano prosperare nel loro terrario, hanno bisogno di temperature comprese tra i 26 e i 28 \u00b0C. Nella parte superiore del loro habitat, le temperature dovrebbero essere idealmente intorno ai 28 \u00b0C. Inoltre, l&#8217;umidit\u00e0 dovrebbe essere pari a circa il 55-60% per garantire un clima piacevole.  <\/p>\n<p>Un&#8217;idratazione sufficiente \u00e8 essenziale per lo sviluppo sano di questi ragni saltatori. <strong><span class=\"hiddenSpellError\">Phidippus<\/span> <span class=\"hiddenSpellError\">bidentatus<\/span> <span class=\"hiddenGrammarError\">\"Maya\" <\/span><\/strong>assorbono liquidi sia dalle prede che dall&#8217;acqua potabile. Nelle giornate calde \u00e8 consigliabile spruzzarli leggermente, mentre nei periodi pi\u00f9 freddi \u00e8 sufficiente spruzzarli ogni due giorni. <\/p>\n<p><strong><span class=\"hiddenSpellError\">Phidippus<\/span> <span class=\"hiddenSpellError\">bidentatus<\/span> <span class=\"hiddenGrammarError\">\"Maya\"<\/span> <\/strong> sono una vera delizia per tutti coloro che sono affascinati dall&#8217;affascinante mondo dei ragni. Immergiti nel loro colorato splendore e goditi la variet\u00e0 e la bellezza che hanno da offrire. <\/p>\n","protected":false},"excerpt":{"rendered":"<p>Breve descrizione Phidippus bidentatus \"Maya\": Phidippus bidentatus \"Maya\" \u00e8 una rarit\u00e0 assoluta tra i ragni saltatori e gode di grande popolarit\u00e0 nel mondo degli amanti degli aracnidi. I loro colori vivaci ci fanno sorridere, soprattutto quando sono illuminati da una luce soffusa. Questi incantevoli Phidippus bidentatus \"Maya\" sono originari delle profondit\u00e0 del Messico e rivelano [&hellip;]<\/p>\n","protected":false},"featured_media":189581,"template":"","meta":{"_acf_changed":false},"product-supplier":[],"product_brand":[],"product_cat":[2809,2808],"product_tag":[],"lce-checkout-addons":[2746],"class_list":{"0":"post-189573","1":"product","2":"type-product","3":"status-publish","4":"has-post-thumbnail","6":"product_cat-ragni","7":"product_cat-ragni-che-saltano","8":"product_shipping_class-spedizione-di-animali","9":"pa_geschlecht-donna","10":"pa_geschlecht-indeterminato","11":"pa_geschlecht-uomo","12":"pa_herkunft-messico","13":"pa_kontinent-nord-america","14":"lce-checkout-addons-imballaggio-invernale","16":"first","17":"outofstock","18":"taxable","19":"shipping-taxable","20":"purchasable","21":"product-type-variable"},"acf":[],"yoast_head":"<!-- This site is optimized with the Yoast SEO Premium plugin v26.8 (Yoast SEO v27.3) - https:\/\/yoast.com\/product\/yoast-seo-premium-wordpress\/ -->\n<title>Phidippus bidentatus &quot;Maya - Insektenliebe<\/title>\n<meta name=\"description\" content=\"Acquista a buon mercato Phidippus bidentatus &quot;Maya&quot; direttamente online! Un bellissimo ragno saltatore che puoi acquistare qui direttamente dall&#039;allevatore.\" \/>\n<meta name=\"robots\" content=\"index, follow, max-snippet:-1, max-image-preview:large, max-video-preview:-1\" \/>\n<link rel=\"canonical\" href=\"https:\/\/insektenliebe.com\/it\/shop\/prodotto\/phidippus-bidentatus-maya\/\" \/>\n<meta property=\"og:locale\" content=\"it_IT\" \/>\n<meta property=\"og:type\" content=\"article\" \/>\n<meta property=\"og:title\" content=\"Phidippus bidentatus &quot;Maya\" \/>\n<meta property=\"og:description\" content=\"Acquista a buon mercato Phidippus bidentatus &quot;Maya&quot; direttamente online! Un bellissimo ragno saltatore che puoi acquistare qui direttamente dall&#039;allevatore.\" \/>\n<meta property=\"og:url\" content=\"https:\/\/insektenliebe.com\/it\/shop\/prodotto\/phidippus-bidentatus-maya\/\" \/>\n<meta property=\"og:site_name\" content=\"Insektenliebe\" \/>\n<meta property=\"og:image\" content=\"https:\/\/insektenliebe.com\/wp-content\/uploads\/2023\/07\/Phidippus-bidentatus-\u201eMaya.jpg\" \/>\n\t<meta property=\"og:image:width\" content=\"820\" \/>\n\t<meta property=\"og:image:height\" content=\"820\" \/>\n\t<meta property=\"og:image:type\" content=\"image\/jpeg\" \/>\n<meta name=\"twitter:card\" content=\"summary_large_image\" \/>\n<meta name=\"twitter:label1\" content=\"Disponibilit\u00e0\" \/>\n\t<meta name=\"twitter:data1\" content=\"Esaurito\" \/>\n<script type=\"application\/ld+json\" class=\"yoast-schema-graph\">{\"@context\":\"https:\\\/\\\/schema.org\",\"@graph\":[{\"@type\":\"WebPage\",\"@id\":\"https:\\\/\\\/insektenliebe.com\\\/it\\\/shop\\\/prodotto\\\/phidippus-bidentatus-maya\\\/\",\"url\":\"https:\\\/\\\/insektenliebe.com\\\/it\\\/shop\\\/prodotto\\\/phidippus-bidentatus-maya\\\/\",\"name\":\"Phidippus bidentatus \\\"Maya - Insektenliebe\",\"isPartOf\":{\"@id\":\"https:\\\/\\\/insektenliebe.com\\\/it\\\/#website\"},\"primaryImageOfPage\":{\"@id\":\"https:\\\/\\\/insektenliebe.com\\\/it\\\/shop\\\/prodotto\\\/phidippus-bidentatus-maya\\\/#primaryimage\"},\"image\":{\"@id\":\"https:\\\/\\\/insektenliebe.com\\\/it\\\/shop\\\/prodotto\\\/phidippus-bidentatus-maya\\\/#primaryimage\"},\"thumbnailUrl\":\"https:\\\/\\\/insektenliebe.com\\\/wp-content\\\/uploads\\\/2023\\\/07\\\/Phidippus-bidentatus-\u201eMaya.jpg\",\"datePublished\":\"2023-07-21T11:11:40+00:00\",\"description\":\"Acquista a buon mercato Phidippus bidentatus \\\"Maya\\\" direttamente online! Un bellissimo ragno saltatore che puoi acquistare qui direttamente dall'allevatore.\",\"breadcrumb\":{\"@id\":\"https:\\\/\\\/insektenliebe.com\\\/it\\\/shop\\\/prodotto\\\/phidippus-bidentatus-maya\\\/#breadcrumb\"},\"inLanguage\":\"it-IT\",\"potentialAction\":[{\"@type\":\"ReadAction\",\"target\":[\"https:\\\/\\\/insektenliebe.com\\\/it\\\/shop\\\/prodotto\\\/phidippus-bidentatus-maya\\\/\"]}]},{\"@type\":\"ImageObject\",\"inLanguage\":\"it-IT\",\"@id\":\"https:\\\/\\\/insektenliebe.com\\\/it\\\/shop\\\/prodotto\\\/phidippus-bidentatus-maya\\\/#primaryimage\",\"url\":\"https:\\\/\\\/insektenliebe.com\\\/wp-content\\\/uploads\\\/2023\\\/07\\\/Phidippus-bidentatus-\u201eMaya.jpg\",\"contentUrl\":\"https:\\\/\\\/insektenliebe.com\\\/wp-content\\\/uploads\\\/2023\\\/07\\\/Phidippus-bidentatus-\u201eMaya.jpg\",\"width\":820,\"height\":820,\"caption\":\"Phidippus bidentatus \\\"Maya\"},{\"@type\":\"BreadcrumbList\",\"@id\":\"https:\\\/\\\/insektenliebe.com\\\/it\\\/shop\\\/prodotto\\\/phidippus-bidentatus-maya\\\/#breadcrumb\",\"itemListElement\":[{\"@type\":\"ListItem\",\"position\":1,\"name\":\"Startseite\",\"item\":\"https:\\\/\\\/insektenliebe.com\\\/it\\\/\"},{\"@type\":\"ListItem\",\"position\":2,\"name\":\"Negozio\",\"item\":\"https:\\\/\\\/insektenliebe.com\\\/it\\\/negozio\\\/\"},{\"@type\":\"ListItem\",\"position\":3,\"name\":\"Phidippus bidentatus &#8220;Maya\"}]},{\"@type\":\"WebSite\",\"@id\":\"https:\\\/\\\/insektenliebe.com\\\/it\\\/#website\",\"url\":\"https:\\\/\\\/insektenliebe.com\\\/it\\\/\",\"name\":\"Insektenliebe\",\"description\":\"Dein Zuhause f\u00fcr die kleinen Lebewesen\",\"publisher\":{\"@id\":\"https:\\\/\\\/insektenliebe.com\\\/it\\\/#organization\"},\"potentialAction\":[{\"@type\":\"SearchAction\",\"target\":{\"@type\":\"EntryPoint\",\"urlTemplate\":\"https:\\\/\\\/insektenliebe.com\\\/it\\\/?s={search_term_string}\"},\"query-input\":{\"@type\":\"PropertyValueSpecification\",\"valueRequired\":true,\"valueName\":\"search_term_string\"}}],\"inLanguage\":\"it-IT\"},{\"@type\":\"Organization\",\"@id\":\"https:\\\/\\\/insektenliebe.com\\\/it\\\/#organization\",\"name\":\"Insektenliebe\",\"url\":\"https:\\\/\\\/insektenliebe.com\\\/it\\\/\",\"logo\":{\"@type\":\"ImageObject\",\"inLanguage\":\"it-IT\",\"@id\":\"https:\\\/\\\/insektenliebe.com\\\/it\\\/#\\\/schema\\\/logo\\\/image\\\/\",\"url\":\"https:\\\/\\\/insektenliebe.com\\\/wp-content\\\/uploads\\\/2025\\\/03\\\/logo-white.png\",\"contentUrl\":\"https:\\\/\\\/insektenliebe.com\\\/wp-content\\\/uploads\\\/2025\\\/03\\\/logo-white.png\",\"width\":288,\"height\":188,\"caption\":\"Insektenliebe\"},\"image\":{\"@id\":\"https:\\\/\\\/insektenliebe.com\\\/it\\\/#\\\/schema\\\/logo\\\/image\\\/\"}}]}<\/script>\n<meta property=\"og:availability\" content=\"out of stock\" \/>\n<meta property=\"product:availability\" content=\"out of stock\" \/>\n<meta property=\"product:retailer_item_id\" content=\"477\" \/>\n<meta property=\"product:condition\" content=\"new\" \/>\n<!-- \/ Yoast SEO Premium plugin. -->","yoast_head_json":{"title":"Phidippus bidentatus \"Maya - Insektenliebe","description":"Acquista a buon mercato Phidippus bidentatus \"Maya\" direttamente online! Un bellissimo ragno saltatore che puoi acquistare qui direttamente dall'allevatore.","robots":{"index":"index","follow":"follow","max-snippet":"max-snippet:-1","max-image-preview":"max-image-preview:large","max-video-preview":"max-video-preview:-1"},"canonical":"https:\/\/insektenliebe.com\/it\/shop\/prodotto\/phidippus-bidentatus-maya\/","og_locale":"it_IT","og_type":"article","og_title":"Phidippus bidentatus \"Maya","og_description":"Acquista a buon mercato Phidippus bidentatus \"Maya\" direttamente online! Un bellissimo ragno saltatore che puoi acquistare qui direttamente dall'allevatore.","og_url":"https:\/\/insektenliebe.com\/it\/shop\/prodotto\/phidippus-bidentatus-maya\/","og_site_name":"Insektenliebe","og_image":[{"width":820,"height":820,"url":"https:\/\/insektenliebe.com\/wp-content\/uploads\/2023\/07\/Phidippus-bidentatus-\u201eMaya.jpg","type":"image\/jpeg"}],"twitter_card":"summary_large_image","twitter_misc":{"Disponibilit\u00e0":"Esaurito"},"schema":{"@context":"https:\/\/schema.org","@graph":[{"@type":"WebPage","@id":"https:\/\/insektenliebe.com\/it\/shop\/prodotto\/phidippus-bidentatus-maya\/","url":"https:\/\/insektenliebe.com\/it\/shop\/prodotto\/phidippus-bidentatus-maya\/","name":"Phidippus bidentatus \"Maya - Insektenliebe","isPartOf":{"@id":"https:\/\/insektenliebe.com\/it\/#website"},"primaryImageOfPage":{"@id":"https:\/\/insektenliebe.com\/it\/shop\/prodotto\/phidippus-bidentatus-maya\/#primaryimage"},"image":{"@id":"https:\/\/insektenliebe.com\/it\/shop\/prodotto\/phidippus-bidentatus-maya\/#primaryimage"},"thumbnailUrl":"https:\/\/insektenliebe.com\/wp-content\/uploads\/2023\/07\/Phidippus-bidentatus-\u201eMaya.jpg","datePublished":"2023-07-21T11:11:40+00:00","description":"Acquista a buon mercato Phidippus bidentatus \"Maya\" direttamente online! Un bellissimo ragno saltatore che puoi acquistare qui direttamente dall'allevatore.","breadcrumb":{"@id":"https:\/\/insektenliebe.com\/it\/shop\/prodotto\/phidippus-bidentatus-maya\/#breadcrumb"},"inLanguage":"it-IT","potentialAction":[{"@type":"ReadAction","target":["https:\/\/insektenliebe.com\/it\/shop\/prodotto\/phidippus-bidentatus-maya\/"]}]},{"@type":"ImageObject","inLanguage":"it-IT","@id":"https:\/\/insektenliebe.com\/it\/shop\/prodotto\/phidippus-bidentatus-maya\/#primaryimage","url":"https:\/\/insektenliebe.com\/wp-content\/uploads\/2023\/07\/Phidippus-bidentatus-\u201eMaya.jpg","contentUrl":"https:\/\/insektenliebe.com\/wp-content\/uploads\/2023\/07\/Phidippus-bidentatus-\u201eMaya.jpg","width":820,"height":820,"caption":"Phidippus bidentatus \"Maya"},{"@type":"BreadcrumbList","@id":"https:\/\/insektenliebe.com\/it\/shop\/prodotto\/phidippus-bidentatus-maya\/#breadcrumb","itemListElement":[{"@type":"ListItem","position":1,"name":"Startseite","item":"https:\/\/insektenliebe.com\/it\/"},{"@type":"ListItem","position":2,"name":"Negozio","item":"https:\/\/insektenliebe.com\/it\/negozio\/"},{"@type":"ListItem","position":3,"name":"Phidippus bidentatus &#8220;Maya"}]},{"@type":"WebSite","@id":"https:\/\/insektenliebe.com\/it\/#website","url":"https:\/\/insektenliebe.com\/it\/","name":"Insektenliebe","description":"Dein Zuhause f\u00fcr die kleinen Lebewesen","publisher":{"@id":"https:\/\/insektenliebe.com\/it\/#organization"},"potentialAction":[{"@type":"SearchAction","target":{"@type":"EntryPoint","urlTemplate":"https:\/\/insektenliebe.com\/it\/?s={search_term_string}"},"query-input":{"@type":"PropertyValueSpecification","valueRequired":true,"valueName":"search_term_string"}}],"inLanguage":"it-IT"},{"@type":"Organization","@id":"https:\/\/insektenliebe.com\/it\/#organization","name":"Insektenliebe","url":"https:\/\/insektenliebe.com\/it\/","logo":{"@type":"ImageObject","inLanguage":"it-IT","@id":"https:\/\/insektenliebe.com\/it\/#\/schema\/logo\/image\/","url":"https:\/\/insektenliebe.com\/wp-content\/uploads\/2025\/03\/logo-white.png","contentUrl":"https:\/\/insektenliebe.com\/wp-content\/uploads\/2025\/03\/logo-white.png","width":288,"height":188,"caption":"Insektenliebe"},"image":{"@id":"https:\/\/insektenliebe.com\/it\/#\/schema\/logo\/image\/"}}]},"og_availability":"out of stock","product_availability":"out of stock","product_retailer_item_id":"477","product_condition":"new"},"_links":{"self":[{"href":"https:\/\/insektenliebe.com\/it\/wp-json\/wp\/v2\/product\/189573","targetHints":{"allow":["GET"]}}],"collection":[{"href":"https:\/\/insektenliebe.com\/it\/wp-json\/wp\/v2\/product"}],"about":[{"href":"https:\/\/insektenliebe.com\/it\/wp-json\/wp\/v2\/types\/product"}],"wp:featuredmedia":[{"embeddable":true,"href":"https:\/\/insektenliebe.com\/it\/wp-json\/wp\/v2\/media\/189581"}],"wp:attachment":[{"href":"https:\/\/insektenliebe.com\/it\/wp-json\/wp\/v2\/media?parent=189573"}],"wp:term":[{"taxonomy":"product-supplier","embeddable":true,"href":"https:\/\/insektenliebe.com\/it\/wp-json\/wp\/v2\/product-supplier?post=189573"},{"taxonomy":"product_brand","embeddable":true,"href":"https:\/\/insektenliebe.com\/it\/wp-json\/wp\/v2\/product_brand?post=189573"},{"taxonomy":"product_cat","embeddable":true,"href":"https:\/\/insektenliebe.com\/it\/wp-json\/wp\/v2\/product_cat?post=189573"},{"taxonomy":"product_tag","embeddable":true,"href":"https:\/\/insektenliebe.com\/it\/wp-json\/wp\/v2\/product_tag?post=189573"},{"taxonomy":"lce-checkout-addons","embeddable":true,"href":"https:\/\/insektenliebe.com\/it\/wp-json\/wp\/v2\/lce-checkout-addons?post=189573"}],"curies":[{"name":"wp","href":"https:\/\/api.w.org\/{rel}","templated":true}]}}