{"id":189550,"date":"2025-11-07T15:04:04","date_gmt":"2025-11-07T14:04:04","guid":{"rendered":"https:\/\/insektenliebe.com\/shop\/produkt\/chilobrachys-natanicharum\/"},"modified":"2026-04-18T07:30:46","modified_gmt":"2026-04-18T05:30:46","slug":"chilobrachys-natanicharum","status":"publish","type":"product","link":"https:\/\/insektenliebe.com\/it\/shop\/prodotto\/chilobrachys-natanicharum\/","title":{"rendered":"Chilobrachys natanicharum"},"content":{"rendered":"<h3 class=\"p1\"><span style=\"color: #99cc33\"><strong><span class=\"s1\">L&#8217;arte di filare in blu - Perch\u00e9 la Chilobrachys natanicharum \u00e8 una delle specie pi\u00f9 spettacolari<\/span><\/strong><\/span><\/h3>\n<p class=\"p1\"><strong><span class=\"s1\">Chilobrachys natanicharum<\/span><\/strong><span class=\"s2\">  \u00e8 una delle tarantole pi\u00f9 spettacolari in circolazione. Il suo colore blu scintillante e l&#8217;intenso comportamento della ragnatela a imbuto la rendono un vero e proprio richiamo visivo e una specie che da tempo ha raggiunto lo status di culto tra i detentori esperti. \u00c8 originaria della Thailandia, dove vive in regioni umide e tropicali. Per questo motivo \u00e8 molto importante un allestimento ben studiato.   <\/span><\/p>\n<p class=\"p1\"><span class=\"s2\">Questa specie richiede un terrario con un&#8217;elevata umidit\u00e0 e una struttura sufficiente. Dovrebbe essere di almeno 30 \u00d7 30 \u00d7 30 cm per gli animali adulti. \u00c8 particolarmente importante un substrato profondo e scavabile - preferibilmente di 15 cm o pi\u00f9 - poich\u00e9 <strong><span class=\"s1\">Chilobrachys natanicharum<\/span><\/strong> ama costruire tunnel e reti a imbuto. Uno strato stabile di humus forestale, un po&#8217; di sabbia del deserto e humus di cocco \u00e8 l&#8217;ideale. Il terreno deve essere sempre leggermente umido, ma mai bagnato. Uno strato di foglie o muschio aiuta a stabilizzare il clima. Una buona ventilazione e le foglie di mandorlo marino prevengono la formazione di muffe.      <\/span><\/p>\n<p class=\"p1\"><span class=\"s2\">Il comportamento di questa specie \u00e8 spesso timido ma rapido. Ama nascondersi nei suoi tubi durante il giorno, ma \u00e8 attivo al crepuscolo e di notte. Se viene disturbata, pu\u00f2 ritirarsi alla velocit\u00e0 della luce o difendersi vigorosamente. Non \u00e8 quindi l&#8217;ideale per i principianti. Tuttavia, pu\u00f2 essere osservato regolarmente con il giusto setup, soprattutto quando si costruiscono le reti.    <\/span><\/p>\n<p class=\"p1\"><span class=\"s2\">L&#8217;alimentazione \u00e8 semplice: Grilli, scarafaggi o grilli sono accettati in modo affidabile. Gli animali giovani crescono rapidamente e fanno la muta regolarmente in buone condizioni. Anche gli animali subadulti mostrano gi\u00e0 la tipica colorazione blu. Questa \u00e8 straordinariamente intensa, soprattutto dopo la muta. In seguito, il colore blu pu\u00f2 scurirsi leggermente con l&#8217;avanzare dell&#8217;et\u00e0, ma rimane sempre sorprendente.    <\/span><\/p>\n<p class=\"p1\"><span class=\"s2\"><strong><span class=\"s1\">Chilobrachys natanicharum<\/span><\/strong> \u00e8 un animale impressionante che colpisce per i suoi colori e la sua attivit\u00e0. Chiunque abbia esperienza con specie veloci e scavatrici e possa garantire un clima caldo e umido, trover\u00e0 questo affascinante animale da terrario. Con la pazienza e le buone cure, ricompensa i suoi custodi con una visione unica del comportamento dei ragni tropicali a ragnatela imbutiforme.  <\/span><\/p>\n","protected":false},"excerpt":{"rendered":"<p>L&#8217;arte di filare in blu - Perch\u00e9 la Chilobrachys natanicharum \u00e8 una delle specie pi\u00f9 spettacolari Chilobrachys natanicharum \u00e8 una delle tarantole pi\u00f9 spettacolari in circolazione. Il suo colore blu scintillante e l&#8217;intenso comportamento della ragnatela a imbuto la rendono un vero e proprio richiamo visivo e una specie che da tempo ha raggiunto lo [&hellip;]<\/p>\n","protected":false},"featured_media":189558,"template":"","meta":{"_acf_changed":false},"product-supplier":[],"product_brand":[],"product_cat":[3004],"product_tag":[],"lce-checkout-addons":[2746],"class_list":{"0":"post-189550","1":"product","2":"type-product","3":"status-publish","4":"has-post-thumbnail","6":"product_cat-tarantole","7":"product_shipping_class-spedizione-di-animali","8":"pa_geschlecht-donna","9":"pa_geschlecht-indeterminato","10":"pa_geschlecht-uomo","11":"pa_herkunft-thailandia","12":"pa_kontinent-asia","13":"lce-checkout-addons-imballaggio-invernale","15":"first","16":"instock","17":"sale","18":"taxable","19":"shipping-taxable","20":"purchasable","21":"product-type-variable"},"acf":[],"yoast_head":"<!-- This site is optimized with the Yoast SEO plugin v27.3 - https:\/\/yoast.com\/product\/yoast-seo-wordpress\/ -->\n<title>Chilobrachys natanicharum - Insektenliebe<\/title>\n<meta name=\"description\" content=\"Chilobrachys natanicharum - ragno tropicale a ragnatela con colore blu iridescente. Acquista subito online e tieniti aggiornato con i consigli su umidit\u00e0 e allestimento!\" \/>\n<meta name=\"robots\" content=\"index, follow, max-snippet:-1, max-image-preview:large, max-video-preview:-1\" \/>\n<link rel=\"canonical\" href=\"https:\/\/insektenliebe.com\/it\/shop\/prodotto\/chilobrachys-natanicharum\/\" \/>\n<meta property=\"og:locale\" content=\"it_IT\" \/>\n<meta property=\"og:type\" content=\"article\" \/>\n<meta property=\"og:title\" content=\"Chilobrachys natanicharum - Insektenliebe\" \/>\n<meta property=\"og:description\" content=\"Chilobrachys natanicharum - ragno tropicale a ragnatela con colore blu iridescente. Acquista subito online e tieniti aggiornato con i consigli su umidit\u00e0 e allestimento!\" \/>\n<meta property=\"og:url\" content=\"https:\/\/insektenliebe.com\/it\/shop\/prodotto\/chilobrachys-natanicharum\/\" \/>\n<meta property=\"og:site_name\" content=\"Insektenliebe\" \/>\n<meta property=\"article:modified_time\" content=\"2026-04-18T05:30:46+00:00\" \/>\n<meta property=\"og:image\" content=\"https:\/\/insektenliebe.com\/wp-content\/uploads\/2025\/11\/Chilobrachys-natanicharum.jpg\" \/>\n\t<meta property=\"og:image:width\" content=\"820\" \/>\n\t<meta property=\"og:image:height\" content=\"820\" \/>\n\t<meta property=\"og:image:type\" content=\"image\/jpeg\" \/>\n<meta name=\"twitter:card\" content=\"summary_large_image\" \/>\n<meta name=\"twitter:label1\" content=\"Tempo di lettura stimato\" \/>\n\t<meta name=\"twitter:data1\" content=\"2 minuto\" \/>\n<script type=\"application\/ld+json\" class=\"yoast-schema-graph\">{\"@context\":\"https:\\\/\\\/schema.org\",\"@graph\":[{\"@type\":\"WebPage\",\"@id\":\"https:\\\/\\\/insektenliebe.com\\\/it\\\/shop\\\/prodotto\\\/chilobrachys-natanicharum\\\/\",\"url\":\"https:\\\/\\\/insektenliebe.com\\\/it\\\/shop\\\/prodotto\\\/chilobrachys-natanicharum\\\/\",\"name\":\"Chilobrachys natanicharum - Insektenliebe\",\"isPartOf\":{\"@id\":\"https:\\\/\\\/insektenliebe.com\\\/it\\\/#website\"},\"primaryImageOfPage\":{\"@id\":\"https:\\\/\\\/insektenliebe.com\\\/it\\\/shop\\\/prodotto\\\/chilobrachys-natanicharum\\\/#primaryimage\"},\"image\":{\"@id\":\"https:\\\/\\\/insektenliebe.com\\\/it\\\/shop\\\/prodotto\\\/chilobrachys-natanicharum\\\/#primaryimage\"},\"thumbnailUrl\":\"https:\\\/\\\/insektenliebe.com\\\/wp-content\\\/uploads\\\/2025\\\/11\\\/Chilobrachys-natanicharum.jpg\",\"datePublished\":\"2025-11-07T14:04:04+00:00\",\"dateModified\":\"2026-04-18T05:30:46+00:00\",\"description\":\"Chilobrachys natanicharum - ragno tropicale a ragnatela con colore blu iridescente. Acquista subito online e tieniti aggiornato con i consigli su umidit\u00e0 e allestimento!\",\"breadcrumb\":{\"@id\":\"https:\\\/\\\/insektenliebe.com\\\/it\\\/shop\\\/prodotto\\\/chilobrachys-natanicharum\\\/#breadcrumb\"},\"inLanguage\":\"it-IT\",\"potentialAction\":[{\"@type\":\"ReadAction\",\"target\":[\"https:\\\/\\\/insektenliebe.com\\\/it\\\/shop\\\/prodotto\\\/chilobrachys-natanicharum\\\/\"]}]},{\"@type\":\"ImageObject\",\"inLanguage\":\"it-IT\",\"@id\":\"https:\\\/\\\/insektenliebe.com\\\/it\\\/shop\\\/prodotto\\\/chilobrachys-natanicharum\\\/#primaryimage\",\"url\":\"https:\\\/\\\/insektenliebe.com\\\/wp-content\\\/uploads\\\/2025\\\/11\\\/Chilobrachys-natanicharum.jpg\",\"contentUrl\":\"https:\\\/\\\/insektenliebe.com\\\/wp-content\\\/uploads\\\/2025\\\/11\\\/Chilobrachys-natanicharum.jpg\",\"width\":820,\"height\":820,\"caption\":\"Chilobrachys natanicharum\"},{\"@type\":\"BreadcrumbList\",\"@id\":\"https:\\\/\\\/insektenliebe.com\\\/it\\\/shop\\\/prodotto\\\/chilobrachys-natanicharum\\\/#breadcrumb\",\"itemListElement\":[{\"@type\":\"ListItem\",\"position\":1,\"name\":\"Startseite\",\"item\":\"https:\\\/\\\/insektenliebe.com\\\/it\\\/\"},{\"@type\":\"ListItem\",\"position\":2,\"name\":\"Negozio\",\"item\":\"https:\\\/\\\/insektenliebe.com\\\/it\\\/negozio\\\/\"},{\"@type\":\"ListItem\",\"position\":3,\"name\":\"Chilobrachys natanicharum\"}]},{\"@type\":\"WebSite\",\"@id\":\"https:\\\/\\\/insektenliebe.com\\\/it\\\/#website\",\"url\":\"https:\\\/\\\/insektenliebe.com\\\/it\\\/\",\"name\":\"Insektenliebe\",\"description\":\"Dein Zuhause f\u00fcr die kleinen Lebewesen\",\"publisher\":{\"@id\":\"https:\\\/\\\/insektenliebe.com\\\/it\\\/#organization\"},\"potentialAction\":[{\"@type\":\"SearchAction\",\"target\":{\"@type\":\"EntryPoint\",\"urlTemplate\":\"https:\\\/\\\/insektenliebe.com\\\/it\\\/?s={search_term_string}\"},\"query-input\":{\"@type\":\"PropertyValueSpecification\",\"valueRequired\":true,\"valueName\":\"search_term_string\"}}],\"inLanguage\":\"it-IT\"},{\"@type\":\"Organization\",\"@id\":\"https:\\\/\\\/insektenliebe.com\\\/it\\\/#organization\",\"name\":\"Insektenliebe\",\"url\":\"https:\\\/\\\/insektenliebe.com\\\/it\\\/\",\"logo\":{\"@type\":\"ImageObject\",\"inLanguage\":\"it-IT\",\"@id\":\"https:\\\/\\\/insektenliebe.com\\\/it\\\/#\\\/schema\\\/logo\\\/image\\\/\",\"url\":\"https:\\\/\\\/insektenliebe.com\\\/wp-content\\\/uploads\\\/2025\\\/03\\\/logo-white.png\",\"contentUrl\":\"https:\\\/\\\/insektenliebe.com\\\/wp-content\\\/uploads\\\/2025\\\/03\\\/logo-white.png\",\"width\":288,\"height\":188,\"caption\":\"Insektenliebe\"},\"image\":{\"@id\":\"https:\\\/\\\/insektenliebe.com\\\/it\\\/#\\\/schema\\\/logo\\\/image\\\/\"}}]}<\/script>\n<!-- \/ Yoast SEO plugin. -->","yoast_head_json":{"title":"Chilobrachys natanicharum - Insektenliebe","description":"Chilobrachys natanicharum - ragno tropicale a ragnatela con colore blu iridescente. Acquista subito online e tieniti aggiornato con i consigli su umidit\u00e0 e allestimento!","robots":{"index":"index","follow":"follow","max-snippet":"max-snippet:-1","max-image-preview":"max-image-preview:large","max-video-preview":"max-video-preview:-1"},"canonical":"https:\/\/insektenliebe.com\/it\/shop\/prodotto\/chilobrachys-natanicharum\/","og_locale":"it_IT","og_type":"article","og_title":"Chilobrachys natanicharum - Insektenliebe","og_description":"Chilobrachys natanicharum - ragno tropicale a ragnatela con colore blu iridescente. Acquista subito online e tieniti aggiornato con i consigli su umidit\u00e0 e allestimento!","og_url":"https:\/\/insektenliebe.com\/it\/shop\/prodotto\/chilobrachys-natanicharum\/","og_site_name":"Insektenliebe","article_modified_time":"2026-04-18T05:30:46+00:00","og_image":[{"width":820,"height":820,"url":"https:\/\/insektenliebe.com\/wp-content\/uploads\/2025\/11\/Chilobrachys-natanicharum.jpg","type":"image\/jpeg"}],"twitter_card":"summary_large_image","twitter_misc":{"Tempo di lettura stimato":"2 minuto"},"schema":{"@context":"https:\/\/schema.org","@graph":[{"@type":"WebPage","@id":"https:\/\/insektenliebe.com\/it\/shop\/prodotto\/chilobrachys-natanicharum\/","url":"https:\/\/insektenliebe.com\/it\/shop\/prodotto\/chilobrachys-natanicharum\/","name":"Chilobrachys natanicharum - Insektenliebe","isPartOf":{"@id":"https:\/\/insektenliebe.com\/it\/#website"},"primaryImageOfPage":{"@id":"https:\/\/insektenliebe.com\/it\/shop\/prodotto\/chilobrachys-natanicharum\/#primaryimage"},"image":{"@id":"https:\/\/insektenliebe.com\/it\/shop\/prodotto\/chilobrachys-natanicharum\/#primaryimage"},"thumbnailUrl":"https:\/\/insektenliebe.com\/wp-content\/uploads\/2025\/11\/Chilobrachys-natanicharum.jpg","datePublished":"2025-11-07T14:04:04+00:00","dateModified":"2026-04-18T05:30:46+00:00","description":"Chilobrachys natanicharum - ragno tropicale a ragnatela con colore blu iridescente. Acquista subito online e tieniti aggiornato con i consigli su umidit\u00e0 e allestimento!","breadcrumb":{"@id":"https:\/\/insektenliebe.com\/it\/shop\/prodotto\/chilobrachys-natanicharum\/#breadcrumb"},"inLanguage":"it-IT","potentialAction":[{"@type":"ReadAction","target":["https:\/\/insektenliebe.com\/it\/shop\/prodotto\/chilobrachys-natanicharum\/"]}]},{"@type":"ImageObject","inLanguage":"it-IT","@id":"https:\/\/insektenliebe.com\/it\/shop\/prodotto\/chilobrachys-natanicharum\/#primaryimage","url":"https:\/\/insektenliebe.com\/wp-content\/uploads\/2025\/11\/Chilobrachys-natanicharum.jpg","contentUrl":"https:\/\/insektenliebe.com\/wp-content\/uploads\/2025\/11\/Chilobrachys-natanicharum.jpg","width":820,"height":820,"caption":"Chilobrachys natanicharum"},{"@type":"BreadcrumbList","@id":"https:\/\/insektenliebe.com\/it\/shop\/prodotto\/chilobrachys-natanicharum\/#breadcrumb","itemListElement":[{"@type":"ListItem","position":1,"name":"Startseite","item":"https:\/\/insektenliebe.com\/it\/"},{"@type":"ListItem","position":2,"name":"Negozio","item":"https:\/\/insektenliebe.com\/it\/negozio\/"},{"@type":"ListItem","position":3,"name":"Chilobrachys natanicharum"}]},{"@type":"WebSite","@id":"https:\/\/insektenliebe.com\/it\/#website","url":"https:\/\/insektenliebe.com\/it\/","name":"Insektenliebe","description":"Dein Zuhause f\u00fcr die kleinen Lebewesen","publisher":{"@id":"https:\/\/insektenliebe.com\/it\/#organization"},"potentialAction":[{"@type":"SearchAction","target":{"@type":"EntryPoint","urlTemplate":"https:\/\/insektenliebe.com\/it\/?s={search_term_string}"},"query-input":{"@type":"PropertyValueSpecification","valueRequired":true,"valueName":"search_term_string"}}],"inLanguage":"it-IT"},{"@type":"Organization","@id":"https:\/\/insektenliebe.com\/it\/#organization","name":"Insektenliebe","url":"https:\/\/insektenliebe.com\/it\/","logo":{"@type":"ImageObject","inLanguage":"it-IT","@id":"https:\/\/insektenliebe.com\/it\/#\/schema\/logo\/image\/","url":"https:\/\/insektenliebe.com\/wp-content\/uploads\/2025\/03\/logo-white.png","contentUrl":"https:\/\/insektenliebe.com\/wp-content\/uploads\/2025\/03\/logo-white.png","width":288,"height":188,"caption":"Insektenliebe"},"image":{"@id":"https:\/\/insektenliebe.com\/it\/#\/schema\/logo\/image\/"}}]}},"_links":{"self":[{"href":"https:\/\/insektenliebe.com\/it\/wp-json\/wp\/v2\/product\/189550","targetHints":{"allow":["GET"]}}],"collection":[{"href":"https:\/\/insektenliebe.com\/it\/wp-json\/wp\/v2\/product"}],"about":[{"href":"https:\/\/insektenliebe.com\/it\/wp-json\/wp\/v2\/types\/product"}],"wp:featuredmedia":[{"embeddable":true,"href":"https:\/\/insektenliebe.com\/it\/wp-json\/wp\/v2\/media\/189558"}],"wp:attachment":[{"href":"https:\/\/insektenliebe.com\/it\/wp-json\/wp\/v2\/media?parent=189550"}],"wp:term":[{"taxonomy":"product-supplier","embeddable":true,"href":"https:\/\/insektenliebe.com\/it\/wp-json\/wp\/v2\/product-supplier?post=189550"},{"taxonomy":"product_brand","embeddable":true,"href":"https:\/\/insektenliebe.com\/it\/wp-json\/wp\/v2\/product_brand?post=189550"},{"taxonomy":"product_cat","embeddable":true,"href":"https:\/\/insektenliebe.com\/it\/wp-json\/wp\/v2\/product_cat?post=189550"},{"taxonomy":"product_tag","embeddable":true,"href":"https:\/\/insektenliebe.com\/it\/wp-json\/wp\/v2\/product_tag?post=189550"},{"taxonomy":"lce-checkout-addons","embeddable":true,"href":"https:\/\/insektenliebe.com\/it\/wp-json\/wp\/v2\/lce-checkout-addons?post=189550"}],"curies":[{"name":"wp","href":"https:\/\/api.w.org\/{rel}","templated":true}]}}