{"id":189546,"date":"2023-03-28T16:41:29","date_gmt":"2023-03-28T14:41:29","guid":{"rendered":"https:\/\/insektenliebe.com\/shop\/produkt\/phidippus-regius-dos-gardenas\/"},"modified":"2026-04-15T12:44:10","modified_gmt":"2026-04-15T10:44:10","slug":"phidippus-regius-dos-gardenas","status":"publish","type":"product","link":"https:\/\/insektenliebe.com\/it\/shop\/prodotto\/phidippus-regius-dos-gardenas\/","title":{"rendered":"Phidippus regius \"dos Gardenas"},"content":{"rendered":"<h3><span class=\"s1\" style=\"color: #99cc33;\">Phidippus regius \"Dos Gardenas\" - Ragno saltatore colorato di Cuba<\/span><\/h3>\n<p class=\"p1\"><strong><span class=\"s1\">Phidippus regius \"Dos Gardenas<\/span><\/strong><span class=\"s2\">  \u00e8 una forma locale particolarmente attraente proveniente da Cuba e colpisce per il suo aspetto vivace. Allo stesso tempo, mostra il tipico comportamento che rende i ragni saltatori cos\u00ec popolari. <\/span><\/p>\n<p class=\"p1\"><span class=\"s2\">Le <\/span><span class=\"s1\">femmine<\/span><span class=\"s2\"> portano vistose <\/span><span class=\"s1\">macchie di colore rosso-arancio<\/span><span class=\"s2\">che cattura immediatamente l&#8217;attenzione. Hanno anche chelicere intensamente colorate, che rendono l&#8217;immagine complessiva ancora pi\u00f9 impressionante. Questo crea un forte contrasto che rende questa forma locale particolarmente interessante.  <\/span><\/p>\n<p class=\"p1\"><span class=\"s2\">I <\/span><span class=\"s1\">maschi<\/span><span class=\"s2\">  invece, appaiono pi\u00f9 tranquilli perch\u00e9 sono di colore bianco e nero. Ciononostante, hanno il loro fascino, perch\u00e9 la loro   <\/span><span class=\"s1\">chelicere scintillanti verdi<\/span><span class=\"s2\">  forniscono un bellissimo accento. Questo distingue chiaramente i due sessi l&#8217;uno dall&#8217;altro e aggiunge variet\u00e0 alla specie. <\/span><\/p>\n<p class=\"p1\"><span class=\"s2\">Come tutti i ragni saltatori, anche questa forma locale \u00e8 <\/span><span class=\"s1\">diurna e molto vigile<\/span><span class=\"s2\">. Osserva attentamente l&#8217;ambiente circostante e reagisce rapidamente ai movimenti. Non appena scopre un animale da mangiare, si avvicina con cautela e poi gli salta addosso. <\/span><\/p>\n<p class=\"p1\"><span class=\"s2\">Utilizza una <\/span><span class=\"s1\">filo di sicurezza<\/span><span class=\"s2\">che toglie quando salta. Questo li tiene al sicuro e permette loro di ritirarsi in qualsiasi momento. Questo comportamento \u00e8 particolarmente facile da osservare nel terrario e rende la loro gestione molto interessante.  <\/span><\/p>\n<p class=\"p1\"><span class=\"s2\">Questa specie \u00e8 piacevolmente semplice da tenere. Uno  <\/span><span class=\"s1\">Umidit\u00e0 del 60-70% circa<\/span><span class=\"s2\">  \u00e8 del tutto sufficiente, anche se dovresti mantenere il terrario un po&#8217; pi\u00f9 asciutto. Allo stesso tempo, \u00e8 sufficiente che tu   <\/span><span class=\"s1\">spruzza leggermente due o tre volte alla settimana<\/span><span class=\"s2\">in modo che si formino delle gocce d&#8217;acqua.<\/span><\/p>\n<p class=\"p1\"><span class=\"s2\">Gli animali bevono direttamente dalle gocce, quindi non \u00e8 necessaria una ciotola per l&#8217;acqua. In questo modo il terrario rimane pulito e ordinato. <\/span><\/p>\n<p class=\"p1\"><span class=\"s2\">L&#8217;ideale per l&#8217;allevamento \u00e8 un <\/span><span class=\"s1\">un terrario alto e ben strutturato<\/span><span class=\"s2\">perch\u00e9 i ragni saltatori amano arrampicarsi. Rami, cortecce e luoghi sopraelevati incoraggiano il comportamento naturale e allo stesso tempo garantiscono una maggiore attivit\u00e0. <\/span><\/p>\n<p class=\"p1\"><span class=\"s2\">Grazie al loro <\/span><span class=\"s1\">comportamento brillante<\/span><span class=\"s2\">la loro <\/span><span class=\"s1\">colorazione vistosa<\/span><span class=\"s2\"> e il loro <\/span><span class=\"s1\">comportamento semplice<\/span><span class=\"s2\"> \u00e8 <\/span><strong><span class=\"s1\">Phidippus regius \"Dos Gardenas<\/span><\/strong><span class=\"s2\">  un ragno saltatore ideale per i principianti e per i detentori esperti. Offre spunti interessanti e regala ogni giorno nuovi momenti di osservazione. <\/span><\/p>\n","protected":false},"excerpt":{"rendered":"<p>Phidippus regius \"Dos Gardenas\" - Ragno saltatore colorato di Cuba Phidippus regius \"Dos Gardenas \u00e8 una forma locale particolarmente attraente proveniente da Cuba e colpisce per il suo aspetto vivace. Allo stesso tempo, mostra il tipico comportamento che rende i ragni saltatori cos\u00ec popolari. Le femmine portano vistose macchie di colore rosso-arancioche cattura immediatamente l&#8217;attenzione. [&hellip;]<\/p>\n","protected":false},"featured_media":185861,"template":"","meta":{"_acf_changed":false},"product-supplier":[],"product_brand":[],"product_cat":[2809,2808],"product_tag":[],"lce-checkout-addons":[2746],"class_list":{"0":"post-189546","1":"product","2":"type-product","3":"status-publish","4":"has-post-thumbnail","6":"product_cat-ragni","7":"product_cat-ragni-che-saltano","8":"product_shipping_class-spedizione-di-animali","9":"pa_geschlecht-donna","10":"pa_geschlecht-indeterminato","11":"pa_geschlecht-uomo","12":"pa_herkunft-cuba","13":"pa_kontinent-nord-america","14":"lce-checkout-addons-imballaggio-invernale","16":"first","17":"instock","18":"sale","19":"taxable","20":"shipping-taxable","21":"purchasable","22":"product-type-variable"},"acf":[],"yoast_head":"<!-- This site is optimized with the Yoast SEO plugin v27.3 - https:\/\/yoast.com\/product\/yoast-seo-wordpress\/ -->\n<title>Phidippus regius &quot;dos Gardenas - Insektenliebe<\/title>\n<meta name=\"description\" content=\"Phidippus regius &quot;Dos Gardenas&quot; - coloratissimo ragno saltatore di Cuba. Attivo, curioso e ideale per i principianti.\" \/>\n<meta name=\"robots\" content=\"index, follow, max-snippet:-1, max-image-preview:large, max-video-preview:-1\" \/>\n<link rel=\"canonical\" href=\"https:\/\/insektenliebe.com\/it\/shop\/prodotto\/phidippus-regius-dos-gardenas\/\" \/>\n<meta property=\"og:locale\" content=\"it_IT\" \/>\n<meta property=\"og:type\" content=\"article\" \/>\n<meta property=\"og:title\" content=\"Phidippus regius &quot;dos Gardenas - Insektenliebe\" \/>\n<meta property=\"og:description\" content=\"Phidippus regius &quot;Dos Gardenas&quot; - coloratissimo ragno saltatore di Cuba. Attivo, curioso e ideale per i principianti.\" \/>\n<meta property=\"og:url\" content=\"https:\/\/insektenliebe.com\/it\/shop\/prodotto\/phidippus-regius-dos-gardenas\/\" \/>\n<meta property=\"og:site_name\" content=\"Insektenliebe\" \/>\n<meta property=\"article:modified_time\" content=\"2026-04-15T10:44:10+00:00\" \/>\n<meta property=\"og:image\" content=\"https:\/\/insektenliebe.com\/wp-content\/uploads\/2025\/05\/Phidippus-regius-\u201edos-Gardenas-Nahaufnahme-1-2.jpg\" \/>\n\t<meta property=\"og:image:width\" content=\"820\" \/>\n\t<meta property=\"og:image:height\" content=\"820\" \/>\n\t<meta property=\"og:image:type\" content=\"image\/jpeg\" \/>\n<meta name=\"twitter:card\" content=\"summary_large_image\" \/>\n<meta name=\"twitter:label1\" content=\"Tempo di lettura stimato\" \/>\n\t<meta name=\"twitter:data1\" content=\"2 minuto\" \/>\n<script type=\"application\/ld+json\" class=\"yoast-schema-graph\">{\"@context\":\"https:\\\/\\\/schema.org\",\"@graph\":[{\"@type\":\"WebPage\",\"@id\":\"https:\\\/\\\/insektenliebe.com\\\/it\\\/shop\\\/prodotto\\\/phidippus-regius-dos-gardenas\\\/\",\"url\":\"https:\\\/\\\/insektenliebe.com\\\/it\\\/shop\\\/prodotto\\\/phidippus-regius-dos-gardenas\\\/\",\"name\":\"Phidippus regius \\\"dos Gardenas - Insektenliebe\",\"isPartOf\":{\"@id\":\"https:\\\/\\\/insektenliebe.com\\\/it\\\/#website\"},\"primaryImageOfPage\":{\"@id\":\"https:\\\/\\\/insektenliebe.com\\\/it\\\/shop\\\/prodotto\\\/phidippus-regius-dos-gardenas\\\/#primaryimage\"},\"image\":{\"@id\":\"https:\\\/\\\/insektenliebe.com\\\/it\\\/shop\\\/prodotto\\\/phidippus-regius-dos-gardenas\\\/#primaryimage\"},\"thumbnailUrl\":\"https:\\\/\\\/insektenliebe.com\\\/wp-content\\\/uploads\\\/2025\\\/05\\\/Phidippus-regius-\u201edos-Gardenas-Nahaufnahme-1-2.jpg\",\"datePublished\":\"2023-03-28T14:41:29+00:00\",\"dateModified\":\"2026-04-15T10:44:10+00:00\",\"description\":\"Phidippus regius \\\"Dos Gardenas\\\" - coloratissimo ragno saltatore di Cuba. Attivo, curioso e ideale per i principianti.\",\"breadcrumb\":{\"@id\":\"https:\\\/\\\/insektenliebe.com\\\/it\\\/shop\\\/prodotto\\\/phidippus-regius-dos-gardenas\\\/#breadcrumb\"},\"inLanguage\":\"it-IT\",\"potentialAction\":[{\"@type\":\"ReadAction\",\"target\":[\"https:\\\/\\\/insektenliebe.com\\\/it\\\/shop\\\/prodotto\\\/phidippus-regius-dos-gardenas\\\/\"]}]},{\"@type\":\"ImageObject\",\"inLanguage\":\"it-IT\",\"@id\":\"https:\\\/\\\/insektenliebe.com\\\/it\\\/shop\\\/prodotto\\\/phidippus-regius-dos-gardenas\\\/#primaryimage\",\"url\":\"https:\\\/\\\/insektenliebe.com\\\/wp-content\\\/uploads\\\/2025\\\/05\\\/Phidippus-regius-\u201edos-Gardenas-Nahaufnahme-1-2.jpg\",\"contentUrl\":\"https:\\\/\\\/insektenliebe.com\\\/wp-content\\\/uploads\\\/2025\\\/05\\\/Phidippus-regius-\u201edos-Gardenas-Nahaufnahme-1-2.jpg\",\"width\":820,\"height\":820,\"caption\":\"Phidippus-regius-\\\"dos-Gardenas-close-up-1-2.jpg\"},{\"@type\":\"BreadcrumbList\",\"@id\":\"https:\\\/\\\/insektenliebe.com\\\/it\\\/shop\\\/prodotto\\\/phidippus-regius-dos-gardenas\\\/#breadcrumb\",\"itemListElement\":[{\"@type\":\"ListItem\",\"position\":1,\"name\":\"Startseite\",\"item\":\"https:\\\/\\\/insektenliebe.com\\\/it\\\/\"},{\"@type\":\"ListItem\",\"position\":2,\"name\":\"Negozio\",\"item\":\"https:\\\/\\\/insektenliebe.com\\\/it\\\/negozio\\\/\"},{\"@type\":\"ListItem\",\"position\":3,\"name\":\"Phidippus regius \\\"dos Gardenas\"}]},{\"@type\":\"WebSite\",\"@id\":\"https:\\\/\\\/insektenliebe.com\\\/it\\\/#website\",\"url\":\"https:\\\/\\\/insektenliebe.com\\\/it\\\/\",\"name\":\"Insektenliebe\",\"description\":\"Dein Zuhause f\u00fcr die kleinen Lebewesen\",\"publisher\":{\"@id\":\"https:\\\/\\\/insektenliebe.com\\\/it\\\/#organization\"},\"potentialAction\":[{\"@type\":\"SearchAction\",\"target\":{\"@type\":\"EntryPoint\",\"urlTemplate\":\"https:\\\/\\\/insektenliebe.com\\\/it\\\/?s={search_term_string}\"},\"query-input\":{\"@type\":\"PropertyValueSpecification\",\"valueRequired\":true,\"valueName\":\"search_term_string\"}}],\"inLanguage\":\"it-IT\"},{\"@type\":\"Organization\",\"@id\":\"https:\\\/\\\/insektenliebe.com\\\/it\\\/#organization\",\"name\":\"Insektenliebe\",\"url\":\"https:\\\/\\\/insektenliebe.com\\\/it\\\/\",\"logo\":{\"@type\":\"ImageObject\",\"inLanguage\":\"it-IT\",\"@id\":\"https:\\\/\\\/insektenliebe.com\\\/it\\\/#\\\/schema\\\/logo\\\/image\\\/\",\"url\":\"https:\\\/\\\/insektenliebe.com\\\/wp-content\\\/uploads\\\/2025\\\/03\\\/logo-white.png\",\"contentUrl\":\"https:\\\/\\\/insektenliebe.com\\\/wp-content\\\/uploads\\\/2025\\\/03\\\/logo-white.png\",\"width\":288,\"height\":188,\"caption\":\"Insektenliebe\"},\"image\":{\"@id\":\"https:\\\/\\\/insektenliebe.com\\\/it\\\/#\\\/schema\\\/logo\\\/image\\\/\"}}]}<\/script>\n<!-- \/ Yoast SEO plugin. -->","yoast_head_json":{"title":"Phidippus regius \"dos Gardenas - Insektenliebe","description":"Phidippus regius \"Dos Gardenas\" - coloratissimo ragno saltatore di Cuba. Attivo, curioso e ideale per i principianti.","robots":{"index":"index","follow":"follow","max-snippet":"max-snippet:-1","max-image-preview":"max-image-preview:large","max-video-preview":"max-video-preview:-1"},"canonical":"https:\/\/insektenliebe.com\/it\/shop\/prodotto\/phidippus-regius-dos-gardenas\/","og_locale":"it_IT","og_type":"article","og_title":"Phidippus regius \"dos Gardenas - Insektenliebe","og_description":"Phidippus regius \"Dos Gardenas\" - coloratissimo ragno saltatore di Cuba. Attivo, curioso e ideale per i principianti.","og_url":"https:\/\/insektenliebe.com\/it\/shop\/prodotto\/phidippus-regius-dos-gardenas\/","og_site_name":"Insektenliebe","article_modified_time":"2026-04-15T10:44:10+00:00","og_image":[{"width":820,"height":820,"url":"https:\/\/insektenliebe.com\/wp-content\/uploads\/2025\/05\/Phidippus-regius-\u201edos-Gardenas-Nahaufnahme-1-2.jpg","type":"image\/jpeg"}],"twitter_card":"summary_large_image","twitter_misc":{"Tempo di lettura stimato":"2 minuto"},"schema":{"@context":"https:\/\/schema.org","@graph":[{"@type":"WebPage","@id":"https:\/\/insektenliebe.com\/it\/shop\/prodotto\/phidippus-regius-dos-gardenas\/","url":"https:\/\/insektenliebe.com\/it\/shop\/prodotto\/phidippus-regius-dos-gardenas\/","name":"Phidippus regius \"dos Gardenas - Insektenliebe","isPartOf":{"@id":"https:\/\/insektenliebe.com\/it\/#website"},"primaryImageOfPage":{"@id":"https:\/\/insektenliebe.com\/it\/shop\/prodotto\/phidippus-regius-dos-gardenas\/#primaryimage"},"image":{"@id":"https:\/\/insektenliebe.com\/it\/shop\/prodotto\/phidippus-regius-dos-gardenas\/#primaryimage"},"thumbnailUrl":"https:\/\/insektenliebe.com\/wp-content\/uploads\/2025\/05\/Phidippus-regius-\u201edos-Gardenas-Nahaufnahme-1-2.jpg","datePublished":"2023-03-28T14:41:29+00:00","dateModified":"2026-04-15T10:44:10+00:00","description":"Phidippus regius \"Dos Gardenas\" - coloratissimo ragno saltatore di Cuba. Attivo, curioso e ideale per i principianti.","breadcrumb":{"@id":"https:\/\/insektenliebe.com\/it\/shop\/prodotto\/phidippus-regius-dos-gardenas\/#breadcrumb"},"inLanguage":"it-IT","potentialAction":[{"@type":"ReadAction","target":["https:\/\/insektenliebe.com\/it\/shop\/prodotto\/phidippus-regius-dos-gardenas\/"]}]},{"@type":"ImageObject","inLanguage":"it-IT","@id":"https:\/\/insektenliebe.com\/it\/shop\/prodotto\/phidippus-regius-dos-gardenas\/#primaryimage","url":"https:\/\/insektenliebe.com\/wp-content\/uploads\/2025\/05\/Phidippus-regius-\u201edos-Gardenas-Nahaufnahme-1-2.jpg","contentUrl":"https:\/\/insektenliebe.com\/wp-content\/uploads\/2025\/05\/Phidippus-regius-\u201edos-Gardenas-Nahaufnahme-1-2.jpg","width":820,"height":820,"caption":"Phidippus-regius-\"dos-Gardenas-close-up-1-2.jpg"},{"@type":"BreadcrumbList","@id":"https:\/\/insektenliebe.com\/it\/shop\/prodotto\/phidippus-regius-dos-gardenas\/#breadcrumb","itemListElement":[{"@type":"ListItem","position":1,"name":"Startseite","item":"https:\/\/insektenliebe.com\/it\/"},{"@type":"ListItem","position":2,"name":"Negozio","item":"https:\/\/insektenliebe.com\/it\/negozio\/"},{"@type":"ListItem","position":3,"name":"Phidippus regius \"dos Gardenas"}]},{"@type":"WebSite","@id":"https:\/\/insektenliebe.com\/it\/#website","url":"https:\/\/insektenliebe.com\/it\/","name":"Insektenliebe","description":"Dein Zuhause f\u00fcr die kleinen Lebewesen","publisher":{"@id":"https:\/\/insektenliebe.com\/it\/#organization"},"potentialAction":[{"@type":"SearchAction","target":{"@type":"EntryPoint","urlTemplate":"https:\/\/insektenliebe.com\/it\/?s={search_term_string}"},"query-input":{"@type":"PropertyValueSpecification","valueRequired":true,"valueName":"search_term_string"}}],"inLanguage":"it-IT"},{"@type":"Organization","@id":"https:\/\/insektenliebe.com\/it\/#organization","name":"Insektenliebe","url":"https:\/\/insektenliebe.com\/it\/","logo":{"@type":"ImageObject","inLanguage":"it-IT","@id":"https:\/\/insektenliebe.com\/it\/#\/schema\/logo\/image\/","url":"https:\/\/insektenliebe.com\/wp-content\/uploads\/2025\/03\/logo-white.png","contentUrl":"https:\/\/insektenliebe.com\/wp-content\/uploads\/2025\/03\/logo-white.png","width":288,"height":188,"caption":"Insektenliebe"},"image":{"@id":"https:\/\/insektenliebe.com\/it\/#\/schema\/logo\/image\/"}}]}},"_links":{"self":[{"href":"https:\/\/insektenliebe.com\/it\/wp-json\/wp\/v2\/product\/189546","targetHints":{"allow":["GET"]}}],"collection":[{"href":"https:\/\/insektenliebe.com\/it\/wp-json\/wp\/v2\/product"}],"about":[{"href":"https:\/\/insektenliebe.com\/it\/wp-json\/wp\/v2\/types\/product"}],"wp:featuredmedia":[{"embeddable":true,"href":"https:\/\/insektenliebe.com\/it\/wp-json\/wp\/v2\/media\/185861"}],"wp:attachment":[{"href":"https:\/\/insektenliebe.com\/it\/wp-json\/wp\/v2\/media?parent=189546"}],"wp:term":[{"taxonomy":"product-supplier","embeddable":true,"href":"https:\/\/insektenliebe.com\/it\/wp-json\/wp\/v2\/product-supplier?post=189546"},{"taxonomy":"product_brand","embeddable":true,"href":"https:\/\/insektenliebe.com\/it\/wp-json\/wp\/v2\/product_brand?post=189546"},{"taxonomy":"product_cat","embeddable":true,"href":"https:\/\/insektenliebe.com\/it\/wp-json\/wp\/v2\/product_cat?post=189546"},{"taxonomy":"product_tag","embeddable":true,"href":"https:\/\/insektenliebe.com\/it\/wp-json\/wp\/v2\/product_tag?post=189546"},{"taxonomy":"lce-checkout-addons","embeddable":true,"href":"https:\/\/insektenliebe.com\/it\/wp-json\/wp\/v2\/lce-checkout-addons?post=189546"}],"curies":[{"name":"wp","href":"https:\/\/api.w.org\/{rel}","templated":true}]}}