{"id":189532,"date":"2025-07-17T16:10:01","date_gmt":"2025-07-17T14:10:01","guid":{"rendered":"https:\/\/insektenliebe.com\/shop\/produkt\/chlorocala-africana-africana\/"},"modified":"2025-07-17T16:10:01","modified_gmt":"2025-07-17T14:10:01","slug":"chlorocala-africana-africana","status":"publish","type":"product","link":"https:\/\/insektenliebe.com\/it\/shop\/prodotto\/chlorocala-africana-africana\/","title":{"rendered":"Chlorocala africana africana"},"content":{"rendered":"<h3><span style=\"color: #99cc33\"><strong>Chlorocala africana africana - Il coleottero nobile verde brillante per il tuo terrario<\/strong><\/span><\/h3>\n<p class=\"p1\"><strong><span class=\"s1\">Chlorocala africana africana<\/span><\/strong><span class=\"s2\">  \u00e8 uno dei coleotteri rosai pi\u00f9 affascinanti del continente africano. Con il suo lucente carapace metallico, che pu\u00f2 brillare dal verde smeraldo all&#8217;oro ramato a seconda dell&#8217;incidenza della luce, questo coleottero attira immediatamente l&#8217;attenzione di tutti. Ma non \u00e8 solo il suo aspetto a colpire: anche la conservazione e l&#8217;allevamento sono relativamente facili, il che lo rende una scelta popolare sia per i principianti che per gli esperti.  <\/span><\/p>\n<p class=\"p1\"><span class=\"s2\">Questo scarafaggio di medie dimensioni \u00e8 originario dell&#8217;Africa occidentale e centrale, dove vive nelle regioni tropicali e si nutre principalmente di succhi di piante dolci, frutta troppo matura e polline. Anche nel terrario \u00e8 frugale: banane mature, mango, melone o una speciale gelatina di coleotteri sono accettati con gratitudine. Gli animali sono attivi durante il giorno, sono molto agili e facili da osservare, soprattutto quando foraggiano o scavano nel substrato.  <\/span><\/p>\n<p class=\"p1\"><span class=\"s2\">Con una lunghezza del corpo di circa 20-30 mm <strong><span class=\"s1\">Chlorocala africana africana<\/span><\/strong><\/span><span class=\"s2\">  un coleottero compatto, ma di grande bellezza. I maschi si riconoscono per la leggera rientranza sulla fronte, mentre le femmine hanno una forma della testa pi\u00f9 regolare. A una temperatura (20-28 \u00b0C) e un&#8217;umidit\u00e0 (60-80%) adeguate, gli animali si sentono a proprio agio e mostrano un comportamento attivo.  <\/span><\/p>\n<p class=\"p1\"><span class=\"s2\">La riproduzione \u00e8 facile in condizioni adeguate. Le femmine depongono le uova in un substrato ricco di humus e ammucchiato, con molto legno bianco marcio. Dopo qualche settimana, le larve si schiudono e attraversano tre stadi di sviluppo (L1-L3) prima di impuparsi in un bozzolo autocostruito. L&#8217;intero sviluppo dall&#8217;uovo al coleottero finito dura circa 4-6 mesi in condizioni favorevoli.   <\/span><\/p>\n<p class=\"p1\"><span class=\"s2\"><strong><span class=\"s1\">Chlorocala africana africana<\/span><\/strong> pu\u00f2 essere tenuta bene in gruppo a patto che ci siano cibo, spazio e luoghi di ritiro sufficienti. L&#8217;ideale sono terrari di medie dimensioni con una base di almeno 20 \u00d7 20 \u00d7 20 cm, un substrato di foresta decidua sciolto e un piccolo punto di alimentazione. Anche i rami rampicanti e la corteccia decorativa sono accettati volentieri.  <\/span><\/p>\n<p class=\"p1\"><span class=\"s2\">Che sia per l&#8217;osservazione, la riproduzione o semplicemente come ornamento vivente nel terrario, questo scarabeo rosa ti delizier\u00e0 con i suoi colori, il suo comportamento pacifico e la sua facilit\u00e0 di cura. Una perfetta introduzione al mondo dei coleotteri africani! <\/span><\/p>\n","protected":false},"excerpt":{"rendered":"<p>Si tratta di un animale facile da allevare o di un&#8217;ottima fonte di cibo.<\/p>\n","protected":false},"featured_media":187564,"template":"","meta":{"_acf_changed":false},"product-supplier":[],"product_brand":[],"product_cat":[2829],"product_tag":[],"lce-checkout-addons":[2746],"class_list":{"0":"post-189532","1":"product","2":"type-product","3":"status-publish","4":"has-post-thumbnail","6":"product_cat-altri-invertebrati","7":"product_shipping_class-spedizione-di-animali","8":"pa_herkunft-zambia","9":"pa_kontinent-africa","10":"lce-checkout-addons-imballaggio-invernale","12":"first","13":"outofstock","14":"taxable","15":"shipping-taxable","16":"purchasable","17":"product-type-variable"},"acf":[],"yoast_head":"<!-- This site is optimized with the Yoast SEO plugin v27.3 - https:\/\/yoast.com\/product\/yoast-seo-wordpress\/ -->\n<title>Chlorocala africana africana - Insektenliebe<\/title>\n<meta name=\"description\" content=\"Chlorocala africana africana - splendido coleottero verde brillante per il tuo terrario. Specie a crescita rapida e facile da tenere.\" \/>\n<meta name=\"robots\" content=\"index, follow, max-snippet:-1, max-image-preview:large, max-video-preview:-1\" \/>\n<link rel=\"canonical\" href=\"https:\/\/insektenliebe.com\/it\/shop\/prodotto\/chlorocala-africana-africana\/\" \/>\n<meta property=\"og:locale\" content=\"it_IT\" \/>\n<meta property=\"og:type\" content=\"article\" \/>\n<meta property=\"og:title\" content=\"Chlorocala africana africana - Insektenliebe\" \/>\n<meta property=\"og:description\" content=\"Chlorocala africana africana - splendido coleottero verde brillante per il tuo terrario. Specie a crescita rapida e facile da tenere.\" \/>\n<meta property=\"og:url\" content=\"https:\/\/insektenliebe.com\/it\/shop\/prodotto\/chlorocala-africana-africana\/\" \/>\n<meta property=\"og:site_name\" content=\"Insektenliebe\" \/>\n<meta property=\"og:image\" content=\"https:\/\/insektenliebe.com\/wp-content\/uploads\/2025\/07\/Chlorocala-aufricana-africana.jpg\" \/>\n\t<meta property=\"og:image:width\" content=\"820\" \/>\n\t<meta property=\"og:image:height\" content=\"820\" \/>\n\t<meta property=\"og:image:type\" content=\"image\/jpeg\" \/>\n<meta name=\"twitter:card\" content=\"summary_large_image\" \/>\n<meta name=\"twitter:label1\" content=\"Tempo di lettura stimato\" \/>\n\t<meta name=\"twitter:data1\" content=\"2 minuto\" \/>\n<script type=\"application\/ld+json\" class=\"yoast-schema-graph\">{\"@context\":\"https:\\\/\\\/schema.org\",\"@graph\":[{\"@type\":\"WebPage\",\"@id\":\"https:\\\/\\\/insektenliebe.com\\\/it\\\/shop\\\/prodotto\\\/chlorocala-africana-africana\\\/\",\"url\":\"https:\\\/\\\/insektenliebe.com\\\/it\\\/shop\\\/prodotto\\\/chlorocala-africana-africana\\\/\",\"name\":\"Chlorocala africana africana - Insektenliebe\",\"isPartOf\":{\"@id\":\"https:\\\/\\\/insektenliebe.com\\\/it\\\/#website\"},\"primaryImageOfPage\":{\"@id\":\"https:\\\/\\\/insektenliebe.com\\\/it\\\/shop\\\/prodotto\\\/chlorocala-africana-africana\\\/#primaryimage\"},\"image\":{\"@id\":\"https:\\\/\\\/insektenliebe.com\\\/it\\\/shop\\\/prodotto\\\/chlorocala-africana-africana\\\/#primaryimage\"},\"thumbnailUrl\":\"https:\\\/\\\/insektenliebe.com\\\/wp-content\\\/uploads\\\/2025\\\/07\\\/Chlorocala-aufricana-africana.jpg\",\"datePublished\":\"2025-07-17T14:10:01+00:00\",\"description\":\"Chlorocala africana africana - splendido coleottero verde brillante per il tuo terrario. Specie a crescita rapida e facile da tenere.\",\"breadcrumb\":{\"@id\":\"https:\\\/\\\/insektenliebe.com\\\/it\\\/shop\\\/prodotto\\\/chlorocala-africana-africana\\\/#breadcrumb\"},\"inLanguage\":\"it-IT\",\"potentialAction\":[{\"@type\":\"ReadAction\",\"target\":[\"https:\\\/\\\/insektenliebe.com\\\/it\\\/shop\\\/prodotto\\\/chlorocala-africana-africana\\\/\"]}]},{\"@type\":\"ImageObject\",\"inLanguage\":\"it-IT\",\"@id\":\"https:\\\/\\\/insektenliebe.com\\\/it\\\/shop\\\/prodotto\\\/chlorocala-africana-africana\\\/#primaryimage\",\"url\":\"https:\\\/\\\/insektenliebe.com\\\/wp-content\\\/uploads\\\/2025\\\/07\\\/Chlorocala-aufricana-africana.jpg\",\"contentUrl\":\"https:\\\/\\\/insektenliebe.com\\\/wp-content\\\/uploads\\\/2025\\\/07\\\/Chlorocala-aufricana-africana.jpg\",\"width\":820,\"height\":820,\"caption\":\"Chlorocala aufricana africana\"},{\"@type\":\"BreadcrumbList\",\"@id\":\"https:\\\/\\\/insektenliebe.com\\\/it\\\/shop\\\/prodotto\\\/chlorocala-africana-africana\\\/#breadcrumb\",\"itemListElement\":[{\"@type\":\"ListItem\",\"position\":1,\"name\":\"Startseite\",\"item\":\"https:\\\/\\\/insektenliebe.com\\\/it\\\/\"},{\"@type\":\"ListItem\",\"position\":2,\"name\":\"Negozio\",\"item\":\"https:\\\/\\\/insektenliebe.com\\\/it\\\/negozio\\\/\"},{\"@type\":\"ListItem\",\"position\":3,\"name\":\"Chlorocala africana africana\"}]},{\"@type\":\"WebSite\",\"@id\":\"https:\\\/\\\/insektenliebe.com\\\/it\\\/#website\",\"url\":\"https:\\\/\\\/insektenliebe.com\\\/it\\\/\",\"name\":\"Insektenliebe\",\"description\":\"Dein Zuhause f\u00fcr die kleinen Lebewesen\",\"publisher\":{\"@id\":\"https:\\\/\\\/insektenliebe.com\\\/it\\\/#organization\"},\"potentialAction\":[{\"@type\":\"SearchAction\",\"target\":{\"@type\":\"EntryPoint\",\"urlTemplate\":\"https:\\\/\\\/insektenliebe.com\\\/it\\\/?s={search_term_string}\"},\"query-input\":{\"@type\":\"PropertyValueSpecification\",\"valueRequired\":true,\"valueName\":\"search_term_string\"}}],\"inLanguage\":\"it-IT\"},{\"@type\":\"Organization\",\"@id\":\"https:\\\/\\\/insektenliebe.com\\\/it\\\/#organization\",\"name\":\"Insektenliebe\",\"url\":\"https:\\\/\\\/insektenliebe.com\\\/it\\\/\",\"logo\":{\"@type\":\"ImageObject\",\"inLanguage\":\"it-IT\",\"@id\":\"https:\\\/\\\/insektenliebe.com\\\/it\\\/#\\\/schema\\\/logo\\\/image\\\/\",\"url\":\"https:\\\/\\\/insektenliebe.com\\\/wp-content\\\/uploads\\\/2025\\\/03\\\/logo-white.png\",\"contentUrl\":\"https:\\\/\\\/insektenliebe.com\\\/wp-content\\\/uploads\\\/2025\\\/03\\\/logo-white.png\",\"width\":288,\"height\":188,\"caption\":\"Insektenliebe\"},\"image\":{\"@id\":\"https:\\\/\\\/insektenliebe.com\\\/it\\\/#\\\/schema\\\/logo\\\/image\\\/\"}}]}<\/script>\n<!-- \/ Yoast SEO plugin. -->","yoast_head_json":{"title":"Chlorocala africana africana - Insektenliebe","description":"Chlorocala africana africana - splendido coleottero verde brillante per il tuo terrario. Specie a crescita rapida e facile da tenere.","robots":{"index":"index","follow":"follow","max-snippet":"max-snippet:-1","max-image-preview":"max-image-preview:large","max-video-preview":"max-video-preview:-1"},"canonical":"https:\/\/insektenliebe.com\/it\/shop\/prodotto\/chlorocala-africana-africana\/","og_locale":"it_IT","og_type":"article","og_title":"Chlorocala africana africana - Insektenliebe","og_description":"Chlorocala africana africana - splendido coleottero verde brillante per il tuo terrario. Specie a crescita rapida e facile da tenere.","og_url":"https:\/\/insektenliebe.com\/it\/shop\/prodotto\/chlorocala-africana-africana\/","og_site_name":"Insektenliebe","og_image":[{"width":820,"height":820,"url":"https:\/\/insektenliebe.com\/wp-content\/uploads\/2025\/07\/Chlorocala-aufricana-africana.jpg","type":"image\/jpeg"}],"twitter_card":"summary_large_image","twitter_misc":{"Tempo di lettura stimato":"2 minuto"},"schema":{"@context":"https:\/\/schema.org","@graph":[{"@type":"WebPage","@id":"https:\/\/insektenliebe.com\/it\/shop\/prodotto\/chlorocala-africana-africana\/","url":"https:\/\/insektenliebe.com\/it\/shop\/prodotto\/chlorocala-africana-africana\/","name":"Chlorocala africana africana - Insektenliebe","isPartOf":{"@id":"https:\/\/insektenliebe.com\/it\/#website"},"primaryImageOfPage":{"@id":"https:\/\/insektenliebe.com\/it\/shop\/prodotto\/chlorocala-africana-africana\/#primaryimage"},"image":{"@id":"https:\/\/insektenliebe.com\/it\/shop\/prodotto\/chlorocala-africana-africana\/#primaryimage"},"thumbnailUrl":"https:\/\/insektenliebe.com\/wp-content\/uploads\/2025\/07\/Chlorocala-aufricana-africana.jpg","datePublished":"2025-07-17T14:10:01+00:00","description":"Chlorocala africana africana - splendido coleottero verde brillante per il tuo terrario. Specie a crescita rapida e facile da tenere.","breadcrumb":{"@id":"https:\/\/insektenliebe.com\/it\/shop\/prodotto\/chlorocala-africana-africana\/#breadcrumb"},"inLanguage":"it-IT","potentialAction":[{"@type":"ReadAction","target":["https:\/\/insektenliebe.com\/it\/shop\/prodotto\/chlorocala-africana-africana\/"]}]},{"@type":"ImageObject","inLanguage":"it-IT","@id":"https:\/\/insektenliebe.com\/it\/shop\/prodotto\/chlorocala-africana-africana\/#primaryimage","url":"https:\/\/insektenliebe.com\/wp-content\/uploads\/2025\/07\/Chlorocala-aufricana-africana.jpg","contentUrl":"https:\/\/insektenliebe.com\/wp-content\/uploads\/2025\/07\/Chlorocala-aufricana-africana.jpg","width":820,"height":820,"caption":"Chlorocala aufricana africana"},{"@type":"BreadcrumbList","@id":"https:\/\/insektenliebe.com\/it\/shop\/prodotto\/chlorocala-africana-africana\/#breadcrumb","itemListElement":[{"@type":"ListItem","position":1,"name":"Startseite","item":"https:\/\/insektenliebe.com\/it\/"},{"@type":"ListItem","position":2,"name":"Negozio","item":"https:\/\/insektenliebe.com\/it\/negozio\/"},{"@type":"ListItem","position":3,"name":"Chlorocala africana africana"}]},{"@type":"WebSite","@id":"https:\/\/insektenliebe.com\/it\/#website","url":"https:\/\/insektenliebe.com\/it\/","name":"Insektenliebe","description":"Dein Zuhause f\u00fcr die kleinen Lebewesen","publisher":{"@id":"https:\/\/insektenliebe.com\/it\/#organization"},"potentialAction":[{"@type":"SearchAction","target":{"@type":"EntryPoint","urlTemplate":"https:\/\/insektenliebe.com\/it\/?s={search_term_string}"},"query-input":{"@type":"PropertyValueSpecification","valueRequired":true,"valueName":"search_term_string"}}],"inLanguage":"it-IT"},{"@type":"Organization","@id":"https:\/\/insektenliebe.com\/it\/#organization","name":"Insektenliebe","url":"https:\/\/insektenliebe.com\/it\/","logo":{"@type":"ImageObject","inLanguage":"it-IT","@id":"https:\/\/insektenliebe.com\/it\/#\/schema\/logo\/image\/","url":"https:\/\/insektenliebe.com\/wp-content\/uploads\/2025\/03\/logo-white.png","contentUrl":"https:\/\/insektenliebe.com\/wp-content\/uploads\/2025\/03\/logo-white.png","width":288,"height":188,"caption":"Insektenliebe"},"image":{"@id":"https:\/\/insektenliebe.com\/it\/#\/schema\/logo\/image\/"}}]}},"_links":{"self":[{"href":"https:\/\/insektenliebe.com\/it\/wp-json\/wp\/v2\/product\/189532","targetHints":{"allow":["GET"]}}],"collection":[{"href":"https:\/\/insektenliebe.com\/it\/wp-json\/wp\/v2\/product"}],"about":[{"href":"https:\/\/insektenliebe.com\/it\/wp-json\/wp\/v2\/types\/product"}],"wp:featuredmedia":[{"embeddable":true,"href":"https:\/\/insektenliebe.com\/it\/wp-json\/wp\/v2\/media\/187564"}],"wp:attachment":[{"href":"https:\/\/insektenliebe.com\/it\/wp-json\/wp\/v2\/media?parent=189532"}],"wp:term":[{"taxonomy":"product-supplier","embeddable":true,"href":"https:\/\/insektenliebe.com\/it\/wp-json\/wp\/v2\/product-supplier?post=189532"},{"taxonomy":"product_brand","embeddable":true,"href":"https:\/\/insektenliebe.com\/it\/wp-json\/wp\/v2\/product_brand?post=189532"},{"taxonomy":"product_cat","embeddable":true,"href":"https:\/\/insektenliebe.com\/it\/wp-json\/wp\/v2\/product_cat?post=189532"},{"taxonomy":"product_tag","embeddable":true,"href":"https:\/\/insektenliebe.com\/it\/wp-json\/wp\/v2\/product_tag?post=189532"},{"taxonomy":"lce-checkout-addons","embeddable":true,"href":"https:\/\/insektenliebe.com\/it\/wp-json\/wp\/v2\/lce-checkout-addons?post=189532"}],"curies":[{"name":"wp","href":"https:\/\/api.w.org\/{rel}","templated":true}]}}