{"id":189516,"date":"2025-08-12T17:56:13","date_gmt":"2025-08-12T15:56:13","guid":{"rendered":"https:\/\/insektenliebe.com\/shop\/produkt\/phidippus-carneus\/"},"modified":"2025-08-12T17:56:13","modified_gmt":"2025-08-12T15:56:13","slug":"phidippus-carneus","status":"publish","type":"product","link":"https:\/\/insektenliebe.com\/it\/shop\/prodotto\/phidippus-carneus\/","title":{"rendered":"Phidippus carneus"},"content":{"rendered":"<h3 class=\"p1\"><span style=\"color: #99cc33\"><strong><span class=\"s1\">Phidippus carneus - La bellezza rossa del sud-ovest degli Stati Uniti e del Messico<\/span><\/strong><\/span><\/h3>\n<p class=\"p1\"><strong><span class=\"s1\">Phidippus carneus<\/span><\/strong><span class=\"s2\">  \u00e8 un ragno saltatore che non solo colpisce per la sua natura vivace, ma soprattutto per il suo aspetto accattivante. Questa specie \u00e8 originaria delle regioni aride e semi-aride del sud-ovest degli Stati Uniti e di alcune zone del Messico. Qui abita paesaggi aperti, macchie e aree rocciose, dove la sua vivace colorazione \u00e8 perfettamente accentuata.  <\/span><\/p>\n<p class=\"p1\"><span class=\"s2\">Caratteristica per <\/span><strong><span class=\"s1\">Phidippus carneus<\/span><\/strong><span class=\"s2\">  \u00e8 la loro intensa colorazione di base, spesso rosso-arancio brillante, che varia in saturazione a seconda dell&#8217;individuo. Le femmine sono particolarmente impressionanti con il loro addome riccamente colorato, mentre i maschi sono di solito un po&#8217; pi\u00f9 snelli e spesso presentano marcature nere ad alto contrasto. Come molte specie del genere    <\/span><span class=\"s1\">Phidippus<\/span><span class=\"s2\"> hanno anche grandi occhi principali lucidi, che non solo consentono un&#8217;eccellente visione spaziale, ma conferiscono al ragno il suo tipico \"sguardo curioso\".<\/span><\/p>\n<p class=\"p1\"><span class=\"s2\">Il comportamento di <\/span><strong><span class=\"s1\">Phidippus carneus<\/span><\/strong><span class=\"s2\">  \u00e8 tipico dei ragni saltatori: sono estremamente attivi, esplorano con curiosit\u00e0 l&#8217;ambiente circostante e mostrano un&#8217;incredibile capacit\u00e0 di salto, che utilizzano abilmente durante la caccia. Questa specie \u00e8 considerata vigile e non molto timida, per cui \u00e8 possibile osservarla spesso in esplorazione nel terrario. <\/span><\/p>\n<p class=\"p1\"><span class=\"s2\">In allevamento preferisce <\/span><span class=\"s1\">lei<\/span><span class=\"s2\">  un terrario ben ventilato con molte possibilit\u00e0 di arrampicarsi e strutture. Poich\u00e9 proviene da regioni pi\u00f9 calde, apprezza temperature di circa 26-28 \u00b0C durante il giorno e un&#8217;umidit\u00e0 da bassa a moderata. Un arredamento vario con ramoscelli, foglie e pezzi di corteccia si avvicina particolarmente al suo habitat naturale.  <\/span><\/p>\n<p class=\"p1\"><span class=\"s2\">Con la sua colorazione intensa e il suo comportamento affascinante <\/span><strong><span class=\"s1\">Phidippus carneus<\/span><\/strong><span class=\"s2\"> \u00e8 un vero e proprio richiamo visivo e una delle specie pi\u00f9 impressionanti per gli amanti dei ragni saltatori.<\/span><\/p>\n","protected":false},"excerpt":{"rendered":"<p>Phidippus carneus - La bellezza rossa del sud-ovest degli Stati Uniti e del Messico Phidippus carneus \u00e8 un ragno saltatore che non solo colpisce per la sua natura vivace, ma soprattutto per il suo aspetto accattivante. Questa specie \u00e8 originaria delle regioni aride e semi-aride del sud-ovest degli Stati Uniti e di alcune zone del [&hellip;]<\/p>\n","protected":false},"featured_media":186327,"template":"","meta":{"_acf_changed":false},"product-supplier":[],"product_brand":[],"product_cat":[2809,2808],"product_tag":[],"lce-checkout-addons":[2746],"class_list":{"0":"post-189516","1":"product","2":"type-product","3":"status-publish","4":"has-post-thumbnail","6":"product_cat-ragni","7":"product_cat-ragni-che-saltano","8":"product_shipping_class-spedizione-di-animali","9":"pa_geschlecht-donna","10":"pa_geschlecht-indeterminato","11":"pa_geschlecht-uomo","12":"pa_herkunft-usa","13":"pa_kontinent-nord-america","14":"lce-checkout-addons-imballaggio-invernale","16":"first","17":"outofstock","18":"taxable","19":"shipping-taxable","20":"purchasable","21":"product-type-variable","22":"has-default-attributes"},"acf":[],"yoast_head":"<!-- This site is optimized with the Yoast SEO Premium plugin v26.8 (Yoast SEO v27.3) - https:\/\/yoast.com\/product\/yoast-seo-premium-wordpress\/ -->\n<title>Phidippus carneus - Insektenliebe<\/title>\n<meta name=\"description\" content=\"Phidippus carneus - coloratissimo ragno saltatore proveniente dagli Stati Uniti e dal Messico, con una colorazione rossa brillante, un comportamento attivo e ideale per terrari ben ventilati.\" \/>\n<meta name=\"robots\" content=\"index, follow, max-snippet:-1, max-image-preview:large, max-video-preview:-1\" \/>\n<link rel=\"canonical\" href=\"https:\/\/insektenliebe.com\/it\/shop\/prodotto\/phidippus-carneus\/\" \/>\n<meta property=\"og:locale\" content=\"it_IT\" \/>\n<meta property=\"og:type\" content=\"article\" \/>\n<meta property=\"og:title\" content=\"Phidippus carneus\" \/>\n<meta property=\"og:description\" content=\"Phidippus carneus - coloratissimo ragno saltatore proveniente dagli Stati Uniti e dal Messico, con una colorazione rossa brillante, un comportamento attivo e ideale per terrari ben ventilati.\" \/>\n<meta property=\"og:url\" content=\"https:\/\/insektenliebe.com\/it\/shop\/prodotto\/phidippus-carneus\/\" \/>\n<meta property=\"og:site_name\" content=\"Insektenliebe\" \/>\n<meta property=\"og:image\" content=\"https:\/\/insektenliebe.com\/wp-content\/uploads\/2025\/08\/Phidippus-carneus-Abdomen.jpg\" \/>\n\t<meta property=\"og:image:width\" content=\"820\" \/>\n\t<meta property=\"og:image:height\" content=\"820\" \/>\n\t<meta property=\"og:image:type\" content=\"image\/jpeg\" \/>\n<meta name=\"twitter:card\" content=\"summary_large_image\" \/>\n<meta name=\"twitter:label1\" content=\"Disponibilit\u00e0\" \/>\n\t<meta name=\"twitter:data1\" content=\"Esaurito\" \/>\n<script type=\"application\/ld+json\" class=\"yoast-schema-graph\">{\"@context\":\"https:\\\/\\\/schema.org\",\"@graph\":[{\"@type\":\"WebPage\",\"@id\":\"https:\\\/\\\/insektenliebe.com\\\/it\\\/shop\\\/prodotto\\\/phidippus-carneus\\\/\",\"url\":\"https:\\\/\\\/insektenliebe.com\\\/it\\\/shop\\\/prodotto\\\/phidippus-carneus\\\/\",\"name\":\"Phidippus carneus - Insektenliebe\",\"isPartOf\":{\"@id\":\"https:\\\/\\\/insektenliebe.com\\\/it\\\/#website\"},\"primaryImageOfPage\":{\"@id\":\"https:\\\/\\\/insektenliebe.com\\\/it\\\/shop\\\/prodotto\\\/phidippus-carneus\\\/#primaryimage\"},\"image\":{\"@id\":\"https:\\\/\\\/insektenliebe.com\\\/it\\\/shop\\\/prodotto\\\/phidippus-carneus\\\/#primaryimage\"},\"thumbnailUrl\":\"https:\\\/\\\/insektenliebe.com\\\/wp-content\\\/uploads\\\/2025\\\/08\\\/Phidippus-carneus-Abdomen.jpg\",\"datePublished\":\"2025-08-12T15:56:13+00:00\",\"description\":\"Phidippus carneus - coloratissimo ragno saltatore proveniente dagli Stati Uniti e dal Messico, con una colorazione rossa brillante, un comportamento attivo e ideale per terrari ben ventilati.\",\"breadcrumb\":{\"@id\":\"https:\\\/\\\/insektenliebe.com\\\/it\\\/shop\\\/prodotto\\\/phidippus-carneus\\\/#breadcrumb\"},\"inLanguage\":\"it-IT\",\"potentialAction\":[{\"@type\":\"ReadAction\",\"target\":[\"https:\\\/\\\/insektenliebe.com\\\/it\\\/shop\\\/prodotto\\\/phidippus-carneus\\\/\"]}]},{\"@type\":\"ImageObject\",\"inLanguage\":\"it-IT\",\"@id\":\"https:\\\/\\\/insektenliebe.com\\\/it\\\/shop\\\/prodotto\\\/phidippus-carneus\\\/#primaryimage\",\"url\":\"https:\\\/\\\/insektenliebe.com\\\/wp-content\\\/uploads\\\/2025\\\/08\\\/Phidippus-carneus-Abdomen.jpg\",\"contentUrl\":\"https:\\\/\\\/insektenliebe.com\\\/wp-content\\\/uploads\\\/2025\\\/08\\\/Phidippus-carneus-Abdomen.jpg\",\"width\":820,\"height\":820,\"caption\":\"Phidippus carneus-Addome\"},{\"@type\":\"BreadcrumbList\",\"@id\":\"https:\\\/\\\/insektenliebe.com\\\/it\\\/shop\\\/prodotto\\\/phidippus-carneus\\\/#breadcrumb\",\"itemListElement\":[{\"@type\":\"ListItem\",\"position\":1,\"name\":\"Startseite\",\"item\":\"https:\\\/\\\/insektenliebe.com\\\/it\\\/\"},{\"@type\":\"ListItem\",\"position\":2,\"name\":\"Negozio\",\"item\":\"https:\\\/\\\/insektenliebe.com\\\/it\\\/negozio\\\/\"},{\"@type\":\"ListItem\",\"position\":3,\"name\":\"Phidippus carneus\"}]},{\"@type\":\"WebSite\",\"@id\":\"https:\\\/\\\/insektenliebe.com\\\/it\\\/#website\",\"url\":\"https:\\\/\\\/insektenliebe.com\\\/it\\\/\",\"name\":\"Insektenliebe\",\"description\":\"Dein Zuhause f\u00fcr die kleinen Lebewesen\",\"publisher\":{\"@id\":\"https:\\\/\\\/insektenliebe.com\\\/it\\\/#organization\"},\"potentialAction\":[{\"@type\":\"SearchAction\",\"target\":{\"@type\":\"EntryPoint\",\"urlTemplate\":\"https:\\\/\\\/insektenliebe.com\\\/it\\\/?s={search_term_string}\"},\"query-input\":{\"@type\":\"PropertyValueSpecification\",\"valueRequired\":true,\"valueName\":\"search_term_string\"}}],\"inLanguage\":\"it-IT\"},{\"@type\":\"Organization\",\"@id\":\"https:\\\/\\\/insektenliebe.com\\\/it\\\/#organization\",\"name\":\"Insektenliebe\",\"url\":\"https:\\\/\\\/insektenliebe.com\\\/it\\\/\",\"logo\":{\"@type\":\"ImageObject\",\"inLanguage\":\"it-IT\",\"@id\":\"https:\\\/\\\/insektenliebe.com\\\/it\\\/#\\\/schema\\\/logo\\\/image\\\/\",\"url\":\"https:\\\/\\\/insektenliebe.com\\\/wp-content\\\/uploads\\\/2025\\\/03\\\/logo-white.png\",\"contentUrl\":\"https:\\\/\\\/insektenliebe.com\\\/wp-content\\\/uploads\\\/2025\\\/03\\\/logo-white.png\",\"width\":288,\"height\":188,\"caption\":\"Insektenliebe\"},\"image\":{\"@id\":\"https:\\\/\\\/insektenliebe.com\\\/it\\\/#\\\/schema\\\/logo\\\/image\\\/\"}}]}<\/script>\n<meta property=\"og:availability\" content=\"out of stock\" \/>\n<meta property=\"product:availability\" content=\"out of stock\" \/>\n<meta property=\"product:retailer_item_id\" content=\"708-1\" \/>\n<meta property=\"product:condition\" content=\"new\" \/>\n<!-- \/ Yoast SEO Premium plugin. -->","yoast_head_json":{"title":"Phidippus carneus - Insektenliebe","description":"Phidippus carneus - coloratissimo ragno saltatore proveniente dagli Stati Uniti e dal Messico, con una colorazione rossa brillante, un comportamento attivo e ideale per terrari ben ventilati.","robots":{"index":"index","follow":"follow","max-snippet":"max-snippet:-1","max-image-preview":"max-image-preview:large","max-video-preview":"max-video-preview:-1"},"canonical":"https:\/\/insektenliebe.com\/it\/shop\/prodotto\/phidippus-carneus\/","og_locale":"it_IT","og_type":"article","og_title":"Phidippus carneus","og_description":"Phidippus carneus - coloratissimo ragno saltatore proveniente dagli Stati Uniti e dal Messico, con una colorazione rossa brillante, un comportamento attivo e ideale per terrari ben ventilati.","og_url":"https:\/\/insektenliebe.com\/it\/shop\/prodotto\/phidippus-carneus\/","og_site_name":"Insektenliebe","og_image":[{"width":820,"height":820,"url":"https:\/\/insektenliebe.com\/wp-content\/uploads\/2025\/08\/Phidippus-carneus-Abdomen.jpg","type":"image\/jpeg"}],"twitter_card":"summary_large_image","twitter_misc":{"Disponibilit\u00e0":"Esaurito"},"schema":{"@context":"https:\/\/schema.org","@graph":[{"@type":"WebPage","@id":"https:\/\/insektenliebe.com\/it\/shop\/prodotto\/phidippus-carneus\/","url":"https:\/\/insektenliebe.com\/it\/shop\/prodotto\/phidippus-carneus\/","name":"Phidippus carneus - Insektenliebe","isPartOf":{"@id":"https:\/\/insektenliebe.com\/it\/#website"},"primaryImageOfPage":{"@id":"https:\/\/insektenliebe.com\/it\/shop\/prodotto\/phidippus-carneus\/#primaryimage"},"image":{"@id":"https:\/\/insektenliebe.com\/it\/shop\/prodotto\/phidippus-carneus\/#primaryimage"},"thumbnailUrl":"https:\/\/insektenliebe.com\/wp-content\/uploads\/2025\/08\/Phidippus-carneus-Abdomen.jpg","datePublished":"2025-08-12T15:56:13+00:00","description":"Phidippus carneus - coloratissimo ragno saltatore proveniente dagli Stati Uniti e dal Messico, con una colorazione rossa brillante, un comportamento attivo e ideale per terrari ben ventilati.","breadcrumb":{"@id":"https:\/\/insektenliebe.com\/it\/shop\/prodotto\/phidippus-carneus\/#breadcrumb"},"inLanguage":"it-IT","potentialAction":[{"@type":"ReadAction","target":["https:\/\/insektenliebe.com\/it\/shop\/prodotto\/phidippus-carneus\/"]}]},{"@type":"ImageObject","inLanguage":"it-IT","@id":"https:\/\/insektenliebe.com\/it\/shop\/prodotto\/phidippus-carneus\/#primaryimage","url":"https:\/\/insektenliebe.com\/wp-content\/uploads\/2025\/08\/Phidippus-carneus-Abdomen.jpg","contentUrl":"https:\/\/insektenliebe.com\/wp-content\/uploads\/2025\/08\/Phidippus-carneus-Abdomen.jpg","width":820,"height":820,"caption":"Phidippus carneus-Addome"},{"@type":"BreadcrumbList","@id":"https:\/\/insektenliebe.com\/it\/shop\/prodotto\/phidippus-carneus\/#breadcrumb","itemListElement":[{"@type":"ListItem","position":1,"name":"Startseite","item":"https:\/\/insektenliebe.com\/it\/"},{"@type":"ListItem","position":2,"name":"Negozio","item":"https:\/\/insektenliebe.com\/it\/negozio\/"},{"@type":"ListItem","position":3,"name":"Phidippus carneus"}]},{"@type":"WebSite","@id":"https:\/\/insektenliebe.com\/it\/#website","url":"https:\/\/insektenliebe.com\/it\/","name":"Insektenliebe","description":"Dein Zuhause f\u00fcr die kleinen Lebewesen","publisher":{"@id":"https:\/\/insektenliebe.com\/it\/#organization"},"potentialAction":[{"@type":"SearchAction","target":{"@type":"EntryPoint","urlTemplate":"https:\/\/insektenliebe.com\/it\/?s={search_term_string}"},"query-input":{"@type":"PropertyValueSpecification","valueRequired":true,"valueName":"search_term_string"}}],"inLanguage":"it-IT"},{"@type":"Organization","@id":"https:\/\/insektenliebe.com\/it\/#organization","name":"Insektenliebe","url":"https:\/\/insektenliebe.com\/it\/","logo":{"@type":"ImageObject","inLanguage":"it-IT","@id":"https:\/\/insektenliebe.com\/it\/#\/schema\/logo\/image\/","url":"https:\/\/insektenliebe.com\/wp-content\/uploads\/2025\/03\/logo-white.png","contentUrl":"https:\/\/insektenliebe.com\/wp-content\/uploads\/2025\/03\/logo-white.png","width":288,"height":188,"caption":"Insektenliebe"},"image":{"@id":"https:\/\/insektenliebe.com\/it\/#\/schema\/logo\/image\/"}}]},"og_availability":"out of stock","product_availability":"out of stock","product_retailer_item_id":"708-1","product_condition":"new"},"_links":{"self":[{"href":"https:\/\/insektenliebe.com\/it\/wp-json\/wp\/v2\/product\/189516","targetHints":{"allow":["GET"]}}],"collection":[{"href":"https:\/\/insektenliebe.com\/it\/wp-json\/wp\/v2\/product"}],"about":[{"href":"https:\/\/insektenliebe.com\/it\/wp-json\/wp\/v2\/types\/product"}],"wp:featuredmedia":[{"embeddable":true,"href":"https:\/\/insektenliebe.com\/it\/wp-json\/wp\/v2\/media\/186327"}],"wp:attachment":[{"href":"https:\/\/insektenliebe.com\/it\/wp-json\/wp\/v2\/media?parent=189516"}],"wp:term":[{"taxonomy":"product-supplier","embeddable":true,"href":"https:\/\/insektenliebe.com\/it\/wp-json\/wp\/v2\/product-supplier?post=189516"},{"taxonomy":"product_brand","embeddable":true,"href":"https:\/\/insektenliebe.com\/it\/wp-json\/wp\/v2\/product_brand?post=189516"},{"taxonomy":"product_cat","embeddable":true,"href":"https:\/\/insektenliebe.com\/it\/wp-json\/wp\/v2\/product_cat?post=189516"},{"taxonomy":"product_tag","embeddable":true,"href":"https:\/\/insektenliebe.com\/it\/wp-json\/wp\/v2\/product_tag?post=189516"},{"taxonomy":"lce-checkout-addons","embeddable":true,"href":"https:\/\/insektenliebe.com\/it\/wp-json\/wp\/v2\/lce-checkout-addons?post=189516"}],"curies":[{"name":"wp","href":"https:\/\/api.w.org\/{rel}","templated":true}]}}