{"id":189505,"date":"2025-08-16T14:07:00","date_gmt":"2025-08-16T12:07:00","guid":{"rendered":"https:\/\/insektenliebe.com\/shop\/produkt\/odontostreptus-sjoestedti\/"},"modified":"2026-03-03T09:57:28","modified_gmt":"2026-03-03T08:57:28","slug":"odontostreptus-sjoestedti","status":"publish","type":"product","link":"https:\/\/insektenliebe.com\/it\/shop\/prodotto\/odontostreptus-sjoestedti\/","title":{"rendered":"Odontostreptus sjoestedti"},"content":{"rendered":"<h3><span style=\"color: #99cc33;\"><strong><span class=\"s1\">Odontostreptus sjoestedti - il millepiedi gigante a strisce rosa proveniente dall&#8217;Africa<\/span><\/strong><\/span><\/h3>\n<p class=\"p1\"><span class=\"s1\">Il <\/span><strong><span class=\"s2\">Odontostreptus sjoestedti<\/span><\/strong><span class=\"s1\">noto anche come <\/span><span class=\"s2\">millepiedi a strisce rosa<\/span><span class=\"s1\">\u00e8 un impressionante invertebrato dell&#8217;Africa occidentale ed \u00e8 una delle specie di millepiedi pi\u00f9 grandi e pi\u00f9 belle nell&#8217;hobby del terrario. Con una lunghezza che pu\u00f2 raggiungere i 20 centimetri e le sue strisce di colore rosa e rosa ad alto contrasto su un corpo nero, \u00e8 un vero e proprio richiamo visivo in qualsiasi terrario.   <\/span><\/p>\n<p class=\"p1\"><span class=\"s1\">Il modello di colore di <\/span><strong><span class=\"s2\">Odontostreptus sjoestedti<\/span><\/strong><span class=\"s1\">  possono variare notevolmente. Sebbene molti animali presentino le tipiche strisce rosa e nere, esistono anche esemplari in cui il rosa \u00e8 solo leggermente pronunciato, il che rende le specie ancora pi\u00f9 interessanti, poich\u00e9 ogni gruppo ha la sua variet\u00e0 di colori. <\/span><\/p>\n<p class=\"p1\"><span class=\"s1\">Nonostante le sue dimensioni, questo millepiedi gigante \u00e8 un animale pacifico e facile da osservare. \u00c8 principalmente notturno e ama trascorrere la giornata sepolto o sotto foglie e pezzi di legno. Diventa attivo la sera e la notte e va alla ricerca di cibo. La sua locomozione tranquilla lo fa apparire elegante e trasmette un&#8217;immagine rilassante.   <\/span><\/p>\n<p class=\"p1\"><span class=\"s1\">Quando viene tenuto <strong><span class=\"s2\">Odontostreptus sjoestedti <\/span><\/strong>\u00e8 semplice, ma ha bisogno delle giuste condizioni per prosperare. \u00c8 necessario un terrario spazioso con un profondo strato di substrato di terra di bosco, foglie e legno bianco marcio, poich\u00e9 gli animali amano scavare. La temperatura deve essere compresa tra i 22 e i 26 \u00b0C, con un alto tasso di umidit\u00e0, come \u00e8 noto dal loro habitat naturale nelle regioni calde e umide dell&#8217;Africa occidentale. Una buona ventilazione \u00e8 importante per evitare i ristagni d&#8217;acqua.   <\/span><\/p>\n<p class=\"p1\"><span class=\"s1\">Il millepiedi a strisce rosa non \u00e8 esigente in fatto di cibo. Si nutre principalmente di foglie morte, legno e muschio, ma mangia anche verdure fresche come cetrioli, zucchine o carote. Un&#8217;ulteriore fonte di calcio, come il guscio di una seppia, sostiene la struttura stabile del suo carapace.  <\/span><\/p>\n<p class=\"p1\"><span class=\"s1\">Il <strong><span class=\"s2\">Odontostreptus sjoestedti<\/span><\/strong><\/span><span class=\"s1\">  \u00e8 una scelta eccellente per chi cerca un animale da terrario insolito ma facile da curare. Con la sua colorazione sorprendente, le sue dimensioni e il suo comportamento pacifico, \u00e8 un elemento di spicco per qualsiasi terrario e fornisce anche un importante vantaggio come decompositore nell&#8217;allestimento bioattivo. <\/span><\/p>\n","protected":false},"excerpt":{"rendered":"<p>Odontostreptus sjoestedti - il millepiedi gigante a strisce rosa proveniente dall&#8217;Africa Il Odontostreptus sjoestedtinoto anche come millepiedi a strisce rosa\u00e8 un impressionante invertebrato dell&#8217;Africa occidentale ed \u00e8 una delle specie di millepiedi pi\u00f9 grandi e pi\u00f9 belle nell&#8217;hobby del terrario. Con una lunghezza che pu\u00f2 raggiungere i 20 centimetri e le sue strisce di colore [&hellip;]<\/p>\n","protected":false},"featured_media":186275,"template":"","meta":{"_acf_changed":false},"product-supplier":[],"product_brand":[],"product_cat":[2870],"product_tag":[],"lce-checkout-addons":[2746],"class_list":{"0":"post-189505","1":"product","2":"type-product","3":"status-publish","4":"has-post-thumbnail","6":"product_cat-millipede","7":"product_shipping_class-spedizione-di-animali","8":"pa_geschlecht-donna","9":"pa_geschlecht-indeterminato","10":"pa_geschlecht-uomo","11":"pa_herkunft-camerun","12":"pa_kontinent-africa","13":"lce-checkout-addons-imballaggio-invernale","15":"first","16":"outofstock","17":"taxable","18":"shipping-taxable","19":"purchasable","20":"product-type-variable"},"acf":[],"yoast_head":"<!-- This site is optimized with the Yoast SEO plugin v27.3 - https:\/\/yoast.com\/product\/yoast-seo-wordpress\/ -->\n<title>Odontostreptus sjoestedti - Insektenliebe<\/title>\n<meta name=\"description\" content=\"Acquista Odontostreptus sjoestedti - il millepiedi gigante a strisce rosa dell&#039;Africa occidentale. Facile da curare, affascinante e ideale per il terrario bioattivo.\" \/>\n<meta name=\"robots\" content=\"index, follow, max-snippet:-1, max-image-preview:large, max-video-preview:-1\" \/>\n<link rel=\"canonical\" href=\"https:\/\/insektenliebe.com\/it\/shop\/prodotto\/odontostreptus-sjoestedti\/\" \/>\n<meta property=\"og:locale\" content=\"it_IT\" \/>\n<meta property=\"og:type\" content=\"article\" \/>\n<meta property=\"og:title\" content=\"Odontostreptus sjoestedti - Insektenliebe\" \/>\n<meta property=\"og:description\" content=\"Acquista Odontostreptus sjoestedti - il millepiedi gigante a strisce rosa dell&#039;Africa occidentale. Facile da curare, affascinante e ideale per il terrario bioattivo.\" \/>\n<meta property=\"og:url\" content=\"https:\/\/insektenliebe.com\/it\/shop\/prodotto\/odontostreptus-sjoestedti\/\" \/>\n<meta property=\"og:site_name\" content=\"Insektenliebe\" \/>\n<meta property=\"article:modified_time\" content=\"2026-03-03T08:57:28+00:00\" \/>\n<meta property=\"og:image\" content=\"https:\/\/insektenliebe.com\/wp-content\/uploads\/2025\/08\/Odontostreptus-sjoestedti.jpg\" \/>\n\t<meta property=\"og:image:width\" content=\"820\" \/>\n\t<meta property=\"og:image:height\" content=\"820\" \/>\n\t<meta property=\"og:image:type\" content=\"image\/jpeg\" \/>\n<meta name=\"twitter:card\" content=\"summary_large_image\" \/>\n<meta name=\"twitter:label1\" content=\"Tempo di lettura stimato\" \/>\n\t<meta name=\"twitter:data1\" content=\"2 minuto\" \/>\n<script type=\"application\/ld+json\" class=\"yoast-schema-graph\">{\"@context\":\"https:\\\/\\\/schema.org\",\"@graph\":[{\"@type\":\"WebPage\",\"@id\":\"https:\\\/\\\/insektenliebe.com\\\/it\\\/shop\\\/prodotto\\\/odontostreptus-sjoestedti\\\/\",\"url\":\"https:\\\/\\\/insektenliebe.com\\\/it\\\/shop\\\/prodotto\\\/odontostreptus-sjoestedti\\\/\",\"name\":\"Odontostreptus sjoestedti - Insektenliebe\",\"isPartOf\":{\"@id\":\"https:\\\/\\\/insektenliebe.com\\\/it\\\/#website\"},\"primaryImageOfPage\":{\"@id\":\"https:\\\/\\\/insektenliebe.com\\\/it\\\/shop\\\/prodotto\\\/odontostreptus-sjoestedti\\\/#primaryimage\"},\"image\":{\"@id\":\"https:\\\/\\\/insektenliebe.com\\\/it\\\/shop\\\/prodotto\\\/odontostreptus-sjoestedti\\\/#primaryimage\"},\"thumbnailUrl\":\"https:\\\/\\\/insektenliebe.com\\\/wp-content\\\/uploads\\\/2025\\\/08\\\/Odontostreptus-sjoestedti.jpg\",\"datePublished\":\"2025-08-16T12:07:00+00:00\",\"dateModified\":\"2026-03-03T08:57:28+00:00\",\"description\":\"Acquista Odontostreptus sjoestedti - il millepiedi gigante a strisce rosa dell'Africa occidentale. Facile da curare, affascinante e ideale per il terrario bioattivo.\",\"breadcrumb\":{\"@id\":\"https:\\\/\\\/insektenliebe.com\\\/it\\\/shop\\\/prodotto\\\/odontostreptus-sjoestedti\\\/#breadcrumb\"},\"inLanguage\":\"it-IT\",\"potentialAction\":[{\"@type\":\"ReadAction\",\"target\":[\"https:\\\/\\\/insektenliebe.com\\\/it\\\/shop\\\/prodotto\\\/odontostreptus-sjoestedti\\\/\"]}]},{\"@type\":\"ImageObject\",\"inLanguage\":\"it-IT\",\"@id\":\"https:\\\/\\\/insektenliebe.com\\\/it\\\/shop\\\/prodotto\\\/odontostreptus-sjoestedti\\\/#primaryimage\",\"url\":\"https:\\\/\\\/insektenliebe.com\\\/wp-content\\\/uploads\\\/2025\\\/08\\\/Odontostreptus-sjoestedti.jpg\",\"contentUrl\":\"https:\\\/\\\/insektenliebe.com\\\/wp-content\\\/uploads\\\/2025\\\/08\\\/Odontostreptus-sjoestedti.jpg\",\"width\":820,\"height\":820,\"caption\":\"Odontostreptus sjoestedti\"},{\"@type\":\"BreadcrumbList\",\"@id\":\"https:\\\/\\\/insektenliebe.com\\\/it\\\/shop\\\/prodotto\\\/odontostreptus-sjoestedti\\\/#breadcrumb\",\"itemListElement\":[{\"@type\":\"ListItem\",\"position\":1,\"name\":\"Startseite\",\"item\":\"https:\\\/\\\/insektenliebe.com\\\/it\\\/\"},{\"@type\":\"ListItem\",\"position\":2,\"name\":\"Negozio\",\"item\":\"https:\\\/\\\/insektenliebe.com\\\/it\\\/negozio\\\/\"},{\"@type\":\"ListItem\",\"position\":3,\"name\":\"Odontostreptus sjoestedti\"}]},{\"@type\":\"WebSite\",\"@id\":\"https:\\\/\\\/insektenliebe.com\\\/it\\\/#website\",\"url\":\"https:\\\/\\\/insektenliebe.com\\\/it\\\/\",\"name\":\"Insektenliebe\",\"description\":\"Dein Zuhause f\u00fcr die kleinen Lebewesen\",\"publisher\":{\"@id\":\"https:\\\/\\\/insektenliebe.com\\\/it\\\/#organization\"},\"potentialAction\":[{\"@type\":\"SearchAction\",\"target\":{\"@type\":\"EntryPoint\",\"urlTemplate\":\"https:\\\/\\\/insektenliebe.com\\\/it\\\/?s={search_term_string}\"},\"query-input\":{\"@type\":\"PropertyValueSpecification\",\"valueRequired\":true,\"valueName\":\"search_term_string\"}}],\"inLanguage\":\"it-IT\"},{\"@type\":\"Organization\",\"@id\":\"https:\\\/\\\/insektenliebe.com\\\/it\\\/#organization\",\"name\":\"Insektenliebe\",\"url\":\"https:\\\/\\\/insektenliebe.com\\\/it\\\/\",\"logo\":{\"@type\":\"ImageObject\",\"inLanguage\":\"it-IT\",\"@id\":\"https:\\\/\\\/insektenliebe.com\\\/it\\\/#\\\/schema\\\/logo\\\/image\\\/\",\"url\":\"https:\\\/\\\/insektenliebe.com\\\/wp-content\\\/uploads\\\/2025\\\/03\\\/logo-white.png\",\"contentUrl\":\"https:\\\/\\\/insektenliebe.com\\\/wp-content\\\/uploads\\\/2025\\\/03\\\/logo-white.png\",\"width\":288,\"height\":188,\"caption\":\"Insektenliebe\"},\"image\":{\"@id\":\"https:\\\/\\\/insektenliebe.com\\\/it\\\/#\\\/schema\\\/logo\\\/image\\\/\"}}]}<\/script>\n<!-- \/ Yoast SEO plugin. -->","yoast_head_json":{"title":"Odontostreptus sjoestedti - Insektenliebe","description":"Acquista Odontostreptus sjoestedti - il millepiedi gigante a strisce rosa dell'Africa occidentale. Facile da curare, affascinante e ideale per il terrario bioattivo.","robots":{"index":"index","follow":"follow","max-snippet":"max-snippet:-1","max-image-preview":"max-image-preview:large","max-video-preview":"max-video-preview:-1"},"canonical":"https:\/\/insektenliebe.com\/it\/shop\/prodotto\/odontostreptus-sjoestedti\/","og_locale":"it_IT","og_type":"article","og_title":"Odontostreptus sjoestedti - Insektenliebe","og_description":"Acquista Odontostreptus sjoestedti - il millepiedi gigante a strisce rosa dell'Africa occidentale. Facile da curare, affascinante e ideale per il terrario bioattivo.","og_url":"https:\/\/insektenliebe.com\/it\/shop\/prodotto\/odontostreptus-sjoestedti\/","og_site_name":"Insektenliebe","article_modified_time":"2026-03-03T08:57:28+00:00","og_image":[{"width":820,"height":820,"url":"https:\/\/insektenliebe.com\/wp-content\/uploads\/2025\/08\/Odontostreptus-sjoestedti.jpg","type":"image\/jpeg"}],"twitter_card":"summary_large_image","twitter_misc":{"Tempo di lettura stimato":"2 minuto"},"schema":{"@context":"https:\/\/schema.org","@graph":[{"@type":"WebPage","@id":"https:\/\/insektenliebe.com\/it\/shop\/prodotto\/odontostreptus-sjoestedti\/","url":"https:\/\/insektenliebe.com\/it\/shop\/prodotto\/odontostreptus-sjoestedti\/","name":"Odontostreptus sjoestedti - Insektenliebe","isPartOf":{"@id":"https:\/\/insektenliebe.com\/it\/#website"},"primaryImageOfPage":{"@id":"https:\/\/insektenliebe.com\/it\/shop\/prodotto\/odontostreptus-sjoestedti\/#primaryimage"},"image":{"@id":"https:\/\/insektenliebe.com\/it\/shop\/prodotto\/odontostreptus-sjoestedti\/#primaryimage"},"thumbnailUrl":"https:\/\/insektenliebe.com\/wp-content\/uploads\/2025\/08\/Odontostreptus-sjoestedti.jpg","datePublished":"2025-08-16T12:07:00+00:00","dateModified":"2026-03-03T08:57:28+00:00","description":"Acquista Odontostreptus sjoestedti - il millepiedi gigante a strisce rosa dell'Africa occidentale. Facile da curare, affascinante e ideale per il terrario bioattivo.","breadcrumb":{"@id":"https:\/\/insektenliebe.com\/it\/shop\/prodotto\/odontostreptus-sjoestedti\/#breadcrumb"},"inLanguage":"it-IT","potentialAction":[{"@type":"ReadAction","target":["https:\/\/insektenliebe.com\/it\/shop\/prodotto\/odontostreptus-sjoestedti\/"]}]},{"@type":"ImageObject","inLanguage":"it-IT","@id":"https:\/\/insektenliebe.com\/it\/shop\/prodotto\/odontostreptus-sjoestedti\/#primaryimage","url":"https:\/\/insektenliebe.com\/wp-content\/uploads\/2025\/08\/Odontostreptus-sjoestedti.jpg","contentUrl":"https:\/\/insektenliebe.com\/wp-content\/uploads\/2025\/08\/Odontostreptus-sjoestedti.jpg","width":820,"height":820,"caption":"Odontostreptus sjoestedti"},{"@type":"BreadcrumbList","@id":"https:\/\/insektenliebe.com\/it\/shop\/prodotto\/odontostreptus-sjoestedti\/#breadcrumb","itemListElement":[{"@type":"ListItem","position":1,"name":"Startseite","item":"https:\/\/insektenliebe.com\/it\/"},{"@type":"ListItem","position":2,"name":"Negozio","item":"https:\/\/insektenliebe.com\/it\/negozio\/"},{"@type":"ListItem","position":3,"name":"Odontostreptus sjoestedti"}]},{"@type":"WebSite","@id":"https:\/\/insektenliebe.com\/it\/#website","url":"https:\/\/insektenliebe.com\/it\/","name":"Insektenliebe","description":"Dein Zuhause f\u00fcr die kleinen Lebewesen","publisher":{"@id":"https:\/\/insektenliebe.com\/it\/#organization"},"potentialAction":[{"@type":"SearchAction","target":{"@type":"EntryPoint","urlTemplate":"https:\/\/insektenliebe.com\/it\/?s={search_term_string}"},"query-input":{"@type":"PropertyValueSpecification","valueRequired":true,"valueName":"search_term_string"}}],"inLanguage":"it-IT"},{"@type":"Organization","@id":"https:\/\/insektenliebe.com\/it\/#organization","name":"Insektenliebe","url":"https:\/\/insektenliebe.com\/it\/","logo":{"@type":"ImageObject","inLanguage":"it-IT","@id":"https:\/\/insektenliebe.com\/it\/#\/schema\/logo\/image\/","url":"https:\/\/insektenliebe.com\/wp-content\/uploads\/2025\/03\/logo-white.png","contentUrl":"https:\/\/insektenliebe.com\/wp-content\/uploads\/2025\/03\/logo-white.png","width":288,"height":188,"caption":"Insektenliebe"},"image":{"@id":"https:\/\/insektenliebe.com\/it\/#\/schema\/logo\/image\/"}}]}},"_links":{"self":[{"href":"https:\/\/insektenliebe.com\/it\/wp-json\/wp\/v2\/product\/189505","targetHints":{"allow":["GET"]}}],"collection":[{"href":"https:\/\/insektenliebe.com\/it\/wp-json\/wp\/v2\/product"}],"about":[{"href":"https:\/\/insektenliebe.com\/it\/wp-json\/wp\/v2\/types\/product"}],"wp:featuredmedia":[{"embeddable":true,"href":"https:\/\/insektenliebe.com\/it\/wp-json\/wp\/v2\/media\/186275"}],"wp:attachment":[{"href":"https:\/\/insektenliebe.com\/it\/wp-json\/wp\/v2\/media?parent=189505"}],"wp:term":[{"taxonomy":"product-supplier","embeddable":true,"href":"https:\/\/insektenliebe.com\/it\/wp-json\/wp\/v2\/product-supplier?post=189505"},{"taxonomy":"product_brand","embeddable":true,"href":"https:\/\/insektenliebe.com\/it\/wp-json\/wp\/v2\/product_brand?post=189505"},{"taxonomy":"product_cat","embeddable":true,"href":"https:\/\/insektenliebe.com\/it\/wp-json\/wp\/v2\/product_cat?post=189505"},{"taxonomy":"product_tag","embeddable":true,"href":"https:\/\/insektenliebe.com\/it\/wp-json\/wp\/v2\/product_tag?post=189505"},{"taxonomy":"lce-checkout-addons","embeddable":true,"href":"https:\/\/insektenliebe.com\/it\/wp-json\/wp\/v2\/lce-checkout-addons?post=189505"}],"curies":[{"name":"wp","href":"https:\/\/api.w.org\/{rel}","templated":true}]}}