{"id":189496,"date":"2025-08-20T18:09:40","date_gmt":"2025-08-20T16:09:40","guid":{"rendered":"https:\/\/insektenliebe.com\/shop\/produkt\/pacchetto-gigante-africa\/"},"modified":"2025-08-20T18:09:40","modified_gmt":"2025-08-20T16:09:40","slug":"pacchetto-gigante-africa","status":"publish","type":"product","link":"https:\/\/insektenliebe.com\/it\/shop\/prodotto\/pacchetto-gigante-africa\/","title":{"rendered":"Pacchetto gigante Africa"},"content":{"rendered":"<h3 class=\"p1\"><strong><span class=\"s1\" style=\"color: #99cc33\">Africa Giant Bundle - il set perfetto per gli appassionati di invertebrati<\/span><\/strong><\/h3>\n<p class=\"p1\"><span class=\"s1\">Con l&#8217;<strong>Africa Giant Bundle<\/strong> puoi portare un pezzo unico di biodiversit\u00e0 tropicale direttamente nel tuo terrario. Questo speciale set combina tre impressionanti millepiedi giganti   <\/span><span class=\"s2\">Archispirostreptus gigas<\/span><span class=\"s1\">, <\/span><span class=\"s2\">Ophistreptus guineensis<\/span><span class=\"s1\"> e <\/span><span class=\"s2\">Mardonius<\/span><span class=\"s1\">  spec. - insieme al popolare isopode   <\/span><span class=\"s2\">Cubaris murina<\/span><span class=\"s1\">. In questo modo non solo otterrai un affascinante mix di invertebrati diversi, ma anche un mini-ecosistema armonioso che arricchisce il paesaggio del tuo terrario e lo rende vivace.<\/span><\/p>\n<p class=\"p1\"><span class=\"s1\">Il millepiedi gigante africano <\/span><span class=\"s2\">Archispirostreptus gigas<\/span><span class=\"s1\">  \u00e8 probabilmente la specie di diplopode pi\u00f9 conosciuta e pi\u00f9 grande. Con le sue dimensioni imponenti e il suo comportamento calmo e pacifico, affascina sia i principianti che gli allevatori pi\u00f9 esperti. In combinazione con il diplopode un po&#8217; pi\u00f9 snello e di colore scuro    <\/span><span class=\"s2\">Ophistreptus guineensis<\/span><span class=\"s1\">  crea un contrasto emozionante che visualizza la diversit\u00e0 dei millepiedi giganti africani. Inoltre   <\/span><span class=\"s2\">Mardonius<\/span><span class=\"s1\"> spec. una specie apprezzata per la forte colorazione del corpo e l&#8217;aspetto particolare. Ognuna di queste specie porta con s\u00e9 il proprio fascino e rende il mazzo una compilation varia e affascinante.<\/span><\/p>\n<p class=\"p1\"><span class=\"s1\">Per garantire che il terrario non sia solo visivamente attraente ma anche funzionalmente armonizzato, gli isopodi <\/span><span class=\"s2\">Cubaris murina<\/span><span class=\"s1\">  questo set \u00e8 perfetto. Questi piccoli aiutanti assumono il ruolo di addetti alle pulizie del terrario. Decompongono gli scarti di cibo e le piante morte e contribuiscono a mantenere stabile l&#8217;equilibrio biologico dell&#8217;habitat. Allo stesso tempo, sono animali emozionanti da osservare, in grado di fornire ulteriori dinamiche nel terrario con il loro stile di vita vivace e sociale.   <\/span><\/p>\n<p class=\"p1\"><span class=\"s1\">Un altro vantaggio di questo pacchetto \u00e8 che le specie incluse non possono incrociarsi. Ogni specie di millepiedi giganti \u00e8 indipendente e rimane geneticamente pura, quindi non dovrai preoccuparti di incroci indesiderati.   <\/span><\/p>\n<p class=\"p1\"><span class=\"s1\">L&#8217;<strong>Africa Giant Bundle<\/strong> non \u00e8 solo un punto di forza per qualsiasi collezione, ma anche uno starter pack ideale per chi vuole approfondire la detenzione di invertebrati africani. La combinazione di diverse specie di millepiedi con utili isopodi crea una coesistenza quasi naturale che raramente viene offerta in questa forma. In questo modo potrai osservare i diversi comportamenti, fare interessanti confronti tra le specie e allo stesso tempo beneficiare della funzione di nutrimento degli isopodi.  <\/span><\/p>\n<p class=\"p1\"><span class=\"s1\">Con questo pacchetto sceglierai la variet\u00e0, la naturalezza e la qualit\u00e0. Ogni animale proviene da un allevamento responsabile ed \u00e8 stato accuratamente selezionato per te, in modo che tu possa goderti il tuo terrario per molto tempo. Che si tratti di un&#8217;aggiunta alla tua collezione o di un&#8217;affascinante introduzione al mondo degli invertebrati, l&#8217;<strong>Africa Giant Bundle<\/strong> porta a casa tua un pezzo di natura africana e fa s\u00ec che il tuo terrario diventi una vera e propria attrazione.  <\/span><\/p>\n","protected":false},"excerpt":{"rendered":"<p>Africa Giant Bundle - il set perfetto per gli appassionati di invertebrati Con l&#8217;Africa Giant Bundle puoi portare un pezzo unico di biodiversit\u00e0 tropicale direttamente nel tuo terrario. Questo speciale set combina tre impressionanti millepiedi giganti Archispirostreptus gigas, Ophistreptus guineensis e Mardonius spec. - insieme al popolare isopode Cubaris murina. In questo modo non solo [&hellip;]<\/p>\n","protected":false},"featured_media":189498,"template":"","meta":{"_acf_changed":false},"product-supplier":[],"product_brand":[],"product_cat":[2870],"product_tag":[],"lce-checkout-addons":[2746],"class_list":{"0":"post-189496","1":"product","2":"type-product","3":"status-publish","4":"has-post-thumbnail","6":"product_cat-millipede","7":"product_shipping_class-spedizione-di-animali","8":"lce-checkout-addons-imballaggio-invernale","10":"first","11":"instock","12":"taxable","13":"shipping-taxable","14":"purchasable","15":"product-type-bundle"},"acf":[],"yoast_head":"<!-- This site is optimized with the Yoast SEO plugin v27.3 - https:\/\/yoast.com\/product\/yoast-seo-wordpress\/ -->\n<title>Pacchetto gigante Africa - Insektenliebe<\/title>\n<meta name=\"description\" content=\"Il fascio gigante dell&#039;Africa con A. gigas, O. guineensis, Mardonius sp. e Cubaris murina: diversit\u00e0 e naturalezza per il terrario.\" \/>\n<meta name=\"robots\" content=\"index, follow, max-snippet:-1, max-image-preview:large, max-video-preview:-1\" \/>\n<link rel=\"canonical\" href=\"https:\/\/insektenliebe.com\/it\/shop\/prodotto\/pacchetto-gigante-africa\/\" \/>\n<meta property=\"og:locale\" content=\"it_IT\" \/>\n<meta property=\"og:type\" content=\"article\" \/>\n<meta property=\"og:title\" content=\"Pacchetto gigante Africa - Insektenliebe\" \/>\n<meta property=\"og:description\" content=\"Il fascio gigante dell&#039;Africa con A. gigas, O. guineensis, Mardonius sp. e Cubaris murina: diversit\u00e0 e naturalezza per il terrario.\" \/>\n<meta property=\"og:url\" content=\"https:\/\/insektenliebe.com\/it\/shop\/prodotto\/pacchetto-gigante-africa\/\" \/>\n<meta property=\"og:site_name\" content=\"Insektenliebe\" \/>\n<meta property=\"og:image\" content=\"https:\/\/insektenliebe.com\/wp-content\/uploads\/2025\/08\/Afrika-Riesen-Bundle.jpg\" \/>\n\t<meta property=\"og:image:width\" content=\"820\" \/>\n\t<meta property=\"og:image:height\" content=\"820\" \/>\n\t<meta property=\"og:image:type\" content=\"image\/jpeg\" \/>\n<meta name=\"twitter:card\" content=\"summary_large_image\" \/>\n<meta name=\"twitter:label1\" content=\"Tempo di lettura stimato\" \/>\n\t<meta name=\"twitter:data1\" content=\"2 minuto\" \/>\n<script type=\"application\/ld+json\" class=\"yoast-schema-graph\">{\"@context\":\"https:\\\/\\\/schema.org\",\"@graph\":[{\"@type\":\"WebPage\",\"@id\":\"https:\\\/\\\/insektenliebe.com\\\/it\\\/shop\\\/prodotto\\\/pacchetto-gigante-africa\\\/\",\"url\":\"https:\\\/\\\/insektenliebe.com\\\/it\\\/shop\\\/prodotto\\\/pacchetto-gigante-africa\\\/\",\"name\":\"Pacchetto gigante Africa - Insektenliebe\",\"isPartOf\":{\"@id\":\"https:\\\/\\\/insektenliebe.com\\\/it\\\/#website\"},\"primaryImageOfPage\":{\"@id\":\"https:\\\/\\\/insektenliebe.com\\\/it\\\/shop\\\/prodotto\\\/pacchetto-gigante-africa\\\/#primaryimage\"},\"image\":{\"@id\":\"https:\\\/\\\/insektenliebe.com\\\/it\\\/shop\\\/prodotto\\\/pacchetto-gigante-africa\\\/#primaryimage\"},\"thumbnailUrl\":\"https:\\\/\\\/insektenliebe.com\\\/wp-content\\\/uploads\\\/2025\\\/08\\\/Afrika-Riesen-Bundle.jpg\",\"datePublished\":\"2025-08-20T16:09:40+00:00\",\"description\":\"Il fascio gigante dell'Africa con A. gigas, O. guineensis, Mardonius sp. e Cubaris murina: diversit\u00e0 e naturalezza per il terrario.\",\"breadcrumb\":{\"@id\":\"https:\\\/\\\/insektenliebe.com\\\/it\\\/shop\\\/prodotto\\\/pacchetto-gigante-africa\\\/#breadcrumb\"},\"inLanguage\":\"it-IT\",\"potentialAction\":[{\"@type\":\"ReadAction\",\"target\":[\"https:\\\/\\\/insektenliebe.com\\\/it\\\/shop\\\/prodotto\\\/pacchetto-gigante-africa\\\/\"]}]},{\"@type\":\"ImageObject\",\"inLanguage\":\"it-IT\",\"@id\":\"https:\\\/\\\/insektenliebe.com\\\/it\\\/shop\\\/prodotto\\\/pacchetto-gigante-africa\\\/#primaryimage\",\"url\":\"https:\\\/\\\/insektenliebe.com\\\/wp-content\\\/uploads\\\/2025\\\/08\\\/Afrika-Riesen-Bundle.jpg\",\"contentUrl\":\"https:\\\/\\\/insektenliebe.com\\\/wp-content\\\/uploads\\\/2025\\\/08\\\/Afrika-Riesen-Bundle.jpg\",\"width\":820,\"height\":820,\"caption\":\"Pacchetto gigante Africa\"},{\"@type\":\"BreadcrumbList\",\"@id\":\"https:\\\/\\\/insektenliebe.com\\\/it\\\/shop\\\/prodotto\\\/pacchetto-gigante-africa\\\/#breadcrumb\",\"itemListElement\":[{\"@type\":\"ListItem\",\"position\":1,\"name\":\"Startseite\",\"item\":\"https:\\\/\\\/insektenliebe.com\\\/it\\\/\"},{\"@type\":\"ListItem\",\"position\":2,\"name\":\"Negozio\",\"item\":\"https:\\\/\\\/insektenliebe.com\\\/it\\\/negozio\\\/\"},{\"@type\":\"ListItem\",\"position\":3,\"name\":\"Pacchetto gigante Africa\"}]},{\"@type\":\"WebSite\",\"@id\":\"https:\\\/\\\/insektenliebe.com\\\/it\\\/#website\",\"url\":\"https:\\\/\\\/insektenliebe.com\\\/it\\\/\",\"name\":\"Insektenliebe\",\"description\":\"Dein Zuhause f\u00fcr die kleinen Lebewesen\",\"publisher\":{\"@id\":\"https:\\\/\\\/insektenliebe.com\\\/it\\\/#organization\"},\"potentialAction\":[{\"@type\":\"SearchAction\",\"target\":{\"@type\":\"EntryPoint\",\"urlTemplate\":\"https:\\\/\\\/insektenliebe.com\\\/it\\\/?s={search_term_string}\"},\"query-input\":{\"@type\":\"PropertyValueSpecification\",\"valueRequired\":true,\"valueName\":\"search_term_string\"}}],\"inLanguage\":\"it-IT\"},{\"@type\":\"Organization\",\"@id\":\"https:\\\/\\\/insektenliebe.com\\\/it\\\/#organization\",\"name\":\"Insektenliebe\",\"url\":\"https:\\\/\\\/insektenliebe.com\\\/it\\\/\",\"logo\":{\"@type\":\"ImageObject\",\"inLanguage\":\"it-IT\",\"@id\":\"https:\\\/\\\/insektenliebe.com\\\/it\\\/#\\\/schema\\\/logo\\\/image\\\/\",\"url\":\"https:\\\/\\\/insektenliebe.com\\\/wp-content\\\/uploads\\\/2025\\\/03\\\/logo-white.png\",\"contentUrl\":\"https:\\\/\\\/insektenliebe.com\\\/wp-content\\\/uploads\\\/2025\\\/03\\\/logo-white.png\",\"width\":288,\"height\":188,\"caption\":\"Insektenliebe\"},\"image\":{\"@id\":\"https:\\\/\\\/insektenliebe.com\\\/it\\\/#\\\/schema\\\/logo\\\/image\\\/\"}}]}<\/script>\n<!-- \/ Yoast SEO plugin. -->","yoast_head_json":{"title":"Pacchetto gigante Africa - Insektenliebe","description":"Il fascio gigante dell'Africa con A. gigas, O. guineensis, Mardonius sp. e Cubaris murina: diversit\u00e0 e naturalezza per il terrario.","robots":{"index":"index","follow":"follow","max-snippet":"max-snippet:-1","max-image-preview":"max-image-preview:large","max-video-preview":"max-video-preview:-1"},"canonical":"https:\/\/insektenliebe.com\/it\/shop\/prodotto\/pacchetto-gigante-africa\/","og_locale":"it_IT","og_type":"article","og_title":"Pacchetto gigante Africa - Insektenliebe","og_description":"Il fascio gigante dell'Africa con A. gigas, O. guineensis, Mardonius sp. e Cubaris murina: diversit\u00e0 e naturalezza per il terrario.","og_url":"https:\/\/insektenliebe.com\/it\/shop\/prodotto\/pacchetto-gigante-africa\/","og_site_name":"Insektenliebe","og_image":[{"width":820,"height":820,"url":"https:\/\/insektenliebe.com\/wp-content\/uploads\/2025\/08\/Afrika-Riesen-Bundle.jpg","type":"image\/jpeg"}],"twitter_card":"summary_large_image","twitter_misc":{"Tempo di lettura stimato":"2 minuto"},"schema":{"@context":"https:\/\/schema.org","@graph":[{"@type":"WebPage","@id":"https:\/\/insektenliebe.com\/it\/shop\/prodotto\/pacchetto-gigante-africa\/","url":"https:\/\/insektenliebe.com\/it\/shop\/prodotto\/pacchetto-gigante-africa\/","name":"Pacchetto gigante Africa - Insektenliebe","isPartOf":{"@id":"https:\/\/insektenliebe.com\/it\/#website"},"primaryImageOfPage":{"@id":"https:\/\/insektenliebe.com\/it\/shop\/prodotto\/pacchetto-gigante-africa\/#primaryimage"},"image":{"@id":"https:\/\/insektenliebe.com\/it\/shop\/prodotto\/pacchetto-gigante-africa\/#primaryimage"},"thumbnailUrl":"https:\/\/insektenliebe.com\/wp-content\/uploads\/2025\/08\/Afrika-Riesen-Bundle.jpg","datePublished":"2025-08-20T16:09:40+00:00","description":"Il fascio gigante dell'Africa con A. gigas, O. guineensis, Mardonius sp. e Cubaris murina: diversit\u00e0 e naturalezza per il terrario.","breadcrumb":{"@id":"https:\/\/insektenliebe.com\/it\/shop\/prodotto\/pacchetto-gigante-africa\/#breadcrumb"},"inLanguage":"it-IT","potentialAction":[{"@type":"ReadAction","target":["https:\/\/insektenliebe.com\/it\/shop\/prodotto\/pacchetto-gigante-africa\/"]}]},{"@type":"ImageObject","inLanguage":"it-IT","@id":"https:\/\/insektenliebe.com\/it\/shop\/prodotto\/pacchetto-gigante-africa\/#primaryimage","url":"https:\/\/insektenliebe.com\/wp-content\/uploads\/2025\/08\/Afrika-Riesen-Bundle.jpg","contentUrl":"https:\/\/insektenliebe.com\/wp-content\/uploads\/2025\/08\/Afrika-Riesen-Bundle.jpg","width":820,"height":820,"caption":"Pacchetto gigante Africa"},{"@type":"BreadcrumbList","@id":"https:\/\/insektenliebe.com\/it\/shop\/prodotto\/pacchetto-gigante-africa\/#breadcrumb","itemListElement":[{"@type":"ListItem","position":1,"name":"Startseite","item":"https:\/\/insektenliebe.com\/it\/"},{"@type":"ListItem","position":2,"name":"Negozio","item":"https:\/\/insektenliebe.com\/it\/negozio\/"},{"@type":"ListItem","position":3,"name":"Pacchetto gigante Africa"}]},{"@type":"WebSite","@id":"https:\/\/insektenliebe.com\/it\/#website","url":"https:\/\/insektenliebe.com\/it\/","name":"Insektenliebe","description":"Dein Zuhause f\u00fcr die kleinen Lebewesen","publisher":{"@id":"https:\/\/insektenliebe.com\/it\/#organization"},"potentialAction":[{"@type":"SearchAction","target":{"@type":"EntryPoint","urlTemplate":"https:\/\/insektenliebe.com\/it\/?s={search_term_string}"},"query-input":{"@type":"PropertyValueSpecification","valueRequired":true,"valueName":"search_term_string"}}],"inLanguage":"it-IT"},{"@type":"Organization","@id":"https:\/\/insektenliebe.com\/it\/#organization","name":"Insektenliebe","url":"https:\/\/insektenliebe.com\/it\/","logo":{"@type":"ImageObject","inLanguage":"it-IT","@id":"https:\/\/insektenliebe.com\/it\/#\/schema\/logo\/image\/","url":"https:\/\/insektenliebe.com\/wp-content\/uploads\/2025\/03\/logo-white.png","contentUrl":"https:\/\/insektenliebe.com\/wp-content\/uploads\/2025\/03\/logo-white.png","width":288,"height":188,"caption":"Insektenliebe"},"image":{"@id":"https:\/\/insektenliebe.com\/it\/#\/schema\/logo\/image\/"}}]}},"_links":{"self":[{"href":"https:\/\/insektenliebe.com\/it\/wp-json\/wp\/v2\/product\/189496","targetHints":{"allow":["GET"]}}],"collection":[{"href":"https:\/\/insektenliebe.com\/it\/wp-json\/wp\/v2\/product"}],"about":[{"href":"https:\/\/insektenliebe.com\/it\/wp-json\/wp\/v2\/types\/product"}],"wp:featuredmedia":[{"embeddable":true,"href":"https:\/\/insektenliebe.com\/it\/wp-json\/wp\/v2\/media\/189498"}],"wp:attachment":[{"href":"https:\/\/insektenliebe.com\/it\/wp-json\/wp\/v2\/media?parent=189496"}],"wp:term":[{"taxonomy":"product-supplier","embeddable":true,"href":"https:\/\/insektenliebe.com\/it\/wp-json\/wp\/v2\/product-supplier?post=189496"},{"taxonomy":"product_brand","embeddable":true,"href":"https:\/\/insektenliebe.com\/it\/wp-json\/wp\/v2\/product_brand?post=189496"},{"taxonomy":"product_cat","embeddable":true,"href":"https:\/\/insektenliebe.com\/it\/wp-json\/wp\/v2\/product_cat?post=189496"},{"taxonomy":"product_tag","embeddable":true,"href":"https:\/\/insektenliebe.com\/it\/wp-json\/wp\/v2\/product_tag?post=189496"},{"taxonomy":"lce-checkout-addons","embeddable":true,"href":"https:\/\/insektenliebe.com\/it\/wp-json\/wp\/v2\/lce-checkout-addons?post=189496"}],"curies":[{"name":"wp","href":"https:\/\/api.w.org\/{rel}","templated":true}]}}