{"id":189494,"date":"2025-09-05T13:27:00","date_gmt":"2025-09-05T11:27:00","guid":{"rendered":"https:\/\/insektenliebe.com\/shop\/produkt\/neoregelia-hera-var-little-bright\/"},"modified":"2025-09-05T13:27:00","modified_gmt":"2025-09-05T11:27:00","slug":"neoregelia-hera-var-little-bright","status":"publish","type":"product","link":"https:\/\/insektenliebe.com\/it\/shop\/prodotto\/neoregelia-hera-var-little-bright\/","title":{"rendered":"Neoregelia hera var \"Little Bright\""},"content":{"rendered":"<h3><span style=\"color: #99cc33\"><strong><span class=\"s1\">Neoregelia hera var<span class=\"s2\">\"Little Bright<\/span>\" - Bromeliacea per il terrario della foresta pluviale<\/span><\/strong><\/span><\/h3>\n<p class=\"p1\"><span class=\"s1\">Il  <\/span><span class=\"s2\"><strong>Neoregelia hera var. \"Little Bright <\/strong>\"<\/span><span class=\"s1\">  \u00e8 una bromeliacea compatta che attira l&#8217;attenzione in qualsiasi terrario con il suo fogliame forte e luminoso. Questa specie \u00e8 originaria delle foreste pluviali tropicali del Sud America e si adatta perfettamente alle condizioni del terrario. La sua caratteristica forma a rosetta raccoglie l&#8217;acqua al centro, rendendola non solo decorativa ma anche una fonte naturale di acqua per i piccoli animali del terrario.  <\/span><\/p>\n<p class=\"p1\"><span class=\"s1\">Le foglie della <\/span><span class=\"s3\">Piccolo Luminoso<\/span><span class=\"s1\">  presenta una fresca colorazione di base giallo-verde con accenti vivaci che risaltano ancora pi\u00f9 intensamente in condizioni di luce adeguate. D\u00e0 al tuo terrario una profondit\u00e0 colorata che pu\u00f2 essere combinata armoniosamente con altre piante ed elementi decorativi. <\/span><\/p>\n<p class=\"p1\"><span class=\"s1\">Nel suo habitat nativo, la Neoregelia cresce epifita sugli alberi o terrestre nel terreno, motivo per cui pu\u00f2 essere utilizzata anche nei terrari in diversi modi: legata a radici e pezzi di corteccia o classicamente in un vaso. La sua adattabilit\u00e0 la rende una pianta robusta e facile da curare, sia per i principianti che per gli esperti. <\/span><\/p>\n<p class=\"p1\"><span class=\"s1\">Affinch\u00e9 la pianta si sviluppi in modo ottimale, necessita di <\/span><span class=\"s2\">un&#8217;umidit\u00e0 elevata, compresa tra il 60 e l&#8217;80<\/span><span class=\"s1\">  e deve essere spruzzata regolarmente con acqua a basso contenuto di calcare. Per quanto riguarda l&#8217;illuminazione, preferisce un&#8217;intensit\u00e0 luminosa medio-alta, intorno a   <\/span><span class=\"s2\">Da 1.500 a 3.000 lumen<\/span><span class=\"s1\">. In queste condizioni, il  <\/span><span class=\"s3\">Piccolo e luminoso<\/span><span class=\"s1\"> mostra tutta la sua intensit\u00e0 cromatica e cresce compatta e sana.<\/span><\/p>\n<p class=\"p1\"><span class=\"s1\">Con un&#8217;altezza di <\/span><span class=\"s2\">15-25 cm<\/span><span class=\"s1\">  questa bromeliade rimane piacevolmente piccola ed \u00e8 particolarmente adatta ai terrari della foresta pluviale pi\u00f9 piccoli. Grazie alla sua forma, non solo offre una variet\u00e0 visiva, ma anche opportunit\u00e0 di ritiro e arrampicata per gli animali del terrario come gechi, rane o insetti. <\/span><\/p>\n<p class=\"p1\"><span class=\"s1\">Il  <span class=\"s2\"><strong>Neoregelia hera var. \"Little Bright <\/strong><\/span><\/span><span class=\"s1\">  \u00e8 quindi la scelta ideale per chi vuole arricchire il proprio terrario con una pianta facile da curare, ma dall&#8217;aspetto esotico.<\/span><\/p>\n","protected":false},"excerpt":{"rendered":"<p>Neoregelia hera var\"Little Bright\" - Bromeliacea per il terrario della foresta pluviale Il Neoregelia hera var. \"Little Bright \" \u00e8 una bromeliacea compatta che attira l&#8217;attenzione in qualsiasi terrario con il suo fogliame forte e luminoso. Questa specie \u00e8 originaria delle foreste pluviali tropicali del Sud America e si adatta perfettamente alle condizioni del terrario. [&hellip;]<\/p>\n","protected":false},"featured_media":189495,"template":"","meta":{"_acf_changed":false},"product-supplier":[2685],"product_brand":[],"product_cat":[3181],"product_tag":[],"lce-checkout-addons":[2746],"class_list":{"0":"post-189494","1":"product","2":"type-product","3":"status-publish","4":"has-post-thumbnail","6":"product_cat-piante-da-terrario","7":"product_shipping_class-equipment-shipping","8":"pa_herkunft-brasile","9":"lce-checkout-addons-imballaggio-invernale","11":"first","12":"instock","13":"sale","14":"taxable","15":"shipping-taxable","16":"purchasable","17":"product-type-simple"},"acf":[],"yoast_head":"<!-- This site is optimized with the Yoast SEO plugin v27.3 - https:\/\/yoast.com\/product\/yoast-seo-wordpress\/ -->\n<title>Neoregelia hera var &quot;Little Bright&quot; - Insektenliebe<\/title>\n<meta name=\"description\" content=\"La Neoregelia hera var. &quot;Little Bright&quot; dona colori vivaci al terrario. \u00c8 una bromeliacea adatta a un&#039;umidit\u00e0 elevata e a un&#039;illuminazione medio-forte.\" \/>\n<meta name=\"robots\" content=\"index, follow, max-snippet:-1, max-image-preview:large, max-video-preview:-1\" \/>\n<link rel=\"canonical\" href=\"https:\/\/insektenliebe.com\/it\/shop\/prodotto\/neoregelia-hera-var-little-bright\/\" \/>\n<meta property=\"og:locale\" content=\"it_IT\" \/>\n<meta property=\"og:type\" content=\"article\" \/>\n<meta property=\"og:title\" content=\"Neoregelia hera var &quot;Little Bright&quot; - Insektenliebe\" \/>\n<meta property=\"og:description\" content=\"La Neoregelia hera var. &quot;Little Bright&quot; dona colori vivaci al terrario. \u00c8 una bromeliacea adatta a un&#039;umidit\u00e0 elevata e a un&#039;illuminazione medio-forte.\" \/>\n<meta property=\"og:url\" content=\"https:\/\/insektenliebe.com\/it\/shop\/prodotto\/neoregelia-hera-var-little-bright\/\" \/>\n<meta property=\"og:site_name\" content=\"Insektenliebe\" \/>\n<meta property=\"og:image\" content=\"https:\/\/insektenliebe.com\/wp-content\/uploads\/2025\/09\/Neoregelia-hera-var-22little-bright22.jpg\" \/>\n\t<meta property=\"og:image:width\" content=\"820\" \/>\n\t<meta property=\"og:image:height\" content=\"820\" \/>\n\t<meta property=\"og:image:type\" content=\"image\/jpeg\" \/>\n<meta name=\"twitter:card\" content=\"summary_large_image\" \/>\n<meta name=\"twitter:label1\" content=\"Tempo di lettura stimato\" \/>\n\t<meta name=\"twitter:data1\" content=\"2 minuto\" \/>\n<script type=\"application\/ld+json\" class=\"yoast-schema-graph\">{\"@context\":\"https:\\\/\\\/schema.org\",\"@graph\":[{\"@type\":\"WebPage\",\"@id\":\"https:\\\/\\\/insektenliebe.com\\\/it\\\/shop\\\/prodotto\\\/neoregelia-hera-var-little-bright\\\/\",\"url\":\"https:\\\/\\\/insektenliebe.com\\\/it\\\/shop\\\/prodotto\\\/neoregelia-hera-var-little-bright\\\/\",\"name\":\"Neoregelia hera var \\\"Little Bright\\\" - Insektenliebe\",\"isPartOf\":{\"@id\":\"https:\\\/\\\/insektenliebe.com\\\/it\\\/#website\"},\"primaryImageOfPage\":{\"@id\":\"https:\\\/\\\/insektenliebe.com\\\/it\\\/shop\\\/prodotto\\\/neoregelia-hera-var-little-bright\\\/#primaryimage\"},\"image\":{\"@id\":\"https:\\\/\\\/insektenliebe.com\\\/it\\\/shop\\\/prodotto\\\/neoregelia-hera-var-little-bright\\\/#primaryimage\"},\"thumbnailUrl\":\"https:\\\/\\\/insektenliebe.com\\\/wp-content\\\/uploads\\\/2025\\\/09\\\/Neoregelia-hera-var-22little-bright22.jpg\",\"datePublished\":\"2025-09-05T11:27:00+00:00\",\"description\":\"La Neoregelia hera var. \\\"Little Bright\\\" dona colori vivaci al terrario. \u00c8 una bromeliacea adatta a un'umidit\u00e0 elevata e a un'illuminazione medio-forte.\",\"breadcrumb\":{\"@id\":\"https:\\\/\\\/insektenliebe.com\\\/it\\\/shop\\\/prodotto\\\/neoregelia-hera-var-little-bright\\\/#breadcrumb\"},\"inLanguage\":\"it-IT\",\"potentialAction\":[{\"@type\":\"ReadAction\",\"target\":[\"https:\\\/\\\/insektenliebe.com\\\/it\\\/shop\\\/prodotto\\\/neoregelia-hera-var-little-bright\\\/\"]}]},{\"@type\":\"ImageObject\",\"inLanguage\":\"it-IT\",\"@id\":\"https:\\\/\\\/insektenliebe.com\\\/it\\\/shop\\\/prodotto\\\/neoregelia-hera-var-little-bright\\\/#primaryimage\",\"url\":\"https:\\\/\\\/insektenliebe.com\\\/wp-content\\\/uploads\\\/2025\\\/09\\\/Neoregelia-hera-var-22little-bright22.jpg\",\"contentUrl\":\"https:\\\/\\\/insektenliebe.com\\\/wp-content\\\/uploads\\\/2025\\\/09\\\/Neoregelia-hera-var-22little-bright22.jpg\",\"width\":820,\"height\":820,\"caption\":\"Neoregelia hera var. \\\"little bright\\\" (piccola brillante)\"},{\"@type\":\"BreadcrumbList\",\"@id\":\"https:\\\/\\\/insektenliebe.com\\\/it\\\/shop\\\/prodotto\\\/neoregelia-hera-var-little-bright\\\/#breadcrumb\",\"itemListElement\":[{\"@type\":\"ListItem\",\"position\":1,\"name\":\"Startseite\",\"item\":\"https:\\\/\\\/insektenliebe.com\\\/it\\\/\"},{\"@type\":\"ListItem\",\"position\":2,\"name\":\"Negozio\",\"item\":\"https:\\\/\\\/insektenliebe.com\\\/it\\\/negozio\\\/\"},{\"@type\":\"ListItem\",\"position\":3,\"name\":\"Neoregelia hera var &#8220;Little Bright&#8221;\"}]},{\"@type\":\"WebSite\",\"@id\":\"https:\\\/\\\/insektenliebe.com\\\/it\\\/#website\",\"url\":\"https:\\\/\\\/insektenliebe.com\\\/it\\\/\",\"name\":\"Insektenliebe\",\"description\":\"Dein Zuhause f\u00fcr die kleinen Lebewesen\",\"publisher\":{\"@id\":\"https:\\\/\\\/insektenliebe.com\\\/it\\\/#organization\"},\"potentialAction\":[{\"@type\":\"SearchAction\",\"target\":{\"@type\":\"EntryPoint\",\"urlTemplate\":\"https:\\\/\\\/insektenliebe.com\\\/it\\\/?s={search_term_string}\"},\"query-input\":{\"@type\":\"PropertyValueSpecification\",\"valueRequired\":true,\"valueName\":\"search_term_string\"}}],\"inLanguage\":\"it-IT\"},{\"@type\":\"Organization\",\"@id\":\"https:\\\/\\\/insektenliebe.com\\\/it\\\/#organization\",\"name\":\"Insektenliebe\",\"url\":\"https:\\\/\\\/insektenliebe.com\\\/it\\\/\",\"logo\":{\"@type\":\"ImageObject\",\"inLanguage\":\"it-IT\",\"@id\":\"https:\\\/\\\/insektenliebe.com\\\/it\\\/#\\\/schema\\\/logo\\\/image\\\/\",\"url\":\"https:\\\/\\\/insektenliebe.com\\\/wp-content\\\/uploads\\\/2025\\\/03\\\/logo-white.png\",\"contentUrl\":\"https:\\\/\\\/insektenliebe.com\\\/wp-content\\\/uploads\\\/2025\\\/03\\\/logo-white.png\",\"width\":288,\"height\":188,\"caption\":\"Insektenliebe\"},\"image\":{\"@id\":\"https:\\\/\\\/insektenliebe.com\\\/it\\\/#\\\/schema\\\/logo\\\/image\\\/\"}}]}<\/script>\n<!-- \/ Yoast SEO plugin. -->","yoast_head_json":{"title":"Neoregelia hera var \"Little Bright\" - Insektenliebe","description":"La Neoregelia hera var. \"Little Bright\" dona colori vivaci al terrario. \u00c8 una bromeliacea adatta a un'umidit\u00e0 elevata e a un'illuminazione medio-forte.","robots":{"index":"index","follow":"follow","max-snippet":"max-snippet:-1","max-image-preview":"max-image-preview:large","max-video-preview":"max-video-preview:-1"},"canonical":"https:\/\/insektenliebe.com\/it\/shop\/prodotto\/neoregelia-hera-var-little-bright\/","og_locale":"it_IT","og_type":"article","og_title":"Neoregelia hera var \"Little Bright\" - Insektenliebe","og_description":"La Neoregelia hera var. \"Little Bright\" dona colori vivaci al terrario. \u00c8 una bromeliacea adatta a un'umidit\u00e0 elevata e a un'illuminazione medio-forte.","og_url":"https:\/\/insektenliebe.com\/it\/shop\/prodotto\/neoregelia-hera-var-little-bright\/","og_site_name":"Insektenliebe","og_image":[{"width":820,"height":820,"url":"https:\/\/insektenliebe.com\/wp-content\/uploads\/2025\/09\/Neoregelia-hera-var-22little-bright22.jpg","type":"image\/jpeg"}],"twitter_card":"summary_large_image","twitter_misc":{"Tempo di lettura stimato":"2 minuto"},"schema":{"@context":"https:\/\/schema.org","@graph":[{"@type":"WebPage","@id":"https:\/\/insektenliebe.com\/it\/shop\/prodotto\/neoregelia-hera-var-little-bright\/","url":"https:\/\/insektenliebe.com\/it\/shop\/prodotto\/neoregelia-hera-var-little-bright\/","name":"Neoregelia hera var \"Little Bright\" - Insektenliebe","isPartOf":{"@id":"https:\/\/insektenliebe.com\/it\/#website"},"primaryImageOfPage":{"@id":"https:\/\/insektenliebe.com\/it\/shop\/prodotto\/neoregelia-hera-var-little-bright\/#primaryimage"},"image":{"@id":"https:\/\/insektenliebe.com\/it\/shop\/prodotto\/neoregelia-hera-var-little-bright\/#primaryimage"},"thumbnailUrl":"https:\/\/insektenliebe.com\/wp-content\/uploads\/2025\/09\/Neoregelia-hera-var-22little-bright22.jpg","datePublished":"2025-09-05T11:27:00+00:00","description":"La Neoregelia hera var. \"Little Bright\" dona colori vivaci al terrario. \u00c8 una bromeliacea adatta a un'umidit\u00e0 elevata e a un'illuminazione medio-forte.","breadcrumb":{"@id":"https:\/\/insektenliebe.com\/it\/shop\/prodotto\/neoregelia-hera-var-little-bright\/#breadcrumb"},"inLanguage":"it-IT","potentialAction":[{"@type":"ReadAction","target":["https:\/\/insektenliebe.com\/it\/shop\/prodotto\/neoregelia-hera-var-little-bright\/"]}]},{"@type":"ImageObject","inLanguage":"it-IT","@id":"https:\/\/insektenliebe.com\/it\/shop\/prodotto\/neoregelia-hera-var-little-bright\/#primaryimage","url":"https:\/\/insektenliebe.com\/wp-content\/uploads\/2025\/09\/Neoregelia-hera-var-22little-bright22.jpg","contentUrl":"https:\/\/insektenliebe.com\/wp-content\/uploads\/2025\/09\/Neoregelia-hera-var-22little-bright22.jpg","width":820,"height":820,"caption":"Neoregelia hera var. \"little bright\" (piccola brillante)"},{"@type":"BreadcrumbList","@id":"https:\/\/insektenliebe.com\/it\/shop\/prodotto\/neoregelia-hera-var-little-bright\/#breadcrumb","itemListElement":[{"@type":"ListItem","position":1,"name":"Startseite","item":"https:\/\/insektenliebe.com\/it\/"},{"@type":"ListItem","position":2,"name":"Negozio","item":"https:\/\/insektenliebe.com\/it\/negozio\/"},{"@type":"ListItem","position":3,"name":"Neoregelia hera var &#8220;Little Bright&#8221;"}]},{"@type":"WebSite","@id":"https:\/\/insektenliebe.com\/it\/#website","url":"https:\/\/insektenliebe.com\/it\/","name":"Insektenliebe","description":"Dein Zuhause f\u00fcr die kleinen Lebewesen","publisher":{"@id":"https:\/\/insektenliebe.com\/it\/#organization"},"potentialAction":[{"@type":"SearchAction","target":{"@type":"EntryPoint","urlTemplate":"https:\/\/insektenliebe.com\/it\/?s={search_term_string}"},"query-input":{"@type":"PropertyValueSpecification","valueRequired":true,"valueName":"search_term_string"}}],"inLanguage":"it-IT"},{"@type":"Organization","@id":"https:\/\/insektenliebe.com\/it\/#organization","name":"Insektenliebe","url":"https:\/\/insektenliebe.com\/it\/","logo":{"@type":"ImageObject","inLanguage":"it-IT","@id":"https:\/\/insektenliebe.com\/it\/#\/schema\/logo\/image\/","url":"https:\/\/insektenliebe.com\/wp-content\/uploads\/2025\/03\/logo-white.png","contentUrl":"https:\/\/insektenliebe.com\/wp-content\/uploads\/2025\/03\/logo-white.png","width":288,"height":188,"caption":"Insektenliebe"},"image":{"@id":"https:\/\/insektenliebe.com\/it\/#\/schema\/logo\/image\/"}}]}},"_links":{"self":[{"href":"https:\/\/insektenliebe.com\/it\/wp-json\/wp\/v2\/product\/189494","targetHints":{"allow":["GET"]}}],"collection":[{"href":"https:\/\/insektenliebe.com\/it\/wp-json\/wp\/v2\/product"}],"about":[{"href":"https:\/\/insektenliebe.com\/it\/wp-json\/wp\/v2\/types\/product"}],"wp:featuredmedia":[{"embeddable":true,"href":"https:\/\/insektenliebe.com\/it\/wp-json\/wp\/v2\/media\/189495"}],"wp:attachment":[{"href":"https:\/\/insektenliebe.com\/it\/wp-json\/wp\/v2\/media?parent=189494"}],"wp:term":[{"taxonomy":"product-supplier","embeddable":true,"href":"https:\/\/insektenliebe.com\/it\/wp-json\/wp\/v2\/product-supplier?post=189494"},{"taxonomy":"product_brand","embeddable":true,"href":"https:\/\/insektenliebe.com\/it\/wp-json\/wp\/v2\/product_brand?post=189494"},{"taxonomy":"product_cat","embeddable":true,"href":"https:\/\/insektenliebe.com\/it\/wp-json\/wp\/v2\/product_cat?post=189494"},{"taxonomy":"product_tag","embeddable":true,"href":"https:\/\/insektenliebe.com\/it\/wp-json\/wp\/v2\/product_tag?post=189494"},{"taxonomy":"lce-checkout-addons","embeddable":true,"href":"https:\/\/insektenliebe.com\/it\/wp-json\/wp\/v2\/lce-checkout-addons?post=189494"}],"curies":[{"name":"wp","href":"https:\/\/api.w.org\/{rel}","templated":true}]}}