{"id":189491,"date":"2025-08-26T15:24:35","date_gmt":"2025-08-26T13:24:35","guid":{"rendered":"https:\/\/insektenliebe.com\/shop\/produkt\/hobby-roccia-arenaria\/"},"modified":"2026-03-11T19:41:56","modified_gmt":"2026-03-11T18:41:56","slug":"hobby-roccia-arenaria","status":"publish","type":"product","link":"https:\/\/insektenliebe.com\/it\/shop\/prodotto\/hobby-roccia-arenaria\/","title":{"rendered":"Hobby roccia arenaria"},"content":{"rendered":"<h3><span style=\"color: #99cc33\"><strong><span class=\"s1\">Roccia di arenaria per hobby - replica di roccia realistica per terrari<\/span><\/strong><\/span><\/h3>\n<p class=\"p1\"><span class=\"s1\">Il <\/span><strong><span class=\"s2\">Roccia di arenaria Hobby<\/span><\/strong><span class=\"s1\">  \u00e8 un&#8217;imitazione ingannevolmente realistica della pietra naturale ed \u00e8 ideale per decorare i terrari. Con la sua superficie dettagliata, le sottili fessure e la colorazione realistica dell&#8217;arenaria, porta un pezzo di natura direttamente nel terrario. Non funge solo da elemento decorativo, ma anche da elemento    <\/span><span class=\"s2\">Possibilit\u00e0 di arrampicarsi e ritirarsi<\/span><span class=\"s1\"> per rettili e invertebrati.<\/span><\/p>\n<p class=\"p1\"><span class=\"s1\">Realizzata in resina sintetica di alta qualit\u00e0 e non tossica, la roccia di arenaria \u00e8 assolutamente <\/span><span class=\"s2\">sicura per gli animali<\/span><span class=\"s1\">  e allo stesso tempo molto pi\u00f9 leggero della pietra vera. Questo lo rende facile da posizionare e riorganizzare senza sacrificare la stabilit\u00e0. Nonostante il peso ridotto, offre un appoggio sicuro e pu\u00f2 essere utilizzato senza problemi da animali come gechi, anole, draghi barbuti, tarantole, isopodi, millepiedi, ragni saltatori e scorpioni.  <\/span><\/p>\n<p class=\"p1\"><span class=\"s1\">La superficie strutturata fornisce un ulteriore sostegno durante l&#8217;arrampicata e incoraggia gli animali a mettere in atto i loro comportamenti naturali. Grazie alla sua forma e alla sua struttura, la roccia di arenaria \u00e8 ideale come   <\/span><span class=\"s2\">Nascondiglio, angolo soleggiato o elemento decorativo<\/span><span class=\"s1\">. Questo non solo migliora l&#8217;aspetto del terrario, ma lo arricchisce anche dal punto di vista funzionale.<\/span><\/p>\n<p class=\"p1\"><span class=\"s1\">Un altro punto a favore: il <strong><span class=\"s2\">Hobby Sandstone Rock<\/span><\/strong><\/span><span class=\"s2\">\u00e8 facile da mantenere<\/span><span class=\"s1\">. Non assorbe umidit\u00e0 o odori e pu\u00f2 essere facilmente pulito con acqua. In questo modo il terrario rimane igienicamente pulito e la manutenzione \u00e8 semplice. La sua colorazione fedele alla realt\u00e0 si adatta a entrambi i tipi di terrario.    <\/span><span class=\"s2\">terrari del deserto e della foresta pluviale<\/span><span class=\"s1\">il che lo rende molto versatile.<\/span><\/p>\n<p class=\"p1\"><span class=\"s1\">Con la <strong><span class=\"s2\">roccia arenaria Hobby<\/span><\/strong><\/span><span class=\"s1\"> ottieni un elemento di design durevole, pratico e visivamente accattivante, che stupir\u00e0 gli amanti del terrario e i loro animali.<\/span><\/p>\n","protected":false},"excerpt":{"rendered":"<p>Roccia di arenaria per hobby - replica di roccia realistica per terrari Il Roccia di arenaria Hobby \u00e8 un&#8217;imitazione ingannevolmente realistica della pietra naturale ed \u00e8 ideale per decorare i terrari. Con la sua superficie dettagliata, le sottili fessure e la colorazione realistica dell&#8217;arenaria, porta un pezzo di natura direttamente nel terrario. Non funge solo [&hellip;]<\/p>\n","protected":false},"featured_media":186846,"template":"","meta":{"_acf_changed":false},"product-supplier":[2555],"product_brand":[2739],"product_cat":[2740],"product_tag":[],"lce-checkout-addons":[],"class_list":{"0":"post-189491","1":"product","2":"type-product","3":"status-publish","4":"has-post-thumbnail","6":"product_brand-hobby-terraristica","7":"product_cat-arredamento-e-decorazione","8":"product_shipping_class-equipment-shipping","10":"first","11":"instock","12":"sale","13":"taxable","14":"shipping-taxable","15":"purchasable","16":"product-type-variable"},"acf":[],"yoast_head":"<!-- This site is optimized with the Yoast SEO plugin v27.3 - https:\/\/yoast.com\/product\/yoast-seo-wordpress\/ -->\n<title>Hobby roccia arenaria - Insektenliebe<\/title>\n<meta name=\"description\" content=\"Roccia di arenaria per hobby - roccia leggera, stabile e realistica per terrari. Ideale come arrampicata e nascondiglio per rettili e invertebrati.\" \/>\n<meta name=\"robots\" content=\"index, follow, max-snippet:-1, max-image-preview:large, max-video-preview:-1\" \/>\n<link rel=\"canonical\" href=\"https:\/\/insektenliebe.com\/it\/shop\/prodotto\/hobby-roccia-arenaria\/\" \/>\n<meta property=\"og:locale\" content=\"it_IT\" \/>\n<meta property=\"og:type\" content=\"article\" \/>\n<meta property=\"og:title\" content=\"Hobby roccia arenaria - Insektenliebe\" \/>\n<meta property=\"og:description\" content=\"Roccia di arenaria per hobby - roccia leggera, stabile e realistica per terrari. Ideale come arrampicata e nascondiglio per rettili e invertebrati.\" \/>\n<meta property=\"og:url\" content=\"https:\/\/insektenliebe.com\/it\/shop\/prodotto\/hobby-roccia-arenaria\/\" \/>\n<meta property=\"og:site_name\" content=\"Insektenliebe\" \/>\n<meta property=\"article:modified_time\" content=\"2026-03-11T18:41:56+00:00\" \/>\n<meta property=\"og:image\" content=\"https:\/\/insektenliebe.com\/wp-content\/uploads\/2025\/08\/Hobby-Sandstein-1.jpg\" \/>\n\t<meta property=\"og:image:width\" content=\"820\" \/>\n\t<meta property=\"og:image:height\" content=\"820\" \/>\n\t<meta property=\"og:image:type\" content=\"image\/jpeg\" \/>\n<meta name=\"twitter:card\" content=\"summary_large_image\" \/>\n<meta name=\"twitter:label1\" content=\"Tempo di lettura stimato\" \/>\n\t<meta name=\"twitter:data1\" content=\"1 minuto\" \/>\n<script type=\"application\/ld+json\" class=\"yoast-schema-graph\">{\"@context\":\"https:\\\/\\\/schema.org\",\"@graph\":[{\"@type\":\"WebPage\",\"@id\":\"https:\\\/\\\/insektenliebe.com\\\/it\\\/shop\\\/prodotto\\\/hobby-roccia-arenaria\\\/\",\"url\":\"https:\\\/\\\/insektenliebe.com\\\/it\\\/shop\\\/prodotto\\\/hobby-roccia-arenaria\\\/\",\"name\":\"Hobby roccia arenaria - Insektenliebe\",\"isPartOf\":{\"@id\":\"https:\\\/\\\/insektenliebe.com\\\/it\\\/#website\"},\"primaryImageOfPage\":{\"@id\":\"https:\\\/\\\/insektenliebe.com\\\/it\\\/shop\\\/prodotto\\\/hobby-roccia-arenaria\\\/#primaryimage\"},\"image\":{\"@id\":\"https:\\\/\\\/insektenliebe.com\\\/it\\\/shop\\\/prodotto\\\/hobby-roccia-arenaria\\\/#primaryimage\"},\"thumbnailUrl\":\"https:\\\/\\\/insektenliebe.com\\\/wp-content\\\/uploads\\\/2025\\\/08\\\/Hobby-Sandstein-1.jpg\",\"datePublished\":\"2025-08-26T13:24:35+00:00\",\"dateModified\":\"2026-03-11T18:41:56+00:00\",\"description\":\"Roccia di arenaria per hobby - roccia leggera, stabile e realistica per terrari. Ideale come arrampicata e nascondiglio per rettili e invertebrati.\",\"breadcrumb\":{\"@id\":\"https:\\\/\\\/insektenliebe.com\\\/it\\\/shop\\\/prodotto\\\/hobby-roccia-arenaria\\\/#breadcrumb\"},\"inLanguage\":\"it-IT\",\"potentialAction\":[{\"@type\":\"ReadAction\",\"target\":[\"https:\\\/\\\/insektenliebe.com\\\/it\\\/shop\\\/prodotto\\\/hobby-roccia-arenaria\\\/\"]}]},{\"@type\":\"ImageObject\",\"inLanguage\":\"it-IT\",\"@id\":\"https:\\\/\\\/insektenliebe.com\\\/it\\\/shop\\\/prodotto\\\/hobby-roccia-arenaria\\\/#primaryimage\",\"url\":\"https:\\\/\\\/insektenliebe.com\\\/wp-content\\\/uploads\\\/2025\\\/08\\\/Hobby-Sandstein-1.jpg\",\"contentUrl\":\"https:\\\/\\\/insektenliebe.com\\\/wp-content\\\/uploads\\\/2025\\\/08\\\/Hobby-Sandstein-1.jpg\",\"width\":820,\"height\":820,\"caption\":\"Arenaria Hobby 1\"},{\"@type\":\"BreadcrumbList\",\"@id\":\"https:\\\/\\\/insektenliebe.com\\\/it\\\/shop\\\/prodotto\\\/hobby-roccia-arenaria\\\/#breadcrumb\",\"itemListElement\":[{\"@type\":\"ListItem\",\"position\":1,\"name\":\"Startseite\",\"item\":\"https:\\\/\\\/insektenliebe.com\\\/it\\\/\"},{\"@type\":\"ListItem\",\"position\":2,\"name\":\"Negozio\",\"item\":\"https:\\\/\\\/insektenliebe.com\\\/it\\\/negozio\\\/\"},{\"@type\":\"ListItem\",\"position\":3,\"name\":\"Hobby roccia arenaria\"}]},{\"@type\":\"WebSite\",\"@id\":\"https:\\\/\\\/insektenliebe.com\\\/it\\\/#website\",\"url\":\"https:\\\/\\\/insektenliebe.com\\\/it\\\/\",\"name\":\"Insektenliebe\",\"description\":\"Dein Zuhause f\u00fcr die kleinen Lebewesen\",\"publisher\":{\"@id\":\"https:\\\/\\\/insektenliebe.com\\\/it\\\/#organization\"},\"potentialAction\":[{\"@type\":\"SearchAction\",\"target\":{\"@type\":\"EntryPoint\",\"urlTemplate\":\"https:\\\/\\\/insektenliebe.com\\\/it\\\/?s={search_term_string}\"},\"query-input\":{\"@type\":\"PropertyValueSpecification\",\"valueRequired\":true,\"valueName\":\"search_term_string\"}}],\"inLanguage\":\"it-IT\"},{\"@type\":\"Organization\",\"@id\":\"https:\\\/\\\/insektenliebe.com\\\/it\\\/#organization\",\"name\":\"Insektenliebe\",\"url\":\"https:\\\/\\\/insektenliebe.com\\\/it\\\/\",\"logo\":{\"@type\":\"ImageObject\",\"inLanguage\":\"it-IT\",\"@id\":\"https:\\\/\\\/insektenliebe.com\\\/it\\\/#\\\/schema\\\/logo\\\/image\\\/\",\"url\":\"https:\\\/\\\/insektenliebe.com\\\/wp-content\\\/uploads\\\/2025\\\/03\\\/logo-white.png\",\"contentUrl\":\"https:\\\/\\\/insektenliebe.com\\\/wp-content\\\/uploads\\\/2025\\\/03\\\/logo-white.png\",\"width\":288,\"height\":188,\"caption\":\"Insektenliebe\"},\"image\":{\"@id\":\"https:\\\/\\\/insektenliebe.com\\\/it\\\/#\\\/schema\\\/logo\\\/image\\\/\"}}]}<\/script>\n<!-- \/ Yoast SEO plugin. -->","yoast_head_json":{"title":"Hobby roccia arenaria - Insektenliebe","description":"Roccia di arenaria per hobby - roccia leggera, stabile e realistica per terrari. Ideale come arrampicata e nascondiglio per rettili e invertebrati.","robots":{"index":"index","follow":"follow","max-snippet":"max-snippet:-1","max-image-preview":"max-image-preview:large","max-video-preview":"max-video-preview:-1"},"canonical":"https:\/\/insektenliebe.com\/it\/shop\/prodotto\/hobby-roccia-arenaria\/","og_locale":"it_IT","og_type":"article","og_title":"Hobby roccia arenaria - Insektenliebe","og_description":"Roccia di arenaria per hobby - roccia leggera, stabile e realistica per terrari. Ideale come arrampicata e nascondiglio per rettili e invertebrati.","og_url":"https:\/\/insektenliebe.com\/it\/shop\/prodotto\/hobby-roccia-arenaria\/","og_site_name":"Insektenliebe","article_modified_time":"2026-03-11T18:41:56+00:00","og_image":[{"width":820,"height":820,"url":"https:\/\/insektenliebe.com\/wp-content\/uploads\/2025\/08\/Hobby-Sandstein-1.jpg","type":"image\/jpeg"}],"twitter_card":"summary_large_image","twitter_misc":{"Tempo di lettura stimato":"1 minuto"},"schema":{"@context":"https:\/\/schema.org","@graph":[{"@type":"WebPage","@id":"https:\/\/insektenliebe.com\/it\/shop\/prodotto\/hobby-roccia-arenaria\/","url":"https:\/\/insektenliebe.com\/it\/shop\/prodotto\/hobby-roccia-arenaria\/","name":"Hobby roccia arenaria - Insektenliebe","isPartOf":{"@id":"https:\/\/insektenliebe.com\/it\/#website"},"primaryImageOfPage":{"@id":"https:\/\/insektenliebe.com\/it\/shop\/prodotto\/hobby-roccia-arenaria\/#primaryimage"},"image":{"@id":"https:\/\/insektenliebe.com\/it\/shop\/prodotto\/hobby-roccia-arenaria\/#primaryimage"},"thumbnailUrl":"https:\/\/insektenliebe.com\/wp-content\/uploads\/2025\/08\/Hobby-Sandstein-1.jpg","datePublished":"2025-08-26T13:24:35+00:00","dateModified":"2026-03-11T18:41:56+00:00","description":"Roccia di arenaria per hobby - roccia leggera, stabile e realistica per terrari. Ideale come arrampicata e nascondiglio per rettili e invertebrati.","breadcrumb":{"@id":"https:\/\/insektenliebe.com\/it\/shop\/prodotto\/hobby-roccia-arenaria\/#breadcrumb"},"inLanguage":"it-IT","potentialAction":[{"@type":"ReadAction","target":["https:\/\/insektenliebe.com\/it\/shop\/prodotto\/hobby-roccia-arenaria\/"]}]},{"@type":"ImageObject","inLanguage":"it-IT","@id":"https:\/\/insektenliebe.com\/it\/shop\/prodotto\/hobby-roccia-arenaria\/#primaryimage","url":"https:\/\/insektenliebe.com\/wp-content\/uploads\/2025\/08\/Hobby-Sandstein-1.jpg","contentUrl":"https:\/\/insektenliebe.com\/wp-content\/uploads\/2025\/08\/Hobby-Sandstein-1.jpg","width":820,"height":820,"caption":"Arenaria Hobby 1"},{"@type":"BreadcrumbList","@id":"https:\/\/insektenliebe.com\/it\/shop\/prodotto\/hobby-roccia-arenaria\/#breadcrumb","itemListElement":[{"@type":"ListItem","position":1,"name":"Startseite","item":"https:\/\/insektenliebe.com\/it\/"},{"@type":"ListItem","position":2,"name":"Negozio","item":"https:\/\/insektenliebe.com\/it\/negozio\/"},{"@type":"ListItem","position":3,"name":"Hobby roccia arenaria"}]},{"@type":"WebSite","@id":"https:\/\/insektenliebe.com\/it\/#website","url":"https:\/\/insektenliebe.com\/it\/","name":"Insektenliebe","description":"Dein Zuhause f\u00fcr die kleinen Lebewesen","publisher":{"@id":"https:\/\/insektenliebe.com\/it\/#organization"},"potentialAction":[{"@type":"SearchAction","target":{"@type":"EntryPoint","urlTemplate":"https:\/\/insektenliebe.com\/it\/?s={search_term_string}"},"query-input":{"@type":"PropertyValueSpecification","valueRequired":true,"valueName":"search_term_string"}}],"inLanguage":"it-IT"},{"@type":"Organization","@id":"https:\/\/insektenliebe.com\/it\/#organization","name":"Insektenliebe","url":"https:\/\/insektenliebe.com\/it\/","logo":{"@type":"ImageObject","inLanguage":"it-IT","@id":"https:\/\/insektenliebe.com\/it\/#\/schema\/logo\/image\/","url":"https:\/\/insektenliebe.com\/wp-content\/uploads\/2025\/03\/logo-white.png","contentUrl":"https:\/\/insektenliebe.com\/wp-content\/uploads\/2025\/03\/logo-white.png","width":288,"height":188,"caption":"Insektenliebe"},"image":{"@id":"https:\/\/insektenliebe.com\/it\/#\/schema\/logo\/image\/"}}]}},"_links":{"self":[{"href":"https:\/\/insektenliebe.com\/it\/wp-json\/wp\/v2\/product\/189491","targetHints":{"allow":["GET"]}}],"collection":[{"href":"https:\/\/insektenliebe.com\/it\/wp-json\/wp\/v2\/product"}],"about":[{"href":"https:\/\/insektenliebe.com\/it\/wp-json\/wp\/v2\/types\/product"}],"wp:featuredmedia":[{"embeddable":true,"href":"https:\/\/insektenliebe.com\/it\/wp-json\/wp\/v2\/media\/186846"}],"wp:attachment":[{"href":"https:\/\/insektenliebe.com\/it\/wp-json\/wp\/v2\/media?parent=189491"}],"wp:term":[{"taxonomy":"product-supplier","embeddable":true,"href":"https:\/\/insektenliebe.com\/it\/wp-json\/wp\/v2\/product-supplier?post=189491"},{"taxonomy":"product_brand","embeddable":true,"href":"https:\/\/insektenliebe.com\/it\/wp-json\/wp\/v2\/product_brand?post=189491"},{"taxonomy":"product_cat","embeddable":true,"href":"https:\/\/insektenliebe.com\/it\/wp-json\/wp\/v2\/product_cat?post=189491"},{"taxonomy":"product_tag","embeddable":true,"href":"https:\/\/insektenliebe.com\/it\/wp-json\/wp\/v2\/product_tag?post=189491"},{"taxonomy":"lce-checkout-addons","embeddable":true,"href":"https:\/\/insektenliebe.com\/it\/wp-json\/wp\/v2\/lce-checkout-addons?post=189491"}],"curies":[{"name":"wp","href":"https:\/\/api.w.org\/{rel}","templated":true}]}}