{"id":189486,"date":"2025-09-05T15:07:00","date_gmt":"2025-09-05T13:07:00","guid":{"rendered":"https:\/\/insektenliebe.com\/shop\/produkt\/maranta-leuconeura-red-stripe\/"},"modified":"2025-09-05T15:07:00","modified_gmt":"2025-09-05T13:07:00","slug":"maranta-leuconeura-red-stripe","status":"publish","type":"product","link":"https:\/\/insektenliebe.com\/it\/shop\/prodotto\/maranta-leuconeura-red-stripe\/","title":{"rendered":"Maranta leuconeura \"Red Stripe"},"content":{"rendered":"<h3 class=\"p1\"><span style=\"color: #99cc33\"><strong><span class=\"s1\">Vibrante motivo a foglie per terrari umidi: Maranta leuconeura \"Red Stripe<\/span><\/strong><\/span><\/h3>\n<p class=\"p1\"><span class=\"s1\">La <\/span><strong><span class=\"s2\">Maranta leuconeura \"Red Stripe<\/span><\/strong><span class=\"s1\">conosciuta anche come pianta della preghiera, \u00e8 un&#8217;affascinante pianta tropicale che cattura immediatamente l&#8217;attenzione con i suoi sorprendenti disegni fogliari. Le sue foglie verde scuro sono intervallate da venature rosso vivo che sembrano delicate strisce e che danno il nome alla pianta. La parte inferiore delle foglie brilla di un caldo tono viola e crea un armonioso gioco di colori, ideale per ravvivare qualsiasi terrario.  <\/span><\/p>\n<p class=\"p1\"><span class=\"s1\">La Maranta \u00e8 originaria delle foreste pluviali tropicali del Brasile ed \u00e8 perfettamente adattata ad ambienti umidi e caldi. Queste caratteristiche la rendono un&#8217;ottima scelta per i terrari ad alta umidit\u00e0 in cui si tengono anche rettili o invertebrati tropicali. <\/span><\/p>\n<p class=\"p1\"><span class=\"s1\">Con un&#8217;altezza di crescita di circa 25-35 cm, la \"Red Stripe\" rimane compatta ed \u00e8 adatta sia ai terrari pi\u00f9 piccoli che a quelli pi\u00f9 grandi. Il suo comportamento diurno \u00e8 particolarmente caratteristico: Le foglie si abbassano durante il giorno e si ripiegano in posizione eretta di notte: uno spettacolo emozionante che le ha fatto guadagnare il soprannome di \"pianta della preghiera\". <\/span><\/p>\n<p class=\"p1\"><span class=\"s1\">Affinch\u00e9 la Maranta sviluppi il suo pieno potenziale cromatico e fogliare, necessita di un&#8217;intensit\u00e0 luminosa da moderata a elevata, compresa tra gli 800 e i 200 lumen. <\/span><span class=\"s2\">800-1.200 lumen<\/span><span class=\"s1\">. La luce diretta del sole deve essere evitata perch\u00e9 pu\u00f2 causare bruciature alle foglie. L&#8217;ideale \u00e8 una posizione con luce luminosa e indiretta. <\/span><\/p>\n<p class=\"p1\"><span class=\"s1\">La pianta prospera al meglio con un&#8217;umidit\u00e0 costante superiore al 60% e temperature comprese tra i 20 e i 28 \u00b0C. Le irrorazioni regolari e un substrato sciolto e umido favoriscono una crescita sana e colori brillanti. <\/span><\/p>\n<p class=\"p1\"><span class=\"s1\">Con il suo intenso disegno e il vivace gioco di colori, la <strong><span class=\"s2\">Maranta leuconeura \"Red Stripe\"<\/span><\/strong> non \u00e8 solo un arricchimento decorativo, ma anche un umidificatore naturale che mantiene stabile il clima del terrario.<\/span><\/p>\n","protected":false},"excerpt":{"rendered":"<p>Vibrante motivo a foglie per terrari umidi: Maranta leuconeura \"Red Stripe La Maranta leuconeura \"Red Stripeconosciuta anche come pianta della preghiera, \u00e8 un&#8217;affascinante pianta tropicale che cattura immediatamente l&#8217;attenzione con i suoi sorprendenti disegni fogliari. Le sue foglie verde scuro sono intervallate da venature rosso vivo che sembrano delicate strisce e che danno il nome [&hellip;]<\/p>\n","protected":false},"featured_media":189488,"template":"","meta":{"_acf_changed":false},"product-supplier":[2685],"product_brand":[],"product_cat":[3181],"product_tag":[],"lce-checkout-addons":[2746],"class_list":{"0":"post-189486","1":"product","2":"type-product","3":"status-publish","4":"has-post-thumbnail","6":"product_cat-piante-da-terrario","7":"product_shipping_class-equipment-shipping","8":"pa_herkunft-brasile","9":"lce-checkout-addons-imballaggio-invernale","11":"first","12":"outofstock","13":"sale","14":"taxable","15":"shipping-taxable","16":"purchasable","17":"product-type-simple"},"acf":[],"yoast_head":"<!-- This site is optimized with the Yoast SEO plugin v27.3 - https:\/\/yoast.com\/product\/yoast-seo-wordpress\/ -->\n<title>Maranta leuconeura &quot;Red Stripe - Insektenliebe<\/title>\n<meta name=\"description\" content=\"La Maranta leuconeura &quot;Red Stripe&quot; colpisce per le sue venature rosse e la parte inferiore viola: una bellezza tropicale per terrari umidi.\" \/>\n<meta name=\"robots\" content=\"index, follow, max-snippet:-1, max-image-preview:large, max-video-preview:-1\" \/>\n<link rel=\"canonical\" href=\"https:\/\/insektenliebe.com\/it\/shop\/prodotto\/maranta-leuconeura-red-stripe\/\" \/>\n<meta property=\"og:locale\" content=\"it_IT\" \/>\n<meta property=\"og:type\" content=\"article\" \/>\n<meta property=\"og:title\" content=\"Maranta leuconeura &quot;Red Stripe - Insektenliebe\" \/>\n<meta property=\"og:description\" content=\"La Maranta leuconeura &quot;Red Stripe&quot; colpisce per le sue venature rosse e la parte inferiore viola: una bellezza tropicale per terrari umidi.\" \/>\n<meta property=\"og:url\" content=\"https:\/\/insektenliebe.com\/it\/shop\/prodotto\/maranta-leuconeura-red-stripe\/\" \/>\n<meta property=\"og:site_name\" content=\"Insektenliebe\" \/>\n<meta property=\"og:image\" content=\"https:\/\/insektenliebe.com\/wp-content\/uploads\/2025\/09\/Maranta-leuconeura-22Red-Stripe22.jpg\" \/>\n\t<meta property=\"og:image:width\" content=\"820\" \/>\n\t<meta property=\"og:image:height\" content=\"820\" \/>\n\t<meta property=\"og:image:type\" content=\"image\/jpeg\" \/>\n<meta name=\"twitter:card\" content=\"summary_large_image\" \/>\n<meta name=\"twitter:label1\" content=\"Tempo di lettura stimato\" \/>\n\t<meta name=\"twitter:data1\" content=\"1 minuto\" \/>\n<script type=\"application\/ld+json\" class=\"yoast-schema-graph\">{\"@context\":\"https:\\\/\\\/schema.org\",\"@graph\":[{\"@type\":\"WebPage\",\"@id\":\"https:\\\/\\\/insektenliebe.com\\\/it\\\/shop\\\/prodotto\\\/maranta-leuconeura-red-stripe\\\/\",\"url\":\"https:\\\/\\\/insektenliebe.com\\\/it\\\/shop\\\/prodotto\\\/maranta-leuconeura-red-stripe\\\/\",\"name\":\"Maranta leuconeura \\\"Red Stripe - Insektenliebe\",\"isPartOf\":{\"@id\":\"https:\\\/\\\/insektenliebe.com\\\/it\\\/#website\"},\"primaryImageOfPage\":{\"@id\":\"https:\\\/\\\/insektenliebe.com\\\/it\\\/shop\\\/prodotto\\\/maranta-leuconeura-red-stripe\\\/#primaryimage\"},\"image\":{\"@id\":\"https:\\\/\\\/insektenliebe.com\\\/it\\\/shop\\\/prodotto\\\/maranta-leuconeura-red-stripe\\\/#primaryimage\"},\"thumbnailUrl\":\"https:\\\/\\\/insektenliebe.com\\\/wp-content\\\/uploads\\\/2025\\\/09\\\/Maranta-leuconeura-22Red-Stripe22.jpg\",\"datePublished\":\"2025-09-05T13:07:00+00:00\",\"description\":\"La Maranta leuconeura \\\"Red Stripe\\\" colpisce per le sue venature rosse e la parte inferiore viola: una bellezza tropicale per terrari umidi.\",\"breadcrumb\":{\"@id\":\"https:\\\/\\\/insektenliebe.com\\\/it\\\/shop\\\/prodotto\\\/maranta-leuconeura-red-stripe\\\/#breadcrumb\"},\"inLanguage\":\"it-IT\",\"potentialAction\":[{\"@type\":\"ReadAction\",\"target\":[\"https:\\\/\\\/insektenliebe.com\\\/it\\\/shop\\\/prodotto\\\/maranta-leuconeura-red-stripe\\\/\"]}]},{\"@type\":\"ImageObject\",\"inLanguage\":\"it-IT\",\"@id\":\"https:\\\/\\\/insektenliebe.com\\\/it\\\/shop\\\/prodotto\\\/maranta-leuconeura-red-stripe\\\/#primaryimage\",\"url\":\"https:\\\/\\\/insektenliebe.com\\\/wp-content\\\/uploads\\\/2025\\\/09\\\/Maranta-leuconeura-22Red-Stripe22.jpg\",\"contentUrl\":\"https:\\\/\\\/insektenliebe.com\\\/wp-content\\\/uploads\\\/2025\\\/09\\\/Maranta-leuconeura-22Red-Stripe22.jpg\",\"width\":820,\"height\":820,\"caption\":\"Maranta leuconeura \\\"Red Stripe\"},{\"@type\":\"BreadcrumbList\",\"@id\":\"https:\\\/\\\/insektenliebe.com\\\/it\\\/shop\\\/prodotto\\\/maranta-leuconeura-red-stripe\\\/#breadcrumb\",\"itemListElement\":[{\"@type\":\"ListItem\",\"position\":1,\"name\":\"Startseite\",\"item\":\"https:\\\/\\\/insektenliebe.com\\\/it\\\/\"},{\"@type\":\"ListItem\",\"position\":2,\"name\":\"Negozio\",\"item\":\"https:\\\/\\\/insektenliebe.com\\\/it\\\/negozio\\\/\"},{\"@type\":\"ListItem\",\"position\":3,\"name\":\"Maranta leuconeura &#8220;Red Stripe\"}]},{\"@type\":\"WebSite\",\"@id\":\"https:\\\/\\\/insektenliebe.com\\\/it\\\/#website\",\"url\":\"https:\\\/\\\/insektenliebe.com\\\/it\\\/\",\"name\":\"Insektenliebe\",\"description\":\"Dein Zuhause f\u00fcr die kleinen Lebewesen\",\"publisher\":{\"@id\":\"https:\\\/\\\/insektenliebe.com\\\/it\\\/#organization\"},\"potentialAction\":[{\"@type\":\"SearchAction\",\"target\":{\"@type\":\"EntryPoint\",\"urlTemplate\":\"https:\\\/\\\/insektenliebe.com\\\/it\\\/?s={search_term_string}\"},\"query-input\":{\"@type\":\"PropertyValueSpecification\",\"valueRequired\":true,\"valueName\":\"search_term_string\"}}],\"inLanguage\":\"it-IT\"},{\"@type\":\"Organization\",\"@id\":\"https:\\\/\\\/insektenliebe.com\\\/it\\\/#organization\",\"name\":\"Insektenliebe\",\"url\":\"https:\\\/\\\/insektenliebe.com\\\/it\\\/\",\"logo\":{\"@type\":\"ImageObject\",\"inLanguage\":\"it-IT\",\"@id\":\"https:\\\/\\\/insektenliebe.com\\\/it\\\/#\\\/schema\\\/logo\\\/image\\\/\",\"url\":\"https:\\\/\\\/insektenliebe.com\\\/wp-content\\\/uploads\\\/2025\\\/03\\\/logo-white.png\",\"contentUrl\":\"https:\\\/\\\/insektenliebe.com\\\/wp-content\\\/uploads\\\/2025\\\/03\\\/logo-white.png\",\"width\":288,\"height\":188,\"caption\":\"Insektenliebe\"},\"image\":{\"@id\":\"https:\\\/\\\/insektenliebe.com\\\/it\\\/#\\\/schema\\\/logo\\\/image\\\/\"}}]}<\/script>\n<!-- \/ Yoast SEO plugin. -->","yoast_head_json":{"title":"Maranta leuconeura \"Red Stripe - Insektenliebe","description":"La Maranta leuconeura \"Red Stripe\" colpisce per le sue venature rosse e la parte inferiore viola: una bellezza tropicale per terrari umidi.","robots":{"index":"index","follow":"follow","max-snippet":"max-snippet:-1","max-image-preview":"max-image-preview:large","max-video-preview":"max-video-preview:-1"},"canonical":"https:\/\/insektenliebe.com\/it\/shop\/prodotto\/maranta-leuconeura-red-stripe\/","og_locale":"it_IT","og_type":"article","og_title":"Maranta leuconeura \"Red Stripe - Insektenliebe","og_description":"La Maranta leuconeura \"Red Stripe\" colpisce per le sue venature rosse e la parte inferiore viola: una bellezza tropicale per terrari umidi.","og_url":"https:\/\/insektenliebe.com\/it\/shop\/prodotto\/maranta-leuconeura-red-stripe\/","og_site_name":"Insektenliebe","og_image":[{"width":820,"height":820,"url":"https:\/\/insektenliebe.com\/wp-content\/uploads\/2025\/09\/Maranta-leuconeura-22Red-Stripe22.jpg","type":"image\/jpeg"}],"twitter_card":"summary_large_image","twitter_misc":{"Tempo di lettura stimato":"1 minuto"},"schema":{"@context":"https:\/\/schema.org","@graph":[{"@type":"WebPage","@id":"https:\/\/insektenliebe.com\/it\/shop\/prodotto\/maranta-leuconeura-red-stripe\/","url":"https:\/\/insektenliebe.com\/it\/shop\/prodotto\/maranta-leuconeura-red-stripe\/","name":"Maranta leuconeura \"Red Stripe - Insektenliebe","isPartOf":{"@id":"https:\/\/insektenliebe.com\/it\/#website"},"primaryImageOfPage":{"@id":"https:\/\/insektenliebe.com\/it\/shop\/prodotto\/maranta-leuconeura-red-stripe\/#primaryimage"},"image":{"@id":"https:\/\/insektenliebe.com\/it\/shop\/prodotto\/maranta-leuconeura-red-stripe\/#primaryimage"},"thumbnailUrl":"https:\/\/insektenliebe.com\/wp-content\/uploads\/2025\/09\/Maranta-leuconeura-22Red-Stripe22.jpg","datePublished":"2025-09-05T13:07:00+00:00","description":"La Maranta leuconeura \"Red Stripe\" colpisce per le sue venature rosse e la parte inferiore viola: una bellezza tropicale per terrari umidi.","breadcrumb":{"@id":"https:\/\/insektenliebe.com\/it\/shop\/prodotto\/maranta-leuconeura-red-stripe\/#breadcrumb"},"inLanguage":"it-IT","potentialAction":[{"@type":"ReadAction","target":["https:\/\/insektenliebe.com\/it\/shop\/prodotto\/maranta-leuconeura-red-stripe\/"]}]},{"@type":"ImageObject","inLanguage":"it-IT","@id":"https:\/\/insektenliebe.com\/it\/shop\/prodotto\/maranta-leuconeura-red-stripe\/#primaryimage","url":"https:\/\/insektenliebe.com\/wp-content\/uploads\/2025\/09\/Maranta-leuconeura-22Red-Stripe22.jpg","contentUrl":"https:\/\/insektenliebe.com\/wp-content\/uploads\/2025\/09\/Maranta-leuconeura-22Red-Stripe22.jpg","width":820,"height":820,"caption":"Maranta leuconeura \"Red Stripe"},{"@type":"BreadcrumbList","@id":"https:\/\/insektenliebe.com\/it\/shop\/prodotto\/maranta-leuconeura-red-stripe\/#breadcrumb","itemListElement":[{"@type":"ListItem","position":1,"name":"Startseite","item":"https:\/\/insektenliebe.com\/it\/"},{"@type":"ListItem","position":2,"name":"Negozio","item":"https:\/\/insektenliebe.com\/it\/negozio\/"},{"@type":"ListItem","position":3,"name":"Maranta leuconeura &#8220;Red Stripe"}]},{"@type":"WebSite","@id":"https:\/\/insektenliebe.com\/it\/#website","url":"https:\/\/insektenliebe.com\/it\/","name":"Insektenliebe","description":"Dein Zuhause f\u00fcr die kleinen Lebewesen","publisher":{"@id":"https:\/\/insektenliebe.com\/it\/#organization"},"potentialAction":[{"@type":"SearchAction","target":{"@type":"EntryPoint","urlTemplate":"https:\/\/insektenliebe.com\/it\/?s={search_term_string}"},"query-input":{"@type":"PropertyValueSpecification","valueRequired":true,"valueName":"search_term_string"}}],"inLanguage":"it-IT"},{"@type":"Organization","@id":"https:\/\/insektenliebe.com\/it\/#organization","name":"Insektenliebe","url":"https:\/\/insektenliebe.com\/it\/","logo":{"@type":"ImageObject","inLanguage":"it-IT","@id":"https:\/\/insektenliebe.com\/it\/#\/schema\/logo\/image\/","url":"https:\/\/insektenliebe.com\/wp-content\/uploads\/2025\/03\/logo-white.png","contentUrl":"https:\/\/insektenliebe.com\/wp-content\/uploads\/2025\/03\/logo-white.png","width":288,"height":188,"caption":"Insektenliebe"},"image":{"@id":"https:\/\/insektenliebe.com\/it\/#\/schema\/logo\/image\/"}}]}},"_links":{"self":[{"href":"https:\/\/insektenliebe.com\/it\/wp-json\/wp\/v2\/product\/189486","targetHints":{"allow":["GET"]}}],"collection":[{"href":"https:\/\/insektenliebe.com\/it\/wp-json\/wp\/v2\/product"}],"about":[{"href":"https:\/\/insektenliebe.com\/it\/wp-json\/wp\/v2\/types\/product"}],"wp:featuredmedia":[{"embeddable":true,"href":"https:\/\/insektenliebe.com\/it\/wp-json\/wp\/v2\/media\/189488"}],"wp:attachment":[{"href":"https:\/\/insektenliebe.com\/it\/wp-json\/wp\/v2\/media?parent=189486"}],"wp:term":[{"taxonomy":"product-supplier","embeddable":true,"href":"https:\/\/insektenliebe.com\/it\/wp-json\/wp\/v2\/product-supplier?post=189486"},{"taxonomy":"product_brand","embeddable":true,"href":"https:\/\/insektenliebe.com\/it\/wp-json\/wp\/v2\/product_brand?post=189486"},{"taxonomy":"product_cat","embeddable":true,"href":"https:\/\/insektenliebe.com\/it\/wp-json\/wp\/v2\/product_cat?post=189486"},{"taxonomy":"product_tag","embeddable":true,"href":"https:\/\/insektenliebe.com\/it\/wp-json\/wp\/v2\/product_tag?post=189486"},{"taxonomy":"lce-checkout-addons","embeddable":true,"href":"https:\/\/insektenliebe.com\/it\/wp-json\/wp\/v2\/lce-checkout-addons?post=189486"}],"curies":[{"name":"wp","href":"https:\/\/api.w.org\/{rel}","templated":true}]}}