{"id":189484,"date":"2025-09-06T15:56:00","date_gmt":"2025-09-06T13:56:00","guid":{"rendered":"https:\/\/insektenliebe.com\/shop\/produkt\/nephrolepis-exaltata-duffy\/"},"modified":"2025-09-06T15:56:00","modified_gmt":"2025-09-06T13:56:00","slug":"nephrolepis-exaltata-duffy","status":"publish","type":"product","link":"https:\/\/insektenliebe.com\/it\/shop\/prodotto\/nephrolepis-exaltata-duffy\/","title":{"rendered":"Nephrolepis exaltata \"Duffy"},"content":{"rendered":"<h3 class=\"p1\"><span style=\"color: #99cc33\"><strong><span class=\"s1\">La mini felce spada come regolatore naturale del clima nel terrario<\/span><\/strong><\/span><\/h3>\n<p class=\"p1\"><span class=\"s1\">Il <\/span><strong><span class=\"s2\">Nephrolepis exaltata \"Duffy<\/span><\/strong><span class=\"s1\">conosciuta anche come mini felce spada, \u00e8 una pianta affascinante e facile da curare, ideale per essere utilizzata nei terrari. Con la sua crescita cespugliosa e compatta e le sue fronde finemente piumate e di colore verde fresco, non solo dona un tocco tropicale ma anche vivacit\u00e0 a qualsiasi habitat quasi naturale. <\/span><\/p>\n<p class=\"p1\"><span class=\"s1\">Questa felce \u00e8 originaria delle regioni tropicali del Sud America e dei Caraibi, dove prospera nelle foreste umide e ombrose. Nel terrario, la \"Duffy\" \u00e8 molto adattabile e colpisce per le sue dimensioni compatte di circa 20-30 cm, che la rendono perfetta per vasche di piccole e medie dimensioni. Le sue foglie fitte offrono anche la possibilit\u00e0 di ritirarsi e arrampicarsi per invertebrati come isopodi, millepiedi e ragni saltatori.  <\/span><\/p>\n<p class=\"p1\"><span class=\"s1\">I <\/span><span class=\"s2\">esigenze di luce<\/span><span class=\"s1\"> sono moderate: la \"Duffy\" prospera al meglio in luce indiretta o in luce artificiale con circa <\/span><span class=\"s2\">800-1200 lumen<\/span><span class=\"s1\">. La luce diretta del sole va evitata perch\u00e9 pu\u00f2 bruciare le delicate fronde. Si mantiene in salute anche in zone pi\u00f9 ombreggiate, ma cresce pi\u00f9 lentamente. <\/span><\/p>\n<p class=\"p1\"><span class=\"s1\">Un altro punto a favore \u00e8 la loro preferenza per un&#8217;umidit\u00e0 elevata <\/span><span class=\"s2\">umidit\u00e0 del 70-90%<\/span><span class=\"s1\">Per questo \u00e8 ideale per i terrari della foresta pluviale o tropicali. Contribuisce attivamente al microclima della vasca stabilizzando l&#8217;umidit\u00e0 e rilasciando ossigeno. <\/span><\/p>\n<p class=\"p1\"><span class=\"s1\">Con la sua crescita compatta e densa, la <strong><span class=\"s2\">Nephrolepis exaltata \"Duffy\"<\/span><\/strong> \u00e8 perfetta per composizioni al suolo, piccole isole verdi o come vivace pianta strutturale tra specie pi\u00f9 grandi. Il suo carattere facile da curare la rende una scelta eccellente sia per i principianti che per i terraristi esperti. <\/span><\/p>\n","protected":false},"excerpt":{"rendered":"<p>La mini felce spada come regolatore naturale del clima nel terrario Il Nephrolepis exaltata \"Duffyconosciuta anche come mini felce spada, \u00e8 una pianta affascinante e facile da curare, ideale per essere utilizzata nei terrari. Con la sua crescita cespugliosa e compatta e le sue fronde finemente piumate e di colore verde fresco, non solo dona [&hellip;]<\/p>\n","protected":false},"featured_media":189485,"template":"","meta":{"_acf_changed":false},"product-supplier":[2685],"product_brand":[],"product_cat":[3181],"product_tag":[],"lce-checkout-addons":[2746],"class_list":{"0":"post-189484","1":"product","2":"type-product","3":"status-publish","4":"has-post-thumbnail","6":"product_cat-piante-da-terrario","7":"product_shipping_class-equipment-shipping","8":"pa_herkunft-florida","9":"lce-checkout-addons-imballaggio-invernale","11":"first","12":"outofstock","13":"taxable","14":"shipping-taxable","15":"purchasable","16":"product-type-simple"},"acf":[],"yoast_head":"<!-- This site is optimized with the Yoast SEO plugin v27.3 - https:\/\/yoast.com\/product\/yoast-seo-wordpress\/ -->\n<title>Nephrolepis exaltata &quot;Duffy - Insektenliebe<\/title>\n<meta name=\"description\" content=\"Nephrolepis exaltata &quot;Duffy&quot; - felce spada compatta per il terrario. Facile da curare, cespugliosa, ama l&#039;umidit\u00e0 e la luce indiretta.\" \/>\n<meta name=\"robots\" content=\"index, follow, max-snippet:-1, max-image-preview:large, max-video-preview:-1\" \/>\n<link rel=\"canonical\" href=\"https:\/\/insektenliebe.com\/it\/shop\/prodotto\/nephrolepis-exaltata-duffy\/\" \/>\n<meta property=\"og:locale\" content=\"it_IT\" \/>\n<meta property=\"og:type\" content=\"article\" \/>\n<meta property=\"og:title\" content=\"Nephrolepis exaltata &quot;Duffy - Insektenliebe\" \/>\n<meta property=\"og:description\" content=\"Nephrolepis exaltata &quot;Duffy&quot; - felce spada compatta per il terrario. Facile da curare, cespugliosa, ama l&#039;umidit\u00e0 e la luce indiretta.\" \/>\n<meta property=\"og:url\" content=\"https:\/\/insektenliebe.com\/it\/shop\/prodotto\/nephrolepis-exaltata-duffy\/\" \/>\n<meta property=\"og:site_name\" content=\"Insektenliebe\" \/>\n<meta property=\"og:image\" content=\"https:\/\/insektenliebe.com\/wp-content\/uploads\/2025\/09\/Nephrolepis-exaltata-\u201eDuffy.jpg\" \/>\n\t<meta property=\"og:image:width\" content=\"820\" \/>\n\t<meta property=\"og:image:height\" content=\"820\" \/>\n\t<meta property=\"og:image:type\" content=\"image\/jpeg\" \/>\n<meta name=\"twitter:card\" content=\"summary_large_image\" \/>\n<meta name=\"twitter:label1\" content=\"Tempo di lettura stimato\" \/>\n\t<meta name=\"twitter:data1\" content=\"1 minuto\" \/>\n<script type=\"application\/ld+json\" class=\"yoast-schema-graph\">{\"@context\":\"https:\\\/\\\/schema.org\",\"@graph\":[{\"@type\":\"WebPage\",\"@id\":\"https:\\\/\\\/insektenliebe.com\\\/it\\\/shop\\\/prodotto\\\/nephrolepis-exaltata-duffy\\\/\",\"url\":\"https:\\\/\\\/insektenliebe.com\\\/it\\\/shop\\\/prodotto\\\/nephrolepis-exaltata-duffy\\\/\",\"name\":\"Nephrolepis exaltata \\\"Duffy - Insektenliebe\",\"isPartOf\":{\"@id\":\"https:\\\/\\\/insektenliebe.com\\\/it\\\/#website\"},\"primaryImageOfPage\":{\"@id\":\"https:\\\/\\\/insektenliebe.com\\\/it\\\/shop\\\/prodotto\\\/nephrolepis-exaltata-duffy\\\/#primaryimage\"},\"image\":{\"@id\":\"https:\\\/\\\/insektenliebe.com\\\/it\\\/shop\\\/prodotto\\\/nephrolepis-exaltata-duffy\\\/#primaryimage\"},\"thumbnailUrl\":\"https:\\\/\\\/insektenliebe.com\\\/wp-content\\\/uploads\\\/2025\\\/09\\\/Nephrolepis-exaltata-\u201eDuffy.jpg\",\"datePublished\":\"2025-09-06T13:56:00+00:00\",\"description\":\"Nephrolepis exaltata \\\"Duffy\\\" - felce spada compatta per il terrario. Facile da curare, cespugliosa, ama l'umidit\u00e0 e la luce indiretta.\",\"breadcrumb\":{\"@id\":\"https:\\\/\\\/insektenliebe.com\\\/it\\\/shop\\\/prodotto\\\/nephrolepis-exaltata-duffy\\\/#breadcrumb\"},\"inLanguage\":\"it-IT\",\"potentialAction\":[{\"@type\":\"ReadAction\",\"target\":[\"https:\\\/\\\/insektenliebe.com\\\/it\\\/shop\\\/prodotto\\\/nephrolepis-exaltata-duffy\\\/\"]}]},{\"@type\":\"ImageObject\",\"inLanguage\":\"it-IT\",\"@id\":\"https:\\\/\\\/insektenliebe.com\\\/it\\\/shop\\\/prodotto\\\/nephrolepis-exaltata-duffy\\\/#primaryimage\",\"url\":\"https:\\\/\\\/insektenliebe.com\\\/wp-content\\\/uploads\\\/2025\\\/09\\\/Nephrolepis-exaltata-\u201eDuffy.jpg\",\"contentUrl\":\"https:\\\/\\\/insektenliebe.com\\\/wp-content\\\/uploads\\\/2025\\\/09\\\/Nephrolepis-exaltata-\u201eDuffy.jpg\",\"width\":820,\"height\":820,\"caption\":\"Nephrolepis exaltata \\\"Duffy\"},{\"@type\":\"BreadcrumbList\",\"@id\":\"https:\\\/\\\/insektenliebe.com\\\/it\\\/shop\\\/prodotto\\\/nephrolepis-exaltata-duffy\\\/#breadcrumb\",\"itemListElement\":[{\"@type\":\"ListItem\",\"position\":1,\"name\":\"Startseite\",\"item\":\"https:\\\/\\\/insektenliebe.com\\\/it\\\/\"},{\"@type\":\"ListItem\",\"position\":2,\"name\":\"Negozio\",\"item\":\"https:\\\/\\\/insektenliebe.com\\\/it\\\/negozio\\\/\"},{\"@type\":\"ListItem\",\"position\":3,\"name\":\"Nephrolepis exaltata &#8220;Duffy\"}]},{\"@type\":\"WebSite\",\"@id\":\"https:\\\/\\\/insektenliebe.com\\\/it\\\/#website\",\"url\":\"https:\\\/\\\/insektenliebe.com\\\/it\\\/\",\"name\":\"Insektenliebe\",\"description\":\"Dein Zuhause f\u00fcr die kleinen Lebewesen\",\"publisher\":{\"@id\":\"https:\\\/\\\/insektenliebe.com\\\/it\\\/#organization\"},\"potentialAction\":[{\"@type\":\"SearchAction\",\"target\":{\"@type\":\"EntryPoint\",\"urlTemplate\":\"https:\\\/\\\/insektenliebe.com\\\/it\\\/?s={search_term_string}\"},\"query-input\":{\"@type\":\"PropertyValueSpecification\",\"valueRequired\":true,\"valueName\":\"search_term_string\"}}],\"inLanguage\":\"it-IT\"},{\"@type\":\"Organization\",\"@id\":\"https:\\\/\\\/insektenliebe.com\\\/it\\\/#organization\",\"name\":\"Insektenliebe\",\"url\":\"https:\\\/\\\/insektenliebe.com\\\/it\\\/\",\"logo\":{\"@type\":\"ImageObject\",\"inLanguage\":\"it-IT\",\"@id\":\"https:\\\/\\\/insektenliebe.com\\\/it\\\/#\\\/schema\\\/logo\\\/image\\\/\",\"url\":\"https:\\\/\\\/insektenliebe.com\\\/wp-content\\\/uploads\\\/2025\\\/03\\\/logo-white.png\",\"contentUrl\":\"https:\\\/\\\/insektenliebe.com\\\/wp-content\\\/uploads\\\/2025\\\/03\\\/logo-white.png\",\"width\":288,\"height\":188,\"caption\":\"Insektenliebe\"},\"image\":{\"@id\":\"https:\\\/\\\/insektenliebe.com\\\/it\\\/#\\\/schema\\\/logo\\\/image\\\/\"}}]}<\/script>\n<!-- \/ Yoast SEO plugin. -->","yoast_head_json":{"title":"Nephrolepis exaltata \"Duffy - Insektenliebe","description":"Nephrolepis exaltata \"Duffy\" - felce spada compatta per il terrario. Facile da curare, cespugliosa, ama l'umidit\u00e0 e la luce indiretta.","robots":{"index":"index","follow":"follow","max-snippet":"max-snippet:-1","max-image-preview":"max-image-preview:large","max-video-preview":"max-video-preview:-1"},"canonical":"https:\/\/insektenliebe.com\/it\/shop\/prodotto\/nephrolepis-exaltata-duffy\/","og_locale":"it_IT","og_type":"article","og_title":"Nephrolepis exaltata \"Duffy - Insektenliebe","og_description":"Nephrolepis exaltata \"Duffy\" - felce spada compatta per il terrario. Facile da curare, cespugliosa, ama l'umidit\u00e0 e la luce indiretta.","og_url":"https:\/\/insektenliebe.com\/it\/shop\/prodotto\/nephrolepis-exaltata-duffy\/","og_site_name":"Insektenliebe","og_image":[{"width":820,"height":820,"url":"https:\/\/insektenliebe.com\/wp-content\/uploads\/2025\/09\/Nephrolepis-exaltata-\u201eDuffy.jpg","type":"image\/jpeg"}],"twitter_card":"summary_large_image","twitter_misc":{"Tempo di lettura stimato":"1 minuto"},"schema":{"@context":"https:\/\/schema.org","@graph":[{"@type":"WebPage","@id":"https:\/\/insektenliebe.com\/it\/shop\/prodotto\/nephrolepis-exaltata-duffy\/","url":"https:\/\/insektenliebe.com\/it\/shop\/prodotto\/nephrolepis-exaltata-duffy\/","name":"Nephrolepis exaltata \"Duffy - Insektenliebe","isPartOf":{"@id":"https:\/\/insektenliebe.com\/it\/#website"},"primaryImageOfPage":{"@id":"https:\/\/insektenliebe.com\/it\/shop\/prodotto\/nephrolepis-exaltata-duffy\/#primaryimage"},"image":{"@id":"https:\/\/insektenliebe.com\/it\/shop\/prodotto\/nephrolepis-exaltata-duffy\/#primaryimage"},"thumbnailUrl":"https:\/\/insektenliebe.com\/wp-content\/uploads\/2025\/09\/Nephrolepis-exaltata-\u201eDuffy.jpg","datePublished":"2025-09-06T13:56:00+00:00","description":"Nephrolepis exaltata \"Duffy\" - felce spada compatta per il terrario. Facile da curare, cespugliosa, ama l'umidit\u00e0 e la luce indiretta.","breadcrumb":{"@id":"https:\/\/insektenliebe.com\/it\/shop\/prodotto\/nephrolepis-exaltata-duffy\/#breadcrumb"},"inLanguage":"it-IT","potentialAction":[{"@type":"ReadAction","target":["https:\/\/insektenliebe.com\/it\/shop\/prodotto\/nephrolepis-exaltata-duffy\/"]}]},{"@type":"ImageObject","inLanguage":"it-IT","@id":"https:\/\/insektenliebe.com\/it\/shop\/prodotto\/nephrolepis-exaltata-duffy\/#primaryimage","url":"https:\/\/insektenliebe.com\/wp-content\/uploads\/2025\/09\/Nephrolepis-exaltata-\u201eDuffy.jpg","contentUrl":"https:\/\/insektenliebe.com\/wp-content\/uploads\/2025\/09\/Nephrolepis-exaltata-\u201eDuffy.jpg","width":820,"height":820,"caption":"Nephrolepis exaltata \"Duffy"},{"@type":"BreadcrumbList","@id":"https:\/\/insektenliebe.com\/it\/shop\/prodotto\/nephrolepis-exaltata-duffy\/#breadcrumb","itemListElement":[{"@type":"ListItem","position":1,"name":"Startseite","item":"https:\/\/insektenliebe.com\/it\/"},{"@type":"ListItem","position":2,"name":"Negozio","item":"https:\/\/insektenliebe.com\/it\/negozio\/"},{"@type":"ListItem","position":3,"name":"Nephrolepis exaltata &#8220;Duffy"}]},{"@type":"WebSite","@id":"https:\/\/insektenliebe.com\/it\/#website","url":"https:\/\/insektenliebe.com\/it\/","name":"Insektenliebe","description":"Dein Zuhause f\u00fcr die kleinen Lebewesen","publisher":{"@id":"https:\/\/insektenliebe.com\/it\/#organization"},"potentialAction":[{"@type":"SearchAction","target":{"@type":"EntryPoint","urlTemplate":"https:\/\/insektenliebe.com\/it\/?s={search_term_string}"},"query-input":{"@type":"PropertyValueSpecification","valueRequired":true,"valueName":"search_term_string"}}],"inLanguage":"it-IT"},{"@type":"Organization","@id":"https:\/\/insektenliebe.com\/it\/#organization","name":"Insektenliebe","url":"https:\/\/insektenliebe.com\/it\/","logo":{"@type":"ImageObject","inLanguage":"it-IT","@id":"https:\/\/insektenliebe.com\/it\/#\/schema\/logo\/image\/","url":"https:\/\/insektenliebe.com\/wp-content\/uploads\/2025\/03\/logo-white.png","contentUrl":"https:\/\/insektenliebe.com\/wp-content\/uploads\/2025\/03\/logo-white.png","width":288,"height":188,"caption":"Insektenliebe"},"image":{"@id":"https:\/\/insektenliebe.com\/it\/#\/schema\/logo\/image\/"}}]}},"_links":{"self":[{"href":"https:\/\/insektenliebe.com\/it\/wp-json\/wp\/v2\/product\/189484","targetHints":{"allow":["GET"]}}],"collection":[{"href":"https:\/\/insektenliebe.com\/it\/wp-json\/wp\/v2\/product"}],"about":[{"href":"https:\/\/insektenliebe.com\/it\/wp-json\/wp\/v2\/types\/product"}],"wp:featuredmedia":[{"embeddable":true,"href":"https:\/\/insektenliebe.com\/it\/wp-json\/wp\/v2\/media\/189485"}],"wp:attachment":[{"href":"https:\/\/insektenliebe.com\/it\/wp-json\/wp\/v2\/media?parent=189484"}],"wp:term":[{"taxonomy":"product-supplier","embeddable":true,"href":"https:\/\/insektenliebe.com\/it\/wp-json\/wp\/v2\/product-supplier?post=189484"},{"taxonomy":"product_brand","embeddable":true,"href":"https:\/\/insektenliebe.com\/it\/wp-json\/wp\/v2\/product_brand?post=189484"},{"taxonomy":"product_cat","embeddable":true,"href":"https:\/\/insektenliebe.com\/it\/wp-json\/wp\/v2\/product_cat?post=189484"},{"taxonomy":"product_tag","embeddable":true,"href":"https:\/\/insektenliebe.com\/it\/wp-json\/wp\/v2\/product_tag?post=189484"},{"taxonomy":"lce-checkout-addons","embeddable":true,"href":"https:\/\/insektenliebe.com\/it\/wp-json\/wp\/v2\/lce-checkout-addons?post=189484"}],"curies":[{"name":"wp","href":"https:\/\/api.w.org\/{rel}","templated":true}]}}