{"id":189476,"date":"2025-09-19T13:20:00","date_gmt":"2025-09-19T11:20:00","guid":{"rendered":"https:\/\/insektenliebe.com\/shop\/produkt\/grotta-del-terrario\/"},"modified":"2026-02-26T15:10:51","modified_gmt":"2026-02-26T14:10:51","slug":"grotta-del-terrario","status":"publish","type":"product","link":"https:\/\/insektenliebe.com\/it\/shop\/prodotto\/grotta-del-terrario\/","title":{"rendered":"Grotta del terrario"},"content":{"rendered":"<h3><span style=\"color: #99cc33;\"><strong><span class=\"s1\">La grotta del terrario in ceramica: il nascondiglio perfetto per gli invertebrati<\/span><\/strong><\/span><\/h3>\n<div id=\"row-117056371\" class=\"row\">\n<div id=\"col-491443338\" class=\"col medium-6 small-12 large-6\">\n<div class=\"col-inner\">\n<p class=\"p1\"><span class=\"s1\">Con questo <\/span><span class=\"s2\"><strong>grotta terrario<\/strong> in ceramica<\/span><span class=\"s1\">  offrirai ai tuoi animali esattamente ci\u00f2 di cui hanno bisogno: un rifugio sicuro, umido e stabile. La grotta in ceramica nera non \u00e8 solo esteticamente discreta, ma anche estremamente funzionale e si adatta perfettamente a qualsiasi terrario di 20 x 20 x 20 cm. <\/span><\/p>\n<p class=\"p1\"><span class=\"s1\">Il vantaggio della ceramica \u00e8 che trattiene l&#8217;umidit\u00e0. Se inumidisci leggermente la grotta o la ricopri con un substrato umido, all&#8217;interno si crea un clima piacevolmente umido. Questo \u00e8 l&#8217;ideale se i tuoi animali vogliono fare la muta. A differenza dei tunnel instabili fatti di terra o substrato, la grotta in ceramica mantiene sempre la sua forma: un punto a favore per te e per i tuoi animali.   <\/span><\/p>\n<p class=\"p1\"><span class=\"s1\">Il design \u00e8 stato pensato in modo intelligente: c&#8217;\u00e8 un&#8217;entrata in alto, che viene coperta dal fogliame del terrario. L&#8217;apertura in basso \u00e8 posizionata in modo da poter posizionare la grotta direttamente contro il vetro della finestra. I tuoi animali utilizzano l&#8217;ingresso superiore, mentre tu puoi guardare il nascondiglio attraverso l&#8217;apertura frontale in qualsiasi momento. In questo modo, gli animali possono godere di pace e tranquillit\u00e0 e tu puoi osservarli.   <\/span><\/p>\n<p class=\"p1\"><span class=\"s1\">Tarantole del genere <\/span><span class=\"s2\">Brachypelma<\/span><span class=\"s1\">  si sentiranno a casa, poich\u00e9 amano utilizzare le tane dei roditori abbandonate in natura. Anche per   <\/span><span class=\"s2\">millepiedi<\/span><span class=\"s1\"> la grotta \u00e8 ideale perch\u00e9 qui possono fare la muta indisturbati. <\/span><span class=\"s2\">Le cocciniglie<\/span><span class=\"s1\"> invece, amano ritirarsi nelle zone umide e riparate, mentre <\/span><span class=\"s2\">scorpioni<\/span><span class=\"s1\"> apprezzano la <span class=\"s2\"><strong>grotta del terrario <\/strong>come<\/span> luogo di ritiro.<\/span><\/p>\n<p class=\"p1\"><span class=\"s1\">Grazie al colore nero, la grotta pu\u00f2 essere facilmente integrata in qualsiasi allestimento. Puoi mimetizzarla con terra, muschio o fogliame in modo che sembri una parte naturale dell&#8217;ambiente. E se \u00e8 necessario pulirla, \u00e8 sufficiente strofinare la ceramica con acqua: \u00e8 igienico e semplice.  <\/span><\/p>\n<p class=\"p1\"><span class=\"s1\">Con questo <span class=\"s2\"><strong>grotta terrario<\/strong><\/span> realizzato in ceramica, potrai offrire ai tuoi animali un nascondiglio stabile, naturale e pratico che giover\u00e0 sia a te che a loro. \u00c8 la scelta perfetta per tenere tarantole, scorpioni, millepiedi, isopodi e molti altri invertebrati in modo adeguato alla specie. <\/span><\/p>\n<\/div>\n<\/div>\n<\/div>\n","protected":false},"excerpt":{"rendered":"<p>La grotta del terrario in ceramica: il nascondiglio perfetto per gli invertebrati Con questo grotta terrario in ceramica offrirai ai tuoi animali esattamente ci\u00f2 di cui hanno bisogno: un rifugio sicuro, umido e stabile. La grotta in ceramica nera non \u00e8 solo esteticamente discreta, ma anche estremamente funzionale e si adatta perfettamente a qualsiasi terrario [&hellip;]<\/p>\n","protected":false},"featured_media":189480,"template":"","meta":{"_acf_changed":false},"product-supplier":[2685],"product_brand":[],"product_cat":[2740],"product_tag":[],"lce-checkout-addons":[],"class_list":{"0":"post-189476","1":"product","2":"type-product","3":"status-publish","4":"has-post-thumbnail","6":"product_cat-arredamento-e-decorazione","7":"product_shipping_class-equipment-shipping","9":"first","10":"outofstock","11":"sale","12":"taxable","13":"shipping-taxable","14":"purchasable","15":"product-type-simple"},"acf":[],"yoast_head":"<!-- This site is optimized with the Yoast SEO plugin v27.3 - https:\/\/yoast.com\/product\/yoast-seo-wordpress\/ -->\n<title>Grotta del terrario - Insektenliebe<\/title>\n<meta name=\"description\" content=\"Grotta terrario in ceramica: il tuo nascondiglio sicuro e umido per tarantole, scorpioni, millepiedi e cocciniglie.\" \/>\n<meta name=\"robots\" content=\"index, follow, max-snippet:-1, max-image-preview:large, max-video-preview:-1\" \/>\n<link rel=\"canonical\" href=\"https:\/\/insektenliebe.com\/it\/shop\/prodotto\/grotta-del-terrario\/\" \/>\n<meta property=\"og:locale\" content=\"it_IT\" \/>\n<meta property=\"og:type\" content=\"article\" \/>\n<meta property=\"og:title\" content=\"Grotta del terrario - Insektenliebe\" \/>\n<meta property=\"og:description\" content=\"Grotta terrario in ceramica: il tuo nascondiglio sicuro e umido per tarantole, scorpioni, millepiedi e cocciniglie.\" \/>\n<meta property=\"og:url\" content=\"https:\/\/insektenliebe.com\/it\/shop\/prodotto\/grotta-del-terrario\/\" \/>\n<meta property=\"og:site_name\" content=\"Insektenliebe\" \/>\n<meta property=\"article:modified_time\" content=\"2026-02-26T14:10:51+00:00\" \/>\n<meta property=\"og:image\" content=\"https:\/\/insektenliebe.com\/wp-content\/uploads\/2025\/09\/Terrarium-Hoehle-eingerichtet-1.jpg\" \/>\n\t<meta property=\"og:image:width\" content=\"820\" \/>\n\t<meta property=\"og:image:height\" content=\"820\" \/>\n\t<meta property=\"og:image:type\" content=\"image\/jpeg\" \/>\n<meta name=\"twitter:card\" content=\"summary_large_image\" \/>\n<meta name=\"twitter:label1\" content=\"Tempo di lettura stimato\" \/>\n\t<meta name=\"twitter:data1\" content=\"2 minuto\" \/>\n<script type=\"application\/ld+json\" class=\"yoast-schema-graph\">{\"@context\":\"https:\\\/\\\/schema.org\",\"@graph\":[{\"@type\":\"WebPage\",\"@id\":\"https:\\\/\\\/insektenliebe.com\\\/it\\\/shop\\\/prodotto\\\/grotta-del-terrario\\\/\",\"url\":\"https:\\\/\\\/insektenliebe.com\\\/it\\\/shop\\\/prodotto\\\/grotta-del-terrario\\\/\",\"name\":\"Grotta del terrario - Insektenliebe\",\"isPartOf\":{\"@id\":\"https:\\\/\\\/insektenliebe.com\\\/it\\\/#website\"},\"primaryImageOfPage\":{\"@id\":\"https:\\\/\\\/insektenliebe.com\\\/it\\\/shop\\\/prodotto\\\/grotta-del-terrario\\\/#primaryimage\"},\"image\":{\"@id\":\"https:\\\/\\\/insektenliebe.com\\\/it\\\/shop\\\/prodotto\\\/grotta-del-terrario\\\/#primaryimage\"},\"thumbnailUrl\":\"https:\\\/\\\/insektenliebe.com\\\/wp-content\\\/uploads\\\/2025\\\/09\\\/Terrarium-Hoehle-eingerichtet-1.jpg\",\"datePublished\":\"2025-09-19T11:20:00+00:00\",\"dateModified\":\"2026-02-26T14:10:51+00:00\",\"description\":\"Grotta terrario in ceramica: il tuo nascondiglio sicuro e umido per tarantole, scorpioni, millepiedi e cocciniglie.\",\"breadcrumb\":{\"@id\":\"https:\\\/\\\/insektenliebe.com\\\/it\\\/shop\\\/prodotto\\\/grotta-del-terrario\\\/#breadcrumb\"},\"inLanguage\":\"it-IT\",\"potentialAction\":[{\"@type\":\"ReadAction\",\"target\":[\"https:\\\/\\\/insektenliebe.com\\\/it\\\/shop\\\/prodotto\\\/grotta-del-terrario\\\/\"]}]},{\"@type\":\"ImageObject\",\"inLanguage\":\"it-IT\",\"@id\":\"https:\\\/\\\/insektenliebe.com\\\/it\\\/shop\\\/prodotto\\\/grotta-del-terrario\\\/#primaryimage\",\"url\":\"https:\\\/\\\/insektenliebe.com\\\/wp-content\\\/uploads\\\/2025\\\/09\\\/Terrarium-Hoehle-eingerichtet-1.jpg\",\"contentUrl\":\"https:\\\/\\\/insektenliebe.com\\\/wp-content\\\/uploads\\\/2025\\\/09\\\/Terrarium-Hoehle-eingerichtet-1.jpg\",\"width\":820,\"height\":820,\"caption\":\"Allestimento della grotta del terrario\"},{\"@type\":\"BreadcrumbList\",\"@id\":\"https:\\\/\\\/insektenliebe.com\\\/it\\\/shop\\\/prodotto\\\/grotta-del-terrario\\\/#breadcrumb\",\"itemListElement\":[{\"@type\":\"ListItem\",\"position\":1,\"name\":\"Startseite\",\"item\":\"https:\\\/\\\/insektenliebe.com\\\/it\\\/\"},{\"@type\":\"ListItem\",\"position\":2,\"name\":\"Negozio\",\"item\":\"https:\\\/\\\/insektenliebe.com\\\/it\\\/negozio\\\/\"},{\"@type\":\"ListItem\",\"position\":3,\"name\":\"Grotta del terrario\"}]},{\"@type\":\"WebSite\",\"@id\":\"https:\\\/\\\/insektenliebe.com\\\/it\\\/#website\",\"url\":\"https:\\\/\\\/insektenliebe.com\\\/it\\\/\",\"name\":\"Insektenliebe\",\"description\":\"Dein Zuhause f\u00fcr die kleinen Lebewesen\",\"publisher\":{\"@id\":\"https:\\\/\\\/insektenliebe.com\\\/it\\\/#organization\"},\"potentialAction\":[{\"@type\":\"SearchAction\",\"target\":{\"@type\":\"EntryPoint\",\"urlTemplate\":\"https:\\\/\\\/insektenliebe.com\\\/it\\\/?s={search_term_string}\"},\"query-input\":{\"@type\":\"PropertyValueSpecification\",\"valueRequired\":true,\"valueName\":\"search_term_string\"}}],\"inLanguage\":\"it-IT\"},{\"@type\":\"Organization\",\"@id\":\"https:\\\/\\\/insektenliebe.com\\\/it\\\/#organization\",\"name\":\"Insektenliebe\",\"url\":\"https:\\\/\\\/insektenliebe.com\\\/it\\\/\",\"logo\":{\"@type\":\"ImageObject\",\"inLanguage\":\"it-IT\",\"@id\":\"https:\\\/\\\/insektenliebe.com\\\/it\\\/#\\\/schema\\\/logo\\\/image\\\/\",\"url\":\"https:\\\/\\\/insektenliebe.com\\\/wp-content\\\/uploads\\\/2025\\\/03\\\/logo-white.png\",\"contentUrl\":\"https:\\\/\\\/insektenliebe.com\\\/wp-content\\\/uploads\\\/2025\\\/03\\\/logo-white.png\",\"width\":288,\"height\":188,\"caption\":\"Insektenliebe\"},\"image\":{\"@id\":\"https:\\\/\\\/insektenliebe.com\\\/it\\\/#\\\/schema\\\/logo\\\/image\\\/\"}}]}<\/script>\n<!-- \/ Yoast SEO plugin. -->","yoast_head_json":{"title":"Grotta del terrario - Insektenliebe","description":"Grotta terrario in ceramica: il tuo nascondiglio sicuro e umido per tarantole, scorpioni, millepiedi e cocciniglie.","robots":{"index":"index","follow":"follow","max-snippet":"max-snippet:-1","max-image-preview":"max-image-preview:large","max-video-preview":"max-video-preview:-1"},"canonical":"https:\/\/insektenliebe.com\/it\/shop\/prodotto\/grotta-del-terrario\/","og_locale":"it_IT","og_type":"article","og_title":"Grotta del terrario - Insektenliebe","og_description":"Grotta terrario in ceramica: il tuo nascondiglio sicuro e umido per tarantole, scorpioni, millepiedi e cocciniglie.","og_url":"https:\/\/insektenliebe.com\/it\/shop\/prodotto\/grotta-del-terrario\/","og_site_name":"Insektenliebe","article_modified_time":"2026-02-26T14:10:51+00:00","og_image":[{"width":820,"height":820,"url":"https:\/\/insektenliebe.com\/wp-content\/uploads\/2025\/09\/Terrarium-Hoehle-eingerichtet-1.jpg","type":"image\/jpeg"}],"twitter_card":"summary_large_image","twitter_misc":{"Tempo di lettura stimato":"2 minuto"},"schema":{"@context":"https:\/\/schema.org","@graph":[{"@type":"WebPage","@id":"https:\/\/insektenliebe.com\/it\/shop\/prodotto\/grotta-del-terrario\/","url":"https:\/\/insektenliebe.com\/it\/shop\/prodotto\/grotta-del-terrario\/","name":"Grotta del terrario - Insektenliebe","isPartOf":{"@id":"https:\/\/insektenliebe.com\/it\/#website"},"primaryImageOfPage":{"@id":"https:\/\/insektenliebe.com\/it\/shop\/prodotto\/grotta-del-terrario\/#primaryimage"},"image":{"@id":"https:\/\/insektenliebe.com\/it\/shop\/prodotto\/grotta-del-terrario\/#primaryimage"},"thumbnailUrl":"https:\/\/insektenliebe.com\/wp-content\/uploads\/2025\/09\/Terrarium-Hoehle-eingerichtet-1.jpg","datePublished":"2025-09-19T11:20:00+00:00","dateModified":"2026-02-26T14:10:51+00:00","description":"Grotta terrario in ceramica: il tuo nascondiglio sicuro e umido per tarantole, scorpioni, millepiedi e cocciniglie.","breadcrumb":{"@id":"https:\/\/insektenliebe.com\/it\/shop\/prodotto\/grotta-del-terrario\/#breadcrumb"},"inLanguage":"it-IT","potentialAction":[{"@type":"ReadAction","target":["https:\/\/insektenliebe.com\/it\/shop\/prodotto\/grotta-del-terrario\/"]}]},{"@type":"ImageObject","inLanguage":"it-IT","@id":"https:\/\/insektenliebe.com\/it\/shop\/prodotto\/grotta-del-terrario\/#primaryimage","url":"https:\/\/insektenliebe.com\/wp-content\/uploads\/2025\/09\/Terrarium-Hoehle-eingerichtet-1.jpg","contentUrl":"https:\/\/insektenliebe.com\/wp-content\/uploads\/2025\/09\/Terrarium-Hoehle-eingerichtet-1.jpg","width":820,"height":820,"caption":"Allestimento della grotta del terrario"},{"@type":"BreadcrumbList","@id":"https:\/\/insektenliebe.com\/it\/shop\/prodotto\/grotta-del-terrario\/#breadcrumb","itemListElement":[{"@type":"ListItem","position":1,"name":"Startseite","item":"https:\/\/insektenliebe.com\/it\/"},{"@type":"ListItem","position":2,"name":"Negozio","item":"https:\/\/insektenliebe.com\/it\/negozio\/"},{"@type":"ListItem","position":3,"name":"Grotta del terrario"}]},{"@type":"WebSite","@id":"https:\/\/insektenliebe.com\/it\/#website","url":"https:\/\/insektenliebe.com\/it\/","name":"Insektenliebe","description":"Dein Zuhause f\u00fcr die kleinen Lebewesen","publisher":{"@id":"https:\/\/insektenliebe.com\/it\/#organization"},"potentialAction":[{"@type":"SearchAction","target":{"@type":"EntryPoint","urlTemplate":"https:\/\/insektenliebe.com\/it\/?s={search_term_string}"},"query-input":{"@type":"PropertyValueSpecification","valueRequired":true,"valueName":"search_term_string"}}],"inLanguage":"it-IT"},{"@type":"Organization","@id":"https:\/\/insektenliebe.com\/it\/#organization","name":"Insektenliebe","url":"https:\/\/insektenliebe.com\/it\/","logo":{"@type":"ImageObject","inLanguage":"it-IT","@id":"https:\/\/insektenliebe.com\/it\/#\/schema\/logo\/image\/","url":"https:\/\/insektenliebe.com\/wp-content\/uploads\/2025\/03\/logo-white.png","contentUrl":"https:\/\/insektenliebe.com\/wp-content\/uploads\/2025\/03\/logo-white.png","width":288,"height":188,"caption":"Insektenliebe"},"image":{"@id":"https:\/\/insektenliebe.com\/it\/#\/schema\/logo\/image\/"}}]}},"_links":{"self":[{"href":"https:\/\/insektenliebe.com\/it\/wp-json\/wp\/v2\/product\/189476","targetHints":{"allow":["GET"]}}],"collection":[{"href":"https:\/\/insektenliebe.com\/it\/wp-json\/wp\/v2\/product"}],"about":[{"href":"https:\/\/insektenliebe.com\/it\/wp-json\/wp\/v2\/types\/product"}],"wp:featuredmedia":[{"embeddable":true,"href":"https:\/\/insektenliebe.com\/it\/wp-json\/wp\/v2\/media\/189480"}],"wp:attachment":[{"href":"https:\/\/insektenliebe.com\/it\/wp-json\/wp\/v2\/media?parent=189476"}],"wp:term":[{"taxonomy":"product-supplier","embeddable":true,"href":"https:\/\/insektenliebe.com\/it\/wp-json\/wp\/v2\/product-supplier?post=189476"},{"taxonomy":"product_brand","embeddable":true,"href":"https:\/\/insektenliebe.com\/it\/wp-json\/wp\/v2\/product_brand?post=189476"},{"taxonomy":"product_cat","embeddable":true,"href":"https:\/\/insektenliebe.com\/it\/wp-json\/wp\/v2\/product_cat?post=189476"},{"taxonomy":"product_tag","embeddable":true,"href":"https:\/\/insektenliebe.com\/it\/wp-json\/wp\/v2\/product_tag?post=189476"},{"taxonomy":"lce-checkout-addons","embeddable":true,"href":"https:\/\/insektenliebe.com\/it\/wp-json\/wp\/v2\/lce-checkout-addons?post=189476"}],"curies":[{"name":"wp","href":"https:\/\/api.w.org\/{rel}","templated":true}]}}