{"id":189475,"date":"2025-09-06T16:38:00","date_gmt":"2025-09-06T14:38:00","guid":{"rendered":"https:\/\/insektenliebe.com\/shop\/produkt\/philodendron-scandens-brasil\/"},"modified":"2025-09-06T16:38:00","modified_gmt":"2025-09-06T14:38:00","slug":"philodendron-scandens-brasil","status":"publish","type":"product","link":"https:\/\/insektenliebe.com\/it\/shop\/prodotto\/philodendron-scandens-brasil\/","title":{"rendered":"Philodendron scandens \"Brasil\""},"content":{"rendered":"<h3 class=\"p1\"><span style=\"color: #99cc33\"><strong><span class=\"s1\">La bandiera del Brasile come una foglia - il Philodendron scandens \"Brasil\"<\/span><\/strong><\/span><\/h3>\n<p class=\"p1\"><span class=\"s1\">Il <\/span><strong><span class=\"s2\">Philodendron scandens \"Brasil\"<\/span><\/strong><span class=\"s1\">  \u00e8 una bellezza tropicale che delizia con la sua accattivante decorazione a foglie variegate. Le sue foglie a forma di cuore mostrano un vivace gioco di colori tra il verde scuro e il giallo brillante, aggiungendo un tocco esotico a qualsiasi terrario o spazio abitativo. Questa pianta rampicante e ricadente \u00e8 originaria delle foreste pluviali dell&#8217;America centrale e meridionale, dove si arrampica sugli alberi e beneficia dell&#8217;elevata umidit\u00e0.  <\/span><\/p>\n<p class=\"p1\"><span class=\"s1\">Il Philodendron \"Brasil\" esprime tutto il suo potenziale nel terrario, poich\u00e9 ama particolarmente un clima caldo e umido. Non \u00e8 solo decorativo, ma anche robusto e facile da curare: caratteristiche che lo rendono una scelta popolare sia per i principianti che per gli amanti delle piante pi\u00f9 esperti. Con un&#8217;altezza di crescita compresa tra i 30 e i 60 cm e la capacit\u00e0 di formare lunghi viticci, \u00e8 adatta come copertura del terreno, pianta rampicante o come attraente sporgenza su pareti posteriori e laterali.  <\/span><\/p>\n<p class=\"p1\"><span class=\"s1\">Per una crescita ottimale, il <strong><span class=\"s2\">Philodendron scandens \"Brasil\"<\/span><\/strong> <\/span><span class=\"s2\">luce indiretta da media a luminosa<\/span><span class=\"s1\">. Illuminazione con circa  <\/span><span class=\"s2\">1.000-2.500 lumen<\/span><span class=\"s1\">  \u00e8 l&#8217;ideale, anche se bisogna evitare la luce diretta del sole per non danneggiare la delicata variegatura. Cresce in modo affidabile anche in condizioni di scarsa illuminazione, ma in questo caso sviluppa modelli meno intensi. L&#8217;umidit\u00e0 deve essere costantemente alta (a partire dal 60%), cosa che di solito non rappresenta un problema in condizioni di terrario.  <\/span><\/p>\n<p class=\"p1\"><span class=\"s1\">Il terreno deve essere uniformemente umido, ma mai zuppo d&#8217;acqua. Nebulizzare regolarmente le foglie aumenta il loro benessere e dona loro una sana lucentezza. Grazie al suo portamento flessibile, \u00e8 anche una pianta ideale per fornire agli abitanti animali, come i gechi o le rane, una copertura aggiuntiva e la possibilit\u00e0 di arrampicarsi.  <\/span><\/p>\n<p class=\"p1\"><span class=\"s1\">Il <strong><span class=\"s2\">Philodendron scandens \"Brasil\"<\/span><\/strong><\/span><span class=\"s1\">  non \u00e8 solo un elemento visivo, ma anche un arricchimento funzionale per ogni terrario tropicale. Con la sua allegra combinazione di colori, dona un tocco tropicale e vivacit\u00e0 al design. <\/span><\/p>\n","protected":false},"excerpt":{"rendered":"<p>La bandiera del Brasile come una foglia - il Philodendron scandens \"Brasil\" Il Philodendron scandens \"Brasil\" \u00e8 una bellezza tropicale che delizia con la sua accattivante decorazione a foglie variegate. Le sue foglie a forma di cuore mostrano un vivace gioco di colori tra il verde scuro e il giallo brillante, aggiungendo un tocco esotico [&hellip;]<\/p>\n","protected":false},"featured_media":189477,"template":"","meta":{"_acf_changed":false},"product-supplier":[2685],"product_brand":[],"product_cat":[3181],"product_tag":[],"lce-checkout-addons":[2746],"class_list":{"0":"post-189475","1":"product","2":"type-product","3":"status-publish","4":"has-post-thumbnail","6":"product_cat-piante-da-terrario","7":"product_shipping_class-equipment-shipping","8":"pa_herkunft-messico","9":"lce-checkout-addons-imballaggio-invernale","11":"first","12":"instock","13":"taxable","14":"shipping-taxable","15":"purchasable","16":"product-type-simple"},"acf":[],"yoast_head":"<!-- This site is optimized with the Yoast SEO plugin v27.3 - https:\/\/yoast.com\/product\/yoast-seo-wordpress\/ -->\n<title>Philodendron scandens &quot;Brasil&quot; - Insektenliebe<\/title>\n<meta name=\"description\" content=\"Nephrolepis exaltata &quot;Duffy&quot; - felce spada compatta per il terrario. Facile da curare, cespugliosa, ama l&#039;umidit\u00e0 e la luce indiretta.\" \/>\n<meta name=\"robots\" content=\"index, follow, max-snippet:-1, max-image-preview:large, max-video-preview:-1\" \/>\n<link rel=\"canonical\" href=\"https:\/\/insektenliebe.com\/it\/shop\/prodotto\/philodendron-scandens-brasil\/\" \/>\n<meta property=\"og:locale\" content=\"it_IT\" \/>\n<meta property=\"og:type\" content=\"article\" \/>\n<meta property=\"og:title\" content=\"Philodendron scandens &quot;Brasil&quot; - Insektenliebe\" \/>\n<meta property=\"og:description\" content=\"Nephrolepis exaltata &quot;Duffy&quot; - felce spada compatta per il terrario. Facile da curare, cespugliosa, ama l&#039;umidit\u00e0 e la luce indiretta.\" \/>\n<meta property=\"og:url\" content=\"https:\/\/insektenliebe.com\/it\/shop\/prodotto\/philodendron-scandens-brasil\/\" \/>\n<meta property=\"og:site_name\" content=\"Insektenliebe\" \/>\n<meta property=\"og:image\" content=\"https:\/\/insektenliebe.com\/wp-content\/uploads\/2025\/09\/Philodendron-scandens-22Brasil22.jpg\" \/>\n\t<meta property=\"og:image:width\" content=\"820\" \/>\n\t<meta property=\"og:image:height\" content=\"820\" \/>\n\t<meta property=\"og:image:type\" content=\"image\/jpeg\" \/>\n<meta name=\"twitter:card\" content=\"summary_large_image\" \/>\n<meta name=\"twitter:label1\" content=\"Tempo di lettura stimato\" \/>\n\t<meta name=\"twitter:data1\" content=\"2 minuto\" \/>\n<script type=\"application\/ld+json\" class=\"yoast-schema-graph\">{\"@context\":\"https:\\\/\\\/schema.org\",\"@graph\":[{\"@type\":\"WebPage\",\"@id\":\"https:\\\/\\\/insektenliebe.com\\\/it\\\/shop\\\/prodotto\\\/philodendron-scandens-brasil\\\/\",\"url\":\"https:\\\/\\\/insektenliebe.com\\\/it\\\/shop\\\/prodotto\\\/philodendron-scandens-brasil\\\/\",\"name\":\"Philodendron scandens \\\"Brasil\\\" - Insektenliebe\",\"isPartOf\":{\"@id\":\"https:\\\/\\\/insektenliebe.com\\\/it\\\/#website\"},\"primaryImageOfPage\":{\"@id\":\"https:\\\/\\\/insektenliebe.com\\\/it\\\/shop\\\/prodotto\\\/philodendron-scandens-brasil\\\/#primaryimage\"},\"image\":{\"@id\":\"https:\\\/\\\/insektenliebe.com\\\/it\\\/shop\\\/prodotto\\\/philodendron-scandens-brasil\\\/#primaryimage\"},\"thumbnailUrl\":\"https:\\\/\\\/insektenliebe.com\\\/wp-content\\\/uploads\\\/2025\\\/09\\\/Philodendron-scandens-22Brasil22.jpg\",\"datePublished\":\"2025-09-06T14:38:00+00:00\",\"description\":\"Nephrolepis exaltata \\\"Duffy\\\" - felce spada compatta per il terrario. Facile da curare, cespugliosa, ama l'umidit\u00e0 e la luce indiretta.\",\"breadcrumb\":{\"@id\":\"https:\\\/\\\/insektenliebe.com\\\/it\\\/shop\\\/prodotto\\\/philodendron-scandens-brasil\\\/#breadcrumb\"},\"inLanguage\":\"it-IT\",\"potentialAction\":[{\"@type\":\"ReadAction\",\"target\":[\"https:\\\/\\\/insektenliebe.com\\\/it\\\/shop\\\/prodotto\\\/philodendron-scandens-brasil\\\/\"]}]},{\"@type\":\"ImageObject\",\"inLanguage\":\"it-IT\",\"@id\":\"https:\\\/\\\/insektenliebe.com\\\/it\\\/shop\\\/prodotto\\\/philodendron-scandens-brasil\\\/#primaryimage\",\"url\":\"https:\\\/\\\/insektenliebe.com\\\/wp-content\\\/uploads\\\/2025\\\/09\\\/Philodendron-scandens-22Brasil22.jpg\",\"contentUrl\":\"https:\\\/\\\/insektenliebe.com\\\/wp-content\\\/uploads\\\/2025\\\/09\\\/Philodendron-scandens-22Brasil22.jpg\",\"width\":820,\"height\":820,\"caption\":\"Philodendron scandens \\\"Brasil\\\"\"},{\"@type\":\"BreadcrumbList\",\"@id\":\"https:\\\/\\\/insektenliebe.com\\\/it\\\/shop\\\/prodotto\\\/philodendron-scandens-brasil\\\/#breadcrumb\",\"itemListElement\":[{\"@type\":\"ListItem\",\"position\":1,\"name\":\"Startseite\",\"item\":\"https:\\\/\\\/insektenliebe.com\\\/it\\\/\"},{\"@type\":\"ListItem\",\"position\":2,\"name\":\"Negozio\",\"item\":\"https:\\\/\\\/insektenliebe.com\\\/it\\\/negozio\\\/\"},{\"@type\":\"ListItem\",\"position\":3,\"name\":\"Philodendron scandens &#8220;Brasil&#8221;\"}]},{\"@type\":\"WebSite\",\"@id\":\"https:\\\/\\\/insektenliebe.com\\\/it\\\/#website\",\"url\":\"https:\\\/\\\/insektenliebe.com\\\/it\\\/\",\"name\":\"Insektenliebe\",\"description\":\"Dein Zuhause f\u00fcr die kleinen Lebewesen\",\"publisher\":{\"@id\":\"https:\\\/\\\/insektenliebe.com\\\/it\\\/#organization\"},\"potentialAction\":[{\"@type\":\"SearchAction\",\"target\":{\"@type\":\"EntryPoint\",\"urlTemplate\":\"https:\\\/\\\/insektenliebe.com\\\/it\\\/?s={search_term_string}\"},\"query-input\":{\"@type\":\"PropertyValueSpecification\",\"valueRequired\":true,\"valueName\":\"search_term_string\"}}],\"inLanguage\":\"it-IT\"},{\"@type\":\"Organization\",\"@id\":\"https:\\\/\\\/insektenliebe.com\\\/it\\\/#organization\",\"name\":\"Insektenliebe\",\"url\":\"https:\\\/\\\/insektenliebe.com\\\/it\\\/\",\"logo\":{\"@type\":\"ImageObject\",\"inLanguage\":\"it-IT\",\"@id\":\"https:\\\/\\\/insektenliebe.com\\\/it\\\/#\\\/schema\\\/logo\\\/image\\\/\",\"url\":\"https:\\\/\\\/insektenliebe.com\\\/wp-content\\\/uploads\\\/2025\\\/03\\\/logo-white.png\",\"contentUrl\":\"https:\\\/\\\/insektenliebe.com\\\/wp-content\\\/uploads\\\/2025\\\/03\\\/logo-white.png\",\"width\":288,\"height\":188,\"caption\":\"Insektenliebe\"},\"image\":{\"@id\":\"https:\\\/\\\/insektenliebe.com\\\/it\\\/#\\\/schema\\\/logo\\\/image\\\/\"}}]}<\/script>\n<!-- \/ Yoast SEO plugin. -->","yoast_head_json":{"title":"Philodendron scandens \"Brasil\" - Insektenliebe","description":"Nephrolepis exaltata \"Duffy\" - felce spada compatta per il terrario. Facile da curare, cespugliosa, ama l'umidit\u00e0 e la luce indiretta.","robots":{"index":"index","follow":"follow","max-snippet":"max-snippet:-1","max-image-preview":"max-image-preview:large","max-video-preview":"max-video-preview:-1"},"canonical":"https:\/\/insektenliebe.com\/it\/shop\/prodotto\/philodendron-scandens-brasil\/","og_locale":"it_IT","og_type":"article","og_title":"Philodendron scandens \"Brasil\" - Insektenliebe","og_description":"Nephrolepis exaltata \"Duffy\" - felce spada compatta per il terrario. Facile da curare, cespugliosa, ama l'umidit\u00e0 e la luce indiretta.","og_url":"https:\/\/insektenliebe.com\/it\/shop\/prodotto\/philodendron-scandens-brasil\/","og_site_name":"Insektenliebe","og_image":[{"width":820,"height":820,"url":"https:\/\/insektenliebe.com\/wp-content\/uploads\/2025\/09\/Philodendron-scandens-22Brasil22.jpg","type":"image\/jpeg"}],"twitter_card":"summary_large_image","twitter_misc":{"Tempo di lettura stimato":"2 minuto"},"schema":{"@context":"https:\/\/schema.org","@graph":[{"@type":"WebPage","@id":"https:\/\/insektenliebe.com\/it\/shop\/prodotto\/philodendron-scandens-brasil\/","url":"https:\/\/insektenliebe.com\/it\/shop\/prodotto\/philodendron-scandens-brasil\/","name":"Philodendron scandens \"Brasil\" - Insektenliebe","isPartOf":{"@id":"https:\/\/insektenliebe.com\/it\/#website"},"primaryImageOfPage":{"@id":"https:\/\/insektenliebe.com\/it\/shop\/prodotto\/philodendron-scandens-brasil\/#primaryimage"},"image":{"@id":"https:\/\/insektenliebe.com\/it\/shop\/prodotto\/philodendron-scandens-brasil\/#primaryimage"},"thumbnailUrl":"https:\/\/insektenliebe.com\/wp-content\/uploads\/2025\/09\/Philodendron-scandens-22Brasil22.jpg","datePublished":"2025-09-06T14:38:00+00:00","description":"Nephrolepis exaltata \"Duffy\" - felce spada compatta per il terrario. Facile da curare, cespugliosa, ama l'umidit\u00e0 e la luce indiretta.","breadcrumb":{"@id":"https:\/\/insektenliebe.com\/it\/shop\/prodotto\/philodendron-scandens-brasil\/#breadcrumb"},"inLanguage":"it-IT","potentialAction":[{"@type":"ReadAction","target":["https:\/\/insektenliebe.com\/it\/shop\/prodotto\/philodendron-scandens-brasil\/"]}]},{"@type":"ImageObject","inLanguage":"it-IT","@id":"https:\/\/insektenliebe.com\/it\/shop\/prodotto\/philodendron-scandens-brasil\/#primaryimage","url":"https:\/\/insektenliebe.com\/wp-content\/uploads\/2025\/09\/Philodendron-scandens-22Brasil22.jpg","contentUrl":"https:\/\/insektenliebe.com\/wp-content\/uploads\/2025\/09\/Philodendron-scandens-22Brasil22.jpg","width":820,"height":820,"caption":"Philodendron scandens \"Brasil\""},{"@type":"BreadcrumbList","@id":"https:\/\/insektenliebe.com\/it\/shop\/prodotto\/philodendron-scandens-brasil\/#breadcrumb","itemListElement":[{"@type":"ListItem","position":1,"name":"Startseite","item":"https:\/\/insektenliebe.com\/it\/"},{"@type":"ListItem","position":2,"name":"Negozio","item":"https:\/\/insektenliebe.com\/it\/negozio\/"},{"@type":"ListItem","position":3,"name":"Philodendron scandens &#8220;Brasil&#8221;"}]},{"@type":"WebSite","@id":"https:\/\/insektenliebe.com\/it\/#website","url":"https:\/\/insektenliebe.com\/it\/","name":"Insektenliebe","description":"Dein Zuhause f\u00fcr die kleinen Lebewesen","publisher":{"@id":"https:\/\/insektenliebe.com\/it\/#organization"},"potentialAction":[{"@type":"SearchAction","target":{"@type":"EntryPoint","urlTemplate":"https:\/\/insektenliebe.com\/it\/?s={search_term_string}"},"query-input":{"@type":"PropertyValueSpecification","valueRequired":true,"valueName":"search_term_string"}}],"inLanguage":"it-IT"},{"@type":"Organization","@id":"https:\/\/insektenliebe.com\/it\/#organization","name":"Insektenliebe","url":"https:\/\/insektenliebe.com\/it\/","logo":{"@type":"ImageObject","inLanguage":"it-IT","@id":"https:\/\/insektenliebe.com\/it\/#\/schema\/logo\/image\/","url":"https:\/\/insektenliebe.com\/wp-content\/uploads\/2025\/03\/logo-white.png","contentUrl":"https:\/\/insektenliebe.com\/wp-content\/uploads\/2025\/03\/logo-white.png","width":288,"height":188,"caption":"Insektenliebe"},"image":{"@id":"https:\/\/insektenliebe.com\/it\/#\/schema\/logo\/image\/"}}]}},"_links":{"self":[{"href":"https:\/\/insektenliebe.com\/it\/wp-json\/wp\/v2\/product\/189475","targetHints":{"allow":["GET"]}}],"collection":[{"href":"https:\/\/insektenliebe.com\/it\/wp-json\/wp\/v2\/product"}],"about":[{"href":"https:\/\/insektenliebe.com\/it\/wp-json\/wp\/v2\/types\/product"}],"wp:featuredmedia":[{"embeddable":true,"href":"https:\/\/insektenliebe.com\/it\/wp-json\/wp\/v2\/media\/189477"}],"wp:attachment":[{"href":"https:\/\/insektenliebe.com\/it\/wp-json\/wp\/v2\/media?parent=189475"}],"wp:term":[{"taxonomy":"product-supplier","embeddable":true,"href":"https:\/\/insektenliebe.com\/it\/wp-json\/wp\/v2\/product-supplier?post=189475"},{"taxonomy":"product_brand","embeddable":true,"href":"https:\/\/insektenliebe.com\/it\/wp-json\/wp\/v2\/product_brand?post=189475"},{"taxonomy":"product_cat","embeddable":true,"href":"https:\/\/insektenliebe.com\/it\/wp-json\/wp\/v2\/product_cat?post=189475"},{"taxonomy":"product_tag","embeddable":true,"href":"https:\/\/insektenliebe.com\/it\/wp-json\/wp\/v2\/product_tag?post=189475"},{"taxonomy":"lce-checkout-addons","embeddable":true,"href":"https:\/\/insektenliebe.com\/it\/wp-json\/wp\/v2\/lce-checkout-addons?post=189475"}],"curies":[{"name":"wp","href":"https:\/\/api.w.org\/{rel}","templated":true}]}}