{"id":189472,"date":"2024-10-02T14:33:50","date_gmt":"2024-10-02T12:33:50","guid":{"rendered":"https:\/\/insektenliebe.com\/shop\/produkt\/aiuto-alimentare-biorb-earth\/"},"modified":"2024-10-02T14:33:50","modified_gmt":"2024-10-02T12:33:50","slug":"aiuto-alimentare-biorb-earth","status":"publish","type":"product","link":"https:\/\/insektenliebe.com\/it\/shop\/prodotto\/aiuto-alimentare-biorb-earth\/","title":{"rendered":"Aiuto alimentare biOrb EARTH"},"content":{"rendered":"<h3><span style=\"color: #99cc33\"><strong><span class=\"s1\">L&#8217;aiuto alimentare biOrb EARTH - alimentazione pulita, mirata e rispettosa degli animali<\/span><\/strong><\/span><\/h3>\n<p class=\"p1\"><span class=\"s1\">Con il <\/span><strong><span class=\"s2\">biOrb EARTH, l&#8217;aiuto all&#8217;alimentazione<\/span><\/strong><span class=\"s1\">  puoi nutrire i tuoi animali in modo mirato, igienico e senza dover aprire il terrario. Il dispositivo di alimentazione \u00e8 installato direttamente nel coperchio del terrario biOrb EARTH 125 e consente di alimentare comodamente dall&#8217;alto. Non dovrai aprire nessuna porta, non dovrai disturbare gli animali e non dovrai perdere gli insetti nel substrato. Un semplice meccanismo rotante regola l&#8217;erogazione del cibo in modo rapido, pulito e sotto controllo.   <\/span><\/p>\n<p class=\"p1\"><span class=\"s1\">L&#8217;apertura del dispositivo di alimentazione pu\u00f2 essere regolata in modo continuo. Questo ti permette di determinare esattamente il numero di animali da mangiare che devono entrare nel terrario, sia che si tratti di un singolo grillo che di un piccolo gruppo di Drosophila. Questo non solo ti aiuta nel dosaggio, ma anche nell&#8217;osservazione mirata del comportamento alimentare. Gli animali rimangono rilassati perch\u00e9 non ci sono interventi esterni improvvisi. Allo stesso tempo, il clima all&#8217;interno rimane stabile perch\u00e9 il calore o l&#8217;umidit\u00e0 non possono fuoriuscire.    <\/span><\/p>\n<p class=\"p1\"><span class=\"s1\">Questo metodo \u00e8 un grande vantaggio, soprattutto per le specie sensibili come i gechi o le rane. Gli animali accettano il cibo con meno stress, tu risparmi tempo e allo stesso tempo minimizzi il rischio che insetti non scoperti rimangano nella vasca durante la notte. La somministrazione mirata di cibo impollinato o di insetti vitaminizzati ti aiuta anche a utilizzare le sostanze nutritive in modo efficiente.  <\/span><\/p>\n<p class=\"p1\"><span class=\"s1\">La pulizia dell&#8217;ausilio per la pappa \u00e8 semplice. Pu\u00f2 essere aperto e pulito in pochi semplici passaggi. Il materiale \u00e8 liscio e robusto: i residui di cibo non si attaccano. Dal punto di vista visivo, l&#8217;ausilio per la pappa si integra discretamente nel concetto generale di biOrb EARTH e ha un aspetto di alta qualit\u00e0, moderno e funzionale allo stesso tempo.   <\/span><\/p>\n<p class=\"p1\"><span class=\"s1\">Sia per l&#8217;alimentazione quotidiana che per l&#8217;inserimento preciso di singoli alimenti: con l&#8217;<strong>ausilio per l&#8217;alimentazione biOrb EARTH<\/strong> avrai una soluzione ben studiata che render\u00e0 la tua vita quotidiana di proprietario di animali domestici molto pi\u00f9 semplice. Una piccola apertura con un grande effetto. <\/span><\/p>\n","protected":false},"excerpt":{"rendered":"<p>L&#8217;aiuto alimentare biOrb EARTH - alimentazione pulita, mirata e rispettosa degli animali Con il biOrb EARTH, l&#8217;aiuto all&#8217;alimentazione puoi nutrire i tuoi animali in modo mirato, igienico e senza dover aprire il terrario. Il dispositivo di alimentazione \u00e8 installato direttamente nel coperchio del terrario biOrb EARTH 125 e consente di alimentare comodamente dall&#8217;alto. Non dovrai [&hellip;]<\/p>\n","protected":false},"featured_media":189474,"template":"","meta":{"_acf_changed":false},"product-supplier":[],"product_brand":[3207],"product_cat":[2760],"product_tag":[],"lce-checkout-addons":[],"class_list":{"0":"post-189472","1":"product","2":"type-product","3":"status-publish","4":"has-post-thumbnail","6":"product_brand-biorb","7":"product_cat-terrari-e-contenitori","9":"first","10":"instock","11":"sale","12":"taxable","13":"shipping-taxable","14":"purchasable","15":"product-type-simple"},"acf":[],"yoast_head":"<!-- This site is optimized with the Yoast SEO plugin v27.3 - https:\/\/yoast.com\/product\/yoast-seo-wordpress\/ -->\n<title>Aiuto alimentare biOrb EARTH - Insektenliebe<\/title>\n<meta name=\"description\" content=\"Ausilio di alimentazione per biOrb EARTH 125: alimentazione dall&#039;alto, mirata e senza apertura. Con apertura girevole per un dosaggio preciso. Pulito, sicuro, senza stress.\" \/>\n<meta name=\"robots\" content=\"index, follow, max-snippet:-1, max-image-preview:large, max-video-preview:-1\" \/>\n<link rel=\"canonical\" href=\"https:\/\/insektenliebe.com\/it\/shop\/prodotto\/aiuto-alimentare-biorb-earth\/\" \/>\n<meta property=\"og:locale\" content=\"it_IT\" \/>\n<meta property=\"og:type\" content=\"article\" \/>\n<meta property=\"og:title\" content=\"Aiuto alimentare biOrb EARTH - Insektenliebe\" \/>\n<meta property=\"og:description\" content=\"Ausilio di alimentazione per biOrb EARTH 125: alimentazione dall&#039;alto, mirata e senza apertura. Con apertura girevole per un dosaggio preciso. Pulito, sicuro, senza stress.\" \/>\n<meta property=\"og:url\" content=\"https:\/\/insektenliebe.com\/it\/shop\/prodotto\/aiuto-alimentare-biorb-earth\/\" \/>\n<meta property=\"og:site_name\" content=\"Insektenliebe\" \/>\n<meta property=\"og:image\" content=\"https:\/\/insektenliebe.com\/wp-content\/uploads\/2025\/10\/biOrb-EARTH-Futterhilfe.jpg\" \/>\n\t<meta property=\"og:image:width\" content=\"820\" \/>\n\t<meta property=\"og:image:height\" content=\"820\" \/>\n\t<meta property=\"og:image:type\" content=\"image\/jpeg\" \/>\n<meta name=\"twitter:card\" content=\"summary_large_image\" \/>\n<meta name=\"twitter:label1\" content=\"Tempo di lettura stimato\" \/>\n\t<meta name=\"twitter:data1\" content=\"2 minuto\" \/>\n<script type=\"application\/ld+json\" class=\"yoast-schema-graph\">{\"@context\":\"https:\\\/\\\/schema.org\",\"@graph\":[{\"@type\":\"WebPage\",\"@id\":\"https:\\\/\\\/insektenliebe.com\\\/it\\\/shop\\\/prodotto\\\/aiuto-alimentare-biorb-earth\\\/\",\"url\":\"https:\\\/\\\/insektenliebe.com\\\/it\\\/shop\\\/prodotto\\\/aiuto-alimentare-biorb-earth\\\/\",\"name\":\"Aiuto alimentare biOrb EARTH - Insektenliebe\",\"isPartOf\":{\"@id\":\"https:\\\/\\\/insektenliebe.com\\\/it\\\/#website\"},\"primaryImageOfPage\":{\"@id\":\"https:\\\/\\\/insektenliebe.com\\\/it\\\/shop\\\/prodotto\\\/aiuto-alimentare-biorb-earth\\\/#primaryimage\"},\"image\":{\"@id\":\"https:\\\/\\\/insektenliebe.com\\\/it\\\/shop\\\/prodotto\\\/aiuto-alimentare-biorb-earth\\\/#primaryimage\"},\"thumbnailUrl\":\"https:\\\/\\\/insektenliebe.com\\\/wp-content\\\/uploads\\\/2025\\\/10\\\/biOrb-EARTH-Futterhilfe.jpg\",\"datePublished\":\"2024-10-02T12:33:50+00:00\",\"description\":\"Ausilio di alimentazione per biOrb EARTH 125: alimentazione dall'alto, mirata e senza apertura. Con apertura girevole per un dosaggio preciso. Pulito, sicuro, senza stress.\",\"breadcrumb\":{\"@id\":\"https:\\\/\\\/insektenliebe.com\\\/it\\\/shop\\\/prodotto\\\/aiuto-alimentare-biorb-earth\\\/#breadcrumb\"},\"inLanguage\":\"it-IT\",\"potentialAction\":[{\"@type\":\"ReadAction\",\"target\":[\"https:\\\/\\\/insektenliebe.com\\\/it\\\/shop\\\/prodotto\\\/aiuto-alimentare-biorb-earth\\\/\"]}]},{\"@type\":\"ImageObject\",\"inLanguage\":\"it-IT\",\"@id\":\"https:\\\/\\\/insektenliebe.com\\\/it\\\/shop\\\/prodotto\\\/aiuto-alimentare-biorb-earth\\\/#primaryimage\",\"url\":\"https:\\\/\\\/insektenliebe.com\\\/wp-content\\\/uploads\\\/2025\\\/10\\\/biOrb-EARTH-Futterhilfe.jpg\",\"contentUrl\":\"https:\\\/\\\/insektenliebe.com\\\/wp-content\\\/uploads\\\/2025\\\/10\\\/biOrb-EARTH-Futterhilfe.jpg\",\"width\":820,\"height\":820,\"caption\":\"Aiuto alimentare biOrb EARTH\"},{\"@type\":\"BreadcrumbList\",\"@id\":\"https:\\\/\\\/insektenliebe.com\\\/it\\\/shop\\\/prodotto\\\/aiuto-alimentare-biorb-earth\\\/#breadcrumb\",\"itemListElement\":[{\"@type\":\"ListItem\",\"position\":1,\"name\":\"Startseite\",\"item\":\"https:\\\/\\\/insektenliebe.com\\\/it\\\/\"},{\"@type\":\"ListItem\",\"position\":2,\"name\":\"Negozio\",\"item\":\"https:\\\/\\\/insektenliebe.com\\\/it\\\/negozio\\\/\"},{\"@type\":\"ListItem\",\"position\":3,\"name\":\"Aiuto alimentare biOrb EARTH\"}]},{\"@type\":\"WebSite\",\"@id\":\"https:\\\/\\\/insektenliebe.com\\\/it\\\/#website\",\"url\":\"https:\\\/\\\/insektenliebe.com\\\/it\\\/\",\"name\":\"Insektenliebe\",\"description\":\"Dein Zuhause f\u00fcr die kleinen Lebewesen\",\"publisher\":{\"@id\":\"https:\\\/\\\/insektenliebe.com\\\/it\\\/#organization\"},\"potentialAction\":[{\"@type\":\"SearchAction\",\"target\":{\"@type\":\"EntryPoint\",\"urlTemplate\":\"https:\\\/\\\/insektenliebe.com\\\/it\\\/?s={search_term_string}\"},\"query-input\":{\"@type\":\"PropertyValueSpecification\",\"valueRequired\":true,\"valueName\":\"search_term_string\"}}],\"inLanguage\":\"it-IT\"},{\"@type\":\"Organization\",\"@id\":\"https:\\\/\\\/insektenliebe.com\\\/it\\\/#organization\",\"name\":\"Insektenliebe\",\"url\":\"https:\\\/\\\/insektenliebe.com\\\/it\\\/\",\"logo\":{\"@type\":\"ImageObject\",\"inLanguage\":\"it-IT\",\"@id\":\"https:\\\/\\\/insektenliebe.com\\\/it\\\/#\\\/schema\\\/logo\\\/image\\\/\",\"url\":\"https:\\\/\\\/insektenliebe.com\\\/wp-content\\\/uploads\\\/2025\\\/03\\\/logo-white.png\",\"contentUrl\":\"https:\\\/\\\/insektenliebe.com\\\/wp-content\\\/uploads\\\/2025\\\/03\\\/logo-white.png\",\"width\":288,\"height\":188,\"caption\":\"Insektenliebe\"},\"image\":{\"@id\":\"https:\\\/\\\/insektenliebe.com\\\/it\\\/#\\\/schema\\\/logo\\\/image\\\/\"}}]}<\/script>\n<!-- \/ Yoast SEO plugin. -->","yoast_head_json":{"title":"Aiuto alimentare biOrb EARTH - Insektenliebe","description":"Ausilio di alimentazione per biOrb EARTH 125: alimentazione dall'alto, mirata e senza apertura. Con apertura girevole per un dosaggio preciso. Pulito, sicuro, senza stress.","robots":{"index":"index","follow":"follow","max-snippet":"max-snippet:-1","max-image-preview":"max-image-preview:large","max-video-preview":"max-video-preview:-1"},"canonical":"https:\/\/insektenliebe.com\/it\/shop\/prodotto\/aiuto-alimentare-biorb-earth\/","og_locale":"it_IT","og_type":"article","og_title":"Aiuto alimentare biOrb EARTH - Insektenliebe","og_description":"Ausilio di alimentazione per biOrb EARTH 125: alimentazione dall'alto, mirata e senza apertura. Con apertura girevole per un dosaggio preciso. Pulito, sicuro, senza stress.","og_url":"https:\/\/insektenliebe.com\/it\/shop\/prodotto\/aiuto-alimentare-biorb-earth\/","og_site_name":"Insektenliebe","og_image":[{"width":820,"height":820,"url":"https:\/\/insektenliebe.com\/wp-content\/uploads\/2025\/10\/biOrb-EARTH-Futterhilfe.jpg","type":"image\/jpeg"}],"twitter_card":"summary_large_image","twitter_misc":{"Tempo di lettura stimato":"2 minuto"},"schema":{"@context":"https:\/\/schema.org","@graph":[{"@type":"WebPage","@id":"https:\/\/insektenliebe.com\/it\/shop\/prodotto\/aiuto-alimentare-biorb-earth\/","url":"https:\/\/insektenliebe.com\/it\/shop\/prodotto\/aiuto-alimentare-biorb-earth\/","name":"Aiuto alimentare biOrb EARTH - Insektenliebe","isPartOf":{"@id":"https:\/\/insektenliebe.com\/it\/#website"},"primaryImageOfPage":{"@id":"https:\/\/insektenliebe.com\/it\/shop\/prodotto\/aiuto-alimentare-biorb-earth\/#primaryimage"},"image":{"@id":"https:\/\/insektenliebe.com\/it\/shop\/prodotto\/aiuto-alimentare-biorb-earth\/#primaryimage"},"thumbnailUrl":"https:\/\/insektenliebe.com\/wp-content\/uploads\/2025\/10\/biOrb-EARTH-Futterhilfe.jpg","datePublished":"2024-10-02T12:33:50+00:00","description":"Ausilio di alimentazione per biOrb EARTH 125: alimentazione dall'alto, mirata e senza apertura. Con apertura girevole per un dosaggio preciso. Pulito, sicuro, senza stress.","breadcrumb":{"@id":"https:\/\/insektenliebe.com\/it\/shop\/prodotto\/aiuto-alimentare-biorb-earth\/#breadcrumb"},"inLanguage":"it-IT","potentialAction":[{"@type":"ReadAction","target":["https:\/\/insektenliebe.com\/it\/shop\/prodotto\/aiuto-alimentare-biorb-earth\/"]}]},{"@type":"ImageObject","inLanguage":"it-IT","@id":"https:\/\/insektenliebe.com\/it\/shop\/prodotto\/aiuto-alimentare-biorb-earth\/#primaryimage","url":"https:\/\/insektenliebe.com\/wp-content\/uploads\/2025\/10\/biOrb-EARTH-Futterhilfe.jpg","contentUrl":"https:\/\/insektenliebe.com\/wp-content\/uploads\/2025\/10\/biOrb-EARTH-Futterhilfe.jpg","width":820,"height":820,"caption":"Aiuto alimentare biOrb EARTH"},{"@type":"BreadcrumbList","@id":"https:\/\/insektenliebe.com\/it\/shop\/prodotto\/aiuto-alimentare-biorb-earth\/#breadcrumb","itemListElement":[{"@type":"ListItem","position":1,"name":"Startseite","item":"https:\/\/insektenliebe.com\/it\/"},{"@type":"ListItem","position":2,"name":"Negozio","item":"https:\/\/insektenliebe.com\/it\/negozio\/"},{"@type":"ListItem","position":3,"name":"Aiuto alimentare biOrb EARTH"}]},{"@type":"WebSite","@id":"https:\/\/insektenliebe.com\/it\/#website","url":"https:\/\/insektenliebe.com\/it\/","name":"Insektenliebe","description":"Dein Zuhause f\u00fcr die kleinen Lebewesen","publisher":{"@id":"https:\/\/insektenliebe.com\/it\/#organization"},"potentialAction":[{"@type":"SearchAction","target":{"@type":"EntryPoint","urlTemplate":"https:\/\/insektenliebe.com\/it\/?s={search_term_string}"},"query-input":{"@type":"PropertyValueSpecification","valueRequired":true,"valueName":"search_term_string"}}],"inLanguage":"it-IT"},{"@type":"Organization","@id":"https:\/\/insektenliebe.com\/it\/#organization","name":"Insektenliebe","url":"https:\/\/insektenliebe.com\/it\/","logo":{"@type":"ImageObject","inLanguage":"it-IT","@id":"https:\/\/insektenliebe.com\/it\/#\/schema\/logo\/image\/","url":"https:\/\/insektenliebe.com\/wp-content\/uploads\/2025\/03\/logo-white.png","contentUrl":"https:\/\/insektenliebe.com\/wp-content\/uploads\/2025\/03\/logo-white.png","width":288,"height":188,"caption":"Insektenliebe"},"image":{"@id":"https:\/\/insektenliebe.com\/it\/#\/schema\/logo\/image\/"}}]}},"_links":{"self":[{"href":"https:\/\/insektenliebe.com\/it\/wp-json\/wp\/v2\/product\/189472","targetHints":{"allow":["GET"]}}],"collection":[{"href":"https:\/\/insektenliebe.com\/it\/wp-json\/wp\/v2\/product"}],"about":[{"href":"https:\/\/insektenliebe.com\/it\/wp-json\/wp\/v2\/types\/product"}],"wp:featuredmedia":[{"embeddable":true,"href":"https:\/\/insektenliebe.com\/it\/wp-json\/wp\/v2\/media\/189474"}],"wp:attachment":[{"href":"https:\/\/insektenliebe.com\/it\/wp-json\/wp\/v2\/media?parent=189472"}],"wp:term":[{"taxonomy":"product-supplier","embeddable":true,"href":"https:\/\/insektenliebe.com\/it\/wp-json\/wp\/v2\/product-supplier?post=189472"},{"taxonomy":"product_brand","embeddable":true,"href":"https:\/\/insektenliebe.com\/it\/wp-json\/wp\/v2\/product_brand?post=189472"},{"taxonomy":"product_cat","embeddable":true,"href":"https:\/\/insektenliebe.com\/it\/wp-json\/wp\/v2\/product_cat?post=189472"},{"taxonomy":"product_tag","embeddable":true,"href":"https:\/\/insektenliebe.com\/it\/wp-json\/wp\/v2\/product_tag?post=189472"},{"taxonomy":"lce-checkout-addons","embeddable":true,"href":"https:\/\/insektenliebe.com\/it\/wp-json\/wp\/v2\/lce-checkout-addons?post=189472"}],"curies":[{"name":"wp","href":"https:\/\/api.w.org\/{rel}","templated":true}]}}