{"id":189468,"date":"2024-10-02T15:19:51","date_gmt":"2024-10-02T13:19:51","guid":{"rendered":"https:\/\/insektenliebe.com\/shop\/produkt\/set-di-serrature-biorb-earth\/"},"modified":"2024-10-02T15:19:51","modified_gmt":"2024-10-02T13:19:51","slug":"set-di-serrature-biorb-earth","status":"publish","type":"product","link":"https:\/\/insektenliebe.com\/it\/shop\/prodotto\/set-di-serrature-biorb-earth\/","title":{"rendered":"Set di serrature biOrb EARTH"},"content":{"rendered":"<h3><span class=\"s1\" style=\"color: #99cc33\">Set di serrature biOrb EARTH - Maggiore sicurezza per il tuo terrario<\/span><\/h3>\n<p class=\"p1\"><span class=\"s1\">Il <\/span><strong><span class=\"s2\">set di chiusura biOrb EARTH<\/span><\/strong><span class=\"s1\">  ti offre un modo semplice ed efficace per proteggere il tuo terrario da accessi indesiderati: mani di bambini, ospiti curiosi o aperture accidentali. \u00c8 stato sviluppato appositamente per il terrario <strong>biOrb EARTH 125<\/strong> e si adatta perfettamente al design esistente. L&#8217;installazione \u00e8 semplice e veloce, ma l&#8217;effetto \u00e8 ancora maggiore: pi\u00f9 sicurezza, pi\u00f9 controllo e una sensazione di benessere nella cura quotidiana dei tuoi animali.  <\/span><\/p>\n<p class=\"p1\"><span class=\"s1\">Soprattutto nelle famiglie con bambini, animali domestici o se il terrario si trova in stanze accessibili al pubblico, una serratura affidabile \u00e8 essenziale. Il set di serrature impedisce che le ante del terrario biOrb EARTH 125 vengano aperte involontariamente. Allo stesso tempo, \u00e8 facile da usare per te come custode: il meccanismo \u00e8 intuitivo, veloce da raggiungere e progettato per durare nel tempo.  <\/span><\/p>\n<p class=\"p1\"><span class=\"s1\">Il set \u00e8 composto da componenti di alta qualit\u00e0 e realizzati con precisione. Si inseriscono esattamente nei supporti forniti sul terrario. L&#8217;installazione non richiede strumenti aggiuntivi e pu\u00f2 essere completata in pochi minuti. Una volta montato il lucchetto, potrai semplicemente bloccare il terrario quando lo desideri e sbloccarlo di nuovo senza perdere alcuna comodit\u00e0.   <\/span><\/p>\n<p class=\"p1\"><span class=\"s1\">Visivamente, la serratura rimane discretamente sullo sfondo. Non disturba il design chiaro del terrario n\u00e9 la vista della tecnologia o degli interni. Il meccanismo rimane affidabile anche con l&#8217;uso regolare: una caratteristica di qualit\u00e0 particolarmente importante per i componenti del terrario che durano a lungo.  <\/span><\/p>\n<p class=\"p1\"><span class=\"s1\">Per tutti coloro che apprezzano la sicurezza, la responsabilit\u00e0 e l&#8217;alta qualit\u00e0 della lavorazione, il set di serrature biOrb EARTH \u00e8 un prodotto di alta qualit\u00e0. <strong><span class=\"s2\">set di serrature biOrb EARTH<\/span><\/strong><\/span><span class=\"s1\">  il complemento perfetto. Che si tratti di una sala hobby privata, di una sala d&#8217;attesa, di uno showroom o di una stanza per bambini, con questi accessori puoi assicurarti che il tuo animale domestico non venga disturbato involontariamente e che tu possa rilassarti e goderti il processo di toelettatura. <\/span><\/p>\n","protected":false},"excerpt":{"rendered":"<p>Set di serrature biOrb EARTH - Maggiore sicurezza per il tuo terrario Il set di chiusura biOrb EARTH ti offre un modo semplice ed efficace per proteggere il tuo terrario da accessi indesiderati: mani di bambini, ospiti curiosi o aperture accidentali. \u00c8 stato sviluppato appositamente per il terrario biOrb EARTH 125 e si adatta perfettamente [&hellip;]<\/p>\n","protected":false},"featured_media":189469,"template":"","meta":{"_acf_changed":false},"product-supplier":[],"product_brand":[3207],"product_cat":[2760],"product_tag":[],"lce-checkout-addons":[],"class_list":{"0":"post-189468","1":"product","2":"type-product","3":"status-publish","4":"has-post-thumbnail","6":"product_brand-biorb","7":"product_cat-terrari-e-contenitori","9":"first","10":"instock","11":"sale","12":"taxable","13":"shipping-taxable","14":"purchasable","15":"product-type-simple"},"acf":[],"yoast_head":"<!-- This site is optimized with the Yoast SEO plugin v27.3 - https:\/\/yoast.com\/product\/yoast-seo-wordpress\/ -->\n<title>Set di serrature biOrb EARTH - Insektenliebe<\/title>\n<meta name=\"description\" content=\"Il set di serrature biOrb EARTH offre una protezione affidabile contro le aperture indesiderate. Sicuro, discreto e facile da installare. Ideale per le camere dei bambini e gli showroom.\" \/>\n<meta name=\"robots\" content=\"index, follow, max-snippet:-1, max-image-preview:large, max-video-preview:-1\" \/>\n<link rel=\"canonical\" href=\"https:\/\/insektenliebe.com\/it\/shop\/prodotto\/set-di-serrature-biorb-earth\/\" \/>\n<meta property=\"og:locale\" content=\"it_IT\" \/>\n<meta property=\"og:type\" content=\"article\" \/>\n<meta property=\"og:title\" content=\"Set di serrature biOrb EARTH - Insektenliebe\" \/>\n<meta property=\"og:description\" content=\"Il set di serrature biOrb EARTH offre una protezione affidabile contro le aperture indesiderate. Sicuro, discreto e facile da installare. Ideale per le camere dei bambini e gli showroom.\" \/>\n<meta property=\"og:url\" content=\"https:\/\/insektenliebe.com\/it\/shop\/prodotto\/set-di-serrature-biorb-earth\/\" \/>\n<meta property=\"og:site_name\" content=\"Insektenliebe\" \/>\n<meta property=\"og:image\" content=\"https:\/\/insektenliebe.com\/wp-content\/uploads\/2024\/10\/biOrb-EARTH-Schloss-Set-3.jpg\" \/>\n\t<meta property=\"og:image:width\" content=\"820\" \/>\n\t<meta property=\"og:image:height\" content=\"820\" \/>\n\t<meta property=\"og:image:type\" content=\"image\/jpeg\" \/>\n<meta name=\"twitter:card\" content=\"summary_large_image\" \/>\n<meta name=\"twitter:label1\" content=\"Tempo di lettura stimato\" \/>\n\t<meta name=\"twitter:data1\" content=\"2 minuto\" \/>\n<script type=\"application\/ld+json\" class=\"yoast-schema-graph\">{\"@context\":\"https:\\\/\\\/schema.org\",\"@graph\":[{\"@type\":\"WebPage\",\"@id\":\"https:\\\/\\\/insektenliebe.com\\\/it\\\/shop\\\/prodotto\\\/set-di-serrature-biorb-earth\\\/\",\"url\":\"https:\\\/\\\/insektenliebe.com\\\/it\\\/shop\\\/prodotto\\\/set-di-serrature-biorb-earth\\\/\",\"name\":\"Set di serrature biOrb EARTH - Insektenliebe\",\"isPartOf\":{\"@id\":\"https:\\\/\\\/insektenliebe.com\\\/it\\\/#website\"},\"primaryImageOfPage\":{\"@id\":\"https:\\\/\\\/insektenliebe.com\\\/it\\\/shop\\\/prodotto\\\/set-di-serrature-biorb-earth\\\/#primaryimage\"},\"image\":{\"@id\":\"https:\\\/\\\/insektenliebe.com\\\/it\\\/shop\\\/prodotto\\\/set-di-serrature-biorb-earth\\\/#primaryimage\"},\"thumbnailUrl\":\"https:\\\/\\\/insektenliebe.com\\\/wp-content\\\/uploads\\\/2024\\\/10\\\/biOrb-EARTH-Schloss-Set-3.jpg\",\"datePublished\":\"2024-10-02T13:19:51+00:00\",\"description\":\"Il set di serrature biOrb EARTH offre una protezione affidabile contro le aperture indesiderate. Sicuro, discreto e facile da installare. Ideale per le camere dei bambini e gli showroom.\",\"breadcrumb\":{\"@id\":\"https:\\\/\\\/insektenliebe.com\\\/it\\\/shop\\\/prodotto\\\/set-di-serrature-biorb-earth\\\/#breadcrumb\"},\"inLanguage\":\"it-IT\",\"potentialAction\":[{\"@type\":\"ReadAction\",\"target\":[\"https:\\\/\\\/insektenliebe.com\\\/it\\\/shop\\\/prodotto\\\/set-di-serrature-biorb-earth\\\/\"]}]},{\"@type\":\"ImageObject\",\"inLanguage\":\"it-IT\",\"@id\":\"https:\\\/\\\/insektenliebe.com\\\/it\\\/shop\\\/prodotto\\\/set-di-serrature-biorb-earth\\\/#primaryimage\",\"url\":\"https:\\\/\\\/insektenliebe.com\\\/wp-content\\\/uploads\\\/2024\\\/10\\\/biOrb-EARTH-Schloss-Set-3.jpg\",\"contentUrl\":\"https:\\\/\\\/insektenliebe.com\\\/wp-content\\\/uploads\\\/2024\\\/10\\\/biOrb-EARTH-Schloss-Set-3.jpg\",\"width\":820,\"height\":820,\"caption\":\"Set di serrature biOrb EARTH\"},{\"@type\":\"BreadcrumbList\",\"@id\":\"https:\\\/\\\/insektenliebe.com\\\/it\\\/shop\\\/prodotto\\\/set-di-serrature-biorb-earth\\\/#breadcrumb\",\"itemListElement\":[{\"@type\":\"ListItem\",\"position\":1,\"name\":\"Startseite\",\"item\":\"https:\\\/\\\/insektenliebe.com\\\/it\\\/\"},{\"@type\":\"ListItem\",\"position\":2,\"name\":\"Negozio\",\"item\":\"https:\\\/\\\/insektenliebe.com\\\/it\\\/negozio\\\/\"},{\"@type\":\"ListItem\",\"position\":3,\"name\":\"Set di serrature biOrb EARTH\"}]},{\"@type\":\"WebSite\",\"@id\":\"https:\\\/\\\/insektenliebe.com\\\/it\\\/#website\",\"url\":\"https:\\\/\\\/insektenliebe.com\\\/it\\\/\",\"name\":\"Insektenliebe\",\"description\":\"Dein Zuhause f\u00fcr die kleinen Lebewesen\",\"publisher\":{\"@id\":\"https:\\\/\\\/insektenliebe.com\\\/it\\\/#organization\"},\"potentialAction\":[{\"@type\":\"SearchAction\",\"target\":{\"@type\":\"EntryPoint\",\"urlTemplate\":\"https:\\\/\\\/insektenliebe.com\\\/it\\\/?s={search_term_string}\"},\"query-input\":{\"@type\":\"PropertyValueSpecification\",\"valueRequired\":true,\"valueName\":\"search_term_string\"}}],\"inLanguage\":\"it-IT\"},{\"@type\":\"Organization\",\"@id\":\"https:\\\/\\\/insektenliebe.com\\\/it\\\/#organization\",\"name\":\"Insektenliebe\",\"url\":\"https:\\\/\\\/insektenliebe.com\\\/it\\\/\",\"logo\":{\"@type\":\"ImageObject\",\"inLanguage\":\"it-IT\",\"@id\":\"https:\\\/\\\/insektenliebe.com\\\/it\\\/#\\\/schema\\\/logo\\\/image\\\/\",\"url\":\"https:\\\/\\\/insektenliebe.com\\\/wp-content\\\/uploads\\\/2025\\\/03\\\/logo-white.png\",\"contentUrl\":\"https:\\\/\\\/insektenliebe.com\\\/wp-content\\\/uploads\\\/2025\\\/03\\\/logo-white.png\",\"width\":288,\"height\":188,\"caption\":\"Insektenliebe\"},\"image\":{\"@id\":\"https:\\\/\\\/insektenliebe.com\\\/it\\\/#\\\/schema\\\/logo\\\/image\\\/\"}}]}<\/script>\n<!-- \/ Yoast SEO plugin. -->","yoast_head_json":{"title":"Set di serrature biOrb EARTH - Insektenliebe","description":"Il set di serrature biOrb EARTH offre una protezione affidabile contro le aperture indesiderate. Sicuro, discreto e facile da installare. Ideale per le camere dei bambini e gli showroom.","robots":{"index":"index","follow":"follow","max-snippet":"max-snippet:-1","max-image-preview":"max-image-preview:large","max-video-preview":"max-video-preview:-1"},"canonical":"https:\/\/insektenliebe.com\/it\/shop\/prodotto\/set-di-serrature-biorb-earth\/","og_locale":"it_IT","og_type":"article","og_title":"Set di serrature biOrb EARTH - Insektenliebe","og_description":"Il set di serrature biOrb EARTH offre una protezione affidabile contro le aperture indesiderate. Sicuro, discreto e facile da installare. Ideale per le camere dei bambini e gli showroom.","og_url":"https:\/\/insektenliebe.com\/it\/shop\/prodotto\/set-di-serrature-biorb-earth\/","og_site_name":"Insektenliebe","og_image":[{"width":820,"height":820,"url":"https:\/\/insektenliebe.com\/wp-content\/uploads\/2024\/10\/biOrb-EARTH-Schloss-Set-3.jpg","type":"image\/jpeg"}],"twitter_card":"summary_large_image","twitter_misc":{"Tempo di lettura stimato":"2 minuto"},"schema":{"@context":"https:\/\/schema.org","@graph":[{"@type":"WebPage","@id":"https:\/\/insektenliebe.com\/it\/shop\/prodotto\/set-di-serrature-biorb-earth\/","url":"https:\/\/insektenliebe.com\/it\/shop\/prodotto\/set-di-serrature-biorb-earth\/","name":"Set di serrature biOrb EARTH - Insektenliebe","isPartOf":{"@id":"https:\/\/insektenliebe.com\/it\/#website"},"primaryImageOfPage":{"@id":"https:\/\/insektenliebe.com\/it\/shop\/prodotto\/set-di-serrature-biorb-earth\/#primaryimage"},"image":{"@id":"https:\/\/insektenliebe.com\/it\/shop\/prodotto\/set-di-serrature-biorb-earth\/#primaryimage"},"thumbnailUrl":"https:\/\/insektenliebe.com\/wp-content\/uploads\/2024\/10\/biOrb-EARTH-Schloss-Set-3.jpg","datePublished":"2024-10-02T13:19:51+00:00","description":"Il set di serrature biOrb EARTH offre una protezione affidabile contro le aperture indesiderate. Sicuro, discreto e facile da installare. Ideale per le camere dei bambini e gli showroom.","breadcrumb":{"@id":"https:\/\/insektenliebe.com\/it\/shop\/prodotto\/set-di-serrature-biorb-earth\/#breadcrumb"},"inLanguage":"it-IT","potentialAction":[{"@type":"ReadAction","target":["https:\/\/insektenliebe.com\/it\/shop\/prodotto\/set-di-serrature-biorb-earth\/"]}]},{"@type":"ImageObject","inLanguage":"it-IT","@id":"https:\/\/insektenliebe.com\/it\/shop\/prodotto\/set-di-serrature-biorb-earth\/#primaryimage","url":"https:\/\/insektenliebe.com\/wp-content\/uploads\/2024\/10\/biOrb-EARTH-Schloss-Set-3.jpg","contentUrl":"https:\/\/insektenliebe.com\/wp-content\/uploads\/2024\/10\/biOrb-EARTH-Schloss-Set-3.jpg","width":820,"height":820,"caption":"Set di serrature biOrb EARTH"},{"@type":"BreadcrumbList","@id":"https:\/\/insektenliebe.com\/it\/shop\/prodotto\/set-di-serrature-biorb-earth\/#breadcrumb","itemListElement":[{"@type":"ListItem","position":1,"name":"Startseite","item":"https:\/\/insektenliebe.com\/it\/"},{"@type":"ListItem","position":2,"name":"Negozio","item":"https:\/\/insektenliebe.com\/it\/negozio\/"},{"@type":"ListItem","position":3,"name":"Set di serrature biOrb EARTH"}]},{"@type":"WebSite","@id":"https:\/\/insektenliebe.com\/it\/#website","url":"https:\/\/insektenliebe.com\/it\/","name":"Insektenliebe","description":"Dein Zuhause f\u00fcr die kleinen Lebewesen","publisher":{"@id":"https:\/\/insektenliebe.com\/it\/#organization"},"potentialAction":[{"@type":"SearchAction","target":{"@type":"EntryPoint","urlTemplate":"https:\/\/insektenliebe.com\/it\/?s={search_term_string}"},"query-input":{"@type":"PropertyValueSpecification","valueRequired":true,"valueName":"search_term_string"}}],"inLanguage":"it-IT"},{"@type":"Organization","@id":"https:\/\/insektenliebe.com\/it\/#organization","name":"Insektenliebe","url":"https:\/\/insektenliebe.com\/it\/","logo":{"@type":"ImageObject","inLanguage":"it-IT","@id":"https:\/\/insektenliebe.com\/it\/#\/schema\/logo\/image\/","url":"https:\/\/insektenliebe.com\/wp-content\/uploads\/2025\/03\/logo-white.png","contentUrl":"https:\/\/insektenliebe.com\/wp-content\/uploads\/2025\/03\/logo-white.png","width":288,"height":188,"caption":"Insektenliebe"},"image":{"@id":"https:\/\/insektenliebe.com\/it\/#\/schema\/logo\/image\/"}}]}},"_links":{"self":[{"href":"https:\/\/insektenliebe.com\/it\/wp-json\/wp\/v2\/product\/189468","targetHints":{"allow":["GET"]}}],"collection":[{"href":"https:\/\/insektenliebe.com\/it\/wp-json\/wp\/v2\/product"}],"about":[{"href":"https:\/\/insektenliebe.com\/it\/wp-json\/wp\/v2\/types\/product"}],"wp:featuredmedia":[{"embeddable":true,"href":"https:\/\/insektenliebe.com\/it\/wp-json\/wp\/v2\/media\/189469"}],"wp:attachment":[{"href":"https:\/\/insektenliebe.com\/it\/wp-json\/wp\/v2\/media?parent=189468"}],"wp:term":[{"taxonomy":"product-supplier","embeddable":true,"href":"https:\/\/insektenliebe.com\/it\/wp-json\/wp\/v2\/product-supplier?post=189468"},{"taxonomy":"product_brand","embeddable":true,"href":"https:\/\/insektenliebe.com\/it\/wp-json\/wp\/v2\/product_brand?post=189468"},{"taxonomy":"product_cat","embeddable":true,"href":"https:\/\/insektenliebe.com\/it\/wp-json\/wp\/v2\/product_cat?post=189468"},{"taxonomy":"product_tag","embeddable":true,"href":"https:\/\/insektenliebe.com\/it\/wp-json\/wp\/v2\/product_tag?post=189468"},{"taxonomy":"lce-checkout-addons","embeddable":true,"href":"https:\/\/insektenliebe.com\/it\/wp-json\/wp\/v2\/lce-checkout-addons?post=189468"}],"curies":[{"name":"wp","href":"https:\/\/api.w.org\/{rel}","templated":true}]}}