{"id":189467,"date":"2025-09-05T19:03:00","date_gmt":"2025-09-05T17:03:00","guid":{"rendered":"https:\/\/insektenliebe.com\/shop\/produkt\/tillandsia-capitata-peach\/"},"modified":"2026-03-12T07:40:34","modified_gmt":"2026-03-12T06:40:34","slug":"tillandsia-capitata-peach","status":"publish","type":"product","link":"https:\/\/insektenliebe.com\/it\/shop\/prodotto\/tillandsia-capitata-peach\/","title":{"rendered":"Tillandsia capitata \"Peach\""},"content":{"rendered":"<h3 class=\"p1\"><span style=\"color: #99cc33;\"><strong><span class=\"s1\">Tillandsia capitata \"Peach\" - un&#8217;attrazione tropicale per il terrario e la casa<\/span><\/strong><\/span><\/h3>\n<p class=\"p1\"><span class=\"s1\">La <strong>Tillandsia capitata <\/strong><\/span><strong><span class=\"s2\">\"Peach\"<\/span><\/strong><span class=\"s1\">  \u00e8 una vera bellezza tra le piante aeree e colpisce per la sua insolita colorazione. \u00c8 originaria delle regioni tropicali dell&#8217;America Centrale, dove cresce sugli alberi o sulle rocce e si nutre dell&#8217;elevata umidit\u00e0. La sua particolarit\u00e0 sta nelle foglie che, se ben curate, assumono un delicato color pesca: un&#8217;attrazione spettacolare per qualsiasi terrario o porta piante decorativo.  <\/span><\/p>\n<p class=\"p1\"><span class=\"s1\">Come pianta epifita, la <strong>Tillandsia capitata <\/strong><strong><span class=\"s2\">\"Pesca\"<\/span><\/strong><\/span><span class=\"s1\">  nessun substrato. Assorbe acqua e sostanze nutritive esclusivamente attraverso le foglie. Per questo \u00e8 ideale per progettare in modo creativo terrari, vetrine o spazi abitativi moderni. Si armonizza particolarmente bene con materiali naturali come il legno, la corteccia o le pietre, creando un&#8217;impressione vivace ed esotica.   <\/span><\/p>\n<p class=\"p1\"><span class=\"s1\">Mantenerlo \u00e8 semplice: L&#8217;ideale \u00e8 un luogo luminoso con luce indiretta e un&#8217;illuminazione di circa 1.000-2.000 lumen. La luce diretta del sole deve essere evitata perch\u00e9 potrebbe bruciare le foglie sottili. Una nebulizzazione regolare con acqua a basso contenuto di calcare o una breve annaffiatura ogni pochi giorni forniscono l&#8217;umidit\u00e0 necessaria. Poich\u00e9 la pianta \u00e8 originaria delle regioni tropicali, si sente particolarmente a suo agio con un&#8217;umidit\u00e0 del 60-80%, perfetta per i terrari della foresta pluviale.   <\/span><\/p>\n<p class=\"p1\"><span class=\"s1\">Con una dimensione di circa 10-20 cm, la <strong>Tillandsia capitata <\/strong><strong><span class=\"s2\">\"Pesca\"<\/span><\/strong><\/span><span class=\"s1\">  \u00c8 una pianta compatta, ma il suo elegante portamento la rende molto presente. Rivela tutta la sua bellezza soprattutto durante il periodo di fioritura, quando le foglie cambiano intensamente colore e si crea un forte contrasto cromatico. Non \u00e8 quindi solo un elemento decorativo, ma anche un punto di forza che enfatizza il carattere tropicale di qualsiasi composizione.  <\/span><\/p>\n<p class=\"p1\"><span class=\"s1\">Se stai cercando una pianta facile da curare, esotica e insolita, la <strong>Tillandsia capitata <\/strong><strong><span class=\"s2\">\"Pesca\"<\/span><\/strong><\/span><span class=\"s1\"> \u00e8 una fedele compagna che aggiunge un tocco tropicale senza troppi sforzi.<\/span><\/p>\n","protected":false},"excerpt":{"rendered":"<p>Tillandsia capitata \"Peach\" - un&#8217;attrazione tropicale per il terrario e la casa La Tillandsia capitata \"Peach\" \u00e8 una vera bellezza tra le piante aeree e colpisce per la sua insolita colorazione. \u00c8 originaria delle regioni tropicali dell&#8217;America Centrale, dove cresce sugli alberi o sulle rocce e si nutre dell&#8217;elevata umidit\u00e0. La sua particolarit\u00e0 sta nelle [&hellip;]<\/p>\n","protected":false},"featured_media":189470,"template":"","meta":{"_acf_changed":false},"product-supplier":[2685],"product_brand":[],"product_cat":[3181],"product_tag":[],"lce-checkout-addons":[2746],"class_list":{"0":"post-189467","1":"product","2":"type-product","3":"status-publish","4":"has-post-thumbnail","6":"product_cat-piante-da-terrario","7":"product_shipping_class-equipment-shipping","8":"pa_herkunft-messico","9":"lce-checkout-addons-imballaggio-invernale","11":"first","12":"instock","13":"taxable","14":"shipping-taxable","15":"purchasable","16":"product-type-simple"},"acf":[],"yoast_head":"<!-- This site is optimized with the Yoast SEO plugin v27.3 - https:\/\/yoast.com\/product\/yoast-seo-wordpress\/ -->\n<title>Tillandsia capitata &quot;Peach&quot; - Insektenliebe<\/title>\n<meta name=\"description\" content=\"Tillandsia capitata &quot;Peach&quot; - pianta esotica con foglie color pesca. Facile da curare, decorativa e ideale per terrari e spazi abitativi.\" \/>\n<meta name=\"robots\" content=\"index, follow, max-snippet:-1, max-image-preview:large, max-video-preview:-1\" \/>\n<link rel=\"canonical\" href=\"https:\/\/insektenliebe.com\/it\/shop\/prodotto\/tillandsia-capitata-peach\/\" \/>\n<meta property=\"og:locale\" content=\"it_IT\" \/>\n<meta property=\"og:type\" content=\"article\" \/>\n<meta property=\"og:title\" content=\"Tillandsia capitata &quot;Peach&quot; - Insektenliebe\" \/>\n<meta property=\"og:description\" content=\"Tillandsia capitata &quot;Peach&quot; - pianta esotica con foglie color pesca. Facile da curare, decorativa e ideale per terrari e spazi abitativi.\" \/>\n<meta property=\"og:url\" content=\"https:\/\/insektenliebe.com\/it\/shop\/prodotto\/tillandsia-capitata-peach\/\" \/>\n<meta property=\"og:site_name\" content=\"Insektenliebe\" \/>\n<meta property=\"article:modified_time\" content=\"2026-03-12T06:40:34+00:00\" \/>\n<meta property=\"og:image\" content=\"https:\/\/insektenliebe.com\/wp-content\/uploads\/2025\/09\/Tillandsia-capitata-22Peach22.jpg\" \/>\n\t<meta property=\"og:image:width\" content=\"820\" \/>\n\t<meta property=\"og:image:height\" content=\"820\" \/>\n\t<meta property=\"og:image:type\" content=\"image\/jpeg\" \/>\n<meta name=\"twitter:card\" content=\"summary_large_image\" \/>\n<meta name=\"twitter:label1\" content=\"Tempo di lettura stimato\" \/>\n\t<meta name=\"twitter:data1\" content=\"1 minuto\" \/>\n<script type=\"application\/ld+json\" class=\"yoast-schema-graph\">{\"@context\":\"https:\\\/\\\/schema.org\",\"@graph\":[{\"@type\":\"WebPage\",\"@id\":\"https:\\\/\\\/insektenliebe.com\\\/it\\\/shop\\\/prodotto\\\/tillandsia-capitata-peach\\\/\",\"url\":\"https:\\\/\\\/insektenliebe.com\\\/it\\\/shop\\\/prodotto\\\/tillandsia-capitata-peach\\\/\",\"name\":\"Tillandsia capitata \\\"Peach\\\" - Insektenliebe\",\"isPartOf\":{\"@id\":\"https:\\\/\\\/insektenliebe.com\\\/it\\\/#website\"},\"primaryImageOfPage\":{\"@id\":\"https:\\\/\\\/insektenliebe.com\\\/it\\\/shop\\\/prodotto\\\/tillandsia-capitata-peach\\\/#primaryimage\"},\"image\":{\"@id\":\"https:\\\/\\\/insektenliebe.com\\\/it\\\/shop\\\/prodotto\\\/tillandsia-capitata-peach\\\/#primaryimage\"},\"thumbnailUrl\":\"https:\\\/\\\/insektenliebe.com\\\/wp-content\\\/uploads\\\/2025\\\/09\\\/Tillandsia-capitata-22Peach22.jpg\",\"datePublished\":\"2025-09-05T17:03:00+00:00\",\"dateModified\":\"2026-03-12T06:40:34+00:00\",\"description\":\"Tillandsia capitata \\\"Peach\\\" - pianta esotica con foglie color pesca. Facile da curare, decorativa e ideale per terrari e spazi abitativi.\",\"breadcrumb\":{\"@id\":\"https:\\\/\\\/insektenliebe.com\\\/it\\\/shop\\\/prodotto\\\/tillandsia-capitata-peach\\\/#breadcrumb\"},\"inLanguage\":\"it-IT\",\"potentialAction\":[{\"@type\":\"ReadAction\",\"target\":[\"https:\\\/\\\/insektenliebe.com\\\/it\\\/shop\\\/prodotto\\\/tillandsia-capitata-peach\\\/\"]}]},{\"@type\":\"ImageObject\",\"inLanguage\":\"it-IT\",\"@id\":\"https:\\\/\\\/insektenliebe.com\\\/it\\\/shop\\\/prodotto\\\/tillandsia-capitata-peach\\\/#primaryimage\",\"url\":\"https:\\\/\\\/insektenliebe.com\\\/wp-content\\\/uploads\\\/2025\\\/09\\\/Tillandsia-capitata-22Peach22.jpg\",\"contentUrl\":\"https:\\\/\\\/insektenliebe.com\\\/wp-content\\\/uploads\\\/2025\\\/09\\\/Tillandsia-capitata-22Peach22.jpg\",\"width\":820,\"height\":820,\"caption\":\"Tillandsia capitata \\\"Peach\\\"\"},{\"@type\":\"BreadcrumbList\",\"@id\":\"https:\\\/\\\/insektenliebe.com\\\/it\\\/shop\\\/prodotto\\\/tillandsia-capitata-peach\\\/#breadcrumb\",\"itemListElement\":[{\"@type\":\"ListItem\",\"position\":1,\"name\":\"Startseite\",\"item\":\"https:\\\/\\\/insektenliebe.com\\\/it\\\/\"},{\"@type\":\"ListItem\",\"position\":2,\"name\":\"Negozio\",\"item\":\"https:\\\/\\\/insektenliebe.com\\\/it\\\/negozio\\\/\"},{\"@type\":\"ListItem\",\"position\":3,\"name\":\"Tillandsia capitata \\\"Peach\\\"\"}]},{\"@type\":\"WebSite\",\"@id\":\"https:\\\/\\\/insektenliebe.com\\\/it\\\/#website\",\"url\":\"https:\\\/\\\/insektenliebe.com\\\/it\\\/\",\"name\":\"Insektenliebe\",\"description\":\"Dein Zuhause f\u00fcr die kleinen Lebewesen\",\"publisher\":{\"@id\":\"https:\\\/\\\/insektenliebe.com\\\/it\\\/#organization\"},\"potentialAction\":[{\"@type\":\"SearchAction\",\"target\":{\"@type\":\"EntryPoint\",\"urlTemplate\":\"https:\\\/\\\/insektenliebe.com\\\/it\\\/?s={search_term_string}\"},\"query-input\":{\"@type\":\"PropertyValueSpecification\",\"valueRequired\":true,\"valueName\":\"search_term_string\"}}],\"inLanguage\":\"it-IT\"},{\"@type\":\"Organization\",\"@id\":\"https:\\\/\\\/insektenliebe.com\\\/it\\\/#organization\",\"name\":\"Insektenliebe\",\"url\":\"https:\\\/\\\/insektenliebe.com\\\/it\\\/\",\"logo\":{\"@type\":\"ImageObject\",\"inLanguage\":\"it-IT\",\"@id\":\"https:\\\/\\\/insektenliebe.com\\\/it\\\/#\\\/schema\\\/logo\\\/image\\\/\",\"url\":\"https:\\\/\\\/insektenliebe.com\\\/wp-content\\\/uploads\\\/2025\\\/03\\\/logo-white.png\",\"contentUrl\":\"https:\\\/\\\/insektenliebe.com\\\/wp-content\\\/uploads\\\/2025\\\/03\\\/logo-white.png\",\"width\":288,\"height\":188,\"caption\":\"Insektenliebe\"},\"image\":{\"@id\":\"https:\\\/\\\/insektenliebe.com\\\/it\\\/#\\\/schema\\\/logo\\\/image\\\/\"}}]}<\/script>\n<!-- \/ Yoast SEO plugin. -->","yoast_head_json":{"title":"Tillandsia capitata \"Peach\" - Insektenliebe","description":"Tillandsia capitata \"Peach\" - pianta esotica con foglie color pesca. Facile da curare, decorativa e ideale per terrari e spazi abitativi.","robots":{"index":"index","follow":"follow","max-snippet":"max-snippet:-1","max-image-preview":"max-image-preview:large","max-video-preview":"max-video-preview:-1"},"canonical":"https:\/\/insektenliebe.com\/it\/shop\/prodotto\/tillandsia-capitata-peach\/","og_locale":"it_IT","og_type":"article","og_title":"Tillandsia capitata \"Peach\" - Insektenliebe","og_description":"Tillandsia capitata \"Peach\" - pianta esotica con foglie color pesca. Facile da curare, decorativa e ideale per terrari e spazi abitativi.","og_url":"https:\/\/insektenliebe.com\/it\/shop\/prodotto\/tillandsia-capitata-peach\/","og_site_name":"Insektenliebe","article_modified_time":"2026-03-12T06:40:34+00:00","og_image":[{"width":820,"height":820,"url":"https:\/\/insektenliebe.com\/wp-content\/uploads\/2025\/09\/Tillandsia-capitata-22Peach22.jpg","type":"image\/jpeg"}],"twitter_card":"summary_large_image","twitter_misc":{"Tempo di lettura stimato":"1 minuto"},"schema":{"@context":"https:\/\/schema.org","@graph":[{"@type":"WebPage","@id":"https:\/\/insektenliebe.com\/it\/shop\/prodotto\/tillandsia-capitata-peach\/","url":"https:\/\/insektenliebe.com\/it\/shop\/prodotto\/tillandsia-capitata-peach\/","name":"Tillandsia capitata \"Peach\" - Insektenliebe","isPartOf":{"@id":"https:\/\/insektenliebe.com\/it\/#website"},"primaryImageOfPage":{"@id":"https:\/\/insektenliebe.com\/it\/shop\/prodotto\/tillandsia-capitata-peach\/#primaryimage"},"image":{"@id":"https:\/\/insektenliebe.com\/it\/shop\/prodotto\/tillandsia-capitata-peach\/#primaryimage"},"thumbnailUrl":"https:\/\/insektenliebe.com\/wp-content\/uploads\/2025\/09\/Tillandsia-capitata-22Peach22.jpg","datePublished":"2025-09-05T17:03:00+00:00","dateModified":"2026-03-12T06:40:34+00:00","description":"Tillandsia capitata \"Peach\" - pianta esotica con foglie color pesca. Facile da curare, decorativa e ideale per terrari e spazi abitativi.","breadcrumb":{"@id":"https:\/\/insektenliebe.com\/it\/shop\/prodotto\/tillandsia-capitata-peach\/#breadcrumb"},"inLanguage":"it-IT","potentialAction":[{"@type":"ReadAction","target":["https:\/\/insektenliebe.com\/it\/shop\/prodotto\/tillandsia-capitata-peach\/"]}]},{"@type":"ImageObject","inLanguage":"it-IT","@id":"https:\/\/insektenliebe.com\/it\/shop\/prodotto\/tillandsia-capitata-peach\/#primaryimage","url":"https:\/\/insektenliebe.com\/wp-content\/uploads\/2025\/09\/Tillandsia-capitata-22Peach22.jpg","contentUrl":"https:\/\/insektenliebe.com\/wp-content\/uploads\/2025\/09\/Tillandsia-capitata-22Peach22.jpg","width":820,"height":820,"caption":"Tillandsia capitata \"Peach\""},{"@type":"BreadcrumbList","@id":"https:\/\/insektenliebe.com\/it\/shop\/prodotto\/tillandsia-capitata-peach\/#breadcrumb","itemListElement":[{"@type":"ListItem","position":1,"name":"Startseite","item":"https:\/\/insektenliebe.com\/it\/"},{"@type":"ListItem","position":2,"name":"Negozio","item":"https:\/\/insektenliebe.com\/it\/negozio\/"},{"@type":"ListItem","position":3,"name":"Tillandsia capitata \"Peach\""}]},{"@type":"WebSite","@id":"https:\/\/insektenliebe.com\/it\/#website","url":"https:\/\/insektenliebe.com\/it\/","name":"Insektenliebe","description":"Dein Zuhause f\u00fcr die kleinen Lebewesen","publisher":{"@id":"https:\/\/insektenliebe.com\/it\/#organization"},"potentialAction":[{"@type":"SearchAction","target":{"@type":"EntryPoint","urlTemplate":"https:\/\/insektenliebe.com\/it\/?s={search_term_string}"},"query-input":{"@type":"PropertyValueSpecification","valueRequired":true,"valueName":"search_term_string"}}],"inLanguage":"it-IT"},{"@type":"Organization","@id":"https:\/\/insektenliebe.com\/it\/#organization","name":"Insektenliebe","url":"https:\/\/insektenliebe.com\/it\/","logo":{"@type":"ImageObject","inLanguage":"it-IT","@id":"https:\/\/insektenliebe.com\/it\/#\/schema\/logo\/image\/","url":"https:\/\/insektenliebe.com\/wp-content\/uploads\/2025\/03\/logo-white.png","contentUrl":"https:\/\/insektenliebe.com\/wp-content\/uploads\/2025\/03\/logo-white.png","width":288,"height":188,"caption":"Insektenliebe"},"image":{"@id":"https:\/\/insektenliebe.com\/it\/#\/schema\/logo\/image\/"}}]}},"_links":{"self":[{"href":"https:\/\/insektenliebe.com\/it\/wp-json\/wp\/v2\/product\/189467","targetHints":{"allow":["GET"]}}],"collection":[{"href":"https:\/\/insektenliebe.com\/it\/wp-json\/wp\/v2\/product"}],"about":[{"href":"https:\/\/insektenliebe.com\/it\/wp-json\/wp\/v2\/types\/product"}],"wp:featuredmedia":[{"embeddable":true,"href":"https:\/\/insektenliebe.com\/it\/wp-json\/wp\/v2\/media\/189470"}],"wp:attachment":[{"href":"https:\/\/insektenliebe.com\/it\/wp-json\/wp\/v2\/media?parent=189467"}],"wp:term":[{"taxonomy":"product-supplier","embeddable":true,"href":"https:\/\/insektenliebe.com\/it\/wp-json\/wp\/v2\/product-supplier?post=189467"},{"taxonomy":"product_brand","embeddable":true,"href":"https:\/\/insektenliebe.com\/it\/wp-json\/wp\/v2\/product_brand?post=189467"},{"taxonomy":"product_cat","embeddable":true,"href":"https:\/\/insektenliebe.com\/it\/wp-json\/wp\/v2\/product_cat?post=189467"},{"taxonomy":"product_tag","embeddable":true,"href":"https:\/\/insektenliebe.com\/it\/wp-json\/wp\/v2\/product_tag?post=189467"},{"taxonomy":"lce-checkout-addons","embeddable":true,"href":"https:\/\/insektenliebe.com\/it\/wp-json\/wp\/v2\/lce-checkout-addons?post=189467"}],"curies":[{"name":"wp","href":"https:\/\/api.w.org\/{rel}","templated":true}]}}