{"id":189455,"date":"2025-10-09T18:51:01","date_gmt":"2025-10-09T16:51:01","guid":{"rendered":"https:\/\/insektenliebe.com\/shop\/produkt\/pacchetto-di-raccolta\/"},"modified":"2025-10-09T18:51:01","modified_gmt":"2025-10-09T16:51:01","slug":"pacchetto-di-raccolta","status":"publish","type":"product","link":"https:\/\/insektenliebe.com\/it\/shop\/prodotto\/pacchetto-di-raccolta\/","title":{"rendered":"Pacchetto di raccolta"},"content":{"rendered":"<h3 class=\"p1\"><span style=\"color: #99cc33\"><strong><span class=\"s1\">Pacchetto di cattura - Ritorno sicuro per gli invertebrati<\/span><\/strong><\/span><\/h3>\n<p class=\"p1\"><span class=\"s1\">A volte un piccolo gruppo si trasforma rapidamente in un&#8217;intera colonia e all&#8217;improvviso ce ne sono troppi. Il pacchetto di salvataggio Insektenliebe \u00e8 pensato proprio per momenti come questi. Grazie a questo kit di spedizione, potrai inviare i tuoi animali al nostro centro di soccorso in modo sicuro, senza stress e in forma anonima, senza doverti preoccupare dell&#8217;imballaggio o dei materiali adatti. Tutto ci\u00f2 che ti serve \u00e8 gi\u00e0 incluso, messo insieme con cura per rendere il trasporto il pi\u00f9 piacevole e a basso rischio possibile per gli animali.   <\/span><\/p>\n<p class=\"p1\"><span class=\"s1\">Il pacco di contenimento \u00e8 la soluzione pi\u00f9 semplice e sicura se vuoi spedirci degli animali. Consiste in una robusta scatola di spedizione con pannelli di polistirolo montati su misura che forniscono un isolamento affidabile e compensano le fluttuazioni di temperatura. Questo \u00e8 particolarmente importante nei mesi invernali per evitare che le specie sensibili si raffreddino. Per una maggiore sicurezza, \u00e8 inclusa una borsa termica di alta qualit\u00e0 che genera un calore costante per molte ore e consente un trasporto silenzioso e rispettoso degli animali.   <\/span><\/p>\n<p class=\"p1\"><span class=\"s1\">Inoltre, riceverai delle scatole trasparenti abbinate in cui potrai inserire gli animali singolarmente o in piccoli gruppi. Le scatole sono permeabili all&#8217;aria e facili da maneggiare: basta mettere un tovagliolo di carta umido e del cibo all&#8217;interno, inserire con cura gli animali, chiudere il coperchio e il gioco \u00e8 fatto. In questo modo il trasporto \u00e8 sicuro e privo di stress per tutte le persone coinvolte. Ti preghiamo di etichettare le scatole con il nome della specie e il numero di animali.   <\/span><\/p>\n<p class=\"p1\"><span class=\"s1\">Prima di richiudere la confezione, puoi attivare l&#8217;impacco di calore in dotazione in caso di freddo. Il funzionamento \u00e8 molto semplice: non appena apri la confezione esterna e agiti delicatamente l&#8217;impacco termico, questo inizia a reagire con l&#8217;ossigeno e genera un calore costante e delicato per molte ore. Non posizionare mai l&#8217;impacco termico attivo direttamente vicino alle lattine o agli animali, ma assicurati che ci sia una certa distanza tra loro, preferibilmente interponendo uno strato di carta o di materiale di imbottitura. In questo modo la temperatura sar\u00e0 confortevole senza che gli animali si surriscaldino troppo. In caso di temperature pi\u00f9 miti, puoi anche aggiungere l&#8217;impacco termico non attivato.    <\/span><\/p>\n<p class=\"p1\"><span class=\"s1\">L&#8217;etichetta di restituzione allegata \u00e8 gi\u00e0 pronta e riporta il nostro indirizzo per il centro di soccorso. Basta incollarla sul pacco, consegnarlo all&#8217;ufficio postale e stare tranquilli che i tuoi animali arriveranno sani e salvi. Non \u00e8 necessario fornire alcun dato personale al momento della restituzione del pacco, che verr\u00e0 inviato in forma anonima.  <\/span><\/p>\n<p class=\"p1\"><span class=\"s1\">Il pacchetto di raccolta non \u00e8 un prodotto commerciale, ma un servizio che offriamo a prezzo di costo. Vogliamo dare ai proprietari di animali domestici un modo semplice per assumersi la responsabilit\u00e0, anche se sono troppi. Perch\u00e9 ogni vita conta e ogni donazione dimostra che tieni ai tuoi animali. Che si tratti di insetti stecco, mantidi religiose, cocciniglie o altri invertebrati: Con il pacco di salvataggio ti assicuri che arrivino in modo sicuro e attento e che vengano affidati a buone mani.   <\/span><\/p>\n<p class=\"p1\"><span class=\"s1\">Questo set \u00e8 stato sviluppato appositamente per la spedizione di invertebrati vivi ed \u00e8 pronto per essere utilizzato immediatamente. Nessuna improvvisazione, nessun rischio: basta ordinare, imballare gli animali, applicare l&#8217;etichetta e spedire. In questo modo potrai lasciarli andare con la coscienza pulita e sapere che i tuoi animali sono stati affidati a mani esperte. Il pacchetto di salvataggio \u00e8 sinonimo di cura, responsabilit\u00e0 e amore per gli animali: valori che accompagnano l&#8217;amore per gli insetti fin dall&#8217;inizio.   <\/span><\/p>\n","protected":false},"excerpt":{"rendered":"<p>Pacchetto di cattura - Ritorno sicuro per gli invertebrati A volte un piccolo gruppo si trasforma rapidamente in un&#8217;intera colonia e all&#8217;improvviso ce ne sono troppi. Il pacchetto di salvataggio Insektenliebe \u00e8 pensato proprio per momenti come questi. Grazie a questo kit di spedizione, potrai inviare i tuoi animali al nostro centro di soccorso in [&hellip;]<\/p>\n","protected":false},"featured_media":189466,"template":"","meta":{"_acf_changed":false},"product-supplier":[2691],"product_brand":[],"product_cat":[2760],"product_tag":[3531],"lce-checkout-addons":[],"class_list":{"0":"post-189455","1":"product","2":"type-product","3":"status-publish","4":"has-post-thumbnail","6":"product_cat-terrari-e-contenitori","7":"product_tag-amore","9":"first","10":"instock","11":"taxable","12":"shipping-taxable","13":"purchasable","14":"product-type-simple"},"acf":[],"yoast_head":"<!-- This site is optimized with the Yoast SEO plugin v27.3 - https:\/\/yoast.com\/product\/yoast-seo-wordpress\/ -->\n<title>Pacchetto di raccolta - Insektenliebe<\/title>\n<meta name=\"robots\" content=\"index, follow, max-snippet:-1, max-image-preview:large, max-video-preview:-1\" \/>\n<link rel=\"canonical\" href=\"https:\/\/insektenliebe.com\/it\/shop\/prodotto\/pacchetto-di-raccolta\/\" \/>\n<meta property=\"og:locale\" content=\"it_IT\" \/>\n<meta property=\"og:type\" content=\"article\" \/>\n<meta property=\"og:title\" content=\"Pacchetto di raccolta - Insektenliebe\" \/>\n<meta property=\"og:description\" content=\"Pacchetto di cattura - Ritorno sicuro per gli invertebrati A volte un piccolo gruppo si trasforma rapidamente in un&#8217;intera colonia e all&#8217;improvviso ce ne sono troppi. Il pacchetto di salvataggio Insektenliebe \u00e8 pensato proprio per momenti come questi. Grazie a questo kit di spedizione, potrai inviare i tuoi animali al nostro centro di soccorso in [&hellip;]\" \/>\n<meta property=\"og:url\" content=\"https:\/\/insektenliebe.com\/it\/shop\/prodotto\/pacchetto-di-raccolta\/\" \/>\n<meta property=\"og:site_name\" content=\"Insektenliebe\" \/>\n<meta property=\"og:image\" content=\"https:\/\/insektenliebe.com\/wp-content\/uploads\/2025\/10\/Auffangpaket.jpg\" \/>\n\t<meta property=\"og:image:width\" content=\"820\" \/>\n\t<meta property=\"og:image:height\" content=\"820\" \/>\n\t<meta property=\"og:image:type\" content=\"image\/jpeg\" \/>\n<meta name=\"twitter:card\" content=\"summary_large_image\" \/>\n<meta name=\"twitter:label1\" content=\"Tempo di lettura stimato\" \/>\n\t<meta name=\"twitter:data1\" content=\"3 minuto\" \/>\n<script type=\"application\/ld+json\" class=\"yoast-schema-graph\">{\"@context\":\"https:\\\/\\\/schema.org\",\"@graph\":[{\"@type\":\"WebPage\",\"@id\":\"https:\\\/\\\/insektenliebe.com\\\/it\\\/shop\\\/prodotto\\\/pacchetto-di-raccolta\\\/\",\"url\":\"https:\\\/\\\/insektenliebe.com\\\/it\\\/shop\\\/prodotto\\\/pacchetto-di-raccolta\\\/\",\"name\":\"Pacchetto di raccolta - Insektenliebe\",\"isPartOf\":{\"@id\":\"https:\\\/\\\/insektenliebe.com\\\/it\\\/#website\"},\"primaryImageOfPage\":{\"@id\":\"https:\\\/\\\/insektenliebe.com\\\/it\\\/shop\\\/prodotto\\\/pacchetto-di-raccolta\\\/#primaryimage\"},\"image\":{\"@id\":\"https:\\\/\\\/insektenliebe.com\\\/it\\\/shop\\\/prodotto\\\/pacchetto-di-raccolta\\\/#primaryimage\"},\"thumbnailUrl\":\"https:\\\/\\\/insektenliebe.com\\\/wp-content\\\/uploads\\\/2025\\\/10\\\/Auffangpaket.jpg\",\"datePublished\":\"2025-10-09T16:51:01+00:00\",\"breadcrumb\":{\"@id\":\"https:\\\/\\\/insektenliebe.com\\\/it\\\/shop\\\/prodotto\\\/pacchetto-di-raccolta\\\/#breadcrumb\"},\"inLanguage\":\"it-IT\",\"potentialAction\":[{\"@type\":\"ReadAction\",\"target\":[\"https:\\\/\\\/insektenliebe.com\\\/it\\\/shop\\\/prodotto\\\/pacchetto-di-raccolta\\\/\"]}]},{\"@type\":\"ImageObject\",\"inLanguage\":\"it-IT\",\"@id\":\"https:\\\/\\\/insektenliebe.com\\\/it\\\/shop\\\/prodotto\\\/pacchetto-di-raccolta\\\/#primaryimage\",\"url\":\"https:\\\/\\\/insektenliebe.com\\\/wp-content\\\/uploads\\\/2025\\\/10\\\/Auffangpaket.jpg\",\"contentUrl\":\"https:\\\/\\\/insektenliebe.com\\\/wp-content\\\/uploads\\\/2025\\\/10\\\/Auffangpaket.jpg\",\"width\":820,\"height\":820,\"caption\":\"Pacchetto di raccolta\"},{\"@type\":\"BreadcrumbList\",\"@id\":\"https:\\\/\\\/insektenliebe.com\\\/it\\\/shop\\\/prodotto\\\/pacchetto-di-raccolta\\\/#breadcrumb\",\"itemListElement\":[{\"@type\":\"ListItem\",\"position\":1,\"name\":\"Startseite\",\"item\":\"https:\\\/\\\/insektenliebe.com\\\/it\\\/\"},{\"@type\":\"ListItem\",\"position\":2,\"name\":\"Negozio\",\"item\":\"https:\\\/\\\/insektenliebe.com\\\/it\\\/negozio\\\/\"},{\"@type\":\"ListItem\",\"position\":3,\"name\":\"Pacchetto di raccolta\"}]},{\"@type\":\"WebSite\",\"@id\":\"https:\\\/\\\/insektenliebe.com\\\/it\\\/#website\",\"url\":\"https:\\\/\\\/insektenliebe.com\\\/it\\\/\",\"name\":\"Insektenliebe\",\"description\":\"Dein Zuhause f\u00fcr die kleinen Lebewesen\",\"publisher\":{\"@id\":\"https:\\\/\\\/insektenliebe.com\\\/it\\\/#organization\"},\"potentialAction\":[{\"@type\":\"SearchAction\",\"target\":{\"@type\":\"EntryPoint\",\"urlTemplate\":\"https:\\\/\\\/insektenliebe.com\\\/it\\\/?s={search_term_string}\"},\"query-input\":{\"@type\":\"PropertyValueSpecification\",\"valueRequired\":true,\"valueName\":\"search_term_string\"}}],\"inLanguage\":\"it-IT\"},{\"@type\":\"Organization\",\"@id\":\"https:\\\/\\\/insektenliebe.com\\\/it\\\/#organization\",\"name\":\"Insektenliebe\",\"url\":\"https:\\\/\\\/insektenliebe.com\\\/it\\\/\",\"logo\":{\"@type\":\"ImageObject\",\"inLanguage\":\"it-IT\",\"@id\":\"https:\\\/\\\/insektenliebe.com\\\/it\\\/#\\\/schema\\\/logo\\\/image\\\/\",\"url\":\"https:\\\/\\\/insektenliebe.com\\\/wp-content\\\/uploads\\\/2025\\\/03\\\/logo-white.png\",\"contentUrl\":\"https:\\\/\\\/insektenliebe.com\\\/wp-content\\\/uploads\\\/2025\\\/03\\\/logo-white.png\",\"width\":288,\"height\":188,\"caption\":\"Insektenliebe\"},\"image\":{\"@id\":\"https:\\\/\\\/insektenliebe.com\\\/it\\\/#\\\/schema\\\/logo\\\/image\\\/\"}}]}<\/script>\n<!-- \/ Yoast SEO plugin. -->","yoast_head_json":{"title":"Pacchetto di raccolta - Insektenliebe","robots":{"index":"index","follow":"follow","max-snippet":"max-snippet:-1","max-image-preview":"max-image-preview:large","max-video-preview":"max-video-preview:-1"},"canonical":"https:\/\/insektenliebe.com\/it\/shop\/prodotto\/pacchetto-di-raccolta\/","og_locale":"it_IT","og_type":"article","og_title":"Pacchetto di raccolta - Insektenliebe","og_description":"Pacchetto di cattura - Ritorno sicuro per gli invertebrati A volte un piccolo gruppo si trasforma rapidamente in un&#8217;intera colonia e all&#8217;improvviso ce ne sono troppi. Il pacchetto di salvataggio Insektenliebe \u00e8 pensato proprio per momenti come questi. Grazie a questo kit di spedizione, potrai inviare i tuoi animali al nostro centro di soccorso in [&hellip;]","og_url":"https:\/\/insektenliebe.com\/it\/shop\/prodotto\/pacchetto-di-raccolta\/","og_site_name":"Insektenliebe","og_image":[{"width":820,"height":820,"url":"https:\/\/insektenliebe.com\/wp-content\/uploads\/2025\/10\/Auffangpaket.jpg","type":"image\/jpeg"}],"twitter_card":"summary_large_image","twitter_misc":{"Tempo di lettura stimato":"3 minuto"},"schema":{"@context":"https:\/\/schema.org","@graph":[{"@type":"WebPage","@id":"https:\/\/insektenliebe.com\/it\/shop\/prodotto\/pacchetto-di-raccolta\/","url":"https:\/\/insektenliebe.com\/it\/shop\/prodotto\/pacchetto-di-raccolta\/","name":"Pacchetto di raccolta - Insektenliebe","isPartOf":{"@id":"https:\/\/insektenliebe.com\/it\/#website"},"primaryImageOfPage":{"@id":"https:\/\/insektenliebe.com\/it\/shop\/prodotto\/pacchetto-di-raccolta\/#primaryimage"},"image":{"@id":"https:\/\/insektenliebe.com\/it\/shop\/prodotto\/pacchetto-di-raccolta\/#primaryimage"},"thumbnailUrl":"https:\/\/insektenliebe.com\/wp-content\/uploads\/2025\/10\/Auffangpaket.jpg","datePublished":"2025-10-09T16:51:01+00:00","breadcrumb":{"@id":"https:\/\/insektenliebe.com\/it\/shop\/prodotto\/pacchetto-di-raccolta\/#breadcrumb"},"inLanguage":"it-IT","potentialAction":[{"@type":"ReadAction","target":["https:\/\/insektenliebe.com\/it\/shop\/prodotto\/pacchetto-di-raccolta\/"]}]},{"@type":"ImageObject","inLanguage":"it-IT","@id":"https:\/\/insektenliebe.com\/it\/shop\/prodotto\/pacchetto-di-raccolta\/#primaryimage","url":"https:\/\/insektenliebe.com\/wp-content\/uploads\/2025\/10\/Auffangpaket.jpg","contentUrl":"https:\/\/insektenliebe.com\/wp-content\/uploads\/2025\/10\/Auffangpaket.jpg","width":820,"height":820,"caption":"Pacchetto di raccolta"},{"@type":"BreadcrumbList","@id":"https:\/\/insektenliebe.com\/it\/shop\/prodotto\/pacchetto-di-raccolta\/#breadcrumb","itemListElement":[{"@type":"ListItem","position":1,"name":"Startseite","item":"https:\/\/insektenliebe.com\/it\/"},{"@type":"ListItem","position":2,"name":"Negozio","item":"https:\/\/insektenliebe.com\/it\/negozio\/"},{"@type":"ListItem","position":3,"name":"Pacchetto di raccolta"}]},{"@type":"WebSite","@id":"https:\/\/insektenliebe.com\/it\/#website","url":"https:\/\/insektenliebe.com\/it\/","name":"Insektenliebe","description":"Dein Zuhause f\u00fcr die kleinen Lebewesen","publisher":{"@id":"https:\/\/insektenliebe.com\/it\/#organization"},"potentialAction":[{"@type":"SearchAction","target":{"@type":"EntryPoint","urlTemplate":"https:\/\/insektenliebe.com\/it\/?s={search_term_string}"},"query-input":{"@type":"PropertyValueSpecification","valueRequired":true,"valueName":"search_term_string"}}],"inLanguage":"it-IT"},{"@type":"Organization","@id":"https:\/\/insektenliebe.com\/it\/#organization","name":"Insektenliebe","url":"https:\/\/insektenliebe.com\/it\/","logo":{"@type":"ImageObject","inLanguage":"it-IT","@id":"https:\/\/insektenliebe.com\/it\/#\/schema\/logo\/image\/","url":"https:\/\/insektenliebe.com\/wp-content\/uploads\/2025\/03\/logo-white.png","contentUrl":"https:\/\/insektenliebe.com\/wp-content\/uploads\/2025\/03\/logo-white.png","width":288,"height":188,"caption":"Insektenliebe"},"image":{"@id":"https:\/\/insektenliebe.com\/it\/#\/schema\/logo\/image\/"}}]}},"_links":{"self":[{"href":"https:\/\/insektenliebe.com\/it\/wp-json\/wp\/v2\/product\/189455","targetHints":{"allow":["GET"]}}],"collection":[{"href":"https:\/\/insektenliebe.com\/it\/wp-json\/wp\/v2\/product"}],"about":[{"href":"https:\/\/insektenliebe.com\/it\/wp-json\/wp\/v2\/types\/product"}],"wp:featuredmedia":[{"embeddable":true,"href":"https:\/\/insektenliebe.com\/it\/wp-json\/wp\/v2\/media\/189466"}],"wp:attachment":[{"href":"https:\/\/insektenliebe.com\/it\/wp-json\/wp\/v2\/media?parent=189455"}],"wp:term":[{"taxonomy":"product-supplier","embeddable":true,"href":"https:\/\/insektenliebe.com\/it\/wp-json\/wp\/v2\/product-supplier?post=189455"},{"taxonomy":"product_brand","embeddable":true,"href":"https:\/\/insektenliebe.com\/it\/wp-json\/wp\/v2\/product_brand?post=189455"},{"taxonomy":"product_cat","embeddable":true,"href":"https:\/\/insektenliebe.com\/it\/wp-json\/wp\/v2\/product_cat?post=189455"},{"taxonomy":"product_tag","embeddable":true,"href":"https:\/\/insektenliebe.com\/it\/wp-json\/wp\/v2\/product_tag?post=189455"},{"taxonomy":"lce-checkout-addons","embeddable":true,"href":"https:\/\/insektenliebe.com\/it\/wp-json\/wp\/v2\/lce-checkout-addons?post=189455"}],"curies":[{"name":"wp","href":"https:\/\/api.w.org\/{rel}","templated":true}]}}