{"id":189454,"date":"2025-10-01T18:58:45","date_gmt":"2025-10-01T16:58:45","guid":{"rendered":"https:\/\/insektenliebe.com\/shop\/produkt\/terrario-di-vetro-fai-da-te-insektenbe\/"},"modified":"2025-10-01T18:58:45","modified_gmt":"2025-10-01T16:58:45","slug":"terrario-di-vetro-fai-da-te-insektenbe","status":"publish","type":"product","link":"https:\/\/insektenliebe.com\/it\/shop\/prodotto\/terrario-di-vetro-fai-da-te-insektenbe\/","title":{"rendered":"Terrario di vetro fai da te Insektenbe"},"content":{"rendered":"<h3><span style=\"color: #99cc33\"><strong><span class=\"s1\">Terrario in vetro fai da te Insektenliebe - flessibilit\u00e0, qualit\u00e0 e sicurezza in un unico prodotto<\/span><\/strong><\/span><\/h3>\n<p class=\"p1\"><span class=\"s1\">Il <strong>terrario in vetro fai da te Insektenliebe<\/strong> combina materiali di alta qualit\u00e0 e dettagli ben studiati. \u00c8 ideale per tutti coloro che apprezzano la funzionalit\u00e0, la sicurezza e il design moderno. Pu\u00f2 essere assemblato in modo semplice e veloce con sole quattro viti, anche per i principianti della terraristica.  <\/span><\/p>\n<p class=\"p1\"><span class=\"s1\">Il terrario colpisce a prima vista per il suo aspetto elegante. Il vetro posteriore discretamente oscurato crea un piacevole effetto di profondit\u00e0. Le decorazioni e le piante hanno un aspetto pi\u00f9 naturale, mentre gli animali si sentono pi\u00f9 protetti. Sul lato sinistro \u00e8 presente un&#8217;apertura con una chiusura per il passaggio dei cavi. In questo modo i cavi per i tappeti riscaldanti, i sistemi di irrigazione o l&#8217;illuminazione possono essere posati in modo ordinato, senza compromettere la stabilit\u00e0 o la sicurezza.    <\/span><\/p>\n<p class=\"p1\"><span class=\"s1\">Una caratteristica particolare \u00e8 la parete laterale destra con una superficie di garza larga 10 cm. Assicura una buona circolazione dell&#8217;aria e contribuisce a creare un microclima stabile all&#8217;interno. Il vassoio di base \u00e8 completamente impermeabile. Questo rende il terrario adatto ad allestimenti umidi o come paludario.   <\/span><\/p>\n<p class=\"p1\"><span class=\"s1\">Il coperchio rimovibile \u00e8 realizzato in robusta garza. Due aperture integrate consentono un passaggio flessibile dei cavi, ideale per lampade, fendinebbia o altre tecnologie. Gli sportelli incernierati con una serratura sulla parte anteriore facilitano la manutenzione quotidiana. Gli sportelli possono essere aperti, il che facilita la pulizia. Allo stesso tempo, la serratura protegge dall&#8217;accesso non autorizzato: una soluzione pratica quando ci sono mani indiscrete nelle vicinanze.    <\/span><\/p>\n<p class=\"p1\"><span class=\"s1\">Il <strong>terrario in vetro fai da te Insektenliebe<\/strong> \u00e8 una soluzione ben studiata per tenere rettili, ragni, serpenti, fasmidi, scorpioni, isopodi, gechi e altri invertebrati. Grazie al suo design funzionale, alla lavorazione di alta qualit\u00e0 e al look moderno, soddisfa sia le esigenze dei tuoi animali che le tue necessit\u00e0 di custode. <\/span><\/p>\n","protected":false},"excerpt":{"rendered":"<p>Terrario in vetro fai da te Insektenliebe - flessibilit\u00e0, qualit\u00e0 e sicurezza in un unico prodotto Il terrario in vetro fai da te Insektenliebe combina materiali di alta qualit\u00e0 e dettagli ben studiati. \u00c8 ideale per tutti coloro che apprezzano la funzionalit\u00e0, la sicurezza e il design moderno. Pu\u00f2 essere assemblato in modo semplice e [&hellip;]<\/p>\n","protected":false},"featured_media":189459,"template":"","meta":{"_acf_changed":false},"product-supplier":[2686],"product_brand":[2853],"product_cat":[2760],"product_tag":[],"lce-checkout-addons":[],"class_list":{"0":"post-189454","1":"product","2":"type-product","3":"status-publish","4":"has-post-thumbnail","6":"product_brand-insektenliebe","7":"product_cat-terrari-e-contenitori","8":"product_shipping_class-equipment-shipping","10":"first","11":"instock","12":"taxable","13":"shipping-taxable","14":"purchasable","15":"product-type-variable"},"acf":[],"yoast_head":"<!-- This site is optimized with the Yoast SEO plugin v27.3 - https:\/\/yoast.com\/product\/yoast-seo-wordpress\/ -->\n<title>Terrario di vetro fai da te Insektenbe - Insektenliebe<\/title>\n<meta name=\"description\" content=\"Terrario in vetro fai da te Insektenliebe con serratura, coperchio in garza, guida per il cavo e parete posteriore colorata: sicuro, impermeabile e flessibile.\" \/>\n<meta name=\"robots\" content=\"index, follow, max-snippet:-1, max-image-preview:large, max-video-preview:-1\" \/>\n<link rel=\"canonical\" href=\"https:\/\/insektenliebe.com\/it\/shop\/prodotto\/terrario-di-vetro-fai-da-te-insektenbe\/\" \/>\n<meta property=\"og:locale\" content=\"it_IT\" \/>\n<meta property=\"og:type\" content=\"article\" \/>\n<meta property=\"og:title\" content=\"Terrario di vetro fai da te Insektenbe - Insektenliebe\" \/>\n<meta property=\"og:description\" content=\"Terrario in vetro fai da te Insektenliebe con serratura, coperchio in garza, guida per il cavo e parete posteriore colorata: sicuro, impermeabile e flessibile.\" \/>\n<meta property=\"og:url\" content=\"https:\/\/insektenliebe.com\/it\/shop\/prodotto\/terrario-di-vetro-fai-da-te-insektenbe\/\" \/>\n<meta property=\"og:site_name\" content=\"Insektenliebe\" \/>\n<meta property=\"og:image\" content=\"https:\/\/insektenliebe.com\/wp-content\/uploads\/2025\/09\/Insektenliebe-Selbstbau-Glasterrarium.jpg\" \/>\n\t<meta property=\"og:image:width\" content=\"820\" \/>\n\t<meta property=\"og:image:height\" content=\"820\" \/>\n\t<meta property=\"og:image:type\" content=\"image\/jpeg\" \/>\n<meta name=\"twitter:card\" content=\"summary_large_image\" \/>\n<meta name=\"twitter:label1\" content=\"Tempo di lettura stimato\" \/>\n\t<meta name=\"twitter:data1\" content=\"2 minuto\" \/>\n<script type=\"application\/ld+json\" class=\"yoast-schema-graph\">{\"@context\":\"https:\\\/\\\/schema.org\",\"@graph\":[{\"@type\":\"WebPage\",\"@id\":\"https:\\\/\\\/insektenliebe.com\\\/it\\\/shop\\\/prodotto\\\/terrario-di-vetro-fai-da-te-insektenbe\\\/\",\"url\":\"https:\\\/\\\/insektenliebe.com\\\/it\\\/shop\\\/prodotto\\\/terrario-di-vetro-fai-da-te-insektenbe\\\/\",\"name\":\"Terrario di vetro fai da te Insektenbe - Insektenliebe\",\"isPartOf\":{\"@id\":\"https:\\\/\\\/insektenliebe.com\\\/it\\\/#website\"},\"primaryImageOfPage\":{\"@id\":\"https:\\\/\\\/insektenliebe.com\\\/it\\\/shop\\\/prodotto\\\/terrario-di-vetro-fai-da-te-insektenbe\\\/#primaryimage\"},\"image\":{\"@id\":\"https:\\\/\\\/insektenliebe.com\\\/it\\\/shop\\\/prodotto\\\/terrario-di-vetro-fai-da-te-insektenbe\\\/#primaryimage\"},\"thumbnailUrl\":\"https:\\\/\\\/insektenliebe.com\\\/wp-content\\\/uploads\\\/2025\\\/09\\\/Insektenliebe-Selbstbau-Glasterrarium.jpg\",\"datePublished\":\"2025-10-01T16:58:45+00:00\",\"description\":\"Terrario in vetro fai da te Insektenliebe con serratura, coperchio in garza, guida per il cavo e parete posteriore colorata: sicuro, impermeabile e flessibile.\",\"breadcrumb\":{\"@id\":\"https:\\\/\\\/insektenliebe.com\\\/it\\\/shop\\\/prodotto\\\/terrario-di-vetro-fai-da-te-insektenbe\\\/#breadcrumb\"},\"inLanguage\":\"it-IT\",\"potentialAction\":[{\"@type\":\"ReadAction\",\"target\":[\"https:\\\/\\\/insektenliebe.com\\\/it\\\/shop\\\/prodotto\\\/terrario-di-vetro-fai-da-te-insektenbe\\\/\"]}]},{\"@type\":\"ImageObject\",\"inLanguage\":\"it-IT\",\"@id\":\"https:\\\/\\\/insektenliebe.com\\\/it\\\/shop\\\/prodotto\\\/terrario-di-vetro-fai-da-te-insektenbe\\\/#primaryimage\",\"url\":\"https:\\\/\\\/insektenliebe.com\\\/wp-content\\\/uploads\\\/2025\\\/09\\\/Insektenliebe-Selbstbau-Glasterrarium.jpg\",\"contentUrl\":\"https:\\\/\\\/insektenliebe.com\\\/wp-content\\\/uploads\\\/2025\\\/09\\\/Insektenliebe-Selbstbau-Glasterrarium.jpg\",\"width\":820,\"height\":820,\"caption\":\"Terrario di vetro fai da te Insektenbe\"},{\"@type\":\"BreadcrumbList\",\"@id\":\"https:\\\/\\\/insektenliebe.com\\\/it\\\/shop\\\/prodotto\\\/terrario-di-vetro-fai-da-te-insektenbe\\\/#breadcrumb\",\"itemListElement\":[{\"@type\":\"ListItem\",\"position\":1,\"name\":\"Startseite\",\"item\":\"https:\\\/\\\/insektenliebe.com\\\/it\\\/\"},{\"@type\":\"ListItem\",\"position\":2,\"name\":\"Negozio\",\"item\":\"https:\\\/\\\/insektenliebe.com\\\/it\\\/negozio\\\/\"},{\"@type\":\"ListItem\",\"position\":3,\"name\":\"Terrario di vetro fai da te Insektenbe\"}]},{\"@type\":\"WebSite\",\"@id\":\"https:\\\/\\\/insektenliebe.com\\\/it\\\/#website\",\"url\":\"https:\\\/\\\/insektenliebe.com\\\/it\\\/\",\"name\":\"Insektenliebe\",\"description\":\"Dein Zuhause f\u00fcr die kleinen Lebewesen\",\"publisher\":{\"@id\":\"https:\\\/\\\/insektenliebe.com\\\/it\\\/#organization\"},\"potentialAction\":[{\"@type\":\"SearchAction\",\"target\":{\"@type\":\"EntryPoint\",\"urlTemplate\":\"https:\\\/\\\/insektenliebe.com\\\/it\\\/?s={search_term_string}\"},\"query-input\":{\"@type\":\"PropertyValueSpecification\",\"valueRequired\":true,\"valueName\":\"search_term_string\"}}],\"inLanguage\":\"it-IT\"},{\"@type\":\"Organization\",\"@id\":\"https:\\\/\\\/insektenliebe.com\\\/it\\\/#organization\",\"name\":\"Insektenliebe\",\"url\":\"https:\\\/\\\/insektenliebe.com\\\/it\\\/\",\"logo\":{\"@type\":\"ImageObject\",\"inLanguage\":\"it-IT\",\"@id\":\"https:\\\/\\\/insektenliebe.com\\\/it\\\/#\\\/schema\\\/logo\\\/image\\\/\",\"url\":\"https:\\\/\\\/insektenliebe.com\\\/wp-content\\\/uploads\\\/2025\\\/03\\\/logo-white.png\",\"contentUrl\":\"https:\\\/\\\/insektenliebe.com\\\/wp-content\\\/uploads\\\/2025\\\/03\\\/logo-white.png\",\"width\":288,\"height\":188,\"caption\":\"Insektenliebe\"},\"image\":{\"@id\":\"https:\\\/\\\/insektenliebe.com\\\/it\\\/#\\\/schema\\\/logo\\\/image\\\/\"}}]}<\/script>\n<!-- \/ Yoast SEO plugin. -->","yoast_head_json":{"title":"Terrario di vetro fai da te Insektenbe - Insektenliebe","description":"Terrario in vetro fai da te Insektenliebe con serratura, coperchio in garza, guida per il cavo e parete posteriore colorata: sicuro, impermeabile e flessibile.","robots":{"index":"index","follow":"follow","max-snippet":"max-snippet:-1","max-image-preview":"max-image-preview:large","max-video-preview":"max-video-preview:-1"},"canonical":"https:\/\/insektenliebe.com\/it\/shop\/prodotto\/terrario-di-vetro-fai-da-te-insektenbe\/","og_locale":"it_IT","og_type":"article","og_title":"Terrario di vetro fai da te Insektenbe - Insektenliebe","og_description":"Terrario in vetro fai da te Insektenliebe con serratura, coperchio in garza, guida per il cavo e parete posteriore colorata: sicuro, impermeabile e flessibile.","og_url":"https:\/\/insektenliebe.com\/it\/shop\/prodotto\/terrario-di-vetro-fai-da-te-insektenbe\/","og_site_name":"Insektenliebe","og_image":[{"width":820,"height":820,"url":"https:\/\/insektenliebe.com\/wp-content\/uploads\/2025\/09\/Insektenliebe-Selbstbau-Glasterrarium.jpg","type":"image\/jpeg"}],"twitter_card":"summary_large_image","twitter_misc":{"Tempo di lettura stimato":"2 minuto"},"schema":{"@context":"https:\/\/schema.org","@graph":[{"@type":"WebPage","@id":"https:\/\/insektenliebe.com\/it\/shop\/prodotto\/terrario-di-vetro-fai-da-te-insektenbe\/","url":"https:\/\/insektenliebe.com\/it\/shop\/prodotto\/terrario-di-vetro-fai-da-te-insektenbe\/","name":"Terrario di vetro fai da te Insektenbe - Insektenliebe","isPartOf":{"@id":"https:\/\/insektenliebe.com\/it\/#website"},"primaryImageOfPage":{"@id":"https:\/\/insektenliebe.com\/it\/shop\/prodotto\/terrario-di-vetro-fai-da-te-insektenbe\/#primaryimage"},"image":{"@id":"https:\/\/insektenliebe.com\/it\/shop\/prodotto\/terrario-di-vetro-fai-da-te-insektenbe\/#primaryimage"},"thumbnailUrl":"https:\/\/insektenliebe.com\/wp-content\/uploads\/2025\/09\/Insektenliebe-Selbstbau-Glasterrarium.jpg","datePublished":"2025-10-01T16:58:45+00:00","description":"Terrario in vetro fai da te Insektenliebe con serratura, coperchio in garza, guida per il cavo e parete posteriore colorata: sicuro, impermeabile e flessibile.","breadcrumb":{"@id":"https:\/\/insektenliebe.com\/it\/shop\/prodotto\/terrario-di-vetro-fai-da-te-insektenbe\/#breadcrumb"},"inLanguage":"it-IT","potentialAction":[{"@type":"ReadAction","target":["https:\/\/insektenliebe.com\/it\/shop\/prodotto\/terrario-di-vetro-fai-da-te-insektenbe\/"]}]},{"@type":"ImageObject","inLanguage":"it-IT","@id":"https:\/\/insektenliebe.com\/it\/shop\/prodotto\/terrario-di-vetro-fai-da-te-insektenbe\/#primaryimage","url":"https:\/\/insektenliebe.com\/wp-content\/uploads\/2025\/09\/Insektenliebe-Selbstbau-Glasterrarium.jpg","contentUrl":"https:\/\/insektenliebe.com\/wp-content\/uploads\/2025\/09\/Insektenliebe-Selbstbau-Glasterrarium.jpg","width":820,"height":820,"caption":"Terrario di vetro fai da te Insektenbe"},{"@type":"BreadcrumbList","@id":"https:\/\/insektenliebe.com\/it\/shop\/prodotto\/terrario-di-vetro-fai-da-te-insektenbe\/#breadcrumb","itemListElement":[{"@type":"ListItem","position":1,"name":"Startseite","item":"https:\/\/insektenliebe.com\/it\/"},{"@type":"ListItem","position":2,"name":"Negozio","item":"https:\/\/insektenliebe.com\/it\/negozio\/"},{"@type":"ListItem","position":3,"name":"Terrario di vetro fai da te Insektenbe"}]},{"@type":"WebSite","@id":"https:\/\/insektenliebe.com\/it\/#website","url":"https:\/\/insektenliebe.com\/it\/","name":"Insektenliebe","description":"Dein Zuhause f\u00fcr die kleinen Lebewesen","publisher":{"@id":"https:\/\/insektenliebe.com\/it\/#organization"},"potentialAction":[{"@type":"SearchAction","target":{"@type":"EntryPoint","urlTemplate":"https:\/\/insektenliebe.com\/it\/?s={search_term_string}"},"query-input":{"@type":"PropertyValueSpecification","valueRequired":true,"valueName":"search_term_string"}}],"inLanguage":"it-IT"},{"@type":"Organization","@id":"https:\/\/insektenliebe.com\/it\/#organization","name":"Insektenliebe","url":"https:\/\/insektenliebe.com\/it\/","logo":{"@type":"ImageObject","inLanguage":"it-IT","@id":"https:\/\/insektenliebe.com\/it\/#\/schema\/logo\/image\/","url":"https:\/\/insektenliebe.com\/wp-content\/uploads\/2025\/03\/logo-white.png","contentUrl":"https:\/\/insektenliebe.com\/wp-content\/uploads\/2025\/03\/logo-white.png","width":288,"height":188,"caption":"Insektenliebe"},"image":{"@id":"https:\/\/insektenliebe.com\/it\/#\/schema\/logo\/image\/"}}]}},"_links":{"self":[{"href":"https:\/\/insektenliebe.com\/it\/wp-json\/wp\/v2\/product\/189454","targetHints":{"allow":["GET"]}}],"collection":[{"href":"https:\/\/insektenliebe.com\/it\/wp-json\/wp\/v2\/product"}],"about":[{"href":"https:\/\/insektenliebe.com\/it\/wp-json\/wp\/v2\/types\/product"}],"wp:featuredmedia":[{"embeddable":true,"href":"https:\/\/insektenliebe.com\/it\/wp-json\/wp\/v2\/media\/189459"}],"wp:attachment":[{"href":"https:\/\/insektenliebe.com\/it\/wp-json\/wp\/v2\/media?parent=189454"}],"wp:term":[{"taxonomy":"product-supplier","embeddable":true,"href":"https:\/\/insektenliebe.com\/it\/wp-json\/wp\/v2\/product-supplier?post=189454"},{"taxonomy":"product_brand","embeddable":true,"href":"https:\/\/insektenliebe.com\/it\/wp-json\/wp\/v2\/product_brand?post=189454"},{"taxonomy":"product_cat","embeddable":true,"href":"https:\/\/insektenliebe.com\/it\/wp-json\/wp\/v2\/product_cat?post=189454"},{"taxonomy":"product_tag","embeddable":true,"href":"https:\/\/insektenliebe.com\/it\/wp-json\/wp\/v2\/product_tag?post=189454"},{"taxonomy":"lce-checkout-addons","embeddable":true,"href":"https:\/\/insektenliebe.com\/it\/wp-json\/wp\/v2\/lce-checkout-addons?post=189454"}],"curies":[{"name":"wp","href":"https:\/\/api.w.org\/{rel}","templated":true}]}}