{"id":189429,"date":"2023-06-25T15:27:00","date_gmt":"2023-06-25T13:27:00","guid":{"rendered":"https:\/\/insektenliebe.com\/shop\/produkt\/osso-di-dinosauro-exo-terra\/"},"modified":"2026-03-03T11:46:10","modified_gmt":"2026-03-03T10:46:10","slug":"osso-di-dinosauro-exo-terra","status":"publish","type":"product","link":"https:\/\/insektenliebe.com\/it\/shop\/prodotto\/osso-di-dinosauro-exo-terra\/","title":{"rendered":"Osso di dinosauro Exo Terra"},"content":{"rendered":"<h3><span class=\"s1\" style=\"color: #99cc33;\">Osso di dinosauro Exo Terra - Naturalmente integrabile<\/span><\/h3>\n<p class=\"p1\"><span class=\"s1\">Il <\/span><strong><span class=\"s2\">Osso di dinosauro Exo Terra<\/span><\/strong><span class=\"s1\">  porta nel tuo terrario un impressionante pizzico di preistoria. Con il suo design realistico a forma di osso, crea un&#8217;atmosfera straordinaria e allo stesso tempo funge da grotta funzionale per il terrario. Questo ti permette di combinare l&#8217;effetto decorativo con l&#8217;uso pratico.  <\/span><\/p>\n<p class=\"p1\"><span class=\"s1\">La struttura superficiale realistica e la colorazione autentica rendono l&#8217;osso simile a un reperto fossile. Allo stesso tempo, si integra armoniosamente in un&#8217;ampia variet\u00e0 di terrari. Che si tratti di un terrario nel deserto, di un terrario nella foresta pluviale o di un paludario, questo elemento decorativo offre un accento sorprendente senza apparire innaturale.  <\/span><\/p>\n<p class=\"p1\"><span class=\"s1\">Oltre al suo effetto visivo, l&#8217;osso di dinosauro svolge un&#8217;importante funzione. Offre ai tuoi rettili, anfibi o invertebrati un rifugio protetto. Gli animali cercano regolarmente dei nascondigli per evitare lo stress o per sentirsi al sicuro. Con questo osso puoi creare proprio questo spazio protetto e favorire cos\u00ec il comportamento naturale degli abitanti del tuo terrario.   <\/span><\/p>\n<p class=\"p1\"><span class=\"s1\">L&#8217;osso diventa particolarmente versatile se lo riempi di muschio per terrari. In questo modo si crea un microclima umido all&#8217;interno, ideale per le specie con maggiori esigenze di umidit\u00e0. Allo stesso tempo, puoi supportare le fasi di muta o simulare una cosiddetta wet box. Questo aumenta notevolmente i vantaggi funzionali.   <\/span><\/p>\n<p class=\"p1\"><span class=\"s1\">L&#8217;<strong>osso di dinosauro Exo Terra<\/strong> \u00e8 realizzato in resina sintetica di alta qualit\u00e0, sicura per gli alimenti. Questo materiale \u00e8 atossico, impermeabile ed estremamente resistente. Puoi pulire facilmente la grotta sotto l&#8217;acqua corrente senza danneggiarne la struttura o il colore. Il materiale rimane stabile anche in ambienti permanentemente umidi.   <\/span><\/p>\n<p class=\"p1\"><span class=\"s1\">Grazie alla sua struttura stabile, l&#8217;osso \u00e8 adatto sia ai terrari piccoli che a quelli pi\u00f9 grandi. Pu\u00f2 essere integrato in modo flessibile e pu\u00f2 fungere da elemento centrale di design o da rifugio nascosto tra piante e radici. <\/span><\/p>\n<p class=\"p1\"><span class=\"s1\">Il <\/span><span class=\"s2\">Osso di dinosauro Exo Terra<\/span><span class=\"s1\">  combina un aspetto primordiale con una funzionalit\u00e0 sofisticata. Se vuoi dare al tuo terrario struttura, carattere e allo stesso tempo un riparo sicuro, questa \u00e8 una decorazione per terrari durevole, facile da curare e di grande effetto. <\/span><\/p>\n","protected":false},"excerpt":{"rendered":"<p>Osso di dinosauro Exo Terra - Naturalmente integrabile Il Osso di dinosauro Exo Terra porta nel tuo terrario un impressionante pizzico di preistoria. Con il suo design realistico a forma di osso, crea un&#8217;atmosfera straordinaria e allo stesso tempo funge da grotta funzionale per il terrario. Questo ti permette di combinare l&#8217;effetto decorativo con l&#8217;uso [&hellip;]<\/p>\n","protected":false},"featured_media":189430,"template":"","meta":{"_acf_changed":false},"product-supplier":[2554],"product_brand":[3027],"product_cat":[2740],"product_tag":[],"lce-checkout-addons":[],"class_list":{"0":"post-189429","1":"product","2":"type-product","3":"status-publish","4":"has-post-thumbnail","6":"product_brand-exo-terra","7":"product_cat-arredamento-e-decorazione","8":"product_shipping_class-equipment-shipping","10":"first","11":"instock","12":"sale","13":"taxable","14":"shipping-taxable","15":"purchasable","16":"product-type-simple"},"acf":[],"yoast_head":"<!-- This site is optimized with the Yoast SEO plugin v27.3 - https:\/\/yoast.com\/product\/yoast-seo-wordpress\/ -->\n<title>Osso di dinosauro Exo Terra - Insektenliebe<\/title>\n<meta name=\"description\" content=\"Acquista a buon mercato le ossa di dinosauro Exo Terra direttamente online. La decorazione perfetta per il terrario che ti ispirer\u00e0.\" \/>\n<meta name=\"robots\" content=\"index, follow, max-snippet:-1, max-image-preview:large, max-video-preview:-1\" \/>\n<link rel=\"canonical\" href=\"https:\/\/insektenliebe.com\/it\/shop\/prodotto\/osso-di-dinosauro-exo-terra\/\" \/>\n<meta property=\"og:locale\" content=\"it_IT\" \/>\n<meta property=\"og:type\" content=\"article\" \/>\n<meta property=\"og:title\" content=\"Osso di dinosauro Exo Terra - Insektenliebe\" \/>\n<meta property=\"og:description\" content=\"Acquista a buon mercato le ossa di dinosauro Exo Terra direttamente online. La decorazione perfetta per il terrario che ti ispirer\u00e0.\" \/>\n<meta property=\"og:url\" content=\"https:\/\/insektenliebe.com\/it\/shop\/prodotto\/osso-di-dinosauro-exo-terra\/\" \/>\n<meta property=\"og:site_name\" content=\"Insektenliebe\" \/>\n<meta property=\"article:modified_time\" content=\"2026-03-03T10:46:10+00:00\" \/>\n<meta property=\"og:image\" content=\"https:\/\/insektenliebe.com\/wp-content\/uploads\/2025\/05\/Exo-Terra-Dinosaurier-Knochen-mit-Hoehle-2.jpg\" \/>\n\t<meta property=\"og:image:width\" content=\"820\" \/>\n\t<meta property=\"og:image:height\" content=\"820\" \/>\n\t<meta property=\"og:image:type\" content=\"image\/jpeg\" \/>\n<meta name=\"twitter:card\" content=\"summary_large_image\" \/>\n<meta name=\"twitter:label1\" content=\"Tempo di lettura stimato\" \/>\n\t<meta name=\"twitter:data1\" content=\"2 minuto\" \/>\n<script type=\"application\/ld+json\" class=\"yoast-schema-graph\">{\"@context\":\"https:\\\/\\\/schema.org\",\"@graph\":[{\"@type\":\"WebPage\",\"@id\":\"https:\\\/\\\/insektenliebe.com\\\/it\\\/shop\\\/prodotto\\\/osso-di-dinosauro-exo-terra\\\/\",\"url\":\"https:\\\/\\\/insektenliebe.com\\\/it\\\/shop\\\/prodotto\\\/osso-di-dinosauro-exo-terra\\\/\",\"name\":\"Osso di dinosauro Exo Terra - Insektenliebe\",\"isPartOf\":{\"@id\":\"https:\\\/\\\/insektenliebe.com\\\/it\\\/#website\"},\"primaryImageOfPage\":{\"@id\":\"https:\\\/\\\/insektenliebe.com\\\/it\\\/shop\\\/prodotto\\\/osso-di-dinosauro-exo-terra\\\/#primaryimage\"},\"image\":{\"@id\":\"https:\\\/\\\/insektenliebe.com\\\/it\\\/shop\\\/prodotto\\\/osso-di-dinosauro-exo-terra\\\/#primaryimage\"},\"thumbnailUrl\":\"https:\\\/\\\/insektenliebe.com\\\/wp-content\\\/uploads\\\/2025\\\/05\\\/Exo-Terra-Dinosaurier-Knochen-mit-Hoehle-2.jpg\",\"datePublished\":\"2023-06-25T13:27:00+00:00\",\"dateModified\":\"2026-03-03T10:46:10+00:00\",\"description\":\"Acquista a buon mercato le ossa di dinosauro Exo Terra direttamente online. La decorazione perfetta per il terrario che ti ispirer\u00e0.\",\"breadcrumb\":{\"@id\":\"https:\\\/\\\/insektenliebe.com\\\/it\\\/shop\\\/prodotto\\\/osso-di-dinosauro-exo-terra\\\/#breadcrumb\"},\"inLanguage\":\"it-IT\",\"potentialAction\":[{\"@type\":\"ReadAction\",\"target\":[\"https:\\\/\\\/insektenliebe.com\\\/it\\\/shop\\\/prodotto\\\/osso-di-dinosauro-exo-terra\\\/\"]}]},{\"@type\":\"ImageObject\",\"inLanguage\":\"it-IT\",\"@id\":\"https:\\\/\\\/insektenliebe.com\\\/it\\\/shop\\\/prodotto\\\/osso-di-dinosauro-exo-terra\\\/#primaryimage\",\"url\":\"https:\\\/\\\/insektenliebe.com\\\/wp-content\\\/uploads\\\/2025\\\/05\\\/Exo-Terra-Dinosaurier-Knochen-mit-Hoehle-2.jpg\",\"contentUrl\":\"https:\\\/\\\/insektenliebe.com\\\/wp-content\\\/uploads\\\/2025\\\/05\\\/Exo-Terra-Dinosaurier-Knochen-mit-Hoehle-2.jpg\",\"width\":820,\"height\":820,\"caption\":\"Exo-terra-dinosauro-osso-con-caverna-2.jpg\"},{\"@type\":\"BreadcrumbList\",\"@id\":\"https:\\\/\\\/insektenliebe.com\\\/it\\\/shop\\\/prodotto\\\/osso-di-dinosauro-exo-terra\\\/#breadcrumb\",\"itemListElement\":[{\"@type\":\"ListItem\",\"position\":1,\"name\":\"Startseite\",\"item\":\"https:\\\/\\\/insektenliebe.com\\\/it\\\/\"},{\"@type\":\"ListItem\",\"position\":2,\"name\":\"Negozio\",\"item\":\"https:\\\/\\\/insektenliebe.com\\\/it\\\/negozio\\\/\"},{\"@type\":\"ListItem\",\"position\":3,\"name\":\"Osso di dinosauro Exo Terra\"}]},{\"@type\":\"WebSite\",\"@id\":\"https:\\\/\\\/insektenliebe.com\\\/it\\\/#website\",\"url\":\"https:\\\/\\\/insektenliebe.com\\\/it\\\/\",\"name\":\"Insektenliebe\",\"description\":\"Dein Zuhause f\u00fcr die kleinen Lebewesen\",\"publisher\":{\"@id\":\"https:\\\/\\\/insektenliebe.com\\\/it\\\/#organization\"},\"potentialAction\":[{\"@type\":\"SearchAction\",\"target\":{\"@type\":\"EntryPoint\",\"urlTemplate\":\"https:\\\/\\\/insektenliebe.com\\\/it\\\/?s={search_term_string}\"},\"query-input\":{\"@type\":\"PropertyValueSpecification\",\"valueRequired\":true,\"valueName\":\"search_term_string\"}}],\"inLanguage\":\"it-IT\"},{\"@type\":\"Organization\",\"@id\":\"https:\\\/\\\/insektenliebe.com\\\/it\\\/#organization\",\"name\":\"Insektenliebe\",\"url\":\"https:\\\/\\\/insektenliebe.com\\\/it\\\/\",\"logo\":{\"@type\":\"ImageObject\",\"inLanguage\":\"it-IT\",\"@id\":\"https:\\\/\\\/insektenliebe.com\\\/it\\\/#\\\/schema\\\/logo\\\/image\\\/\",\"url\":\"https:\\\/\\\/insektenliebe.com\\\/wp-content\\\/uploads\\\/2025\\\/03\\\/logo-white.png\",\"contentUrl\":\"https:\\\/\\\/insektenliebe.com\\\/wp-content\\\/uploads\\\/2025\\\/03\\\/logo-white.png\",\"width\":288,\"height\":188,\"caption\":\"Insektenliebe\"},\"image\":{\"@id\":\"https:\\\/\\\/insektenliebe.com\\\/it\\\/#\\\/schema\\\/logo\\\/image\\\/\"}}]}<\/script>\n<!-- \/ Yoast SEO plugin. -->","yoast_head_json":{"title":"Osso di dinosauro Exo Terra - Insektenliebe","description":"Acquista a buon mercato le ossa di dinosauro Exo Terra direttamente online. La decorazione perfetta per il terrario che ti ispirer\u00e0.","robots":{"index":"index","follow":"follow","max-snippet":"max-snippet:-1","max-image-preview":"max-image-preview:large","max-video-preview":"max-video-preview:-1"},"canonical":"https:\/\/insektenliebe.com\/it\/shop\/prodotto\/osso-di-dinosauro-exo-terra\/","og_locale":"it_IT","og_type":"article","og_title":"Osso di dinosauro Exo Terra - Insektenliebe","og_description":"Acquista a buon mercato le ossa di dinosauro Exo Terra direttamente online. La decorazione perfetta per il terrario che ti ispirer\u00e0.","og_url":"https:\/\/insektenliebe.com\/it\/shop\/prodotto\/osso-di-dinosauro-exo-terra\/","og_site_name":"Insektenliebe","article_modified_time":"2026-03-03T10:46:10+00:00","og_image":[{"width":820,"height":820,"url":"https:\/\/insektenliebe.com\/wp-content\/uploads\/2025\/05\/Exo-Terra-Dinosaurier-Knochen-mit-Hoehle-2.jpg","type":"image\/jpeg"}],"twitter_card":"summary_large_image","twitter_misc":{"Tempo di lettura stimato":"2 minuto"},"schema":{"@context":"https:\/\/schema.org","@graph":[{"@type":"WebPage","@id":"https:\/\/insektenliebe.com\/it\/shop\/prodotto\/osso-di-dinosauro-exo-terra\/","url":"https:\/\/insektenliebe.com\/it\/shop\/prodotto\/osso-di-dinosauro-exo-terra\/","name":"Osso di dinosauro Exo Terra - Insektenliebe","isPartOf":{"@id":"https:\/\/insektenliebe.com\/it\/#website"},"primaryImageOfPage":{"@id":"https:\/\/insektenliebe.com\/it\/shop\/prodotto\/osso-di-dinosauro-exo-terra\/#primaryimage"},"image":{"@id":"https:\/\/insektenliebe.com\/it\/shop\/prodotto\/osso-di-dinosauro-exo-terra\/#primaryimage"},"thumbnailUrl":"https:\/\/insektenliebe.com\/wp-content\/uploads\/2025\/05\/Exo-Terra-Dinosaurier-Knochen-mit-Hoehle-2.jpg","datePublished":"2023-06-25T13:27:00+00:00","dateModified":"2026-03-03T10:46:10+00:00","description":"Acquista a buon mercato le ossa di dinosauro Exo Terra direttamente online. La decorazione perfetta per il terrario che ti ispirer\u00e0.","breadcrumb":{"@id":"https:\/\/insektenliebe.com\/it\/shop\/prodotto\/osso-di-dinosauro-exo-terra\/#breadcrumb"},"inLanguage":"it-IT","potentialAction":[{"@type":"ReadAction","target":["https:\/\/insektenliebe.com\/it\/shop\/prodotto\/osso-di-dinosauro-exo-terra\/"]}]},{"@type":"ImageObject","inLanguage":"it-IT","@id":"https:\/\/insektenliebe.com\/it\/shop\/prodotto\/osso-di-dinosauro-exo-terra\/#primaryimage","url":"https:\/\/insektenliebe.com\/wp-content\/uploads\/2025\/05\/Exo-Terra-Dinosaurier-Knochen-mit-Hoehle-2.jpg","contentUrl":"https:\/\/insektenliebe.com\/wp-content\/uploads\/2025\/05\/Exo-Terra-Dinosaurier-Knochen-mit-Hoehle-2.jpg","width":820,"height":820,"caption":"Exo-terra-dinosauro-osso-con-caverna-2.jpg"},{"@type":"BreadcrumbList","@id":"https:\/\/insektenliebe.com\/it\/shop\/prodotto\/osso-di-dinosauro-exo-terra\/#breadcrumb","itemListElement":[{"@type":"ListItem","position":1,"name":"Startseite","item":"https:\/\/insektenliebe.com\/it\/"},{"@type":"ListItem","position":2,"name":"Negozio","item":"https:\/\/insektenliebe.com\/it\/negozio\/"},{"@type":"ListItem","position":3,"name":"Osso di dinosauro Exo Terra"}]},{"@type":"WebSite","@id":"https:\/\/insektenliebe.com\/it\/#website","url":"https:\/\/insektenliebe.com\/it\/","name":"Insektenliebe","description":"Dein Zuhause f\u00fcr die kleinen Lebewesen","publisher":{"@id":"https:\/\/insektenliebe.com\/it\/#organization"},"potentialAction":[{"@type":"SearchAction","target":{"@type":"EntryPoint","urlTemplate":"https:\/\/insektenliebe.com\/it\/?s={search_term_string}"},"query-input":{"@type":"PropertyValueSpecification","valueRequired":true,"valueName":"search_term_string"}}],"inLanguage":"it-IT"},{"@type":"Organization","@id":"https:\/\/insektenliebe.com\/it\/#organization","name":"Insektenliebe","url":"https:\/\/insektenliebe.com\/it\/","logo":{"@type":"ImageObject","inLanguage":"it-IT","@id":"https:\/\/insektenliebe.com\/it\/#\/schema\/logo\/image\/","url":"https:\/\/insektenliebe.com\/wp-content\/uploads\/2025\/03\/logo-white.png","contentUrl":"https:\/\/insektenliebe.com\/wp-content\/uploads\/2025\/03\/logo-white.png","width":288,"height":188,"caption":"Insektenliebe"},"image":{"@id":"https:\/\/insektenliebe.com\/it\/#\/schema\/logo\/image\/"}}]}},"_links":{"self":[{"href":"https:\/\/insektenliebe.com\/it\/wp-json\/wp\/v2\/product\/189429","targetHints":{"allow":["GET"]}}],"collection":[{"href":"https:\/\/insektenliebe.com\/it\/wp-json\/wp\/v2\/product"}],"about":[{"href":"https:\/\/insektenliebe.com\/it\/wp-json\/wp\/v2\/types\/product"}],"wp:featuredmedia":[{"embeddable":true,"href":"https:\/\/insektenliebe.com\/it\/wp-json\/wp\/v2\/media\/189430"}],"wp:attachment":[{"href":"https:\/\/insektenliebe.com\/it\/wp-json\/wp\/v2\/media?parent=189429"}],"wp:term":[{"taxonomy":"product-supplier","embeddable":true,"href":"https:\/\/insektenliebe.com\/it\/wp-json\/wp\/v2\/product-supplier?post=189429"},{"taxonomy":"product_brand","embeddable":true,"href":"https:\/\/insektenliebe.com\/it\/wp-json\/wp\/v2\/product_brand?post=189429"},{"taxonomy":"product_cat","embeddable":true,"href":"https:\/\/insektenliebe.com\/it\/wp-json\/wp\/v2\/product_cat?post=189429"},{"taxonomy":"product_tag","embeddable":true,"href":"https:\/\/insektenliebe.com\/it\/wp-json\/wp\/v2\/product_tag?post=189429"},{"taxonomy":"lce-checkout-addons","embeddable":true,"href":"https:\/\/insektenliebe.com\/it\/wp-json\/wp\/v2\/lce-checkout-addons?post=189429"}],"curies":[{"name":"wp","href":"https:\/\/api.w.org\/{rel}","templated":true}]}}